{"id":5155,"date":"2023-09-11T10:19:06","date_gmt":"2023-09-11T08:19:06","guid":{"rendered":"https:\/\/www.camping-les-genets.fr\/saint-come-d-olt\/"},"modified":"2024-01-11T10:57:37","modified_gmt":"2024-01-11T09:57:37","slug":"tourisme-saint-come-d-olt","status":"publish","type":"page","link":"https:\/\/www.camping-les-genets.fr\/nl\/tourisme-saint-come-d-olt\/","title":{"rendered":"Saint-C\u00f4me-d&#8217;Olt"},"content":{"rendered":"<section id=\"ls-section-block_3fe47a5a42afdcfd892cd633f771d07a\" class=\"ls-section  page-chapeau has-p-b p-b-0\" >\r\n        <div class=\"container \">\r\n        \n\n<h1 class=\"ls__heading wp-block-heading has-text-align-center animated fadeInLeft delay-100ms slow\"><strong>Saint-C\u00f4me-d&#8217;Olt<\/strong><\/h1>\n\n\r\n    <\/div>\r\n<\/section><section id=\"ls-section-block_6394c2bb2427006fa9b62431848b5f2d\" class=\"ls-section  page-one has-p-b p-b-14\" >\r\n        <div class=\"container container--full\">\r\n        \n\n<div class=\"wp-block-columns is-layout-flex wp-container-core-columns-is-layout-9d6595d7 wp-block-columns-is-layout-flex\">\n<div class=\"wp-block-column first is-layout-flow wp-block-column-is-layout-flow\" style=\"flex-basis:66.66%\">\n<figure class=\"wp-block-image size-full\"><img decoding=\"async\" width=\"2560\" height=\"1707\" src=\"https:\/\/www.camping-les-genets.fr\/wp-content\/uploads\/2023\/09\/Village-de-Saint-Come-d-Olt-en-Aveyron-au-bord-de-la-riviere-Lot-en-France-scaled.webp\" alt=\"Dorp Saint C&#xF4;me d' Olt in Aveyron aan de oever van de rivier de Lot in Frankrijk\" class=\"wp-image-1620\" style=\"aspect-ratio:4\/3;object-fit:cover\" srcset=\"https:\/\/www.camping-les-genets.fr\/wp-content\/uploads\/2023\/09\/Village-de-Saint-Come-d-Olt-en-Aveyron-au-bord-de-la-riviere-Lot-en-France-scaled.webp 2560w, https:\/\/www.camping-les-genets.fr\/wp-content\/uploads\/2023\/09\/Village-de-Saint-Come-d-Olt-en-Aveyron-au-bord-de-la-riviere-Lot-en-France-300x200.webp 300w, https:\/\/www.camping-les-genets.fr\/wp-content\/uploads\/2023\/09\/Village-de-Saint-Come-d-Olt-en-Aveyron-au-bord-de-la-riviere-Lot-en-France-1024x683.webp 1024w, https:\/\/www.camping-les-genets.fr\/wp-content\/uploads\/2023\/09\/Village-de-Saint-Come-d-Olt-en-Aveyron-au-bord-de-la-riviere-Lot-en-France-768x512.webp 768w, https:\/\/www.camping-les-genets.fr\/wp-content\/uploads\/2023\/09\/Village-de-Saint-Come-d-Olt-en-Aveyron-au-bord-de-la-riviere-Lot-en-France-1536x1024.webp 1536w, https:\/\/www.camping-les-genets.fr\/wp-content\/uploads\/2023\/09\/Village-de-Saint-Come-d-Olt-en-Aveyron-au-bord-de-la-riviere-Lot-en-France-2048x1365.webp 2048w\" sizes=\"(max-width: 2560px) 100vw, 2560px\" \/><\/figure>\n<\/div>\n\n\n\n<div class=\"wp-block-column is-vertically-aligned-center second has-color-white-background-color has-background is-layout-flow wp-block-column-is-layout-flow\" style=\"flex-basis:33.33%\">\n<h2 class=\"ls__heading wp-block-heading\"><strong>Vakantie<\/strong> in Saint C\u00f4me d&#8217;Olt<\/h2>\n\n\n\n<p class=\"ls-paragraph\"><a href=\"https:\/\/www.saint-come-olt.com\/\" target=\"_blank\" rel=\"noreferrer noopener\">Saint-C\u00f4me-d&#8217;Olt<\/a>, 60 km ten noorden van de <a href=\"https:\/\/www.camping-les-genets.fr\/nl\/\">camping in Aveyron<\/a>, is een van de 10 dorpen in Aveyron die op de lijst staan van <strong>&#8220;Mooiste dorpen van Frankrijk&#8221;<\/strong>.<\/p>\n\n\n\n<p class=\"ls-paragraph\">Dit <strong>middeleeuwse dorp<\/strong> ligt in het hart van de Lot-vallei en valt op door zijn cirkelvormige plattegrond rond het 12e-eeuwse kasteel en de 16e-eeuwse kerk. Saint-C\u00f4me-d&#8217;Olt ligt op de route van de pelgrimsroute naar Santiago de Compostela en heeft <strong>veel geklasseerde monumenten<\/strong> om te ontdekken. De charme van Saint-C\u00f4me-d&#8217;Olt ligt in de bevoorrechte locatie aan de oevers van de Lot. Vanaf de camping is het slechts een uur rijden naar Saint-C\u00f4me.<\/p>\n\n\n\n<p class=\"ls-paragraph\">Het dorp Saint-C\u00f4me ontwikkelde zich in de 12e eeuw rond het <strong>kasteel van de heren van Calmont d&#8217;Olt<\/strong>. De <strong>versterkte<\/strong> cirkelvormige stad was toegankelijk via 3 poorten die er vandaag nog steeds zijn: de<strong>kerk van de heerlijkheid<\/strong>, met zijn typische flamboyante gotische architectuur. Het onderscheidende kenmerk is de gedraaide klokkentoren, ook wel &#8220;gevlamd&#8221; genoemd.<\/p>\n\n\n\n<p class=\"ls-paragraph\">Net buiten het dorp biedt het <strong>klooster van Malet<\/strong> pelgrims op de pelgrimsroute naar Santiago de Compostela een uitzonderlijke omgeving om van hun tussenstop te genieten.<\/p>\n<\/div>\n<\/div>\n\n\r\n    <\/div>\r\n<\/section><section id=\"ls-section-block_d8e5d92b96da8d285cbcc187fa885962\" class=\"ls-section \" >\r\n        <div class=\"container container--wide\">\r\n        \n\n<div class=\"wp-block-columns is-layout-flex wp-container-core-columns-is-layout-9d6595d7 wp-block-columns-is-layout-flex\">\n<div class=\"wp-block-column first is-layout-flow wp-block-column-is-layout-flow\">\n<h2 class=\"ls__heading wp-block-heading\">Routebeschrijving <strong>camping Saint C\u00f4me d&#8217;Olt<\/strong><\/h2>\n\n\n\n<p class=\"ls-paragraph\">Met de auto duurt het ongeveer een uur om de <a href=\"https:\/\/www.camping-les-genets.fr\/nl\/camping-saint-come-d-olt\/\">camping bij Saint-C\u00f4me-d&#8217;Olt<\/a> te bereiken.<\/p>\n\n\n\n<p class=\"ls-paragraph\">Rijd vanaf camping Les Gen\u00eats in de richting van Salles-Curan, Canet-de-Salars en zijn mooie kerk Saint-Pierre, S\u00e9gur en vervolgens Laissac. Volg de D28 richting Palmas en Gabriac tot je Espalion bereikt. <strong>Espalion heeft een interessant erfgoed<\/strong> (de kerk Saint-Jean-Baptiste, de kerk Saint-Michel de Calmont d&#8217;Olt, de kapel P\u00e9nitents, de kapel Perse), waar je op weg van of naar Espalion de tijd voor kunt nemen. De weg tussen Espalion en Saint-C\u00f4me-d&#8217;Olt loopt langs de rivier de Lot en biedt een <strong>prachtig landschap<\/strong>.<\/p>\n<\/div>\n\n\n\n<div class=\"wp-block-column is-vertically-aligned-center second is-layout-flow wp-block-column-is-layout-flow\" style=\"flex-basis:800px\">\n<iframe src=\"https:\/\/www.google.com\/maps\/embed?pb=!1m28!1m12!1m3!1d182596.6972323332!2d2.562231423025819!3d44.349543440916676!2m3!1f0!2f0!3f0!3m2!1i1024!2i768!4f13.1!4m13!3e0!4m5!1s0x12b2683ba8eaa029%3A0x9e3dc1bbe65d1b4b!2sCamping%20les%20Gen%C3%AAts%20%7C%20Camping%20Aveyron%2C%20Lac%20de%20Pareloup%2C%20Salles-Curan!3m2!1d44.1894481!2d2.7667329!4m5!1s0x12b2ed9fbaca3861%3A0x406f69c2f430b20!2sSaint-C%C3%B4me-d'Olt!3m2!1d44.515336!2d2.81481!5e0!3m2!1sfr!2sfr!4v1694601082738!5m2!1sfr!2sfr\" width=\"800\" height=\"600\" style=\"border:0;\" allowfullscreen=\"\" loading=\"lazy\" referrerpolicy=\"no-referrer-when-downgrade\"><\/iframe>\n<\/div>\n<\/div>\n\n\r\n    <\/div>\r\n<\/section><section id=\"ls-section-block_9d6243c5ce1a3c371d368022cd7562a7\" class=\"ls-section  page-maillage has-p-t p-t-14 has-p-b p-b-14\" >\r\n        <div class=\"container container--wide\">\r\n        \n\n<div id=\"ls-heading ls-titre-div-block_fa0b7f69b346a101cac88fb4aa5f5d25\" class=\"ls-titre-div aligncenter h2-like has-m-b m-b-8\" >\n    Ontdek Roquefort, Aubrac koeien en Brousse le Ch\u00e2teau!<\/div>\n\n\n<div id=\"ls-maillage-block_3a36eab783023753183ade81f42c2ebc\" class=\"ls-maillage slow animated fadeInUp delay-100ms cta-style-normal\" data-rows=\"3\">\r\n    <div class=\"wp-block-columns\"><div class=\"wp-block-column\">\n\n<a href=\"https:\/\/www.camping-les-genets.fr\/nl\/brousse-le-chateau\/\" target=\"\" rel=\"noopener\" class=\"ls-cta__link\">\n\n\t<div class=\"ls-cta__image\"><img decoding=\"async\" src=\"https:\/\/www.camping-les-genets.fr\/wp-content\/uploads\/2023\/09\/Chateau-en-Aveyron-768x511.webp\" alt=\"Kasteel in Aveyron\"><\/div>\n\t<div class=\"ls-cta__title\">\n\t\tHet kasteel\t<\/div>\n\n\t\t\n<\/a><\/div><div class=\"wp-block-column\">\n\n<a href=\"https:\/\/www.camping-les-genets.fr\/nl\/tourisme-roquefort\/\" target=\"\" rel=\"noopener\" class=\"ls-cta__link\">\n\n\t<div class=\"ls-cta__image\"><img decoding=\"async\" src=\"https:\/\/www.camping-les-genets.fr\/wp-content\/uploads\/2023\/09\/Fromage-roquefort-768x960.webp\" alt=\"Roquefort kaas\"><\/div>\n\t<div class=\"ls-cta__title\">\n\t\tKelders van Roquefort\t<\/div>\n\n\t\t\n<\/a><\/div><div class=\"wp-block-column\">\n\n<a href=\"https:\/\/www.camping-les-genets.fr\/nl\/tourisme-aubrac\/\" target=\"\" rel=\"noopener\" class=\"ls-cta__link\">\n\n\t<div class=\"ls-cta__image\"><img decoding=\"async\" src=\"https:\/\/www.camping-les-genets.fr\/wp-content\/uploads\/2023\/09\/Vaches-a-Aubrac-768x1036.webp\" alt=\"Koeien in Aubrac\"><\/div>\n\t<div class=\"ls-cta__title\">\n\t\tAubrac koeien\t<\/div>\n\n\t\t\n<\/a><\/div><\/div><\/div>\n\r\n    <\/div>\r\n<\/section>","protected":false},"excerpt":{"rendered":"","protected":false},"author":1,"featured_media":1631,"parent":0,"menu_order":0,"comment_status":"closed","ping_status":"closed","template":"","meta":{"_acf_changed":false,"inline_featured_image":false,"footnotes":""},"sujet":[],"class_list":["post-5155","page","type-page","status-publish","has-post-thumbnail","hentry"],"acf":[],"yoast_head":"<!-- This site is optimized with the Yoast SEO plugin v27.3 - https:\/\/yoast.com\/product\/yoast-seo-wordpress\/ -->\n<title>Saint Come d&#039;Olt: Sehensw\u00fcrdigkeiten und Aktivit\u00e4ten in Saint Come d&#039;Olt im Aveyron<\/title>\n<meta name=\"description\" content=\"Op zoek naar een camping in Saint C\u00f4me d&#039;Olt? Camping Les Gen\u00eats **** heet u welkom in de Aveyron en presenteert zijn activiteiten in Saint C\u00f4me d&#039;Olt\" \/>\n<meta name=\"robots\" content=\"index, follow, max-snippet:-1, max-image-preview:large, max-video-preview:-1\" \/>\n<link rel=\"canonical\" href=\"https:\/\/www.camping-les-genets.fr\/nl\/tourisme-saint-come-d-olt\/\" \/>\n<meta property=\"og:locale\" content=\"nl_NL\" \/>\n<meta property=\"og:type\" content=\"article\" \/>\n<meta property=\"og:title\" content=\"Saint Come d&#039;Olt: Sehensw\u00fcrdigkeiten und Aktivit\u00e4ten in Saint Come d&#039;Olt im Aveyron\" \/>\n<meta property=\"og:description\" content=\"Op zoek naar een camping in Saint C\u00f4me d&#039;Olt? Camping Les Gen\u00eats **** heet u welkom in de Aveyron en presenteert zijn activiteiten in Saint C\u00f4me d&#039;Olt\" \/>\n<meta property=\"og:url\" content=\"https:\/\/www.camping-les-genets.fr\/nl\/tourisme-saint-come-d-olt\/\" \/>\n<meta property=\"og:site_name\" content=\"Camping les Genets\" \/>\n<meta property=\"article:modified_time\" content=\"2024-01-11T09:57:37+00:00\" \/>\n<meta property=\"og:image\" content=\"https:\/\/www.camping-les-genets.fr\/wp-content\/uploads\/2023\/09\/Village-de-Saint-Come-d-Olt-en-Aveyron-scaled.webp\" \/>\n\t<meta property=\"og:image:width\" content=\"2560\" \/>\n\t<meta property=\"og:image:height\" content=\"1707\" \/>\n\t<meta property=\"og:image:type\" content=\"image\/webp\" \/>\n<meta name=\"twitter:card\" content=\"summary_large_image\" \/>\n<meta name=\"twitter:label1\" content=\"Geschatte leestijd\" \/>\n\t<meta name=\"twitter:data1\" content=\"1 minuut\" \/>\n<script type=\"application\/ld+json\" class=\"yoast-schema-graph\">{\"@context\":\"https:\\\/\\\/schema.org\",\"@graph\":[{\"@type\":\"WebPage\",\"@id\":\"https:\\\/\\\/www.camping-les-genets.fr\\\/nl\\\/tourisme-saint-come-d-olt\\\/\",\"url\":\"https:\\\/\\\/www.camping-les-genets.fr\\\/nl\\\/tourisme-saint-come-d-olt\\\/\",\"name\":\"Saint Come d'Olt: Sehensw\u00fcrdigkeiten und Aktivit\u00e4ten in Saint Come d'Olt im Aveyron\",\"isPartOf\":{\"@id\":\"https:\\\/\\\/www.camping-les-genets.fr\\\/nl\\\/#website\"},\"primaryImageOfPage\":{\"@id\":\"https:\\\/\\\/www.camping-les-genets.fr\\\/nl\\\/tourisme-saint-come-d-olt\\\/#primaryimage\"},\"image\":{\"@id\":\"https:\\\/\\\/www.camping-les-genets.fr\\\/nl\\\/tourisme-saint-come-d-olt\\\/#primaryimage\"},\"thumbnailUrl\":\"https:\\\/\\\/www.camping-les-genets.fr\\\/wp-content\\\/uploads\\\/2023\\\/09\\\/Village-de-Saint-Come-d-Olt-en-Aveyron-scaled.webp\",\"datePublished\":\"2023-09-11T08:19:06+00:00\",\"dateModified\":\"2024-01-11T09:57:37+00:00\",\"description\":\"Op zoek naar een camping in Saint C\u00f4me d'Olt? Camping Les Gen\u00eats **** heet u welkom in de Aveyron en presenteert zijn activiteiten in Saint C\u00f4me d'Olt\",\"breadcrumb\":{\"@id\":\"https:\\\/\\\/www.camping-les-genets.fr\\\/nl\\\/tourisme-saint-come-d-olt\\\/#breadcrumb\"},\"inLanguage\":\"nl-NL\",\"potentialAction\":[{\"@type\":\"ReadAction\",\"target\":[\"https:\\\/\\\/www.camping-les-genets.fr\\\/nl\\\/tourisme-saint-come-d-olt\\\/\"]}]},{\"@type\":\"ImageObject\",\"inLanguage\":\"nl-NL\",\"@id\":\"https:\\\/\\\/www.camping-les-genets.fr\\\/nl\\\/tourisme-saint-come-d-olt\\\/#primaryimage\",\"url\":\"https:\\\/\\\/www.camping-les-genets.fr\\\/wp-content\\\/uploads\\\/2023\\\/09\\\/Village-de-Saint-Come-d-Olt-en-Aveyron-scaled.webp\",\"contentUrl\":\"https:\\\/\\\/www.camping-les-genets.fr\\\/wp-content\\\/uploads\\\/2023\\\/09\\\/Village-de-Saint-Come-d-Olt-en-Aveyron-scaled.webp\",\"width\":2560,\"height\":1707,\"caption\":\"Dorp Saint C\u00f4me d' Olt in Aveyron\"},{\"@type\":\"BreadcrumbList\",\"@id\":\"https:\\\/\\\/www.camping-les-genets.fr\\\/nl\\\/tourisme-saint-come-d-olt\\\/#breadcrumb\",\"itemListElement\":[{\"@type\":\"ListItem\",\"position\":1,\"name\":\"Camping Aveyron\",\"item\":\"https:\\\/\\\/www.camping-les-genets.fr\\\/nl\\\/\"},{\"@type\":\"ListItem\",\"position\":2,\"name\":\"Saint-C\u00f4me-d&#8217;Olt\"}]},{\"@type\":\"WebSite\",\"@id\":\"https:\\\/\\\/www.camping-les-genets.fr\\\/nl\\\/#website\",\"url\":\"https:\\\/\\\/www.camping-les-genets.fr\\\/nl\\\/\",\"name\":\"Camping les Genets\",\"description\":\"\",\"publisher\":{\"@id\":\"https:\\\/\\\/www.camping-les-genets.fr\\\/nl\\\/#organization\"},\"potentialAction\":[{\"@type\":\"SearchAction\",\"target\":{\"@type\":\"EntryPoint\",\"urlTemplate\":\"https:\\\/\\\/www.camping-les-genets.fr\\\/nl\\\/?s={search_term_string}\"},\"query-input\":{\"@type\":\"PropertyValueSpecification\",\"valueRequired\":true,\"valueName\":\"search_term_string\"}}],\"inLanguage\":\"nl-NL\"},{\"@type\":\"Organization\",\"@id\":\"https:\\\/\\\/www.camping-les-genets.fr\\\/nl\\\/#organization\",\"name\":\"Camping les Genets\",\"url\":\"https:\\\/\\\/www.camping-les-genets.fr\\\/nl\\\/\",\"logo\":{\"@type\":\"ImageObject\",\"inLanguage\":\"nl-NL\",\"@id\":\"https:\\\/\\\/www.camping-les-genets.fr\\\/nl\\\/#\\\/schema\\\/logo\\\/image\\\/\",\"url\":\"https:\\\/\\\/www.camping-les-genets.fr\\\/wp-content\\\/uploads\\\/2023\\\/07\\\/cropped-logo-camping-genets-footer.png\",\"contentUrl\":\"https:\\\/\\\/www.camping-les-genets.fr\\\/wp-content\\\/uploads\\\/2023\\\/07\\\/cropped-logo-camping-genets-footer.png\",\"width\":500,\"height\":295,\"caption\":\"Camping les Genets\"},\"image\":{\"@id\":\"https:\\\/\\\/www.camping-les-genets.fr\\\/nl\\\/#\\\/schema\\\/logo\\\/image\\\/\"}}]}<\/script>\n<!-- \/ Yoast SEO plugin. -->","yoast_head_json":{"title":"Saint Come d'Olt: Sehensw\u00fcrdigkeiten und Aktivit\u00e4ten in Saint Come d'Olt im Aveyron","description":"Op zoek naar een camping in Saint C\u00f4me d'Olt? Camping Les Gen\u00eats **** heet u welkom in de Aveyron en presenteert zijn activiteiten in Saint C\u00f4me d'Olt","robots":{"index":"index","follow":"follow","max-snippet":"max-snippet:-1","max-image-preview":"max-image-preview:large","max-video-preview":"max-video-preview:-1"},"canonical":"https:\/\/www.camping-les-genets.fr\/nl\/tourisme-saint-come-d-olt\/","og_locale":"nl_NL","og_type":"article","og_title":"Saint Come d'Olt: Sehensw\u00fcrdigkeiten und Aktivit\u00e4ten in Saint Come d'Olt im Aveyron","og_description":"Op zoek naar een camping in Saint C\u00f4me d'Olt? Camping Les Gen\u00eats **** heet u welkom in de Aveyron en presenteert zijn activiteiten in Saint C\u00f4me d'Olt","og_url":"https:\/\/www.camping-les-genets.fr\/nl\/tourisme-saint-come-d-olt\/","og_site_name":"Camping les Genets","article_modified_time":"2024-01-11T09:57:37+00:00","og_image":[{"width":2560,"height":1707,"url":"https:\/\/www.camping-les-genets.fr\/wp-content\/uploads\/2023\/09\/Village-de-Saint-Come-d-Olt-en-Aveyron-scaled.webp","type":"image\/webp"}],"twitter_card":"summary_large_image","twitter_misc":{"Geschatte leestijd":"1 minuut"},"schema":{"@context":"https:\/\/schema.org","@graph":[{"@type":"WebPage","@id":"https:\/\/www.camping-les-genets.fr\/nl\/tourisme-saint-come-d-olt\/","url":"https:\/\/www.camping-les-genets.fr\/nl\/tourisme-saint-come-d-olt\/","name":"Saint Come d'Olt: Sehensw\u00fcrdigkeiten und Aktivit\u00e4ten in Saint Come d'Olt im Aveyron","isPartOf":{"@id":"https:\/\/www.camping-les-genets.fr\/nl\/#website"},"primaryImageOfPage":{"@id":"https:\/\/www.camping-les-genets.fr\/nl\/tourisme-saint-come-d-olt\/#primaryimage"},"image":{"@id":"https:\/\/www.camping-les-genets.fr\/nl\/tourisme-saint-come-d-olt\/#primaryimage"},"thumbnailUrl":"https:\/\/www.camping-les-genets.fr\/wp-content\/uploads\/2023\/09\/Village-de-Saint-Come-d-Olt-en-Aveyron-scaled.webp","datePublished":"2023-09-11T08:19:06+00:00","dateModified":"2024-01-11T09:57:37+00:00","description":"Op zoek naar een camping in Saint C\u00f4me d'Olt? Camping Les Gen\u00eats **** heet u welkom in de Aveyron en presenteert zijn activiteiten in Saint C\u00f4me d'Olt","breadcrumb":{"@id":"https:\/\/www.camping-les-genets.fr\/nl\/tourisme-saint-come-d-olt\/#breadcrumb"},"inLanguage":"nl-NL","potentialAction":[{"@type":"ReadAction","target":["https:\/\/www.camping-les-genets.fr\/nl\/tourisme-saint-come-d-olt\/"]}]},{"@type":"ImageObject","inLanguage":"nl-NL","@id":"https:\/\/www.camping-les-genets.fr\/nl\/tourisme-saint-come-d-olt\/#primaryimage","url":"https:\/\/www.camping-les-genets.fr\/wp-content\/uploads\/2023\/09\/Village-de-Saint-Come-d-Olt-en-Aveyron-scaled.webp","contentUrl":"https:\/\/www.camping-les-genets.fr\/wp-content\/uploads\/2023\/09\/Village-de-Saint-Come-d-Olt-en-Aveyron-scaled.webp","width":2560,"height":1707,"caption":"Dorp Saint C\u00f4me d' Olt in Aveyron"},{"@type":"BreadcrumbList","@id":"https:\/\/www.camping-les-genets.fr\/nl\/tourisme-saint-come-d-olt\/#breadcrumb","itemListElement":[{"@type":"ListItem","position":1,"name":"Camping Aveyron","item":"https:\/\/www.camping-les-genets.fr\/nl\/"},{"@type":"ListItem","position":2,"name":"Saint-C\u00f4me-d&#8217;Olt"}]},{"@type":"WebSite","@id":"https:\/\/www.camping-les-genets.fr\/nl\/#website","url":"https:\/\/www.camping-les-genets.fr\/nl\/","name":"Camping les Genets","description":"","publisher":{"@id":"https:\/\/www.camping-les-genets.fr\/nl\/#organization"},"potentialAction":[{"@type":"SearchAction","target":{"@type":"EntryPoint","urlTemplate":"https:\/\/www.camping-les-genets.fr\/nl\/?s={search_term_string}"},"query-input":{"@type":"PropertyValueSpecification","valueRequired":true,"valueName":"search_term_string"}}],"inLanguage":"nl-NL"},{"@type":"Organization","@id":"https:\/\/www.camping-les-genets.fr\/nl\/#organization","name":"Camping les Genets","url":"https:\/\/www.camping-les-genets.fr\/nl\/","logo":{"@type":"ImageObject","inLanguage":"nl-NL","@id":"https:\/\/www.camping-les-genets.fr\/nl\/#\/schema\/logo\/image\/","url":"https:\/\/www.camping-les-genets.fr\/wp-content\/uploads\/2023\/07\/cropped-logo-camping-genets-footer.png","contentUrl":"https:\/\/www.camping-les-genets.fr\/wp-content\/uploads\/2023\/07\/cropped-logo-camping-genets-footer.png","width":500,"height":295,"caption":"Camping les Genets"},"image":{"@id":"https:\/\/www.camping-les-genets.fr\/nl\/#\/schema\/logo\/image\/"}}]}},"_links":{"self":[{"href":"https:\/\/www.camping-les-genets.fr\/nl\/wp-json\/wp\/v2\/pages\/5155","targetHints":{"allow":["GET"]}}],"collection":[{"href":"https:\/\/www.camping-les-genets.fr\/nl\/wp-json\/wp\/v2\/pages"}],"about":[{"href":"https:\/\/www.camping-les-genets.fr\/nl\/wp-json\/wp\/v2\/types\/page"}],"author":[{"embeddable":true,"href":"https:\/\/www.camping-les-genets.fr\/nl\/wp-json\/wp\/v2\/users\/1"}],"replies":[{"embeddable":true,"href":"https:\/\/www.camping-les-genets.fr\/nl\/wp-json\/wp\/v2\/comments?post=5155"}],"version-history":[{"count":2,"href":"https:\/\/www.camping-les-genets.fr\/nl\/wp-json\/wp\/v2\/pages\/5155\/revisions"}],"predecessor-version":[{"id":5863,"href":"https:\/\/www.camping-les-genets.fr\/nl\/wp-json\/wp\/v2\/pages\/5155\/revisions\/5863"}],"wp:featuredmedia":[{"embeddable":true,"href":"https:\/\/www.camping-les-genets.fr\/nl\/wp-json\/wp\/v2\/media\/1631"}],"wp:attachment":[{"href":"https:\/\/www.camping-les-genets.fr\/nl\/wp-json\/wp\/v2\/media?parent=5155"}],"wp:term":[{"taxonomy":"sujet","embeddable":true,"href":"https:\/\/www.camping-les-genets.fr\/nl\/wp-json\/wp\/v2\/sujet?post=5155"}],"curies":[{"name":"wp","href":"https:\/\/api.w.org\/{rel}","templated":true}]}}