{"id":5083,"date":"2023-07-27T13:20:46","date_gmt":"2023-07-27T11:20:46","guid":{"rendered":"https:\/\/www.camping-les-genets.fr\/pareloup-meer\/"},"modified":"2025-07-25T16:23:22","modified_gmt":"2025-07-25T14:23:22","slug":"pareloup-meer","status":"publish","type":"page","link":"https:\/\/www.camping-les-genets.fr\/nl\/pareloup-meer\/","title":{"rendered":"Pareloup meer"},"content":{"rendered":"<section id=\"ls-section-block_b423f4991ec3db7d31a2c4cda442ee1b\" class=\"ls-section  page-chapeau has-p-b p-b-0\" >\r\n        <div class=\"container \">\r\n        \n\n<h1 class=\"ls__heading wp-block-heading has-text-align-center animated fadeInLeft delay-100ms slow\"><strong>Het meer van Pareloup<\/strong> en de <strong>mooiste meren in Aveyron<\/strong><\/h1>\n\n\r\n    <\/div>\r\n<\/section><section id=\"ls-section-block_b423f4991ec3db7d31a2c4cda442ee1b\" class=\"ls-section  page-chapeau has-p-b p-b-0\" >\r\n        <div class=\"container \">\r\n        \n\n<h2 class=\"ls__heading wp-block-heading has-text-align-center\"><strong>Vakantie aan de oevers van het meer van<\/strong> Pareloup in Salles Curan<\/h2>\n\n\n\n<p class=\"ls-paragraph has-text-align-center\">Campingclub Les Gen\u00eats is ideaal gelegen aan de oevers van<strong> het meer van Pareloup<\/strong> in een bevoorrechte omgeving.<\/p>\n\n\n\n<p class=\"ls-paragraph has-text-align-center\">Voor een vakantie met je voeten in het water biedt onze <a href=\"https:\/\/www.camping-les-genets.fr\/nl\/\">camping aan het Lac de Pareloup<\/a> accommodaties aan het strand, met permanente directe toegang tot het meer en de recreatievoorzieningen: waterspelen, vissteigers, watersportclubs. Sommige van onze kampeerplaatsen hebben een ongelooflijke ligging op slechts een paar meter van het water.<\/p>\n\n\r\n    <\/div>\r\n<\/section><section id=\"ls-section-block_1c615d3bdaa832597d779f67f3cd939c\" class=\"ls-section  page-one has-p-b p-b-14\" >\r\n        <div class=\"container container--full\">\r\n        \n\n<div class=\"wp-block-columns is-layout-flex wp-container-core-columns-is-layout-9d6595d7 wp-block-columns-is-layout-flex\">\n<div class=\"wp-block-column first is-layout-flow wp-block-column-is-layout-flow\" style=\"flex-basis:66.66%\">\n<figure class=\"wp-block-image size-full\"><img decoding=\"async\" width=\"2560\" height=\"1707\" src=\"https:\/\/www.camping-les-genets.fr\/wp-content\/uploads\/2023\/09\/Jet-ski-sur-le-Lac-de-Paraloup-scaled.webp\" alt=\"Jetski&#xEB;n op het meer van Paraloup\" class=\"wp-image-1986\" srcset=\"https:\/\/www.camping-les-genets.fr\/wp-content\/uploads\/2023\/09\/Jet-ski-sur-le-Lac-de-Paraloup-scaled.webp 2560w, https:\/\/www.camping-les-genets.fr\/wp-content\/uploads\/2023\/09\/Jet-ski-sur-le-Lac-de-Paraloup-300x200.webp 300w, https:\/\/www.camping-les-genets.fr\/wp-content\/uploads\/2023\/09\/Jet-ski-sur-le-Lac-de-Paraloup-1024x683.webp 1024w, https:\/\/www.camping-les-genets.fr\/wp-content\/uploads\/2023\/09\/Jet-ski-sur-le-Lac-de-Paraloup-768x512.webp 768w, https:\/\/www.camping-les-genets.fr\/wp-content\/uploads\/2023\/09\/Jet-ski-sur-le-Lac-de-Paraloup-1536x1024.webp 1536w, https:\/\/www.camping-les-genets.fr\/wp-content\/uploads\/2023\/09\/Jet-ski-sur-le-Lac-de-Paraloup-2048x1365.webp 2048w\" sizes=\"(max-width: 2560px) 100vw, 2560px\" \/><\/figure>\n<\/div>\n\n\n\n<div class=\"wp-block-column is-vertically-aligned-center second has-color-white-background-color has-background is-layout-flow wp-block-column-is-layout-flow\" style=\"flex-basis:33.33%\">\n<h2 class=\"ls__heading wp-block-heading\">Een breed scala aan <strong>activiteiten<\/strong> voor <strong>het hele gezin<\/strong><\/h2>\n\n\n\n<p class=\"ls-paragraph\"><strong>Wakecamp Pareloup<\/strong><\/p>\n\n\n\n<p class=\"ls-paragraph\">Ontdek tot groot genoegen van jong en oud watersporten zoals wakeboarden, waterski\u00ebn en sleepboeien bij <strong>Lac de Pareloup<\/strong>.<a href=\"https:\/\/youtu.be\/8P1EghtY6GE\" target=\"_blank\" rel=\"noreferrer noopener\">(https:\/\/youtu.be\/8P1EghtY6GE)<\/a> <\/p>\n\n\n\n<p class=\"ls-paragraph\">De basis van <a href=\"https:\/\/pareloupwakecamp.fr\/\" target=\"_blank\" rel=\"noreferrer noopener\">Pareloup Wakecamp<\/a> ligt op een steenworp afstand van de camping en op sommige dagen halen ze je zelfs op van de ponton van de camping!<\/p>\n\n\n\n<p class=\"ls-paragraph\"><strong>Natuur<\/strong><\/p>\n\n\n\n<p class=\"ls-paragraph addReadMore showlesscontent\"><a href=\"https:\/\/www.facebook.com\/people\/OK-Plong%C3%A9e-Nature\/100063473495596\/\" target=\"_blank\" rel=\"noreferrer noopener\">Ok Plong\u00e9e Nature<\/a> biedt een ongewone activiteit. Ga met David mee onder water om de schoonheid van het onderwaterleven van Lac de Pareloup te ontdekken. Elke week (hoogseizoen) kun je genieten van een doop in ons zwembad.<br\/><br\/>Op afspraak kan hij je ophalen van de camping voor een duik in het meer of de Gorges du Tarn.<br\/><br\/><strong>Grimpe et Cimes<\/strong><br\/><br\/><a href=\"https:\/\/grimpe-et-cimes.com\/\" target=\"_blank\" rel=\"noreferrer noopener\">Grimpe et Cimes<\/a> ligt op ongeveer 10 minuten van de camping. Deze site biedt canyoning, boomklimmen (verschillende niveaus) en paintball. Het is een uitje voor het hele gezin, en vooral tieners zullen het geweldig vinden om mee te gaan!<br\/><br\/><strong><a href=\"https:\/\/cyvp.com\/?option=com_content&amp;view=category&amp;layout=blog&amp;id=19&amp;Itemid=119\" target=\"_blank\" rel=\"noreferrer noopener\">CYVP<\/a><\/strong><br\/><br\/>Een zeilschool tegenover de camping aan het meer! Als je al weet hoe je met een zeilboot om moet gaan, kun je er bij hen een huren. Je kinderen kunnen in de zomer een cursus volgen.<br\/><br\/><strong><a href=\"https:\/\/ecuriedebannes.ffe.com\/\" target=\"_blank\" rel=\"noreferrer noopener\">De stallen van Bannes<\/a><\/strong><br\/><br\/>In de zomer kun je onder begeleiding van een gediplomeerde instructeur paardrijden voor tochten van een, twee of een halve dag (beginners of gevorderden). Wat is er magischer dan een pony- of paardrijtocht in de prachtige natuur van L\u00e9v\u00e9zou?<br\/><br\/><a href=\"https:\/\/www.tourisme-aveyron.com\/fr\/decouvrir\/les-territoires-aveyron\/pareloup-levezou\/plages\" target=\"_blank\" rel=\"noreferrer noopener\">Meer informatie over de meren van Pareloup en L\u00e9v\u00e9zou<\/a><\/p>\n<\/div>\n<\/div>\n\n\r\n    <\/div>\r\n<\/section><section id=\"ls-section-block_39609f14116acdfc5f8d97b7602fed1a\" class=\"ls-section  page-two background-blu-right has-p-t p-t-14\" >\r\n        <div class=\"container container--wide\">\r\n        \n\n<div class=\"wp-block-columns is-layout-flex wp-container-core-columns-is-layout-9d6595d7 wp-block-columns-is-layout-flex\">\n<div class=\"wp-block-column is-vertically-aligned-top first is-layout-flow wp-block-column-is-layout-flow\" style=\"flex-basis:33.33%\">\n<h2 class=\"ls__heading wp-block-heading\">Het<strong> grootste meer<\/strong> in Aveyron<\/h2>\n\n\n\n<p class=\"ls-paragraph\">Soms overschaduwd door de beroemde kloven van de Tarn, hebben de meren van Aveyron alle ingredi\u00ebnten om natuurliefhebbers te verbazen.<\/p>\n\n\n\n<p class=\"ls-paragraph\">Vanaf de camping bereik je snel het meer van Villefranche-de-Panat in het zuiden, het meer van Gourde, evenals het meer van Bage en het meer van Pont-de-Salars verder naar het noorden. Al deze meren liggen binnen een straal van minder dan 10 km van de camping.  <\/p>\n\n\n\n<p class=\"ls-paragraph addReadMore showlesscontent\">Hoewel ze allemaal hun eigen charme hebben, zul je aan het eind van je ontdekkingstocht tot dezelfde conclusie komen: Lac de Pareloup is het mooiste meer van Aveyron. Je zult worden verleid door de contouren en oevers van het meer, onder de indruk zijn van de grootte (12 km\u00b2) en blij zijn om alle activiteiten te ontdekken die je er kunt doen: vissen, wandelingen en verhuur van materiaal bij de watersportcentra&#8230; Vanuit de lucht gezien lijkt het stuwmeer van Pareloup op een van die Canadese of Nieuw-Zeelandse meren die je uitnodigen om er even tussenuit te gaan.<br\/>Boek je vakantie in Aveyron bij <strong>Lac de Pareloup<\/strong>, en laat de magie gebeuren: een totale verandering van omgeving tegen de beste prijs is gegarandeerd. Het Lac de Pareloup biedt meer dan duizend hectare zoet water. De meanderende configuratie van het meer maakt het bijzonder geschikt voor water- en watersportactiviteiten.<\/p>\n<\/div>\n\n\n\n<div class=\"wp-block-column second is-layout-flow wp-block-column-is-layout-flow\" style=\"flex-basis:66.66%\">\n<figure class=\"wp-block-image size-full image\"><img decoding=\"async\" width=\"1920\" height=\"1167\" src=\"https:\/\/www.camping-les-genets.fr\/wp-content\/uploads\/2023\/09\/Lac-Aubrac-en-Aveyron.webp\" alt=\"Meer van Aubrac in Aveyron\" class=\"wp-image-2582\" srcset=\"https:\/\/www.camping-les-genets.fr\/wp-content\/uploads\/2023\/09\/Lac-Aubrac-en-Aveyron.webp 1920w, https:\/\/www.camping-les-genets.fr\/wp-content\/uploads\/2023\/09\/Lac-Aubrac-en-Aveyron-300x182.webp 300w, https:\/\/www.camping-les-genets.fr\/wp-content\/uploads\/2023\/09\/Lac-Aubrac-en-Aveyron-1024x622.webp 1024w, https:\/\/www.camping-les-genets.fr\/wp-content\/uploads\/2023\/09\/Lac-Aubrac-en-Aveyron-768x467.webp 768w, https:\/\/www.camping-les-genets.fr\/wp-content\/uploads\/2023\/09\/Lac-Aubrac-en-Aveyron-1536x934.webp 1536w\" sizes=\"(max-width: 1920px) 100vw, 1920px\" \/><\/figure>\n<\/div>\n<\/div>\n\n\r\n    <\/div>\r\n<\/section><section id=\"ls-section-block_831ccc5a94e11ec88f921bf2b6cd6c2e\" class=\"ls-section \" >\r\n        <div class=\"container \">\r\n        \n\n<p class=\"ls-paragraph has-text-align-center\">Vissen bij het meer van Pareloup<\/p>\n\n\n\n<p class=\"ls-paragraph has-text-align-center\">Het <a href=\"https:\/\/www.pecheaveyron.fr\/fr\/fiche\/lac-de-pareloup_TFOpar221\/\" target=\"_blank\" rel=\"noreferrer noopener\">Lac de Pareloup in Aveyron<\/a> is <strong>bijna 1.300 hectare groot<\/strong> en is favoriet bij visliefhebbers. Dit <strong>kunstmatige stuwmeer<\/strong>, een van de grootste in Frankrijk, zit vol met vis. Hieronder bevinden zich karper, snoek, baars, snoekbaars, brasem, voorn en Amerikaanse rivierkreeft, waarvan sommige exemplaren meer dan 25 kg wegen.<\/p>\n\n\n\n<p class=\"ls-paragraph has-text-align-center addReadMore showlesscontent\">Dankzij de configuratie en de grote afmetingen is <strong>het vissen op<\/strong> <strong>Lac de Pareloup<\/strong> toegankelijk voor zowel beginners als ervaren vissers, met verschillende technieken. De diep ingesneden kusten, in totaal bijna 130 km, bieden een ruime keuze aan plekken. De <strong>bootlanceringen<\/strong> zijn geschikt voor alle soorten vaartuigen en liggen in de buurt van <strong>gezinsvriendelijke gebieden<\/strong>. Je vindt er picknickplaatsen, restaurants, sanitaire voorzieningen, kinderspeelplaatsen, stranden en watersportcentra.<br\/><br\/>Lac de Pareloup is een<strong> meer van de 2e categorie<\/strong>. Je moet een visvergunning hebben en op de hoogte zijn van de priv\u00e9gebieden en de regels voordat je aan deze activiteit deelneemt.<br\/><br\/>Ben je een visser met een vergunning? Kom genieten op onze viscamping in Aveyron!<\/p>\n\n\r\n    <\/div>\r\n<\/section><section id=\"ls-section-block_3b5bb9a19d6ca487f62357761364fc69\" class=\"ls-section  home-piscine has-background-image has-p-t p-t-20 has-p-b p-b-20\" >\r\n    <div class=\"ls-section__background-image opacity-100\"><img decoding=\"async\" src=\"https:\/\/www.camping-les-genets.fr\/wp-content\/uploads\/2023\/09\/Lac-daubrac-proche-du-camping-les-genets-2.webp\" alt=\"Meer van Aubrac in de buurt van camping Les Gen\u00eats\"><\/div>    <div class=\"container container--full\">\r\n        \n\n<div class=\"wp-block-columns is-layout-flex wp-container-core-columns-is-layout-9d6595d7 wp-block-columns-is-layout-flex\">\n<div class=\"wp-block-column is-vertically-aligned-center first is-layout-flow wp-block-column-is-layout-flow\" style=\"flex-basis:60%\"><\/div>\n\n\n\n<div class=\"wp-block-column second has-color-white-background-color has-background is-layout-flow wp-block-column-is-layout-flow\" style=\"flex-basis:40%\">\n<h2 class=\"ls__heading wp-block-heading\"><strong>Fietsen<\/strong> rond het meer<\/h2>\n\n\n\n<p class=\"ls-paragraph\"><a href=\"https:\/\/www.camping-les-genets.fr\/fr\/la-randonnee-dans-l-aveyron\/\">Wandelen<\/a>, vissen, kajakken, zwemmen, paardrijden&#8230; Zin in een actieve vakantie tijdens uw verblijf op camping Les Gen\u00eats in Aveyron? Dit is de ideale bestemming voor een gezinsvakantie.<\/p>\n\n\n\n<p class=\"ls-paragraph\">Stap nu op je fiets en <strong>trap rond het Lac de Pareloup<\/strong>! Dit schitterende <strong>circuit van 27 km<\/strong><strong> omcirkelt het mooiste meer van Aveyron<\/strong>, de belangrijkste attractie op het L\u00e9v\u00e9zou-plateau. Het hoogteverschil is relatief klein (400 m) en je moet rekenen op ongeveer <strong>3 uur<\/strong> voor deze prachtige <strong>wandeling, die geschikt is voor kinderen en beginners<\/strong>.<\/p>\n\n\n\n<p class=\"ls-paragraph addReadMore showlesscontent\">Je kunt de route inkorten door je zinnen te zetten op de kerk Notre-Dame d&#8217;Aur\u00e8s en het aangelegde strand van Arvieu als je in westelijke richting rond het meer gaat, of op het toeristenbureau van Pareloup als je in oostelijke richting gaat.<br\/><br\/>Onderweg, tussen meer, bos en bergen, kom je de beroemde stuwdam van Pareloup tegen en de prachtige gotische kerk van Canet-de-Salars.<\/p>\n<\/div>\n<\/div>\n\n\r\n    <\/div>\r\n<\/section><section id=\"ls-section-block_295e063186308cb8b73d0dbfab9673bf\" class=\"ls-section  page-maillage has-p-t p-t-14 has-p-b p-b-14\" >\r\n        <div class=\"container container--wide\">\r\n        \n\n<div id=\"ls-heading ls-titre-div-block_0e5afdddd237b7307d866197818121d7\" class=\"ls-titre-div aligncenter h2-like has-m-b m-b-8\" >\n    Ontdek vissen, kano\u00ebn en wandelen in Aveyron!<\/div>\n\n\n<div id=\"ls-maillage-block_8a51fd0d607719f7cbceb65557ed9074\" class=\"ls-maillage slow animated fadeInUp delay-100ms cta-style-normal\" data-rows=\"3\">\r\n    <div class=\"wp-block-columns\"><div class=\"wp-block-column\">\n\n<a href=\"https:\/\/www.camping-les-genets.fr\/nl\/kano-en-aveyron\/\" target=\"\" rel=\"noopener\" class=\"ls-cta__link\">\n\n\t<div class=\"ls-cta__image\"><img decoding=\"async\" src=\"https:\/\/www.camping-les-genets.fr\/wp-content\/uploads\/2024\/02\/Canoe-Aveyron-scaled-1-768x512.webp\" alt=\"\"><\/div>\n\t<div class=\"ls-cta__title\">\n\t\tKano\u00ebn in Aveyron\t<\/div>\n\n\t\t\n<\/a><\/div><div class=\"wp-block-column\">\n\n<a href=\"https:\/\/www.camping-les-genets.fr\/nl\/wandelen-in-aveyron\/\" target=\"\" rel=\"noopener\" class=\"ls-cta__link\">\n\n\t<div class=\"ls-cta__image\"><img decoding=\"async\" src=\"https:\/\/www.camping-les-genets.fr\/wp-content\/uploads\/2023\/09\/Randonnee-pedestre-dans-lAveyron-768x1152.webp\" alt=\"Wandelen in Aveyron\"><\/div>\n\t<div class=\"ls-cta__title\">\n\t\tWandelen in Aveyron\t<\/div>\n\n\t\t\n<\/a><\/div><div class=\"wp-block-column\">\n\n<a href=\"https:\/\/www.camping-les-genets.fr\/nl\/?page_id=7813\" target=\"\" rel=\"noopener\" class=\"ls-cta__link\">\n\n\t<div class=\"ls-cta__image\"><img decoding=\"async\" src=\"https:\/\/www.camping-les-genets.fr\/wp-content\/uploads\/2025\/07\/week-end-en-amoureux-en-Aveyron-768x510.webp\" alt=\"romantisch weekend in Aveyron\"><\/div>\n\t<div class=\"ls-cta__title\">\n\t\tRomantisch weekend in Aveyron\t<\/div>\n\n\t\t\n<\/a><\/div><\/div><\/div>\n\r\n    <\/div>\r\n<\/section>","protected":false},"excerpt":{"rendered":"","protected":false},"author":1,"featured_media":2605,"parent":0,"menu_order":0,"comment_status":"closed","ping_status":"closed","template":"","meta":{"_acf_changed":false,"inline_featured_image":false,"footnotes":""},"sujet":[],"class_list":["post-5083","page","type-page","status-publish","has-post-thumbnail","hentry"],"acf":[],"yoast_head":"<!-- This site is optimized with the Yoast SEO plugin v27.3 - https:\/\/yoast.com\/product\/yoast-seo-wordpress\/ -->\n<title>Het meer van Pareloup en de meren van L\u00e9v\u00e9zou in Aveyron<\/title>\n<meta name=\"description\" content=\"Wat te doen bij Lac de Pareloup en Lac du L\u00e9v\u00e9zou in Aveyron? Vissen, watersporten, zwemmen, wandelen, verhuur... Ontdek de mooiste meren in de L\u00e9vezou en Aveyron!\" \/>\n<meta name=\"robots\" content=\"index, follow, max-snippet:-1, max-image-preview:large, max-video-preview:-1\" \/>\n<link rel=\"canonical\" href=\"https:\/\/www.camping-les-genets.fr\/nl\/pareloup-meer\/\" \/>\n<meta property=\"og:locale\" content=\"nl_NL\" \/>\n<meta property=\"og:type\" content=\"article\" \/>\n<meta property=\"og:title\" content=\"Het meer van Pareloup en de meren van L\u00e9v\u00e9zou in Aveyron\" \/>\n<meta property=\"og:description\" content=\"Wat te doen bij Lac de Pareloup en Lac du L\u00e9v\u00e9zou in Aveyron? Vissen, watersporten, zwemmen, wandelen, verhuur... Ontdek de mooiste meren in de L\u00e9vezou en Aveyron!\" \/>\n<meta property=\"og:url\" content=\"https:\/\/www.camping-les-genets.fr\/nl\/pareloup-meer\/\" \/>\n<meta property=\"og:site_name\" content=\"Camping les Genets\" \/>\n<meta property=\"article:modified_time\" content=\"2025-07-25T14:23:22+00:00\" \/>\n<meta property=\"og:image\" content=\"https:\/\/www.camping-les-genets.fr\/wp-content\/uploads\/2023\/09\/Lac-proche-du-camping-les-genets.webp\" \/>\n\t<meta property=\"og:image:width\" content=\"2560\" \/>\n\t<meta property=\"og:image:height\" content=\"1707\" \/>\n\t<meta property=\"og:image:type\" content=\"image\/webp\" \/>\n<meta name=\"twitter:card\" content=\"summary_large_image\" \/>\n<meta name=\"twitter:label1\" content=\"Geschatte leestijd\" \/>\n\t<meta name=\"twitter:data1\" content=\"4 minuten\" \/>\n<script type=\"application\/ld+json\" class=\"yoast-schema-graph\">{\"@context\":\"https:\\\/\\\/schema.org\",\"@graph\":[{\"@type\":\"WebPage\",\"@id\":\"https:\\\/\\\/www.camping-les-genets.fr\\\/nl\\\/pareloup-meer\\\/\",\"url\":\"https:\\\/\\\/www.camping-les-genets.fr\\\/nl\\\/pareloup-meer\\\/\",\"name\":\"Het meer van Pareloup en de meren van L\u00e9v\u00e9zou in Aveyron\",\"isPartOf\":{\"@id\":\"https:\\\/\\\/www.camping-les-genets.fr\\\/nl\\\/#website\"},\"primaryImageOfPage\":{\"@id\":\"https:\\\/\\\/www.camping-les-genets.fr\\\/nl\\\/pareloup-meer\\\/#primaryimage\"},\"image\":{\"@id\":\"https:\\\/\\\/www.camping-les-genets.fr\\\/nl\\\/pareloup-meer\\\/#primaryimage\"},\"thumbnailUrl\":\"https:\\\/\\\/www.camping-les-genets.fr\\\/wp-content\\\/uploads\\\/2023\\\/09\\\/Lac-proche-du-camping-les-genets.webp\",\"datePublished\":\"2023-07-27T11:20:46+00:00\",\"dateModified\":\"2025-07-25T14:23:22+00:00\",\"description\":\"Wat te doen bij Lac de Pareloup en Lac du L\u00e9v\u00e9zou in Aveyron? Vissen, watersporten, zwemmen, wandelen, verhuur... Ontdek de mooiste meren in de L\u00e9vezou en Aveyron!\",\"breadcrumb\":{\"@id\":\"https:\\\/\\\/www.camping-les-genets.fr\\\/nl\\\/pareloup-meer\\\/#breadcrumb\"},\"inLanguage\":\"nl-NL\",\"potentialAction\":[{\"@type\":\"ReadAction\",\"target\":[\"https:\\\/\\\/www.camping-les-genets.fr\\\/nl\\\/pareloup-meer\\\/\"]}]},{\"@type\":\"ImageObject\",\"inLanguage\":\"nl-NL\",\"@id\":\"https:\\\/\\\/www.camping-les-genets.fr\\\/nl\\\/pareloup-meer\\\/#primaryimage\",\"url\":\"https:\\\/\\\/www.camping-les-genets.fr\\\/wp-content\\\/uploads\\\/2023\\\/09\\\/Lac-proche-du-camping-les-genets.webp\",\"contentUrl\":\"https:\\\/\\\/www.camping-les-genets.fr\\\/wp-content\\\/uploads\\\/2023\\\/09\\\/Lac-proche-du-camping-les-genets.webp\",\"width\":2560,\"height\":1707,\"caption\":\"Meer in de buurt van camping les genets\"},{\"@type\":\"BreadcrumbList\",\"@id\":\"https:\\\/\\\/www.camping-les-genets.fr\\\/nl\\\/pareloup-meer\\\/#breadcrumb\",\"itemListElement\":[{\"@type\":\"ListItem\",\"position\":1,\"name\":\"Camping Aveyron\",\"item\":\"https:\\\/\\\/www.camping-les-genets.fr\\\/nl\\\/\"},{\"@type\":\"ListItem\",\"position\":2,\"name\":\"Meer van Pareloup\"}]},{\"@type\":\"WebSite\",\"@id\":\"https:\\\/\\\/www.camping-les-genets.fr\\\/nl\\\/#website\",\"url\":\"https:\\\/\\\/www.camping-les-genets.fr\\\/nl\\\/\",\"name\":\"Camping les Genets\",\"description\":\"\",\"publisher\":{\"@id\":\"https:\\\/\\\/www.camping-les-genets.fr\\\/nl\\\/#organization\"},\"potentialAction\":[{\"@type\":\"SearchAction\",\"target\":{\"@type\":\"EntryPoint\",\"urlTemplate\":\"https:\\\/\\\/www.camping-les-genets.fr\\\/nl\\\/?s={search_term_string}\"},\"query-input\":{\"@type\":\"PropertyValueSpecification\",\"valueRequired\":true,\"valueName\":\"search_term_string\"}}],\"inLanguage\":\"nl-NL\"},{\"@type\":\"Organization\",\"@id\":\"https:\\\/\\\/www.camping-les-genets.fr\\\/nl\\\/#organization\",\"name\":\"Camping les Genets\",\"url\":\"https:\\\/\\\/www.camping-les-genets.fr\\\/nl\\\/\",\"logo\":{\"@type\":\"ImageObject\",\"inLanguage\":\"nl-NL\",\"@id\":\"https:\\\/\\\/www.camping-les-genets.fr\\\/nl\\\/#\\\/schema\\\/logo\\\/image\\\/\",\"url\":\"https:\\\/\\\/www.camping-les-genets.fr\\\/wp-content\\\/uploads\\\/2023\\\/07\\\/cropped-logo-camping-genets-footer.png\",\"contentUrl\":\"https:\\\/\\\/www.camping-les-genets.fr\\\/wp-content\\\/uploads\\\/2023\\\/07\\\/cropped-logo-camping-genets-footer.png\",\"width\":500,\"height\":295,\"caption\":\"Camping les Genets\"},\"image\":{\"@id\":\"https:\\\/\\\/www.camping-les-genets.fr\\\/nl\\\/#\\\/schema\\\/logo\\\/image\\\/\"}}]}<\/script>\n<!-- \/ Yoast SEO plugin. -->","yoast_head_json":{"title":"Het meer van Pareloup en de meren van L\u00e9v\u00e9zou in Aveyron","description":"Wat te doen bij Lac de Pareloup en Lac du L\u00e9v\u00e9zou in Aveyron? Vissen, watersporten, zwemmen, wandelen, verhuur... Ontdek de mooiste meren in de L\u00e9vezou en Aveyron!","robots":{"index":"index","follow":"follow","max-snippet":"max-snippet:-1","max-image-preview":"max-image-preview:large","max-video-preview":"max-video-preview:-1"},"canonical":"https:\/\/www.camping-les-genets.fr\/nl\/pareloup-meer\/","og_locale":"nl_NL","og_type":"article","og_title":"Het meer van Pareloup en de meren van L\u00e9v\u00e9zou in Aveyron","og_description":"Wat te doen bij Lac de Pareloup en Lac du L\u00e9v\u00e9zou in Aveyron? Vissen, watersporten, zwemmen, wandelen, verhuur... Ontdek de mooiste meren in de L\u00e9vezou en Aveyron!","og_url":"https:\/\/www.camping-les-genets.fr\/nl\/pareloup-meer\/","og_site_name":"Camping les Genets","article_modified_time":"2025-07-25T14:23:22+00:00","og_image":[{"width":2560,"height":1707,"url":"https:\/\/www.camping-les-genets.fr\/wp-content\/uploads\/2023\/09\/Lac-proche-du-camping-les-genets.webp","type":"image\/webp"}],"twitter_card":"summary_large_image","twitter_misc":{"Geschatte leestijd":"4 minuten"},"schema":{"@context":"https:\/\/schema.org","@graph":[{"@type":"WebPage","@id":"https:\/\/www.camping-les-genets.fr\/nl\/pareloup-meer\/","url":"https:\/\/www.camping-les-genets.fr\/nl\/pareloup-meer\/","name":"Het meer van Pareloup en de meren van L\u00e9v\u00e9zou in Aveyron","isPartOf":{"@id":"https:\/\/www.camping-les-genets.fr\/nl\/#website"},"primaryImageOfPage":{"@id":"https:\/\/www.camping-les-genets.fr\/nl\/pareloup-meer\/#primaryimage"},"image":{"@id":"https:\/\/www.camping-les-genets.fr\/nl\/pareloup-meer\/#primaryimage"},"thumbnailUrl":"https:\/\/www.camping-les-genets.fr\/wp-content\/uploads\/2023\/09\/Lac-proche-du-camping-les-genets.webp","datePublished":"2023-07-27T11:20:46+00:00","dateModified":"2025-07-25T14:23:22+00:00","description":"Wat te doen bij Lac de Pareloup en Lac du L\u00e9v\u00e9zou in Aveyron? Vissen, watersporten, zwemmen, wandelen, verhuur... Ontdek de mooiste meren in de L\u00e9vezou en Aveyron!","breadcrumb":{"@id":"https:\/\/www.camping-les-genets.fr\/nl\/pareloup-meer\/#breadcrumb"},"inLanguage":"nl-NL","potentialAction":[{"@type":"ReadAction","target":["https:\/\/www.camping-les-genets.fr\/nl\/pareloup-meer\/"]}]},{"@type":"ImageObject","inLanguage":"nl-NL","@id":"https:\/\/www.camping-les-genets.fr\/nl\/pareloup-meer\/#primaryimage","url":"https:\/\/www.camping-les-genets.fr\/wp-content\/uploads\/2023\/09\/Lac-proche-du-camping-les-genets.webp","contentUrl":"https:\/\/www.camping-les-genets.fr\/wp-content\/uploads\/2023\/09\/Lac-proche-du-camping-les-genets.webp","width":2560,"height":1707,"caption":"Meer in de buurt van camping les genets"},{"@type":"BreadcrumbList","@id":"https:\/\/www.camping-les-genets.fr\/nl\/pareloup-meer\/#breadcrumb","itemListElement":[{"@type":"ListItem","position":1,"name":"Camping Aveyron","item":"https:\/\/www.camping-les-genets.fr\/nl\/"},{"@type":"ListItem","position":2,"name":"Meer van Pareloup"}]},{"@type":"WebSite","@id":"https:\/\/www.camping-les-genets.fr\/nl\/#website","url":"https:\/\/www.camping-les-genets.fr\/nl\/","name":"Camping les Genets","description":"","publisher":{"@id":"https:\/\/www.camping-les-genets.fr\/nl\/#organization"},"potentialAction":[{"@type":"SearchAction","target":{"@type":"EntryPoint","urlTemplate":"https:\/\/www.camping-les-genets.fr\/nl\/?s={search_term_string}"},"query-input":{"@type":"PropertyValueSpecification","valueRequired":true,"valueName":"search_term_string"}}],"inLanguage":"nl-NL"},{"@type":"Organization","@id":"https:\/\/www.camping-les-genets.fr\/nl\/#organization","name":"Camping les Genets","url":"https:\/\/www.camping-les-genets.fr\/nl\/","logo":{"@type":"ImageObject","inLanguage":"nl-NL","@id":"https:\/\/www.camping-les-genets.fr\/nl\/#\/schema\/logo\/image\/","url":"https:\/\/www.camping-les-genets.fr\/wp-content\/uploads\/2023\/07\/cropped-logo-camping-genets-footer.png","contentUrl":"https:\/\/www.camping-les-genets.fr\/wp-content\/uploads\/2023\/07\/cropped-logo-camping-genets-footer.png","width":500,"height":295,"caption":"Camping les Genets"},"image":{"@id":"https:\/\/www.camping-les-genets.fr\/nl\/#\/schema\/logo\/image\/"}}]}},"_links":{"self":[{"href":"https:\/\/www.camping-les-genets.fr\/nl\/wp-json\/wp\/v2\/pages\/5083","targetHints":{"allow":["GET"]}}],"collection":[{"href":"https:\/\/www.camping-les-genets.fr\/nl\/wp-json\/wp\/v2\/pages"}],"about":[{"href":"https:\/\/www.camping-les-genets.fr\/nl\/wp-json\/wp\/v2\/types\/page"}],"author":[{"embeddable":true,"href":"https:\/\/www.camping-les-genets.fr\/nl\/wp-json\/wp\/v2\/users\/1"}],"replies":[{"embeddable":true,"href":"https:\/\/www.camping-les-genets.fr\/nl\/wp-json\/wp\/v2\/comments?post=5083"}],"version-history":[{"count":3,"href":"https:\/\/www.camping-les-genets.fr\/nl\/wp-json\/wp\/v2\/pages\/5083\/revisions"}],"predecessor-version":[{"id":7858,"href":"https:\/\/www.camping-les-genets.fr\/nl\/wp-json\/wp\/v2\/pages\/5083\/revisions\/7858"}],"wp:featuredmedia":[{"embeddable":true,"href":"https:\/\/www.camping-les-genets.fr\/nl\/wp-json\/wp\/v2\/media\/2605"}],"wp:attachment":[{"href":"https:\/\/www.camping-les-genets.fr\/nl\/wp-json\/wp\/v2\/media?parent=5083"}],"wp:term":[{"taxonomy":"sujet","embeddable":true,"href":"https:\/\/www.camping-les-genets.fr\/nl\/wp-json\/wp\/v2\/sujet?post=5083"}],"curies":[{"name":"wp","href":"https:\/\/api.w.org\/{rel}","templated":true}]}}