{"id":4993,"date":"2023-09-13T16:55:17","date_gmt":"2023-09-13T14:55:17","guid":{"rendered":"https:\/\/www.camping-les-genets.fr\/castelnau-pegayrols\/"},"modified":"2023-11-27T15:56:46","modified_gmt":"2023-11-27T14:56:46","slug":"castelnau-pegayrols","status":"publish","type":"page","link":"https:\/\/www.camping-les-genets.fr\/nl\/castelnau-pegayrols\/","title":{"rendered":"Castelnau-P\u00e9gayrols"},"content":{"rendered":"<section id=\"ls-section-block_f04275ff7d84f240e3ef65f05b767e48\" class=\"ls-section  page-chapeau has-p-b p-b-0\" >\r\n        <div class=\"container \">\r\n        \n\n<h1 class=\"ls__heading wp-block-heading has-text-align-center animated fadeInLeft delay-100ms slow\"><strong>Castelnau-P\u00e9gayrols<\/strong><\/h1>\n\n\r\n    <\/div>\r\n<\/section><section id=\"ls-section-block_ba5900a360d1fdefad7d25e7a44bb274\" class=\"ls-section  page-one has-p-b p-b-14\" >\r\n        <div class=\"container container--full\">\r\n        \n\n<div class=\"wp-block-columns is-layout-flex wp-container-core-columns-is-layout-9d6595d7 wp-block-columns-is-layout-flex\">\n<div class=\"wp-block-column first is-layout-flow wp-block-column-is-layout-flow\" style=\"flex-basis:66.66%\">\n<figure class=\"wp-block-image size-full\"><img decoding=\"async\" width=\"1707\" height=\"2560\" src=\"https:\/\/www.camping-les-genets.fr\/wp-content\/uploads\/2023\/09\/Village-de-Castelnau-Pegayrols-scaled.webp\" alt=\"Dorp Castelnau-P&#xE9;gayrols\" class=\"wp-image-2448\" style=\"aspect-ratio:4\/3;object-fit:cover\" srcset=\"https:\/\/www.camping-les-genets.fr\/wp-content\/uploads\/2023\/09\/Village-de-Castelnau-Pegayrols-scaled.webp 1707w, https:\/\/www.camping-les-genets.fr\/wp-content\/uploads\/2023\/09\/Village-de-Castelnau-Pegayrols-200x300.webp 200w, https:\/\/www.camping-les-genets.fr\/wp-content\/uploads\/2023\/09\/Village-de-Castelnau-Pegayrols-683x1024.webp 683w, https:\/\/www.camping-les-genets.fr\/wp-content\/uploads\/2023\/09\/Village-de-Castelnau-Pegayrols-768x1152.webp 768w, https:\/\/www.camping-les-genets.fr\/wp-content\/uploads\/2023\/09\/Village-de-Castelnau-Pegayrols-1024x1536.webp 1024w, https:\/\/www.camping-les-genets.fr\/wp-content\/uploads\/2023\/09\/Village-de-Castelnau-Pegayrols-1365x2048.webp 1365w\" sizes=\"(max-width: 1707px) 100vw, 1707px\" \/><\/figure>\n<\/div>\n\n\n\n<div class=\"wp-block-column is-vertically-aligned-center second has-color-white-background-color has-background is-layout-flow wp-block-column-is-layout-flow\" style=\"flex-basis:33.33%\">\n<h2 class=\"ls__heading wp-block-heading\"><strong>Vakantie<\/strong> in Castelnau P\u00e9gayrols<\/h2>\n\n\n\n<p class=\"ls-paragraph\">Castelnau-P\u00e9gayrols is een<strong> prachtig middeleeuws dorp<\/strong> dat uitkijkt over de vallei van de Muse. Het dorp is een schatkamer vol architectuur, waaronder <strong>vijf gebouwen die op de monumentenlijst staan<\/strong>. Het dorp ligt op minder dan een half uur rijden van Salles-Curan.<\/p>\n\n\n\n<p class=\"ls-paragraph\">Het <a href=\"https:\/\/www.castelnau-pegayrols.fr\/\" target=\"_blank\" rel=\"noreferrer noopener\">middeleeuwse dorp Castelnau-P\u00e9gayrols<\/a> is open voor het publiek, maar er zijn ook rondleidingen beschikbaar: dit is een geweldige manier om de<strong> historische waarde van bepaalde<\/strong> <strong>beschermde<\/strong><strong> gebouwen<\/strong> en <strong>locaties<\/strong> te waarderen. Het dorp heeft een<strong> oud hydraulisch systeem<\/strong> dat dateert uit de 12e eeuw.<\/p>\n\n\n\n<p class=\"ls-paragraph\">Naast de traditionele rondleidingen biedt het dorp Castelnau-P\u00e9gayrols thematische rondleidingen en half-natuurlijke wandelingen.<\/p>\n<\/div>\n<\/div>\n\n\r\n    <\/div>\r\n<\/section><section id=\"ls-section-block_2502a3a39725e4e029b87368fba904b5\" class=\"ls-section \" >\r\n        <div class=\"container container--wide\">\r\n        \n\n<div class=\"wp-block-columns is-layout-flex wp-container-core-columns-is-layout-9d6595d7 wp-block-columns-is-layout-flex\">\n<div class=\"wp-block-column first is-layout-flow wp-block-column-is-layout-flow\">\n<h2 class=\"ls__heading wp-block-heading\">Routebeschrijving voor <strong>camping Castelnau P\u00e9gayrols<\/strong><\/h2>\n\n\n\n<p class=\"ls-paragraph\">Het dorp <strong>Castelnau-P\u00e9gayrols<\/strong> ligt 23 km ten zuidoosten van <a href=\"https:\/\/www.camping-les-genets.fr\/nl\/camping-millau\/\">Les Gen\u00eats in de richting van Millau<\/a>. Het duurt ongeveer een <strong>half uur<\/strong> om er met de auto te komen vanaf onze <a href=\"https:\/\/www.camping-les-genets.fr\/nl\/\">camping in Aveyron<\/a>.<\/p>\n\n\n\n<p class=\"ls-paragraph\">Neem vanaf de camping de D577 naar Salles-Curan en vervolgens de route de Montjaux (D993). Voordat je Montjaux bereikt, zie je aan je linkerhand een bord naar Castelnau-P\u00e9gayrols. Je zult verleid worden door <strong>het kasteel<\/strong>,<strong> de priorij Saint-Michel<\/strong>, de <strong>kerk Notre-Dame<\/strong> en het middeleeuwse watersysteem, die allemaal op de monumentenlijst staan.<\/p>\n\n\n\n<p class=\"ls-paragraph\">Neem op de terugweg de tijd om Montjaux te bezoeken, nog zo&#8217;n <strong>prachtige karaktervolle stad in de Aveyron<\/strong>, met zijn prachtige monumenten en stenen huizen.<\/p>\n<\/div>\n\n\n\n<div class=\"wp-block-column is-vertically-aligned-center second is-layout-flow wp-block-column-is-layout-flow\" style=\"flex-basis:800px\">\n<iframe src=\"https:\/\/www.google.com\/maps\/embed?pb=!1m28!1m12!1m3!1d45796.92004022842!2d2.8063427936267287!3d44.15952122312443!2m3!1f0!2f0!3f0!3m2!1i1024!2i768!4f13.1!4m13!3e6!4m5!1s0x12b2683ba8eaa029%3A0x9e3dc1bbe65d1b4b!2sCamping%20les%20Gen%C3%AAts%20%7C%20Camping%20Aveyron%2C%20Lac%20de%20Pareloup%2C%20Salles-Curan!3m2!1d44.1894481!2d2.7667329!4m5!1s0x12b245f0f16daddd%3A0x406f69c2f4314b0!2sCastelnau-P%C3%A9gayrols!3m2!1d44.129486!2d2.9313949999999998!5e0!3m2!1sfr!2sfr!4v1694617285921!5m2!1sfr!2sfr\" width=\"800\" height=\"600\" style=\"border:0;\" allowfullscreen=\"\" loading=\"lazy\" referrerpolicy=\"no-referrer-when-downgrade\"><\/iframe>\n<\/div>\n<\/div>\n\n\r\n    <\/div>\r\n<\/section><section id=\"ls-section-block_dbc1e1d974c98799e20dc4b87fac95b7\" class=\"ls-section  page-maillage has-p-t p-t-14 has-p-b p-b-14\" >\r\n        <div class=\"container container--wide\">\r\n        \n\n<div id=\"ls-heading ls-titre-div-block_5960f5c23e72482ba2ac23b94158fb83\" class=\"ls-titre-div aligncenter h2-like has-m-b m-b-8\" >\n    Ontdek de dorpjes Saint C\u00f4me d&#8217;Olt, Peyre en de Caves de Roquefort!<\/div>\n\n\n<div id=\"ls-maillage-block_2998891b6a3af3a601134cad3c8359d3\" class=\"ls-maillage slow animated fadeInUp delay-100ms cta-style-normal\" data-rows=\"3\">\r\n    <div class=\"wp-block-columns\"><div class=\"wp-block-column\">\n\n<a href=\"https:\/\/www.camping-les-genets.fr\/nl\/tourisme-roquefort\/\" target=\"\" rel=\"noopener\" class=\"ls-cta__link\">\n\n\t<div class=\"ls-cta__image\"><img decoding=\"async\" src=\"https:\/\/www.camping-les-genets.fr\/wp-content\/uploads\/2023\/09\/Fromage-roquefort-768x960.webp\" alt=\"Roquefort kaas\"><\/div>\n\t<div class=\"ls-cta__title\">\n\t\tKelders van Roquefort\t<\/div>\n\n\t\t\n<\/a><\/div><div class=\"wp-block-column\">\n\n<a href=\"https:\/\/www.camping-les-genets.fr\/nl\/peyre\/\" target=\"\" rel=\"noopener\" class=\"ls-cta__link\">\n\n\t<div class=\"ls-cta__image\"><img decoding=\"async\" src=\"https:\/\/www.camping-les-genets.fr\/wp-content\/uploads\/2023\/09\/Vacances-a-Peyre-768x510.webp\" alt=\"Vakantie in Peyre\"><\/div>\n\t<div class=\"ls-cta__title\">\n\t\tPeyre\t<\/div>\n\n\t\t\n<\/a><\/div><div class=\"wp-block-column\">\n\n<a href=\"https:\/\/www.camping-les-genets.fr\/nl\/tourisme-saint-come-d-olt\/\" target=\"\" rel=\"noopener\" class=\"ls-cta__link\">\n\n\t<div class=\"ls-cta__image\"><img decoding=\"async\" src=\"https:\/\/www.camping-les-genets.fr\/wp-content\/uploads\/2023\/09\/eglise-de-Saint-Come-dOlt-768x1152.webp\" alt=\"kerk van Saint C\u00f4me d'Olt\"><\/div>\n\t<div class=\"ls-cta__title\">\n\t\tSaint-C\u00f4me-d&#8217;Olt\t<\/div>\n\n\t\t\n<\/a><\/div><\/div><\/div>\n\r\n    <\/div>\r\n<\/section>","protected":false},"excerpt":{"rendered":"","protected":false},"author":1,"featured_media":2444,"parent":0,"menu_order":0,"comment_status":"closed","ping_status":"closed","template":"","meta":{"_acf_changed":false,"inline_featured_image":false,"footnotes":""},"sujet":[],"class_list":["post-4993","page","type-page","status-publish","has-post-thumbnail","hentry"],"acf":[],"yoast_head":"<!-- This site is optimized with the Yoast SEO plugin v27.3 - https:\/\/yoast.com\/product\/yoast-seo-wordpress\/ -->\n<title>Castelnau P\u00e9gayrols | Camping en toerisme te huur in Castelnau<\/title>\n<meta name=\"description\" content=\"Zin om Castelnau P\u00e9gayrols te bezoeken tijdens je vakantie in Aveyron? Camping Les Gen\u00eats laat je kennismaken met de stad en zijn verschillende verblijfsmogelijkheden!\" \/>\n<meta name=\"robots\" content=\"index, follow, max-snippet:-1, max-image-preview:large, max-video-preview:-1\" \/>\n<link rel=\"canonical\" href=\"https:\/\/www.camping-les-genets.fr\/nl\/castelnau-pegayrols\/\" \/>\n<meta property=\"og:locale\" content=\"nl_NL\" \/>\n<meta property=\"og:type\" content=\"article\" \/>\n<meta property=\"og:title\" content=\"Castelnau P\u00e9gayrols | Camping en toerisme te huur in Castelnau\" \/>\n<meta property=\"og:description\" content=\"Zin om Castelnau P\u00e9gayrols te bezoeken tijdens je vakantie in Aveyron? Camping Les Gen\u00eats laat je kennismaken met de stad en zijn verschillende verblijfsmogelijkheden!\" \/>\n<meta property=\"og:url\" content=\"https:\/\/www.camping-les-genets.fr\/nl\/castelnau-pegayrols\/\" \/>\n<meta property=\"og:site_name\" content=\"Camping les Genets\" \/>\n<meta property=\"article:modified_time\" content=\"2023-11-27T14:56:46+00:00\" \/>\n<meta property=\"og:image\" content=\"https:\/\/www.camping-les-genets.fr\/wp-content\/uploads\/2023\/09\/Castelnau-Pegayrols-chateau-scaled.webp\" \/>\n\t<meta property=\"og:image:width\" content=\"2560\" \/>\n\t<meta property=\"og:image:height\" content=\"1707\" \/>\n\t<meta property=\"og:image:type\" content=\"image\/webp\" \/>\n<meta name=\"twitter:card\" content=\"summary_large_image\" \/>\n<meta name=\"twitter:label1\" content=\"Geschatte leestijd\" \/>\n\t<meta name=\"twitter:data1\" content=\"1 minuut\" \/>\n<script type=\"application\/ld+json\" class=\"yoast-schema-graph\">{\"@context\":\"https:\\\/\\\/schema.org\",\"@graph\":[{\"@type\":\"WebPage\",\"@id\":\"https:\\\/\\\/www.camping-les-genets.fr\\\/nl\\\/castelnau-pegayrols\\\/\",\"url\":\"https:\\\/\\\/www.camping-les-genets.fr\\\/nl\\\/castelnau-pegayrols\\\/\",\"name\":\"Castelnau P\u00e9gayrols | Camping en toerisme te huur in Castelnau\",\"isPartOf\":{\"@id\":\"https:\\\/\\\/www.camping-les-genets.fr\\\/nl\\\/#website\"},\"primaryImageOfPage\":{\"@id\":\"https:\\\/\\\/www.camping-les-genets.fr\\\/nl\\\/castelnau-pegayrols\\\/#primaryimage\"},\"image\":{\"@id\":\"https:\\\/\\\/www.camping-les-genets.fr\\\/nl\\\/castelnau-pegayrols\\\/#primaryimage\"},\"thumbnailUrl\":\"https:\\\/\\\/www.camping-les-genets.fr\\\/wp-content\\\/uploads\\\/2023\\\/09\\\/Castelnau-Pegayrols-chateau-scaled.webp\",\"datePublished\":\"2023-09-13T14:55:17+00:00\",\"dateModified\":\"2023-11-27T14:56:46+00:00\",\"description\":\"Zin om Castelnau P\u00e9gayrols te bezoeken tijdens je vakantie in Aveyron? Camping Les Gen\u00eats laat je kennismaken met de stad en zijn verschillende verblijfsmogelijkheden!\",\"breadcrumb\":{\"@id\":\"https:\\\/\\\/www.camping-les-genets.fr\\\/nl\\\/castelnau-pegayrols\\\/#breadcrumb\"},\"inLanguage\":\"nl-NL\",\"potentialAction\":[{\"@type\":\"ReadAction\",\"target\":[\"https:\\\/\\\/www.camping-les-genets.fr\\\/nl\\\/castelnau-pegayrols\\\/\"]}]},{\"@type\":\"ImageObject\",\"inLanguage\":\"nl-NL\",\"@id\":\"https:\\\/\\\/www.camping-les-genets.fr\\\/nl\\\/castelnau-pegayrols\\\/#primaryimage\",\"url\":\"https:\\\/\\\/www.camping-les-genets.fr\\\/wp-content\\\/uploads\\\/2023\\\/09\\\/Castelnau-Pegayrols-chateau-scaled.webp\",\"contentUrl\":\"https:\\\/\\\/www.camping-les-genets.fr\\\/wp-content\\\/uploads\\\/2023\\\/09\\\/Castelnau-Pegayrols-chateau-scaled.webp\",\"width\":2560,\"height\":1707,\"caption\":\"Kasteel van Castelnau-P\u00e9gayrols\"},{\"@type\":\"BreadcrumbList\",\"@id\":\"https:\\\/\\\/www.camping-les-genets.fr\\\/nl\\\/castelnau-pegayrols\\\/#breadcrumb\",\"itemListElement\":[{\"@type\":\"ListItem\",\"position\":1,\"name\":\"Camping Aveyron\",\"item\":\"https:\\\/\\\/www.camping-les-genets.fr\\\/nl\\\/\"},{\"@type\":\"ListItem\",\"position\":2,\"name\":\"Castelnau-P\u00e9gayrols\"}]},{\"@type\":\"WebSite\",\"@id\":\"https:\\\/\\\/www.camping-les-genets.fr\\\/nl\\\/#website\",\"url\":\"https:\\\/\\\/www.camping-les-genets.fr\\\/nl\\\/\",\"name\":\"Camping les Genets\",\"description\":\"\",\"publisher\":{\"@id\":\"https:\\\/\\\/www.camping-les-genets.fr\\\/nl\\\/#organization\"},\"potentialAction\":[{\"@type\":\"SearchAction\",\"target\":{\"@type\":\"EntryPoint\",\"urlTemplate\":\"https:\\\/\\\/www.camping-les-genets.fr\\\/nl\\\/?s={search_term_string}\"},\"query-input\":{\"@type\":\"PropertyValueSpecification\",\"valueRequired\":true,\"valueName\":\"search_term_string\"}}],\"inLanguage\":\"nl-NL\"},{\"@type\":\"Organization\",\"@id\":\"https:\\\/\\\/www.camping-les-genets.fr\\\/nl\\\/#organization\",\"name\":\"Camping les Genets\",\"url\":\"https:\\\/\\\/www.camping-les-genets.fr\\\/nl\\\/\",\"logo\":{\"@type\":\"ImageObject\",\"inLanguage\":\"nl-NL\",\"@id\":\"https:\\\/\\\/www.camping-les-genets.fr\\\/nl\\\/#\\\/schema\\\/logo\\\/image\\\/\",\"url\":\"https:\\\/\\\/www.camping-les-genets.fr\\\/wp-content\\\/uploads\\\/2023\\\/07\\\/cropped-logo-camping-genets-footer.png\",\"contentUrl\":\"https:\\\/\\\/www.camping-les-genets.fr\\\/wp-content\\\/uploads\\\/2023\\\/07\\\/cropped-logo-camping-genets-footer.png\",\"width\":500,\"height\":295,\"caption\":\"Camping les Genets\"},\"image\":{\"@id\":\"https:\\\/\\\/www.camping-les-genets.fr\\\/nl\\\/#\\\/schema\\\/logo\\\/image\\\/\"}}]}<\/script>\n<!-- \/ Yoast SEO plugin. -->","yoast_head_json":{"title":"Castelnau P\u00e9gayrols | Camping en toerisme te huur in Castelnau","description":"Zin om Castelnau P\u00e9gayrols te bezoeken tijdens je vakantie in Aveyron? Camping Les Gen\u00eats laat je kennismaken met de stad en zijn verschillende verblijfsmogelijkheden!","robots":{"index":"index","follow":"follow","max-snippet":"max-snippet:-1","max-image-preview":"max-image-preview:large","max-video-preview":"max-video-preview:-1"},"canonical":"https:\/\/www.camping-les-genets.fr\/nl\/castelnau-pegayrols\/","og_locale":"nl_NL","og_type":"article","og_title":"Castelnau P\u00e9gayrols | Camping en toerisme te huur in Castelnau","og_description":"Zin om Castelnau P\u00e9gayrols te bezoeken tijdens je vakantie in Aveyron? Camping Les Gen\u00eats laat je kennismaken met de stad en zijn verschillende verblijfsmogelijkheden!","og_url":"https:\/\/www.camping-les-genets.fr\/nl\/castelnau-pegayrols\/","og_site_name":"Camping les Genets","article_modified_time":"2023-11-27T14:56:46+00:00","og_image":[{"width":2560,"height":1707,"url":"https:\/\/www.camping-les-genets.fr\/wp-content\/uploads\/2023\/09\/Castelnau-Pegayrols-chateau-scaled.webp","type":"image\/webp"}],"twitter_card":"summary_large_image","twitter_misc":{"Geschatte leestijd":"1 minuut"},"schema":{"@context":"https:\/\/schema.org","@graph":[{"@type":"WebPage","@id":"https:\/\/www.camping-les-genets.fr\/nl\/castelnau-pegayrols\/","url":"https:\/\/www.camping-les-genets.fr\/nl\/castelnau-pegayrols\/","name":"Castelnau P\u00e9gayrols | Camping en toerisme te huur in Castelnau","isPartOf":{"@id":"https:\/\/www.camping-les-genets.fr\/nl\/#website"},"primaryImageOfPage":{"@id":"https:\/\/www.camping-les-genets.fr\/nl\/castelnau-pegayrols\/#primaryimage"},"image":{"@id":"https:\/\/www.camping-les-genets.fr\/nl\/castelnau-pegayrols\/#primaryimage"},"thumbnailUrl":"https:\/\/www.camping-les-genets.fr\/wp-content\/uploads\/2023\/09\/Castelnau-Pegayrols-chateau-scaled.webp","datePublished":"2023-09-13T14:55:17+00:00","dateModified":"2023-11-27T14:56:46+00:00","description":"Zin om Castelnau P\u00e9gayrols te bezoeken tijdens je vakantie in Aveyron? Camping Les Gen\u00eats laat je kennismaken met de stad en zijn verschillende verblijfsmogelijkheden!","breadcrumb":{"@id":"https:\/\/www.camping-les-genets.fr\/nl\/castelnau-pegayrols\/#breadcrumb"},"inLanguage":"nl-NL","potentialAction":[{"@type":"ReadAction","target":["https:\/\/www.camping-les-genets.fr\/nl\/castelnau-pegayrols\/"]}]},{"@type":"ImageObject","inLanguage":"nl-NL","@id":"https:\/\/www.camping-les-genets.fr\/nl\/castelnau-pegayrols\/#primaryimage","url":"https:\/\/www.camping-les-genets.fr\/wp-content\/uploads\/2023\/09\/Castelnau-Pegayrols-chateau-scaled.webp","contentUrl":"https:\/\/www.camping-les-genets.fr\/wp-content\/uploads\/2023\/09\/Castelnau-Pegayrols-chateau-scaled.webp","width":2560,"height":1707,"caption":"Kasteel van Castelnau-P\u00e9gayrols"},{"@type":"BreadcrumbList","@id":"https:\/\/www.camping-les-genets.fr\/nl\/castelnau-pegayrols\/#breadcrumb","itemListElement":[{"@type":"ListItem","position":1,"name":"Camping Aveyron","item":"https:\/\/www.camping-les-genets.fr\/nl\/"},{"@type":"ListItem","position":2,"name":"Castelnau-P\u00e9gayrols"}]},{"@type":"WebSite","@id":"https:\/\/www.camping-les-genets.fr\/nl\/#website","url":"https:\/\/www.camping-les-genets.fr\/nl\/","name":"Camping les Genets","description":"","publisher":{"@id":"https:\/\/www.camping-les-genets.fr\/nl\/#organization"},"potentialAction":[{"@type":"SearchAction","target":{"@type":"EntryPoint","urlTemplate":"https:\/\/www.camping-les-genets.fr\/nl\/?s={search_term_string}"},"query-input":{"@type":"PropertyValueSpecification","valueRequired":true,"valueName":"search_term_string"}}],"inLanguage":"nl-NL"},{"@type":"Organization","@id":"https:\/\/www.camping-les-genets.fr\/nl\/#organization","name":"Camping les Genets","url":"https:\/\/www.camping-les-genets.fr\/nl\/","logo":{"@type":"ImageObject","inLanguage":"nl-NL","@id":"https:\/\/www.camping-les-genets.fr\/nl\/#\/schema\/logo\/image\/","url":"https:\/\/www.camping-les-genets.fr\/wp-content\/uploads\/2023\/07\/cropped-logo-camping-genets-footer.png","contentUrl":"https:\/\/www.camping-les-genets.fr\/wp-content\/uploads\/2023\/07\/cropped-logo-camping-genets-footer.png","width":500,"height":295,"caption":"Camping les Genets"},"image":{"@id":"https:\/\/www.camping-les-genets.fr\/nl\/#\/schema\/logo\/image\/"}}]}},"_links":{"self":[{"href":"https:\/\/www.camping-les-genets.fr\/nl\/wp-json\/wp\/v2\/pages\/4993","targetHints":{"allow":["GET"]}}],"collection":[{"href":"https:\/\/www.camping-les-genets.fr\/nl\/wp-json\/wp\/v2\/pages"}],"about":[{"href":"https:\/\/www.camping-les-genets.fr\/nl\/wp-json\/wp\/v2\/types\/page"}],"author":[{"embeddable":true,"href":"https:\/\/www.camping-les-genets.fr\/nl\/wp-json\/wp\/v2\/users\/1"}],"replies":[{"embeddable":true,"href":"https:\/\/www.camping-les-genets.fr\/nl\/wp-json\/wp\/v2\/comments?post=4993"}],"version-history":[{"count":3,"href":"https:\/\/www.camping-les-genets.fr\/nl\/wp-json\/wp\/v2\/pages\/4993\/revisions"}],"predecessor-version":[{"id":4996,"href":"https:\/\/www.camping-les-genets.fr\/nl\/wp-json\/wp\/v2\/pages\/4993\/revisions\/4996"}],"wp:featuredmedia":[{"embeddable":true,"href":"https:\/\/www.camping-les-genets.fr\/nl\/wp-json\/wp\/v2\/media\/2444"}],"wp:attachment":[{"href":"https:\/\/www.camping-les-genets.fr\/nl\/wp-json\/wp\/v2\/media?parent=4993"}],"wp:term":[{"taxonomy":"sujet","embeddable":true,"href":"https:\/\/www.camping-les-genets.fr\/nl\/wp-json\/wp\/v2\/sujet?post=4993"}],"curies":[{"name":"wp","href":"https:\/\/api.w.org\/{rel}","templated":true}]}}