{"id":4922,"date":"2023-09-11T16:46:02","date_gmt":"2023-09-11T14:46:02","guid":{"rendered":"https:\/\/www.camping-les-genets.fr\/brousse-le-chateau\/"},"modified":"2024-01-10T10:12:49","modified_gmt":"2024-01-10T09:12:49","slug":"brousse-le-chateau","status":"publish","type":"page","link":"https:\/\/www.camping-les-genets.fr\/nl\/brousse-le-chateau\/","title":{"rendered":"Het kasteel"},"content":{"rendered":"<section id=\"ls-section-block_917fa9a777c8981c3ad1623f88e364aa\" class=\"ls-section  page-chapeau has-p-b p-b-0\" >\r\n        <div class=\"container \">\r\n        \n\n<h1 class=\"ls__heading wp-block-heading has-text-align-center animated fadeInLeft delay-100ms slow\"><strong>Het kasteel<\/strong><\/h1>\n\n\r\n    <\/div>\r\n<\/section><section id=\"ls-section-block_276dd230697d740ba98c1531ecd19f1b\" class=\"ls-section  page-one has-p-b p-b-14\" >\r\n        <div class=\"container container--full\">\r\n        \n\n<div class=\"wp-block-columns is-layout-flex wp-container-core-columns-is-layout-9d6595d7 wp-block-columns-is-layout-flex\">\n<div class=\"wp-block-column first is-layout-flow wp-block-column-is-layout-flow\" style=\"flex-basis:66.66%\">\n<figure class=\"wp-block-image size-full\"><img decoding=\"async\" width=\"2560\" height=\"1696\" src=\"https:\/\/www.camping-les-genets.fr\/wp-content\/uploads\/2023\/09\/Village-a-visiter-Brousse-le-Chateau-dans-Aveyron-scaled.webp\" alt=\"Dorp om te bezoeken, Brousse le Chateau in Aveyron\" class=\"wp-image-1835\" srcset=\"https:\/\/www.camping-les-genets.fr\/wp-content\/uploads\/2023\/09\/Village-a-visiter-Brousse-le-Chateau-dans-Aveyron-scaled.webp 2560w, https:\/\/www.camping-les-genets.fr\/wp-content\/uploads\/2023\/09\/Village-a-visiter-Brousse-le-Chateau-dans-Aveyron-300x199.webp 300w, https:\/\/www.camping-les-genets.fr\/wp-content\/uploads\/2023\/09\/Village-a-visiter-Brousse-le-Chateau-dans-Aveyron-1024x678.webp 1024w, https:\/\/www.camping-les-genets.fr\/wp-content\/uploads\/2023\/09\/Village-a-visiter-Brousse-le-Chateau-dans-Aveyron-768x509.webp 768w, https:\/\/www.camping-les-genets.fr\/wp-content\/uploads\/2023\/09\/Village-a-visiter-Brousse-le-Chateau-dans-Aveyron-1536x1017.webp 1536w, https:\/\/www.camping-les-genets.fr\/wp-content\/uploads\/2023\/09\/Village-a-visiter-Brousse-le-Chateau-dans-Aveyron-2048x1356.webp 2048w\" sizes=\"(max-width: 2560px) 100vw, 2560px\" \/><\/figure>\n<\/div>\n\n\n\n<div class=\"wp-block-column is-vertically-aligned-center second has-color-white-background-color has-background is-layout-flow wp-block-column-is-layout-flow\" style=\"flex-basis:33.33%\">\n<h2 class=\"ls__heading wp-block-heading\"><strong>Vakantie<\/strong> bij Brousse Le Ch\u00e2teau<\/h2>\n\n\n\n<p class=\"ls-paragraph\">36 kilometer ten zuidwesten van <a href=\"https:\/\/www.camping-les-genets.fr\/nl\/\" target=\"_blank\" rel=\"noreferrer noopener\">camping Les Gen\u00eats in Aveyron<\/a> biedt <a href=\"https:\/\/www.brousselechateau.net\/\" target=\"_blank\" rel=\"noreferrer noopener\">Brousse-le-Ch\u00e2teau<\/a> een schilderachtig landschap dat wordt gedomineerd door het silhouet van zijn 9e-eeuwse versterkte kasteel. Het staat op de lijst van <strong>&#8220;Mooiste dorpen van Frankrijk&#8221;<\/strong> en is zeker een bezoekje waard!<\/p>\n\n\n\n<p class=\"ls-paragraph\">Het<strong> middeleeuwse fort domineert het dorp<\/strong> op zijn rotsachtige uitloper. Het gebouw is goed bewaard gebleven en heeft nog steeds een groot deel van de borstwering, verdedigingstorens, het verblijf van de heer, de officierswoning en de versterkte omheining.<br\/><br\/>Tijdens je bezoek kun je tijdelijke kunsttentoonstellingen ontdekken, maar ook een permanente museografie over de geschiedenis van het kasteel, de wetenschap van strategie en middeleeuwse wapens. Middeleeuwse drama&#8217;s en spelletjes zijn bijzonder populair bij kinderen.<\/p>\n<\/div>\n<\/div>\n\n\r\n    <\/div>\r\n<\/section><section id=\"ls-section-block_295c03fe6b4d3ea5e8fe553b74f86c05\" class=\"ls-section \" >\r\n        <div class=\"container container--wide\">\r\n        \n\n<div class=\"wp-block-columns is-layout-flex wp-container-core-columns-is-layout-9d6595d7 wp-block-columns-is-layout-flex\">\n<div class=\"wp-block-column first is-layout-flow wp-block-column-is-layout-flow\">\n<h2 class=\"ls__heading wp-block-heading\"><strong>Routebeschrijving voor camping<\/strong> Brousse le Ch\u00e2teau<\/h2>\n\n\n\n<p class=\"ls-paragraph\"><strong>Brousse-le-Ch\u00e2teau<\/strong> ligt op ongeveer 45 minuten rijden van Les Gen\u00eats (38 km). Om er te komen ga je naar Salles-Curan en rijd je zuidwaarts op de D44 richting Villefranche-de-Panat. Je kunt hier stoppen om <strong>de kerk van La Besse-Vors te bezoeken<\/strong> en <strong>rond het meer wandelen<\/strong>, dat een waterkrachtcentrale van stroom voorziet.<\/p>\n\n\n\n<p class=\"ls-paragraph addReadMore showlesscontent\">Als je van het <strong>plaatselijke erfgoed<\/strong> houdt, maak dan een uitstapje naar Durenque, waar <strong>het Fran\u00e7ois Fabi\u00e9 Museum<\/strong> is gevestigd, gewijd aan de plaatselijke dichter en gehuisvest in zijn geboortehuis (Moulin de Roupeyrac).<br\/><br\/>Keer dan terug en volg de D44 naar Lestrade-et-Thouels en Brousse-le-Ch\u00e2teau.<\/p>\n<\/div>\n\n\n\n<div class=\"wp-block-column is-vertically-aligned-center second is-layout-flow wp-block-column-is-layout-flow\" style=\"flex-basis:800px\">\n<iframe src=\"https:\/\/www.google.com\/maps\/embed?pb=!1m28!1m12!1m3!1d91703.88074223608!2d2.6215926888994416!3d44.08859124134581!2m3!1f0!2f0!3f0!3m2!1i1024!2i768!4f13.1!4m13!3e0!4m5!1s0x12b2683ba8eaa029%3A0x9e3dc1bbe65d1b4b!2sCamping%20les%20Gen%C3%AAts%20%7C%20Camping%20Aveyron%2C%20Lac%20de%20Pareloup%2C%20Salles-Curan!3m2!1d44.1894481!2d2.7667329!4m5!1s0x12b21204a70a8b59%3A0xd7a92a2a47240a13!2sBrousse%20le%20Ch%C3%A2teau%2C%20Brousse-le-Ch%C3%A2teau!3m2!1d43.9972567!2d2.6245852!5e0!3m2!1sfr!2sfr!4v1694528012652!5m2!1sfr!2sfr\" width=\"800\" height=\"600\" style=\"border:0;\" allowfullscreen=\"\" loading=\"lazy\" referrerpolicy=\"no-referrer-when-downgrade\"><\/iframe>\n<\/div>\n<\/div>\n\n\r\n    <\/div>\r\n<\/section><section id=\"ls-section-block_fef65b585df0c05f04c8e5e65314b733\" class=\"ls-section  page-maillage has-p-t p-t-14 has-p-b p-b-14\" >\r\n        <div class=\"container container--wide\">\r\n        \n\n<div id=\"ls-heading ls-titre-div-block_c64cb537d823a38d6db58612bede8422\" class=\"ls-titre-div aligncenter h2-like has-m-b m-b-8\" >\n    Ontdek wandelen in Aveyron, La Couvertoirade en het Viaduct van Millau!  <\/div>\n\n\n<div id=\"ls-maillage-block_c65cca88cc083e69c0c7e5b34fb7e329\" class=\"ls-maillage slow animated fadeInUp delay-100ms cta-style-normal\" data-rows=\"3\">\r\n    <div class=\"wp-block-columns\"><div class=\"wp-block-column\">\n\n<a href=\"https:\/\/www.camping-les-genets.fr\/nl\/la-couvertoirade\/\" target=\"\" rel=\"noopener\" class=\"ls-cta__link\">\n\n\t<div class=\"ls-cta__image\"><img decoding=\"async\" src=\"https:\/\/www.camping-les-genets.fr\/wp-content\/uploads\/2024\/02\/Village-francais-768x960.webp\" alt=\"dorp la couvertoirade\"><\/div>\n\t<div class=\"ls-cta__title\">\n\t\tDe couvertoirade\t<\/div>\n\n\t\t\n<\/a><\/div><div class=\"wp-block-column\">\n\n<a href=\"https:\/\/www.camping-les-genets.fr\/nl\/wandelen-in-aveyron\/\" target=\"\" rel=\"noopener\" class=\"ls-cta__link\">\n\n\t<div class=\"ls-cta__image\"><img decoding=\"async\" src=\"https:\/\/www.camping-les-genets.fr\/wp-content\/uploads\/2023\/09\/Randonnee-pedestre-dans-lAveyron-768x1152.webp\" alt=\"Wandelen in Aveyron\"><\/div>\n\t<div class=\"ls-cta__title\">\n\t\tWandelen in Aveyron\t<\/div>\n\n\t\t\n<\/a><\/div><div class=\"wp-block-column\">\n\n<a href=\"https:\/\/www.camping-les-genets.fr\/nl\/tourisme-millau\/\" target=\"\" rel=\"noopener\" class=\"ls-cta__link\">\n\n\t<div class=\"ls-cta__image\"><img decoding=\"async\" src=\"https:\/\/www.camping-les-genets.fr\/wp-content\/uploads\/2023\/09\/Passage-sur-le-viaduc-de-millau-proche-du-camping-les-genets-768x918.webp\" alt=\"Doorgang over het viaduct van Millau bij camping Les Gen\u00eats\"><\/div>\n\t<div class=\"ls-cta__title\">\n\t\tViaduct van Millau\t<\/div>\n\n\t\t\n<\/a><\/div><\/div><\/div>\n\r\n    <\/div>\r\n<\/section>","protected":false},"excerpt":{"rendered":"","protected":false},"author":1,"featured_media":1840,"parent":0,"menu_order":0,"comment_status":"closed","ping_status":"closed","template":"","meta":{"_acf_changed":false,"inline_featured_image":false,"footnotes":""},"sujet":[],"class_list":["post-4922","page","type-page","status-publish","has-post-thumbnail","hentry"],"acf":[],"yoast_head":"<!-- This site is optimized with the Yoast SEO plugin v27.3 - https:\/\/yoast.com\/product\/yoast-seo-wordpress\/ -->\n<title>Chateau de Brousse : vakanties en activiteiten in Brousse le Ch\u00e2teau<\/title>\n<meta name=\"description\" content=\"Op zoek naar een camping in Brousse le Ch\u00e2teau? Camping Les Gen\u00eats heet u welkom in Aveyron en presenteert de activiteiten die beschikbaar zijn in Brousse le Ch\u00e2teau!\" \/>\n<meta name=\"robots\" content=\"index, follow, max-snippet:-1, max-image-preview:large, max-video-preview:-1\" \/>\n<link rel=\"canonical\" href=\"https:\/\/www.camping-les-genets.fr\/nl\/brousse-le-chateau\/\" \/>\n<meta property=\"og:locale\" content=\"nl_NL\" \/>\n<meta property=\"og:type\" content=\"article\" \/>\n<meta property=\"og:title\" content=\"Chateau de Brousse : vakanties en activiteiten in Brousse le Ch\u00e2teau\" \/>\n<meta property=\"og:description\" content=\"Op zoek naar een camping in Brousse le Ch\u00e2teau? Camping Les Gen\u00eats heet u welkom in Aveyron en presenteert de activiteiten die beschikbaar zijn in Brousse le Ch\u00e2teau!\" \/>\n<meta property=\"og:url\" content=\"https:\/\/www.camping-les-genets.fr\/nl\/brousse-le-chateau\/\" \/>\n<meta property=\"og:site_name\" content=\"Camping les Genets\" \/>\n<meta property=\"article:modified_time\" content=\"2024-01-10T09:12:49+00:00\" \/>\n<meta property=\"og:image\" content=\"https:\/\/www.camping-les-genets.fr\/wp-content\/uploads\/2023\/09\/Vue-des-montagnes-dans-lAveyron-scaled.webp\" \/>\n\t<meta property=\"og:image:width\" content=\"2560\" \/>\n\t<meta property=\"og:image:height\" content=\"1520\" \/>\n\t<meta property=\"og:image:type\" content=\"image\/webp\" \/>\n<meta name=\"twitter:card\" content=\"summary_large_image\" \/>\n<meta name=\"twitter:label1\" content=\"Geschatte leestijd\" \/>\n\t<meta name=\"twitter:data1\" content=\"1 minuut\" \/>\n<script type=\"application\/ld+json\" class=\"yoast-schema-graph\">{\"@context\":\"https:\\\/\\\/schema.org\",\"@graph\":[{\"@type\":\"WebPage\",\"@id\":\"https:\\\/\\\/www.camping-les-genets.fr\\\/nl\\\/brousse-le-chateau\\\/\",\"url\":\"https:\\\/\\\/www.camping-les-genets.fr\\\/nl\\\/brousse-le-chateau\\\/\",\"name\":\"Chateau de Brousse : vakanties en activiteiten in Brousse le Ch\u00e2teau\",\"isPartOf\":{\"@id\":\"https:\\\/\\\/www.camping-les-genets.fr\\\/nl\\\/#website\"},\"primaryImageOfPage\":{\"@id\":\"https:\\\/\\\/www.camping-les-genets.fr\\\/nl\\\/brousse-le-chateau\\\/#primaryimage\"},\"image\":{\"@id\":\"https:\\\/\\\/www.camping-les-genets.fr\\\/nl\\\/brousse-le-chateau\\\/#primaryimage\"},\"thumbnailUrl\":\"https:\\\/\\\/www.camping-les-genets.fr\\\/wp-content\\\/uploads\\\/2023\\\/09\\\/Vue-des-montagnes-dans-lAveyron-scaled.webp\",\"datePublished\":\"2023-09-11T14:46:02+00:00\",\"dateModified\":\"2024-01-10T09:12:49+00:00\",\"description\":\"Op zoek naar een camping in Brousse le Ch\u00e2teau? Camping Les Gen\u00eats heet u welkom in Aveyron en presenteert de activiteiten die beschikbaar zijn in Brousse le Ch\u00e2teau!\",\"breadcrumb\":{\"@id\":\"https:\\\/\\\/www.camping-les-genets.fr\\\/nl\\\/brousse-le-chateau\\\/#breadcrumb\"},\"inLanguage\":\"nl-NL\",\"potentialAction\":[{\"@type\":\"ReadAction\",\"target\":[\"https:\\\/\\\/www.camping-les-genets.fr\\\/nl\\\/brousse-le-chateau\\\/\"]}]},{\"@type\":\"ImageObject\",\"inLanguage\":\"nl-NL\",\"@id\":\"https:\\\/\\\/www.camping-les-genets.fr\\\/nl\\\/brousse-le-chateau\\\/#primaryimage\",\"url\":\"https:\\\/\\\/www.camping-les-genets.fr\\\/wp-content\\\/uploads\\\/2023\\\/09\\\/Vue-des-montagnes-dans-lAveyron-scaled.webp\",\"contentUrl\":\"https:\\\/\\\/www.camping-les-genets.fr\\\/wp-content\\\/uploads\\\/2023\\\/09\\\/Vue-des-montagnes-dans-lAveyron-scaled.webp\",\"width\":2560,\"height\":1520,\"caption\":\"Uitzicht op de bergen in Aveyron\"},{\"@type\":\"BreadcrumbList\",\"@id\":\"https:\\\/\\\/www.camping-les-genets.fr\\\/nl\\\/brousse-le-chateau\\\/#breadcrumb\",\"itemListElement\":[{\"@type\":\"ListItem\",\"position\":1,\"name\":\"Camping Aveyron\",\"item\":\"https:\\\/\\\/www.camping-les-genets.fr\\\/nl\\\/\"},{\"@type\":\"ListItem\",\"position\":2,\"name\":\"Het kasteel\"}]},{\"@type\":\"WebSite\",\"@id\":\"https:\\\/\\\/www.camping-les-genets.fr\\\/nl\\\/#website\",\"url\":\"https:\\\/\\\/www.camping-les-genets.fr\\\/nl\\\/\",\"name\":\"Camping les Genets\",\"description\":\"\",\"publisher\":{\"@id\":\"https:\\\/\\\/www.camping-les-genets.fr\\\/nl\\\/#organization\"},\"potentialAction\":[{\"@type\":\"SearchAction\",\"target\":{\"@type\":\"EntryPoint\",\"urlTemplate\":\"https:\\\/\\\/www.camping-les-genets.fr\\\/nl\\\/?s={search_term_string}\"},\"query-input\":{\"@type\":\"PropertyValueSpecification\",\"valueRequired\":true,\"valueName\":\"search_term_string\"}}],\"inLanguage\":\"nl-NL\"},{\"@type\":\"Organization\",\"@id\":\"https:\\\/\\\/www.camping-les-genets.fr\\\/nl\\\/#organization\",\"name\":\"Camping les Genets\",\"url\":\"https:\\\/\\\/www.camping-les-genets.fr\\\/nl\\\/\",\"logo\":{\"@type\":\"ImageObject\",\"inLanguage\":\"nl-NL\",\"@id\":\"https:\\\/\\\/www.camping-les-genets.fr\\\/nl\\\/#\\\/schema\\\/logo\\\/image\\\/\",\"url\":\"https:\\\/\\\/www.camping-les-genets.fr\\\/wp-content\\\/uploads\\\/2023\\\/07\\\/cropped-logo-camping-genets-footer.png\",\"contentUrl\":\"https:\\\/\\\/www.camping-les-genets.fr\\\/wp-content\\\/uploads\\\/2023\\\/07\\\/cropped-logo-camping-genets-footer.png\",\"width\":500,\"height\":295,\"caption\":\"Camping les Genets\"},\"image\":{\"@id\":\"https:\\\/\\\/www.camping-les-genets.fr\\\/nl\\\/#\\\/schema\\\/logo\\\/image\\\/\"}}]}<\/script>\n<!-- \/ Yoast SEO plugin. -->","yoast_head_json":{"title":"Chateau de Brousse : vakanties en activiteiten in Brousse le Ch\u00e2teau","description":"Op zoek naar een camping in Brousse le Ch\u00e2teau? Camping Les Gen\u00eats heet u welkom in Aveyron en presenteert de activiteiten die beschikbaar zijn in Brousse le Ch\u00e2teau!","robots":{"index":"index","follow":"follow","max-snippet":"max-snippet:-1","max-image-preview":"max-image-preview:large","max-video-preview":"max-video-preview:-1"},"canonical":"https:\/\/www.camping-les-genets.fr\/nl\/brousse-le-chateau\/","og_locale":"nl_NL","og_type":"article","og_title":"Chateau de Brousse : vakanties en activiteiten in Brousse le Ch\u00e2teau","og_description":"Op zoek naar een camping in Brousse le Ch\u00e2teau? Camping Les Gen\u00eats heet u welkom in Aveyron en presenteert de activiteiten die beschikbaar zijn in Brousse le Ch\u00e2teau!","og_url":"https:\/\/www.camping-les-genets.fr\/nl\/brousse-le-chateau\/","og_site_name":"Camping les Genets","article_modified_time":"2024-01-10T09:12:49+00:00","og_image":[{"width":2560,"height":1520,"url":"https:\/\/www.camping-les-genets.fr\/wp-content\/uploads\/2023\/09\/Vue-des-montagnes-dans-lAveyron-scaled.webp","type":"image\/webp"}],"twitter_card":"summary_large_image","twitter_misc":{"Geschatte leestijd":"1 minuut"},"schema":{"@context":"https:\/\/schema.org","@graph":[{"@type":"WebPage","@id":"https:\/\/www.camping-les-genets.fr\/nl\/brousse-le-chateau\/","url":"https:\/\/www.camping-les-genets.fr\/nl\/brousse-le-chateau\/","name":"Chateau de Brousse : vakanties en activiteiten in Brousse le Ch\u00e2teau","isPartOf":{"@id":"https:\/\/www.camping-les-genets.fr\/nl\/#website"},"primaryImageOfPage":{"@id":"https:\/\/www.camping-les-genets.fr\/nl\/brousse-le-chateau\/#primaryimage"},"image":{"@id":"https:\/\/www.camping-les-genets.fr\/nl\/brousse-le-chateau\/#primaryimage"},"thumbnailUrl":"https:\/\/www.camping-les-genets.fr\/wp-content\/uploads\/2023\/09\/Vue-des-montagnes-dans-lAveyron-scaled.webp","datePublished":"2023-09-11T14:46:02+00:00","dateModified":"2024-01-10T09:12:49+00:00","description":"Op zoek naar een camping in Brousse le Ch\u00e2teau? Camping Les Gen\u00eats heet u welkom in Aveyron en presenteert de activiteiten die beschikbaar zijn in Brousse le Ch\u00e2teau!","breadcrumb":{"@id":"https:\/\/www.camping-les-genets.fr\/nl\/brousse-le-chateau\/#breadcrumb"},"inLanguage":"nl-NL","potentialAction":[{"@type":"ReadAction","target":["https:\/\/www.camping-les-genets.fr\/nl\/brousse-le-chateau\/"]}]},{"@type":"ImageObject","inLanguage":"nl-NL","@id":"https:\/\/www.camping-les-genets.fr\/nl\/brousse-le-chateau\/#primaryimage","url":"https:\/\/www.camping-les-genets.fr\/wp-content\/uploads\/2023\/09\/Vue-des-montagnes-dans-lAveyron-scaled.webp","contentUrl":"https:\/\/www.camping-les-genets.fr\/wp-content\/uploads\/2023\/09\/Vue-des-montagnes-dans-lAveyron-scaled.webp","width":2560,"height":1520,"caption":"Uitzicht op de bergen in Aveyron"},{"@type":"BreadcrumbList","@id":"https:\/\/www.camping-les-genets.fr\/nl\/brousse-le-chateau\/#breadcrumb","itemListElement":[{"@type":"ListItem","position":1,"name":"Camping Aveyron","item":"https:\/\/www.camping-les-genets.fr\/nl\/"},{"@type":"ListItem","position":2,"name":"Het kasteel"}]},{"@type":"WebSite","@id":"https:\/\/www.camping-les-genets.fr\/nl\/#website","url":"https:\/\/www.camping-les-genets.fr\/nl\/","name":"Camping les Genets","description":"","publisher":{"@id":"https:\/\/www.camping-les-genets.fr\/nl\/#organization"},"potentialAction":[{"@type":"SearchAction","target":{"@type":"EntryPoint","urlTemplate":"https:\/\/www.camping-les-genets.fr\/nl\/?s={search_term_string}"},"query-input":{"@type":"PropertyValueSpecification","valueRequired":true,"valueName":"search_term_string"}}],"inLanguage":"nl-NL"},{"@type":"Organization","@id":"https:\/\/www.camping-les-genets.fr\/nl\/#organization","name":"Camping les Genets","url":"https:\/\/www.camping-les-genets.fr\/nl\/","logo":{"@type":"ImageObject","inLanguage":"nl-NL","@id":"https:\/\/www.camping-les-genets.fr\/nl\/#\/schema\/logo\/image\/","url":"https:\/\/www.camping-les-genets.fr\/wp-content\/uploads\/2023\/07\/cropped-logo-camping-genets-footer.png","contentUrl":"https:\/\/www.camping-les-genets.fr\/wp-content\/uploads\/2023\/07\/cropped-logo-camping-genets-footer.png","width":500,"height":295,"caption":"Camping les Genets"},"image":{"@id":"https:\/\/www.camping-les-genets.fr\/nl\/#\/schema\/logo\/image\/"}}]}},"_links":{"self":[{"href":"https:\/\/www.camping-les-genets.fr\/nl\/wp-json\/wp\/v2\/pages\/4922","targetHints":{"allow":["GET"]}}],"collection":[{"href":"https:\/\/www.camping-les-genets.fr\/nl\/wp-json\/wp\/v2\/pages"}],"about":[{"href":"https:\/\/www.camping-les-genets.fr\/nl\/wp-json\/wp\/v2\/types\/page"}],"author":[{"embeddable":true,"href":"https:\/\/www.camping-les-genets.fr\/nl\/wp-json\/wp\/v2\/users\/1"}],"replies":[{"embeddable":true,"href":"https:\/\/www.camping-les-genets.fr\/nl\/wp-json\/wp\/v2\/comments?post=4922"}],"version-history":[{"count":4,"href":"https:\/\/www.camping-les-genets.fr\/nl\/wp-json\/wp\/v2\/pages\/4922\/revisions"}],"predecessor-version":[{"id":5788,"href":"https:\/\/www.camping-les-genets.fr\/nl\/wp-json\/wp\/v2\/pages\/4922\/revisions\/5788"}],"wp:featuredmedia":[{"embeddable":true,"href":"https:\/\/www.camping-les-genets.fr\/nl\/wp-json\/wp\/v2\/media\/1840"}],"wp:attachment":[{"href":"https:\/\/www.camping-les-genets.fr\/nl\/wp-json\/wp\/v2\/media?parent=4922"}],"wp:term":[{"taxonomy":"sujet","embeddable":true,"href":"https:\/\/www.camping-les-genets.fr\/nl\/wp-json\/wp\/v2\/sujet?post=4922"}],"curies":[{"name":"wp","href":"https:\/\/api.w.org\/{rel}","templated":true}]}}