{"id":7114,"date":"2025-03-14T14:58:20","date_gmt":"2025-03-14T13:58:20","guid":{"rendered":"https:\/\/www.camping-les-genets.fr\/?page_id=7114"},"modified":"2025-04-17T13:48:40","modified_gmt":"2025-04-17T11:48:40","slug":"musee-denys-puech","status":"publish","type":"page","link":"https:\/\/www.camping-les-genets.fr\/fr\/musee-denys-puech\/","title":{"rendered":"Le mus\u00e9e Denys Puech"},"content":{"rendered":"<section id=\"ls-section-block_7e3ba000c7786b4e905900acd3ec6065\" class=\"ls-section  page-chapeau has-p-b p-b-0\" >\r\n        <div class=\"container \">\r\n        \n\n<h1 class=\"ls__heading wp-block-heading has-text-align-center animated fadeInLeft delay-100ms slow\"><strong>Le mus\u00e9e Denys Puech<\/strong><\/h1>\n\n\n\n<p class=\"ls-paragraph has-text-align-center\">Vous aspirez \u00e0 une pause culturelle et artistique pendant vos vacances dans l\u2019Aveyron ? Partez visiter le <strong>mus\u00e9e Denys-Puech<\/strong>, le mus\u00e9e des Beaux-Arts de Rodez, et ce lors de votre s\u00e9jour au sein de notre <a href=\"https:\/\/www.camping-les-genets.fr\/fr\/\">camping 5 \u00e9toiles dans l\u2019Aveyron<\/a>.<\/p>\n\n\r\n    <\/div>\r\n<\/section>\n\n<section id=\"ls-section-block_f344769bbc7a5af187a5e7cb1527cc24\" class=\"ls-section  page-one has-p-b p-b-14\" >\r\n        <div class=\"container container--full\">\r\n        \n\n<div class=\"wp-block-columns is-layout-flex wp-container-core-columns-is-layout-9d6595d7 wp-block-columns-is-layout-flex\">\n<div class=\"wp-block-column first is-layout-flow wp-block-column-is-layout-flow\" style=\"flex-basis:66.66%\">\n<figure class=\"wp-block-image size-full\"><img decoding=\"async\" width=\"853\" height=\"1280\" src=\"https:\/\/www.camping-les-genets.fr\/wp-content\/uploads\/2025\/03\/art.jpg\" alt=\"Le mus\u00e9e Denys Puech\" class=\"wp-image-7118\" srcset=\"https:\/\/www.camping-les-genets.fr\/wp-content\/uploads\/2025\/03\/art.jpg 853w, https:\/\/www.camping-les-genets.fr\/wp-content\/uploads\/2025\/03\/art-200x300.jpg 200w, https:\/\/www.camping-les-genets.fr\/wp-content\/uploads\/2025\/03\/art-682x1024.jpg 682w, https:\/\/www.camping-les-genets.fr\/wp-content\/uploads\/2025\/03\/art-768x1152.jpg 768w\" sizes=\"(max-width: 853px) 100vw, 853px\" \/><\/figure>\n<\/div>\n\n\n\n<div class=\"wp-block-column is-vertically-aligned-center second has-color-white-background-color has-background is-layout-flow wp-block-column-is-layout-flow\" style=\"flex-basis:33.33%\">\n<h2 class=\"ls__heading wp-block-heading\"><strong>Un splendide mus\u00e9e au coeur de Rodez<\/strong><\/h2>\n\n\n\n<p class=\"ls-paragraph\">Inaugur\u00e9 le 17 juillet 1910, <strong>le mus\u00e9e Denys-Puech<\/strong> est le fruit des plans con\u00e7us par <strong>Andr\u00e9 Boyer<\/strong>. Ses <strong>larges baies vitr\u00e9es<\/strong> structurent la fa\u00e7ade tout en illuminant le rez-de-chauss\u00e9e, o\u00f9 sont expos\u00e9es les sculptures.<\/p>\n\n\n\n<p class=\"ls-paragraph\">En 1989, <strong>Fran\u00e7ois Morellet<\/strong>, artiste contemporain, a enrichi les fa\u00e7ades lat\u00e9rales de ce mus\u00e9e des Beaux-Arts. Il a superpos\u00e9 un cercle et un carr\u00e9, cr\u00e9ant des <strong>formes g\u00e9om\u00e9triques<\/strong> visibles uniquement depuis un angle pr\u00e9cis. Ces \u00e9l\u00e9ments, r\u00e9alis\u00e9s avec les m\u00eames mat\u00e9riaux que ceux utilis\u00e9s par Andr\u00e9 Boyer, <strong>se fondent dans l\u2019architecture<\/strong> lorsque le spectateur change de position.<\/p>\n\n\n\n<p class=\"ls-paragraph\">Alliant architecture classique et interventions contemporaines, <strong>le mus\u00e9e Denys-Puech<\/strong> s\u2019impose comme un lieu incontournable de l\u2019art \u00e0 Rodez.<\/p>\n<\/div>\n<\/div>\n\n\r\n    <\/div>\r\n<\/section>\n\n<section id=\"ls-section-block_b19b28239222c0c89c39037f686b218d\" class=\"ls-section  page-two background-blu-right has-p-t p-t-14\" >\r\n        <div class=\"container container--wide\">\r\n        \n\n<div class=\"wp-block-columns is-layout-flex wp-container-core-columns-is-layout-9d6595d7 wp-block-columns-is-layout-flex\">\n<div class=\"wp-block-column is-vertically-aligned-top first is-layout-flow wp-block-column-is-layout-flow\" style=\"flex-basis:33.33%\">\n<h2 class=\"ls__heading wp-block-heading\"><strong>Les sculptures gracieuses et raffin\u00e9es de Denys Puech<\/strong><\/h2>\n\n\n\n<p class=\"ls-paragraph\">Les <strong>sculptures de Denys Puech<\/strong> occupent une place centrale au rez-de-chauss\u00e9e de ce mus\u00e9e des Beaux-Arts de Rodez. Laur\u00e9at du Grand Prix de Rome, cet artiste fut une <strong>figure notable de son \u00e9poque<\/strong> et l&rsquo;un des sculpteurs officiels de la IIIe R\u00e9publique. Ses cr\u00e9ations sont surtout reconnues pour leurs <strong>portraits f\u00e9minins<\/strong> empreints de m\u00e9lancolie.<\/p>\n\n\n\n<p class=\"ls-paragraph\">Adoptant un style acad\u00e9mique tout au long de sa carri\u00e8re, l\u2019artiste Denys Puech est rest\u00e9 d\u00e9tach\u00e9 des mouvements artistiques novateurs de son temps. Ces portraits, expos\u00e9s au <strong>mus\u00e9e Denys-Puech de Rodez<\/strong>, ont largement contribu\u00e9 \u00e0 sa notori\u00e9t\u00e9.<\/p>\n<\/div>\n\n\n\n<div class=\"wp-block-column second is-layout-flow wp-block-column-is-layout-flow\" style=\"flex-basis:66.66%\">\n<figure class=\"wp-block-image size-full image\"><img decoding=\"async\" width=\"1280\" height=\"853\" src=\"https:\/\/www.camping-les-genets.fr\/wp-content\/uploads\/2025\/03\/Exposition.jpg\" alt=\"Les sculptures gracieuses et raffin\u00e9es de Denys Puech\" class=\"wp-image-7126\" srcset=\"https:\/\/www.camping-les-genets.fr\/wp-content\/uploads\/2025\/03\/Exposition.jpg 1280w, https:\/\/www.camping-les-genets.fr\/wp-content\/uploads\/2025\/03\/Exposition-300x200.jpg 300w, https:\/\/www.camping-les-genets.fr\/wp-content\/uploads\/2025\/03\/Exposition-1024x682.jpg 1024w, https:\/\/www.camping-les-genets.fr\/wp-content\/uploads\/2025\/03\/Exposition-768x512.jpg 768w\" sizes=\"(max-width: 1280px) 100vw, 1280px\" \/><\/figure>\n<\/div>\n<\/div>\n\n\r\n    <\/div>\r\n<\/section>\n\n<section id=\"ls-section-block_0e1f40b68db24c5921024d8c3b4a2af0\" class=\"ls-section  home-piscine has-background-image has-p-t p-t-20 has-p-b p-b-20\" >\r\n    <div class=\"ls-section__background-image opacity-100\"><img decoding=\"async\" src=\"https:\/\/www.camping-les-genets.fr\/wp-content\/uploads\/2025\/03\/museum-246222_1280.jpg\" alt=\"Mus\u00e9e Denys Puech\"><\/div>    <div class=\"container container--full\">\r\n        \n\n<div class=\"wp-block-columns is-layout-flex wp-container-core-columns-is-layout-9d6595d7 wp-block-columns-is-layout-flex\">\n<div class=\"wp-block-column is-vertically-aligned-center first is-layout-flow wp-block-column-is-layout-flow\" style=\"flex-basis:60%\"><\/div>\n\n\n\n<div class=\"wp-block-column second has-color-white-background-color has-background is-layout-flow wp-block-column-is-layout-flow\" style=\"flex-basis:40%\">\n<h2 class=\"ls__heading wp-block-heading\"><strong>Maurice Bompard et Eug\u00e8ne Viala : des amis et donateurs du mus\u00e9e<\/strong><\/h2>\n\n\n\n<p class=\"ls-paragraph\">Les murs du <strong>mus\u00e9e Denys-Puech<\/strong> pr\u00e9sentent \u00e9galement des <strong>\u0153uvres de Maurice Bompard et Eug\u00e8ne Viala<\/strong>, deux artistes proches de Denys Puech.<\/p>\n\n\n\n<p class=\"ls-paragraph\">Maurice Bompard, peintre orientaliste n\u00e9 \u00e0 Rodez en 1857, est l\u2019un des initiateurs de la <strong>Soci\u00e9t\u00e9 des peintres orientalistes fran\u00e7ais<\/strong>. En plus de ses peintures, il a d\u00e9cor\u00e9 les espaces communs de l\u2019h\u00f4tel Mercure de Rodez, notamment le salon et la salle de restaurant.<\/p>\n\n\n\n<p class=\"ls-paragraph\">Quant \u00e0 Eug\u00e8ne Viala, originaire de Salles-Curan, il s\u2019est distingu\u00e9 par son talent dans la <strong>gravure \u00e0 l\u2019eau-forte<\/strong>. Artiste solitaire et libre penseur, il s\u2019inspire principalement des paysages aust\u00e8res du L\u00e9vezou, sa r\u00e9gion natale. Admirateur de Gustave Moreau, son \u0153uvre refl\u00e8te des <strong>influences romantiques et symbolistes<\/strong>, teint\u00e9es d\u2019un univers fantastique.<\/p>\n\n\n\n<p class=\"ls-paragraph\"><\/p>\n\n\n\n<p class=\"ls-paragraph\"><\/p>\n<\/div>\n<\/div>\n\n\r\n    <\/div>\r\n<\/section>\n\n<section id=\"ls-section-block_83fb5b99ffeff630926386dd180fcc61\" class=\"ls-section \" >\r\n        <div class=\"container \">\r\n        \n\n<h2 class=\"ls__heading wp-block-heading has-text-align-center\"><strong>Un mus\u00e9e entre tradition et modernit\u00e9<\/strong><\/h2>\n\n\n\n<p class=\"ls-paragraph\">Le <strong>mus\u00e9e Denys-Puech<\/strong> ne se limite pas \u00e0 son h\u00e9ritage acad\u00e9mique du XIXe si\u00e8cle. Depuis sa r\u00e9novation dans les ann\u00e9es 1980, il s\u2019affirme comme un <strong>espace ouvert \u00e0 la cr\u00e9ation contemporaine<\/strong>. L\u2019intervention de Fran\u00e7ois Morellet en 1989 en est un bel exemple : ses formes g\u00e9om\u00e9triques discr\u00e8tes dialoguent avec l\u2019architecture d\u2019Andr\u00e9 Boyer. Plus r\u00e9cemment, les <strong>sculptures embl\u00e9matiques d\u2019Aur\u00e8le<\/strong>, six chiens jaunes en bronze, se sont install\u00e9es sur les consoles ext\u00e9rieures du mus\u00e9e, affirmant ainsi son double ancrage : un <strong>mus\u00e9e des Beaux-Arts<\/strong> fid\u00e8le \u00e0 Denys Puech et un <strong>espace tourn\u00e9 vers l\u2019art contemporain<\/strong>.<br><\/p>\n\n\r\n    <\/div>\r\n<\/section>\n\n<section id=\"ls-section-block_b19b28239222c0c89c39037f686b218d\" class=\"ls-section  page-two background-blu-right has-p-t p-t-14\" >\r\n        <div class=\"container container--wide\">\r\n        \n\n<div class=\"wp-block-columns is-layout-flex wp-container-core-columns-is-layout-9d6595d7 wp-block-columns-is-layout-flex\">\n<div class=\"wp-block-column is-vertically-aligned-top first is-layout-flow wp-block-column-is-layout-flow\" style=\"flex-basis:33.33%\">\n<h2 class=\"ls__heading wp-block-heading\"><strong>Mus\u00e9e Denys-Puech : informations pratiques<\/strong><\/h2>\n\n\n\n<p class=\"ls-paragraph\">Le <strong>mus\u00e9e Denys-Puech<\/strong> est situ\u00e9 Place Cl\u00e9menceau, \u00e0 Rodez. Depuis notre <a href=\"https:\/\/www.camping-les-genets.fr\/fr\/camping-rodez\/\">camping pr\u00e8s de Rodez<\/a>, il vous faudra 40 minutes pour vous y rendre. L\u2019entr\u00e9e du mus\u00e9e est libre.<\/p>\n\n\n\n<p class=\"ls-paragraph\">Le mus\u00e9e est ouvert de septembre \u00e0 juin, <strong>du mercredi au dimanche<\/strong>, de 14h \u00e0 18h. En juillet et ao\u00fbt, il est accessible du mardi au dimanche, de 14h \u00e0 18h. Il est ferm\u00e9 les 1er janvier, 1er mai, 1er novembre et 25 d\u00e9cembre.<\/p>\n\n\n\n<p class=\"ls-paragraph\">Pour se rendre au <strong>mus\u00e9e des Beaux-Arts de Rodez<\/strong> depuis Salles-Curan, l\u2019acc\u00e8s peut se faire en voiture en empruntant la D993, puis la RN88 en direction de Rodez \u2013 Centre-ville.Amateur de sculpture, f\u00e9ru d\u2019art, partez <strong>visiter le mus\u00e9e Denys-Puech<\/strong> le temps de vos vacances dans l&rsquo;Aveyron !<\/p>\n<\/div>\n\n\n\n<div class=\"wp-block-column second is-layout-flow wp-block-column-is-layout-flow\" style=\"flex-basis:66.66%\">\n<figure class=\"wp-block-image size-full image\"><img decoding=\"async\" width=\"750\" height=\"350\" src=\"https:\/\/www.camping-les-genets.fr\/wp-content\/uploads\/2025\/03\/musee-denys-puech-rodez.jpg\" alt=\"Mus\u00e9e Denys Puech \u00e0 Rodez dans l'Aveyron\" class=\"wp-image-7169\" srcset=\"https:\/\/www.camping-les-genets.fr\/wp-content\/uploads\/2025\/03\/musee-denys-puech-rodez.jpg 750w, https:\/\/www.camping-les-genets.fr\/wp-content\/uploads\/2025\/03\/musee-denys-puech-rodez-300x140.jpg 300w\" sizes=\"(max-width: 750px) 100vw, 750px\" \/><\/figure>\n<\/div>\n<\/div>\n\n\r\n    <\/div>\r\n<\/section>\n\n<section id=\"ls-section-block_83fb5b99ffeff630926386dd180fcc61\" class=\"ls-section \" >\r\n        <div class=\"container \">\r\n        \n\n<p class=\"ls-paragraph has-text-align-center\">Amateur de sculpture, f\u00e9ru d\u2019art, partez <strong>visiter le mus\u00e9e Denys-Puech<\/strong> le temps de vos vacances dans l&rsquo;Aveyron !<\/p>\n\n\r\n    <\/div>\r\n<\/section>\n\n<section id=\"ls-section-block_bd40440864657d21fa46e34cad058654\" class=\"ls-section  page-maillage has-p-t p-t-14 has-p-b p-b-14\" >\r\n        <div class=\"container container--wide\">\r\n        \n\n<div id=\"ls-heading ls-titre-div-block_5895ccf274d244e77ff5476401069aa7\" class=\"ls-titre-div aligncenter h2-like has-m-b m-b-8\" >\n    D\u00e9couvrez les alentours<\/div>\n\n\n<div id=\"ls-maillage-block_ff6a6821d9e152e5721f93f773a1e7b0\" class=\"ls-maillage slow animated fadeInUp delay-100ms cta-style-normal\" data-rows=\"3\">\r\n    <div class=\"wp-block-columns\"><div class=\"wp-block-column\">\n\n<a href=\"https:\/\/www.camping-les-genets.fr\/fr\/activites-famille-aveyron\/\" target=\"\" rel=\"noopener\" class=\"ls-cta__link\">\n\n\t<div class=\"ls-cta__image\"><img decoding=\"async\" src=\"https:\/\/www.camping-les-genets.fr\/wp-content\/uploads\/2023\/09\/Activite-velo-en-Aveyron-768x1152.webp\" alt=\"Activit\u00e9 v\u00e9lo en Aveyron\"><\/div>\n\t<div class=\"ls-cta__title\">\n\t\tActivit\u00e9s famille aveyron\t<\/div>\n\n\t\t\n<\/a><\/div><div class=\"wp-block-column\">\n\n<a href=\"https:\/\/www.camping-les-genets.fr\/fr\/musee-soulages\/\" target=\"\" rel=\"noopener\" class=\"ls-cta__link\">\n\n\t<div class=\"ls-cta__image\"><img decoding=\"async\" src=\"https:\/\/www.camping-les-genets.fr\/wp-content\/uploads\/2023\/09\/Musee-dart-contemporain-en-Aveyron-768x1150.webp\" alt=\"Mus\u00e9e d'art contemporain en Aveyron\"><\/div>\n\t<div class=\"ls-cta__title\">\n\t\tMus\u00e9e Soulages\t<\/div>\n\n\t\t\n<\/a><\/div><div class=\"wp-block-column\">\n\n<a href=\"https:\/\/www.camping-les-genets.fr\/fr\/micropolis\/\" target=\"\" rel=\"noopener\" class=\"ls-cta__link\">\n\n\t<div class=\"ls-cta__image\"><img decoding=\"async\" src=\"https:\/\/www.camping-les-genets.fr\/wp-content\/uploads\/2023\/09\/Balade-dans-la-cite-des-insectes-Micropolis-768x1152.webp\" alt=\"Balade dans la cit\u00e9 des insectes Micropolis\"><\/div>\n\t<div class=\"ls-cta__title\">\n\t\tMicropolis\t<\/div>\n\n\t\t\n<\/a><\/div><\/div><\/div>\n\r\n    <\/div>\r\n<\/section>","protected":false},"excerpt":{"rendered":"","protected":false},"author":2,"featured_media":7197,"parent":0,"menu_order":0,"comment_status":"closed","ping_status":"closed","template":"","meta":{"_acf_changed":false,"inline_featured_image":false,"footnotes":""},"sujet":[],"class_list":["post-7114","page","type-page","status-publish","has-post-thumbnail","hentry"],"acf":[],"yoast_head":"<!-- This site is optimized with the Yoast SEO plugin v27.3 - https:\/\/yoast.com\/product\/yoast-seo-wordpress\/ -->\n<title>Mus\u00e9e Denys Puech : Mus\u00e9e des beaux-arts de Rodez<\/title>\n<meta name=\"description\" content=\"Partez \u00e0 la d\u00e9couverte du mus\u00e9e Denys Puech, lieu incontournable de l\u2019art \u00e0 Rodez\" \/>\n<meta name=\"robots\" content=\"index, follow, max-snippet:-1, max-image-preview:large, max-video-preview:-1\" \/>\n<link rel=\"canonical\" href=\"https:\/\/www.camping-les-genets.fr\/fr\/musee-denys-puech\/\" \/>\n<meta property=\"og:locale\" content=\"fr_FR\" \/>\n<meta property=\"og:type\" content=\"article\" \/>\n<meta property=\"og:title\" content=\"Mus\u00e9e Denys Puech : Mus\u00e9e des beaux-arts de Rodez\" \/>\n<meta property=\"og:description\" content=\"Partez \u00e0 la d\u00e9couverte du mus\u00e9e Denys Puech, lieu incontournable de l\u2019art \u00e0 Rodez\" \/>\n<meta property=\"og:url\" content=\"https:\/\/www.camping-les-genets.fr\/fr\/musee-denys-puech\/\" \/>\n<meta property=\"og:site_name\" content=\"Camping les Genets\" \/>\n<meta property=\"article:modified_time\" content=\"2025-04-17T11:48:40+00:00\" \/>\n<meta property=\"og:image\" content=\"https:\/\/www.camping-les-genets.fr\/wp-content\/uploads\/2025\/03\/musee-denys-puech-a-rodez.jpg\" \/>\n\t<meta property=\"og:image:width\" content=\"600\" \/>\n\t<meta property=\"og:image:height\" content=\"400\" \/>\n\t<meta property=\"og:image:type\" content=\"image\/jpeg\" \/>\n<meta name=\"twitter:card\" content=\"summary_large_image\" \/>\n<meta name=\"twitter:label1\" content=\"Dur\u00e9e de lecture estim\u00e9e\" \/>\n\t<meta name=\"twitter:data1\" content=\"4 minutes\" \/>\n<script type=\"application\/ld+json\" class=\"yoast-schema-graph\">{\"@context\":\"https:\\\/\\\/schema.org\",\"@graph\":[{\"@type\":\"WebPage\",\"@id\":\"https:\\\/\\\/www.camping-les-genets.fr\\\/fr\\\/musee-denys-puech\\\/\",\"url\":\"https:\\\/\\\/www.camping-les-genets.fr\\\/fr\\\/musee-denys-puech\\\/\",\"name\":\"Mus\u00e9e Denys Puech : Mus\u00e9e des beaux-arts de Rodez\",\"isPartOf\":{\"@id\":\"https:\\\/\\\/www.camping-les-genets.fr\\\/fr\\\/#website\"},\"primaryImageOfPage\":{\"@id\":\"https:\\\/\\\/www.camping-les-genets.fr\\\/fr\\\/musee-denys-puech\\\/#primaryimage\"},\"image\":{\"@id\":\"https:\\\/\\\/www.camping-les-genets.fr\\\/fr\\\/musee-denys-puech\\\/#primaryimage\"},\"thumbnailUrl\":\"https:\\\/\\\/www.camping-les-genets.fr\\\/wp-content\\\/uploads\\\/2025\\\/03\\\/musee-denys-puech-a-rodez.jpg\",\"datePublished\":\"2025-03-14T13:58:20+00:00\",\"dateModified\":\"2025-04-17T11:48:40+00:00\",\"description\":\"Partez \u00e0 la d\u00e9couverte du mus\u00e9e Denys Puech, lieu incontournable de l\u2019art \u00e0 Rodez\",\"breadcrumb\":{\"@id\":\"https:\\\/\\\/www.camping-les-genets.fr\\\/fr\\\/musee-denys-puech\\\/#breadcrumb\"},\"inLanguage\":\"fr-FR\",\"potentialAction\":[{\"@type\":\"ReadAction\",\"target\":[\"https:\\\/\\\/www.camping-les-genets.fr\\\/fr\\\/musee-denys-puech\\\/\"]}]},{\"@type\":\"ImageObject\",\"inLanguage\":\"fr-FR\",\"@id\":\"https:\\\/\\\/www.camping-les-genets.fr\\\/fr\\\/musee-denys-puech\\\/#primaryimage\",\"url\":\"https:\\\/\\\/www.camping-les-genets.fr\\\/wp-content\\\/uploads\\\/2025\\\/03\\\/musee-denys-puech-a-rodez.jpg\",\"contentUrl\":\"https:\\\/\\\/www.camping-les-genets.fr\\\/wp-content\\\/uploads\\\/2025\\\/03\\\/musee-denys-puech-a-rodez.jpg\",\"width\":600,\"height\":400,\"caption\":\"Mus\u00e9e Denys Puech \u00e0 Rodez\"},{\"@type\":\"BreadcrumbList\",\"@id\":\"https:\\\/\\\/www.camping-les-genets.fr\\\/fr\\\/musee-denys-puech\\\/#breadcrumb\",\"itemListElement\":[{\"@type\":\"ListItem\",\"position\":1,\"name\":\"Camping Aveyron\",\"item\":\"https:\\\/\\\/www.camping-les-genets.fr\\\/fr\\\/\"},{\"@type\":\"ListItem\",\"position\":2,\"name\":\"Mus\u00e9e Denys Puech\"}]},{\"@type\":\"WebSite\",\"@id\":\"https:\\\/\\\/www.camping-les-genets.fr\\\/fr\\\/#website\",\"url\":\"https:\\\/\\\/www.camping-les-genets.fr\\\/fr\\\/\",\"name\":\"Camping les Genets\",\"description\":\"\",\"publisher\":{\"@id\":\"https:\\\/\\\/www.camping-les-genets.fr\\\/fr\\\/#organization\"},\"potentialAction\":[{\"@type\":\"SearchAction\",\"target\":{\"@type\":\"EntryPoint\",\"urlTemplate\":\"https:\\\/\\\/www.camping-les-genets.fr\\\/fr\\\/?s={search_term_string}\"},\"query-input\":{\"@type\":\"PropertyValueSpecification\",\"valueRequired\":true,\"valueName\":\"search_term_string\"}}],\"inLanguage\":\"fr-FR\"},{\"@type\":\"Organization\",\"@id\":\"https:\\\/\\\/www.camping-les-genets.fr\\\/fr\\\/#organization\",\"name\":\"Camping les Genets\",\"url\":\"https:\\\/\\\/www.camping-les-genets.fr\\\/fr\\\/\",\"logo\":{\"@type\":\"ImageObject\",\"inLanguage\":\"fr-FR\",\"@id\":\"https:\\\/\\\/www.camping-les-genets.fr\\\/fr\\\/#\\\/schema\\\/logo\\\/image\\\/\",\"url\":\"https:\\\/\\\/www.camping-les-genets.fr\\\/wp-content\\\/uploads\\\/2023\\\/07\\\/cropped-logo-camping-genets-footer.png\",\"contentUrl\":\"https:\\\/\\\/www.camping-les-genets.fr\\\/wp-content\\\/uploads\\\/2023\\\/07\\\/cropped-logo-camping-genets-footer.png\",\"width\":500,\"height\":295,\"caption\":\"Camping les Genets\"},\"image\":{\"@id\":\"https:\\\/\\\/www.camping-les-genets.fr\\\/fr\\\/#\\\/schema\\\/logo\\\/image\\\/\"}}]}<\/script>\n<!-- \/ Yoast SEO plugin. -->","yoast_head_json":{"title":"Mus\u00e9e Denys Puech : Mus\u00e9e des beaux-arts de Rodez","description":"Partez \u00e0 la d\u00e9couverte du mus\u00e9e Denys Puech, lieu incontournable de l\u2019art \u00e0 Rodez","robots":{"index":"index","follow":"follow","max-snippet":"max-snippet:-1","max-image-preview":"max-image-preview:large","max-video-preview":"max-video-preview:-1"},"canonical":"https:\/\/www.camping-les-genets.fr\/fr\/musee-denys-puech\/","og_locale":"fr_FR","og_type":"article","og_title":"Mus\u00e9e Denys Puech : Mus\u00e9e des beaux-arts de Rodez","og_description":"Partez \u00e0 la d\u00e9couverte du mus\u00e9e Denys Puech, lieu incontournable de l\u2019art \u00e0 Rodez","og_url":"https:\/\/www.camping-les-genets.fr\/fr\/musee-denys-puech\/","og_site_name":"Camping les Genets","article_modified_time":"2025-04-17T11:48:40+00:00","og_image":[{"width":600,"height":400,"url":"https:\/\/www.camping-les-genets.fr\/wp-content\/uploads\/2025\/03\/musee-denys-puech-a-rodez.jpg","type":"image\/jpeg"}],"twitter_card":"summary_large_image","twitter_misc":{"Dur\u00e9e de lecture estim\u00e9e":"4 minutes"},"schema":{"@context":"https:\/\/schema.org","@graph":[{"@type":"WebPage","@id":"https:\/\/www.camping-les-genets.fr\/fr\/musee-denys-puech\/","url":"https:\/\/www.camping-les-genets.fr\/fr\/musee-denys-puech\/","name":"Mus\u00e9e Denys Puech : Mus\u00e9e des beaux-arts de Rodez","isPartOf":{"@id":"https:\/\/www.camping-les-genets.fr\/fr\/#website"},"primaryImageOfPage":{"@id":"https:\/\/www.camping-les-genets.fr\/fr\/musee-denys-puech\/#primaryimage"},"image":{"@id":"https:\/\/www.camping-les-genets.fr\/fr\/musee-denys-puech\/#primaryimage"},"thumbnailUrl":"https:\/\/www.camping-les-genets.fr\/wp-content\/uploads\/2025\/03\/musee-denys-puech-a-rodez.jpg","datePublished":"2025-03-14T13:58:20+00:00","dateModified":"2025-04-17T11:48:40+00:00","description":"Partez \u00e0 la d\u00e9couverte du mus\u00e9e Denys Puech, lieu incontournable de l\u2019art \u00e0 Rodez","breadcrumb":{"@id":"https:\/\/www.camping-les-genets.fr\/fr\/musee-denys-puech\/#breadcrumb"},"inLanguage":"fr-FR","potentialAction":[{"@type":"ReadAction","target":["https:\/\/www.camping-les-genets.fr\/fr\/musee-denys-puech\/"]}]},{"@type":"ImageObject","inLanguage":"fr-FR","@id":"https:\/\/www.camping-les-genets.fr\/fr\/musee-denys-puech\/#primaryimage","url":"https:\/\/www.camping-les-genets.fr\/wp-content\/uploads\/2025\/03\/musee-denys-puech-a-rodez.jpg","contentUrl":"https:\/\/www.camping-les-genets.fr\/wp-content\/uploads\/2025\/03\/musee-denys-puech-a-rodez.jpg","width":600,"height":400,"caption":"Mus\u00e9e Denys Puech \u00e0 Rodez"},{"@type":"BreadcrumbList","@id":"https:\/\/www.camping-les-genets.fr\/fr\/musee-denys-puech\/#breadcrumb","itemListElement":[{"@type":"ListItem","position":1,"name":"Camping Aveyron","item":"https:\/\/www.camping-les-genets.fr\/fr\/"},{"@type":"ListItem","position":2,"name":"Mus\u00e9e Denys Puech"}]},{"@type":"WebSite","@id":"https:\/\/www.camping-les-genets.fr\/fr\/#website","url":"https:\/\/www.camping-les-genets.fr\/fr\/","name":"Camping les Genets","description":"","publisher":{"@id":"https:\/\/www.camping-les-genets.fr\/fr\/#organization"},"potentialAction":[{"@type":"SearchAction","target":{"@type":"EntryPoint","urlTemplate":"https:\/\/www.camping-les-genets.fr\/fr\/?s={search_term_string}"},"query-input":{"@type":"PropertyValueSpecification","valueRequired":true,"valueName":"search_term_string"}}],"inLanguage":"fr-FR"},{"@type":"Organization","@id":"https:\/\/www.camping-les-genets.fr\/fr\/#organization","name":"Camping les Genets","url":"https:\/\/www.camping-les-genets.fr\/fr\/","logo":{"@type":"ImageObject","inLanguage":"fr-FR","@id":"https:\/\/www.camping-les-genets.fr\/fr\/#\/schema\/logo\/image\/","url":"https:\/\/www.camping-les-genets.fr\/wp-content\/uploads\/2023\/07\/cropped-logo-camping-genets-footer.png","contentUrl":"https:\/\/www.camping-les-genets.fr\/wp-content\/uploads\/2023\/07\/cropped-logo-camping-genets-footer.png","width":500,"height":295,"caption":"Camping les Genets"},"image":{"@id":"https:\/\/www.camping-les-genets.fr\/fr\/#\/schema\/logo\/image\/"}}]}},"_links":{"self":[{"href":"https:\/\/www.camping-les-genets.fr\/fr\/wp-json\/wp\/v2\/pages\/7114","targetHints":{"allow":["GET"]}}],"collection":[{"href":"https:\/\/www.camping-les-genets.fr\/fr\/wp-json\/wp\/v2\/pages"}],"about":[{"href":"https:\/\/www.camping-les-genets.fr\/fr\/wp-json\/wp\/v2\/types\/page"}],"author":[{"embeddable":true,"href":"https:\/\/www.camping-les-genets.fr\/fr\/wp-json\/wp\/v2\/users\/2"}],"replies":[{"embeddable":true,"href":"https:\/\/www.camping-les-genets.fr\/fr\/wp-json\/wp\/v2\/comments?post=7114"}],"version-history":[{"count":6,"href":"https:\/\/www.camping-les-genets.fr\/fr\/wp-json\/wp\/v2\/pages\/7114\/revisions"}],"predecessor-version":[{"id":7308,"href":"https:\/\/www.camping-les-genets.fr\/fr\/wp-json\/wp\/v2\/pages\/7114\/revisions\/7308"}],"wp:featuredmedia":[{"embeddable":true,"href":"https:\/\/www.camping-les-genets.fr\/fr\/wp-json\/wp\/v2\/media\/7197"}],"wp:attachment":[{"href":"https:\/\/www.camping-les-genets.fr\/fr\/wp-json\/wp\/v2\/media?parent=7114"}],"wp:term":[{"taxonomy":"sujet","embeddable":true,"href":"https:\/\/www.camping-les-genets.fr\/fr\/wp-json\/wp\/v2\/sujet?post=7114"}],"curies":[{"name":"wp","href":"https:\/\/api.w.org\/{rel}","templated":true}]}}