{"id":3024,"date":"2023-09-18T09:03:10","date_gmt":"2023-09-18T07:03:10","guid":{"rendered":"https:\/\/www.camping-les-genets.fr\/?page_id=3024"},"modified":"2024-01-15T16:29:48","modified_gmt":"2024-01-15T15:29:48","slug":"mentions-legales","status":"publish","type":"page","link":"https:\/\/www.camping-les-genets.fr\/fr\/mentions-legales\/","title":{"rendered":"Mentions l\u00e9gales"},"content":{"rendered":"<section id=\"ls-section-block_45c6e7f9a396295f08ee97ba1c153b95\" class=\"ls-section \" >\r\n        <div class=\"container container--wide\">\r\n        \n\n<h1 class=\"ls__heading wp-block-heading has-text-align-center\">Mentions l\u00e9gales<\/h1>\n\n\r\n    <\/div>\r\n<\/section>\n\n<section id=\"ls-section-block_45c6e7f9a396295f08ee97ba1c153b95\" class=\"ls-section \" >\r\n        <div class=\"container container--wide\">\r\n        \n\n<h2 class=\"ls__heading wp-block-heading\">Responsable du site<\/h2>\n\n\n\n<p class=\"ls-paragraph\"><strong>CAMPING CLUB LES GEN\u00caTS<\/strong><br>12410 SALLES CURAN &#8211; France<br>T\u00e9l. 05 65 46 35 34<br>Email : contact@camping-les-genets.fr<br>SIREN : 354 022 501<br>Raison sociale :\u00a0SARL LES GENETS<br>Capital social : 50 000\u20ac<br>TVA Intracommunautaire : FR62354022501<br>Responsable de publication : Mme Laure DALBIN<\/p>\n\n\n\n<h2 class=\"ls__heading wp-block-heading\">R\u00c9ALISATION<\/h2>\n\n\n\n<p class=\"ls-paragraph\"><strong>GEEK TONIC<\/strong><br>Repr\u00e9sent\u00e9e par M. Yohan Darmayan en sa qualit\u00e9 de G\u00e9rant<br>Si\u00e8ge social : 50 AV. DU LAC MARION 64200 BIARRITZ<br>T\u00e9l : 05 32 74 11 52<br>E-mail : support@geek-tonic.com<br>Site web :&nbsp;<a href=\"https:\/\/www.geek-tonic.com\/\">www.geek-tonic.com<\/a><br>SIRET : 89746755100015<br>APE : 6201Z<\/p>\n\n\n\n<h2 class=\"ls__heading wp-block-heading\">DROITS D\u2019AUTEUR ET COPYRIGHTS<\/h2>\n\n\n\n<p class=\"ls-paragraph\">L\u2019ensemble du contenu de ce site d\u00e9pend du droit d\u2019auteur ainsi que de la propri\u00e9t\u00e9 intellectuelle de la l\u00e9gislation fran\u00e7aise Toute reproduction (y compris les photos, les ic\u00f4nes et les documents t\u00e9l\u00e9chargeables) est interdite sans accord pr\u00e9alable de GEEK TONIC. La reproduction sur un support \u00e9lectronique de tout ou partie du site sur un format papier ou \u00e9lectronique est prohib\u00e9e. GEEK TONIC d\u00e9cline toute responsabilit\u00e9 concernant le contenu pr\u00e9sent sur le site internet. GEEK TONIC d\u00e9cline \u00e9galement toute responsabilit\u00e9 quant aux liens externes pointant vers le site pr\u00e9sent.<\/p>\n\n\n\n<h2 class=\"ls__heading wp-block-heading\" id=\"m-t-6\">DONN\u00c9ES PERSONNELLES ET INFORMATIONS NOMINATIVES<\/h2>\n\n\n\n<p class=\"ls-paragraph\">Vous disposez d\u2019un droit d\u2019acc\u00e8s, de modification, de rectification et de suppression des donn\u00e9es vous concernant selon l\u2019article 34 de la Loi \u00ab Informatique et Libert\u00e9s \u00bb n\u00b0 78-17 du 6 janvier 1978, modifi\u00e9e le 6 ao\u00fbt 2018. Pour d\u00e9ployer ce droit d\u2019acc\u00e8s, vous pouvez le faire sur simple demande \u00e9crite \u00e0 l\u2019\u00e9diteur du site.<\/p>\n\n\n\n<h2 class=\"ls__heading wp-block-heading\">L\u00c9GISLATION<\/h2>\n\n\n\n<p class=\"ls-paragraph\">Selon la loi du 11 mars 1957 (art. 41) et du code de la propri\u00e9t\u00e9 intellectuelle du 1er juillet 1992, Il est interdire de reproduire partiellement ou totalement une partie quel qu\u2019elle soit du site sans autorisation pr\u00e9alable de l\u2019\u00e9diteur du site. Les logos, visuels, photos, vid\u00e9os, chartes graphiques, textes sont la propri\u00e9t\u00e9 de leur d\u00e9tenteur respectif. Ce site peut, \u00e0 son insu, avoir \u00e9t\u00e9 reli\u00e9 \u00e0 d\u2019autres sites par le biais de liens hyperm\u00e9dia. L\u2019\u00e9diteur du site d\u00e9cline toute responsabilit\u00e9 pour les informations pr\u00e9sent\u00e9es sur ces autres sites. L\u2019internaute reconna\u00eet que l\u2019utilisation de ce site est r\u00e9gi par le droit fran\u00e7ais.<\/p>\n\n\r\n    <\/div>\r\n<\/section>","protected":false},"excerpt":{"rendered":"","protected":false},"author":1,"featured_media":0,"parent":0,"menu_order":0,"comment_status":"closed","ping_status":"closed","template":"","meta":{"_acf_changed":false,"inline_featured_image":false,"footnotes":""},"sujet":[],"class_list":["post-3024","page","type-page","status-publish","hentry"],"acf":[],"yoast_head":"<!-- This site is optimized with the Yoast SEO plugin v27.3 - https:\/\/yoast.com\/product\/yoast-seo-wordpress\/ -->\n<title>Mentions l\u00e9gales - Camping les Genets<\/title>\n<meta name=\"robots\" content=\"noindex, nofollow\" \/>\n<meta property=\"og:locale\" content=\"fr_FR\" \/>\n<meta property=\"og:type\" content=\"article\" \/>\n<meta property=\"og:title\" content=\"Mentions l\u00e9gales - Camping les Genets\" \/>\n<meta property=\"og:url\" content=\"https:\/\/www.camping-les-genets.fr\/fr\/mentions-legales\/\" \/>\n<meta property=\"og:site_name\" content=\"Camping les Genets\" \/>\n<meta property=\"article:modified_time\" content=\"2024-01-15T15:29:48+00:00\" \/>\n<meta name=\"twitter:card\" content=\"summary_large_image\" \/>\n<meta name=\"twitter:label1\" content=\"Dur\u00e9e de lecture estim\u00e9e\" \/>\n\t<meta name=\"twitter:data1\" content=\"2 minutes\" \/>\n<script type=\"application\/ld+json\" class=\"yoast-schema-graph\">{\"@context\":\"https:\\\/\\\/schema.org\",\"@graph\":[{\"@type\":\"WebPage\",\"@id\":\"https:\\\/\\\/www.camping-les-genets.fr\\\/fr\\\/mentions-legales\\\/\",\"url\":\"https:\\\/\\\/www.camping-les-genets.fr\\\/fr\\\/mentions-legales\\\/\",\"name\":\"Mentions l\u00e9gales - Camping les Genets\",\"isPartOf\":{\"@id\":\"https:\\\/\\\/www.camping-les-genets.fr\\\/fr\\\/#website\"},\"datePublished\":\"2023-09-18T07:03:10+00:00\",\"dateModified\":\"2024-01-15T15:29:48+00:00\",\"breadcrumb\":{\"@id\":\"https:\\\/\\\/www.camping-les-genets.fr\\\/fr\\\/mentions-legales\\\/#breadcrumb\"},\"inLanguage\":\"fr-FR\",\"potentialAction\":[{\"@type\":\"ReadAction\",\"target\":[\"https:\\\/\\\/www.camping-les-genets.fr\\\/fr\\\/mentions-legales\\\/\"]}]},{\"@type\":\"BreadcrumbList\",\"@id\":\"https:\\\/\\\/www.camping-les-genets.fr\\\/fr\\\/mentions-legales\\\/#breadcrumb\",\"itemListElement\":[{\"@type\":\"ListItem\",\"position\":1,\"name\":\"Camping Aveyron\",\"item\":\"https:\\\/\\\/www.camping-les-genets.fr\\\/fr\\\/\"},{\"@type\":\"ListItem\",\"position\":2,\"name\":\"Mentions l\u00e9gales\"}]},{\"@type\":\"WebSite\",\"@id\":\"https:\\\/\\\/www.camping-les-genets.fr\\\/fr\\\/#website\",\"url\":\"https:\\\/\\\/www.camping-les-genets.fr\\\/fr\\\/\",\"name\":\"Camping les Genets\",\"description\":\"\",\"publisher\":{\"@id\":\"https:\\\/\\\/www.camping-les-genets.fr\\\/fr\\\/#organization\"},\"potentialAction\":[{\"@type\":\"SearchAction\",\"target\":{\"@type\":\"EntryPoint\",\"urlTemplate\":\"https:\\\/\\\/www.camping-les-genets.fr\\\/fr\\\/?s={search_term_string}\"},\"query-input\":{\"@type\":\"PropertyValueSpecification\",\"valueRequired\":true,\"valueName\":\"search_term_string\"}}],\"inLanguage\":\"fr-FR\"},{\"@type\":\"Organization\",\"@id\":\"https:\\\/\\\/www.camping-les-genets.fr\\\/fr\\\/#organization\",\"name\":\"Camping les Genets\",\"url\":\"https:\\\/\\\/www.camping-les-genets.fr\\\/fr\\\/\",\"logo\":{\"@type\":\"ImageObject\",\"inLanguage\":\"fr-FR\",\"@id\":\"https:\\\/\\\/www.camping-les-genets.fr\\\/fr\\\/#\\\/schema\\\/logo\\\/image\\\/\",\"url\":\"https:\\\/\\\/www.camping-les-genets.fr\\\/wp-content\\\/uploads\\\/2023\\\/07\\\/cropped-logo-camping-genets-footer.png\",\"contentUrl\":\"https:\\\/\\\/www.camping-les-genets.fr\\\/wp-content\\\/uploads\\\/2023\\\/07\\\/cropped-logo-camping-genets-footer.png\",\"width\":500,\"height\":295,\"caption\":\"Camping les Genets\"},\"image\":{\"@id\":\"https:\\\/\\\/www.camping-les-genets.fr\\\/fr\\\/#\\\/schema\\\/logo\\\/image\\\/\"}}]}<\/script>\n<!-- \/ Yoast SEO plugin. -->","yoast_head_json":{"title":"Mentions l\u00e9gales - Camping les Genets","robots":{"index":"noindex","follow":"nofollow"},"og_locale":"fr_FR","og_type":"article","og_title":"Mentions l\u00e9gales - Camping les Genets","og_url":"https:\/\/www.camping-les-genets.fr\/fr\/mentions-legales\/","og_site_name":"Camping les Genets","article_modified_time":"2024-01-15T15:29:48+00:00","twitter_card":"summary_large_image","twitter_misc":{"Dur\u00e9e de lecture estim\u00e9e":"2 minutes"},"schema":{"@context":"https:\/\/schema.org","@graph":[{"@type":"WebPage","@id":"https:\/\/www.camping-les-genets.fr\/fr\/mentions-legales\/","url":"https:\/\/www.camping-les-genets.fr\/fr\/mentions-legales\/","name":"Mentions l\u00e9gales - Camping les Genets","isPartOf":{"@id":"https:\/\/www.camping-les-genets.fr\/fr\/#website"},"datePublished":"2023-09-18T07:03:10+00:00","dateModified":"2024-01-15T15:29:48+00:00","breadcrumb":{"@id":"https:\/\/www.camping-les-genets.fr\/fr\/mentions-legales\/#breadcrumb"},"inLanguage":"fr-FR","potentialAction":[{"@type":"ReadAction","target":["https:\/\/www.camping-les-genets.fr\/fr\/mentions-legales\/"]}]},{"@type":"BreadcrumbList","@id":"https:\/\/www.camping-les-genets.fr\/fr\/mentions-legales\/#breadcrumb","itemListElement":[{"@type":"ListItem","position":1,"name":"Camping Aveyron","item":"https:\/\/www.camping-les-genets.fr\/fr\/"},{"@type":"ListItem","position":2,"name":"Mentions l\u00e9gales"}]},{"@type":"WebSite","@id":"https:\/\/www.camping-les-genets.fr\/fr\/#website","url":"https:\/\/www.camping-les-genets.fr\/fr\/","name":"Camping les Genets","description":"","publisher":{"@id":"https:\/\/www.camping-les-genets.fr\/fr\/#organization"},"potentialAction":[{"@type":"SearchAction","target":{"@type":"EntryPoint","urlTemplate":"https:\/\/www.camping-les-genets.fr\/fr\/?s={search_term_string}"},"query-input":{"@type":"PropertyValueSpecification","valueRequired":true,"valueName":"search_term_string"}}],"inLanguage":"fr-FR"},{"@type":"Organization","@id":"https:\/\/www.camping-les-genets.fr\/fr\/#organization","name":"Camping les Genets","url":"https:\/\/www.camping-les-genets.fr\/fr\/","logo":{"@type":"ImageObject","inLanguage":"fr-FR","@id":"https:\/\/www.camping-les-genets.fr\/fr\/#\/schema\/logo\/image\/","url":"https:\/\/www.camping-les-genets.fr\/wp-content\/uploads\/2023\/07\/cropped-logo-camping-genets-footer.png","contentUrl":"https:\/\/www.camping-les-genets.fr\/wp-content\/uploads\/2023\/07\/cropped-logo-camping-genets-footer.png","width":500,"height":295,"caption":"Camping les Genets"},"image":{"@id":"https:\/\/www.camping-les-genets.fr\/fr\/#\/schema\/logo\/image\/"}}]}},"_links":{"self":[{"href":"https:\/\/www.camping-les-genets.fr\/fr\/wp-json\/wp\/v2\/pages\/3024","targetHints":{"allow":["GET"]}}],"collection":[{"href":"https:\/\/www.camping-les-genets.fr\/fr\/wp-json\/wp\/v2\/pages"}],"about":[{"href":"https:\/\/www.camping-les-genets.fr\/fr\/wp-json\/wp\/v2\/types\/page"}],"author":[{"embeddable":true,"href":"https:\/\/www.camping-les-genets.fr\/fr\/wp-json\/wp\/v2\/users\/1"}],"replies":[{"embeddable":true,"href":"https:\/\/www.camping-les-genets.fr\/fr\/wp-json\/wp\/v2\/comments?post=3024"}],"version-history":[{"count":2,"href":"https:\/\/www.camping-les-genets.fr\/fr\/wp-json\/wp\/v2\/pages\/3024\/revisions"}],"predecessor-version":[{"id":3026,"href":"https:\/\/www.camping-les-genets.fr\/fr\/wp-json\/wp\/v2\/pages\/3024\/revisions\/3026"}],"wp:attachment":[{"href":"https:\/\/www.camping-les-genets.fr\/fr\/wp-json\/wp\/v2\/media?parent=3024"}],"wp:term":[{"taxonomy":"sujet","embeddable":true,"href":"https:\/\/www.camping-les-genets.fr\/fr\/wp-json\/wp\/v2\/sujet?post=3024"}],"curies":[{"name":"wp","href":"https:\/\/api.w.org\/{rel}","templated":true}]}}