{"id":3,"date":"2023-07-18T09:04:23","date_gmt":"2023-07-18T07:04:23","guid":{"rendered":"https:\/\/www.camping-les-genets.fr\/?page_id=3"},"modified":"2024-01-16T10:33:07","modified_gmt":"2024-01-16T09:33:07","slug":"politique-de-confidentialite","status":"publish","type":"page","link":"https:\/\/www.camping-les-genets.fr\/fr\/politique-de-confidentialite\/","title":{"rendered":"Politique de confidentialit\u00e9"},"content":{"rendered":"<section id=\"ls-section-block_7b9f38bfcef4aafb8a709f74c03c327e\" class=\"ls-section  page-description page-autre\" >\r\n        <div class=\"container container--wide\">\r\n        \n\n<h1 class=\"ls__heading wp-block-heading has-text-align-center feuille-deco\">POLITIQUE DE CONFIDENTIALIT\u00c9<\/h1>\n\n\n\n<p class=\"ls-paragraph\">Cette politique de confidentialit\u00e9 d\u00e9crit les donn\u00e9es personnelles qui sont collect\u00e9es ou g\u00e9n\u00e9r\u00e9es (trait\u00e9es) lorsque vous utilisez le site internet. Cette Politique de Confidentialit\u00e9 d\u00e9crit les types de donn\u00e9es personnelles collect\u00e9es lorsque vous utilisez notre site et la fa\u00e7on dont vos donn\u00e9es personnelles sont utilis\u00e9es, partag\u00e9es et prot\u00e9g\u00e9es. Elle explique \u00e9galement les choix dont vous disposez s\u2019agissant de vos donn\u00e9es personnelles et comment nous contacter.<\/p>\n\n\n\n<h2 class=\"ls__heading wp-block-heading\">Table des mati\u00e8res<\/h2>\n\n\n\n<ul class=\"ls-list wp-block-list\">\n<li><a href=\"\/fr\/politique-de-confidentialite\/#gdpr-1\">Qui sommes-nous ?<\/a><\/li>\n\n\n\n<li><a href=\"\/fr\/politique-de-confidentialite\/#gdpr-2\">Utilisation des donn\u00e9es personnelles collect\u00e9es<\/a><\/li>\n\n\n\n<li><a href=\"\/fr\/politique-de-confidentialite\/#gdpr-3\">Commentaires<\/a><\/li>\n\n\n\n<li><a href=\"\/fr\/politique-de-confidentialite\/#gdpr-4\">M\u00e9dias<\/a><\/li>\n\n\n\n<li><a href=\"\/fr\/politique-de-confidentialite\/#gdpr-5\">Formulaires de contact<\/a><\/li>\n\n\n\n<li><a href=\"\/fr\/politique-de-confidentialite\/#gdpr-6\">Utilisation des cookies<\/a><\/li>\n\n\n\n<li><a href=\"\/fr\/politique-de-confidentialite\/#gdpr-7\">Statistiques et mesures d\u2019audience<\/a><\/li>\n\n\n\n<li><a href=\"\/fr\/politique-de-confidentialite\/#gdpr-8\">Dur\u00e9es de stockage de vos donn\u00e9es<\/a><\/li>\n\n\n\n<li><a href=\"\/fr\/politique-de-confidentialite\/#gdpr-9\">Les droits que vous avez sur vos donn\u00e9es<\/a><\/li>\n\n\n\n<li><a href=\"\/fr\/politique-de-confidentialite\/#gdpr-10\">Transmission de vos donn\u00e9es personnelles<\/a><\/li>\n\n\n\n<li><a href=\"\/fr\/politique-de-confidentialite\/#gdpr-11\">Comment nous prot\u00e9geons vos donn\u00e9es<\/a><\/li>\n\n\n\n<li><a href=\"\/fr\/politique-de-confidentialite\/#gdpr-12\">Informations de contact<\/a><\/li>\n<\/ul>\n\n\n\n<h2 class=\"ls__heading wp-block-heading\" id=\"gdpr-1\">Qui sommes-nous ?<\/h2>\n\n\n\n<p class=\"ls-paragraph\">D\u00e9couvrez toutes nos informations sur la page&nbsp;<a href=\"https:\/\/camping.fresnaysursarthe.fr\/mentions-legales\/\">mentions l\u00e9gales<\/a>.<\/p>\n\n\n\n<h2 class=\"ls__heading wp-block-heading\" id=\"gdpr-2\">Utilisation des donn\u00e9es personnelles collect\u00e9es<\/h2>\n\n\n\n<p class=\"ls-paragraph\">Nous collectons automatiquement et directement aucune donn\u00e9e vous concernant.<\/p>\n\n\n\n<p class=\"ls-paragraph\">Nonobstant nous pouvons collecter des informations, y compris des informations personnelles aupr\u00e8s de tiers (voir la section\u00a0<a href=\"\/fr\/politique-de-confidentialite\/#gdpr-5\">Cookies<\/a>).<\/p>\n\n\n\n<h2 class=\"ls__heading wp-block-heading\" id=\"gdpr-3\">Commentaires<\/h2>\n\n\n\n<p class=\"ls-paragraph\">Quand vous laissez un commentaire sur notre site web, les donn\u00e9es inscrites dans le formulaire de commentaire, mais aussi votre adresse IP et l\u2019agent utilisateur de votre navigateur sont collect\u00e9s pour nous aider \u00e0 la d\u00e9tection des commentaires ind\u00e9sirables.<\/p>\n\n\n\n<p class=\"ls-paragraph\">Une cha\u00eene anonymis\u00e9e cr\u00e9\u00e9e \u00e0 partir de votre adresse de messagerie (\u00e9galement appel\u00e9e hash) peut \u00eatre envoy\u00e9e au service Gravatar pour v\u00e9rifier si vous utilisez ce dernier. Les clauses de confidentialit\u00e9 du service Gravatar sont disponibles https:\/\/automattic.com\/privacy\/. Apr\u00e8s validation de votre commentaire, votre photo de profil sera visible publiquement \u00e0 cot\u00e9 de votre commentaire.<\/p>\n\n\n\n<h2 class=\"ls__heading wp-block-heading\" id=\"gdpr-4\">M\u00e9dias<\/h2>\n\n\n\n<p class=\"ls-paragraph\">Si vous \u00eates un utilisateur ou une utilisatrice enregistr\u00e9\u00b7e et que vous t\u00e9l\u00e9versez des images sur le site web, nous vous conseillons d\u2019\u00e9viter de t\u00e9l\u00e9verser des images contenant des donn\u00e9es EXIF de coordonn\u00e9es GPS. Les visiteurs de votre site web peuvent t\u00e9l\u00e9charger et extraire des donn\u00e9es de localisation depuis ces images.<\/p>\n\n\n\n<h2 class=\"ls__heading wp-block-heading\" id=\"gdpr-5\">Formulaires de contact<\/h2>\n\n\n\n<p class=\"ls-paragraph\">Vous pouvez choisir de nous communiquer des informations lorsque vous remplissez un formulaire, ces derni\u00e8res nous seront transmises par e-mail et ne seront pas conserv\u00e9es ailleurs que sur notre service de messagerie, ces informations seront utilis\u00e9es dans le seul but de r\u00e9pondre \u00e0 votre demande. Si des informations sont susceptibles d\u2019\u00eatre utilis\u00e9es \u00e0 des fins commerciales une mention l\u2019indiquera en fin de formulaire. Nous demanderons toujours votre consentement lors qu\u2019une collecte d\u2019information via un formulaire.<\/p>\n\n\n\n<h2 class=\"ls__heading wp-block-heading\" id=\"gdpr-6\">Utilisation des cookies<\/h2>\n\n\n\n<p class=\"ls-paragraph\"><strong>Qu\u2019est-ce qu\u2019un cookie ?<\/strong><br>Un cookie est un petit fichier de donn\u00e9es qui est transf\u00e9r\u00e9 et stock\u00e9 sur votre appareil. Concr\u00e8tement un cookie nous permet par exemple de reconna\u00eetre votre navigateur, votre langue ou bien de conserver vos pr\u00e9f\u00e9rences.<br>Deux types de cookies sont utilis\u00e9s sur notre site : Les \u00ab cookies de session \u00bb et les \u00ab cookies persistants \u00bb. Les cookies de session expirent lorsque vous fermez votre navigateur tandis que les cookies persistants restent sur votre appareil une fois votre navigateur ferm\u00e9 et peuvent \u00eatre de nouveau utilis\u00e9s lors de votre prochaine visite sur notre site.<\/p>\n\n\n\n<p class=\"ls-paragraph\">Plus d\u2019informations sur&nbsp;<a href=\"https:\/\/allaboutcookies.org\/fr\" target=\"_blank\" rel=\"noreferrer noopener nofollow\">allaboutcookies.org<\/a>.<\/p>\n\n\n\n<p class=\"ls-paragraph\"><strong>Nos cookies<\/strong><\/p>\n\n\n\n<p class=\"ls-paragraph\">Si vous d\u00e9posez un commentaire sur notre site, il vous sera propos\u00e9 d\u2019enregistrer votre nom, adresse de messagerie et site web dans des cookies. C\u2019est uniquement pour votre confort afin de ne pas avoir \u00e0 saisir ces informations si vous d\u00e9posez un autre commentaire plus tard. Ces cookies expirent au bout d\u2019un an.<\/p>\n\n\n\n<p class=\"ls-paragraph\">Si vous avez un compte et que vous vous connectez sur ce site, un cookie temporaire sera cr\u00e9\u00e9 afin de d\u00e9terminer si votre navigateur accepte les cookies. Il ne contient pas de donn\u00e9es personnelles et sera supprim\u00e9 automatiquement \u00e0 la fermeture de votre navigateur.<\/p>\n\n\n\n<p class=\"ls-paragraph\">Lorsque vous vous connecterez, nous mettrons en place un certain nombre de cookies pour enregistrer vos informations de connexion et vos pr\u00e9f\u00e9rences d\u2019\u00e9cran. La dur\u00e9e de vie d\u2019un cookie de connexion est de deux jours, celle d\u2019un cookie d\u2019option d\u2019\u00e9cran est d\u2019un an. Si vous cochez \u00ab Se souvenir de moi \u00bb, votre cookie de connexion sera conserv\u00e9 pendant deux semaines. Si vous vous d\u00e9connectez de votre compte, le cookie de connexion sera effac\u00e9.<\/p>\n\n\n\n<p class=\"ls-paragraph\">En modifiant ou en publiant un article, un cookie suppl\u00e9mentaire sera enregistr\u00e9 dans votre navigateur. Ce cookie ne comprend aucune donn\u00e9e personnelle. Il indique simplement l\u2019identifiant de l\u2019article que vous venez de modifier. Il expire au bout d\u2019un jour.<\/p>\n\n\n\n<p class=\"ls-paragraph\"><strong>Les cookies tiers<\/strong><\/p>\n\n\n\n<p class=\"ls-paragraph\">Les articles de ce site peuvent inclure des contenus int\u00e9gr\u00e9s (par exemple des vid\u00e9os, images, articles\u2026). Le contenu int\u00e9gr\u00e9 depuis d\u2019autres sites se comporte de la m\u00eame mani\u00e8re que si le visiteur se rendait sur cet autre site.<\/p>\n\n\n\n<p class=\"ls-paragraph\">Ces sites web pourraient collecter des donn\u00e9es sur vous, utiliser des cookies, embarquer des outils de suivis tiers, suivre vos interactions avec ces contenus embarqu\u00e9s si vous disposez d\u2019un compte connect\u00e9 sur leur site web.<\/p>\n\n\n\n<p class=\"ls-paragraph\">Nous sommes susceptibles d\u2019autoriser certains partenaires commerciaux \u00e0 installer des technologies sur notre site. Ces partenaires recourent \u00e0 ces technologies pour nous aider \u00e0 analyser la mani\u00e8re dont vous utilisez le site, comme par exemple en notant les services tiers via lesquels vous \u00eates arriv\u00e9s sur la Plateforme, commercialiser et faire la promotion de nos services sur notre site et sur les sites Web de tiers, nous aider \u00e0 d\u00e9tecter et pr\u00e9venir les fraudes ou \u00e0 mener des \u00e9valuations des risques, ou collecter des informations concernant vos activit\u00e9s sur le site internet.<\/p>\n\n\n\n<p class=\"ls-paragraph\">Notre site internet peut utiliser des plugins sociaux fournis et exploit\u00e9s par des soci\u00e9t\u00e9s tierces, tels que le bouton \u00ab J\u2019aime \u00bb de Facebook. En cons\u00e9quence, vous pouvez envoyer au tiers les informations que vous visualisez dans une rubrique en particulier de notre site. Si vous n\u2019\u00eates pas connect\u00e9 \u00e0 votre compte ouvert aupr\u00e8s du tiers, ce dernier ne pourra pas conna\u00eetre votre identit\u00e9. Si vous \u00eates connect\u00e9 \u00e0 votre compte ouvert aupr\u00e8s du tiers, alors ce dernier pourra relier les informations ou actions relatives \u00e0 vos interactions avec notre site au compte que vous d\u00e9tenez aupr\u00e8s du tiers en question. Veuillez consulter les politiques de confidentialit\u00e9 du tiers pour en savoir plus sur ses pratiques en termes de donn\u00e9es.<\/p>\n\n\n\n<p class=\"ls-paragraph\">La liste des cookies tiers utilis\u00e9s sur ce site est disponible depuis le&nbsp;<a href=\"#moove_gdpr_cookie_modal\">panneau de gestion des cookies<\/a>.<\/p>\n\n\n\n<h2 class=\"ls__heading wp-block-heading\" id=\"gdpr-7\">Statistiques et mesures d\u2019audience<\/h2>\n\n\n\n<p class=\"ls-paragraph\">En mati\u00e8re d\u2019analyse nous travaillons avec Google Analytics afin d\u2019obtenir des informations concernant l\u2019utilisation de notre site internet afin d\u2019am\u00e9liorer ce dernier. Ce dernier peut-\u00eatre d\u00e9sactiv\u00e9 depuis le&nbsp;<a href=\"#moove_gdpr_cookie_modal\">panneau de gestion des cookies<\/a>.<\/p>\n\n\n\n<p class=\"ls-paragraph\">Pour emp\u00eacher Google Analytics d\u2019utiliser vos informations \u00e0 des fins d\u2019analyse, vous pouvez \u00e9galement installer le Module compl\u00e9mentaire de navigateur pour la d\u00e9sactivation de Google Analytics en cliquant&nbsp;<a href=\"https:\/\/tools.google.com\/dlpage\/gaoptout\" rel=\"noreferrer noopener\" target=\"_blank\">ici<\/a>. Retenez que nous n\u2019avons aucun contr\u00f4le sur ce lien de d\u00e9sactivation et nous ne sommes pas responsables de la disponibilit\u00e9 ou de l\u2019exactitude de ce m\u00e9canisme. Consultez&nbsp;<a href=\"https:\/\/support.google.com\/analytics\/answer\/6004245\" rel=\"noreferrer noopener\" target=\"_blank\">cette documentation<\/a>&nbsp;pour plus d\u2019informations.<\/p>\n\n\n\n<h2 class=\"ls__heading wp-block-heading\" id=\"gdpr-8\">Dur\u00e9es de stockage de vos donn\u00e9es<\/h2>\n\n\n\n<p class=\"ls-paragraph\">Si vous laissez un commentaire, le commentaire et ses m\u00e9tadonn\u00e9es sont conserv\u00e9s ind\u00e9finiment. Cela permet de reconna\u00eetre et approuver automatiquement les commentaires suivants au lieu de les laisser dans la file de mod\u00e9ration.<\/p>\n\n\n\n<p class=\"ls-paragraph\">Pour les utilisateurs et utilisatrices qui s\u2019enregistrent sur notre site (si cela est possible), nous stockons \u00e9galement les donn\u00e9es personnelles indiqu\u00e9es dans leur profil. Tous les utilisateurs et utilisatrices peuvent voir, modifier ou supprimer leurs informations personnelles \u00e0 tout moment (\u00e0 l\u2019exception de leur nom d\u2019utilisateur\u00b7ice). Les gestionnaires du site peuvent aussi voir et modifier ces informations.<\/p>\n\n\n\n<h2 class=\"ls__heading wp-block-heading\" id=\"gdpr-9\">Les droits que vous avez sur vos donn\u00e9es<\/h2>\n\n\n\n<p class=\"ls-paragraph\">Si vous avez un compte ou si vous avez laiss\u00e9 des commentaires sur le site, vous pouvez demander \u00e0 recevoir un fichier contenant toutes les donn\u00e9es personnelles que nous poss\u00e9dons \u00e0 votre sujet, incluant celles que vous nous avez fournies. Vous pouvez \u00e9galement demander la suppression des donn\u00e9es personnelles vous concernant. Cela ne prend pas en compte les donn\u00e9es stock\u00e9es \u00e0 des fins administratives, l\u00e9gales ou pour des raisons de s\u00e9curit\u00e9.<\/p>\n\n\n\n<h2 class=\"ls__heading wp-block-heading\" id=\"gdpr-10\">Transmission de vos donn\u00e9es personnelles<\/h2>\n\n\n\n<p class=\"ls-paragraph\">Les commentaires des visiteurs peuvent \u00eatre v\u00e9rifi\u00e9s \u00e0 l\u2019aide d\u2019un service automatis\u00e9 de d\u00e9tection des commentaires ind\u00e9sirables<br>Toutes les donn\u00e9es personnelles que nous traitons sont trait\u00e9es au c\u0153ur de l\u2019union europ\u00e9enne.<\/p>\n\n\n\n<h2 class=\"ls__heading wp-block-heading\" id=\"gdpr-11\">Comment nous prot\u00e9geons vos donn\u00e9es<\/h2>\n\n\n\n<p class=\"ls-paragraph\">Nous mettons en place et actualisons en permanence la&nbsp;<strong>s\u00e9curit\u00e9<\/strong>&nbsp;du site pour prot\u00e9ger vos informations contre les acc\u00e8s, pertes, destructions ou alt\u00e9rations non autoris\u00e9s. Nous travaillons donc \u00e0 rendre vos donn\u00e9s le plus invuln\u00e9rable possible. Internet n\u2019\u00e9tant pas un environnement s\u00e9curis\u00e9 \u00e0 100% nous ne pouvons pas totalement garantir la s\u00e9curit\u00e9 la transmission ou le stockage de vos informations.<\/p>\n\n\n\n<h2 class=\"ls__heading wp-block-heading\" id=\"gdpr-12\">Informations de contact<\/h2>\n\n\n\n<p class=\"ls-paragraph\">Pour toute demande ou question concernant vos donn\u00e9es personnelles, contactez nous sur rgpd@geek-tonic.com, les autres informations de contact sont disponibles sur nos&nbsp;<a href=\"https:\/\/camping.fresnaysursarthe.fr\/mentions-legales\/\">mentions l\u00e9gales<\/a>. Veuillez noter que nous pouvons vous demander de v\u00e9rifier votre identit\u00e9 avant de prendre d\u2019autres mesures concernant votre demande.<\/p>\n\n\r\n    <\/div>\r\n<\/section>","protected":false},"excerpt":{"rendered":"","protected":false},"author":1,"featured_media":0,"parent":0,"menu_order":0,"comment_status":"closed","ping_status":"open","template":"","meta":{"_acf_changed":false,"inline_featured_image":false,"footnotes":""},"sujet":[],"class_list":["post-3","page","type-page","status-publish","hentry"],"acf":[],"yoast_head":"<!-- This site is optimized with the Yoast SEO plugin v23.4 - https:\/\/yoast.com\/wordpress\/plugins\/seo\/ -->\n<title>Politique de confidentialit\u00e9 - Camping les Genets<\/title>\n<meta name=\"robots\" content=\"noindex, nofollow\" \/>\n<meta property=\"og:locale\" content=\"fr_FR\" \/>\n<meta property=\"og:type\" content=\"article\" \/>\n<meta property=\"og:title\" content=\"Politique de confidentialit\u00e9 - Camping les Genets\" \/>\n<meta property=\"og:url\" content=\"https:\/\/www.camping-les-genets.fr\/fr\/politique-de-confidentialite\/\" \/>\n<meta property=\"og:site_name\" content=\"Camping les Genets\" \/>\n<meta property=\"article:modified_time\" content=\"2024-01-16T09:33:07+00:00\" \/>\n<meta name=\"twitter:card\" content=\"summary_large_image\" \/>\n<meta name=\"twitter:label1\" content=\"Dur\u00e9e de lecture estim\u00e9e\" \/>\n\t<meta name=\"twitter:data1\" content=\"8 minutes\" \/>\n<script type=\"application\/ld+json\" class=\"yoast-schema-graph\">{\"@context\":\"https:\/\/schema.org\",\"@graph\":[{\"@type\":\"WebPage\",\"@id\":\"https:\/\/www.camping-les-genets.fr\/fr\/politique-de-confidentialite\/\",\"url\":\"https:\/\/www.camping-les-genets.fr\/fr\/politique-de-confidentialite\/\",\"name\":\"Politique de confidentialit\u00e9 - Camping les Genets\",\"isPartOf\":{\"@id\":\"https:\/\/www.camping-les-genets.fr\/fr\/#website\"},\"datePublished\":\"2023-07-18T07:04:23+00:00\",\"dateModified\":\"2024-01-16T09:33:07+00:00\",\"breadcrumb\":{\"@id\":\"https:\/\/www.camping-les-genets.fr\/fr\/politique-de-confidentialite\/#breadcrumb\"},\"inLanguage\":\"fr-FR\",\"potentialAction\":[{\"@type\":\"ReadAction\",\"target\":[\"https:\/\/www.camping-les-genets.fr\/fr\/politique-de-confidentialite\/\"]}]},{\"@type\":\"BreadcrumbList\",\"@id\":\"https:\/\/www.camping-les-genets.fr\/fr\/politique-de-confidentialite\/#breadcrumb\",\"itemListElement\":[{\"@type\":\"ListItem\",\"position\":1,\"name\":\"Camping Aveyron\",\"item\":\"https:\/\/www.camping-les-genets.fr\/fr\/\"},{\"@type\":\"ListItem\",\"position\":2,\"name\":\"Politique de confidentialit\u00e9\"}]},{\"@type\":\"WebSite\",\"@id\":\"https:\/\/www.camping-les-genets.fr\/fr\/#website\",\"url\":\"https:\/\/www.camping-les-genets.fr\/fr\/\",\"name\":\"Camping les Genets\",\"description\":\"\",\"publisher\":{\"@id\":\"https:\/\/www.camping-les-genets.fr\/fr\/#organization\"},\"potentialAction\":[{\"@type\":\"SearchAction\",\"target\":{\"@type\":\"EntryPoint\",\"urlTemplate\":\"https:\/\/www.camping-les-genets.fr\/fr\/?s={search_term_string}\"},\"query-input\":{\"@type\":\"PropertyValueSpecification\",\"valueRequired\":true,\"valueName\":\"search_term_string\"}}],\"inLanguage\":\"fr-FR\"},{\"@type\":\"Organization\",\"@id\":\"https:\/\/www.camping-les-genets.fr\/fr\/#organization\",\"name\":\"Camping les Genets\",\"url\":\"https:\/\/www.camping-les-genets.fr\/fr\/\",\"logo\":{\"@type\":\"ImageObject\",\"inLanguage\":\"fr-FR\",\"@id\":\"https:\/\/www.camping-les-genets.fr\/fr\/#\/schema\/logo\/image\/\",\"url\":\"https:\/\/www.camping-les-genets.fr\/wp-content\/uploads\/2023\/07\/cropped-logo-camping-genets-footer.png\",\"contentUrl\":\"https:\/\/www.camping-les-genets.fr\/wp-content\/uploads\/2023\/07\/cropped-logo-camping-genets-footer.png\",\"width\":500,\"height\":295,\"caption\":\"Camping les Genets\"},\"image\":{\"@id\":\"https:\/\/www.camping-les-genets.fr\/fr\/#\/schema\/logo\/image\/\"}}]}<\/script>\n<!-- \/ Yoast SEO plugin. -->","yoast_head_json":{"title":"Politique de confidentialit\u00e9 - Camping les Genets","robots":{"index":"noindex","follow":"nofollow"},"og_locale":"fr_FR","og_type":"article","og_title":"Politique de confidentialit\u00e9 - Camping les Genets","og_url":"https:\/\/www.camping-les-genets.fr\/fr\/politique-de-confidentialite\/","og_site_name":"Camping les Genets","article_modified_time":"2024-01-16T09:33:07+00:00","twitter_card":"summary_large_image","twitter_misc":{"Dur\u00e9e de lecture estim\u00e9e":"8 minutes"},"schema":{"@context":"https:\/\/schema.org","@graph":[{"@type":"WebPage","@id":"https:\/\/www.camping-les-genets.fr\/fr\/politique-de-confidentialite\/","url":"https:\/\/www.camping-les-genets.fr\/fr\/politique-de-confidentialite\/","name":"Politique de confidentialit\u00e9 - Camping les Genets","isPartOf":{"@id":"https:\/\/www.camping-les-genets.fr\/fr\/#website"},"datePublished":"2023-07-18T07:04:23+00:00","dateModified":"2024-01-16T09:33:07+00:00","breadcrumb":{"@id":"https:\/\/www.camping-les-genets.fr\/fr\/politique-de-confidentialite\/#breadcrumb"},"inLanguage":"fr-FR","potentialAction":[{"@type":"ReadAction","target":["https:\/\/www.camping-les-genets.fr\/fr\/politique-de-confidentialite\/"]}]},{"@type":"BreadcrumbList","@id":"https:\/\/www.camping-les-genets.fr\/fr\/politique-de-confidentialite\/#breadcrumb","itemListElement":[{"@type":"ListItem","position":1,"name":"Camping Aveyron","item":"https:\/\/www.camping-les-genets.fr\/fr\/"},{"@type":"ListItem","position":2,"name":"Politique de confidentialit\u00e9"}]},{"@type":"WebSite","@id":"https:\/\/www.camping-les-genets.fr\/fr\/#website","url":"https:\/\/www.camping-les-genets.fr\/fr\/","name":"Camping les Genets","description":"","publisher":{"@id":"https:\/\/www.camping-les-genets.fr\/fr\/#organization"},"potentialAction":[{"@type":"SearchAction","target":{"@type":"EntryPoint","urlTemplate":"https:\/\/www.camping-les-genets.fr\/fr\/?s={search_term_string}"},"query-input":{"@type":"PropertyValueSpecification","valueRequired":true,"valueName":"search_term_string"}}],"inLanguage":"fr-FR"},{"@type":"Organization","@id":"https:\/\/www.camping-les-genets.fr\/fr\/#organization","name":"Camping les Genets","url":"https:\/\/www.camping-les-genets.fr\/fr\/","logo":{"@type":"ImageObject","inLanguage":"fr-FR","@id":"https:\/\/www.camping-les-genets.fr\/fr\/#\/schema\/logo\/image\/","url":"https:\/\/www.camping-les-genets.fr\/wp-content\/uploads\/2023\/07\/cropped-logo-camping-genets-footer.png","contentUrl":"https:\/\/www.camping-les-genets.fr\/wp-content\/uploads\/2023\/07\/cropped-logo-camping-genets-footer.png","width":500,"height":295,"caption":"Camping les Genets"},"image":{"@id":"https:\/\/www.camping-les-genets.fr\/fr\/#\/schema\/logo\/image\/"}}]}},"_links":{"self":[{"href":"https:\/\/www.camping-les-genets.fr\/fr\/wp-json\/wp\/v2\/pages\/3","targetHints":{"allow":["GET"]}}],"collection":[{"href":"https:\/\/www.camping-les-genets.fr\/fr\/wp-json\/wp\/v2\/pages"}],"about":[{"href":"https:\/\/www.camping-les-genets.fr\/fr\/wp-json\/wp\/v2\/types\/page"}],"author":[{"embeddable":true,"href":"https:\/\/www.camping-les-genets.fr\/fr\/wp-json\/wp\/v2\/users\/1"}],"replies":[{"embeddable":true,"href":"https:\/\/www.camping-les-genets.fr\/fr\/wp-json\/wp\/v2\/comments?post=3"}],"version-history":[{"count":7,"href":"https:\/\/www.camping-les-genets.fr\/fr\/wp-json\/wp\/v2\/pages\/3\/revisions"}],"predecessor-version":[{"id":5953,"href":"https:\/\/www.camping-les-genets.fr\/fr\/wp-json\/wp\/v2\/pages\/3\/revisions\/5953"}],"wp:attachment":[{"href":"https:\/\/www.camping-les-genets.fr\/fr\/wp-json\/wp\/v2\/media?parent=3"}],"wp:term":[{"taxonomy":"sujet","embeddable":true,"href":"https:\/\/www.camping-les-genets.fr\/fr\/wp-json\/wp\/v2\/sujet?post=3"}],"curies":[{"name":"wp","href":"https:\/\/api.w.org\/{rel}","templated":true}]}}