{"id":2433,"date":"2023-09-13T16:55:17","date_gmt":"2023-09-13T14:55:17","guid":{"rendered":"https:\/\/www.camping-les-genets.fr\/?page_id=2433"},"modified":"2024-12-04T10:40:03","modified_gmt":"2024-12-04T09:40:03","slug":"castelnau-pegayrols","status":"publish","type":"page","link":"https:\/\/www.camping-les-genets.fr\/fr\/castelnau-pegayrols\/","title":{"rendered":"Castelnau-P\u00e9gayrols"},"content":{"rendered":"<section id=\"ls-section-block_d067f8234d0bb4c3e2e18edd6788801d\" class=\"ls-section  page-chapeau has-p-b p-b-0\" >\r\n        <div class=\"container \">\r\n        \n\n<h1 class=\"ls__heading wp-block-heading has-text-align-center animated fadeInLeft delay-100ms slow\"><strong>Castelnau-P\u00e9gayrols<\/strong><\/h1>\n\n\r\n    <\/div>\r\n<\/section>\n\n<section id=\"ls-section-block_f94ebac9df3dc97d98fe10b95aa3d65f\" class=\"ls-section  page-one has-p-b p-b-14\" >\r\n        <div class=\"container container--full\">\r\n        \n\n<div class=\"wp-block-columns is-layout-flex wp-container-core-columns-is-layout-9d6595d7 wp-block-columns-is-layout-flex\">\n<div class=\"wp-block-column first is-layout-flow wp-block-column-is-layout-flow\" style=\"flex-basis:66.66%\">\n<figure class=\"wp-block-image size-full\"><img decoding=\"async\" width=\"1707\" height=\"2560\" src=\"https:\/\/www.camping-les-genets.fr\/wp-content\/uploads\/2023\/09\/Village-de-Castelnau-Pegayrols-scaled.webp\" alt=\"Village de Castelnau-P\u00e9gayrols\" class=\"wp-image-2448\" style=\"aspect-ratio:4\/3;object-fit:cover\" srcset=\"https:\/\/www.camping-les-genets.fr\/wp-content\/uploads\/2023\/09\/Village-de-Castelnau-Pegayrols-scaled.webp 1707w, https:\/\/www.camping-les-genets.fr\/wp-content\/uploads\/2023\/09\/Village-de-Castelnau-Pegayrols-200x300.webp 200w, https:\/\/www.camping-les-genets.fr\/wp-content\/uploads\/2023\/09\/Village-de-Castelnau-Pegayrols-683x1024.webp 683w, https:\/\/www.camping-les-genets.fr\/wp-content\/uploads\/2023\/09\/Village-de-Castelnau-Pegayrols-768x1152.webp 768w, https:\/\/www.camping-les-genets.fr\/wp-content\/uploads\/2023\/09\/Village-de-Castelnau-Pegayrols-1024x1536.webp 1024w, https:\/\/www.camping-les-genets.fr\/wp-content\/uploads\/2023\/09\/Village-de-Castelnau-Pegayrols-1365x2048.webp 1365w\" sizes=\"(max-width: 1707px) 100vw, 1707px\" \/><\/figure>\n<\/div>\n\n\n\n<div class=\"wp-block-column is-vertically-aligned-center second has-color-white-background-color has-background is-layout-flow wp-block-column-is-layout-flow\" style=\"flex-basis:33.33%\">\n<h2 class=\"ls__heading wp-block-heading\"><strong>Vacances<\/strong> \u00e0 Castelnau P\u00e9gayrols<\/h2>\n\n\n\n<p class=\"ls-paragraph\">Castelnau-P\u00e9gayrols est un<strong> beau village m\u00e9di\u00e9val<\/strong> dominant la vall\u00e9e de la Muse. Le bourg rec\u00e8le des tr\u00e9sors d\u2019architecture, parmi lesquels <strong>cinq \u00e9difices class\u00e9s<\/strong>. N\u2019h\u00e9sitez pas \u00e0 y faire une excursion lors de votre s\u00e9jour en <a href=\"\/\">camping 5 \u00e9toiles dans l&rsquo;Aveyron<\/a> : le village est \u00e0 moins d\u2019une demi-heure de route de Salles-Curan.<\/p>\n\n\n\n<p class=\"ls-paragraph\">Si le <a href=\"https:\/\/www.castelnau-pegayrols.fr\/\" target=\"_blank\" rel=\"noreferrer noopener\">village m\u00e9di\u00e9val de Castelnau-P\u00e9gayrols<\/a> se visite librement, des visites guid\u00e9es sont aussi propos\u00e9es : elles sont tr\u00e8s utiles pour mesurer la<strong> valeur historique de certains \u00e9difices<\/strong> et <strong>sites class\u00e9s<\/strong>. Le village abrite en effet un<strong> ancien syst\u00e8me hydraulique<\/strong>, dont l\u2019origine remonte au 12^e si\u00e8cle.<\/p>\n\n\n\n<p class=\"ls-paragraph\">En plus des visites guid\u00e9es traditionnelles, vous sont propos\u00e9es dans le village de Castelnau-P\u00e9gayrols des visites th\u00e9matiques et des randonn\u00e9es p\u00e9destres semi-nocturnes.<\/p>\n<\/div>\n<\/div>\n\n\r\n    <\/div>\r\n<\/section>\n\n<section id=\"ls-section-block_3ca5245eebd10f31b56c7ee1d6e15dbf\" class=\"ls-section \" >\r\n        <div class=\"container container--wide\">\r\n        \n\n<div class=\"wp-block-columns is-layout-flex wp-container-core-columns-is-layout-9d6595d7 wp-block-columns-is-layout-flex\">\n<div class=\"wp-block-column first is-layout-flow wp-block-column-is-layout-flow\">\n<h2 class=\"ls__heading wp-block-heading\">Itin\u00e9raire <strong>camping Castelnau P\u00e9gayrols<\/strong><\/h2>\n\n\n\n<p class=\"ls-paragraph\">La commune de <strong>Castelnau-P\u00e9gayrols<\/strong> se situe \u00e0 23 km au sud-est de notre <a href=\"\/fr\/camping-millau\/\">camping vers Millau<\/a>. Comptez environ <strong>une demi-heure<\/strong> pour vous y rendre en voiture depuis notre camping.<\/p>\n\n\n\n<p class=\"ls-paragraph\">Depuis le camping, prenez la D577 jusqu\u2019\u00e0 Salles-Curan puis la route de Montjaux (D993). Avant d\u2019arriver \u00e0 Montjaux, vous verrez sur votre gauche un panneau indiquant Castelnau-P\u00e9gayrols. Vous serez s\u00e9duit par <strong>son ch\u00e2teau<\/strong>,<strong> son prieur\u00e9 Saint-Michel<\/strong>, <strong>son \u00e9glise Notre-Dame<\/strong> et son r\u00e9seau hydraulique m\u00e9di\u00e9val, tous class\u00e9s monuments historiques.<\/p>\n\n\n\n<p class=\"ls-paragraph\">\u00c0 votre retour, prenez le temps de visiter Montjaux, une autre <strong>magnifique cit\u00e9 de caract\u00e8re de l\u2019Aveyron<\/strong> qui se distingue par ses beaux monuments et ses maisons en pierre<\/p>\n<\/div>\n\n\n\n<div class=\"wp-block-column is-vertically-aligned-center second is-layout-flow wp-block-column-is-layout-flow\" style=\"flex-basis:800px\">\n<iframe src=\"https:\/\/www.google.com\/maps\/embed?pb=!1m28!1m12!1m3!1d45796.92004022842!2d2.8063427936267287!3d44.15952122312443!2m3!1f0!2f0!3f0!3m2!1i1024!2i768!4f13.1!4m13!3e6!4m5!1s0x12b2683ba8eaa029%3A0x9e3dc1bbe65d1b4b!2sCamping%20les%20Gen%C3%AAts%20%7C%20Camping%20Aveyron%2C%20Lac%20de%20Pareloup%2C%20Salles-Curan!3m2!1d44.1894481!2d2.7667329!4m5!1s0x12b245f0f16daddd%3A0x406f69c2f4314b0!2sCastelnau-P%C3%A9gayrols!3m2!1d44.129486!2d2.9313949999999998!5e0!3m2!1sfr!2sfr!4v1694617285921!5m2!1sfr!2sfr\" width=\"800\" height=\"600\" style=\"border:0;\" allowfullscreen=\"\" loading=\"lazy\" referrerpolicy=\"no-referrer-when-downgrade\"><\/iframe>\n<\/div>\n<\/div>\n\n\r\n    <\/div>\r\n<\/section>\n\n<section id=\"ls-section-block_63c74738b46182eaabc8ab5ad9048be6\" class=\"ls-section  page-maillage has-p-t p-t-14 has-p-b p-b-14\" >\r\n        <div class=\"container container--wide\">\r\n        \n\n<div id=\"ls-heading ls-titre-div-block_a906879d717cbebf43d36033140f71a9\" class=\"ls-titre-div aligncenter h2-like has-m-b m-b-8\" >\n    D\u00e9couvrez les villages de Saint C\u00f4me d&rsquo;Olt, Peyre et les Caves de Roquefort !<\/div>\n\n\n<div id=\"ls-maillage-block_a1089ba2c0b458ff8bcfc74fa58fba46\" class=\"ls-maillage slow animated fadeInUp delay-100ms cta-style-normal\" data-rows=\"3\">\r\n    <div class=\"wp-block-columns\"><div class=\"wp-block-column\">\n\n<a href=\"https:\/\/www.camping-les-genets.fr\/fr\/tourisme-saint-come-d-olt\/\" target=\"\" rel=\"noopener\" class=\"ls-cta__link\">\n\n\t<div class=\"ls-cta__image\"><img decoding=\"async\" src=\"https:\/\/www.camping-les-genets.fr\/wp-content\/uploads\/2023\/09\/eglise-de-Saint-Come-dOlt-768x1152.webp\" alt=\"\u00e9glise de Saint C\u00f4me d'Olt\"><\/div>\n\t<div class=\"ls-cta__title\">\n\t\tSaint-C\u00f4me-d\u2019Olt\t<\/div>\n\n\t\t\n<\/a><\/div><div class=\"wp-block-column\">\n\n<a href=\"https:\/\/www.camping-les-genets.fr\/fr\/peyre\/\" target=\"\" rel=\"noopener\" class=\"ls-cta__link\">\n\n\t<div class=\"ls-cta__image\"><img decoding=\"async\" src=\"https:\/\/www.camping-les-genets.fr\/wp-content\/uploads\/2023\/09\/Vacances-a-Peyre-768x510.webp\" alt=\"Vacances \u00e0 Peyre\"><\/div>\n\t<div class=\"ls-cta__title\">\n\t\tPeyre\t<\/div>\n\n\t\t\n<\/a><\/div><div class=\"wp-block-column\">\n\n<a href=\"https:\/\/www.camping-les-genets.fr\/fr\/tourisme-roquefort\/\" target=\"\" rel=\"noopener\" class=\"ls-cta__link\">\n\n\t<div class=\"ls-cta__image\"><img decoding=\"async\" src=\"https:\/\/www.camping-les-genets.fr\/wp-content\/uploads\/2023\/09\/Fromage-roquefort-768x960.webp\" alt=\"Fromage roquefort\"><\/div>\n\t<div class=\"ls-cta__title\">\n\t\tCaves de Roquefort\t<\/div>\n\n\t\t\n<\/a><\/div><\/div><\/div>\n\r\n    <\/div>\r\n<\/section>","protected":false},"excerpt":{"rendered":"","protected":false},"author":1,"featured_media":2443,"parent":0,"menu_order":0,"comment_status":"closed","ping_status":"closed","template":"","meta":{"_acf_changed":false,"inline_featured_image":false,"footnotes":""},"sujet":[],"class_list":["post-2433","page","type-page","status-publish","has-post-thumbnail","hentry"],"acf":[],"yoast_head":"<!-- This site is optimized with the Yoast SEO plugin v27.3 - https:\/\/yoast.com\/product\/yoast-seo-wordpress\/ -->\n<title>Castelnau P\u00e9gayrols : d\u00e9couvrez le village m\u00e9di\u00e9val<\/title>\n<meta name=\"description\" content=\"Envie de visiter Castelnau P\u00e9gayrols pendant vos vacances dans l&#039;Aveyron ? D\u00e9couvrez ce village m\u00e9di\u00e9val dominant la vall\u00e9e de la Muse\" \/>\n<meta name=\"robots\" content=\"index, follow, max-snippet:-1, max-image-preview:large, max-video-preview:-1\" \/>\n<link rel=\"canonical\" href=\"https:\/\/www.camping-les-genets.fr\/fr\/castelnau-pegayrols\/\" \/>\n<meta property=\"og:locale\" content=\"fr_FR\" \/>\n<meta property=\"og:type\" content=\"article\" \/>\n<meta property=\"og:title\" content=\"Castelnau P\u00e9gayrols : d\u00e9couvrez le village m\u00e9di\u00e9val\" \/>\n<meta property=\"og:description\" content=\"Envie de visiter Castelnau P\u00e9gayrols pendant vos vacances dans l&#039;Aveyron ? D\u00e9couvrez ce village m\u00e9di\u00e9val dominant la vall\u00e9e de la Muse\" \/>\n<meta property=\"og:url\" content=\"https:\/\/www.camping-les-genets.fr\/fr\/castelnau-pegayrols\/\" \/>\n<meta property=\"og:site_name\" content=\"Camping les Genets\" \/>\n<meta property=\"article:modified_time\" content=\"2024-12-04T09:40:03+00:00\" \/>\n<meta property=\"og:image\" content=\"https:\/\/www.camping-les-genets.fr\/wp-content\/uploads\/2023\/09\/Castelnau-Pegayrols-chateau-scaled.webp\" \/>\n\t<meta property=\"og:image:width\" content=\"2560\" \/>\n\t<meta property=\"og:image:height\" content=\"1707\" \/>\n\t<meta property=\"og:image:type\" content=\"image\/webp\" \/>\n<meta name=\"twitter:card\" content=\"summary_large_image\" \/>\n<meta name=\"twitter:label1\" content=\"Dur\u00e9e de lecture estim\u00e9e\" \/>\n\t<meta name=\"twitter:data1\" content=\"2 minutes\" \/>\n<script type=\"application\/ld+json\" class=\"yoast-schema-graph\">{\"@context\":\"https:\\\/\\\/schema.org\",\"@graph\":[{\"@type\":\"WebPage\",\"@id\":\"https:\\\/\\\/www.camping-les-genets.fr\\\/fr\\\/castelnau-pegayrols\\\/\",\"url\":\"https:\\\/\\\/www.camping-les-genets.fr\\\/fr\\\/castelnau-pegayrols\\\/\",\"name\":\"Castelnau P\u00e9gayrols : d\u00e9couvrez le village m\u00e9di\u00e9val\",\"isPartOf\":{\"@id\":\"https:\\\/\\\/www.camping-les-genets.fr\\\/fr\\\/#website\"},\"primaryImageOfPage\":{\"@id\":\"https:\\\/\\\/www.camping-les-genets.fr\\\/fr\\\/castelnau-pegayrols\\\/#primaryimage\"},\"image\":{\"@id\":\"https:\\\/\\\/www.camping-les-genets.fr\\\/fr\\\/castelnau-pegayrols\\\/#primaryimage\"},\"thumbnailUrl\":\"https:\\\/\\\/www.camping-les-genets.fr\\\/wp-content\\\/uploads\\\/2023\\\/09\\\/Castelnau-Pegayrols-chateau-scaled.webp\",\"datePublished\":\"2023-09-13T14:55:17+00:00\",\"dateModified\":\"2024-12-04T09:40:03+00:00\",\"description\":\"Envie de visiter Castelnau P\u00e9gayrols pendant vos vacances dans l'Aveyron ? D\u00e9couvrez ce village m\u00e9di\u00e9val dominant la vall\u00e9e de la Muse\",\"breadcrumb\":{\"@id\":\"https:\\\/\\\/www.camping-les-genets.fr\\\/fr\\\/castelnau-pegayrols\\\/#breadcrumb\"},\"inLanguage\":\"fr-FR\",\"potentialAction\":[{\"@type\":\"ReadAction\",\"target\":[\"https:\\\/\\\/www.camping-les-genets.fr\\\/fr\\\/castelnau-pegayrols\\\/\"]}]},{\"@type\":\"ImageObject\",\"inLanguage\":\"fr-FR\",\"@id\":\"https:\\\/\\\/www.camping-les-genets.fr\\\/fr\\\/castelnau-pegayrols\\\/#primaryimage\",\"url\":\"https:\\\/\\\/www.camping-les-genets.fr\\\/wp-content\\\/uploads\\\/2023\\\/09\\\/Castelnau-Pegayrols-chateau-scaled.webp\",\"contentUrl\":\"https:\\\/\\\/www.camping-les-genets.fr\\\/wp-content\\\/uploads\\\/2023\\\/09\\\/Castelnau-Pegayrols-chateau-scaled.webp\",\"width\":2560,\"height\":1707,\"caption\":\"Castelnau-P\u00e9gayrols chateau\"},{\"@type\":\"BreadcrumbList\",\"@id\":\"https:\\\/\\\/www.camping-les-genets.fr\\\/fr\\\/castelnau-pegayrols\\\/#breadcrumb\",\"itemListElement\":[{\"@type\":\"ListItem\",\"position\":1,\"name\":\"Camping Aveyron\",\"item\":\"https:\\\/\\\/www.camping-les-genets.fr\\\/fr\\\/\"},{\"@type\":\"ListItem\",\"position\":2,\"name\":\"Visiter Castelnau P\u00e9gayrols\"}]},{\"@type\":\"WebSite\",\"@id\":\"https:\\\/\\\/www.camping-les-genets.fr\\\/fr\\\/#website\",\"url\":\"https:\\\/\\\/www.camping-les-genets.fr\\\/fr\\\/\",\"name\":\"Camping les Genets\",\"description\":\"\",\"publisher\":{\"@id\":\"https:\\\/\\\/www.camping-les-genets.fr\\\/fr\\\/#organization\"},\"potentialAction\":[{\"@type\":\"SearchAction\",\"target\":{\"@type\":\"EntryPoint\",\"urlTemplate\":\"https:\\\/\\\/www.camping-les-genets.fr\\\/fr\\\/?s={search_term_string}\"},\"query-input\":{\"@type\":\"PropertyValueSpecification\",\"valueRequired\":true,\"valueName\":\"search_term_string\"}}],\"inLanguage\":\"fr-FR\"},{\"@type\":\"Organization\",\"@id\":\"https:\\\/\\\/www.camping-les-genets.fr\\\/fr\\\/#organization\",\"name\":\"Camping les Genets\",\"url\":\"https:\\\/\\\/www.camping-les-genets.fr\\\/fr\\\/\",\"logo\":{\"@type\":\"ImageObject\",\"inLanguage\":\"fr-FR\",\"@id\":\"https:\\\/\\\/www.camping-les-genets.fr\\\/fr\\\/#\\\/schema\\\/logo\\\/image\\\/\",\"url\":\"https:\\\/\\\/www.camping-les-genets.fr\\\/wp-content\\\/uploads\\\/2023\\\/07\\\/cropped-logo-camping-genets-footer.png\",\"contentUrl\":\"https:\\\/\\\/www.camping-les-genets.fr\\\/wp-content\\\/uploads\\\/2023\\\/07\\\/cropped-logo-camping-genets-footer.png\",\"width\":500,\"height\":295,\"caption\":\"Camping les Genets\"},\"image\":{\"@id\":\"https:\\\/\\\/www.camping-les-genets.fr\\\/fr\\\/#\\\/schema\\\/logo\\\/image\\\/\"}}]}<\/script>\n<!-- \/ Yoast SEO plugin. -->","yoast_head_json":{"title":"Castelnau P\u00e9gayrols : d\u00e9couvrez le village m\u00e9di\u00e9val","description":"Envie de visiter Castelnau P\u00e9gayrols pendant vos vacances dans l'Aveyron ? D\u00e9couvrez ce village m\u00e9di\u00e9val dominant la vall\u00e9e de la Muse","robots":{"index":"index","follow":"follow","max-snippet":"max-snippet:-1","max-image-preview":"max-image-preview:large","max-video-preview":"max-video-preview:-1"},"canonical":"https:\/\/www.camping-les-genets.fr\/fr\/castelnau-pegayrols\/","og_locale":"fr_FR","og_type":"article","og_title":"Castelnau P\u00e9gayrols : d\u00e9couvrez le village m\u00e9di\u00e9val","og_description":"Envie de visiter Castelnau P\u00e9gayrols pendant vos vacances dans l'Aveyron ? D\u00e9couvrez ce village m\u00e9di\u00e9val dominant la vall\u00e9e de la Muse","og_url":"https:\/\/www.camping-les-genets.fr\/fr\/castelnau-pegayrols\/","og_site_name":"Camping les Genets","article_modified_time":"2024-12-04T09:40:03+00:00","og_image":[{"width":2560,"height":1707,"url":"https:\/\/www.camping-les-genets.fr\/wp-content\/uploads\/2023\/09\/Castelnau-Pegayrols-chateau-scaled.webp","type":"image\/webp"}],"twitter_card":"summary_large_image","twitter_misc":{"Dur\u00e9e de lecture estim\u00e9e":"2 minutes"},"schema":{"@context":"https:\/\/schema.org","@graph":[{"@type":"WebPage","@id":"https:\/\/www.camping-les-genets.fr\/fr\/castelnau-pegayrols\/","url":"https:\/\/www.camping-les-genets.fr\/fr\/castelnau-pegayrols\/","name":"Castelnau P\u00e9gayrols : d\u00e9couvrez le village m\u00e9di\u00e9val","isPartOf":{"@id":"https:\/\/www.camping-les-genets.fr\/fr\/#website"},"primaryImageOfPage":{"@id":"https:\/\/www.camping-les-genets.fr\/fr\/castelnau-pegayrols\/#primaryimage"},"image":{"@id":"https:\/\/www.camping-les-genets.fr\/fr\/castelnau-pegayrols\/#primaryimage"},"thumbnailUrl":"https:\/\/www.camping-les-genets.fr\/wp-content\/uploads\/2023\/09\/Castelnau-Pegayrols-chateau-scaled.webp","datePublished":"2023-09-13T14:55:17+00:00","dateModified":"2024-12-04T09:40:03+00:00","description":"Envie de visiter Castelnau P\u00e9gayrols pendant vos vacances dans l'Aveyron ? D\u00e9couvrez ce village m\u00e9di\u00e9val dominant la vall\u00e9e de la Muse","breadcrumb":{"@id":"https:\/\/www.camping-les-genets.fr\/fr\/castelnau-pegayrols\/#breadcrumb"},"inLanguage":"fr-FR","potentialAction":[{"@type":"ReadAction","target":["https:\/\/www.camping-les-genets.fr\/fr\/castelnau-pegayrols\/"]}]},{"@type":"ImageObject","inLanguage":"fr-FR","@id":"https:\/\/www.camping-les-genets.fr\/fr\/castelnau-pegayrols\/#primaryimage","url":"https:\/\/www.camping-les-genets.fr\/wp-content\/uploads\/2023\/09\/Castelnau-Pegayrols-chateau-scaled.webp","contentUrl":"https:\/\/www.camping-les-genets.fr\/wp-content\/uploads\/2023\/09\/Castelnau-Pegayrols-chateau-scaled.webp","width":2560,"height":1707,"caption":"Castelnau-P\u00e9gayrols chateau"},{"@type":"BreadcrumbList","@id":"https:\/\/www.camping-les-genets.fr\/fr\/castelnau-pegayrols\/#breadcrumb","itemListElement":[{"@type":"ListItem","position":1,"name":"Camping Aveyron","item":"https:\/\/www.camping-les-genets.fr\/fr\/"},{"@type":"ListItem","position":2,"name":"Visiter Castelnau P\u00e9gayrols"}]},{"@type":"WebSite","@id":"https:\/\/www.camping-les-genets.fr\/fr\/#website","url":"https:\/\/www.camping-les-genets.fr\/fr\/","name":"Camping les Genets","description":"","publisher":{"@id":"https:\/\/www.camping-les-genets.fr\/fr\/#organization"},"potentialAction":[{"@type":"SearchAction","target":{"@type":"EntryPoint","urlTemplate":"https:\/\/www.camping-les-genets.fr\/fr\/?s={search_term_string}"},"query-input":{"@type":"PropertyValueSpecification","valueRequired":true,"valueName":"search_term_string"}}],"inLanguage":"fr-FR"},{"@type":"Organization","@id":"https:\/\/www.camping-les-genets.fr\/fr\/#organization","name":"Camping les Genets","url":"https:\/\/www.camping-les-genets.fr\/fr\/","logo":{"@type":"ImageObject","inLanguage":"fr-FR","@id":"https:\/\/www.camping-les-genets.fr\/fr\/#\/schema\/logo\/image\/","url":"https:\/\/www.camping-les-genets.fr\/wp-content\/uploads\/2023\/07\/cropped-logo-camping-genets-footer.png","contentUrl":"https:\/\/www.camping-les-genets.fr\/wp-content\/uploads\/2023\/07\/cropped-logo-camping-genets-footer.png","width":500,"height":295,"caption":"Camping les Genets"},"image":{"@id":"https:\/\/www.camping-les-genets.fr\/fr\/#\/schema\/logo\/image\/"}}]}},"_links":{"self":[{"href":"https:\/\/www.camping-les-genets.fr\/fr\/wp-json\/wp\/v2\/pages\/2433","targetHints":{"allow":["GET"]}}],"collection":[{"href":"https:\/\/www.camping-les-genets.fr\/fr\/wp-json\/wp\/v2\/pages"}],"about":[{"href":"https:\/\/www.camping-les-genets.fr\/fr\/wp-json\/wp\/v2\/types\/page"}],"author":[{"embeddable":true,"href":"https:\/\/www.camping-les-genets.fr\/fr\/wp-json\/wp\/v2\/users\/1"}],"replies":[{"embeddable":true,"href":"https:\/\/www.camping-les-genets.fr\/fr\/wp-json\/wp\/v2\/comments?post=2433"}],"version-history":[{"count":17,"href":"https:\/\/www.camping-les-genets.fr\/fr\/wp-json\/wp\/v2\/pages\/2433\/revisions"}],"predecessor-version":[{"id":6998,"href":"https:\/\/www.camping-les-genets.fr\/fr\/wp-json\/wp\/v2\/pages\/2433\/revisions\/6998"}],"wp:featuredmedia":[{"embeddable":true,"href":"https:\/\/www.camping-les-genets.fr\/fr\/wp-json\/wp\/v2\/media\/2443"}],"wp:attachment":[{"href":"https:\/\/www.camping-les-genets.fr\/fr\/wp-json\/wp\/v2\/media?parent=2433"}],"wp:term":[{"taxonomy":"sujet","embeddable":true,"href":"https:\/\/www.camping-les-genets.fr\/fr\/wp-json\/wp\/v2\/sujet?post=2433"}],"curies":[{"name":"wp","href":"https:\/\/api.w.org\/{rel}","templated":true}]}}