{"id":2369,"date":"2023-09-13T15:35:27","date_gmt":"2023-09-13T13:35:27","guid":{"rendered":"https:\/\/www.camping-les-genets.fr\/?page_id=2369"},"modified":"2025-04-22T14:54:22","modified_gmt":"2025-04-22T12:54:22","slug":"micropolis","status":"publish","type":"page","link":"https:\/\/www.camping-les-genets.fr\/fr\/micropolis\/","title":{"rendered":"Micropolis"},"content":{"rendered":"<section id=\"ls-section-block_bd67cf7853924400f93f9d0bb26af9b4\" class=\"ls-section  page-chapeau has-p-b p-b-0\" >\r\n        <div class=\"container \">\r\n        \n\n<h1 class=\"ls__heading wp-block-heading has-text-align-center animated fadeInLeft delay-100ms slow\"><strong>Micropolis<\/strong><\/h1>\n\n\r\n    <\/div>\r\n<\/section>\n\n<section id=\"ls-section-block_c03f756424b2d0cc05c019bc659c9db8\" class=\"ls-section  page-one has-p-b p-b-14\" >\r\n        <div class=\"container container--full\">\r\n        \n\n<div class=\"wp-block-columns is-layout-flex wp-container-core-columns-is-layout-9d6595d7 wp-block-columns-is-layout-flex\">\n<div class=\"wp-block-column first is-layout-flow wp-block-column-is-layout-flow\" style=\"flex-basis:66.66%\">\n<figure class=\"wp-block-image size-full\"><img decoding=\"async\" width=\"1280\" height=\"1920\" src=\"https:\/\/www.camping-les-genets.fr\/wp-content\/uploads\/2023\/09\/Ruches-dabeilles-au-Micropolis.webp\" alt=\"Ruches d'abeilles au Micropolis\" class=\"wp-image-2378\" style=\"aspect-ratio:4\/3;object-fit:cover\" srcset=\"https:\/\/www.camping-les-genets.fr\/wp-content\/uploads\/2023\/09\/Ruches-dabeilles-au-Micropolis.webp 1280w, https:\/\/www.camping-les-genets.fr\/wp-content\/uploads\/2023\/09\/Ruches-dabeilles-au-Micropolis-200x300.webp 200w, https:\/\/www.camping-les-genets.fr\/wp-content\/uploads\/2023\/09\/Ruches-dabeilles-au-Micropolis-683x1024.webp 683w, https:\/\/www.camping-les-genets.fr\/wp-content\/uploads\/2023\/09\/Ruches-dabeilles-au-Micropolis-768x1152.webp 768w, https:\/\/www.camping-les-genets.fr\/wp-content\/uploads\/2023\/09\/Ruches-dabeilles-au-Micropolis-1024x1536.webp 1024w\" sizes=\"(max-width: 1280px) 100vw, 1280px\" \/><\/figure>\n<\/div>\n\n\n\n<div class=\"wp-block-column is-vertically-aligned-center second has-color-white-background-color has-background is-layout-flow wp-block-column-is-layout-flow\" style=\"flex-basis:33.33%\">\n<h2 class=\"ls__heading wp-block-heading\"><strong>Visite<\/strong> de la cit\u00e9 des insectes Micropolis<\/h2>\n\n\n\n<p class=\"ls-paragraph\">Sur le plateau du L\u00e9v\u00e9zou, la <a href=\"https:\/\/www.micropolis-aveyron.com\/\" target=\"_blank\" rel=\"noreferrer noopener\">Cit\u00e9 des insectes Micropolis<\/a> est un espace de<strong> plus de 2500 m2<\/strong> consacr\u00e9 au <strong>monde fascinant des insectes<\/strong>. Le mus\u00e9e a vu le jour \u00e0 Saint-L\u00e9ons, le village qui abrite la maison natale de l\u2019entomologiste Jean-Henri Favre. <strong>Unique en Europe<\/strong>, ce parc propose un parcours interactif lors duquel vous pourrez observer <strong>plus de 50 esp\u00e8ces d\u2019insectes vivants<\/strong>, assister \u00e0 des<strong> films en 3D<\/strong> et profiter d\u2019<strong>attractions de plein air<\/strong> pr\u00e8s de notre <a href=\"https:\/\/www.camping-les-genets.fr\/fr\/\">camping dans l&rsquo;Aveyron<\/a>.<\/p>\n\n\n\n<p class=\"ls-paragraph\">Le parcours int\u00e9rieur est compos\u00e9 de <strong>15 espaces consacr\u00e9s aux insectes<\/strong>. Le premier est celui des vivariums, o\u00f9 vous pourrez observer diff\u00e9rentes esp\u00e8ces dans l\u2019environnement qui leur correspond. Vous d\u00e9couvrirez ensuite, gr\u00e2ce \u00e0 un espace interactif, les caract\u00e9ristiques g\u00e9n\u00e9rales des insectes, ce qui les diff\u00e9rencie et ce qui les rapproche de l\u2019humain. Vous pourrez \u00e9galement observer \u00e0 Micropolis une v\u00e9ritable fourmili\u00e8re, ainsi qu\u2019une ruche ou un nid de bourdon en activit\u00e9.<\/p>\n\n\n\n<p class=\"ls-paragraph\">Pour le plaisir des yeux, la <strong>serre \u00e0 papillons<\/strong> est l\u2019occasion de d\u00e9couvrir les formes et les couleurs exceptionnelles des esp\u00e8ces tropicales. Le mus\u00e9e Micropolis met enfin \u00e0 disposition des plus jeunes enfants un espace de jeux p\u00e9dagogiques en int\u00e9rieur. Pour les plus grands, place aux <strong>insectes virtuels<\/strong> et aux <strong>grands<\/strong> <strong>d\u00e9fis<\/strong> !<\/p>\n<\/div>\n<\/div>\n\n\r\n    <\/div>\r\n<\/section>\n\n<section id=\"ls-section-block_7e8be3290724e782db6229ff0a7ef02f\" class=\"ls-section  page-two\" >\r\n        <div class=\"container \">\r\n        \n\n<h2 class=\"ls__heading wp-block-heading has-text-align-center\"><strong>Horaires et tarifs<\/strong> de la Micropolis<\/h2>\n\n\n\n<p class=\"ls-paragraph\">Si vous souhaitez visiter cet espace unique en famille lors de votre s\u00e9jour en <a href=\"\/fr\/camping-millau\/\">camping pr\u00e8s de Millau<\/a>, <strong>privil\u00e9giez le samedi ou le mercredi<\/strong>, lorsque Micropolis ne re\u00e7oit pas (ou tr\u00e8s peu) de groupes scolaires.<\/p>\n\n\n\n<p class=\"ls-paragraph\">Le <strong>prix du billet est de 15,90 \u20ac pour les adultes<\/strong>. Les <strong>enfants de 5 \u00e0 12 ans b\u00e9n\u00e9ficient d\u2019un tarif r\u00e9duit<\/strong> (11 \u20ac) et l\u2019<strong>acc\u00e8s est gratuit pour les moins de 5 ans<\/strong>. Des<strong> tarifs sp\u00e9ciaux <\/strong>sont propos\u00e9s aux demandeurs d\u2019emploi et aux personnes handicap\u00e9es (13,40 \u20ac pour les plus de 12 ans). Notez que les tarifs de Micropolis indiqu\u00e9s sont ceux pratiqu\u00e9s en 2023.<\/p>\n\n\r\n    <\/div>\r\n<\/section>\n\n<section id=\"ls-section-block_348b8a83de4ee713249bca1352782717\" class=\"ls-section  page-maillage has-p-t p-t-14 has-p-b p-b-14\" >\r\n        <div class=\"container container--wide\">\r\n        \n\n<div id=\"ls-heading ls-titre-div-block_223b7c8c7ab6152ff8daefc0f5ee668b\" class=\"ls-titre-div aligncenter h2-like has-m-b m-b-8\" >\n    D\u00e9couvrez le cano\u00eb, la randonn\u00e9e et la p\u00eache en Aveyron !<\/div>\n\n\n<div id=\"ls-maillage-block_b02d58fd1af4355c32e7b53d2cb050ef\" class=\"ls-maillage slow animated fadeInUp delay-100ms cta-style-normal\" data-rows=\"3\">\r\n    <div class=\"wp-block-columns\"><div class=\"wp-block-column\">\n\n<a href=\"https:\/\/www.camping-les-genets.fr\/fr\/canoe-en-aveyron\/\" target=\"\" rel=\"noopener\" class=\"ls-cta__link\">\n\n\t<div class=\"ls-cta__image\"><img decoding=\"async\" src=\"https:\/\/www.camping-les-genets.fr\/wp-content\/uploads\/2024\/02\/Canoe-Aveyron-scaled-1-768x512.webp\" alt=\"\"><\/div>\n\t<div class=\"ls-cta__title\">\n\t\tCano\u00eb en Aveyron\t<\/div>\n\n\t\t\n<\/a><\/div><div class=\"wp-block-column\">\n\n<a href=\"https:\/\/www.camping-les-genets.fr\/fr\/la-randonnee-dans-l-aveyron\/\" target=\"\" rel=\"noopener\" class=\"ls-cta__link\">\n\n\t<div class=\"ls-cta__image\"><img decoding=\"async\" src=\"https:\/\/www.camping-les-genets.fr\/wp-content\/uploads\/2023\/09\/Randonnee-pedestre-dans-lAveyron-768x1152.webp\" alt=\"Randonn\u00e9e p\u00e9destre dans l'Aveyron\"><\/div>\n\t<div class=\"ls-cta__title\">\n\t\tLa randonn\u00e9e dans l\u2019Aveyron\t<\/div>\n\n\t\t\n<\/a><\/div><div class=\"wp-block-column\">\n\n<a href=\"https:\/\/www.camping-les-genets.fr\/moulin-de-roupeyrac\/attachment\/les-moulins-de-roupeyrac\/\" target=\"\" rel=\"noopener\" class=\"ls-cta__link\">\n\n\t<div class=\"ls-cta__image\"><img decoding=\"async\" src=\"https:\/\/www.camping-les-genets.fr\/wp-content\/uploads\/2023\/07\/camping-les-genets-en-aveyron_1-768x432.jpg\" alt=\"camping les genets en aveyron\"><\/div>\n\t<div class=\"ls-cta__title\">\n\t\tles Moulins de Roupeyrac\t<\/div>\n\n\t\t\n<\/a><\/div><\/div><\/div>\n\r\n    <\/div>\r\n<\/section>","protected":false},"excerpt":{"rendered":"","protected":false},"author":1,"featured_media":2390,"parent":0,"menu_order":0,"comment_status":"closed","ping_status":"closed","template":"","meta":{"_acf_changed":false,"inline_featured_image":false,"footnotes":""},"sujet":[],"class_list":["post-2369","page","type-page","status-publish","has-post-thumbnail","hentry"],"acf":[],"yoast_head":"<!-- This site is optimized with the Yoast SEO plugin v23.4 - https:\/\/yoast.com\/wordpress\/plugins\/seo\/ -->\n<title>Micropolis Aveyron Millau: Visite, tarifs, horaires de la Micropolis<\/title>\n<meta name=\"description\" content=\"Envie de visiter la cit\u00e9 des insectes Micropolis durant vos vacances en Aveyron ? Le camping Les Gen\u00eats vous pr\u00e9sente cette activit\u00e9 insolite incontournable de la r\u00e9gion !\" \/>\n<meta name=\"robots\" content=\"index, follow, max-snippet:-1, max-image-preview:large, max-video-preview:-1\" \/>\n<link rel=\"canonical\" href=\"https:\/\/www.camping-les-genets.fr\/fr\/micropolis\/\" \/>\n<meta property=\"og:locale\" content=\"fr_FR\" \/>\n<meta property=\"og:type\" content=\"article\" \/>\n<meta property=\"og:title\" content=\"Micropolis Aveyron Millau: Visite, tarifs, horaires de la Micropolis\" \/>\n<meta property=\"og:description\" content=\"Envie de visiter la cit\u00e9 des insectes Micropolis durant vos vacances en Aveyron ? Le camping Les Gen\u00eats vous pr\u00e9sente cette activit\u00e9 insolite incontournable de la r\u00e9gion !\" \/>\n<meta property=\"og:url\" content=\"https:\/\/www.camping-les-genets.fr\/fr\/micropolis\/\" \/>\n<meta property=\"og:site_name\" content=\"Camping les Genets\" \/>\n<meta property=\"article:modified_time\" content=\"2025-04-22T12:54:22+00:00\" \/>\n<meta property=\"og:image\" content=\"https:\/\/www.camping-les-genets.fr\/wp-content\/uploads\/2023\/09\/Visite-de-la-cite-des-insectes-Micropolis.webp\" \/>\n\t<meta property=\"og:image:width\" content=\"1920\" \/>\n\t<meta property=\"og:image:height\" content=\"1280\" \/>\n\t<meta property=\"og:image:type\" content=\"image\/webp\" \/>\n<meta name=\"twitter:card\" content=\"summary_large_image\" \/>\n<meta name=\"twitter:label1\" content=\"Dur\u00e9e de lecture estim\u00e9e\" \/>\n\t<meta name=\"twitter:data1\" content=\"3 minutes\" \/>\n<script type=\"application\/ld+json\" class=\"yoast-schema-graph\">{\"@context\":\"https:\/\/schema.org\",\"@graph\":[{\"@type\":\"WebPage\",\"@id\":\"https:\/\/www.camping-les-genets.fr\/fr\/micropolis\/\",\"url\":\"https:\/\/www.camping-les-genets.fr\/fr\/micropolis\/\",\"name\":\"Micropolis Aveyron Millau: Visite, tarifs, horaires de la Micropolis\",\"isPartOf\":{\"@id\":\"https:\/\/www.camping-les-genets.fr\/fr\/#website\"},\"primaryImageOfPage\":{\"@id\":\"https:\/\/www.camping-les-genets.fr\/fr\/micropolis\/#primaryimage\"},\"image\":{\"@id\":\"https:\/\/www.camping-les-genets.fr\/fr\/micropolis\/#primaryimage\"},\"thumbnailUrl\":\"https:\/\/www.camping-les-genets.fr\/wp-content\/uploads\/2023\/09\/Visite-de-la-cite-des-insectes-Micropolis.webp\",\"datePublished\":\"2023-09-13T13:35:27+00:00\",\"dateModified\":\"2025-04-22T12:54:22+00:00\",\"description\":\"Envie de visiter la cit\u00e9 des insectes Micropolis durant vos vacances en Aveyron ? Le camping Les Gen\u00eats vous pr\u00e9sente cette activit\u00e9 insolite incontournable de la r\u00e9gion !\",\"breadcrumb\":{\"@id\":\"https:\/\/www.camping-les-genets.fr\/fr\/micropolis\/#breadcrumb\"},\"inLanguage\":\"fr-FR\",\"potentialAction\":[{\"@type\":\"ReadAction\",\"target\":[\"https:\/\/www.camping-les-genets.fr\/fr\/micropolis\/\"]}]},{\"@type\":\"ImageObject\",\"inLanguage\":\"fr-FR\",\"@id\":\"https:\/\/www.camping-les-genets.fr\/fr\/micropolis\/#primaryimage\",\"url\":\"https:\/\/www.camping-les-genets.fr\/wp-content\/uploads\/2023\/09\/Visite-de-la-cite-des-insectes-Micropolis.webp\",\"contentUrl\":\"https:\/\/www.camping-les-genets.fr\/wp-content\/uploads\/2023\/09\/Visite-de-la-cite-des-insectes-Micropolis.webp\",\"width\":1920,\"height\":1280,\"caption\":\"Visite de la cit\u00e9 des insectes Micropolis\"},{\"@type\":\"BreadcrumbList\",\"@id\":\"https:\/\/www.camping-les-genets.fr\/fr\/micropolis\/#breadcrumb\",\"itemListElement\":[{\"@type\":\"ListItem\",\"position\":1,\"name\":\"Camping Aveyron\",\"item\":\"https:\/\/www.camping-les-genets.fr\/fr\/\"},{\"@type\":\"ListItem\",\"position\":2,\"name\":\"D\u00e9couvrir Micropolis\"}]},{\"@type\":\"WebSite\",\"@id\":\"https:\/\/www.camping-les-genets.fr\/fr\/#website\",\"url\":\"https:\/\/www.camping-les-genets.fr\/fr\/\",\"name\":\"Camping les Genets\",\"description\":\"\",\"publisher\":{\"@id\":\"https:\/\/www.camping-les-genets.fr\/fr\/#organization\"},\"potentialAction\":[{\"@type\":\"SearchAction\",\"target\":{\"@type\":\"EntryPoint\",\"urlTemplate\":\"https:\/\/www.camping-les-genets.fr\/fr\/?s={search_term_string}\"},\"query-input\":{\"@type\":\"PropertyValueSpecification\",\"valueRequired\":true,\"valueName\":\"search_term_string\"}}],\"inLanguage\":\"fr-FR\"},{\"@type\":\"Organization\",\"@id\":\"https:\/\/www.camping-les-genets.fr\/fr\/#organization\",\"name\":\"Camping les Genets\",\"url\":\"https:\/\/www.camping-les-genets.fr\/fr\/\",\"logo\":{\"@type\":\"ImageObject\",\"inLanguage\":\"fr-FR\",\"@id\":\"https:\/\/www.camping-les-genets.fr\/fr\/#\/schema\/logo\/image\/\",\"url\":\"https:\/\/www.camping-les-genets.fr\/wp-content\/uploads\/2023\/07\/cropped-logo-camping-genets-footer.png\",\"contentUrl\":\"https:\/\/www.camping-les-genets.fr\/wp-content\/uploads\/2023\/07\/cropped-logo-camping-genets-footer.png\",\"width\":500,\"height\":295,\"caption\":\"Camping les Genets\"},\"image\":{\"@id\":\"https:\/\/www.camping-les-genets.fr\/fr\/#\/schema\/logo\/image\/\"}}]}<\/script>\n<!-- \/ Yoast SEO plugin. -->","yoast_head_json":{"title":"Micropolis Aveyron Millau: Visite, tarifs, horaires de la Micropolis","description":"Envie de visiter la cit\u00e9 des insectes Micropolis durant vos vacances en Aveyron ? Le camping Les Gen\u00eats vous pr\u00e9sente cette activit\u00e9 insolite incontournable de la r\u00e9gion !","robots":{"index":"index","follow":"follow","max-snippet":"max-snippet:-1","max-image-preview":"max-image-preview:large","max-video-preview":"max-video-preview:-1"},"canonical":"https:\/\/www.camping-les-genets.fr\/fr\/micropolis\/","og_locale":"fr_FR","og_type":"article","og_title":"Micropolis Aveyron Millau: Visite, tarifs, horaires de la Micropolis","og_description":"Envie de visiter la cit\u00e9 des insectes Micropolis durant vos vacances en Aveyron ? Le camping Les Gen\u00eats vous pr\u00e9sente cette activit\u00e9 insolite incontournable de la r\u00e9gion !","og_url":"https:\/\/www.camping-les-genets.fr\/fr\/micropolis\/","og_site_name":"Camping les Genets","article_modified_time":"2025-04-22T12:54:22+00:00","og_image":[{"width":1920,"height":1280,"url":"https:\/\/www.camping-les-genets.fr\/wp-content\/uploads\/2023\/09\/Visite-de-la-cite-des-insectes-Micropolis.webp","type":"image\/webp"}],"twitter_card":"summary_large_image","twitter_misc":{"Dur\u00e9e de lecture estim\u00e9e":"3 minutes"},"schema":{"@context":"https:\/\/schema.org","@graph":[{"@type":"WebPage","@id":"https:\/\/www.camping-les-genets.fr\/fr\/micropolis\/","url":"https:\/\/www.camping-les-genets.fr\/fr\/micropolis\/","name":"Micropolis Aveyron Millau: Visite, tarifs, horaires de la Micropolis","isPartOf":{"@id":"https:\/\/www.camping-les-genets.fr\/fr\/#website"},"primaryImageOfPage":{"@id":"https:\/\/www.camping-les-genets.fr\/fr\/micropolis\/#primaryimage"},"image":{"@id":"https:\/\/www.camping-les-genets.fr\/fr\/micropolis\/#primaryimage"},"thumbnailUrl":"https:\/\/www.camping-les-genets.fr\/wp-content\/uploads\/2023\/09\/Visite-de-la-cite-des-insectes-Micropolis.webp","datePublished":"2023-09-13T13:35:27+00:00","dateModified":"2025-04-22T12:54:22+00:00","description":"Envie de visiter la cit\u00e9 des insectes Micropolis durant vos vacances en Aveyron ? Le camping Les Gen\u00eats vous pr\u00e9sente cette activit\u00e9 insolite incontournable de la r\u00e9gion !","breadcrumb":{"@id":"https:\/\/www.camping-les-genets.fr\/fr\/micropolis\/#breadcrumb"},"inLanguage":"fr-FR","potentialAction":[{"@type":"ReadAction","target":["https:\/\/www.camping-les-genets.fr\/fr\/micropolis\/"]}]},{"@type":"ImageObject","inLanguage":"fr-FR","@id":"https:\/\/www.camping-les-genets.fr\/fr\/micropolis\/#primaryimage","url":"https:\/\/www.camping-les-genets.fr\/wp-content\/uploads\/2023\/09\/Visite-de-la-cite-des-insectes-Micropolis.webp","contentUrl":"https:\/\/www.camping-les-genets.fr\/wp-content\/uploads\/2023\/09\/Visite-de-la-cite-des-insectes-Micropolis.webp","width":1920,"height":1280,"caption":"Visite de la cit\u00e9 des insectes Micropolis"},{"@type":"BreadcrumbList","@id":"https:\/\/www.camping-les-genets.fr\/fr\/micropolis\/#breadcrumb","itemListElement":[{"@type":"ListItem","position":1,"name":"Camping Aveyron","item":"https:\/\/www.camping-les-genets.fr\/fr\/"},{"@type":"ListItem","position":2,"name":"D\u00e9couvrir Micropolis"}]},{"@type":"WebSite","@id":"https:\/\/www.camping-les-genets.fr\/fr\/#website","url":"https:\/\/www.camping-les-genets.fr\/fr\/","name":"Camping les Genets","description":"","publisher":{"@id":"https:\/\/www.camping-les-genets.fr\/fr\/#organization"},"potentialAction":[{"@type":"SearchAction","target":{"@type":"EntryPoint","urlTemplate":"https:\/\/www.camping-les-genets.fr\/fr\/?s={search_term_string}"},"query-input":{"@type":"PropertyValueSpecification","valueRequired":true,"valueName":"search_term_string"}}],"inLanguage":"fr-FR"},{"@type":"Organization","@id":"https:\/\/www.camping-les-genets.fr\/fr\/#organization","name":"Camping les Genets","url":"https:\/\/www.camping-les-genets.fr\/fr\/","logo":{"@type":"ImageObject","inLanguage":"fr-FR","@id":"https:\/\/www.camping-les-genets.fr\/fr\/#\/schema\/logo\/image\/","url":"https:\/\/www.camping-les-genets.fr\/wp-content\/uploads\/2023\/07\/cropped-logo-camping-genets-footer.png","contentUrl":"https:\/\/www.camping-les-genets.fr\/wp-content\/uploads\/2023\/07\/cropped-logo-camping-genets-footer.png","width":500,"height":295,"caption":"Camping les Genets"},"image":{"@id":"https:\/\/www.camping-les-genets.fr\/fr\/#\/schema\/logo\/image\/"}}]}},"_links":{"self":[{"href":"https:\/\/www.camping-les-genets.fr\/fr\/wp-json\/wp\/v2\/pages\/2369","targetHints":{"allow":["GET"]}}],"collection":[{"href":"https:\/\/www.camping-les-genets.fr\/fr\/wp-json\/wp\/v2\/pages"}],"about":[{"href":"https:\/\/www.camping-les-genets.fr\/fr\/wp-json\/wp\/v2\/types\/page"}],"author":[{"embeddable":true,"href":"https:\/\/www.camping-les-genets.fr\/fr\/wp-json\/wp\/v2\/users\/1"}],"replies":[{"embeddable":true,"href":"https:\/\/www.camping-les-genets.fr\/fr\/wp-json\/wp\/v2\/comments?post=2369"}],"version-history":[{"count":22,"href":"https:\/\/www.camping-les-genets.fr\/fr\/wp-json\/wp\/v2\/pages\/2369\/revisions"}],"predecessor-version":[{"id":7348,"href":"https:\/\/www.camping-les-genets.fr\/fr\/wp-json\/wp\/v2\/pages\/2369\/revisions\/7348"}],"wp:featuredmedia":[{"embeddable":true,"href":"https:\/\/www.camping-les-genets.fr\/fr\/wp-json\/wp\/v2\/media\/2390"}],"wp:attachment":[{"href":"https:\/\/www.camping-les-genets.fr\/fr\/wp-json\/wp\/v2\/media?parent=2369"}],"wp:term":[{"taxonomy":"sujet","embeddable":true,"href":"https:\/\/www.camping-les-genets.fr\/fr\/wp-json\/wp\/v2\/sujet?post=2369"}],"curies":[{"name":"wp","href":"https:\/\/api.w.org\/{rel}","templated":true}]}}