{"id":2339,"date":"2023-09-13T14:53:41","date_gmt":"2023-09-13T12:53:41","guid":{"rendered":"https:\/\/www.camping-les-genets.fr\/?page_id=2339"},"modified":"2024-12-04T11:27:58","modified_gmt":"2024-12-04T10:27:58","slug":"peyre","status":"publish","type":"page","link":"https:\/\/www.camping-les-genets.fr\/fr\/peyre\/","title":{"rendered":"Peyre"},"content":{"rendered":"<section id=\"ls-section-block_bf9f5f104f101296a8ab99089e99f62c\" class=\"ls-section  page-chapeau has-p-b p-b-0\" >\r\n        <div class=\"container \">\r\n        \n\n<h1 class=\"ls__heading wp-block-heading has-text-align-center animated fadeInLeft delay-100ms slow\"><strong>Peyre<\/strong><\/h1>\n\n\r\n    <\/div>\r\n<\/section>\n\n<section id=\"ls-section-block_ea86436fec4b1990d971aaa81b856287\" class=\"ls-section  page-one has-p-b p-b-14\" >\r\n        <div class=\"container container--full\">\r\n        \n\n<div class=\"wp-block-columns is-layout-flex wp-container-core-columns-is-layout-9d6595d7 wp-block-columns-is-layout-flex\">\n<div class=\"wp-block-column first is-layout-flow wp-block-column-is-layout-flow\" style=\"flex-basis:66.66%\">\n<figure class=\"wp-block-image size-full\"><img decoding=\"async\" width=\"2560\" height=\"1707\" src=\"https:\/\/www.camping-les-genets.fr\/wp-content\/uploads\/2023\/09\/Village-de-Peyre-en-Aveyron.webp\" alt=\"Village de Peyre en Aveyron\" class=\"wp-image-2346\" srcset=\"https:\/\/www.camping-les-genets.fr\/wp-content\/uploads\/2023\/09\/Village-de-Peyre-en-Aveyron.webp 2560w, https:\/\/www.camping-les-genets.fr\/wp-content\/uploads\/2023\/09\/Village-de-Peyre-en-Aveyron-300x200.webp 300w, https:\/\/www.camping-les-genets.fr\/wp-content\/uploads\/2023\/09\/Village-de-Peyre-en-Aveyron-1024x683.webp 1024w, https:\/\/www.camping-les-genets.fr\/wp-content\/uploads\/2023\/09\/Village-de-Peyre-en-Aveyron-768x512.webp 768w, https:\/\/www.camping-les-genets.fr\/wp-content\/uploads\/2023\/09\/Village-de-Peyre-en-Aveyron-1536x1024.webp 1536w, https:\/\/www.camping-les-genets.fr\/wp-content\/uploads\/2023\/09\/Village-de-Peyre-en-Aveyron-2048x1366.webp 2048w\" sizes=\"(max-width: 2560px) 100vw, 2560px\" \/><\/figure>\n<\/div>\n\n\n\n<div class=\"wp-block-column is-vertically-aligned-center second has-color-white-background-color has-background is-layout-flow wp-block-column-is-layout-flow\" style=\"flex-basis:33.33%\">\n<h2 class=\"ls__heading wp-block-heading\"><strong>Vacances<\/strong> \u00e0 Peyre<\/h2>\n\n\n\n<p class=\"ls-paragraph\">Le<strong> bourg semi-troglodyte de Peyre<\/strong> offre un <strong>d\u00e9cor insolite<\/strong> \u00e0 ses visiteurs et un<strong> point de vue unique sur la vall\u00e9e du Tarn<\/strong> enjamb\u00e9e par le viaduc de Millau. Adoss\u00e9 \u00e0 la falaise et surplomb\u00e9 par le plateau du causse rouge, le village de Peyre poss\u00e8de le label des <strong>\u00ab Plus beaux villages de France \u00bb<\/strong> et est \u00e0 d\u00e9couvrir le temps de votre s\u00e9jour en <a href=\"\/\">camping 5 \u00e9toiles en Aveyron<\/a>.<\/p>\n\n\n\n<p class=\"ls-paragraph\">Les<strong> amateurs de randonn\u00e9e<\/strong> y appr\u00e9cieront le parcours propos\u00e9 par le sentier des caselles pendant leurs vacances : de Compr\u00e9gnac \u00e0 Peyre, il vous emm\u00e8ne \u00e0 la d\u00e9couverte d\u2019une impressionnante concentration de ces abris de bergers caussenards typiques en pierres s\u00e8ches, appel\u00e9s \u00ab caselles \u00bb. Sur votre chemin, vous rencontrerez \u00e9galement des ch\u00eanes truffiers et passerez par un point de vue sur la vall\u00e9e et le c\u00e9l\u00e8bre viaduc de Millau.<\/p>\n\n\n\n<p class=\"ls-paragraph\">En haut de ce village pittoresque, la <strong>vue sur la vall\u00e9e est \u00e0 couper le souffle<\/strong>. Le site offre aussi l\u2019une des plus belles vues sur le viaduc de Millau, situ\u00e9 quelques kilom\u00e8tres en amont.<\/p>\n<\/div>\n<\/div>\n\n\r\n    <\/div>\r\n<\/section>\n\n<section id=\"ls-section-block_73c05e89eb05e5b689f6ab879aad1e69\" class=\"ls-section \" >\r\n        <div class=\"container container--wide\">\r\n        \n\n<div class=\"wp-block-columns is-layout-flex wp-container-core-columns-is-layout-9d6595d7 wp-block-columns-is-layout-flex\">\n<div class=\"wp-block-column first is-layout-flow wp-block-column-is-layout-flow\">\n<h2 class=\"ls__heading wp-block-heading\">Itin\u00e9raire <strong>camping Peyre<\/strong><\/h2>\n\n\n\n<p class=\"ls-paragraph\">Le <strong>village troglodyte de Peyre<\/strong> se situe \u00e0 environ 10 km de Millau et \u00e0 40 km du <a href=\"https:\/\/www.camping-les-genets.fr\/fr\/\">camping Les Gen\u00eats dans l&rsquo;Aveyron<\/a> (50 min en voiture). Prenez la D577 jusqu\u2019\u00e0 Salles-Curan, puis la D993 jusqu\u2019\u00e0 Saint-Rome-de-Tarn.<\/p>\n\n\n\n<p class=\"ls-paragraph\">Cette <strong>charmante commune<\/strong> est tr\u00e8s appr\u00e9ci\u00e9e pour son centre-ville m\u00e9di\u00e9val, son logis \u00e0 tourelle et ses maisons richement d\u00e9cor\u00e9es. Montjaux abrite \u00e9galement <strong>un ch\u00e2teau et une belle \u00e9glise<\/strong> (\u00e9glise Saint-Quirinus) qui m\u00e9ritent amplement un d\u00e9tour.<\/p>\n\n\n\n<p class=\"ls-paragraph\">La route qui relie Saint-Rome-de-Tarn et Peyre (Compr\u00e9gnac) suit le cours du Tarn. Vous pourrez vous arr\u00eater en chemin pour <strong>admirer la vall\u00e9e du Tarn<\/strong>, vous<strong> balader et prendre de belles photographies<\/strong> pour immortaliser votre s\u00e9jour au <strong>camping club les Gen\u00eats dans l\u2019Aveyron.<\/strong><\/p>\n<\/div>\n\n\n\n<div class=\"wp-block-column is-vertically-aligned-center second is-layout-flow wp-block-column-is-layout-flow\" style=\"flex-basis:800px\">\n<iframe src=\"https:\/\/www.google.com\/maps\/embed?pb=!1m28!1m12!1m3!1d91597.30257791563!2d2.8076677917426927!3d44.15729074586687!2m3!1f0!2f0!3f0!3m2!1i1024!2i768!4f13.1!4m13!3e0!4m5!1s0x12b2683ba8eaa029%3A0x9e3dc1bbe65d1b4b!2sCamping%20les%20Gen%C3%AAts%20%7C%20Camping%20Aveyron%2C%20Lac%20de%20Pareloup%2C%20Salles-Curan!3m2!1d44.1894481!2d2.7667329!4m5!1s0x12b2499f092f89e3%3A0x48a451ba6d504d66!2sPeyre%2C%20Compr%C3%A9gnac!3m2!1d44.09216!2d2.999246!5e0!3m2!1sfr!2sfr!4v1694609594973!5m2!1sfr!2sfr\" width=\"800\" height=\"600\" style=\"border:0;\" allowfullscreen=\"\" loading=\"lazy\" referrerpolicy=\"no-referrer-when-downgrade\"><\/iframe>\n<\/div>\n<\/div>\n\n\r\n    <\/div>\r\n<\/section>\n\n<section id=\"ls-section-block_29b882424cd3d56ca34fff058d181d60\" class=\"ls-section  page-maillage has-p-t p-t-14 has-p-b p-b-14\" >\r\n        <div class=\"container container--wide\">\r\n        \n\n<div id=\"ls-heading ls-titre-div-block_df3ddf3029251d2f6d052ecd00923f65\" class=\"ls-titre-div aligncenter h2-like has-m-b m-b-8\" >\n    D\u00e9couvrez les villages de Saint C\u00f4me d&rsquo;Olt, Conques et Brousse le Ch\u00e2teau !<\/div>\n\n\n<div id=\"ls-maillage-block_d4d572df214effcaa4c1da0d5a942665\" class=\"ls-maillage slow animated fadeInUp delay-100ms cta-style-normal\" data-rows=\"3\">\r\n    <div class=\"wp-block-columns\"><div class=\"wp-block-column\">\n\n<a href=\"https:\/\/www.camping-les-genets.fr\/fr\/tourisme-saint-come-d-olt\/\" target=\"\" rel=\"noopener\" class=\"ls-cta__link\">\n\n\t<div class=\"ls-cta__image\"><img decoding=\"async\" src=\"https:\/\/www.camping-les-genets.fr\/wp-content\/uploads\/2023\/09\/eglise-de-Saint-Come-dOlt-768x1152.webp\" alt=\"\u00e9glise de Saint C\u00f4me d'Olt\"><\/div>\n\t<div class=\"ls-cta__title\">\n\t\tSaint-C\u00f4me-d\u2019Olt\t<\/div>\n\n\t\t\n<\/a><\/div><div class=\"wp-block-column\">\n\n<a href=\"https:\/\/www.camping-les-genets.fr\/fr\/tourisme-conques\/\" target=\"\" rel=\"noopener\" class=\"ls-cta__link\">\n\n\t<div class=\"ls-cta__image\"><img decoding=\"async\" src=\"https:\/\/www.camping-les-genets.fr\/wp-content\/uploads\/2023\/09\/Beau-paysage-dans-lAveyron-768x512.webp\" alt=\"Beau paysage dans l'Aveyron\"><\/div>\n\t<div class=\"ls-cta__title\">\n\t\tConques\t<\/div>\n\n\t\t\n<\/a><\/div><div class=\"wp-block-column\">\n\n<a href=\"https:\/\/www.camping-les-genets.fr\/fr\/brousse-le-chateau\/\" target=\"\" rel=\"noopener\" class=\"ls-cta__link\">\n\n\t<div class=\"ls-cta__image\"><img decoding=\"async\" src=\"https:\/\/www.camping-les-genets.fr\/wp-content\/uploads\/2023\/09\/Chateau-en-Aveyron-768x511.webp\" alt=\"Chateau en Aveyron\"><\/div>\n\t<div class=\"ls-cta__title\">\n\t\tBrousse le Ch\u00e2teau\t<\/div>\n\n\t\t\n<\/a><\/div><\/div><\/div>\n\r\n    <\/div>\r\n<\/section>","protected":false},"excerpt":{"rendered":"","protected":false},"author":1,"featured_media":2354,"parent":0,"menu_order":0,"comment_status":"closed","ping_status":"closed","template":"","meta":{"_acf_changed":false,"inline_featured_image":false,"footnotes":""},"sujet":[],"class_list":["post-2339","page","type-page","status-publish","has-post-thumbnail","hentry"],"acf":[],"yoast_head":"<!-- This site is optimized with the Yoast SEO plugin v27.3 - https:\/\/yoast.com\/product\/yoast-seo-wordpress\/ -->\n<title>Peyre : D\u00e9couvrir le bourg de Peyre<\/title>\n<meta name=\"description\" content=\"Visiter le bourg semi-troglodyte de Peyre offrant un d\u00e9cor insolite et un point de vue unique sur la vall\u00e9e du Tarn\" \/>\n<meta name=\"robots\" content=\"index, follow, max-snippet:-1, max-image-preview:large, max-video-preview:-1\" \/>\n<link rel=\"canonical\" href=\"https:\/\/www.camping-les-genets.fr\/fr\/peyre\/\" \/>\n<meta property=\"og:locale\" content=\"fr_FR\" \/>\n<meta property=\"og:type\" content=\"article\" \/>\n<meta property=\"og:title\" content=\"Peyre : D\u00e9couvrir le bourg de Peyre\" \/>\n<meta property=\"og:description\" content=\"Visiter le bourg semi-troglodyte de Peyre offrant un d\u00e9cor insolite et un point de vue unique sur la vall\u00e9e du Tarn\" \/>\n<meta property=\"og:url\" content=\"https:\/\/www.camping-les-genets.fr\/fr\/peyre\/\" \/>\n<meta property=\"og:site_name\" content=\"Camping les Genets\" \/>\n<meta property=\"article:modified_time\" content=\"2024-12-04T10:27:58+00:00\" \/>\n<meta property=\"og:image\" content=\"https:\/\/www.camping-les-genets.fr\/wp-content\/uploads\/2023\/09\/Village-medieval-en-Aveyron.webp\" \/>\n\t<meta property=\"og:image:width\" content=\"1920\" \/>\n\t<meta property=\"og:image:height\" content=\"1278\" \/>\n\t<meta property=\"og:image:type\" content=\"image\/webp\" \/>\n<meta name=\"twitter:card\" content=\"summary_large_image\" \/>\n<meta name=\"twitter:label1\" content=\"Dur\u00e9e de lecture estim\u00e9e\" \/>\n\t<meta name=\"twitter:data1\" content=\"2 minutes\" \/>\n<script type=\"application\/ld+json\" class=\"yoast-schema-graph\">{\"@context\":\"https:\\\/\\\/schema.org\",\"@graph\":[{\"@type\":\"WebPage\",\"@id\":\"https:\\\/\\\/www.camping-les-genets.fr\\\/fr\\\/peyre\\\/\",\"url\":\"https:\\\/\\\/www.camping-les-genets.fr\\\/fr\\\/peyre\\\/\",\"name\":\"Peyre : D\u00e9couvrir le bourg de Peyre\",\"isPartOf\":{\"@id\":\"https:\\\/\\\/www.camping-les-genets.fr\\\/fr\\\/#website\"},\"primaryImageOfPage\":{\"@id\":\"https:\\\/\\\/www.camping-les-genets.fr\\\/fr\\\/peyre\\\/#primaryimage\"},\"image\":{\"@id\":\"https:\\\/\\\/www.camping-les-genets.fr\\\/fr\\\/peyre\\\/#primaryimage\"},\"thumbnailUrl\":\"https:\\\/\\\/www.camping-les-genets.fr\\\/wp-content\\\/uploads\\\/2023\\\/09\\\/Village-medieval-en-Aveyron.webp\",\"datePublished\":\"2023-09-13T12:53:41+00:00\",\"dateModified\":\"2024-12-04T10:27:58+00:00\",\"description\":\"Visiter le bourg semi-troglodyte de Peyre offrant un d\u00e9cor insolite et un point de vue unique sur la vall\u00e9e du Tarn\",\"breadcrumb\":{\"@id\":\"https:\\\/\\\/www.camping-les-genets.fr\\\/fr\\\/peyre\\\/#breadcrumb\"},\"inLanguage\":\"fr-FR\",\"potentialAction\":[{\"@type\":\"ReadAction\",\"target\":[\"https:\\\/\\\/www.camping-les-genets.fr\\\/fr\\\/peyre\\\/\"]}]},{\"@type\":\"ImageObject\",\"inLanguage\":\"fr-FR\",\"@id\":\"https:\\\/\\\/www.camping-les-genets.fr\\\/fr\\\/peyre\\\/#primaryimage\",\"url\":\"https:\\\/\\\/www.camping-les-genets.fr\\\/wp-content\\\/uploads\\\/2023\\\/09\\\/Village-medieval-en-Aveyron.webp\",\"contentUrl\":\"https:\\\/\\\/www.camping-les-genets.fr\\\/wp-content\\\/uploads\\\/2023\\\/09\\\/Village-medieval-en-Aveyron.webp\",\"width\":1920,\"height\":1278,\"caption\":\"Village m\u00e9di\u00e9val en Aveyron\"},{\"@type\":\"BreadcrumbList\",\"@id\":\"https:\\\/\\\/www.camping-les-genets.fr\\\/fr\\\/peyre\\\/#breadcrumb\",\"itemListElement\":[{\"@type\":\"ListItem\",\"position\":1,\"name\":\"Camping Aveyron\",\"item\":\"https:\\\/\\\/www.camping-les-genets.fr\\\/fr\\\/\"},{\"@type\":\"ListItem\",\"position\":2,\"name\":\"Bourg semi-troglodyte de Peyre\"}]},{\"@type\":\"WebSite\",\"@id\":\"https:\\\/\\\/www.camping-les-genets.fr\\\/fr\\\/#website\",\"url\":\"https:\\\/\\\/www.camping-les-genets.fr\\\/fr\\\/\",\"name\":\"Camping les Genets\",\"description\":\"\",\"publisher\":{\"@id\":\"https:\\\/\\\/www.camping-les-genets.fr\\\/fr\\\/#organization\"},\"potentialAction\":[{\"@type\":\"SearchAction\",\"target\":{\"@type\":\"EntryPoint\",\"urlTemplate\":\"https:\\\/\\\/www.camping-les-genets.fr\\\/fr\\\/?s={search_term_string}\"},\"query-input\":{\"@type\":\"PropertyValueSpecification\",\"valueRequired\":true,\"valueName\":\"search_term_string\"}}],\"inLanguage\":\"fr-FR\"},{\"@type\":\"Organization\",\"@id\":\"https:\\\/\\\/www.camping-les-genets.fr\\\/fr\\\/#organization\",\"name\":\"Camping les Genets\",\"url\":\"https:\\\/\\\/www.camping-les-genets.fr\\\/fr\\\/\",\"logo\":{\"@type\":\"ImageObject\",\"inLanguage\":\"fr-FR\",\"@id\":\"https:\\\/\\\/www.camping-les-genets.fr\\\/fr\\\/#\\\/schema\\\/logo\\\/image\\\/\",\"url\":\"https:\\\/\\\/www.camping-les-genets.fr\\\/wp-content\\\/uploads\\\/2023\\\/07\\\/cropped-logo-camping-genets-footer.png\",\"contentUrl\":\"https:\\\/\\\/www.camping-les-genets.fr\\\/wp-content\\\/uploads\\\/2023\\\/07\\\/cropped-logo-camping-genets-footer.png\",\"width\":500,\"height\":295,\"caption\":\"Camping les Genets\"},\"image\":{\"@id\":\"https:\\\/\\\/www.camping-les-genets.fr\\\/fr\\\/#\\\/schema\\\/logo\\\/image\\\/\"}}]}<\/script>\n<!-- \/ Yoast SEO plugin. -->","yoast_head_json":{"title":"Peyre : D\u00e9couvrir le bourg de Peyre","description":"Visiter le bourg semi-troglodyte de Peyre offrant un d\u00e9cor insolite et un point de vue unique sur la vall\u00e9e du Tarn","robots":{"index":"index","follow":"follow","max-snippet":"max-snippet:-1","max-image-preview":"max-image-preview:large","max-video-preview":"max-video-preview:-1"},"canonical":"https:\/\/www.camping-les-genets.fr\/fr\/peyre\/","og_locale":"fr_FR","og_type":"article","og_title":"Peyre : D\u00e9couvrir le bourg de Peyre","og_description":"Visiter le bourg semi-troglodyte de Peyre offrant un d\u00e9cor insolite et un point de vue unique sur la vall\u00e9e du Tarn","og_url":"https:\/\/www.camping-les-genets.fr\/fr\/peyre\/","og_site_name":"Camping les Genets","article_modified_time":"2024-12-04T10:27:58+00:00","og_image":[{"width":1920,"height":1278,"url":"https:\/\/www.camping-les-genets.fr\/wp-content\/uploads\/2023\/09\/Village-medieval-en-Aveyron.webp","type":"image\/webp"}],"twitter_card":"summary_large_image","twitter_misc":{"Dur\u00e9e de lecture estim\u00e9e":"2 minutes"},"schema":{"@context":"https:\/\/schema.org","@graph":[{"@type":"WebPage","@id":"https:\/\/www.camping-les-genets.fr\/fr\/peyre\/","url":"https:\/\/www.camping-les-genets.fr\/fr\/peyre\/","name":"Peyre : D\u00e9couvrir le bourg de Peyre","isPartOf":{"@id":"https:\/\/www.camping-les-genets.fr\/fr\/#website"},"primaryImageOfPage":{"@id":"https:\/\/www.camping-les-genets.fr\/fr\/peyre\/#primaryimage"},"image":{"@id":"https:\/\/www.camping-les-genets.fr\/fr\/peyre\/#primaryimage"},"thumbnailUrl":"https:\/\/www.camping-les-genets.fr\/wp-content\/uploads\/2023\/09\/Village-medieval-en-Aveyron.webp","datePublished":"2023-09-13T12:53:41+00:00","dateModified":"2024-12-04T10:27:58+00:00","description":"Visiter le bourg semi-troglodyte de Peyre offrant un d\u00e9cor insolite et un point de vue unique sur la vall\u00e9e du Tarn","breadcrumb":{"@id":"https:\/\/www.camping-les-genets.fr\/fr\/peyre\/#breadcrumb"},"inLanguage":"fr-FR","potentialAction":[{"@type":"ReadAction","target":["https:\/\/www.camping-les-genets.fr\/fr\/peyre\/"]}]},{"@type":"ImageObject","inLanguage":"fr-FR","@id":"https:\/\/www.camping-les-genets.fr\/fr\/peyre\/#primaryimage","url":"https:\/\/www.camping-les-genets.fr\/wp-content\/uploads\/2023\/09\/Village-medieval-en-Aveyron.webp","contentUrl":"https:\/\/www.camping-les-genets.fr\/wp-content\/uploads\/2023\/09\/Village-medieval-en-Aveyron.webp","width":1920,"height":1278,"caption":"Village m\u00e9di\u00e9val en Aveyron"},{"@type":"BreadcrumbList","@id":"https:\/\/www.camping-les-genets.fr\/fr\/peyre\/#breadcrumb","itemListElement":[{"@type":"ListItem","position":1,"name":"Camping Aveyron","item":"https:\/\/www.camping-les-genets.fr\/fr\/"},{"@type":"ListItem","position":2,"name":"Bourg semi-troglodyte de Peyre"}]},{"@type":"WebSite","@id":"https:\/\/www.camping-les-genets.fr\/fr\/#website","url":"https:\/\/www.camping-les-genets.fr\/fr\/","name":"Camping les Genets","description":"","publisher":{"@id":"https:\/\/www.camping-les-genets.fr\/fr\/#organization"},"potentialAction":[{"@type":"SearchAction","target":{"@type":"EntryPoint","urlTemplate":"https:\/\/www.camping-les-genets.fr\/fr\/?s={search_term_string}"},"query-input":{"@type":"PropertyValueSpecification","valueRequired":true,"valueName":"search_term_string"}}],"inLanguage":"fr-FR"},{"@type":"Organization","@id":"https:\/\/www.camping-les-genets.fr\/fr\/#organization","name":"Camping les Genets","url":"https:\/\/www.camping-les-genets.fr\/fr\/","logo":{"@type":"ImageObject","inLanguage":"fr-FR","@id":"https:\/\/www.camping-les-genets.fr\/fr\/#\/schema\/logo\/image\/","url":"https:\/\/www.camping-les-genets.fr\/wp-content\/uploads\/2023\/07\/cropped-logo-camping-genets-footer.png","contentUrl":"https:\/\/www.camping-les-genets.fr\/wp-content\/uploads\/2023\/07\/cropped-logo-camping-genets-footer.png","width":500,"height":295,"caption":"Camping les Genets"},"image":{"@id":"https:\/\/www.camping-les-genets.fr\/fr\/#\/schema\/logo\/image\/"}}]}},"_links":{"self":[{"href":"https:\/\/www.camping-les-genets.fr\/fr\/wp-json\/wp\/v2\/pages\/2339","targetHints":{"allow":["GET"]}}],"collection":[{"href":"https:\/\/www.camping-les-genets.fr\/fr\/wp-json\/wp\/v2\/pages"}],"about":[{"href":"https:\/\/www.camping-les-genets.fr\/fr\/wp-json\/wp\/v2\/types\/page"}],"author":[{"embeddable":true,"href":"https:\/\/www.camping-les-genets.fr\/fr\/wp-json\/wp\/v2\/users\/1"}],"replies":[{"embeddable":true,"href":"https:\/\/www.camping-les-genets.fr\/fr\/wp-json\/wp\/v2\/comments?post=2339"}],"version-history":[{"count":18,"href":"https:\/\/www.camping-les-genets.fr\/fr\/wp-json\/wp\/v2\/pages\/2339\/revisions"}],"predecessor-version":[{"id":7023,"href":"https:\/\/www.camping-les-genets.fr\/fr\/wp-json\/wp\/v2\/pages\/2339\/revisions\/7023"}],"wp:featuredmedia":[{"embeddable":true,"href":"https:\/\/www.camping-les-genets.fr\/fr\/wp-json\/wp\/v2\/media\/2354"}],"wp:attachment":[{"href":"https:\/\/www.camping-les-genets.fr\/fr\/wp-json\/wp\/v2\/media?parent=2339"}],"wp:term":[{"taxonomy":"sujet","embeddable":true,"href":"https:\/\/www.camping-les-genets.fr\/fr\/wp-json\/wp\/v2\/sujet?post=2339"}],"curies":[{"name":"wp","href":"https:\/\/api.w.org\/{rel}","templated":true}]}}