{"id":2110,"date":"2023-09-12T15:32:50","date_gmt":"2023-09-12T13:32:50","guid":{"rendered":"https:\/\/www.camping-les-genets.fr\/?page_id=2110"},"modified":"2024-12-04T10:27:07","modified_gmt":"2024-12-04T09:27:07","slug":"camping-roquefort","status":"publish","type":"page","link":"https:\/\/www.camping-les-genets.fr\/fr\/camping-roquefort\/","title":{"rendered":"Camping Roquefort"},"content":{"rendered":"<section id=\"ls-section-block_b47031747bf26f035b2801baf77a02bd\" class=\"ls-section  page-chapeau has-p-b p-b-0\" >\r\n        <div class=\"container \">\r\n        \n\n<h1 class=\"ls__heading wp-block-heading has-text-align-center animated fadeInLeft delay-100ms slow\">Camping <strong>proche de Roquefort<\/strong><\/h1>\n\n\n\n<p class=\"ls-paragraph has-text-align-center\">Afin de d\u00e9couvrir les<strong> sites d\u2019exception de la r\u00e9gion Midi-Pyr\u00e9n\u00e9es<\/strong>, n\u2019h\u00e9sitez pas \u00e0 r\u00e9server un h\u00e9bergement de qualit\u00e9 dans notre <strong>camping pr\u00e8s de Roquefort<\/strong>.<br><br>Situ\u00e9 \u00e0 proximit\u00e9 de Roquefort, notre <a href=\"\/\">camping 5 \u00e9toiles en Aveyron<\/a> vous invite \u00e0 passer une <strong>exp\u00e9rience agr\u00e9able<\/strong> au c\u0153ur d\u2019une nature luxuriante de <strong>3 hectares<\/strong>. Jouissant d\u2019une situation privil\u00e9gi\u00e9e en bordure du lac de Pareloup, notre <strong>camping Roquefort<\/strong> est l\u2019adresse id\u00e9ale pour se ressourcer et s\u2019\u00e9vader de la routine du quotidien.<\/p>\n\n\n\n<p class=\"ls-paragraph has-text-align-center addReadMore showlesscontent\">Vous pourrez rejoindre le<strong> parc naturel r\u00e9gional des Grands Causses<\/strong>, les villages class\u00e9s aveyronnais, <strong>Micropolis<\/strong>, le viaduc de Millau, ainsi que d\u2019autres lieux touristiques remarquables.<br><br>Pour un <strong>s\u00e9jour inoubliable<\/strong> en pleine nature, laissez-vous succomber par les<strong> installations modernes<\/strong> et les <strong>prestations de standing<\/strong> de ce <strong>camping proche de Roquefort<\/strong>.<\/p>\n\n\r\n    <\/div>\r\n<\/section>\n\n<section id=\"ls-section-block_38cdd4e043f752d29154f7f87b876d41\" class=\"ls-section  page-one has-p-b p-b-14\" >\r\n        <div class=\"container container--full\">\r\n        \n\n<div class=\"wp-block-columns is-layout-flex wp-container-core-columns-is-layout-9d6595d7 wp-block-columns-is-layout-flex\">\n<div class=\"wp-block-column first is-layout-flow wp-block-column-is-layout-flow\" style=\"flex-basis:66.66%\">\n<figure class=\"wp-block-image size-full\"><img decoding=\"async\" width=\"2560\" height=\"1707\" src=\"https:\/\/www.camping-les-genets.fr\/wp-content\/uploads\/2023\/09\/Activite-au-camping-proche-de-roquefort-scaled.webp\" alt=\"Activit\u00e9 au camping proche de roquefort\" class=\"wp-image-2640\" srcset=\"https:\/\/www.camping-les-genets.fr\/wp-content\/uploads\/2023\/09\/Activite-au-camping-proche-de-roquefort-scaled.webp 2560w, https:\/\/www.camping-les-genets.fr\/wp-content\/uploads\/2023\/09\/Activite-au-camping-proche-de-roquefort-300x200.webp 300w, https:\/\/www.camping-les-genets.fr\/wp-content\/uploads\/2023\/09\/Activite-au-camping-proche-de-roquefort-1024x683.webp 1024w, https:\/\/www.camping-les-genets.fr\/wp-content\/uploads\/2023\/09\/Activite-au-camping-proche-de-roquefort-768x512.webp 768w, https:\/\/www.camping-les-genets.fr\/wp-content\/uploads\/2023\/09\/Activite-au-camping-proche-de-roquefort-1536x1024.webp 1536w, https:\/\/www.camping-les-genets.fr\/wp-content\/uploads\/2023\/09\/Activite-au-camping-proche-de-roquefort-2048x1365.webp 2048w\" sizes=\"(max-width: 2560px) 100vw, 2560px\" \/><\/figure>\n<\/div>\n\n\n\n<div class=\"wp-block-column is-vertically-aligned-center second has-color-white-background-color has-background is-layout-flow wp-block-column-is-layout-flow\" style=\"flex-basis:33.33%\">\n<h2 class=\"ls__heading wp-block-heading\">Des <strong>prestations<\/strong> pour un s\u00e9jour <strong>haut de gamme<\/strong> pr\u00e8s de Roquefort<\/h2>\n\n\n\n<p class=\"ls-paragraph\">Id\u00e9alement situ\u00e9 au bord du <strong>lac de Pareloup<\/strong>, notre <strong>camping proche de Roquefort<\/strong> met \u00e0 votre disposition un <strong>\u00e9ventail de services<\/strong> <strong>haut de gamme<\/strong> pour des vacances r\u00e9ussies tout pr\u00e8s de <a href=\"\/fr\/tourisme-roquefort\/\">Roquefort<\/a>.<br><br>Accessible en quelques minutes, ce plan d\u2019eau dispose d\u2019une <strong>belle plage de sable <\/strong>pour un moment farniente sous le soleil. Une <strong>zone de baignade<\/strong> et une <strong>zone de p\u00eache<\/strong> y sont visibles pour le bonheur de toute la famille. Vous pouvez \u00e9galement apercevoir des <strong>installations flottantes<\/strong> et diverses embarcations qui offrent des chutes, des \u00e9claboussures et des <strong>bons moments de rigolade<\/strong>.<\/p>\n\n\n\n<p class=\"ls-paragraph addReadMore showlesscontent\"><br>Pour une <strong>baignade plus s\u00e9curis\u00e9e<\/strong>, laissez-vous tenter par un moment rafra\u00eechissant dans la <a href=\"https:\/\/www.camping-les-genets.fr\/fr\/plaisirs-de-l-eau\/\">piscine du camping<\/a>. Cet <strong>espace aquatique<\/strong> est, essentiellement, compos\u00e9 d\u2019un <strong>grand bassin<\/strong> de nage avec une <strong>eau chauff\u00e9e<\/strong>, d\u2019une <strong>pataugeoire <\/strong>pour enfants et d\u2019un petit <strong>toboggan<\/strong>. Pour un maximum de d\u00e9tente et de relaxation, vous pouvez aussi faire un tour \u00e0 l\u2019<strong>espace bien-\u00eatre<\/strong> de l\u2019\u00e9tablissement. Ce spa vous permet de profiter pleinement des bienfaits du <strong>jacuzzi<\/strong>, du <strong>sauna <\/strong>et des <strong>modelages <\/strong>tout au long de votre s\u00e9jour pr\u00e8s de Roquefort.<br><br>Une fois requinqu\u00e9, laissez-vous tenter par de bons plats au <strong>restaurant <\/strong>du camping. Ce lieu de restauration convivial propose une <strong>cuisine du terroir<\/strong>, des snacks, des pizzas et d&rsquo;autres menus pour tous les go\u00fbts. Disposant d\u2019une<strong> magnifique terrasse<\/strong>, ce restaurant, situ\u00e9 \u00e0 deux pas de la <strong>piscine<\/strong>, est mis \u00e0 votre disposition, \u00e0 partir du petit-d\u00e9jeuner jusqu\u2019\u00e0 l\u2019ap\u00e9ro du soir.<br><br><a href=\"https:\/\/www.camping-les-genets.fr\/fr\/services\/\">Plus d\u2019infos<\/a><\/p>\n<\/div>\n<\/div>\n\n\r\n    <\/div>\r\n<\/section>\n\n<section id=\"ls-section-block_d76d0a39459774996eaca77db16d9d01\" class=\"ls-section  page-two background-blu-right has-p-t p-t-14\" >\r\n        <div class=\"container container--wide\">\r\n        \n\n<div class=\"wp-block-columns is-layout-flex wp-container-core-columns-is-layout-9d6595d7 wp-block-columns-is-layout-flex\">\n<div class=\"wp-block-column is-vertically-aligned-top first is-layout-flow wp-block-column-is-layout-flow\" style=\"flex-basis:33.33%\">\n<h2 class=\"ls__heading wp-block-heading\">Des <strong>activit\u00e9s familiales<\/strong> au camping<\/h2>\n\n\n\n<p class=\"ls-paragraph\">Durant votre s\u00e9jour au <strong>camping Les Gen\u00eats<\/strong>, vous pouvez acc\u00e9der \u00e0 une <a href=\"https:\/\/www.camping-les-genets.fr\/fr\/activites\/\">multitude d&rsquo;activit\u00e9s<\/a>.<br><br>Bien que le <strong>lac <\/strong>soit d\u00e9j\u00e0 un espace naturel de <strong>loisirs <\/strong>pour les amateurs de <strong>baignade<\/strong>, il poss\u00e8de \u00e9galement une <strong>aire de jeux flottants<\/strong> pour le bonheur des enfants. En effet, il est possible d\u2019y trouver un<strong> ponton gonflable<\/strong>, un<strong> trampoline flottant<\/strong> et des <strong>structures gonflables<\/strong> pour offrir des \u00e9claboussures et des chutes de folies. Des <strong>activit\u00e9s nautiques<\/strong> sont \u00e9galement disponibles sur place, comme la <strong>p\u00eache<\/strong>, le <strong>cano\u00eb <\/strong>ou le <strong>p\u00e9dalo<\/strong>. Une <strong>grande aire de jeux<\/strong> pour enfants est aussi visible sur la terre ferme, avec des <strong>ch\u00e2teaux gonflables <\/strong>et des<strong> toboggans.<br><\/strong><\/p>\n\n\n\n<p class=\"ls-paragraph addReadMore showlesscontent\">Ce <strong>camping \u00e0 proximit\u00e9 de Roquefort<\/strong> propose \u00e9galement un <strong>club-enfants<\/strong> pour accueillir les enfants de 4 \u00e0 12 ans. Ce club organise divers <strong>ateliers et activit\u00e9s ludiques<\/strong>, comme les olympiades, la chasse au tr\u00e9sor, les travaux manuels, les spectacles, etc.<br><br>Pour les plus grands,<strong> plusieurs activit\u00e9s sportives<\/strong> peuvent \u00eatre pratiqu\u00e9es au camping. D\u2019ailleurs, des <strong>tournois amicaux<\/strong> sont organis\u00e9s durant la saison estivale pour le bonheur des campeurs. Pour la r<strong>emise en forme<\/strong>, plusieurs <strong>appareils de fitness<\/strong> sont implant\u00e9s sur le site.<br><br>Enfin, les activit\u00e9s du <strong>camping pr\u00e8s de Roquefort<\/strong> continuent en <strong>soir\u00e9e<\/strong>, avec des <strong>animations <\/strong>et des <strong>jeux en tout genre<\/strong>.<br><br><a href=\"https:\/\/www.camping-les-genets.fr\/fr\/activites\/\">Plus d\u2019infos<\/a><\/p>\n<\/div>\n\n\n\n<div class=\"wp-block-column second is-layout-flow wp-block-column-is-layout-flow\" style=\"flex-basis:66.66%\">\n<figure class=\"wp-block-image size-full image\"><img decoding=\"async\" width=\"1707\" height=\"2560\" src=\"https:\/\/www.camping-les-genets.fr\/wp-content\/uploads\/2023\/09\/animations-au-camping-proche-de-roquefort-scaled.webp\" alt=\"animations au camping proche de roquefort\" class=\"wp-image-2627\" style=\"aspect-ratio:2\/3;object-fit:cover\" srcset=\"https:\/\/www.camping-les-genets.fr\/wp-content\/uploads\/2023\/09\/animations-au-camping-proche-de-roquefort-scaled.webp 1707w, https:\/\/www.camping-les-genets.fr\/wp-content\/uploads\/2023\/09\/animations-au-camping-proche-de-roquefort-200x300.webp 200w, https:\/\/www.camping-les-genets.fr\/wp-content\/uploads\/2023\/09\/animations-au-camping-proche-de-roquefort-683x1024.webp 683w, https:\/\/www.camping-les-genets.fr\/wp-content\/uploads\/2023\/09\/animations-au-camping-proche-de-roquefort-768x1152.webp 768w, https:\/\/www.camping-les-genets.fr\/wp-content\/uploads\/2023\/09\/animations-au-camping-proche-de-roquefort-1024x1536.webp 1024w, https:\/\/www.camping-les-genets.fr\/wp-content\/uploads\/2023\/09\/animations-au-camping-proche-de-roquefort-1365x2048.webp 1365w\" sizes=\"(max-width: 1707px) 100vw, 1707px\" \/><\/figure>\n<\/div>\n<\/div>\n\n\r\n    <\/div>\r\n<\/section>\n\n<section id=\"ls-section-block_3be923b965046e7e544320db85e4c7e8\" class=\"ls-section  home-piscine has-background-image has-p-t p-t-20 has-p-b p-b-20\" >\r\n    <div class=\"ls-section__background-image opacity-100\"><img decoding=\"async\" src=\"https:\/\/www.camping-les-genets.fr\/wp-content\/uploads\/2023\/09\/Camping-proche-de-roquefort.webp\" alt=\"Camping proche de roquefort\"><\/div>    <div class=\"container container--full\">\r\n        \n\n<div class=\"wp-block-columns is-layout-flex wp-container-core-columns-is-layout-9d6595d7 wp-block-columns-is-layout-flex\">\n<div class=\"wp-block-column is-vertically-aligned-center first is-layout-flow wp-block-column-is-layout-flow\" style=\"flex-basis:60%\"><\/div>\n\n\n\n<div class=\"wp-block-column second has-color-white-background-color has-background is-layout-flow wp-block-column-is-layout-flow\" style=\"flex-basis:40%\">\n<h2 class=\"ls__heading wp-block-heading\">Trouvez <strong>votre mobil-home<\/strong> pr\u00e8s de Roquefort<\/h2>\n\n\n\n<p class=\"ls-paragraph\">Pour des <strong>vacances d\u2019exception<\/strong> dans le sud de la France, n\u2019h\u00e9sitez pas \u00e0 r\u00e9server une location tout confort au sein de notre <strong>camping proche de Roquefort<\/strong>. Cet \u00e9tablissement <strong>familial <\/strong>pr\u00e8s de Roquefort met \u00e0 votre disposition une <a href=\"https:\/\/www.camping-les-genets.fr\/fr\/location\/\">vaste s\u00e9lection d\u2019h\u00e9bergements<\/a> pour assurer votre s\u00e9r\u00e9nit\u00e9 et votre bien-\u00eatre.<br><br>Selon vos go\u00fbts et vos pr\u00e9f\u00e9rences, vous pouvez opter pour le <strong>confort du mobil-home<\/strong>, la convivialit\u00e9 du <strong>chalet<\/strong> et le c\u00f4t\u00e9 nature de la <strong>tente lodge<\/strong>. <a href=\"https:\/\/www.camping-les-genets.fr\/fr\/tarifs\/\">Accessibles \u00e0 tous les budgets<\/a>, ces locations de vacances sont <strong>am\u00e9nag\u00e9es <\/strong>et dot\u00e9es des <strong>\u00e9quipements n\u00e9cessaires<\/strong><br><\/p>\n\n\n\n<p class=\"ls-paragraph addReadMore showlesscontent\">Si vous \u00eates une <a href=\"https:\/\/www.camping-les-genets.fr\/fr\/groupe\/\">famille nombreuse ou un groupe d\u2019amis<\/a>, vous pouvez choisir un mobil-home Premium. Ce type de r\u00e9sidence mobile peut accueillir jusqu\u2019\u00e0 <strong>6 personnes<\/strong> et il est \u00e9quip\u00e9 de mat\u00e9riaux haut de gamme. Pour les clients qui pr\u00e9f\u00e8rent le <a href=\"https:\/\/www.camping-les-genets.fr\/fr\/emplacements\/\">camping classique<\/a>, ce<strong> camping 5 \u00e9toiles pr\u00e8s de Roquefort<\/strong> poss\u00e8de \u00e9galement des emplacements spacieux. Enherb\u00e9s, s\u00e9par\u00e9s par des haies ou par des arbres, ombrag\u00e9s, semi-ombrag\u00e9s, au<strong> bord du lac<\/strong>, vous avez l\u2019embarras du choix pour un s\u00e9jour en pleine nature \u00e0 proximit\u00e9 de Roquefort. Ces emplacements de 80 \u00e0 100 m\u00b2 vous offrent un <strong>raccordement \u00e0 l\u2019eau et \u00e0 l\u2019\u00e9lectricit\u00e9<\/strong>, \u00e0 la Wifi, ainsi qu\u2019\u00e0 l\u2019aire de vidange pour camping-car.<\/p>\n<\/div>\n<\/div>\n\n\r\n    <\/div>\r\n<\/section>\n\n<section id=\"ls-section-block_00caee8ad0b16d266877dee43d486e72\" class=\"ls-section  page-maillage has-p-t p-t-14 has-p-b p-b-14\" >\r\n        <div class=\"container container--wide\">\r\n        \n\n<div id=\"ls-heading ls-titre-div-block_0794bfc9b3bff97a8ccb0162f5b42b90\" class=\"ls-titre-div aligncenter h2-like has-m-b m-b-8\" >\n    D\u00e9couvrez le camping proche de Aubrac, Conques et Millau !<\/div>\n\n\n<div id=\"ls-maillage-block_9c4e88af30d68ed9857bfd2d00bc9845\" class=\"ls-maillage slow animated fadeInUp delay-100ms cta-style-normal\" data-rows=\"3\">\r\n    <div class=\"wp-block-columns\"><div class=\"wp-block-column\">\n\n<a href=\"https:\/\/www.camping-les-genets.fr\/fr\/tourisme-conques\/\" target=\"\" rel=\"noopener\" class=\"ls-cta__link\">\n\n\t<div class=\"ls-cta__image\"><img decoding=\"async\" src=\"https:\/\/www.camping-les-genets.fr\/wp-content\/uploads\/2023\/09\/Beau-paysage-dans-lAveyron-768x512.webp\" alt=\"Beau paysage dans l'Aveyron\"><\/div>\n\t<div class=\"ls-cta__title\">\n\t\tConques\t<\/div>\n\n\t\t\n<\/a><\/div><div class=\"wp-block-column\">\n\n<a href=\"https:\/\/www.camping-les-genets.fr\/fr\/tourisme-aubrac\/\" target=\"\" rel=\"noopener\" class=\"ls-cta__link\">\n\n\t<div class=\"ls-cta__image\"><img decoding=\"async\" src=\"https:\/\/www.camping-les-genets.fr\/wp-content\/uploads\/2023\/09\/Vaches-a-Aubrac-768x1036.webp\" alt=\"Vaches \u00e0 Aubrac\"><\/div>\n\t<div class=\"ls-cta__title\">\n\t\tVaches Aubrac\t<\/div>\n\n\t\t\n<\/a><\/div><div class=\"wp-block-column\">\n\n<a href=\"https:\/\/www.camping-les-genets.fr\/fr\/tourisme-millau\/\" target=\"\" rel=\"noopener\" class=\"ls-cta__link\">\n\n\t<div class=\"ls-cta__image\"><img decoding=\"async\" src=\"https:\/\/www.camping-les-genets.fr\/wp-content\/uploads\/2023\/09\/Passage-sur-le-viaduc-de-millau-proche-du-camping-les-genets-768x918.webp\" alt=\"Passage sur le viaduc de millau proche du camping les gen\u00eats\"><\/div>\n\t<div class=\"ls-cta__title\">\n\t\tViaduc de Millau\t<\/div>\n\n\t\t\n<\/a><\/div><\/div><\/div>\n\r\n    <\/div>\r\n<\/section>","protected":false},"excerpt":{"rendered":"","protected":false},"author":1,"featured_media":2656,"parent":0,"menu_order":0,"comment_status":"closed","ping_status":"closed","template":"","meta":{"_acf_changed":false,"inline_featured_image":false,"footnotes":""},"sujet":[],"class_list":["post-2110","page","type-page","status-publish","has-post-thumbnail","hentry"],"acf":[],"yoast_head":"<!-- This site is optimized with the Yoast SEO plugin v27.3 - https:\/\/yoast.com\/product\/yoast-seo-wordpress\/ -->\n<title>Camping Roquefort : camping 5 \u00e9toiles proche de Roquefort<\/title>\n<meta name=\"description\" content=\"Camping 5 \u00e9toiles proche de Roquefort dans l&#039;Aveyron avec locatifs haut de gamme et piscine, le tout au bord du lac de Pareloup\" \/>\n<meta name=\"robots\" content=\"index, follow, max-snippet:-1, max-image-preview:large, max-video-preview:-1\" \/>\n<link rel=\"canonical\" href=\"https:\/\/www.camping-les-genets.fr\/fr\/camping-roquefort\/\" \/>\n<meta property=\"og:locale\" content=\"fr_FR\" \/>\n<meta property=\"og:type\" content=\"article\" \/>\n<meta property=\"og:title\" content=\"Camping Roquefort : camping 5 \u00e9toiles proche de Roquefort\" \/>\n<meta property=\"og:description\" content=\"Camping 5 \u00e9toiles proche de Roquefort dans l&#039;Aveyron avec locatifs haut de gamme et piscine, le tout au bord du lac de Pareloup\" \/>\n<meta property=\"og:url\" content=\"https:\/\/www.camping-les-genets.fr\/fr\/camping-roquefort\/\" \/>\n<meta property=\"og:site_name\" content=\"Camping les Genets\" \/>\n<meta property=\"article:modified_time\" content=\"2024-12-04T09:27:07+00:00\" \/>\n<meta property=\"og:image\" content=\"https:\/\/www.camping-les-genets.fr\/wp-content\/uploads\/2023\/09\/gazon-sur-le-terrain-proche-du-camping-de-roquefort.webp\" \/>\n\t<meta property=\"og:image:width\" content=\"1920\" \/>\n\t<meta property=\"og:image:height\" content=\"1282\" \/>\n\t<meta property=\"og:image:type\" content=\"image\/webp\" \/>\n<meta name=\"twitter:card\" content=\"summary_large_image\" \/>\n<meta name=\"twitter:label1\" content=\"Dur\u00e9e de lecture estim\u00e9e\" \/>\n\t<meta name=\"twitter:data1\" content=\"5 minutes\" \/>\n<script type=\"application\/ld+json\" class=\"yoast-schema-graph\">{\"@context\":\"https:\\\/\\\/schema.org\",\"@graph\":[{\"@type\":\"WebPage\",\"@id\":\"https:\\\/\\\/www.camping-les-genets.fr\\\/fr\\\/camping-roquefort\\\/\",\"url\":\"https:\\\/\\\/www.camping-les-genets.fr\\\/fr\\\/camping-roquefort\\\/\",\"name\":\"Camping Roquefort : camping 5 \u00e9toiles proche de Roquefort\",\"isPartOf\":{\"@id\":\"https:\\\/\\\/www.camping-les-genets.fr\\\/fr\\\/#website\"},\"primaryImageOfPage\":{\"@id\":\"https:\\\/\\\/www.camping-les-genets.fr\\\/fr\\\/camping-roquefort\\\/#primaryimage\"},\"image\":{\"@id\":\"https:\\\/\\\/www.camping-les-genets.fr\\\/fr\\\/camping-roquefort\\\/#primaryimage\"},\"thumbnailUrl\":\"https:\\\/\\\/www.camping-les-genets.fr\\\/wp-content\\\/uploads\\\/2023\\\/09\\\/gazon-sur-le-terrain-proche-du-camping-de-roquefort.webp\",\"datePublished\":\"2023-09-12T13:32:50+00:00\",\"dateModified\":\"2024-12-04T09:27:07+00:00\",\"description\":\"Camping 5 \u00e9toiles proche de Roquefort dans l'Aveyron avec locatifs haut de gamme et piscine, le tout au bord du lac de Pareloup\",\"breadcrumb\":{\"@id\":\"https:\\\/\\\/www.camping-les-genets.fr\\\/fr\\\/camping-roquefort\\\/#breadcrumb\"},\"inLanguage\":\"fr-FR\",\"potentialAction\":[{\"@type\":\"ReadAction\",\"target\":[\"https:\\\/\\\/www.camping-les-genets.fr\\\/fr\\\/camping-roquefort\\\/\"]}]},{\"@type\":\"ImageObject\",\"inLanguage\":\"fr-FR\",\"@id\":\"https:\\\/\\\/www.camping-les-genets.fr\\\/fr\\\/camping-roquefort\\\/#primaryimage\",\"url\":\"https:\\\/\\\/www.camping-les-genets.fr\\\/wp-content\\\/uploads\\\/2023\\\/09\\\/gazon-sur-le-terrain-proche-du-camping-de-roquefort.webp\",\"contentUrl\":\"https:\\\/\\\/www.camping-les-genets.fr\\\/wp-content\\\/uploads\\\/2023\\\/09\\\/gazon-sur-le-terrain-proche-du-camping-de-roquefort.webp\",\"width\":1920,\"height\":1282,\"caption\":\"gazon sur le terrain proche du camping de roquefort\"},{\"@type\":\"BreadcrumbList\",\"@id\":\"https:\\\/\\\/www.camping-les-genets.fr\\\/fr\\\/camping-roquefort\\\/#breadcrumb\",\"itemListElement\":[{\"@type\":\"ListItem\",\"position\":1,\"name\":\"Camping Aveyron\",\"item\":\"https:\\\/\\\/www.camping-les-genets.fr\\\/fr\\\/\"},{\"@type\":\"ListItem\",\"position\":2,\"name\":\"Camping pr\u00e8s de Roquefort\"}]},{\"@type\":\"WebSite\",\"@id\":\"https:\\\/\\\/www.camping-les-genets.fr\\\/fr\\\/#website\",\"url\":\"https:\\\/\\\/www.camping-les-genets.fr\\\/fr\\\/\",\"name\":\"Camping les Genets\",\"description\":\"\",\"publisher\":{\"@id\":\"https:\\\/\\\/www.camping-les-genets.fr\\\/fr\\\/#organization\"},\"potentialAction\":[{\"@type\":\"SearchAction\",\"target\":{\"@type\":\"EntryPoint\",\"urlTemplate\":\"https:\\\/\\\/www.camping-les-genets.fr\\\/fr\\\/?s={search_term_string}\"},\"query-input\":{\"@type\":\"PropertyValueSpecification\",\"valueRequired\":true,\"valueName\":\"search_term_string\"}}],\"inLanguage\":\"fr-FR\"},{\"@type\":\"Organization\",\"@id\":\"https:\\\/\\\/www.camping-les-genets.fr\\\/fr\\\/#organization\",\"name\":\"Camping les Genets\",\"url\":\"https:\\\/\\\/www.camping-les-genets.fr\\\/fr\\\/\",\"logo\":{\"@type\":\"ImageObject\",\"inLanguage\":\"fr-FR\",\"@id\":\"https:\\\/\\\/www.camping-les-genets.fr\\\/fr\\\/#\\\/schema\\\/logo\\\/image\\\/\",\"url\":\"https:\\\/\\\/www.camping-les-genets.fr\\\/wp-content\\\/uploads\\\/2023\\\/07\\\/cropped-logo-camping-genets-footer.png\",\"contentUrl\":\"https:\\\/\\\/www.camping-les-genets.fr\\\/wp-content\\\/uploads\\\/2023\\\/07\\\/cropped-logo-camping-genets-footer.png\",\"width\":500,\"height\":295,\"caption\":\"Camping les Genets\"},\"image\":{\"@id\":\"https:\\\/\\\/www.camping-les-genets.fr\\\/fr\\\/#\\\/schema\\\/logo\\\/image\\\/\"}}]}<\/script>\n<!-- \/ Yoast SEO plugin. -->","yoast_head_json":{"title":"Camping Roquefort : camping 5 \u00e9toiles proche de Roquefort","description":"Camping 5 \u00e9toiles proche de Roquefort dans l'Aveyron avec locatifs haut de gamme et piscine, le tout au bord du lac de Pareloup","robots":{"index":"index","follow":"follow","max-snippet":"max-snippet:-1","max-image-preview":"max-image-preview:large","max-video-preview":"max-video-preview:-1"},"canonical":"https:\/\/www.camping-les-genets.fr\/fr\/camping-roquefort\/","og_locale":"fr_FR","og_type":"article","og_title":"Camping Roquefort : camping 5 \u00e9toiles proche de Roquefort","og_description":"Camping 5 \u00e9toiles proche de Roquefort dans l'Aveyron avec locatifs haut de gamme et piscine, le tout au bord du lac de Pareloup","og_url":"https:\/\/www.camping-les-genets.fr\/fr\/camping-roquefort\/","og_site_name":"Camping les Genets","article_modified_time":"2024-12-04T09:27:07+00:00","og_image":[{"width":1920,"height":1282,"url":"https:\/\/www.camping-les-genets.fr\/wp-content\/uploads\/2023\/09\/gazon-sur-le-terrain-proche-du-camping-de-roquefort.webp","type":"image\/webp"}],"twitter_card":"summary_large_image","twitter_misc":{"Dur\u00e9e de lecture estim\u00e9e":"5 minutes"},"schema":{"@context":"https:\/\/schema.org","@graph":[{"@type":"WebPage","@id":"https:\/\/www.camping-les-genets.fr\/fr\/camping-roquefort\/","url":"https:\/\/www.camping-les-genets.fr\/fr\/camping-roquefort\/","name":"Camping Roquefort : camping 5 \u00e9toiles proche de Roquefort","isPartOf":{"@id":"https:\/\/www.camping-les-genets.fr\/fr\/#website"},"primaryImageOfPage":{"@id":"https:\/\/www.camping-les-genets.fr\/fr\/camping-roquefort\/#primaryimage"},"image":{"@id":"https:\/\/www.camping-les-genets.fr\/fr\/camping-roquefort\/#primaryimage"},"thumbnailUrl":"https:\/\/www.camping-les-genets.fr\/wp-content\/uploads\/2023\/09\/gazon-sur-le-terrain-proche-du-camping-de-roquefort.webp","datePublished":"2023-09-12T13:32:50+00:00","dateModified":"2024-12-04T09:27:07+00:00","description":"Camping 5 \u00e9toiles proche de Roquefort dans l'Aveyron avec locatifs haut de gamme et piscine, le tout au bord du lac de Pareloup","breadcrumb":{"@id":"https:\/\/www.camping-les-genets.fr\/fr\/camping-roquefort\/#breadcrumb"},"inLanguage":"fr-FR","potentialAction":[{"@type":"ReadAction","target":["https:\/\/www.camping-les-genets.fr\/fr\/camping-roquefort\/"]}]},{"@type":"ImageObject","inLanguage":"fr-FR","@id":"https:\/\/www.camping-les-genets.fr\/fr\/camping-roquefort\/#primaryimage","url":"https:\/\/www.camping-les-genets.fr\/wp-content\/uploads\/2023\/09\/gazon-sur-le-terrain-proche-du-camping-de-roquefort.webp","contentUrl":"https:\/\/www.camping-les-genets.fr\/wp-content\/uploads\/2023\/09\/gazon-sur-le-terrain-proche-du-camping-de-roquefort.webp","width":1920,"height":1282,"caption":"gazon sur le terrain proche du camping de roquefort"},{"@type":"BreadcrumbList","@id":"https:\/\/www.camping-les-genets.fr\/fr\/camping-roquefort\/#breadcrumb","itemListElement":[{"@type":"ListItem","position":1,"name":"Camping Aveyron","item":"https:\/\/www.camping-les-genets.fr\/fr\/"},{"@type":"ListItem","position":2,"name":"Camping pr\u00e8s de Roquefort"}]},{"@type":"WebSite","@id":"https:\/\/www.camping-les-genets.fr\/fr\/#website","url":"https:\/\/www.camping-les-genets.fr\/fr\/","name":"Camping les Genets","description":"","publisher":{"@id":"https:\/\/www.camping-les-genets.fr\/fr\/#organization"},"potentialAction":[{"@type":"SearchAction","target":{"@type":"EntryPoint","urlTemplate":"https:\/\/www.camping-les-genets.fr\/fr\/?s={search_term_string}"},"query-input":{"@type":"PropertyValueSpecification","valueRequired":true,"valueName":"search_term_string"}}],"inLanguage":"fr-FR"},{"@type":"Organization","@id":"https:\/\/www.camping-les-genets.fr\/fr\/#organization","name":"Camping les Genets","url":"https:\/\/www.camping-les-genets.fr\/fr\/","logo":{"@type":"ImageObject","inLanguage":"fr-FR","@id":"https:\/\/www.camping-les-genets.fr\/fr\/#\/schema\/logo\/image\/","url":"https:\/\/www.camping-les-genets.fr\/wp-content\/uploads\/2023\/07\/cropped-logo-camping-genets-footer.png","contentUrl":"https:\/\/www.camping-les-genets.fr\/wp-content\/uploads\/2023\/07\/cropped-logo-camping-genets-footer.png","width":500,"height":295,"caption":"Camping les Genets"},"image":{"@id":"https:\/\/www.camping-les-genets.fr\/fr\/#\/schema\/logo\/image\/"}}]}},"_links":{"self":[{"href":"https:\/\/www.camping-les-genets.fr\/fr\/wp-json\/wp\/v2\/pages\/2110","targetHints":{"allow":["GET"]}}],"collection":[{"href":"https:\/\/www.camping-les-genets.fr\/fr\/wp-json\/wp\/v2\/pages"}],"about":[{"href":"https:\/\/www.camping-les-genets.fr\/fr\/wp-json\/wp\/v2\/types\/page"}],"author":[{"embeddable":true,"href":"https:\/\/www.camping-les-genets.fr\/fr\/wp-json\/wp\/v2\/users\/1"}],"replies":[{"embeddable":true,"href":"https:\/\/www.camping-les-genets.fr\/fr\/wp-json\/wp\/v2\/comments?post=2110"}],"version-history":[{"count":32,"href":"https:\/\/www.camping-les-genets.fr\/fr\/wp-json\/wp\/v2\/pages\/2110\/revisions"}],"predecessor-version":[{"id":6992,"href":"https:\/\/www.camping-les-genets.fr\/fr\/wp-json\/wp\/v2\/pages\/2110\/revisions\/6992"}],"wp:featuredmedia":[{"embeddable":true,"href":"https:\/\/www.camping-les-genets.fr\/fr\/wp-json\/wp\/v2\/media\/2656"}],"wp:attachment":[{"href":"https:\/\/www.camping-les-genets.fr\/fr\/wp-json\/wp\/v2\/media?parent=2110"}],"wp:term":[{"taxonomy":"sujet","embeddable":true,"href":"https:\/\/www.camping-les-genets.fr\/fr\/wp-json\/wp\/v2\/sujet?post=2110"}],"curies":[{"name":"wp","href":"https:\/\/api.w.org\/{rel}","templated":true}]}}