{"id":198,"date":"2023-07-18T13:27:26","date_gmt":"2023-07-18T11:27:26","guid":{"rendered":"https:\/\/www.camping-les-genets.fr\/?page_id=198"},"modified":"2025-07-25T16:25:57","modified_gmt":"2025-07-25T14:25:57","slug":"acces-contact","status":"publish","type":"page","link":"https:\/\/www.camping-les-genets.fr\/fr\/acces-contact\/","title":{"rendered":"Acc\u00e8s et contact"},"content":{"rendered":"<section id=\"ls-section-block_2b9fa9e534a6116f2f7c1eeae661cadb\" class=\"ls-section  page-one\" >\r\n        <div class=\"container \">\r\n        \n\n<h1 class=\"ls__heading wp-block-heading has-text-align-center\">Acc\u00e8s \/ Contact<\/h1>\n\n\n\n<div class=\"wp-block-columns is-layout-flex wp-container-core-columns-is-layout-9d6595d7 wp-block-columns-is-layout-flex\">\n<div class=\"wp-block-column is-layout-flow wp-block-column-is-layout-flow\">\n<h2 class=\"ls__heading wp-block-heading has-text-align-left\">En venant du <strong>nord de la France<\/strong><\/h2>\n\n\n\n<p class=\"ls-paragraph\">Lille (A1) \u2013 Paris (A10) \u2013 Orl\u00e9ans (A71) \u2013 Vierzon (A71) \u2013 Clermont-Ferrand.<\/p>\n\n\n\n<p class=\"ls-paragraph\">Vous <strong>suivez l\u2019autoroute A75<\/strong> <strong>en direction de Montpellier<\/strong>. Vous prenez la <strong>sortie 44.1<\/strong> et apr\u00e8s vous suivez la D29 en direction de Cahors. Ensuite, prenez la D911 en direction de Pont de Salars. Apr\u00e8s, suivez la D95, <strong>direction Lac de Pareloup\/Salles Curan<\/strong>. Au rond-point de Salles-Curan, vous tournez vers la D577, \u00e0 partir de l\u00e0 vous pouvez suivre les <strong>panneaux \u00ab Camping les Gen\u00eats \u00bb<\/strong>.<\/p>\n\n\n\n<h2 class=\"ls__heading wp-block-heading has-text-align-left\">En venant <strong>du sud<\/strong><\/h2>\n\n\n\n<p class=\"ls-paragraph\">Vous <strong>suivez l\u2019autoroute A75 en direction de Clermont-Ferrand.<\/strong><\/p>\n\n\n\n<p class=\"ls-paragraph\">Vous prenez la <strong>sortie 44.1<\/strong> et apr\u00e8s vous suivez la D29 en direction de Cahors. Ensuite, prenez la D911 en direction de Pont de Salars. Apr\u00e8s, suivez la <strong>D95, direction Lac de Pareloup\/Salles Curan<\/strong>. Au rond-point de Salles-Curan, vous tournez vers la D577, \u00e0 partir de l\u00e0 vous pouvez suivre les <strong>panneaux \u00ab Camping les Gen\u00eats \u00bb<\/strong>.<\/p>\n<\/div>\n\n\n\n<div class=\"wp-block-column is-layout-flow wp-block-column-is-layout-flow\">\n<h2 class=\"ls__heading wp-block-heading has-text-align-left\">En venant <strong>de l\u2019ouest<\/strong> (Bordeaux\/Aquitaine)<\/h2>\n\n\n\n<p class=\"ls-paragraph\"><strong>Suivez l\u2019A89 jusqu\u2019\u00e0 Brive la Gaillarde<\/strong>. Prenez l\u2019<strong>A20 en direction de Rodez<\/strong> et sortez \u00e0 la <strong>sortie 56<\/strong> (Rodez\/Figeac\/Decazeville). Quand vous arrivez \u00e0 Rodez (N 88), prenez la direction Toulouse\/Albi et prenez la sortie D888 (Luc-la Primaube\/Pont de Salars\/\u2018Monts et Lacs du Levezou\u2019). Apr\u00e8s Pont de Salars, sortez \u00e0 droite et <strong>suivez la D95, direction Lac de Pareloup\/Salles Curan\/Saint Affrique<\/strong>. Au rond-point de Salles-Curan, vous tournez vers la D577, \u00e0 partir de l\u00e0 vous pouvez <strong>suivre les panneaux \u00ab Camping les Gen\u00eats \u00bb<\/strong>. 4 km apr\u00e8s le rond-point, vous prenez \u00e0 droite et vous suivez cette route encore pendant 2.5 km.<\/p>\n<\/div>\n<\/div>\n\n\r\n    <\/div>\r\n<\/section>\n\n<section id=\"ls-section-block_2777fd860701a469e22cd15f0cb07e34\" class=\"ls-section  page-two has-background has-color-white-background-color\" >\r\n        <div class=\"container container--wide\">\r\n        \n\n<div class=\"wp-block-columns is-layout-flex wp-container-core-columns-is-layout-9d6595d7 wp-block-columns-is-layout-flex\">\n<div class=\"wp-block-column is-layout-flow wp-block-column-is-layout-flow\">\n<iframe src=\"https:\/\/www.google.com\/maps\/embed?pb=!1m18!1m12!1m3!1d22886.84088106411!2d2.746133533830773!3d44.18945191758233!2m3!1f0!2f0!3f0!3m2!1i1024!2i768!4f13.1!3m3!1m2!1s0x12b2683ba8eaa029%3A0x9e3dc1bbe65d1b4b!2sCamping%20les%20Gen%C3%AAts%20%7C%20Camping%20Aveyron!5e0!3m2!1sfr!2sfr!4v1695036922990!5m2!1sfr!2sfr\" width=\"4000\" height=\"550\" style=\"border:0;\" allowfullscreen=\"\" loading=\"lazy\" referrerpolicy=\"no-referrer-when-downgrade\"><\/iframe>\n<\/div>\n\n\n\n<div class=\"wp-block-column is-vertically-aligned-center is-layout-flow wp-block-column-is-layout-flow\" style=\"flex-basis:300px\">\n<h2 class=\"ls__heading wp-block-heading has-text-align-left\"><strong>GPS<\/strong><\/h2>\n\n\n\n<p class=\"ls-paragraph has-text-align-left\"><strong>Camping Les Gen\u00eats<br><\/strong>1, route des Gen\u00eats<br>12410 Salles-Curan<\/p>\n\n\n\n<p class=\"ls-paragraph has-text-align-left\">Latitude 44.1892281057313, Longitude 2.76665568351746<\/p>\n<\/div>\n<\/div>\n\n\r\n    <\/div>\r\n<\/section>\n\n<section id=\"ls-section-block_9dad1dd7ada255b76c7686f4d799df4c\" class=\"ls-section  page-one\" >\r\n        <div class=\"container container--wide\">\r\n        \n\n<div class=\"wp-block-columns is-layout-flex wp-container-core-columns-is-layout-9d6595d7 wp-block-columns-is-layout-flex\">\n<div class=\"wp-block-column is-layout-flow wp-block-column-is-layout-flow\">\n<h2 class=\"ls__heading wp-block-heading\"><strong>Contactez-nous<\/strong><\/h2>\n\n\n\n<p class=\"ls-paragraph\">N&rsquo;h\u00e9sitez pas \u00e0 <strong>nous contacter<\/strong> pour toute question \u00e9ventuelle pour <strong>vos vacances au camping 5 \u00e9toiles les Gen\u00eats.<\/strong><\/p>\n\n\n\n<p class=\"ls-paragraph\">Nous y r\u00e9pondrons dans les plus brefs d\u00e9lais.<\/p>\n<\/div>\n\n\n\n<div class=\"wp-block-column is-layout-flow wp-block-column-is-layout-flow\">\n<div class=\"wp-block-contact-form-7-contact-form-selector\">\n<div class=\"wpcf7 no-js\" id=\"wpcf7-f6-o1\" lang=\"fr-FR\" dir=\"ltr\" data-wpcf7-id=\"6\">\n<div class=\"screen-reader-response\"><p role=\"status\" aria-live=\"polite\" aria-atomic=\"true\"><\/p> <ul><\/ul><\/div>\n<form action=\"\/fr\/wp-json\/wp\/v2\/pages\/198#wpcf7-f6-o1\" method=\"post\" class=\"wpcf7-form init\" aria-label=\"Formulaire de contact\" novalidate=\"novalidate\" data-status=\"init\">\n<fieldset class=\"hidden-fields-container\"><input type=\"hidden\" name=\"_wpcf7\" value=\"6\" \/><input type=\"hidden\" name=\"_wpcf7_version\" value=\"6.1.5\" \/><input type=\"hidden\" name=\"_wpcf7_locale\" value=\"fr_FR\" \/><input type=\"hidden\" name=\"_wpcf7_unit_tag\" value=\"wpcf7-f6-o1\" \/><input type=\"hidden\" name=\"_wpcf7_container_post\" value=\"0\" \/><input type=\"hidden\" name=\"_wpcf7_posted_data_hash\" value=\"\" \/><input type=\"hidden\" name=\"_wpcf7_recaptcha_response\" value=\"\" \/>\n<\/fieldset>\n<p><label> Votre nom<br \/>\n<span class=\"wpcf7-form-control-wrap\" data-name=\"your-name\"><input size=\"40\" maxlength=\"400\" class=\"wpcf7-form-control wpcf7-text wpcf7-validates-as-required\" autocomplete=\"name\" aria-required=\"true\" aria-invalid=\"false\" value=\"\" type=\"text\" name=\"your-name\" \/><\/span> <\/label>\n<\/p>\n<p><label> Votre e-mail<br \/>\n<span class=\"wpcf7-form-control-wrap\" data-name=\"your-email\"><input size=\"40\" maxlength=\"400\" class=\"wpcf7-form-control wpcf7-email wpcf7-validates-as-required wpcf7-text wpcf7-validates-as-email\" autocomplete=\"email\" aria-required=\"true\" aria-invalid=\"false\" value=\"\" type=\"email\" name=\"your-email\" \/><\/span> <\/label>\n<\/p>\n<p><label> Objet<br \/>\n<span class=\"wpcf7-form-control-wrap\" data-name=\"your-subject\"><input size=\"40\" maxlength=\"400\" class=\"wpcf7-form-control wpcf7-text wpcf7-validates-as-required\" aria-required=\"true\" aria-invalid=\"false\" value=\"\" type=\"text\" name=\"your-subject\" \/><\/span> <\/label>\n<\/p>\n<p><label> Votre message<br \/>\n<span class=\"wpcf7-form-control-wrap\" data-name=\"your-message\"><textarea cols=\"40\" rows=\"10\" maxlength=\"2000\" class=\"wpcf7-form-control wpcf7-textarea\" aria-invalid=\"false\" name=\"your-message\"><\/textarea><\/span> <\/label>\n<\/p>\n<p><span class=\"wpcf7-form-control-wrap\" data-name=\"acceptance-553\"><span class=\"wpcf7-form-control wpcf7-acceptance\"><span class=\"wpcf7-list-item\"><label><input type=\"checkbox\" name=\"acceptance-553\" value=\"1\" aria-invalid=\"false\" \/><span class=\"wpcf7-list-item-label\">En cochant cette case, j'accepte la <a href=\"\/fr\/politique-de-confidentialite\/\" rel=\"nofollow\" target=\"_blank\" >Politique de confidentialit\u00e9<\/a> de ce site.<\/span><\/label><\/span><\/span><\/span><input class=\"wpcf7-form-control wpcf7-submit has-spinner\" type=\"submit\" value=\"Envoyer\" \/>\n<\/p><div class=\"wpcf7-response-output\" aria-hidden=\"true\"><\/div>\n<\/form>\n<\/div>\n<\/div>\n<\/div>\n<\/div>\n\n\r\n    <\/div>\r\n<\/section>\n\n<section id=\"ls-section-block_6d76d4262297726872e263ec9e78a9f9\" class=\"ls-section  page-maillage has-p-t p-t-14 has-p-b p-b-14\" >\r\n        <div class=\"container container--wide\">\r\n        \n\n<div id=\"ls-heading ls-titre-div-block_eabf0b919e12d14bb88abad1d07caa05\" class=\"ls-titre-div aligncenter h2-like has-m-b m-b-8\" >\n    D\u00e9couvrez notre phototh\u00e8que, nos FAQ et nos activit\u00e9s et animations ! <\/div>\n\n\n<div id=\"ls-maillage-block_f22b87e2657e828b2cf5bb130f7853d8\" class=\"ls-maillage slow animated fadeInUp delay-100ms cta-style-normal\" data-rows=\"3\">\r\n    <div class=\"wp-block-columns\"><div class=\"wp-block-column\">\n\n<a href=\"https:\/\/www.camping-les-genets.fr\/fr\/phototheque\/\" target=\"\" rel=\"noopener\" class=\"ls-cta__link\">\n\n\t<div class=\"ls-cta__image\"><img decoding=\"async\" src=\"https:\/\/www.camping-les-genets.fr\/wp-content\/uploads\/2023\/07\/camping-les-genets-en-aveyron_1-768x432.jpg\" alt=\"camping les genets en aveyron\"><\/div>\n\t<div class=\"ls-cta__title\">\n\t\tPhototh\u00e8que\t<\/div>\n\n\t\t\n<\/a><\/div><div class=\"wp-block-column\">\n\n<a href=\"https:\/\/www.camping-les-genets.fr\/fr\/faq\/\" target=\"\" rel=\"noopener\" class=\"ls-cta__link\">\n\n\t<div class=\"ls-cta__image\"><img decoding=\"async\" src=\"https:\/\/www.camping-les-genets.fr\/wp-content\/uploads\/2023\/09\/Famille-au-camping-les-genets-768x1152.webp\" alt=\"Famille au camping les genets\"><\/div>\n\t<div class=\"ls-cta__title\">\n\t\tFAQ\t<\/div>\n\n\t\t\n<\/a><\/div><div class=\"wp-block-column\">\n\n<a href=\"https:\/\/www.camping-les-genets.fr\/fr\/activites\/\" target=\"\" rel=\"noopener\" class=\"ls-cta__link\">\n\n\t<div class=\"ls-cta__image\"><img decoding=\"async\" src=\"https:\/\/www.camping-les-genets.fr\/wp-content\/uploads\/2024\/02\/activites_nautiques_pedalo_toboggan-768x576.webp\" alt=\"\"><\/div>\n\t<div class=\"ls-cta__title\">\n\t\tActivit\u00e9s et animations\t<\/div>\n\n\t\t\n<\/a><\/div><\/div><\/div>\n\r\n    <\/div>\r\n<\/section>","protected":false},"excerpt":{"rendered":"","protected":false},"author":1,"featured_media":4260,"parent":0,"menu_order":0,"comment_status":"closed","ping_status":"closed","template":"","meta":{"_acf_changed":false,"inline_featured_image":false,"footnotes":""},"sujet":[],"class_list":["post-198","page","type-page","status-publish","has-post-thumbnail","hentry"],"acf":[],"yoast_head":"<!-- This site is optimized with the Yoast SEO plugin v27.3 - https:\/\/yoast.com\/product\/yoast-seo-wordpress\/ -->\n<title>Joindre ou rejoindre le camping 4 \u00e9toiles Les Gen\u00eats dans l&#039;Aveyron<\/title>\n<meta name=\"description\" content=\"Besoin d&#039;informations ! Retrouvez toutes les coordonn\u00e9es du camping 4 \u00e9toiles Les Gen\u00eats\" \/>\n<meta name=\"robots\" content=\"index, follow, max-snippet:-1, max-image-preview:large, max-video-preview:-1\" \/>\n<link rel=\"canonical\" href=\"https:\/\/www.camping-les-genets.fr\/fr\/acces-contact\/\" \/>\n<meta property=\"og:locale\" content=\"fr_FR\" \/>\n<meta property=\"og:type\" content=\"article\" \/>\n<meta property=\"og:title\" content=\"Joindre ou rejoindre le camping 4 \u00e9toiles Les Gen\u00eats dans l&#039;Aveyron\" \/>\n<meta property=\"og:description\" content=\"Besoin d&#039;informations ! Retrouvez toutes les coordonn\u00e9es du camping 4 \u00e9toiles Les Gen\u00eats\" \/>\n<meta property=\"og:url\" content=\"https:\/\/www.camping-les-genets.fr\/fr\/acces-contact\/\" \/>\n<meta property=\"og:site_name\" content=\"Camping les Genets\" \/>\n<meta property=\"article:modified_time\" content=\"2025-07-25T14:25:57+00:00\" \/>\n<meta property=\"og:image\" content=\"https:\/\/www.camping-les-genets.fr\/wp-content\/uploads\/2023\/10\/contacter-camping-les-genets-aveyron.jpg\" \/>\n\t<meta property=\"og:image:width\" content=\"2000\" \/>\n\t<meta property=\"og:image:height\" content=\"600\" \/>\n\t<meta property=\"og:image:type\" content=\"image\/jpeg\" \/>\n<meta name=\"twitter:card\" content=\"summary_large_image\" \/>\n<meta name=\"twitter:label1\" content=\"Dur\u00e9e de lecture estim\u00e9e\" \/>\n\t<meta name=\"twitter:data1\" content=\"2 minutes\" \/>\n<script type=\"application\/ld+json\" class=\"yoast-schema-graph\">{\"@context\":\"https:\\\/\\\/schema.org\",\"@graph\":[{\"@type\":\"WebPage\",\"@id\":\"https:\\\/\\\/www.camping-les-genets.fr\\\/fr\\\/acces-contact\\\/\",\"url\":\"https:\\\/\\\/www.camping-les-genets.fr\\\/fr\\\/acces-contact\\\/\",\"name\":\"Joindre ou rejoindre le camping 4 \u00e9toiles Les Gen\u00eats dans l'Aveyron\",\"isPartOf\":{\"@id\":\"https:\\\/\\\/www.camping-les-genets.fr\\\/fr\\\/#website\"},\"primaryImageOfPage\":{\"@id\":\"https:\\\/\\\/www.camping-les-genets.fr\\\/fr\\\/acces-contact\\\/#primaryimage\"},\"image\":{\"@id\":\"https:\\\/\\\/www.camping-les-genets.fr\\\/fr\\\/acces-contact\\\/#primaryimage\"},\"thumbnailUrl\":\"https:\\\/\\\/www.camping-les-genets.fr\\\/wp-content\\\/uploads\\\/2023\\\/10\\\/contacter-camping-les-genets-aveyron.jpg\",\"datePublished\":\"2023-07-18T11:27:26+00:00\",\"dateModified\":\"2025-07-25T14:25:57+00:00\",\"description\":\"Besoin d'informations ! Retrouvez toutes les coordonn\u00e9es du camping 4 \u00e9toiles Les Gen\u00eats\",\"breadcrumb\":{\"@id\":\"https:\\\/\\\/www.camping-les-genets.fr\\\/fr\\\/acces-contact\\\/#breadcrumb\"},\"inLanguage\":\"fr-FR\",\"potentialAction\":[{\"@type\":\"ReadAction\",\"target\":[\"https:\\\/\\\/www.camping-les-genets.fr\\\/fr\\\/acces-contact\\\/\"]}]},{\"@type\":\"ImageObject\",\"inLanguage\":\"fr-FR\",\"@id\":\"https:\\\/\\\/www.camping-les-genets.fr\\\/fr\\\/acces-contact\\\/#primaryimage\",\"url\":\"https:\\\/\\\/www.camping-les-genets.fr\\\/wp-content\\\/uploads\\\/2023\\\/10\\\/contacter-camping-les-genets-aveyron.jpg\",\"contentUrl\":\"https:\\\/\\\/www.camping-les-genets.fr\\\/wp-content\\\/uploads\\\/2023\\\/10\\\/contacter-camping-les-genets-aveyron.jpg\",\"width\":2000,\"height\":600,\"caption\":\"contacter camping les genets aveyron\"},{\"@type\":\"BreadcrumbList\",\"@id\":\"https:\\\/\\\/www.camping-les-genets.fr\\\/fr\\\/acces-contact\\\/#breadcrumb\",\"itemListElement\":[{\"@type\":\"ListItem\",\"position\":1,\"name\":\"Camping Aveyron\",\"item\":\"https:\\\/\\\/www.camping-les-genets.fr\\\/fr\\\/\"},{\"@type\":\"ListItem\",\"position\":2,\"name\":\"Acc\u00e8s et contact\"}]},{\"@type\":\"WebSite\",\"@id\":\"https:\\\/\\\/www.camping-les-genets.fr\\\/fr\\\/#website\",\"url\":\"https:\\\/\\\/www.camping-les-genets.fr\\\/fr\\\/\",\"name\":\"Camping les Genets\",\"description\":\"\",\"publisher\":{\"@id\":\"https:\\\/\\\/www.camping-les-genets.fr\\\/fr\\\/#organization\"},\"potentialAction\":[{\"@type\":\"SearchAction\",\"target\":{\"@type\":\"EntryPoint\",\"urlTemplate\":\"https:\\\/\\\/www.camping-les-genets.fr\\\/fr\\\/?s={search_term_string}\"},\"query-input\":{\"@type\":\"PropertyValueSpecification\",\"valueRequired\":true,\"valueName\":\"search_term_string\"}}],\"inLanguage\":\"fr-FR\"},{\"@type\":\"Organization\",\"@id\":\"https:\\\/\\\/www.camping-les-genets.fr\\\/fr\\\/#organization\",\"name\":\"Camping les Genets\",\"url\":\"https:\\\/\\\/www.camping-les-genets.fr\\\/fr\\\/\",\"logo\":{\"@type\":\"ImageObject\",\"inLanguage\":\"fr-FR\",\"@id\":\"https:\\\/\\\/www.camping-les-genets.fr\\\/fr\\\/#\\\/schema\\\/logo\\\/image\\\/\",\"url\":\"https:\\\/\\\/www.camping-les-genets.fr\\\/wp-content\\\/uploads\\\/2023\\\/07\\\/cropped-logo-camping-genets-footer.png\",\"contentUrl\":\"https:\\\/\\\/www.camping-les-genets.fr\\\/wp-content\\\/uploads\\\/2023\\\/07\\\/cropped-logo-camping-genets-footer.png\",\"width\":500,\"height\":295,\"caption\":\"Camping les Genets\"},\"image\":{\"@id\":\"https:\\\/\\\/www.camping-les-genets.fr\\\/fr\\\/#\\\/schema\\\/logo\\\/image\\\/\"}}]}<\/script>\n<!-- \/ Yoast SEO plugin. -->","yoast_head_json":{"title":"Joindre ou rejoindre le camping 4 \u00e9toiles Les Gen\u00eats dans l'Aveyron","description":"Besoin d'informations ! Retrouvez toutes les coordonn\u00e9es du camping 4 \u00e9toiles Les Gen\u00eats","robots":{"index":"index","follow":"follow","max-snippet":"max-snippet:-1","max-image-preview":"max-image-preview:large","max-video-preview":"max-video-preview:-1"},"canonical":"https:\/\/www.camping-les-genets.fr\/fr\/acces-contact\/","og_locale":"fr_FR","og_type":"article","og_title":"Joindre ou rejoindre le camping 4 \u00e9toiles Les Gen\u00eats dans l'Aveyron","og_description":"Besoin d'informations ! Retrouvez toutes les coordonn\u00e9es du camping 4 \u00e9toiles Les Gen\u00eats","og_url":"https:\/\/www.camping-les-genets.fr\/fr\/acces-contact\/","og_site_name":"Camping les Genets","article_modified_time":"2025-07-25T14:25:57+00:00","og_image":[{"width":2000,"height":600,"url":"https:\/\/www.camping-les-genets.fr\/wp-content\/uploads\/2023\/10\/contacter-camping-les-genets-aveyron.jpg","type":"image\/jpeg"}],"twitter_card":"summary_large_image","twitter_misc":{"Dur\u00e9e de lecture estim\u00e9e":"2 minutes"},"schema":{"@context":"https:\/\/schema.org","@graph":[{"@type":"WebPage","@id":"https:\/\/www.camping-les-genets.fr\/fr\/acces-contact\/","url":"https:\/\/www.camping-les-genets.fr\/fr\/acces-contact\/","name":"Joindre ou rejoindre le camping 4 \u00e9toiles Les Gen\u00eats dans l'Aveyron","isPartOf":{"@id":"https:\/\/www.camping-les-genets.fr\/fr\/#website"},"primaryImageOfPage":{"@id":"https:\/\/www.camping-les-genets.fr\/fr\/acces-contact\/#primaryimage"},"image":{"@id":"https:\/\/www.camping-les-genets.fr\/fr\/acces-contact\/#primaryimage"},"thumbnailUrl":"https:\/\/www.camping-les-genets.fr\/wp-content\/uploads\/2023\/10\/contacter-camping-les-genets-aveyron.jpg","datePublished":"2023-07-18T11:27:26+00:00","dateModified":"2025-07-25T14:25:57+00:00","description":"Besoin d'informations ! Retrouvez toutes les coordonn\u00e9es du camping 4 \u00e9toiles Les Gen\u00eats","breadcrumb":{"@id":"https:\/\/www.camping-les-genets.fr\/fr\/acces-contact\/#breadcrumb"},"inLanguage":"fr-FR","potentialAction":[{"@type":"ReadAction","target":["https:\/\/www.camping-les-genets.fr\/fr\/acces-contact\/"]}]},{"@type":"ImageObject","inLanguage":"fr-FR","@id":"https:\/\/www.camping-les-genets.fr\/fr\/acces-contact\/#primaryimage","url":"https:\/\/www.camping-les-genets.fr\/wp-content\/uploads\/2023\/10\/contacter-camping-les-genets-aveyron.jpg","contentUrl":"https:\/\/www.camping-les-genets.fr\/wp-content\/uploads\/2023\/10\/contacter-camping-les-genets-aveyron.jpg","width":2000,"height":600,"caption":"contacter camping les genets aveyron"},{"@type":"BreadcrumbList","@id":"https:\/\/www.camping-les-genets.fr\/fr\/acces-contact\/#breadcrumb","itemListElement":[{"@type":"ListItem","position":1,"name":"Camping Aveyron","item":"https:\/\/www.camping-les-genets.fr\/fr\/"},{"@type":"ListItem","position":2,"name":"Acc\u00e8s et contact"}]},{"@type":"WebSite","@id":"https:\/\/www.camping-les-genets.fr\/fr\/#website","url":"https:\/\/www.camping-les-genets.fr\/fr\/","name":"Camping les Genets","description":"","publisher":{"@id":"https:\/\/www.camping-les-genets.fr\/fr\/#organization"},"potentialAction":[{"@type":"SearchAction","target":{"@type":"EntryPoint","urlTemplate":"https:\/\/www.camping-les-genets.fr\/fr\/?s={search_term_string}"},"query-input":{"@type":"PropertyValueSpecification","valueRequired":true,"valueName":"search_term_string"}}],"inLanguage":"fr-FR"},{"@type":"Organization","@id":"https:\/\/www.camping-les-genets.fr\/fr\/#organization","name":"Camping les Genets","url":"https:\/\/www.camping-les-genets.fr\/fr\/","logo":{"@type":"ImageObject","inLanguage":"fr-FR","@id":"https:\/\/www.camping-les-genets.fr\/fr\/#\/schema\/logo\/image\/","url":"https:\/\/www.camping-les-genets.fr\/wp-content\/uploads\/2023\/07\/cropped-logo-camping-genets-footer.png","contentUrl":"https:\/\/www.camping-les-genets.fr\/wp-content\/uploads\/2023\/07\/cropped-logo-camping-genets-footer.png","width":500,"height":295,"caption":"Camping les Genets"},"image":{"@id":"https:\/\/www.camping-les-genets.fr\/fr\/#\/schema\/logo\/image\/"}}]}},"_links":{"self":[{"href":"https:\/\/www.camping-les-genets.fr\/fr\/wp-json\/wp\/v2\/pages\/198","targetHints":{"allow":["GET"]}}],"collection":[{"href":"https:\/\/www.camping-les-genets.fr\/fr\/wp-json\/wp\/v2\/pages"}],"about":[{"href":"https:\/\/www.camping-les-genets.fr\/fr\/wp-json\/wp\/v2\/types\/page"}],"author":[{"embeddable":true,"href":"https:\/\/www.camping-les-genets.fr\/fr\/wp-json\/wp\/v2\/users\/1"}],"replies":[{"embeddable":true,"href":"https:\/\/www.camping-les-genets.fr\/fr\/wp-json\/wp\/v2\/comments?post=198"}],"version-history":[{"count":59,"href":"https:\/\/www.camping-les-genets.fr\/fr\/wp-json\/wp\/v2\/pages\/198\/revisions"}],"predecessor-version":[{"id":7860,"href":"https:\/\/www.camping-les-genets.fr\/fr\/wp-json\/wp\/v2\/pages\/198\/revisions\/7860"}],"wp:featuredmedia":[{"embeddable":true,"href":"https:\/\/www.camping-les-genets.fr\/fr\/wp-json\/wp\/v2\/media\/4260"}],"wp:attachment":[{"href":"https:\/\/www.camping-les-genets.fr\/fr\/wp-json\/wp\/v2\/media?parent=198"}],"wp:term":[{"taxonomy":"sujet","embeddable":true,"href":"https:\/\/www.camping-les-genets.fr\/fr\/wp-json\/wp\/v2\/sujet?post=198"}],"curies":[{"name":"wp","href":"https:\/\/api.w.org\/{rel}","templated":true}]}}