{"id":1856,"date":"2023-09-12T09:36:03","date_gmt":"2023-09-12T07:36:03","guid":{"rendered":"https:\/\/www.camping-les-genets.fr\/?page_id=1856"},"modified":"2024-12-04T11:43:21","modified_gmt":"2024-12-04T10:43:21","slug":"velorail","status":"publish","type":"page","link":"https:\/\/www.camping-les-genets.fr\/fr\/velorail\/","title":{"rendered":"V\u00e9lorail"},"content":{"rendered":"<section id=\"ls-section-block_8a968389415f761dfbfddd51104ca56a\" class=\"ls-section  page-chapeau has-p-b p-b-0\" >\r\n        <div class=\"container \">\r\n        \n\n<h1 class=\"ls__heading wp-block-heading has-text-align-center animated fadeInLeft delay-100ms slow\"><strong>V\u00e9lorail<\/strong><\/h1>\n\n\n\n<p class=\"ls-paragraph has-text-align-center\">Vous souhaitez explorer l\u2019Aveyron en v\u00e9lo et en train ? Optez pour le <a href=\"https:\/\/www.surlesrailsdularzac.com\/\" target=\"_blank\" rel=\"noreferrer noopener\">v\u00e9lorail<\/a> ! Ce <strong>concept original<\/strong> vous permettra de <strong>p\u00e9daler en famille sur une voie ferr\u00e9e<\/strong> qui traverse de magnifiques paysages, des viaducs, des ponts et des tunnels.<br>Sous Millau, \u00e0 moins de 60 km du <a href=\"https:\/\/www.camping-les-genets.fr\/fr\/\">camping Les Gen\u00eats<\/a>, le V\u00e9lorail du Larzac est une activit\u00e9 originale et familiale qui permet de <strong>d\u00e9couvrir des paysages d\u2019exception<\/strong> \u00e0 travers un voyage insolite et un mode de locomotion amusant. Tr\u00e8s divertissant, le <strong>v\u00e9lorail convient \u00e0 tous<\/strong> : il s\u00e9duit les adultes comme les enfants. Tr\u00e8s accessible, la balade ne demande pas un grand effort de p\u00e9dalage et plusieurs parcours sont possibles.<\/p>\n\n\r\n    <\/div>\r\n<\/section>\n\n<section id=\"ls-section-block_a80ac172391dcc399ea2c9ea7f867588\" class=\"ls-section  page-one has-p-b p-b-14\" >\r\n        <div class=\"container container--full\">\r\n        \n\n<div class=\"wp-block-columns is-layout-flex wp-container-core-columns-is-layout-9d6595d7 wp-block-columns-is-layout-flex\">\n<div class=\"wp-block-column first is-layout-flow wp-block-column-is-layout-flow\" style=\"flex-basis:66.66%\">\n<figure class=\"wp-block-image size-full\"><img decoding=\"async\" width=\"2560\" height=\"1707\" src=\"https:\/\/www.camping-les-genets.fr\/wp-content\/uploads\/2023\/09\/Velorail-en-Aveyron-scaled.webp\" alt=\"V\u00e9lorail en Aveyron\" class=\"wp-image-1860\" srcset=\"https:\/\/www.camping-les-genets.fr\/wp-content\/uploads\/2023\/09\/Velorail-en-Aveyron-scaled.webp 2560w, https:\/\/www.camping-les-genets.fr\/wp-content\/uploads\/2023\/09\/Velorail-en-Aveyron-300x200.webp 300w, https:\/\/www.camping-les-genets.fr\/wp-content\/uploads\/2023\/09\/Velorail-en-Aveyron-1024x683.webp 1024w, https:\/\/www.camping-les-genets.fr\/wp-content\/uploads\/2023\/09\/Velorail-en-Aveyron-768x512.webp 768w, https:\/\/www.camping-les-genets.fr\/wp-content\/uploads\/2023\/09\/Velorail-en-Aveyron-1536x1024.webp 1536w, https:\/\/www.camping-les-genets.fr\/wp-content\/uploads\/2023\/09\/Velorail-en-Aveyron-2048x1365.webp 2048w\" sizes=\"(max-width: 2560px) 100vw, 2560px\" \/><\/figure>\n<\/div>\n\n\n\n<div class=\"wp-block-column is-vertically-aligned-center second has-color-white-background-color has-background is-layout-flow wp-block-column-is-layout-flow\" style=\"flex-basis:33.33%\">\n<h2 class=\"ls__heading wp-block-heading\">Circuit des <strong>Explorateurs<\/strong><\/h2>\n\n\n\n<p class=\"ls-paragraph\">Depuis Sainte-Eulalie, vous prendrez un train touristique sur <strong>8 km<\/strong> pour rejoindre La Bastide-Pradines. Vous terminerez votre travers\u00e9e en v\u00e9lorail (2,3 km) jusqu\u2019au terminus. Vous franchirez un superbe tunnel et vous munirez d\u2019un casque et d\u2019une lampe frontale pour explorer un joyau architectural. Une <a href=\"\/fr\/activites-famille-aveyron\/\">activit\u00e9 incontournable \u00e0 faire en famille dans l&rsquo;Aveyron<\/a> ! <\/p>\n<\/div>\n<\/div>\n\n\r\n    <\/div>\r\n<\/section>\n\n<section id=\"ls-section-block_1a26915e3986d418db4f1bea13003522\" class=\"ls-section  page-two background-blu-right has-p-t p-t-14\" >\r\n        <div class=\"container container--wide\">\r\n        \n\n<div class=\"wp-block-columns is-layout-flex wp-container-core-columns-is-layout-9d6595d7 wp-block-columns-is-layout-flex\">\n<div class=\"wp-block-column is-vertically-aligned-top first is-layout-flow wp-block-column-is-layout-flow\" style=\"flex-basis:33.33%\">\n<h2 class=\"ls__heading wp-block-heading\">Circuit des <strong>Orchid\u00e9es<\/strong><\/h2>\n\n\n\n<p class=\"ls-paragraph\">Vous enfourcherez votre v\u00e9lorail \u00e0 Sainte-Eulalie et p\u00e9dalerez pendant <strong>8 km<\/strong> jusqu\u2019\u00e0 La Bastide-Pradines. Vous traverserez 4 tunnels et 3 viaducs, jouirez de tr\u00e8s belles vues sur les gorges du Cernon et les villages environnants. Le retour se fera en train touristique<strong> (dur\u00e9e totale : 2h30)<\/strong>.<\/p>\n<\/div>\n\n\n\n<div class=\"wp-block-column second is-layout-flow wp-block-column-is-layout-flow\" style=\"flex-basis:66.66%\">\n<figure class=\"wp-block-image size-full image\"><img decoding=\"async\" width=\"2560\" height=\"1707\" src=\"https:\/\/www.camping-les-genets.fr\/wp-content\/uploads\/2023\/09\/Eglise-dans-un-village-en-Aveyron-scaled.webp\" alt=\"Eglise dans un village en Aveyron\" class=\"wp-image-1868\" srcset=\"https:\/\/www.camping-les-genets.fr\/wp-content\/uploads\/2023\/09\/Eglise-dans-un-village-en-Aveyron-scaled.webp 2560w, https:\/\/www.camping-les-genets.fr\/wp-content\/uploads\/2023\/09\/Eglise-dans-un-village-en-Aveyron-300x200.webp 300w, https:\/\/www.camping-les-genets.fr\/wp-content\/uploads\/2023\/09\/Eglise-dans-un-village-en-Aveyron-1024x683.webp 1024w, https:\/\/www.camping-les-genets.fr\/wp-content\/uploads\/2023\/09\/Eglise-dans-un-village-en-Aveyron-768x512.webp 768w, https:\/\/www.camping-les-genets.fr\/wp-content\/uploads\/2023\/09\/Eglise-dans-un-village-en-Aveyron-1536x1024.webp 1536w, https:\/\/www.camping-les-genets.fr\/wp-content\/uploads\/2023\/09\/Eglise-dans-un-village-en-Aveyron-2048x1365.webp 2048w\" sizes=\"(max-width: 2560px) 100vw, 2560px\" \/><\/figure>\n<\/div>\n<\/div>\n\n\r\n    <\/div>\r\n<\/section>\n\n<section id=\"ls-section-block_54d0ec610097824379d51fcd3a05456e\" class=\"ls-section  home-piscine has-background-image has-p-t p-t-20 has-p-b p-b-20\" >\r\n    <div class=\"ls-section__background-image opacity-100\"><img decoding=\"async\" src=\"https:\/\/www.camping-les-genets.fr\/wp-content\/uploads\/2023\/09\/Paysage-plateau-a-Lavogne-dans-Larzac.webp\" alt=\"Paysage plateau \u00e0 Lavogne dans Larzac\"><\/div>    <div class=\"container container--full\">\r\n        \n\n<div class=\"wp-block-columns is-layout-flex wp-container-core-columns-is-layout-9d6595d7 wp-block-columns-is-layout-flex\">\n<div class=\"wp-block-column is-vertically-aligned-center first is-layout-flow wp-block-column-is-layout-flow\" style=\"flex-basis:60%\"><\/div>\n\n\n\n<div class=\"wp-block-column second has-color-white-background-color has-background is-layout-flow wp-block-column-is-layout-flow\" style=\"flex-basis:40%\">\n<h2 class=\"ls__heading wp-block-heading\">Circuit des <strong>Papillons<\/strong><\/h2>\n\n\n\n<p class=\"ls-paragraph\">L\u2019aller et retour de ce circuit s\u2019effectuent en v\u00e9lorail (8 km aller\/retour). Vous fournirez les plus grands efforts \u00e0 l\u2019aller, et profiterez de la descente au retour pour admirer les paysages du Larzac.<\/p>\n\n\n\n<p class=\"ls-paragraph\">Il existe deux autres circuits propos\u00e9s : Le Grand Voyage qui combine les circuits des Orchid\u00e9es et Papillons (24 km au total, 8 km en v\u00e9lorail et 16 km en train touristique) et le Larzac Express (train touristique uniquement, 16 km).<\/p>\n<\/div>\n<\/div>\n\n\r\n    <\/div>\r\n<\/section>\n\n<section id=\"ls-section-block_9a45ee9d61e8ea9a5fe1028a31d8ef63\" class=\"ls-section  page-maillage has-p-t p-t-14 has-p-b p-b-14\" >\r\n        <div class=\"container container--wide\">\r\n        \n\n<div id=\"ls-heading ls-titre-div-block_909d3cde3df7bf06557d5d85ed62c3d2\" class=\"ls-titre-div aligncenter h2-like has-m-b m-b-8\" >\n    D\u00e9couvrez la p\u00eache en Aveyron, le village de Saint C\u00f4me d\u2019Olt et le mus\u00e9e Soulages !<\/div>\n\n\n<div id=\"ls-maillage-block_7f9959254ec9619a63dac9f7e4caea52\" class=\"ls-maillage slow animated fadeInUp delay-100ms cta-style-normal\" data-rows=\"3\">\r\n    <div class=\"wp-block-columns\"><div class=\"wp-block-column\">\n\n<a href=\"https:\/\/www.camping-les-genets.fr\/fr\/peche-en-aveyron\/\" target=\"\" rel=\"noopener\" class=\"ls-cta__link\">\n\n\t<div class=\"ls-cta__image\"><img decoding=\"async\" src=\"https:\/\/www.camping-les-genets.fr\/wp-content\/uploads\/2023\/09\/Activite-peche-au-camping-Les-Genets-768x535.webp\" alt=\"Activit\u00e9 peche au camping Les Genets\"><\/div>\n\t<div class=\"ls-cta__title\">\n\t\tP\u00eache en Aveyron\t<\/div>\n\n\t\t\n<\/a><\/div><div class=\"wp-block-column\">\n\n<a href=\"https:\/\/www.camping-les-genets.fr\/fr\/tourisme-saint-come-d-olt\/\" target=\"\" rel=\"noopener\" class=\"ls-cta__link\">\n\n\t<div class=\"ls-cta__image\"><img decoding=\"async\" src=\"https:\/\/www.camping-les-genets.fr\/wp-content\/uploads\/2023\/09\/eglise-de-Saint-Come-dOlt-768x1152.webp\" alt=\"\u00e9glise de Saint C\u00f4me d'Olt\"><\/div>\n\t<div class=\"ls-cta__title\">\n\t\tSaint-C\u00f4me-d\u2019Olt\t<\/div>\n\n\t\t\n<\/a><\/div><div class=\"wp-block-column\">\n\n<a href=\"https:\/\/www.camping-les-genets.fr\/fr\/musee-soulages\/\" target=\"\" rel=\"noopener\" class=\"ls-cta__link\">\n\n\t<div class=\"ls-cta__image\"><img decoding=\"async\" src=\"https:\/\/www.camping-les-genets.fr\/wp-content\/uploads\/2023\/09\/Musee-dart-contemporain-en-Aveyron-768x1150.webp\" alt=\"Mus\u00e9e d'art contemporain en Aveyron\"><\/div>\n\t<div class=\"ls-cta__title\">\n\t\tMus\u00e9e Soulages\t<\/div>\n\n\t\t\n<\/a><\/div><\/div><\/div>\n\r\n    <\/div>\r\n<\/section>","protected":false},"excerpt":{"rendered":"","protected":false},"author":1,"featured_media":1864,"parent":0,"menu_order":0,"comment_status":"closed","ping_status":"closed","template":"","meta":{"_acf_changed":false,"inline_featured_image":false,"footnotes":""},"sujet":[],"class_list":["post-1856","page","type-page","status-publish","has-post-thumbnail","hentry"],"acf":[],"yoast_head":"<!-- This site is optimized with the Yoast SEO plugin v23.4 - https:\/\/yoast.com\/wordpress\/plugins\/seo\/ -->\n<title>V\u00e9lorail Aveyron : Tarifs et circuits du v\u00e9lorail du Larzac<\/title>\n<meta name=\"description\" content=\"Vous ne connaissez pas le V\u00e9lorail du Larzac en Aveyron ? D\u00e9couvrez la plus belle balade insolite du d\u00e9partement sur les chemins de fer du Larzac !\" \/>\n<meta name=\"robots\" content=\"index, follow, max-snippet:-1, max-image-preview:large, max-video-preview:-1\" \/>\n<link rel=\"canonical\" href=\"https:\/\/www.camping-les-genets.fr\/fr\/velorail\/\" \/>\n<meta property=\"og:locale\" content=\"fr_FR\" \/>\n<meta property=\"og:type\" content=\"article\" \/>\n<meta property=\"og:title\" content=\"V\u00e9lorail Aveyron : Tarifs et circuits du v\u00e9lorail du Larzac\" \/>\n<meta property=\"og:description\" content=\"Vous ne connaissez pas le V\u00e9lorail du Larzac en Aveyron ? D\u00e9couvrez la plus belle balade insolite du d\u00e9partement sur les chemins de fer du Larzac !\" \/>\n<meta property=\"og:url\" content=\"https:\/\/www.camping-les-genets.fr\/fr\/velorail\/\" \/>\n<meta property=\"og:site_name\" content=\"Camping les Genets\" \/>\n<meta property=\"article:modified_time\" content=\"2024-12-04T10:43:21+00:00\" \/>\n<meta property=\"og:image\" content=\"https:\/\/www.camping-les-genets.fr\/wp-content\/uploads\/2023\/09\/Montagne-en-Occitanie-scaled.webp\" \/>\n\t<meta property=\"og:image:width\" content=\"2560\" \/>\n\t<meta property=\"og:image:height\" content=\"1707\" \/>\n\t<meta property=\"og:image:type\" content=\"image\/webp\" \/>\n<meta name=\"twitter:card\" content=\"summary_large_image\" \/>\n<meta name=\"twitter:label1\" content=\"Dur\u00e9e de lecture estim\u00e9e\" \/>\n\t<meta name=\"twitter:data1\" content=\"3 minutes\" \/>\n<script type=\"application\/ld+json\" class=\"yoast-schema-graph\">{\"@context\":\"https:\/\/schema.org\",\"@graph\":[{\"@type\":\"WebPage\",\"@id\":\"https:\/\/www.camping-les-genets.fr\/fr\/velorail\/\",\"url\":\"https:\/\/www.camping-les-genets.fr\/fr\/velorail\/\",\"name\":\"V\u00e9lorail Aveyron : Tarifs et circuits du v\u00e9lorail du Larzac\",\"isPartOf\":{\"@id\":\"https:\/\/www.camping-les-genets.fr\/fr\/#website\"},\"primaryImageOfPage\":{\"@id\":\"https:\/\/www.camping-les-genets.fr\/fr\/velorail\/#primaryimage\"},\"image\":{\"@id\":\"https:\/\/www.camping-les-genets.fr\/fr\/velorail\/#primaryimage\"},\"thumbnailUrl\":\"https:\/\/www.camping-les-genets.fr\/wp-content\/uploads\/2023\/09\/Montagne-en-Occitanie-scaled.webp\",\"datePublished\":\"2023-09-12T07:36:03+00:00\",\"dateModified\":\"2024-12-04T10:43:21+00:00\",\"description\":\"Vous ne connaissez pas le V\u00e9lorail du Larzac en Aveyron ? D\u00e9couvrez la plus belle balade insolite du d\u00e9partement sur les chemins de fer du Larzac !\",\"breadcrumb\":{\"@id\":\"https:\/\/www.camping-les-genets.fr\/fr\/velorail\/#breadcrumb\"},\"inLanguage\":\"fr-FR\",\"potentialAction\":[{\"@type\":\"ReadAction\",\"target\":[\"https:\/\/www.camping-les-genets.fr\/fr\/velorail\/\"]}]},{\"@type\":\"ImageObject\",\"inLanguage\":\"fr-FR\",\"@id\":\"https:\/\/www.camping-les-genets.fr\/fr\/velorail\/#primaryimage\",\"url\":\"https:\/\/www.camping-les-genets.fr\/wp-content\/uploads\/2023\/09\/Montagne-en-Occitanie-scaled.webp\",\"contentUrl\":\"https:\/\/www.camping-les-genets.fr\/wp-content\/uploads\/2023\/09\/Montagne-en-Occitanie-scaled.webp\",\"width\":2560,\"height\":1707,\"caption\":\"Montagne en Occitanie\"},{\"@type\":\"BreadcrumbList\",\"@id\":\"https:\/\/www.camping-les-genets.fr\/fr\/velorail\/#breadcrumb\",\"itemListElement\":[{\"@type\":\"ListItem\",\"position\":1,\"name\":\"Camping Aveyron\",\"item\":\"https:\/\/www.camping-les-genets.fr\/fr\/\"},{\"@type\":\"ListItem\",\"position\":2,\"name\":\"V\u00e9lorail\"}]},{\"@type\":\"WebSite\",\"@id\":\"https:\/\/www.camping-les-genets.fr\/fr\/#website\",\"url\":\"https:\/\/www.camping-les-genets.fr\/fr\/\",\"name\":\"Camping les Genets\",\"description\":\"\",\"publisher\":{\"@id\":\"https:\/\/www.camping-les-genets.fr\/fr\/#organization\"},\"potentialAction\":[{\"@type\":\"SearchAction\",\"target\":{\"@type\":\"EntryPoint\",\"urlTemplate\":\"https:\/\/www.camping-les-genets.fr\/fr\/?s={search_term_string}\"},\"query-input\":{\"@type\":\"PropertyValueSpecification\",\"valueRequired\":true,\"valueName\":\"search_term_string\"}}],\"inLanguage\":\"fr-FR\"},{\"@type\":\"Organization\",\"@id\":\"https:\/\/www.camping-les-genets.fr\/fr\/#organization\",\"name\":\"Camping les Genets\",\"url\":\"https:\/\/www.camping-les-genets.fr\/fr\/\",\"logo\":{\"@type\":\"ImageObject\",\"inLanguage\":\"fr-FR\",\"@id\":\"https:\/\/www.camping-les-genets.fr\/fr\/#\/schema\/logo\/image\/\",\"url\":\"https:\/\/www.camping-les-genets.fr\/wp-content\/uploads\/2023\/07\/cropped-logo-camping-genets-footer.png\",\"contentUrl\":\"https:\/\/www.camping-les-genets.fr\/wp-content\/uploads\/2023\/07\/cropped-logo-camping-genets-footer.png\",\"width\":500,\"height\":295,\"caption\":\"Camping les Genets\"},\"image\":{\"@id\":\"https:\/\/www.camping-les-genets.fr\/fr\/#\/schema\/logo\/image\/\"}}]}<\/script>\n<!-- \/ Yoast SEO plugin. -->","yoast_head_json":{"title":"V\u00e9lorail Aveyron : Tarifs et circuits du v\u00e9lorail du Larzac","description":"Vous ne connaissez pas le V\u00e9lorail du Larzac en Aveyron ? D\u00e9couvrez la plus belle balade insolite du d\u00e9partement sur les chemins de fer du Larzac !","robots":{"index":"index","follow":"follow","max-snippet":"max-snippet:-1","max-image-preview":"max-image-preview:large","max-video-preview":"max-video-preview:-1"},"canonical":"https:\/\/www.camping-les-genets.fr\/fr\/velorail\/","og_locale":"fr_FR","og_type":"article","og_title":"V\u00e9lorail Aveyron : Tarifs et circuits du v\u00e9lorail du Larzac","og_description":"Vous ne connaissez pas le V\u00e9lorail du Larzac en Aveyron ? D\u00e9couvrez la plus belle balade insolite du d\u00e9partement sur les chemins de fer du Larzac !","og_url":"https:\/\/www.camping-les-genets.fr\/fr\/velorail\/","og_site_name":"Camping les Genets","article_modified_time":"2024-12-04T10:43:21+00:00","og_image":[{"width":2560,"height":1707,"url":"https:\/\/www.camping-les-genets.fr\/wp-content\/uploads\/2023\/09\/Montagne-en-Occitanie-scaled.webp","type":"image\/webp"}],"twitter_card":"summary_large_image","twitter_misc":{"Dur\u00e9e de lecture estim\u00e9e":"3 minutes"},"schema":{"@context":"https:\/\/schema.org","@graph":[{"@type":"WebPage","@id":"https:\/\/www.camping-les-genets.fr\/fr\/velorail\/","url":"https:\/\/www.camping-les-genets.fr\/fr\/velorail\/","name":"V\u00e9lorail Aveyron : Tarifs et circuits du v\u00e9lorail du Larzac","isPartOf":{"@id":"https:\/\/www.camping-les-genets.fr\/fr\/#website"},"primaryImageOfPage":{"@id":"https:\/\/www.camping-les-genets.fr\/fr\/velorail\/#primaryimage"},"image":{"@id":"https:\/\/www.camping-les-genets.fr\/fr\/velorail\/#primaryimage"},"thumbnailUrl":"https:\/\/www.camping-les-genets.fr\/wp-content\/uploads\/2023\/09\/Montagne-en-Occitanie-scaled.webp","datePublished":"2023-09-12T07:36:03+00:00","dateModified":"2024-12-04T10:43:21+00:00","description":"Vous ne connaissez pas le V\u00e9lorail du Larzac en Aveyron ? D\u00e9couvrez la plus belle balade insolite du d\u00e9partement sur les chemins de fer du Larzac !","breadcrumb":{"@id":"https:\/\/www.camping-les-genets.fr\/fr\/velorail\/#breadcrumb"},"inLanguage":"fr-FR","potentialAction":[{"@type":"ReadAction","target":["https:\/\/www.camping-les-genets.fr\/fr\/velorail\/"]}]},{"@type":"ImageObject","inLanguage":"fr-FR","@id":"https:\/\/www.camping-les-genets.fr\/fr\/velorail\/#primaryimage","url":"https:\/\/www.camping-les-genets.fr\/wp-content\/uploads\/2023\/09\/Montagne-en-Occitanie-scaled.webp","contentUrl":"https:\/\/www.camping-les-genets.fr\/wp-content\/uploads\/2023\/09\/Montagne-en-Occitanie-scaled.webp","width":2560,"height":1707,"caption":"Montagne en Occitanie"},{"@type":"BreadcrumbList","@id":"https:\/\/www.camping-les-genets.fr\/fr\/velorail\/#breadcrumb","itemListElement":[{"@type":"ListItem","position":1,"name":"Camping Aveyron","item":"https:\/\/www.camping-les-genets.fr\/fr\/"},{"@type":"ListItem","position":2,"name":"V\u00e9lorail"}]},{"@type":"WebSite","@id":"https:\/\/www.camping-les-genets.fr\/fr\/#website","url":"https:\/\/www.camping-les-genets.fr\/fr\/","name":"Camping les Genets","description":"","publisher":{"@id":"https:\/\/www.camping-les-genets.fr\/fr\/#organization"},"potentialAction":[{"@type":"SearchAction","target":{"@type":"EntryPoint","urlTemplate":"https:\/\/www.camping-les-genets.fr\/fr\/?s={search_term_string}"},"query-input":{"@type":"PropertyValueSpecification","valueRequired":true,"valueName":"search_term_string"}}],"inLanguage":"fr-FR"},{"@type":"Organization","@id":"https:\/\/www.camping-les-genets.fr\/fr\/#organization","name":"Camping les Genets","url":"https:\/\/www.camping-les-genets.fr\/fr\/","logo":{"@type":"ImageObject","inLanguage":"fr-FR","@id":"https:\/\/www.camping-les-genets.fr\/fr\/#\/schema\/logo\/image\/","url":"https:\/\/www.camping-les-genets.fr\/wp-content\/uploads\/2023\/07\/cropped-logo-camping-genets-footer.png","contentUrl":"https:\/\/www.camping-les-genets.fr\/wp-content\/uploads\/2023\/07\/cropped-logo-camping-genets-footer.png","width":500,"height":295,"caption":"Camping les Genets"},"image":{"@id":"https:\/\/www.camping-les-genets.fr\/fr\/#\/schema\/logo\/image\/"}}]}},"_links":{"self":[{"href":"https:\/\/www.camping-les-genets.fr\/fr\/wp-json\/wp\/v2\/pages\/1856","targetHints":{"allow":["GET"]}}],"collection":[{"href":"https:\/\/www.camping-les-genets.fr\/fr\/wp-json\/wp\/v2\/pages"}],"about":[{"href":"https:\/\/www.camping-les-genets.fr\/fr\/wp-json\/wp\/v2\/types\/page"}],"author":[{"embeddable":true,"href":"https:\/\/www.camping-les-genets.fr\/fr\/wp-json\/wp\/v2\/users\/1"}],"replies":[{"embeddable":true,"href":"https:\/\/www.camping-les-genets.fr\/fr\/wp-json\/wp\/v2\/comments?post=1856"}],"version-history":[{"count":22,"href":"https:\/\/www.camping-les-genets.fr\/fr\/wp-json\/wp\/v2\/pages\/1856\/revisions"}],"predecessor-version":[{"id":7036,"href":"https:\/\/www.camping-les-genets.fr\/fr\/wp-json\/wp\/v2\/pages\/1856\/revisions\/7036"}],"wp:featuredmedia":[{"embeddable":true,"href":"https:\/\/www.camping-les-genets.fr\/fr\/wp-json\/wp\/v2\/media\/1864"}],"wp:attachment":[{"href":"https:\/\/www.camping-les-genets.fr\/fr\/wp-json\/wp\/v2\/media?parent=1856"}],"wp:term":[{"taxonomy":"sujet","embeddable":true,"href":"https:\/\/www.camping-les-genets.fr\/fr\/wp-json\/wp\/v2\/sujet?post=1856"}],"curies":[{"name":"wp","href":"https:\/\/api.w.org\/{rel}","templated":true}]}}