{"id":1806,"date":"2023-09-11T16:11:09","date_gmt":"2023-09-11T14:11:09","guid":{"rendered":"https:\/\/www.camping-les-genets.fr\/?page_id=1806"},"modified":"2025-10-17T11:21:42","modified_gmt":"2025-10-17T09:21:42","slug":"la-couvertoirade","status":"publish","type":"page","link":"https:\/\/www.camping-les-genets.fr\/fr\/la-couvertoirade\/","title":{"rendered":"La couvertoirade"},"content":{"rendered":"<section id=\"ls-section-block_519155d27adb5c50c5a19ba27422edd8\" class=\"ls-section  page-chapeau has-p-b p-b-0\" >\r\n        <div class=\"container \">\r\n        \n\n<h1 class=\"ls__heading wp-block-heading has-text-align-center animated fadeInLeft delay-100ms slow\"><strong>La couvertoirade<\/strong><\/h1>\n\n\r\n    <\/div>\r\n<\/section>\n\n<section id=\"ls-section-block_e3c0fa9690718736d9e9f8a9dc0feae8\" class=\"ls-section  page-one has-p-b p-b-14\" >\r\n        <div class=\"container container--full\">\r\n        \n\n<div class=\"wp-block-columns is-layout-flex wp-container-core-columns-is-layout-9d6595d7 wp-block-columns-is-layout-flex\">\n<div class=\"wp-block-column first is-layout-flow wp-block-column-is-layout-flow\" style=\"flex-basis:66.66%\">\n<figure class=\"wp-block-image size-full\"><img decoding=\"async\" width=\"2560\" height=\"1920\" src=\"https:\/\/www.camping-les-genets.fr\/wp-content\/uploads\/2023\/09\/Le-village-de-La-Couvertoirade-en-Frnace.webp\" alt=\"La Couvertoirade en France\" class=\"wp-image-1818\" srcset=\"https:\/\/www.camping-les-genets.fr\/wp-content\/uploads\/2023\/09\/Le-village-de-La-Couvertoirade-en-Frnace.webp 2560w, https:\/\/www.camping-les-genets.fr\/wp-content\/uploads\/2023\/09\/Le-village-de-La-Couvertoirade-en-Frnace-300x225.webp 300w, https:\/\/www.camping-les-genets.fr\/wp-content\/uploads\/2023\/09\/Le-village-de-La-Couvertoirade-en-Frnace-1024x768.webp 1024w, https:\/\/www.camping-les-genets.fr\/wp-content\/uploads\/2023\/09\/Le-village-de-La-Couvertoirade-en-Frnace-768x576.webp 768w, https:\/\/www.camping-les-genets.fr\/wp-content\/uploads\/2023\/09\/Le-village-de-La-Couvertoirade-en-Frnace-1536x1152.webp 1536w, https:\/\/www.camping-les-genets.fr\/wp-content\/uploads\/2023\/09\/Le-village-de-La-Couvertoirade-en-Frnace-2048x1536.webp 2048w\" sizes=\"(max-width: 2560px) 100vw, 2560px\" \/><\/figure>\n<\/div>\n\n\n\n<div class=\"wp-block-column is-vertically-aligned-center second has-color-white-background-color has-background is-layout-flow wp-block-column-is-layout-flow\" style=\"flex-basis:33.33%\">\n<h2 class=\"ls__heading wp-block-heading\"><strong>Vacances<\/strong> \u00e0 La Couvertoirade<\/h2>\n\n\n\n<p class=\"ls-paragraph\">Dans un environnement pr\u00e9serv\u00e9, <a href=\"https:\/\/lacouvertoirade.com\/\" target=\"_blank\" rel=\"noreferrer noopener\">La Couvertoirade<\/a> est un <strong>\u00eelot m\u00e9di\u00e9val<\/strong> anim\u00e9 d\u2019\u00e9choppes, de boutiques d\u2019artisanat et de restaurants \u00e0 d\u00e9couvrir lors de votre s\u00e9jour au sein de notre <a href=\"\/\">camping 5 \u00e9toiles en Aveyron<\/a>.  <br><br>La <strong>cit\u00e9 fortifi\u00e9e<\/strong> peut se visiter librement, en fl\u00e2nant \u00e0 travers ses ruelles pav\u00e9es, ou faire l\u2019objet d\u2019une <strong>passionnante<\/strong> <strong>visite<\/strong> <strong>guid\u00e9e<\/strong>.<\/p>\n\n\n\n<p class=\"ls-paragraph addReadMore showlesscontent\">Vous pourrez alors conna\u00eetre l\u2019histoire de ce village construit successivement par les ordres des Templiers et des Hospitaliers.<br><br>La Couvertoirade est une <strong>bourgade<\/strong> <strong>tr\u00e8s<\/strong> <strong>anim\u00e9e<\/strong>, particuli\u00e8rement durant la saison estivale : Si vous y s\u00e9journez pendant cette p\u00e9riode, vous y assisterez \u00e0 des march\u00e9s nocturnes, d\u00e9gusterez des fou\u00e9es cuites au four banal, et profiterez de f\u00eates m\u00e9di\u00e9vales.<br><br>Tous les jours de juillet, le site accueille des <strong>spectacles<\/strong> <strong>de<\/strong> <strong>fauconnerie<\/strong>. Le four banal s\u2019anime et des <strong>ateliers<\/strong> divers prennent place dans les rues de la cit\u00e9 : tir \u00e0 l\u2019arc, d\u00e9monstrations de forgeron, jeux g\u00e9ants, chasses au tr\u00e9sor, ou encore visites nocturnes sont propos\u00e9s.<\/p>\n<\/div>\n<\/div>\n\n\r\n    <\/div>\r\n<\/section>\n\n<section id=\"ls-section-block_f958677b40ee326be4cbfa1ed34bfc73\" class=\"ls-section \" >\r\n        <div class=\"container container--wide\">\r\n        \n\n<div class=\"wp-block-columns are-vertically-aligned-top is-layout-flex wp-container-core-columns-is-layout-9d6595d7 wp-block-columns-is-layout-flex\">\n<div class=\"wp-block-column is-vertically-aligned-top first is-layout-flow wp-block-column-is-layout-flow\">\n<h2 class=\"ls__heading wp-block-heading\">Itin\u00e9raire <strong>camping La Couvertoirade<\/strong><\/h2>\n\n\n\n<p class=\"ls-paragraph\">Depuis le <a href=\"https:\/\/www.camping-les-genets.fr\/fr\/\">camping Les Gen\u00eats au lac de Pareloup<\/a>, il existe deux routes pour se rendre \u00e0 La Couvertoirade.<\/p>\n\n\n\n<p class=\"ls-paragraph\">Dans les deux cas, vous mettrez environ 1h15 en voiture pour arriver \u00e0 votre destination. <\/p>\n\n\n\n<p class=\"ls-paragraph\">Si vous pr\u00e9f\u00e9rez les grands axes, prenez la D993 \u00e0 Salles-Curan et rejoignez l\u2019autoroute A75 en passant par Saint-Beauz\u00e9ly. Prenez direction Montpellier et continuez jusqu\u2019\u00e0 la sortie 48. Continuez sur la D7 direction Saucli\u00e8res, puis sur la D55 jusqu\u2019\u00e0 La Couvertoirade.<br><br>Au retour, vous pouvez revenir par l\u2019int\u00e9rieur et vous arr\u00eater dans plusieurs villages pittoresques pour d\u00e9couvrir le patrimoine local avant de rejoindre le camping : Saint-Rome-de-Cernon, Saint-Rome-de-Tarn, Montjaux\u2026<\/p>\n<\/div>\n\n\n\n<div class=\"wp-block-column is-vertically-aligned-top second is-layout-flow wp-block-column-is-layout-flow\" style=\"flex-basis:800px\">\n<iframe src=\"https:\/\/www.google.com\/maps\/embed?pb=!1m28!1m12!1m3!1d183465.55254285675!2d2.877250574990945!3d44.06995074109976!2m3!1f0!2f0!3f0!3m2!1i1024!2i768!4f13.1!4m13!3e0!4m5!1s0x12b2683ba8eaa029%3A0x9e3dc1bbe65d1b4b!2sCamping%20les%20Gen%C3%AAts%20%7C%20Camping%20Aveyron%2C%20Lac%20de%20Pareloup%2C%20Salles-Curan!3m2!1d44.1894481!2d2.7667329!4m5!1s0x12b3c4eafa51ca03%3A0xc5021b4cd2b2fa1a!2sLa%20Couvertoirade!3m2!1d43.912943!2d3.31661!5e0!3m2!1sfr!2sfr!4v1694530087712!5m2!1sfr!2sfr\" width=\"800\" height=\"600\" style=\"border:0;\" allowfullscreen=\"\" loading=\"lazy\" referrerpolicy=\"no-referrer-when-downgrade\"><\/iframe>\n<\/div>\n<\/div>\n\n\r\n    <\/div>\r\n<\/section>\n\n<section id=\"ls-section-block_f15fca107a8080675ed96ca4e77d2926\" class=\"ls-section  page-maillage has-p-t p-t-14 has-p-b p-b-14\" >\r\n        <div class=\"container container--wide\">\r\n        \n\n<div id=\"ls-heading ls-titre-div-block_386577840a46e845e44260c8e4a262bf\" class=\"ls-titre-div aligncenter h2-like has-m-b m-b-8\" >\n    D\u00e9couvrez la p\u00eache en Aveyron, le lac de Pareloup et Brousse le Ch\u00e2teau !<\/div>\n\n\n<div id=\"ls-maillage-block_13c27a1930f64200c97265a7cace8151\" class=\"ls-maillage slow animated fadeInUp delay-100ms cta-style-normal\" data-rows=\"3\">\r\n    <div class=\"wp-block-columns\"><div class=\"wp-block-column\">\n\n<a href=\"https:\/\/www.camping-les-genets.fr\/fr\/peche-en-aveyron\/\" target=\"\" rel=\"noopener\" class=\"ls-cta__link\">\n\n\t<div class=\"ls-cta__image\"><img decoding=\"async\" src=\"https:\/\/www.camping-les-genets.fr\/wp-content\/uploads\/2023\/09\/Activite-peche-au-camping-Les-Genets-768x535.webp\" alt=\"Activit\u00e9 peche au camping Les Genets\"><\/div>\n\t<div class=\"ls-cta__title\">\n\t\tP\u00eache en Aveyron\t<\/div>\n\n\t\t\n<\/a><\/div><div class=\"wp-block-column\">\n\n<a href=\"https:\/\/www.camping-les-genets.fr\/fr\/lac-de-pareloup\/\" target=\"\" rel=\"noopener\" class=\"ls-cta__link\">\n\n\t<div class=\"ls-cta__image\"><img decoding=\"async\" src=\"https:\/\/www.camping-les-genets.fr\/wp-content\/uploads\/2023\/09\/Lac-de-Pareloup-proche-du-camping-les-genets-768x1011.webp\" alt=\"Lac d'aubrac proche du camping les gen\u00eats\"><\/div>\n\t<div class=\"ls-cta__title\">\n\t\tLac de pareloup\t<\/div>\n\n\t\t\n<\/a><\/div><div class=\"wp-block-column\">\n\n<a href=\"https:\/\/www.camping-les-genets.fr\/fr\/brousse-le-chateau\/\" target=\"\" rel=\"noopener\" class=\"ls-cta__link\">\n\n\t<div class=\"ls-cta__image\"><img decoding=\"async\" src=\"https:\/\/www.camping-les-genets.fr\/wp-content\/uploads\/2023\/09\/Chateau-en-Aveyron-768x511.webp\" alt=\"Chateau en Aveyron\"><\/div>\n\t<div class=\"ls-cta__title\">\n\t\tBrousse le Ch\u00e2teau\t<\/div>\n\n\t\t\n<\/a><\/div><\/div><div class=\"wp-block-columns\"><div class=\"wp-block-column\">\n\n<a href=\"https:\/\/www.camping-les-genets.fr\/fr\/fromage-aveyron\/\" target=\"\" rel=\"noopener\" class=\"ls-cta__link\">\n\n\t<div class=\"ls-cta__image\"><img decoding=\"async\" src=\"https:\/\/www.camping-les-genets.fr\/wp-content\/uploads\/2025\/03\/musee-denys-puech-a-rodez.jpg\" alt=\"Mus\u00e9e Denys Puech \u00e0 Rodez\"><\/div>\n\t<div class=\"ls-cta__title\">\n\t\tLes fromages de l\u2019Aveyron\t<\/div>\n\n\t\t\n<\/a><\/div><\/div>\n\r\n    <\/div>\r\n<\/section>","protected":false},"excerpt":{"rendered":"","protected":false},"author":1,"featured_media":6186,"parent":0,"menu_order":0,"comment_status":"closed","ping_status":"closed","template":"","meta":{"_acf_changed":false,"inline_featured_image":false,"footnotes":""},"sujet":[],"class_list":["post-1806","page","type-page","status-publish","has-post-thumbnail","hentry"],"acf":[],"yoast_head":"<!-- This site is optimized with the Yoast SEO plugin v23.4 - https:\/\/yoast.com\/wordpress\/plugins\/seo\/ -->\n<title>La Couvertoirade : D\u00e9couvrir La Couvertoirade<\/title>\n<meta name=\"description\" content=\"Vous souhaitez visiter La Couvertoirade durant votre prochain s\u00e9jour ? Tout savoir sur cette cit\u00e9 fortifi\u00e9e au c\u0153ur de l&#039;Aveyron\" \/>\n<meta name=\"robots\" content=\"index, follow, max-snippet:-1, max-image-preview:large, max-video-preview:-1\" \/>\n<link rel=\"canonical\" href=\"https:\/\/www.camping-les-genets.fr\/fr\/la-couvertoirade\/\" \/>\n<meta property=\"og:locale\" content=\"fr_FR\" \/>\n<meta property=\"og:type\" content=\"article\" \/>\n<meta property=\"og:title\" content=\"La Couvertoirade : D\u00e9couvrir La Couvertoirade\" \/>\n<meta property=\"og:description\" content=\"Vous souhaitez visiter La Couvertoirade durant votre prochain s\u00e9jour ? Tout savoir sur cette cit\u00e9 fortifi\u00e9e au c\u0153ur de l&#039;Aveyron\" \/>\n<meta property=\"og:url\" content=\"https:\/\/www.camping-les-genets.fr\/fr\/la-couvertoirade\/\" \/>\n<meta property=\"og:site_name\" content=\"Camping les Genets\" \/>\n<meta property=\"article:modified_time\" content=\"2025-10-17T09:21:42+00:00\" \/>\n<meta property=\"og:image\" content=\"https:\/\/www.camping-les-genets.fr\/wp-content\/uploads\/2024\/02\/villagecouvertoirade.webp\" \/>\n\t<meta property=\"og:image:width\" content=\"1920\" \/>\n\t<meta property=\"og:image:height\" content=\"1132\" \/>\n\t<meta property=\"og:image:type\" content=\"image\/webp\" \/>\n<meta name=\"twitter:card\" content=\"summary_large_image\" \/>\n<meta name=\"twitter:label1\" content=\"Dur\u00e9e de lecture estim\u00e9e\" \/>\n\t<meta name=\"twitter:data1\" content=\"2 minutes\" \/>\n<script type=\"application\/ld+json\" class=\"yoast-schema-graph\">{\"@context\":\"https:\/\/schema.org\",\"@graph\":[{\"@type\":\"WebPage\",\"@id\":\"https:\/\/www.camping-les-genets.fr\/fr\/la-couvertoirade\/\",\"url\":\"https:\/\/www.camping-les-genets.fr\/fr\/la-couvertoirade\/\",\"name\":\"La Couvertoirade : D\u00e9couvrir La Couvertoirade\",\"isPartOf\":{\"@id\":\"https:\/\/www.camping-les-genets.fr\/fr\/#website\"},\"primaryImageOfPage\":{\"@id\":\"https:\/\/www.camping-les-genets.fr\/fr\/la-couvertoirade\/#primaryimage\"},\"image\":{\"@id\":\"https:\/\/www.camping-les-genets.fr\/fr\/la-couvertoirade\/#primaryimage\"},\"thumbnailUrl\":\"https:\/\/www.camping-les-genets.fr\/wp-content\/uploads\/2024\/02\/villagecouvertoirade.webp\",\"datePublished\":\"2023-09-11T14:11:09+00:00\",\"dateModified\":\"2025-10-17T09:21:42+00:00\",\"description\":\"Vous souhaitez visiter La Couvertoirade durant votre prochain s\u00e9jour ? Tout savoir sur cette cit\u00e9 fortifi\u00e9e au c\u0153ur de l'Aveyron\",\"breadcrumb\":{\"@id\":\"https:\/\/www.camping-les-genets.fr\/fr\/la-couvertoirade\/#breadcrumb\"},\"inLanguage\":\"fr-FR\",\"potentialAction\":[{\"@type\":\"ReadAction\",\"target\":[\"https:\/\/www.camping-les-genets.fr\/fr\/la-couvertoirade\/\"]}]},{\"@type\":\"ImageObject\",\"inLanguage\":\"fr-FR\",\"@id\":\"https:\/\/www.camping-les-genets.fr\/fr\/la-couvertoirade\/#primaryimage\",\"url\":\"https:\/\/www.camping-les-genets.fr\/wp-content\/uploads\/2024\/02\/villagecouvertoirade.webp\",\"contentUrl\":\"https:\/\/www.camping-les-genets.fr\/wp-content\/uploads\/2024\/02\/villagecouvertoirade.webp\",\"width\":1920,\"height\":1132},{\"@type\":\"BreadcrumbList\",\"@id\":\"https:\/\/www.camping-les-genets.fr\/fr\/la-couvertoirade\/#breadcrumb\",\"itemListElement\":[{\"@type\":\"ListItem\",\"position\":1,\"name\":\"Camping Aveyron\",\"item\":\"https:\/\/www.camping-les-genets.fr\/fr\/\"},{\"@type\":\"ListItem\",\"position\":2,\"name\":\"Visiter La Couvertoirade\"}]},{\"@type\":\"WebSite\",\"@id\":\"https:\/\/www.camping-les-genets.fr\/fr\/#website\",\"url\":\"https:\/\/www.camping-les-genets.fr\/fr\/\",\"name\":\"Camping les Genets\",\"description\":\"\",\"publisher\":{\"@id\":\"https:\/\/www.camping-les-genets.fr\/fr\/#organization\"},\"potentialAction\":[{\"@type\":\"SearchAction\",\"target\":{\"@type\":\"EntryPoint\",\"urlTemplate\":\"https:\/\/www.camping-les-genets.fr\/fr\/?s={search_term_string}\"},\"query-input\":{\"@type\":\"PropertyValueSpecification\",\"valueRequired\":true,\"valueName\":\"search_term_string\"}}],\"inLanguage\":\"fr-FR\"},{\"@type\":\"Organization\",\"@id\":\"https:\/\/www.camping-les-genets.fr\/fr\/#organization\",\"name\":\"Camping les Genets\",\"url\":\"https:\/\/www.camping-les-genets.fr\/fr\/\",\"logo\":{\"@type\":\"ImageObject\",\"inLanguage\":\"fr-FR\",\"@id\":\"https:\/\/www.camping-les-genets.fr\/fr\/#\/schema\/logo\/image\/\",\"url\":\"https:\/\/www.camping-les-genets.fr\/wp-content\/uploads\/2023\/07\/cropped-logo-camping-genets-footer.png\",\"contentUrl\":\"https:\/\/www.camping-les-genets.fr\/wp-content\/uploads\/2023\/07\/cropped-logo-camping-genets-footer.png\",\"width\":500,\"height\":295,\"caption\":\"Camping les Genets\"},\"image\":{\"@id\":\"https:\/\/www.camping-les-genets.fr\/fr\/#\/schema\/logo\/image\/\"}}]}<\/script>\n<!-- \/ Yoast SEO plugin. -->","yoast_head_json":{"title":"La Couvertoirade : D\u00e9couvrir La Couvertoirade","description":"Vous souhaitez visiter La Couvertoirade durant votre prochain s\u00e9jour ? Tout savoir sur cette cit\u00e9 fortifi\u00e9e au c\u0153ur de l'Aveyron","robots":{"index":"index","follow":"follow","max-snippet":"max-snippet:-1","max-image-preview":"max-image-preview:large","max-video-preview":"max-video-preview:-1"},"canonical":"https:\/\/www.camping-les-genets.fr\/fr\/la-couvertoirade\/","og_locale":"fr_FR","og_type":"article","og_title":"La Couvertoirade : D\u00e9couvrir La Couvertoirade","og_description":"Vous souhaitez visiter La Couvertoirade durant votre prochain s\u00e9jour ? Tout savoir sur cette cit\u00e9 fortifi\u00e9e au c\u0153ur de l'Aveyron","og_url":"https:\/\/www.camping-les-genets.fr\/fr\/la-couvertoirade\/","og_site_name":"Camping les Genets","article_modified_time":"2025-10-17T09:21:42+00:00","og_image":[{"width":1920,"height":1132,"url":"https:\/\/www.camping-les-genets.fr\/wp-content\/uploads\/2024\/02\/villagecouvertoirade.webp","type":"image\/webp"}],"twitter_card":"summary_large_image","twitter_misc":{"Dur\u00e9e de lecture estim\u00e9e":"2 minutes"},"schema":{"@context":"https:\/\/schema.org","@graph":[{"@type":"WebPage","@id":"https:\/\/www.camping-les-genets.fr\/fr\/la-couvertoirade\/","url":"https:\/\/www.camping-les-genets.fr\/fr\/la-couvertoirade\/","name":"La Couvertoirade : D\u00e9couvrir La Couvertoirade","isPartOf":{"@id":"https:\/\/www.camping-les-genets.fr\/fr\/#website"},"primaryImageOfPage":{"@id":"https:\/\/www.camping-les-genets.fr\/fr\/la-couvertoirade\/#primaryimage"},"image":{"@id":"https:\/\/www.camping-les-genets.fr\/fr\/la-couvertoirade\/#primaryimage"},"thumbnailUrl":"https:\/\/www.camping-les-genets.fr\/wp-content\/uploads\/2024\/02\/villagecouvertoirade.webp","datePublished":"2023-09-11T14:11:09+00:00","dateModified":"2025-10-17T09:21:42+00:00","description":"Vous souhaitez visiter La Couvertoirade durant votre prochain s\u00e9jour ? Tout savoir sur cette cit\u00e9 fortifi\u00e9e au c\u0153ur de l'Aveyron","breadcrumb":{"@id":"https:\/\/www.camping-les-genets.fr\/fr\/la-couvertoirade\/#breadcrumb"},"inLanguage":"fr-FR","potentialAction":[{"@type":"ReadAction","target":["https:\/\/www.camping-les-genets.fr\/fr\/la-couvertoirade\/"]}]},{"@type":"ImageObject","inLanguage":"fr-FR","@id":"https:\/\/www.camping-les-genets.fr\/fr\/la-couvertoirade\/#primaryimage","url":"https:\/\/www.camping-les-genets.fr\/wp-content\/uploads\/2024\/02\/villagecouvertoirade.webp","contentUrl":"https:\/\/www.camping-les-genets.fr\/wp-content\/uploads\/2024\/02\/villagecouvertoirade.webp","width":1920,"height":1132},{"@type":"BreadcrumbList","@id":"https:\/\/www.camping-les-genets.fr\/fr\/la-couvertoirade\/#breadcrumb","itemListElement":[{"@type":"ListItem","position":1,"name":"Camping Aveyron","item":"https:\/\/www.camping-les-genets.fr\/fr\/"},{"@type":"ListItem","position":2,"name":"Visiter La Couvertoirade"}]},{"@type":"WebSite","@id":"https:\/\/www.camping-les-genets.fr\/fr\/#website","url":"https:\/\/www.camping-les-genets.fr\/fr\/","name":"Camping les Genets","description":"","publisher":{"@id":"https:\/\/www.camping-les-genets.fr\/fr\/#organization"},"potentialAction":[{"@type":"SearchAction","target":{"@type":"EntryPoint","urlTemplate":"https:\/\/www.camping-les-genets.fr\/fr\/?s={search_term_string}"},"query-input":{"@type":"PropertyValueSpecification","valueRequired":true,"valueName":"search_term_string"}}],"inLanguage":"fr-FR"},{"@type":"Organization","@id":"https:\/\/www.camping-les-genets.fr\/fr\/#organization","name":"Camping les Genets","url":"https:\/\/www.camping-les-genets.fr\/fr\/","logo":{"@type":"ImageObject","inLanguage":"fr-FR","@id":"https:\/\/www.camping-les-genets.fr\/fr\/#\/schema\/logo\/image\/","url":"https:\/\/www.camping-les-genets.fr\/wp-content\/uploads\/2023\/07\/cropped-logo-camping-genets-footer.png","contentUrl":"https:\/\/www.camping-les-genets.fr\/wp-content\/uploads\/2023\/07\/cropped-logo-camping-genets-footer.png","width":500,"height":295,"caption":"Camping les Genets"},"image":{"@id":"https:\/\/www.camping-les-genets.fr\/fr\/#\/schema\/logo\/image\/"}}]}},"_links":{"self":[{"href":"https:\/\/www.camping-les-genets.fr\/fr\/wp-json\/wp\/v2\/pages\/1806","targetHints":{"allow":["GET"]}}],"collection":[{"href":"https:\/\/www.camping-les-genets.fr\/fr\/wp-json\/wp\/v2\/pages"}],"about":[{"href":"https:\/\/www.camping-les-genets.fr\/fr\/wp-json\/wp\/v2\/types\/page"}],"author":[{"embeddable":true,"href":"https:\/\/www.camping-les-genets.fr\/fr\/wp-json\/wp\/v2\/users\/1"}],"replies":[{"embeddable":true,"href":"https:\/\/www.camping-les-genets.fr\/fr\/wp-json\/wp\/v2\/comments?post=1806"}],"version-history":[{"count":22,"href":"https:\/\/www.camping-les-genets.fr\/fr\/wp-json\/wp\/v2\/pages\/1806\/revisions"}],"predecessor-version":[{"id":8296,"href":"https:\/\/www.camping-les-genets.fr\/fr\/wp-json\/wp\/v2\/pages\/1806\/revisions\/8296"}],"wp:featuredmedia":[{"embeddable":true,"href":"https:\/\/www.camping-les-genets.fr\/fr\/wp-json\/wp\/v2\/media\/6186"}],"wp:attachment":[{"href":"https:\/\/www.camping-les-genets.fr\/fr\/wp-json\/wp\/v2\/media?parent=1806"}],"wp:term":[{"taxonomy":"sujet","embeddable":true,"href":"https:\/\/www.camping-les-genets.fr\/fr\/wp-json\/wp\/v2\/sujet?post=1806"}],"curies":[{"name":"wp","href":"https:\/\/api.w.org\/{rel}","templated":true}]}}