{"id":1774,"date":"2023-09-11T15:31:10","date_gmt":"2023-09-11T13:31:10","guid":{"rendered":"https:\/\/www.camping-les-genets.fr\/?page_id=1774"},"modified":"2025-03-24T11:46:21","modified_gmt":"2025-03-24T10:46:21","slug":"musee-soulages","status":"publish","type":"page","link":"https:\/\/www.camping-les-genets.fr\/fr\/musee-soulages\/","title":{"rendered":"Mus\u00e9e Soulages"},"content":{"rendered":"<section id=\"ls-section-block_91bed4416aef5902d0e932e664f39550\" class=\"ls-section  page-chapeau has-p-b p-b-0\" >\r\n        <div class=\"container \">\r\n        \n\n<h1 class=\"ls__heading wp-block-heading has-text-align-center animated fadeInLeft delay-100ms slow\"><strong>Mus\u00e9e Soulages<\/strong><\/h1>\n\n\r\n    <\/div>\r\n<\/section>\n\n<section id=\"ls-section-block_dfc6715ba95be9e6029a6372fbb29ef0\" class=\"ls-section  page-one has-p-b p-b-14\" >\r\n        <div class=\"container container--full\">\r\n        \n\n<div class=\"wp-block-columns is-layout-flex wp-container-core-columns-is-layout-9d6595d7 wp-block-columns-is-layout-flex\">\n<div class=\"wp-block-column first is-layout-flow wp-block-column-is-layout-flow\" style=\"flex-basis:66.66%\">\n<figure class=\"wp-block-image size-full\"><img decoding=\"async\" width=\"2560\" height=\"1707\" src=\"https:\/\/www.camping-les-genets.fr\/wp-content\/uploads\/2023\/09\/Musee-Soulages-dart-contemporain-situe-a-Rodez-dans-lAveyron-scaled.webp\" alt=\"Mus\u00e9e Soulages d'art contemporain situ\u00e9 \u00e0 Rodez dans l'Aveyron\" class=\"wp-image-1790\" srcset=\"https:\/\/www.camping-les-genets.fr\/wp-content\/uploads\/2023\/09\/Musee-Soulages-dart-contemporain-situe-a-Rodez-dans-lAveyron-scaled.webp 2560w, https:\/\/www.camping-les-genets.fr\/wp-content\/uploads\/2023\/09\/Musee-Soulages-dart-contemporain-situe-a-Rodez-dans-lAveyron-300x200.webp 300w, https:\/\/www.camping-les-genets.fr\/wp-content\/uploads\/2023\/09\/Musee-Soulages-dart-contemporain-situe-a-Rodez-dans-lAveyron-1024x683.webp 1024w, https:\/\/www.camping-les-genets.fr\/wp-content\/uploads\/2023\/09\/Musee-Soulages-dart-contemporain-situe-a-Rodez-dans-lAveyron-768x512.webp 768w, https:\/\/www.camping-les-genets.fr\/wp-content\/uploads\/2023\/09\/Musee-Soulages-dart-contemporain-situe-a-Rodez-dans-lAveyron-1536x1024.webp 1536w, https:\/\/www.camping-les-genets.fr\/wp-content\/uploads\/2023\/09\/Musee-Soulages-dart-contemporain-situe-a-Rodez-dans-lAveyron-2048x1365.webp 2048w\" sizes=\"(max-width: 2560px) 100vw, 2560px\" \/><\/figure>\n<\/div>\n\n\n\n<div class=\"wp-block-column is-vertically-aligned-center second has-color-white-background-color has-background is-layout-flow wp-block-column-is-layout-flow\" style=\"flex-basis:33.33%\">\n<h2 class=\"ls__heading wp-block-heading\">Visite du <strong>mus\u00e9e Soulages<\/strong> \u00e0 Rodez<\/h2>\n\n\n\n<p class=\"ls-paragraph\">Au c\u0153ur de l\u2019Aveyron \u00e0 Rodez, le <strong>mus\u00e9e<\/strong> <strong>d\u2019art<\/strong> <strong>contemporain<\/strong> consacr\u00e9 \u00e0 <strong>l\u2019\u0153uvre de<\/strong> <strong>Soulages<\/strong> est un lieu d\u2019exception qui ne s\u00e9duira pas que les amateurs d\u2019art.<\/p>\n\n\n\n<p class=\"ls-paragraph\">Constitu\u00e9 d\u2019une <strong>exposition<\/strong> <strong>permanente<\/strong> des \u0153uvres du peintre et graveur fran\u00e7ais, d\u2019un <strong>espace<\/strong> <strong>d\u2019exposition<\/strong> <strong>temporaire<\/strong> recevant les \u0153uvres de grands artistes internationaux comme Picasso ou Alexander Calder, et d\u2019un espace gourmet, le mus\u00e9e Soulages est un lieu unique dont la ville de Rodez est fi\u00e8re.<\/p>\n\n\n\n<p class=\"ls-paragraph\">Aujourd\u2019hui incontournable en Aveyron, le <strong>mus\u00e9e Soulages<\/strong> est accessible en 45 minutes en voiture depuis notre <a href=\"\/\">camping 5 \u00e9toiles en Aveyron<\/a>.<br>Avec son architecture unique \u00e0 dominante d\u2019acier nich\u00e9e dans un <strong>parc de 3 hectares<\/strong> et ses <strong>6000 m2 d\u2019exposition<\/strong>, le mus\u00e9e Soulages est un lieu d\u2019exception en Aveyron. <strong>L\u2019exposition permanente<\/strong> abrite une collection de <strong>plus de 500 \u0153uvres et documents<\/strong> : des peintures sur toiles, des lithographies et s\u00e9rigraphies, des peintures sur papier, des gravures sur bronze ou sur cuivre, ses exp\u00e9riences autour de l\u2019Outrenoir, ainsi que les travaux pr\u00e9paratoires que Pierre Soulages a men\u00e9s au cours de la conception des vitraux de l\u2019abbatiale de Conques.<\/p>\n<\/div>\n<\/div>\n\n\r\n    <\/div>\r\n<\/section>\n\n<section id=\"ls-section-block_c81bc3cfd3c002c912c414c7dde4bd72\" class=\"ls-section  page-two background-blu-right has-p-t p-t-14\" >\r\n        <div class=\"container container--wide\">\r\n        \n\n<div class=\"wp-block-columns is-layout-flex wp-container-core-columns-is-layout-9d6595d7 wp-block-columns-is-layout-flex\">\n<div class=\"wp-block-column is-vertically-aligned-top first is-layout-flow wp-block-column-is-layout-flow\" style=\"flex-basis:33.33%\">\n<h2 class=\"ls__heading wp-block-heading\"><strong>Horaires et tarifs<\/strong> du mus\u00e9e Soulages<\/h2>\n\n\n\n<p class=\"ls-paragraph\">Le <a href=\"https:\/\/musee-soulages-rodez.fr\/\" target=\"_blank\" rel=\"noreferrer noopener\">mus\u00e9e Soulages<\/a> accueille les visiteurs <strong>tous les jours de l\u2019ann\u00e9e<\/strong> except\u00e9 le lundi et certains jours f\u00e9ri\u00e9s (1er janvier, 1er mai, 1er novembre et 25 d\u00e9cembre). Il est ouvert de 10h00 \u00e0 13h00 et de 14h00 \u00e0 18h00 du mardi au vendredi, de 10h00 \u00e0 18h00 le samedi et le dimanche. En juillet-ao\u00fbt, il reste ouvert du mardi au dimanche en continu de 10h00 \u00e0 18h00. Le prix du billet est de 11 \u20ac pour les adultes.<\/p>\n\n\n\n<p class=\"ls-paragraph\"><strong>L\u2019entr\u00e9e est gratuite pour les moins de 18 ans<\/strong>, les \u00e9tudiants, les demandeurs d\u2019emploi et certains autres publics. <strong>Les groupes de plus de 10 personnes b\u00e9n\u00e9ficient d\u2019une remise<\/strong> (7 \u20ac par personne). Il existe un <strong>abonnement annuel<\/strong> (25 \u20ac) qui permet l\u2019acc\u00e8s libre et illimit\u00e9 pendant un an \u00e0 trois mus\u00e9es de Rodez : Soulages, Fenaille et Denys-Puech. Ne manquez pas de le visiter lors de votre s\u00e9jour en <a href=\"\/fr\/camping-rodez\/\">camping pr\u00e8s de Rodez<\/a>.<\/p>\n<\/div>\n\n\n\n<div class=\"wp-block-column second is-layout-flow wp-block-column-is-layout-flow\" style=\"flex-basis:66.66%\">\n<figure class=\"wp-block-image size-full image\"><img decoding=\"async\" width=\"2560\" height=\"1704\" src=\"https:\/\/www.camping-les-genets.fr\/wp-content\/uploads\/2023\/09\/muse-soulages-a-rodez-scaled.webp\" alt=\"muse soulages \u00e0 rodez\" class=\"wp-image-1795\" srcset=\"https:\/\/www.camping-les-genets.fr\/wp-content\/uploads\/2023\/09\/muse-soulages-a-rodez-scaled.webp 2560w, https:\/\/www.camping-les-genets.fr\/wp-content\/uploads\/2023\/09\/muse-soulages-a-rodez-300x200.webp 300w, https:\/\/www.camping-les-genets.fr\/wp-content\/uploads\/2023\/09\/muse-soulages-a-rodez-1024x682.webp 1024w, https:\/\/www.camping-les-genets.fr\/wp-content\/uploads\/2023\/09\/muse-soulages-a-rodez-768x511.webp 768w, https:\/\/www.camping-les-genets.fr\/wp-content\/uploads\/2023\/09\/muse-soulages-a-rodez-1536x1022.webp 1536w, https:\/\/www.camping-les-genets.fr\/wp-content\/uploads\/2023\/09\/muse-soulages-a-rodez-2048x1363.webp 2048w\" sizes=\"(max-width: 2560px) 100vw, 2560px\" \/><\/figure>\n<\/div>\n<\/div>\n\n\r\n    <\/div>\r\n<\/section>\n\n<section id=\"ls-section-block_d097c8634953c0f577a4d9cbaa329419\" class=\"ls-section  page-maillage has-p-t p-t-14 has-p-b p-b-14\" >\r\n        <div class=\"container container--wide\">\r\n        \n\n<div id=\"ls-heading ls-titre-div-block_e1a82193784ae40575c0e37c950c7cca\" class=\"ls-titre-div aligncenter h2-like has-m-b m-b-8\" >\n    D\u00e9couvrez les villages de Peyre, Millau et Conques ! <\/div>\n\n\n<div id=\"ls-maillage-block_9274d0d4ff9d2ca08c1fccc722c7fe98\" class=\"ls-maillage slow animated fadeInUp delay-100ms cta-style-normal\" data-rows=\"3\">\r\n    <div class=\"wp-block-columns\"><div class=\"wp-block-column\">\n\n<a href=\"https:\/\/www.camping-les-genets.fr\/fr\/tourisme-conques\/\" target=\"\" rel=\"noopener\" class=\"ls-cta__link\">\n\n\t<div class=\"ls-cta__image\"><img decoding=\"async\" src=\"https:\/\/www.camping-les-genets.fr\/wp-content\/uploads\/2023\/09\/Beau-paysage-dans-lAveyron-768x512.webp\" alt=\"Beau paysage dans l'Aveyron\"><\/div>\n\t<div class=\"ls-cta__title\">\n\t\tConques\t<\/div>\n\n\t\t\n<\/a><\/div><div class=\"wp-block-column\">\n\n<a href=\"https:\/\/www.camping-les-genets.fr\/fr\/musee-fenaille\/\" target=\"\" rel=\"noopener\" class=\"ls-cta__link\">\n\n\t<div class=\"ls-cta__image\"><img decoding=\"async\" src=\"https:\/\/www.camping-les-genets.fr\/wp-content\/uploads\/2025\/01\/musee-fenaille-768x510.jpg\" alt=\"Le mus\u00e9e Fenaille\"><\/div>\n\t<div class=\"ls-cta__title\">\n\t\tMus\u00e9e fenaille\t<\/div>\n\n\t\t\n<\/a><\/div><div class=\"wp-block-column\">\n\n<a href=\"https:\/\/www.camping-les-genets.fr\/fr\/musee-denys-puech\/\" target=\"\" rel=\"noopener\" class=\"ls-cta__link\">\n\n\t<div class=\"ls-cta__image\"><img decoding=\"async\" src=\"https:\/\/www.camping-les-genets.fr\/wp-content\/uploads\/2025\/03\/musee-denys-puech-a-rodez.jpg\" alt=\"Mus\u00e9e Denys Puech \u00e0 Rodez\"><\/div>\n\t<div class=\"ls-cta__title\">\n\t\tLe mus\u00e9e Denys Puech\t<\/div>\n\n\t\t\n<\/a><\/div><\/div><\/div>\n\r\n    <\/div>\r\n<\/section>","protected":false},"excerpt":{"rendered":"","protected":false},"author":1,"featured_media":1785,"parent":0,"menu_order":0,"comment_status":"closed","ping_status":"closed","template":"","meta":{"_acf_changed":false,"inline_featured_image":false,"footnotes":""},"sujet":[],"class_list":["post-1774","page","type-page","status-publish","has-post-thumbnail","hentry"],"acf":[],"yoast_head":"<!-- This site is optimized with the Yoast SEO plugin v23.4 - https:\/\/yoast.com\/wordpress\/plugins\/seo\/ -->\n<title>Mus\u00e9e Soulages Rodez : Visite, tarifs et horaires du mus\u00e9e Soulages<\/title>\n<meta name=\"description\" content=\"Envie de visiter le mus\u00e9e Pierre Soulages \u00e0 Rodez durant vos vacances dans l&#039;Aveyron ? Le camping Les Gen\u00eats vous donne tous les d\u00e9tails !\" \/>\n<meta name=\"robots\" content=\"index, follow, max-snippet:-1, max-image-preview:large, max-video-preview:-1\" \/>\n<link rel=\"canonical\" href=\"https:\/\/www.camping-les-genets.fr\/fr\/musee-soulages\/\" \/>\n<meta property=\"og:locale\" content=\"fr_FR\" \/>\n<meta property=\"og:type\" content=\"article\" \/>\n<meta property=\"og:title\" content=\"Mus\u00e9e Soulages Rodez : Visite, tarifs et horaires du mus\u00e9e Soulages\" \/>\n<meta property=\"og:description\" content=\"Envie de visiter le mus\u00e9e Pierre Soulages \u00e0 Rodez durant vos vacances dans l&#039;Aveyron ? Le camping Les Gen\u00eats vous donne tous les d\u00e9tails !\" \/>\n<meta property=\"og:url\" content=\"https:\/\/www.camping-les-genets.fr\/fr\/musee-soulages\/\" \/>\n<meta property=\"og:site_name\" content=\"Camping les Genets\" \/>\n<meta property=\"article:modified_time\" content=\"2025-03-24T10:46:21+00:00\" \/>\n<meta property=\"og:image\" content=\"https:\/\/www.camping-les-genets.fr\/wp-content\/uploads\/2023\/09\/Musee-Soulages-dart-contemporain-situe-a-Rodez-scaled-e1694440498669.webp\" \/>\n\t<meta property=\"og:image:width\" content=\"2560\" \/>\n\t<meta property=\"og:image:height\" content=\"1553\" \/>\n\t<meta property=\"og:image:type\" content=\"image\/webp\" \/>\n<meta name=\"twitter:card\" content=\"summary_large_image\" \/>\n<meta name=\"twitter:label1\" content=\"Dur\u00e9e de lecture estim\u00e9e\" \/>\n\t<meta name=\"twitter:data1\" content=\"3 minutes\" \/>\n<script type=\"application\/ld+json\" class=\"yoast-schema-graph\">{\"@context\":\"https:\/\/schema.org\",\"@graph\":[{\"@type\":\"WebPage\",\"@id\":\"https:\/\/www.camping-les-genets.fr\/fr\/musee-soulages\/\",\"url\":\"https:\/\/www.camping-les-genets.fr\/fr\/musee-soulages\/\",\"name\":\"Mus\u00e9e Soulages Rodez : Visite, tarifs et horaires du mus\u00e9e Soulages\",\"isPartOf\":{\"@id\":\"https:\/\/www.camping-les-genets.fr\/fr\/#website\"},\"primaryImageOfPage\":{\"@id\":\"https:\/\/www.camping-les-genets.fr\/fr\/musee-soulages\/#primaryimage\"},\"image\":{\"@id\":\"https:\/\/www.camping-les-genets.fr\/fr\/musee-soulages\/#primaryimage\"},\"thumbnailUrl\":\"https:\/\/www.camping-les-genets.fr\/wp-content\/uploads\/2023\/09\/Musee-Soulages-dart-contemporain-situe-a-Rodez-scaled-e1694440498669.webp\",\"datePublished\":\"2023-09-11T13:31:10+00:00\",\"dateModified\":\"2025-03-24T10:46:21+00:00\",\"description\":\"Envie de visiter le mus\u00e9e Pierre Soulages \u00e0 Rodez durant vos vacances dans l'Aveyron ? Le camping Les Gen\u00eats vous donne tous les d\u00e9tails !\",\"breadcrumb\":{\"@id\":\"https:\/\/www.camping-les-genets.fr\/fr\/musee-soulages\/#breadcrumb\"},\"inLanguage\":\"fr-FR\",\"potentialAction\":[{\"@type\":\"ReadAction\",\"target\":[\"https:\/\/www.camping-les-genets.fr\/fr\/musee-soulages\/\"]}]},{\"@type\":\"ImageObject\",\"inLanguage\":\"fr-FR\",\"@id\":\"https:\/\/www.camping-les-genets.fr\/fr\/musee-soulages\/#primaryimage\",\"url\":\"https:\/\/www.camping-les-genets.fr\/wp-content\/uploads\/2023\/09\/Musee-Soulages-dart-contemporain-situe-a-Rodez-scaled-e1694440498669.webp\",\"contentUrl\":\"https:\/\/www.camping-les-genets.fr\/wp-content\/uploads\/2023\/09\/Musee-Soulages-dart-contemporain-situe-a-Rodez-scaled-e1694440498669.webp\",\"width\":2560,\"height\":1553,\"caption\":\"Mus\u00e9e Soulages d'art contemporain situ\u00e9 \u00e0 Rodez\"},{\"@type\":\"BreadcrumbList\",\"@id\":\"https:\/\/www.camping-les-genets.fr\/fr\/musee-soulages\/#breadcrumb\",\"itemListElement\":[{\"@type\":\"ListItem\",\"position\":1,\"name\":\"Camping Aveyron\",\"item\":\"https:\/\/www.camping-les-genets.fr\/fr\/\"},{\"@type\":\"ListItem\",\"position\":2,\"name\":\"Le mus\u00e9e Soulages \u00e0 Rodez\"}]},{\"@type\":\"WebSite\",\"@id\":\"https:\/\/www.camping-les-genets.fr\/fr\/#website\",\"url\":\"https:\/\/www.camping-les-genets.fr\/fr\/\",\"name\":\"Camping les Genets\",\"description\":\"\",\"publisher\":{\"@id\":\"https:\/\/www.camping-les-genets.fr\/fr\/#organization\"},\"potentialAction\":[{\"@type\":\"SearchAction\",\"target\":{\"@type\":\"EntryPoint\",\"urlTemplate\":\"https:\/\/www.camping-les-genets.fr\/fr\/?s={search_term_string}\"},\"query-input\":{\"@type\":\"PropertyValueSpecification\",\"valueRequired\":true,\"valueName\":\"search_term_string\"}}],\"inLanguage\":\"fr-FR\"},{\"@type\":\"Organization\",\"@id\":\"https:\/\/www.camping-les-genets.fr\/fr\/#organization\",\"name\":\"Camping les Genets\",\"url\":\"https:\/\/www.camping-les-genets.fr\/fr\/\",\"logo\":{\"@type\":\"ImageObject\",\"inLanguage\":\"fr-FR\",\"@id\":\"https:\/\/www.camping-les-genets.fr\/fr\/#\/schema\/logo\/image\/\",\"url\":\"https:\/\/www.camping-les-genets.fr\/wp-content\/uploads\/2023\/07\/cropped-logo-camping-genets-footer.png\",\"contentUrl\":\"https:\/\/www.camping-les-genets.fr\/wp-content\/uploads\/2023\/07\/cropped-logo-camping-genets-footer.png\",\"width\":500,\"height\":295,\"caption\":\"Camping les Genets\"},\"image\":{\"@id\":\"https:\/\/www.camping-les-genets.fr\/fr\/#\/schema\/logo\/image\/\"}}]}<\/script>\n<!-- \/ Yoast SEO plugin. -->","yoast_head_json":{"title":"Mus\u00e9e Soulages Rodez : Visite, tarifs et horaires du mus\u00e9e Soulages","description":"Envie de visiter le mus\u00e9e Pierre Soulages \u00e0 Rodez durant vos vacances dans l'Aveyron ? Le camping Les Gen\u00eats vous donne tous les d\u00e9tails !","robots":{"index":"index","follow":"follow","max-snippet":"max-snippet:-1","max-image-preview":"max-image-preview:large","max-video-preview":"max-video-preview:-1"},"canonical":"https:\/\/www.camping-les-genets.fr\/fr\/musee-soulages\/","og_locale":"fr_FR","og_type":"article","og_title":"Mus\u00e9e Soulages Rodez : Visite, tarifs et horaires du mus\u00e9e Soulages","og_description":"Envie de visiter le mus\u00e9e Pierre Soulages \u00e0 Rodez durant vos vacances dans l'Aveyron ? Le camping Les Gen\u00eats vous donne tous les d\u00e9tails !","og_url":"https:\/\/www.camping-les-genets.fr\/fr\/musee-soulages\/","og_site_name":"Camping les Genets","article_modified_time":"2025-03-24T10:46:21+00:00","og_image":[{"width":2560,"height":1553,"url":"https:\/\/www.camping-les-genets.fr\/wp-content\/uploads\/2023\/09\/Musee-Soulages-dart-contemporain-situe-a-Rodez-scaled-e1694440498669.webp","type":"image\/webp"}],"twitter_card":"summary_large_image","twitter_misc":{"Dur\u00e9e de lecture estim\u00e9e":"3 minutes"},"schema":{"@context":"https:\/\/schema.org","@graph":[{"@type":"WebPage","@id":"https:\/\/www.camping-les-genets.fr\/fr\/musee-soulages\/","url":"https:\/\/www.camping-les-genets.fr\/fr\/musee-soulages\/","name":"Mus\u00e9e Soulages Rodez : Visite, tarifs et horaires du mus\u00e9e Soulages","isPartOf":{"@id":"https:\/\/www.camping-les-genets.fr\/fr\/#website"},"primaryImageOfPage":{"@id":"https:\/\/www.camping-les-genets.fr\/fr\/musee-soulages\/#primaryimage"},"image":{"@id":"https:\/\/www.camping-les-genets.fr\/fr\/musee-soulages\/#primaryimage"},"thumbnailUrl":"https:\/\/www.camping-les-genets.fr\/wp-content\/uploads\/2023\/09\/Musee-Soulages-dart-contemporain-situe-a-Rodez-scaled-e1694440498669.webp","datePublished":"2023-09-11T13:31:10+00:00","dateModified":"2025-03-24T10:46:21+00:00","description":"Envie de visiter le mus\u00e9e Pierre Soulages \u00e0 Rodez durant vos vacances dans l'Aveyron ? Le camping Les Gen\u00eats vous donne tous les d\u00e9tails !","breadcrumb":{"@id":"https:\/\/www.camping-les-genets.fr\/fr\/musee-soulages\/#breadcrumb"},"inLanguage":"fr-FR","potentialAction":[{"@type":"ReadAction","target":["https:\/\/www.camping-les-genets.fr\/fr\/musee-soulages\/"]}]},{"@type":"ImageObject","inLanguage":"fr-FR","@id":"https:\/\/www.camping-les-genets.fr\/fr\/musee-soulages\/#primaryimage","url":"https:\/\/www.camping-les-genets.fr\/wp-content\/uploads\/2023\/09\/Musee-Soulages-dart-contemporain-situe-a-Rodez-scaled-e1694440498669.webp","contentUrl":"https:\/\/www.camping-les-genets.fr\/wp-content\/uploads\/2023\/09\/Musee-Soulages-dart-contemporain-situe-a-Rodez-scaled-e1694440498669.webp","width":2560,"height":1553,"caption":"Mus\u00e9e Soulages d'art contemporain situ\u00e9 \u00e0 Rodez"},{"@type":"BreadcrumbList","@id":"https:\/\/www.camping-les-genets.fr\/fr\/musee-soulages\/#breadcrumb","itemListElement":[{"@type":"ListItem","position":1,"name":"Camping Aveyron","item":"https:\/\/www.camping-les-genets.fr\/fr\/"},{"@type":"ListItem","position":2,"name":"Le mus\u00e9e Soulages \u00e0 Rodez"}]},{"@type":"WebSite","@id":"https:\/\/www.camping-les-genets.fr\/fr\/#website","url":"https:\/\/www.camping-les-genets.fr\/fr\/","name":"Camping les Genets","description":"","publisher":{"@id":"https:\/\/www.camping-les-genets.fr\/fr\/#organization"},"potentialAction":[{"@type":"SearchAction","target":{"@type":"EntryPoint","urlTemplate":"https:\/\/www.camping-les-genets.fr\/fr\/?s={search_term_string}"},"query-input":{"@type":"PropertyValueSpecification","valueRequired":true,"valueName":"search_term_string"}}],"inLanguage":"fr-FR"},{"@type":"Organization","@id":"https:\/\/www.camping-les-genets.fr\/fr\/#organization","name":"Camping les Genets","url":"https:\/\/www.camping-les-genets.fr\/fr\/","logo":{"@type":"ImageObject","inLanguage":"fr-FR","@id":"https:\/\/www.camping-les-genets.fr\/fr\/#\/schema\/logo\/image\/","url":"https:\/\/www.camping-les-genets.fr\/wp-content\/uploads\/2023\/07\/cropped-logo-camping-genets-footer.png","contentUrl":"https:\/\/www.camping-les-genets.fr\/wp-content\/uploads\/2023\/07\/cropped-logo-camping-genets-footer.png","width":500,"height":295,"caption":"Camping les Genets"},"image":{"@id":"https:\/\/www.camping-les-genets.fr\/fr\/#\/schema\/logo\/image\/"}}]}},"_links":{"self":[{"href":"https:\/\/www.camping-les-genets.fr\/fr\/wp-json\/wp\/v2\/pages\/1774","targetHints":{"allow":["GET"]}}],"collection":[{"href":"https:\/\/www.camping-les-genets.fr\/fr\/wp-json\/wp\/v2\/pages"}],"about":[{"href":"https:\/\/www.camping-les-genets.fr\/fr\/wp-json\/wp\/v2\/types\/page"}],"author":[{"embeddable":true,"href":"https:\/\/www.camping-les-genets.fr\/fr\/wp-json\/wp\/v2\/users\/1"}],"replies":[{"embeddable":true,"href":"https:\/\/www.camping-les-genets.fr\/fr\/wp-json\/wp\/v2\/comments?post=1774"}],"version-history":[{"count":35,"href":"https:\/\/www.camping-les-genets.fr\/fr\/wp-json\/wp\/v2\/pages\/1774\/revisions"}],"predecessor-version":[{"id":7347,"href":"https:\/\/www.camping-les-genets.fr\/fr\/wp-json\/wp\/v2\/pages\/1774\/revisions\/7347"}],"wp:featuredmedia":[{"embeddable":true,"href":"https:\/\/www.camping-les-genets.fr\/fr\/wp-json\/wp\/v2\/media\/1785"}],"wp:attachment":[{"href":"https:\/\/www.camping-les-genets.fr\/fr\/wp-json\/wp\/v2\/media?parent=1774"}],"wp:term":[{"taxonomy":"sujet","embeddable":true,"href":"https:\/\/www.camping-les-genets.fr\/fr\/wp-json\/wp\/v2\/sujet?post=1774"}],"curies":[{"name":"wp","href":"https:\/\/api.w.org\/{rel}","templated":true}]}}