{"id":1723,"date":"2023-09-11T14:14:01","date_gmt":"2023-09-11T12:14:01","guid":{"rendered":"https:\/\/www.camping-les-genets.fr\/?page_id=1723"},"modified":"2025-12-09T15:43:08","modified_gmt":"2025-12-09T14:43:08","slug":"la-randonnee-dans-l-aveyron","status":"publish","type":"page","link":"https:\/\/www.camping-les-genets.fr\/fr\/la-randonnee-dans-l-aveyron\/","title":{"rendered":"La randonn\u00e9e dans l\u2019Aveyron"},"content":{"rendered":"<section id=\"ls-section-block_384ec08a9d21dbd66e10e8d17fda11ae\" class=\"ls-section  page-chapeau has-p-b p-b-0\" >\r\n        <div class=\"container \">\r\n        \n\n<h1 class=\"ls__heading wp-block-heading has-text-align-center animated fadeInLeft delay-100ms slow\"><strong>La randonn\u00e9e<\/strong> dans l\u2019Aveyron<\/h1>\n\n\n\n<p class=\"ls-paragraph has-text-align-center\">Paradis pour les <strong>amateurs de randonn\u00e9es p\u00e9destres<\/strong>, l\u2019Aveyron est parcouru de circuits et de sentiers balis\u00e9s. Ses paysages pr\u00e9serv\u00e9s et ses villages de charme rendent la r\u00e9gion particuli\u00e8rement propice aux randonn\u00e9es. Entre vall\u00e9es encaiss\u00e9es, raspes, bords de lacs et hauts plateaux, les terrains sont vari\u00e9s.<br><\/p>\n\n\n\n<p class=\"ls-paragraph has-text-align-center\">Pour passer des vacances actives lors de votre s\u00e9jour, le <a href=\"https:\/\/www.camping-les-genets.fr\/fr\/\">camping Aveyron<\/a> Les Gen\u00eats a s\u00e9lectionn\u00e9 pour vous les<strong> 10 plus belles randonn\u00e9es \u00e0 faire dans l\u2019Aveyron<\/strong>. Bonne balade et surtout, ouvrez grand les yeux !<\/p>\n\n\r\n    <\/div>\r\n<\/section>\n\n<section id=\"ls-section-block_4cd8906fa7d636f43dc7e5d87f11b380\" class=\"ls-section  page-one has-p-b p-b-14\" >\r\n        <div class=\"container container--full\">\r\n        \n\n<div class=\"wp-block-columns is-layout-flex wp-container-core-columns-is-layout-9d6595d7 wp-block-columns-is-layout-flex\">\n<div class=\"wp-block-column first is-layout-flow wp-block-column-is-layout-flow\" style=\"flex-basis:66.66%\">\n<figure class=\"wp-block-image size-full\"><img decoding=\"async\" width=\"1707\" height=\"2560\" src=\"https:\/\/www.camping-les-genets.fr\/wp-content\/uploads\/2023\/09\/Jolie-Randonnee-dans-lAveyron-scaled.webp\" alt=\"Jolie Randonn\u00e9e dans l\u2019Aveyron\" class=\"wp-image-1748\" style=\"aspect-ratio:4\/3;object-fit:cover\" srcset=\"https:\/\/www.camping-les-genets.fr\/wp-content\/uploads\/2023\/09\/Jolie-Randonnee-dans-lAveyron-scaled.webp 1707w, https:\/\/www.camping-les-genets.fr\/wp-content\/uploads\/2023\/09\/Jolie-Randonnee-dans-lAveyron-200x300.webp 200w, https:\/\/www.camping-les-genets.fr\/wp-content\/uploads\/2023\/09\/Jolie-Randonnee-dans-lAveyron-683x1024.webp 683w, https:\/\/www.camping-les-genets.fr\/wp-content\/uploads\/2023\/09\/Jolie-Randonnee-dans-lAveyron-768x1152.webp 768w, https:\/\/www.camping-les-genets.fr\/wp-content\/uploads\/2023\/09\/Jolie-Randonnee-dans-lAveyron-1024x1536.webp 1024w, https:\/\/www.camping-les-genets.fr\/wp-content\/uploads\/2023\/09\/Jolie-Randonnee-dans-lAveyron-1365x2048.webp 1365w\" sizes=\"(max-width: 1707px) 100vw, 1707px\" \/><\/figure>\n<\/div>\n\n\n\n<div class=\"wp-block-column is-vertically-aligned-center second has-color-white-background-color has-background is-layout-flow wp-block-column-is-layout-flow\" style=\"flex-basis:33.33%\">\n<h2 class=\"ls__heading wp-block-heading\"><strong>Circuit des Passerelles<\/strong>, Bozouls<\/h2>\n\n\n\n<p class=\"ls-paragraph\"><strong>Tr\u00e8s belle randonn\u00e9e \u00e0 r\u00e9aliser en famille<\/strong> avec quatre passerelles et de superbes vues sur le canyon du Dourdou.<\/p>\n\n\n\n<h2 class=\"ls__heading wp-block-heading\"><strong>Sentier du Pi\u00e9destal<\/strong> de Fontaneilles<\/h2>\n\n\n\n<p class=\"ls-paragraph\">Ce <strong>joli circuit autour du ch\u00e2teau de Peyrelade<\/strong> permet de prendre un peu de hauteur pour mieux contempler la vall\u00e9e du Tarn.<\/p>\n<\/div>\n<\/div>\n\n\r\n    <\/div>\r\n<\/section>\n\n<section id=\"ls-section-block_917ed819c5c0c2fa5786fab7929dc475\" class=\"ls-section  page-two background-blu-right has-p-t p-t-14\" >\r\n        <div class=\"container container--wide\">\r\n        \n\n<div class=\"wp-block-columns is-layout-flex wp-container-core-columns-is-layout-9d6595d7 wp-block-columns-is-layout-flex\">\n<div class=\"wp-block-column is-vertically-aligned-top first is-layout-flow wp-block-column-is-layout-flow\" style=\"flex-basis:33.33%\">\n<h2 class=\"ls__heading wp-block-heading\">Les <strong>Villages Troglodytes<\/strong>, Mostu\u00e9jouls<\/h2>\n\n\n\n<p class=\"ls-paragraph\">Le circuit id\u00e9al pour <strong>d\u00e9couvrir une des plus belles attractions de l\u2019Aveyron<\/strong>, les villages troglodytes construits sur la rive du Tarn.<\/p>\n\n\n\n<h2 class=\"ls__heading wp-block-heading\"><strong>Voie du Rail<\/strong>, Espalion<\/h2>\n\n\n\n<p class=\"ls-paragraph\">Une promenade historique qui<strong> suit le trac\u00e9 de l\u2019ancienne voie de chemin de fer<\/strong> construite il y a plus d\u2019un si\u00e8cle, en 1905. Vous franchirez plusieurs tunnels et plusieurs viaducs.<\/p>\n<\/div>\n\n\n\n<div class=\"wp-block-column second is-layout-flow wp-block-column-is-layout-flow\" style=\"flex-basis:66.66%\">\n<figure class=\"wp-block-image size-full is-resized image\"><img decoding=\"async\" width=\"2048\" height=\"2560\" src=\"https:\/\/www.camping-les-genets.fr\/wp-content\/uploads\/2023\/09\/Plus-belles-randonnees-a-faire-dans-lAveyron.webp\" alt=\"Plus belles randonn\u00e9es \u00e0 faire dans l\u2019Aveyron\" class=\"wp-image-1752\" style=\"aspect-ratio:1;object-fit:cover;width:970px;height:undefinedpx\" srcset=\"https:\/\/www.camping-les-genets.fr\/wp-content\/uploads\/2023\/09\/Plus-belles-randonnees-a-faire-dans-lAveyron.webp 2048w, https:\/\/www.camping-les-genets.fr\/wp-content\/uploads\/2023\/09\/Plus-belles-randonnees-a-faire-dans-lAveyron-240x300.webp 240w, https:\/\/www.camping-les-genets.fr\/wp-content\/uploads\/2023\/09\/Plus-belles-randonnees-a-faire-dans-lAveyron-819x1024.webp 819w, https:\/\/www.camping-les-genets.fr\/wp-content\/uploads\/2023\/09\/Plus-belles-randonnees-a-faire-dans-lAveyron-768x960.webp 768w, https:\/\/www.camping-les-genets.fr\/wp-content\/uploads\/2023\/09\/Plus-belles-randonnees-a-faire-dans-lAveyron-1229x1536.webp 1229w, https:\/\/www.camping-les-genets.fr\/wp-content\/uploads\/2023\/09\/Plus-belles-randonnees-a-faire-dans-lAveyron-1638x2048.webp 1638w\" sizes=\"(max-width: 2048px) 100vw, 2048px\" \/><\/figure>\n<\/div>\n<\/div>\n\n\r\n    <\/div>\r\n<\/section>\n\n<section id=\"ls-section-block_4cd8906fa7d636f43dc7e5d87f11b380\" class=\"ls-section  page-one has-p-b p-b-14\" >\r\n        <div class=\"container container--full\">\r\n        \n\n<div class=\"wp-block-columns is-layout-flex wp-container-core-columns-is-layout-9d6595d7 wp-block-columns-is-layout-flex\">\n<div class=\"wp-block-column first is-layout-flow wp-block-column-is-layout-flow\" style=\"flex-basis:66.66%\">\n<figure class=\"wp-block-image size-full\"><img decoding=\"async\" width=\"1707\" height=\"2560\" src=\"https:\/\/www.camping-les-genets.fr\/wp-content\/uploads\/2023\/09\/Randonnee-en-aveyron-scaled.webp\" alt=\"Randonn\u00e9e en aveyron\" class=\"wp-image-2200\" srcset=\"https:\/\/www.camping-les-genets.fr\/wp-content\/uploads\/2023\/09\/Randonnee-en-aveyron-scaled.webp 1707w, https:\/\/www.camping-les-genets.fr\/wp-content\/uploads\/2023\/09\/Randonnee-en-aveyron-200x300.webp 200w, https:\/\/www.camping-les-genets.fr\/wp-content\/uploads\/2023\/09\/Randonnee-en-aveyron-683x1024.webp 683w, https:\/\/www.camping-les-genets.fr\/wp-content\/uploads\/2023\/09\/Randonnee-en-aveyron-768x1152.webp 768w, https:\/\/www.camping-les-genets.fr\/wp-content\/uploads\/2023\/09\/Randonnee-en-aveyron-1024x1536.webp 1024w, https:\/\/www.camping-les-genets.fr\/wp-content\/uploads\/2023\/09\/Randonnee-en-aveyron-1365x2048.webp 1365w\" sizes=\"(max-width: 1707px) 100vw, 1707px\" \/><\/figure>\n<\/div>\n\n\n\n<div class=\"wp-block-column is-vertically-aligned-center second has-color-white-background-color has-background is-layout-flow wp-block-column-is-layout-flow\" style=\"flex-basis:33.33%\">\n<h2 class=\"ls__heading wp-block-heading\">Ermitage Saint-Michel et Corniches du Causse Noir, <strong>Peyreleau<\/strong><\/h2>\n\n\n\n<p class=\"ls-paragraph\">Une tr\u00e8s belle randonn\u00e9e qui vous permettra de<strong> traverser les gorges de la Jonte<\/strong>, d\u2019approcher les vautours et de d\u00e9couvrir les vestiges de l\u2019ermitage Saint-Michel.<\/p>\n\n\n\n<h2 class=\"ls__heading wp-block-heading\"><strong>Vieilles Vignes<\/strong> de Saint-C\u00f4me-d\u2019Olt<\/h2>\n\n\n\n<p class=\"ls-paragraph\">Ce <strong>circuit adapt\u00e9 \u00e0 tous les randonneurs<\/strong> (y compris les enfants) vous emm\u00e8nera dans les prairies situ\u00e9es aux alentours de <a href=\"\/fr\/tourisme-saint-come-d-olt\/\">Saint-C\u00f4me-d\u2019Olt<\/a>, un des plus beaux villages de France, dans le Massif central.<\/p>\n\n\n\n<h2 class=\"ls__heading wp-block-heading\"><strong>Cascade du Saut du Chien<\/strong>, Saint-Symphorien-de-Th\u00e9ni\u00e8res<\/h2>\n\n\n\n<p class=\"ls-paragraph\">Vous <strong>marcherez<\/strong> <strong>en<\/strong> <strong>for\u00eat<\/strong> et au milieu des prairies pour obtenir une belle r\u00e9compense : une magnifique cascade o\u00f9 vous pourrez vous rafra\u00eechir pendant les beaux jours.<\/p>\n<\/div>\n<\/div>\n\n\r\n    <\/div>\r\n<\/section>\n\n<section id=\"ls-section-block_c6d0f1a9544bee12e7a30aa58471284b\" class=\"ls-section  home-piscine has-background-image has-p-t p-t-20 has-p-b p-b-20\" >\r\n    <div class=\"ls-section__background-image opacity-100\"><img decoding=\"async\" src=\"https:\/\/www.camping-les-genets.fr\/wp-content\/uploads\/2023\/09\/Cascade-dans-lAveyron.webp\" alt=\"Cascade dans l'Aveyron\"><\/div>    <div class=\"container container--full\">\r\n        \n\n<div class=\"wp-block-columns is-layout-flex wp-container-core-columns-is-layout-9d6595d7 wp-block-columns-is-layout-flex\">\n<div class=\"wp-block-column is-vertically-aligned-center first is-layout-flow wp-block-column-is-layout-flow\" style=\"flex-basis:60%\"><\/div>\n\n\n\n<div class=\"wp-block-column second has-color-white-background-color has-background is-layout-flow wp-block-column-is-layout-flow\" style=\"flex-basis:40%\">\n<h2 class=\"ls__heading wp-block-heading\"><strong>P\u00e8lerin d\u2019un Jour<\/strong> sur l\u2019Aubrac, Saint-Ch\u00e9ly-d\u2019Aubrac<\/h2>\n\n\n\n<p class=\"ls-paragraph\">Cette superbe randonn\u00e9e sur le plateau de l\u2019<a href=\"\/fr\/tourisme-aubrac\/\">Aubrac<\/a> est <strong>r\u00e9serv\u00e9e<\/strong> <strong>aux<\/strong> <strong>bons<\/strong> <strong>marcheurs<\/strong>. Les paysages travers\u00e9s sont fabuleux et pr\u00e9serv\u00e9s. L\u2019itin\u00e9raire suit d\u2019anciennes voies romaines et des pistes de transhumance. Notre coup de c\u0153ur : le point culminant de la balade, \u00e0 1 318 m d\u2019altitude.<\/p>\n\n\n\n<h2 class=\"ls__heading wp-block-heading\">Brousse-le-Ch\u00e2teau et Vall\u00e9e du Tarn<\/h2>\n\n\n\n<p class=\"ls-paragraph\">Une excellente id\u00e9e de <strong>promenade<\/strong> <strong>\u00e0 r\u00e9aliser<\/strong> <strong>en<\/strong> <strong>famille<\/strong> autour de Brousse-le-Ch\u00e2teau, une cit\u00e9 de caract\u00e8re caract\u00e9ris\u00e9e par son bourg m\u00e9di\u00e9val.<\/p>\n\n\n\n<h2 class=\"ls__heading wp-block-heading\">Mont et Vaux <strong>autour de Coupiac<\/strong><\/h2>\n\n\n\n<p class=\"ls-paragraph\">Cette longue <strong>randonn\u00e9e qui s\u2019adresse aux<\/strong> <strong>sportifs<\/strong> est jalonn\u00e9e de croix occitanes, th\u00e8me central de ce superbe circuit proche du ch\u00e2teau de Coupiac.<\/p>\n<\/div>\n<\/div>\n\n\r\n    <\/div>\r\n<\/section>\n\n<section id=\"ls-section-block_2284ff0216f566c85c4bcdc2bbb81e39\" class=\"ls-section  page-maillage has-p-t p-t-14 has-p-b p-b-14\" >\r\n        <div class=\"container container--wide\">\r\n        \n\n<div id=\"ls-heading ls-titre-div-block_ee245256376c16fa975a118a9b3632b8\" class=\"ls-titre-div aligncenter h2-like has-m-b m-b-8\" >\n    Venez d\u00e9couvrir le cano\u00eb, les lacs et la p\u00eache en Aveyron !<\/div>\n\n\n<div id=\"ls-maillage-block_fdabc89d2fcf65852443025c237d7108\" class=\"ls-maillage slow animated fadeInUp delay-100ms cta-style-normal\" data-rows=\"3\">\r\n    <div class=\"wp-block-columns\"><div class=\"wp-block-column\">\n\n<a href=\"https:\/\/www.camping-les-genets.fr\/fr\/canoe-en-aveyron\/\" target=\"\" rel=\"noopener\" class=\"ls-cta__link\">\n\n\t<div class=\"ls-cta__image\"><img decoding=\"async\" src=\"https:\/\/www.camping-les-genets.fr\/wp-content\/uploads\/2024\/02\/Canoe-Aveyron-scaled-1-768x512.webp\" alt=\"\"><\/div>\n\t<div class=\"ls-cta__title\">\n\t\tCano\u00eb en Aveyron\t<\/div>\n\n\t\t\n<\/a><\/div><div class=\"wp-block-column\">\n\n<a href=\"https:\/\/www.camping-les-genets.fr\/fr\/peche-en-aveyron\/\" target=\"\" rel=\"noopener\" class=\"ls-cta__link\">\n\n\t<div class=\"ls-cta__image\"><img decoding=\"async\" src=\"https:\/\/www.camping-les-genets.fr\/wp-content\/uploads\/2023\/09\/Activite-peche-au-camping-Les-Genets-768x535.webp\" alt=\"Activit\u00e9 peche au camping Les Genets\"><\/div>\n\t<div class=\"ls-cta__title\">\n\t\tP\u00eache en Aveyron\t<\/div>\n\n\t\t\n<\/a><\/div><div class=\"wp-block-column\">\n\n<a href=\"https:\/\/www.camping-les-genets.fr\/fr\/vtt-aveyron\/\" target=\"\" rel=\"noopener\" class=\"ls-cta__link\">\n\n\t<div class=\"ls-cta__image\"><img decoding=\"async\" src=\"https:\/\/www.camping-les-genets.fr\/wp-content\/uploads\/2025\/12\/Tour-aveyron-vtt-768x576.webp\" alt=\"Tour aveyron vtt\"><\/div>\n\t<div class=\"ls-cta__title\">\n\t\tItin\u00e9raires VTT en Aveyron\t<\/div>\n\n\t\t\n<\/a><\/div><\/div><\/div>\n\r\n    <\/div>\r\n<\/section>","protected":false},"excerpt":{"rendered":"","protected":false},"author":1,"featured_media":1767,"parent":0,"menu_order":0,"comment_status":"closed","ping_status":"closed","template":"","meta":{"_acf_changed":false,"inline_featured_image":false,"footnotes":""},"sujet":[],"class_list":["post-1723","page","type-page","status-publish","has-post-thumbnail","hentry"],"acf":[],"yoast_head":"<!-- This site is optimized with the Yoast SEO plugin v27.3 - https:\/\/yoast.com\/product\/yoast-seo-wordpress\/ -->\n<title>Randonn\u00e9e Aveyron : Top 10 des randonn\u00e9es en Aveyron<\/title>\n<meta name=\"description\" content=\"Envie de faire une randonn\u00e9e en Aveyron ? D\u00e9couvrez les dix meilleurs parcours de randonn\u00e9e de l&#039;Aveyron \u00e0 faire pendant vos vacances !\" \/>\n<meta name=\"robots\" content=\"index, follow, max-snippet:-1, max-image-preview:large, max-video-preview:-1\" \/>\n<link rel=\"canonical\" href=\"https:\/\/www.camping-les-genets.fr\/fr\/la-randonnee-dans-l-aveyron\/\" \/>\n<meta property=\"og:locale\" content=\"fr_FR\" \/>\n<meta property=\"og:type\" content=\"article\" \/>\n<meta property=\"og:title\" content=\"Randonn\u00e9e Aveyron : Top 10 des randonn\u00e9es en Aveyron\" \/>\n<meta property=\"og:description\" content=\"Envie de faire une randonn\u00e9e en Aveyron ? D\u00e9couvrez les dix meilleurs parcours de randonn\u00e9e de l&#039;Aveyron \u00e0 faire pendant vos vacances !\" \/>\n<meta property=\"og:url\" content=\"https:\/\/www.camping-les-genets.fr\/fr\/la-randonnee-dans-l-aveyron\/\" \/>\n<meta property=\"og:site_name\" content=\"Camping les Genets\" \/>\n<meta property=\"article:modified_time\" content=\"2025-12-09T14:43:08+00:00\" \/>\n<meta property=\"og:image\" content=\"https:\/\/www.camping-les-genets.fr\/wp-content\/uploads\/2023\/09\/Vue-sur-les-montagne-dans-lAveyron.webp\" \/>\n\t<meta property=\"og:image:width\" content=\"2560\" \/>\n\t<meta property=\"og:image:height\" content=\"1565\" \/>\n\t<meta property=\"og:image:type\" content=\"image\/webp\" \/>\n<meta name=\"twitter:card\" content=\"summary_large_image\" \/>\n<meta name=\"twitter:label1\" content=\"Dur\u00e9e de lecture estim\u00e9e\" \/>\n\t<meta name=\"twitter:data1\" content=\"3 minutes\" \/>\n<script type=\"application\/ld+json\" class=\"yoast-schema-graph\">{\"@context\":\"https:\\\/\\\/schema.org\",\"@graph\":[{\"@type\":\"WebPage\",\"@id\":\"https:\\\/\\\/www.camping-les-genets.fr\\\/fr\\\/la-randonnee-dans-l-aveyron\\\/\",\"url\":\"https:\\\/\\\/www.camping-les-genets.fr\\\/fr\\\/la-randonnee-dans-l-aveyron\\\/\",\"name\":\"Randonn\u00e9e Aveyron : Top 10 des randonn\u00e9es en Aveyron\",\"isPartOf\":{\"@id\":\"https:\\\/\\\/www.camping-les-genets.fr\\\/fr\\\/#website\"},\"primaryImageOfPage\":{\"@id\":\"https:\\\/\\\/www.camping-les-genets.fr\\\/fr\\\/la-randonnee-dans-l-aveyron\\\/#primaryimage\"},\"image\":{\"@id\":\"https:\\\/\\\/www.camping-les-genets.fr\\\/fr\\\/la-randonnee-dans-l-aveyron\\\/#primaryimage\"},\"thumbnailUrl\":\"https:\\\/\\\/www.camping-les-genets.fr\\\/wp-content\\\/uploads\\\/2023\\\/09\\\/Vue-sur-les-montagne-dans-lAveyron.webp\",\"datePublished\":\"2023-09-11T12:14:01+00:00\",\"dateModified\":\"2025-12-09T14:43:08+00:00\",\"description\":\"Envie de faire une randonn\u00e9e en Aveyron ? D\u00e9couvrez les dix meilleurs parcours de randonn\u00e9e de l'Aveyron \u00e0 faire pendant vos vacances !\",\"breadcrumb\":{\"@id\":\"https:\\\/\\\/www.camping-les-genets.fr\\\/fr\\\/la-randonnee-dans-l-aveyron\\\/#breadcrumb\"},\"inLanguage\":\"fr-FR\",\"potentialAction\":[{\"@type\":\"ReadAction\",\"target\":[\"https:\\\/\\\/www.camping-les-genets.fr\\\/fr\\\/la-randonnee-dans-l-aveyron\\\/\"]}]},{\"@type\":\"ImageObject\",\"inLanguage\":\"fr-FR\",\"@id\":\"https:\\\/\\\/www.camping-les-genets.fr\\\/fr\\\/la-randonnee-dans-l-aveyron\\\/#primaryimage\",\"url\":\"https:\\\/\\\/www.camping-les-genets.fr\\\/wp-content\\\/uploads\\\/2023\\\/09\\\/Vue-sur-les-montagne-dans-lAveyron.webp\",\"contentUrl\":\"https:\\\/\\\/www.camping-les-genets.fr\\\/wp-content\\\/uploads\\\/2023\\\/09\\\/Vue-sur-les-montagne-dans-lAveyron.webp\",\"width\":2560,\"height\":1565,\"caption\":\"Vue sur les montagne dans l'Aveyron\"},{\"@type\":\"BreadcrumbList\",\"@id\":\"https:\\\/\\\/www.camping-les-genets.fr\\\/fr\\\/la-randonnee-dans-l-aveyron\\\/#breadcrumb\",\"itemListElement\":[{\"@type\":\"ListItem\",\"position\":1,\"name\":\"Camping Aveyron\",\"item\":\"https:\\\/\\\/www.camping-les-genets.fr\\\/fr\\\/\"},{\"@type\":\"ListItem\",\"position\":2,\"name\":\"Randonn\u00e9es en Aveyron\"}]},{\"@type\":\"WebSite\",\"@id\":\"https:\\\/\\\/www.camping-les-genets.fr\\\/fr\\\/#website\",\"url\":\"https:\\\/\\\/www.camping-les-genets.fr\\\/fr\\\/\",\"name\":\"Camping les Genets\",\"description\":\"\",\"publisher\":{\"@id\":\"https:\\\/\\\/www.camping-les-genets.fr\\\/fr\\\/#organization\"},\"potentialAction\":[{\"@type\":\"SearchAction\",\"target\":{\"@type\":\"EntryPoint\",\"urlTemplate\":\"https:\\\/\\\/www.camping-les-genets.fr\\\/fr\\\/?s={search_term_string}\"},\"query-input\":{\"@type\":\"PropertyValueSpecification\",\"valueRequired\":true,\"valueName\":\"search_term_string\"}}],\"inLanguage\":\"fr-FR\"},{\"@type\":\"Organization\",\"@id\":\"https:\\\/\\\/www.camping-les-genets.fr\\\/fr\\\/#organization\",\"name\":\"Camping les Genets\",\"url\":\"https:\\\/\\\/www.camping-les-genets.fr\\\/fr\\\/\",\"logo\":{\"@type\":\"ImageObject\",\"inLanguage\":\"fr-FR\",\"@id\":\"https:\\\/\\\/www.camping-les-genets.fr\\\/fr\\\/#\\\/schema\\\/logo\\\/image\\\/\",\"url\":\"https:\\\/\\\/www.camping-les-genets.fr\\\/wp-content\\\/uploads\\\/2023\\\/07\\\/cropped-logo-camping-genets-footer.png\",\"contentUrl\":\"https:\\\/\\\/www.camping-les-genets.fr\\\/wp-content\\\/uploads\\\/2023\\\/07\\\/cropped-logo-camping-genets-footer.png\",\"width\":500,\"height\":295,\"caption\":\"Camping les Genets\"},\"image\":{\"@id\":\"https:\\\/\\\/www.camping-les-genets.fr\\\/fr\\\/#\\\/schema\\\/logo\\\/image\\\/\"}}]}<\/script>\n<!-- \/ Yoast SEO plugin. -->","yoast_head_json":{"title":"Randonn\u00e9e Aveyron : Top 10 des randonn\u00e9es en Aveyron","description":"Envie de faire une randonn\u00e9e en Aveyron ? D\u00e9couvrez les dix meilleurs parcours de randonn\u00e9e de l'Aveyron \u00e0 faire pendant vos vacances !","robots":{"index":"index","follow":"follow","max-snippet":"max-snippet:-1","max-image-preview":"max-image-preview:large","max-video-preview":"max-video-preview:-1"},"canonical":"https:\/\/www.camping-les-genets.fr\/fr\/la-randonnee-dans-l-aveyron\/","og_locale":"fr_FR","og_type":"article","og_title":"Randonn\u00e9e Aveyron : Top 10 des randonn\u00e9es en Aveyron","og_description":"Envie de faire une randonn\u00e9e en Aveyron ? D\u00e9couvrez les dix meilleurs parcours de randonn\u00e9e de l'Aveyron \u00e0 faire pendant vos vacances !","og_url":"https:\/\/www.camping-les-genets.fr\/fr\/la-randonnee-dans-l-aveyron\/","og_site_name":"Camping les Genets","article_modified_time":"2025-12-09T14:43:08+00:00","og_image":[{"width":2560,"height":1565,"url":"https:\/\/www.camping-les-genets.fr\/wp-content\/uploads\/2023\/09\/Vue-sur-les-montagne-dans-lAveyron.webp","type":"image\/webp"}],"twitter_card":"summary_large_image","twitter_misc":{"Dur\u00e9e de lecture estim\u00e9e":"3 minutes"},"schema":{"@context":"https:\/\/schema.org","@graph":[{"@type":"WebPage","@id":"https:\/\/www.camping-les-genets.fr\/fr\/la-randonnee-dans-l-aveyron\/","url":"https:\/\/www.camping-les-genets.fr\/fr\/la-randonnee-dans-l-aveyron\/","name":"Randonn\u00e9e Aveyron : Top 10 des randonn\u00e9es en Aveyron","isPartOf":{"@id":"https:\/\/www.camping-les-genets.fr\/fr\/#website"},"primaryImageOfPage":{"@id":"https:\/\/www.camping-les-genets.fr\/fr\/la-randonnee-dans-l-aveyron\/#primaryimage"},"image":{"@id":"https:\/\/www.camping-les-genets.fr\/fr\/la-randonnee-dans-l-aveyron\/#primaryimage"},"thumbnailUrl":"https:\/\/www.camping-les-genets.fr\/wp-content\/uploads\/2023\/09\/Vue-sur-les-montagne-dans-lAveyron.webp","datePublished":"2023-09-11T12:14:01+00:00","dateModified":"2025-12-09T14:43:08+00:00","description":"Envie de faire une randonn\u00e9e en Aveyron ? D\u00e9couvrez les dix meilleurs parcours de randonn\u00e9e de l'Aveyron \u00e0 faire pendant vos vacances !","breadcrumb":{"@id":"https:\/\/www.camping-les-genets.fr\/fr\/la-randonnee-dans-l-aveyron\/#breadcrumb"},"inLanguage":"fr-FR","potentialAction":[{"@type":"ReadAction","target":["https:\/\/www.camping-les-genets.fr\/fr\/la-randonnee-dans-l-aveyron\/"]}]},{"@type":"ImageObject","inLanguage":"fr-FR","@id":"https:\/\/www.camping-les-genets.fr\/fr\/la-randonnee-dans-l-aveyron\/#primaryimage","url":"https:\/\/www.camping-les-genets.fr\/wp-content\/uploads\/2023\/09\/Vue-sur-les-montagne-dans-lAveyron.webp","contentUrl":"https:\/\/www.camping-les-genets.fr\/wp-content\/uploads\/2023\/09\/Vue-sur-les-montagne-dans-lAveyron.webp","width":2560,"height":1565,"caption":"Vue sur les montagne dans l'Aveyron"},{"@type":"BreadcrumbList","@id":"https:\/\/www.camping-les-genets.fr\/fr\/la-randonnee-dans-l-aveyron\/#breadcrumb","itemListElement":[{"@type":"ListItem","position":1,"name":"Camping Aveyron","item":"https:\/\/www.camping-les-genets.fr\/fr\/"},{"@type":"ListItem","position":2,"name":"Randonn\u00e9es en Aveyron"}]},{"@type":"WebSite","@id":"https:\/\/www.camping-les-genets.fr\/fr\/#website","url":"https:\/\/www.camping-les-genets.fr\/fr\/","name":"Camping les Genets","description":"","publisher":{"@id":"https:\/\/www.camping-les-genets.fr\/fr\/#organization"},"potentialAction":[{"@type":"SearchAction","target":{"@type":"EntryPoint","urlTemplate":"https:\/\/www.camping-les-genets.fr\/fr\/?s={search_term_string}"},"query-input":{"@type":"PropertyValueSpecification","valueRequired":true,"valueName":"search_term_string"}}],"inLanguage":"fr-FR"},{"@type":"Organization","@id":"https:\/\/www.camping-les-genets.fr\/fr\/#organization","name":"Camping les Genets","url":"https:\/\/www.camping-les-genets.fr\/fr\/","logo":{"@type":"ImageObject","inLanguage":"fr-FR","@id":"https:\/\/www.camping-les-genets.fr\/fr\/#\/schema\/logo\/image\/","url":"https:\/\/www.camping-les-genets.fr\/wp-content\/uploads\/2023\/07\/cropped-logo-camping-genets-footer.png","contentUrl":"https:\/\/www.camping-les-genets.fr\/wp-content\/uploads\/2023\/07\/cropped-logo-camping-genets-footer.png","width":500,"height":295,"caption":"Camping les Genets"},"image":{"@id":"https:\/\/www.camping-les-genets.fr\/fr\/#\/schema\/logo\/image\/"}}]}},"_links":{"self":[{"href":"https:\/\/www.camping-les-genets.fr\/fr\/wp-json\/wp\/v2\/pages\/1723","targetHints":{"allow":["GET"]}}],"collection":[{"href":"https:\/\/www.camping-les-genets.fr\/fr\/wp-json\/wp\/v2\/pages"}],"about":[{"href":"https:\/\/www.camping-les-genets.fr\/fr\/wp-json\/wp\/v2\/types\/page"}],"author":[{"embeddable":true,"href":"https:\/\/www.camping-les-genets.fr\/fr\/wp-json\/wp\/v2\/users\/1"}],"replies":[{"embeddable":true,"href":"https:\/\/www.camping-les-genets.fr\/fr\/wp-json\/wp\/v2\/comments?post=1723"}],"version-history":[{"count":44,"href":"https:\/\/www.camping-les-genets.fr\/fr\/wp-json\/wp\/v2\/pages\/1723\/revisions"}],"predecessor-version":[{"id":8461,"href":"https:\/\/www.camping-les-genets.fr\/fr\/wp-json\/wp\/v2\/pages\/1723\/revisions\/8461"}],"wp:featuredmedia":[{"embeddable":true,"href":"https:\/\/www.camping-les-genets.fr\/fr\/wp-json\/wp\/v2\/media\/1767"}],"wp:attachment":[{"href":"https:\/\/www.camping-les-genets.fr\/fr\/wp-json\/wp\/v2\/media?parent=1723"}],"wp:term":[{"taxonomy":"sujet","embeddable":true,"href":"https:\/\/www.camping-les-genets.fr\/fr\/wp-json\/wp\/v2\/sujet?post=1723"}],"curies":[{"name":"wp","href":"https:\/\/api.w.org\/{rel}","templated":true}]}}