{"id":1691,"date":"2023-09-11T13:30:21","date_gmt":"2023-09-11T11:30:21","guid":{"rendered":"https:\/\/www.camping-les-genets.fr\/?page_id=1691"},"modified":"2025-07-08T11:47:23","modified_gmt":"2025-07-08T09:47:23","slug":"canoe-en-aveyron","status":"publish","type":"page","link":"https:\/\/www.camping-les-genets.fr\/fr\/canoe-en-aveyron\/","title":{"rendered":"Cano\u00eb en Aveyron"},"content":{"rendered":"<section id=\"ls-section-block_24a64360d3074258b554cb53f5fadf8b\" class=\"ls-section  page-chapeau has-p-b p-b-0\" >\r\n        <div class=\"container \">\r\n        \n\n<h1 class=\"ls__heading wp-block-heading has-text-align-center animated fadeInLeft delay-100ms slow\"><strong>Cano\u00eb<\/strong> en Aveyron<\/h1>\n\n\n\n<p class=\"ls-paragraph has-text-align-center\">Sur l\u2019Aveyron comme sur le Tarn, les eaux vives sont propices \u00e0 une pratique sportive du <strong>cano\u00eb Aveyron <\/strong>: des descentes accompagn\u00e9es vous donnent l\u2019occasion de passer des rapides en toute s\u00e9curit\u00e9. D\u00e9couvrez-les pr\u00e8s du <a href=\"https:\/\/www.camping-les-genets.fr\/fr\/\">camping Aveyron<\/a> Les Gen\u00eats !<\/p>\n\n\r\n    <\/div>\r\n<\/section>\n\n<section id=\"ls-section-block_4696b6d4f9f564866ae1e1ff8191fb8d\" class=\"ls-section  page-one has-p-b p-b-14\" >\r\n        <div class=\"container container--full\">\r\n        \n\n<div class=\"wp-block-columns is-layout-flex wp-container-core-columns-is-layout-9d6595d7 wp-block-columns-is-layout-flex\">\n<div class=\"wp-block-column first is-layout-flow wp-block-column-is-layout-flow\" style=\"flex-basis:66.66%\">\n<figure class=\"wp-block-image size-full\"><img decoding=\"async\" width=\"1155\" height=\"656\" src=\"https:\/\/www.camping-les-genets.fr\/wp-content\/uploads\/2023\/09\/Activite-au-camping-Les-Genets.jpg\" alt=\"Activit\u00e9 au camping Les Gen\u00eats\" class=\"wp-image-1716\" srcset=\"https:\/\/www.camping-les-genets.fr\/wp-content\/uploads\/2023\/09\/Activite-au-camping-Les-Genets.jpg 1155w, https:\/\/www.camping-les-genets.fr\/wp-content\/uploads\/2023\/09\/Activite-au-camping-Les-Genets-300x170.jpg 300w, https:\/\/www.camping-les-genets.fr\/wp-content\/uploads\/2023\/09\/Activite-au-camping-Les-Genets-1024x582.jpg 1024w, https:\/\/www.camping-les-genets.fr\/wp-content\/uploads\/2023\/09\/Activite-au-camping-Les-Genets-768x436.jpg 768w\" sizes=\"(max-width: 1155px) 100vw, 1155px\" \/><\/figure>\n<\/div>\n\n\n\n<div class=\"wp-block-column is-vertically-aligned-center second has-color-white-background-color has-background is-layout-flow wp-block-column-is-layout-flow\" style=\"flex-basis:33.33%\">\n<h2 class=\"ls__heading wp-block-heading\">Cano\u00eb sur les <strong>lacs du L\u00e9v\u00e9zou et de Pareloup<\/strong><\/h2>\n\n\n\n<p class=\"ls-paragraph\">Les lacs du L\u00e9v\u00e9zou sont des \u00e9tendues calmes id\u00e9ales pour l\u2019<strong>initiation au cano\u00eb<\/strong> ou pour les <strong>balades en famille<\/strong>.<\/p>\n\n\n\n<p class=\"ls-paragraph\"><a href=\"https:\/\/www.camping-les-genets.fr\/fr\/lac-de-pareloup\/\">Le lac de Pareloup<\/a> est particuli\u00e8rement agr\u00e9able \u00e0 explorer : ses multiples m\u00e9andres, ses \u00eeles et ses rivages d\u00e9coup\u00e9s offrent un terrain de navigation vaste et vari\u00e9. On peut y entreprendre des excursions assez longues, ou simplement s\u2019initier \u00e0 la discipline. Sur le lac se pratique aussi l\u2019insolite loisir du <strong>cano\u00eb<\/strong> <strong>\u00e0<\/strong> <strong>voile<\/strong>.<\/p>\n<\/div>\n<\/div>\n\n\r\n    <\/div>\r\n<\/section>\n\n<section id=\"ls-section-block_d061200fe2a258f87ad7f4ff2e6ad7ac\" class=\"ls-section  page-two background-blu-right has-p-t p-t-14\" >\r\n        <div class=\"container container--wide\">\r\n        \n\n<div class=\"wp-block-columns is-layout-flex wp-container-core-columns-is-layout-9d6595d7 wp-block-columns-is-layout-flex\">\n<div class=\"wp-block-column is-vertically-aligned-top first is-layout-flow wp-block-column-is-layout-flow\" style=\"flex-basis:33.33%\">\n<h2 class=\"ls__heading wp-block-heading\">Cano\u00eb dans les <strong>gorges de l&rsquo;Aveyron<\/strong><\/h2>\n\n\n\n<p class=\"ls-paragraph\">Plusieurs <strong>parcours<\/strong> <strong>adapt\u00e9s<\/strong> <strong>\u00e0<\/strong> <strong>tous<\/strong> <strong>les <\/strong>\u00e2ges (adultes, enfants) et \u00e0 <strong>tous<\/strong> <strong>les<\/strong> <strong>niveaux<\/strong> (sportifs initi\u00e9s ou occasionnels) sont propos\u00e9s au d\u00e9part de Saint-Antonin pour s\u2019adonner en famille ou entre amis aux joies du <a href=\"https:\/\/www.tourisme-aveyron.com\/fr\/voir-faire\/sport-nature\/eaux-vive-et-canoe-en-aveyron\" target=\"_blank\" rel=\"noreferrer noopener\">cano\u00eb dans les gorges de l\u2019Aveyron<\/a>.<\/p>\n\n\n\n<p class=\"ls-paragraph addReadMore showlesscontent\">Si vous choisissez le parcours de 10 km, vous d\u00e9couvrirez pendant votre navigation le pont de B\u00f4ne, la falaise des Capucins, le Rocher de Manjocarn, le Saut du Loup et le moulin de Cazals.<br><br>Envie de pagayer davantage ? Choisissez la descente de 17 km et continuez jusqu\u2019\u00e0 Penne-sur Tarn. Vous pouvez aussi r\u00e9aliser un circuit en <strong>cano\u00eb Aveyron <\/strong>de 7 km au d\u00e9part de Cazals (d\u00e9barquement \u00e0 Penne-sur-Tarn).<\/p>\n<\/div>\n\n\n\n<div class=\"wp-block-column second is-layout-flow wp-block-column-is-layout-flow\" style=\"flex-basis:66.66%\">\n<figure class=\"wp-block-image size-full image\"><img decoding=\"async\" width=\"2560\" height=\"1706\" src=\"https:\/\/www.camping-les-genets.fr\/wp-content\/uploads\/2023\/09\/Canoe-dans-les-gorges-de-lAveyron-scaled.webp\" alt=\"Cano\u00eb dans les gorges de l'Aveyron\" class=\"wp-image-1701\" srcset=\"https:\/\/www.camping-les-genets.fr\/wp-content\/uploads\/2023\/09\/Canoe-dans-les-gorges-de-lAveyron-scaled.webp 2560w, https:\/\/www.camping-les-genets.fr\/wp-content\/uploads\/2023\/09\/Canoe-dans-les-gorges-de-lAveyron-300x200.webp 300w, https:\/\/www.camping-les-genets.fr\/wp-content\/uploads\/2023\/09\/Canoe-dans-les-gorges-de-lAveyron-1024x683.webp 1024w, https:\/\/www.camping-les-genets.fr\/wp-content\/uploads\/2023\/09\/Canoe-dans-les-gorges-de-lAveyron-768x512.webp 768w, https:\/\/www.camping-les-genets.fr\/wp-content\/uploads\/2023\/09\/Canoe-dans-les-gorges-de-lAveyron-1536x1024.webp 1536w, https:\/\/www.camping-les-genets.fr\/wp-content\/uploads\/2023\/09\/Canoe-dans-les-gorges-de-lAveyron-2048x1365.webp 2048w\" sizes=\"(max-width: 2560px) 100vw, 2560px\" \/><\/figure>\n<\/div>\n<\/div>\n\n\r\n    <\/div>\r\n<\/section>\n\n<section id=\"ls-section-block_724e7ec3df82ce252764d4b15f8c01f8\" class=\"ls-section  home-piscine has-background-image has-p-t p-t-20 has-p-b p-b-20\" >\r\n    <div class=\"ls-section__background-image opacity-100\"><img decoding=\"async\" src=\"https:\/\/www.camping-les-genets.fr\/wp-content\/uploads\/2023\/09\/Canoe-dans-les-gorges-du-Tarn.webp\" alt=\"Cano\u00eb dans les gorges du Tarn\"><\/div>    <div class=\"container container--full\">\r\n        \n\n<div class=\"wp-block-columns is-layout-flex wp-container-core-columns-is-layout-9d6595d7 wp-block-columns-is-layout-flex\">\n<div class=\"wp-block-column is-vertically-aligned-center first is-layout-flow wp-block-column-is-layout-flow\" style=\"flex-basis:60%\"><\/div>\n\n\n\n<div class=\"wp-block-column second has-color-white-background-color has-background is-layout-flow wp-block-column-is-layout-flow\" style=\"flex-basis:40%\">\n<h2 class=\"ls__heading wp-block-heading\">Cano\u00eb dans les <strong>gorges du Tarn<\/strong><\/h2>\n\n\n\n<p class=\"ls-paragraph\">Les gorges du Tarn constituent un <strong>v\u00e9ritable paradis des sports en eaux vives<\/strong> tels que le <strong>cano\u00eb Aveyron<\/strong>, une activit\u00e9 ext\u00e9rieure qui permet d\u2019allier sport et d\u00e9couverte de paysages grandioses en famille pendant un s\u00e9jour dans l\u2019Aveyron.<\/p>\n\n\n\n<p class=\"ls-paragraph\">Plusieurs entreprises proposent des parcours en cano\u00eb et en kayak pour <strong>d\u00e9butants et initi\u00e9s<\/strong> de 8, 11, 13, 17 et jusqu\u2019\u00e0 32 km (une demi-journ\u00e9e \u00e0 deux jours). Selon le parcours choisi, le d\u00e9part peut avoir lieu depuis le pont de la Mal\u00e8ne, Saint-Ch\u00e9ly-du-Tarn, Sainte-Enimie ou \u00e0 proximit\u00e9 de Montbrun. C&rsquo;est une <a href=\"\/fr\/activites-famille-aveyron\/\">activit\u00e9 \u00e0 faire en famille dans l&rsquo;Aveyron<\/a> pour un s\u00e9jour m\u00e9morable.<br><br>Vous naviguerez au fil de l\u2019eau en admirant les falaises et les formations g\u00e9ologiques sculpt\u00e9es par l\u2019\u00e9rosion. La fin de votre parcours sera marqu\u00e9e par votre passage par le canyon des D\u00e9troits et le cirque de Baumes, qui vous \u00e9merveilleront.<\/p>\n<\/div>\n<\/div>\n\n\r\n    <\/div>\r\n<\/section>\n\n<section id=\"ls-section-block_21591c1d97e52ddbe2067a6e189b4e40\" class=\"ls-section  page-maillage has-p-t p-t-14 has-p-b p-b-14\" >\r\n        <div class=\"container container--wide\">\r\n        \n\n<div id=\"ls-heading ls-titre-div-block_be483c9874691672cfe92337ff1eb677\" class=\"ls-titre-div aligncenter h2-like has-m-b m-b-8\" >\n    D\u00e9couvrez les vaches Aubrac, le village de Peyre et la p\u00eache en Aveyron !<\/div>\n\n\n<div id=\"ls-maillage-block_edc9cd6a6f89c91a769ff8f762dd805f\" class=\"ls-maillage slow animated fadeInUp delay-100ms cta-style-normal\" data-rows=\"3\">\r\n    <div class=\"wp-block-columns\"><div class=\"wp-block-column\">\n\n<a href=\"https:\/\/www.camping-les-genets.fr\/fr\/peyre\/\" target=\"\" rel=\"noopener\" class=\"ls-cta__link\">\n\n\t<div class=\"ls-cta__image\"><img decoding=\"async\" src=\"https:\/\/www.camping-les-genets.fr\/wp-content\/uploads\/2023\/09\/Vacances-a-Peyre-768x510.webp\" alt=\"Vacances \u00e0 Peyre\"><\/div>\n\t<div class=\"ls-cta__title\">\n\t\tPeyre\t<\/div>\n\n\t\t\n<\/a><\/div><div class=\"wp-block-column\">\n\n<a href=\"https:\/\/www.camping-les-genets.fr\/fr\/peche-en-aveyron\/\" target=\"\" rel=\"noopener\" class=\"ls-cta__link\">\n\n\t<div class=\"ls-cta__image\"><img decoding=\"async\" src=\"https:\/\/www.camping-les-genets.fr\/wp-content\/uploads\/2023\/09\/Activite-peche-au-camping-Les-Genets-768x535.webp\" alt=\"Activit\u00e9 peche au camping Les Genets\"><\/div>\n\t<div class=\"ls-cta__title\">\n\t\tP\u00eache en Aveyron\t<\/div>\n\n\t\t\n<\/a><\/div><div class=\"wp-block-column\">\n\n<a href=\"https:\/\/www.camping-les-genets.fr\/fr\/weekend-romantique-aveyron\/\" target=\"\" rel=\"noopener\" class=\"ls-cta__link\">\n\n\t<div class=\"ls-cta__image\"><img decoding=\"async\" src=\"https:\/\/www.camping-les-genets.fr\/wp-content\/uploads\/2025\/07\/week-end-en-amoureux-en-Aveyron-768x510.webp\" alt=\"week-end en amoureux en Aveyron\"><\/div>\n\t<div class=\"ls-cta__title\">\n\t\tWeek-end romantique en Aveyron\t<\/div>\n\n\t\t\n<\/a><\/div><\/div><\/div>\n\r\n    <\/div>\r\n<\/section>","protected":false},"excerpt":{"rendered":"","protected":false},"author":1,"featured_media":1705,"parent":0,"menu_order":0,"comment_status":"closed","ping_status":"closed","template":"","meta":{"_acf_changed":false,"inline_featured_image":false,"footnotes":""},"sujet":[],"class_list":["post-1691","page","type-page","status-publish","has-post-thumbnail","hentry"],"acf":[],"yoast_head":"<!-- This site is optimized with the Yoast SEO plugin v27.3 - https:\/\/yoast.com\/product\/yoast-seo-wordpress\/ -->\n<title>Cano\u00eb Aveyron : Parcours cano\u00eb dans les gorges de l&#039;Aveyron et du Tarn<\/title>\n<meta name=\"description\" content=\"Envie de faire du cano\u00eb en Aveyron ? D\u00e9couvrez les meilleurs spots pour faire du cano\u00eb dans les gorges de l&#039;Aveyron et les gorges du Tarn !\" \/>\n<meta name=\"robots\" content=\"index, follow, max-snippet:-1, max-image-preview:large, max-video-preview:-1\" \/>\n<link rel=\"canonical\" href=\"https:\/\/www.camping-les-genets.fr\/fr\/canoe-en-aveyron\/\" \/>\n<meta property=\"og:locale\" content=\"fr_FR\" \/>\n<meta property=\"og:type\" content=\"article\" \/>\n<meta property=\"og:title\" content=\"Cano\u00eb Aveyron : Parcours cano\u00eb dans les gorges de l&#039;Aveyron et du Tarn\" \/>\n<meta property=\"og:description\" content=\"Envie de faire du cano\u00eb en Aveyron ? D\u00e9couvrez les meilleurs spots pour faire du cano\u00eb dans les gorges de l&#039;Aveyron et les gorges du Tarn !\" \/>\n<meta property=\"og:url\" content=\"https:\/\/www.camping-les-genets.fr\/fr\/canoe-en-aveyron\/\" \/>\n<meta property=\"og:site_name\" content=\"Camping les Genets\" \/>\n<meta property=\"article:modified_time\" content=\"2025-07-08T09:47:23+00:00\" \/>\n<meta property=\"og:image\" content=\"https:\/\/www.camping-les-genets.fr\/wp-content\/uploads\/2023\/09\/Canoe-sur-les-lacs-du-Levezou-et-de-Pareloup-scaled.webp\" \/>\n\t<meta property=\"og:image:width\" content=\"2560\" \/>\n\t<meta property=\"og:image:height\" content=\"1638\" \/>\n\t<meta property=\"og:image:type\" content=\"image\/webp\" \/>\n<meta name=\"twitter:card\" content=\"summary_large_image\" \/>\n<meta name=\"twitter:label1\" content=\"Dur\u00e9e de lecture estim\u00e9e\" \/>\n\t<meta name=\"twitter:data1\" content=\"3 minutes\" \/>\n<script type=\"application\/ld+json\" class=\"yoast-schema-graph\">{\"@context\":\"https:\\\/\\\/schema.org\",\"@graph\":[{\"@type\":\"WebPage\",\"@id\":\"https:\\\/\\\/www.camping-les-genets.fr\\\/fr\\\/canoe-en-aveyron\\\/\",\"url\":\"https:\\\/\\\/www.camping-les-genets.fr\\\/fr\\\/canoe-en-aveyron\\\/\",\"name\":\"Cano\u00eb Aveyron : Parcours cano\u00eb dans les gorges de l'Aveyron et du Tarn\",\"isPartOf\":{\"@id\":\"https:\\\/\\\/www.camping-les-genets.fr\\\/fr\\\/#website\"},\"primaryImageOfPage\":{\"@id\":\"https:\\\/\\\/www.camping-les-genets.fr\\\/fr\\\/canoe-en-aveyron\\\/#primaryimage\"},\"image\":{\"@id\":\"https:\\\/\\\/www.camping-les-genets.fr\\\/fr\\\/canoe-en-aveyron\\\/#primaryimage\"},\"thumbnailUrl\":\"https:\\\/\\\/www.camping-les-genets.fr\\\/wp-content\\\/uploads\\\/2023\\\/09\\\/Canoe-sur-les-lacs-du-Levezou-et-de-Pareloup-scaled.webp\",\"datePublished\":\"2023-09-11T11:30:21+00:00\",\"dateModified\":\"2025-07-08T09:47:23+00:00\",\"description\":\"Envie de faire du cano\u00eb en Aveyron ? D\u00e9couvrez les meilleurs spots pour faire du cano\u00eb dans les gorges de l'Aveyron et les gorges du Tarn !\",\"breadcrumb\":{\"@id\":\"https:\\\/\\\/www.camping-les-genets.fr\\\/fr\\\/canoe-en-aveyron\\\/#breadcrumb\"},\"inLanguage\":\"fr-FR\",\"potentialAction\":[{\"@type\":\"ReadAction\",\"target\":[\"https:\\\/\\\/www.camping-les-genets.fr\\\/fr\\\/canoe-en-aveyron\\\/\"]}]},{\"@type\":\"ImageObject\",\"inLanguage\":\"fr-FR\",\"@id\":\"https:\\\/\\\/www.camping-les-genets.fr\\\/fr\\\/canoe-en-aveyron\\\/#primaryimage\",\"url\":\"https:\\\/\\\/www.camping-les-genets.fr\\\/wp-content\\\/uploads\\\/2023\\\/09\\\/Canoe-sur-les-lacs-du-Levezou-et-de-Pareloup-scaled.webp\",\"contentUrl\":\"https:\\\/\\\/www.camping-les-genets.fr\\\/wp-content\\\/uploads\\\/2023\\\/09\\\/Canoe-sur-les-lacs-du-Levezou-et-de-Pareloup-scaled.webp\",\"width\":2560,\"height\":1638,\"caption\":\"Cano\u00eb sur les lacs du L\u00e9v\u00e9zou et de Pareloup\"},{\"@type\":\"BreadcrumbList\",\"@id\":\"https:\\\/\\\/www.camping-les-genets.fr\\\/fr\\\/canoe-en-aveyron\\\/#breadcrumb\",\"itemListElement\":[{\"@type\":\"ListItem\",\"position\":1,\"name\":\"Camping Aveyron\",\"item\":\"https:\\\/\\\/www.camping-les-genets.fr\\\/fr\\\/\"},{\"@type\":\"ListItem\",\"position\":2,\"name\":\"Cano\u00eb en Aveyron\"}]},{\"@type\":\"WebSite\",\"@id\":\"https:\\\/\\\/www.camping-les-genets.fr\\\/fr\\\/#website\",\"url\":\"https:\\\/\\\/www.camping-les-genets.fr\\\/fr\\\/\",\"name\":\"Camping les Genets\",\"description\":\"\",\"publisher\":{\"@id\":\"https:\\\/\\\/www.camping-les-genets.fr\\\/fr\\\/#organization\"},\"potentialAction\":[{\"@type\":\"SearchAction\",\"target\":{\"@type\":\"EntryPoint\",\"urlTemplate\":\"https:\\\/\\\/www.camping-les-genets.fr\\\/fr\\\/?s={search_term_string}\"},\"query-input\":{\"@type\":\"PropertyValueSpecification\",\"valueRequired\":true,\"valueName\":\"search_term_string\"}}],\"inLanguage\":\"fr-FR\"},{\"@type\":\"Organization\",\"@id\":\"https:\\\/\\\/www.camping-les-genets.fr\\\/fr\\\/#organization\",\"name\":\"Camping les Genets\",\"url\":\"https:\\\/\\\/www.camping-les-genets.fr\\\/fr\\\/\",\"logo\":{\"@type\":\"ImageObject\",\"inLanguage\":\"fr-FR\",\"@id\":\"https:\\\/\\\/www.camping-les-genets.fr\\\/fr\\\/#\\\/schema\\\/logo\\\/image\\\/\",\"url\":\"https:\\\/\\\/www.camping-les-genets.fr\\\/wp-content\\\/uploads\\\/2023\\\/07\\\/cropped-logo-camping-genets-footer.png\",\"contentUrl\":\"https:\\\/\\\/www.camping-les-genets.fr\\\/wp-content\\\/uploads\\\/2023\\\/07\\\/cropped-logo-camping-genets-footer.png\",\"width\":500,\"height\":295,\"caption\":\"Camping les Genets\"},\"image\":{\"@id\":\"https:\\\/\\\/www.camping-les-genets.fr\\\/fr\\\/#\\\/schema\\\/logo\\\/image\\\/\"}}]}<\/script>\n<!-- \/ Yoast SEO plugin. -->","yoast_head_json":{"title":"Cano\u00eb Aveyron : Parcours cano\u00eb dans les gorges de l'Aveyron et du Tarn","description":"Envie de faire du cano\u00eb en Aveyron ? D\u00e9couvrez les meilleurs spots pour faire du cano\u00eb dans les gorges de l'Aveyron et les gorges du Tarn !","robots":{"index":"index","follow":"follow","max-snippet":"max-snippet:-1","max-image-preview":"max-image-preview:large","max-video-preview":"max-video-preview:-1"},"canonical":"https:\/\/www.camping-les-genets.fr\/fr\/canoe-en-aveyron\/","og_locale":"fr_FR","og_type":"article","og_title":"Cano\u00eb Aveyron : Parcours cano\u00eb dans les gorges de l'Aveyron et du Tarn","og_description":"Envie de faire du cano\u00eb en Aveyron ? D\u00e9couvrez les meilleurs spots pour faire du cano\u00eb dans les gorges de l'Aveyron et les gorges du Tarn !","og_url":"https:\/\/www.camping-les-genets.fr\/fr\/canoe-en-aveyron\/","og_site_name":"Camping les Genets","article_modified_time":"2025-07-08T09:47:23+00:00","og_image":[{"width":2560,"height":1638,"url":"https:\/\/www.camping-les-genets.fr\/wp-content\/uploads\/2023\/09\/Canoe-sur-les-lacs-du-Levezou-et-de-Pareloup-scaled.webp","type":"image\/webp"}],"twitter_card":"summary_large_image","twitter_misc":{"Dur\u00e9e de lecture estim\u00e9e":"3 minutes"},"schema":{"@context":"https:\/\/schema.org","@graph":[{"@type":"WebPage","@id":"https:\/\/www.camping-les-genets.fr\/fr\/canoe-en-aveyron\/","url":"https:\/\/www.camping-les-genets.fr\/fr\/canoe-en-aveyron\/","name":"Cano\u00eb Aveyron : Parcours cano\u00eb dans les gorges de l'Aveyron et du Tarn","isPartOf":{"@id":"https:\/\/www.camping-les-genets.fr\/fr\/#website"},"primaryImageOfPage":{"@id":"https:\/\/www.camping-les-genets.fr\/fr\/canoe-en-aveyron\/#primaryimage"},"image":{"@id":"https:\/\/www.camping-les-genets.fr\/fr\/canoe-en-aveyron\/#primaryimage"},"thumbnailUrl":"https:\/\/www.camping-les-genets.fr\/wp-content\/uploads\/2023\/09\/Canoe-sur-les-lacs-du-Levezou-et-de-Pareloup-scaled.webp","datePublished":"2023-09-11T11:30:21+00:00","dateModified":"2025-07-08T09:47:23+00:00","description":"Envie de faire du cano\u00eb en Aveyron ? D\u00e9couvrez les meilleurs spots pour faire du cano\u00eb dans les gorges de l'Aveyron et les gorges du Tarn !","breadcrumb":{"@id":"https:\/\/www.camping-les-genets.fr\/fr\/canoe-en-aveyron\/#breadcrumb"},"inLanguage":"fr-FR","potentialAction":[{"@type":"ReadAction","target":["https:\/\/www.camping-les-genets.fr\/fr\/canoe-en-aveyron\/"]}]},{"@type":"ImageObject","inLanguage":"fr-FR","@id":"https:\/\/www.camping-les-genets.fr\/fr\/canoe-en-aveyron\/#primaryimage","url":"https:\/\/www.camping-les-genets.fr\/wp-content\/uploads\/2023\/09\/Canoe-sur-les-lacs-du-Levezou-et-de-Pareloup-scaled.webp","contentUrl":"https:\/\/www.camping-les-genets.fr\/wp-content\/uploads\/2023\/09\/Canoe-sur-les-lacs-du-Levezou-et-de-Pareloup-scaled.webp","width":2560,"height":1638,"caption":"Cano\u00eb sur les lacs du L\u00e9v\u00e9zou et de Pareloup"},{"@type":"BreadcrumbList","@id":"https:\/\/www.camping-les-genets.fr\/fr\/canoe-en-aveyron\/#breadcrumb","itemListElement":[{"@type":"ListItem","position":1,"name":"Camping Aveyron","item":"https:\/\/www.camping-les-genets.fr\/fr\/"},{"@type":"ListItem","position":2,"name":"Cano\u00eb en Aveyron"}]},{"@type":"WebSite","@id":"https:\/\/www.camping-les-genets.fr\/fr\/#website","url":"https:\/\/www.camping-les-genets.fr\/fr\/","name":"Camping les Genets","description":"","publisher":{"@id":"https:\/\/www.camping-les-genets.fr\/fr\/#organization"},"potentialAction":[{"@type":"SearchAction","target":{"@type":"EntryPoint","urlTemplate":"https:\/\/www.camping-les-genets.fr\/fr\/?s={search_term_string}"},"query-input":{"@type":"PropertyValueSpecification","valueRequired":true,"valueName":"search_term_string"}}],"inLanguage":"fr-FR"},{"@type":"Organization","@id":"https:\/\/www.camping-les-genets.fr\/fr\/#organization","name":"Camping les Genets","url":"https:\/\/www.camping-les-genets.fr\/fr\/","logo":{"@type":"ImageObject","inLanguage":"fr-FR","@id":"https:\/\/www.camping-les-genets.fr\/fr\/#\/schema\/logo\/image\/","url":"https:\/\/www.camping-les-genets.fr\/wp-content\/uploads\/2023\/07\/cropped-logo-camping-genets-footer.png","contentUrl":"https:\/\/www.camping-les-genets.fr\/wp-content\/uploads\/2023\/07\/cropped-logo-camping-genets-footer.png","width":500,"height":295,"caption":"Camping les Genets"},"image":{"@id":"https:\/\/www.camping-les-genets.fr\/fr\/#\/schema\/logo\/image\/"}}]}},"_links":{"self":[{"href":"https:\/\/www.camping-les-genets.fr\/fr\/wp-json\/wp\/v2\/pages\/1691","targetHints":{"allow":["GET"]}}],"collection":[{"href":"https:\/\/www.camping-les-genets.fr\/fr\/wp-json\/wp\/v2\/pages"}],"about":[{"href":"https:\/\/www.camping-les-genets.fr\/fr\/wp-json\/wp\/v2\/types\/page"}],"author":[{"embeddable":true,"href":"https:\/\/www.camping-les-genets.fr\/fr\/wp-json\/wp\/v2\/users\/1"}],"replies":[{"embeddable":true,"href":"https:\/\/www.camping-les-genets.fr\/fr\/wp-json\/wp\/v2\/comments?post=1691"}],"version-history":[{"count":31,"href":"https:\/\/www.camping-les-genets.fr\/fr\/wp-json\/wp\/v2\/pages\/1691\/revisions"}],"predecessor-version":[{"id":7850,"href":"https:\/\/www.camping-les-genets.fr\/fr\/wp-json\/wp\/v2\/pages\/1691\/revisions\/7850"}],"wp:featuredmedia":[{"embeddable":true,"href":"https:\/\/www.camping-les-genets.fr\/fr\/wp-json\/wp\/v2\/media\/1705"}],"wp:attachment":[{"href":"https:\/\/www.camping-les-genets.fr\/fr\/wp-json\/wp\/v2\/media?parent=1691"}],"wp:term":[{"taxonomy":"sujet","embeddable":true,"href":"https:\/\/www.camping-les-genets.fr\/fr\/wp-json\/wp\/v2\/sujet?post=1691"}],"curies":[{"name":"wp","href":"https:\/\/api.w.org\/{rel}","templated":true}]}}