{"id":1643,"date":"2023-09-11T11:09:14","date_gmt":"2023-09-11T09:09:14","guid":{"rendered":"https:\/\/www.camping-les-genets.fr\/?page_id=1643"},"modified":"2025-04-22T14:55:06","modified_gmt":"2025-04-22T12:55:06","slug":"peche-en-aveyron","status":"publish","type":"page","link":"https:\/\/www.camping-les-genets.fr\/fr\/peche-en-aveyron\/","title":{"rendered":"P\u00eache en Aveyron"},"content":{"rendered":"<section id=\"ls-section-block_fbc57046995ae81f842e337b2bbc3896\" class=\"ls-section  page-chapeau has-p-b p-b-0\" >\r\n        <div class=\"container \">\r\n        \n\n<h1 class=\"ls__heading wp-block-heading has-text-align-center animated fadeInLeft delay-100ms slow\"><strong>P\u00eache<\/strong> en Aveyron<\/h1>\n\n\n\n<p class=\"ls-paragraph has-text-align-center\">Au <a href=\"https:\/\/www.camping-les-genets.fr\/fr\/\">camping Les Gen\u00eats au bord du Lac de Pareloup<\/a>, vous \u00eates particuli\u00e8rement bien plac\u00e9s pour la p\u00eache en<strong> eaux calmes<\/strong> : la r\u00e9putation du <a href=\"https:\/\/www.camping-les-genets.fr\/fr\/lac-de-pareloup\/\">lac de Pareloup<\/a> n\u2019est plus \u00e0 faire en la mati\u00e8re !<\/p>\n\n\r\n    <\/div>\r\n<\/section>\n\n<section id=\"ls-section-block_0459ee099f1570b33593d7bfc984f1dc\" class=\"ls-section  page-one has-p-b p-b-14\" >\r\n        <div class=\"container container--full\">\r\n        \n\n<div class=\"wp-block-columns is-layout-flex wp-container-core-columns-is-layout-9d6595d7 wp-block-columns-is-layout-flex\">\n<div class=\"wp-block-column first is-layout-flow wp-block-column-is-layout-flow\" style=\"flex-basis:66.66%\">\n<figure class=\"wp-block-image size-full\"><img decoding=\"async\" width=\"8256\" height=\"5504\" src=\"https:\/\/www.camping-les-genets.fr\/wp-content\/uploads\/2023\/09\/Peche-au-lac-de-pareloup-en-Aveyron.webp\" alt=\"Peche au lac de pareloup en Aveyron\" class=\"wp-image-1645\" srcset=\"https:\/\/www.camping-les-genets.fr\/wp-content\/uploads\/2023\/09\/Peche-au-lac-de-pareloup-en-Aveyron.webp 8256w, https:\/\/www.camping-les-genets.fr\/wp-content\/uploads\/2023\/09\/Peche-au-lac-de-pareloup-en-Aveyron-300x200.webp 300w, https:\/\/www.camping-les-genets.fr\/wp-content\/uploads\/2023\/09\/Peche-au-lac-de-pareloup-en-Aveyron-1024x683.webp 1024w, https:\/\/www.camping-les-genets.fr\/wp-content\/uploads\/2023\/09\/Peche-au-lac-de-pareloup-en-Aveyron-768x512.webp 768w, https:\/\/www.camping-les-genets.fr\/wp-content\/uploads\/2023\/09\/Peche-au-lac-de-pareloup-en-Aveyron-1536x1024.webp 1536w\" sizes=\"(max-width: 8256px) 100vw, 8256px\" \/><\/figure>\n<\/div>\n\n\n\n<div class=\"wp-block-column is-vertically-aligned-center second has-color-white-background-color has-background is-layout-flow wp-block-column-is-layout-flow\" style=\"flex-basis:33.33%\">\n<h2 class=\"ls__heading wp-block-heading\">Le <strong>Lac de Pareloup<\/strong> et ses records de prises<\/h2>\n\n\n\n<p class=\"ls-paragraph\">Ses eaux poissonneuses sont connues pour d\u00e9tenir plusieurs <strong>records de prises<\/strong>, notamment celle du plus gros brochet, in\u00e9gal\u00e9 par les plaisanciers du <strong>camping p\u00eache<\/strong>.<\/p>\n\n\n\n<p class=\"ls-paragraph\">Depuis les pontons ou sur embarcation pour rechercher de la profondeur, la <strong>p\u00eache en Aveyron<\/strong> peut se pratiquer sur l\u2019ensemble du lac. Les<strong> carpistes<\/strong> appr\u00e9cient le lac de Pareloup pour ses bancs de carpes qu\u2019il est possible de p\u00eacher de nuit. La moyenne de poids des carpes prises est de 7 kg, mais des sp\u00e9cimens de 25 kg sont r\u00e9guli\u00e8rement crois\u00e9s.<br>Le lac regorge aussi de br\u00e8mes et de gardons. Ce sont n\u00e9anmoins les carnassiers qui attirent le plus souvent les p\u00eacheurs \u00e0 Pareloup. Avec ses <strong>prises records de brochets et de sandres<\/strong>, il suscite beaucoup d\u2019attentes chez les passionn\u00e9s. Les \u00e9crevisses signal sont aussi l\u00e9gion dans les eaux du lac.<\/p>\n<\/div>\n<\/div>\n\n\r\n    <\/div>\r\n<\/section>\n\n<section id=\"ls-section-block_216e3e66888794a4b89f8a7b99b36b93\" class=\"ls-section  page-two background-blu-right has-p-t p-t-14\" >\r\n        <div class=\"container container--wide\">\r\n        \n\n<div class=\"wp-block-columns is-layout-flex wp-container-core-columns-is-layout-9d6595d7 wp-block-columns-is-layout-flex\">\n<div class=\"wp-block-column is-vertically-aligned-top first is-layout-flow wp-block-column-is-layout-flow\" style=\"flex-basis:33.33%\">\n<h2 class=\"ls__heading wp-block-heading\">Alliez <strong>camping et p\u00eache<\/strong> en Aveyron !<\/h2>\n\n\n\n<p class=\"ls-paragraph\">Envie d&rsquo;un s\u00e9jour <strong>p\u00eache en Aveyron<\/strong> ? Tout pr\u00e8s du camping Les Gen\u00eats, un guide local propose aux d\u00e9butants et aux enfants des stages et s\u00e9ances d\u2019initiation aux diff\u00e9rentes techniques de p\u00eache qui peuvent \u00eatre pratiqu\u00e9es sur le lac.<\/p>\n\n\n\n<p class=\"ls-paragraph\">Si vous souhaitez d\u00e9couvrir la discipline et que vous ne poss\u00e9dez pas de permis \u00e0 l\u2019ann\u00e9e, il vous suffit de prendre une carte de p\u00eache \u00e0 la journ\u00e9e ou \u00e0 la semaine. Un magasin d\u2019articles de p\u00eache est pr\u00e9sent \u00e0 Salles-Curan, dans la ville du camping.<\/p>\n<\/div>\n\n\n\n<div class=\"wp-block-column second is-layout-flow wp-block-column-is-layout-flow\" style=\"flex-basis:66.66%\">\n<figure class=\"wp-block-image size-full image\"><img decoding=\"async\" width=\"2560\" height=\"1707\" src=\"https:\/\/www.camping-les-genets.fr\/wp-content\/uploads\/2023\/09\/Peche-au-camping-les-Genets-scaled.webp\" alt=\"Peche au camping les Genets\" class=\"wp-image-1654\" srcset=\"https:\/\/www.camping-les-genets.fr\/wp-content\/uploads\/2023\/09\/Peche-au-camping-les-Genets-scaled.webp 2560w, https:\/\/www.camping-les-genets.fr\/wp-content\/uploads\/2023\/09\/Peche-au-camping-les-Genets-300x200.webp 300w, https:\/\/www.camping-les-genets.fr\/wp-content\/uploads\/2023\/09\/Peche-au-camping-les-Genets-1024x683.webp 1024w, https:\/\/www.camping-les-genets.fr\/wp-content\/uploads\/2023\/09\/Peche-au-camping-les-Genets-768x512.webp 768w, https:\/\/www.camping-les-genets.fr\/wp-content\/uploads\/2023\/09\/Peche-au-camping-les-Genets-1536x1024.webp 1536w, https:\/\/www.camping-les-genets.fr\/wp-content\/uploads\/2023\/09\/Peche-au-camping-les-Genets-2048x1365.webp 2048w\" sizes=\"(max-width: 2560px) 100vw, 2560px\" \/><\/figure>\n<\/div>\n<\/div>\n\n\r\n    <\/div>\r\n<\/section>\n\n<section id=\"ls-section-block_42b1c80a297e77f03c522dd641ac998d\" class=\"ls-section  page-maillage has-p-t p-t-14 has-p-b p-b-14\" >\r\n        <div class=\"container container--wide\">\r\n        \n\n<div id=\"ls-heading ls-titre-div-block_c4a7873d3d395cf26a718a383d743a4f\" class=\"ls-titre-div aligncenter h2-like has-m-b m-b-8\" >\n    D\u00e9couvrez le lac de Pareloup, les balades de cano\u00eb en Aveyron et le village de Saint C\u00f4me d&rsquo;Olt !<\/div>\n\n\n<div id=\"ls-maillage-block_2cf71a84c29bb0cb238cc1eec51d2371\" class=\"ls-maillage slow animated fadeInUp delay-100ms cta-style-normal\" data-rows=\"3\">\r\n    <div class=\"wp-block-columns\"><div class=\"wp-block-column\">\n\n<a href=\"https:\/\/www.camping-les-genets.fr\/fr\/lac-de-pareloup\/\" target=\"\" rel=\"noopener\" class=\"ls-cta__link\">\n\n\t<div class=\"ls-cta__image\"><img decoding=\"async\" src=\"https:\/\/www.camping-les-genets.fr\/wp-content\/uploads\/2023\/09\/Lac-de-Pareloup-proche-du-camping-les-genets-768x1011.webp\" alt=\"Lac d'aubrac proche du camping les gen\u00eats\"><\/div>\n\t<div class=\"ls-cta__title\">\n\t\tLac de pareloup\t<\/div>\n\n\t\t\n<\/a><\/div><div class=\"wp-block-column\">\n\n<a href=\"https:\/\/www.camping-les-genets.fr\/fr\/tourisme-saint-come-d-olt\/\" target=\"\" rel=\"noopener\" class=\"ls-cta__link\">\n\n\t<div class=\"ls-cta__image\"><img decoding=\"async\" src=\"https:\/\/www.camping-les-genets.fr\/wp-content\/uploads\/2023\/09\/eglise-de-Saint-Come-dOlt-768x1152.webp\" alt=\"\u00e9glise de Saint C\u00f4me d'Olt\"><\/div>\n\t<div class=\"ls-cta__title\">\n\t\tSaint-C\u00f4me-d\u2019Olt\t<\/div>\n\n\t\t\n<\/a><\/div><div class=\"wp-block-column\">\n\n<a href=\"https:\/\/www.camping-les-genets.fr\/moulin-de-roupeyrac\/attachment\/les-moulins-de-roupeyrac\/\" target=\"\" rel=\"noopener\" class=\"ls-cta__link\">\n\n\t<div class=\"ls-cta__image\"><img decoding=\"async\" src=\"https:\/\/www.camping-les-genets.fr\/wp-content\/uploads\/2023\/07\/camping-les-genets-en-aveyron_1-768x432.jpg\" alt=\"camping les genets en aveyron\"><\/div>\n\t<div class=\"ls-cta__title\">\n\t\tles Moulins de Roupeyrac\t<\/div>\n\n\t\t\n<\/a><\/div><\/div><\/div>\n\r\n    <\/div>\r\n<\/section>","protected":false},"excerpt":{"rendered":"","protected":false},"author":1,"featured_media":1658,"parent":0,"menu_order":0,"comment_status":"closed","ping_status":"closed","template":"","meta":{"_acf_changed":false,"inline_featured_image":false,"footnotes":""},"sujet":[],"class_list":["post-1643","page","type-page","status-publish","has-post-thumbnail","hentry"],"acf":[],"yoast_head":"<!-- This site is optimized with the Yoast SEO plugin v27.3 - https:\/\/yoast.com\/product\/yoast-seo-wordpress\/ -->\n<title>Peche Aveyron : S\u00e9jour et guide de p\u00eache au lac de Pareloup<\/title>\n<meta name=\"description\" content=\"Envie d&#039;un s\u00e9jour p\u00eache en Aveyron ? Bienvenue au camping p\u00eache Les gen\u00eats au lac de Pareloup, des guides de p\u00eache vous attendent \u00e0 proximit\u00e9 !\" \/>\n<meta name=\"robots\" content=\"index, follow, max-snippet:-1, max-image-preview:large, max-video-preview:-1\" \/>\n<link rel=\"canonical\" href=\"https:\/\/www.camping-les-genets.fr\/fr\/peche-en-aveyron\/\" \/>\n<meta property=\"og:locale\" content=\"fr_FR\" \/>\n<meta property=\"og:type\" content=\"article\" \/>\n<meta property=\"og:title\" content=\"Peche Aveyron : S\u00e9jour et guide de p\u00eache au lac de Pareloup\" \/>\n<meta property=\"og:description\" content=\"Envie d&#039;un s\u00e9jour p\u00eache en Aveyron ? Bienvenue au camping p\u00eache Les gen\u00eats au lac de Pareloup, des guides de p\u00eache vous attendent \u00e0 proximit\u00e9 !\" \/>\n<meta property=\"og:url\" content=\"https:\/\/www.camping-les-genets.fr\/fr\/peche-en-aveyron\/\" \/>\n<meta property=\"og:site_name\" content=\"Camping les Genets\" \/>\n<meta property=\"article:modified_time\" content=\"2025-04-22T12:55:06+00:00\" \/>\n<meta property=\"og:image\" content=\"https:\/\/www.camping-les-genets.fr\/wp-content\/uploads\/2023\/09\/Activite-peche-au-lac-de-pareloup-en-Aveyron.webp\" \/>\n\t<meta property=\"og:image:width\" content=\"8256\" \/>\n\t<meta property=\"og:image:height\" content=\"5504\" \/>\n\t<meta property=\"og:image:type\" content=\"image\/webp\" \/>\n<meta name=\"twitter:card\" content=\"summary_large_image\" \/>\n<meta name=\"twitter:label1\" content=\"Dur\u00e9e de lecture estim\u00e9e\" \/>\n\t<meta name=\"twitter:data1\" content=\"2 minutes\" \/>\n<script type=\"application\/ld+json\" class=\"yoast-schema-graph\">{\"@context\":\"https:\\\/\\\/schema.org\",\"@graph\":[{\"@type\":\"WebPage\",\"@id\":\"https:\\\/\\\/www.camping-les-genets.fr\\\/fr\\\/peche-en-aveyron\\\/\",\"url\":\"https:\\\/\\\/www.camping-les-genets.fr\\\/fr\\\/peche-en-aveyron\\\/\",\"name\":\"Peche Aveyron : S\u00e9jour et guide de p\u00eache au lac de Pareloup\",\"isPartOf\":{\"@id\":\"https:\\\/\\\/www.camping-les-genets.fr\\\/fr\\\/#website\"},\"primaryImageOfPage\":{\"@id\":\"https:\\\/\\\/www.camping-les-genets.fr\\\/fr\\\/peche-en-aveyron\\\/#primaryimage\"},\"image\":{\"@id\":\"https:\\\/\\\/www.camping-les-genets.fr\\\/fr\\\/peche-en-aveyron\\\/#primaryimage\"},\"thumbnailUrl\":\"https:\\\/\\\/www.camping-les-genets.fr\\\/wp-content\\\/uploads\\\/2023\\\/09\\\/Activite-peche-au-lac-de-pareloup-en-Aveyron.webp\",\"datePublished\":\"2023-09-11T09:09:14+00:00\",\"dateModified\":\"2025-04-22T12:55:06+00:00\",\"description\":\"Envie d'un s\u00e9jour p\u00eache en Aveyron ? Bienvenue au camping p\u00eache Les gen\u00eats au lac de Pareloup, des guides de p\u00eache vous attendent \u00e0 proximit\u00e9 !\",\"breadcrumb\":{\"@id\":\"https:\\\/\\\/www.camping-les-genets.fr\\\/fr\\\/peche-en-aveyron\\\/#breadcrumb\"},\"inLanguage\":\"fr-FR\",\"potentialAction\":[{\"@type\":\"ReadAction\",\"target\":[\"https:\\\/\\\/www.camping-les-genets.fr\\\/fr\\\/peche-en-aveyron\\\/\"]}]},{\"@type\":\"ImageObject\",\"inLanguage\":\"fr-FR\",\"@id\":\"https:\\\/\\\/www.camping-les-genets.fr\\\/fr\\\/peche-en-aveyron\\\/#primaryimage\",\"url\":\"https:\\\/\\\/www.camping-les-genets.fr\\\/wp-content\\\/uploads\\\/2023\\\/09\\\/Activite-peche-au-lac-de-pareloup-en-Aveyron.webp\",\"contentUrl\":\"https:\\\/\\\/www.camping-les-genets.fr\\\/wp-content\\\/uploads\\\/2023\\\/09\\\/Activite-peche-au-lac-de-pareloup-en-Aveyron.webp\",\"width\":8256,\"height\":5504,\"caption\":\"Activit\u00e9 peche au lac de pareloup en Aveyron\"},{\"@type\":\"BreadcrumbList\",\"@id\":\"https:\\\/\\\/www.camping-les-genets.fr\\\/fr\\\/peche-en-aveyron\\\/#breadcrumb\",\"itemListElement\":[{\"@type\":\"ListItem\",\"position\":1,\"name\":\"Camping Aveyron\",\"item\":\"https:\\\/\\\/www.camping-les-genets.fr\\\/fr\\\/\"},{\"@type\":\"ListItem\",\"position\":2,\"name\":\"P\u00eache en Aveyron\"}]},{\"@type\":\"WebSite\",\"@id\":\"https:\\\/\\\/www.camping-les-genets.fr\\\/fr\\\/#website\",\"url\":\"https:\\\/\\\/www.camping-les-genets.fr\\\/fr\\\/\",\"name\":\"Camping les Genets\",\"description\":\"\",\"publisher\":{\"@id\":\"https:\\\/\\\/www.camping-les-genets.fr\\\/fr\\\/#organization\"},\"potentialAction\":[{\"@type\":\"SearchAction\",\"target\":{\"@type\":\"EntryPoint\",\"urlTemplate\":\"https:\\\/\\\/www.camping-les-genets.fr\\\/fr\\\/?s={search_term_string}\"},\"query-input\":{\"@type\":\"PropertyValueSpecification\",\"valueRequired\":true,\"valueName\":\"search_term_string\"}}],\"inLanguage\":\"fr-FR\"},{\"@type\":\"Organization\",\"@id\":\"https:\\\/\\\/www.camping-les-genets.fr\\\/fr\\\/#organization\",\"name\":\"Camping les Genets\",\"url\":\"https:\\\/\\\/www.camping-les-genets.fr\\\/fr\\\/\",\"logo\":{\"@type\":\"ImageObject\",\"inLanguage\":\"fr-FR\",\"@id\":\"https:\\\/\\\/www.camping-les-genets.fr\\\/fr\\\/#\\\/schema\\\/logo\\\/image\\\/\",\"url\":\"https:\\\/\\\/www.camping-les-genets.fr\\\/wp-content\\\/uploads\\\/2023\\\/07\\\/cropped-logo-camping-genets-footer.png\",\"contentUrl\":\"https:\\\/\\\/www.camping-les-genets.fr\\\/wp-content\\\/uploads\\\/2023\\\/07\\\/cropped-logo-camping-genets-footer.png\",\"width\":500,\"height\":295,\"caption\":\"Camping les Genets\"},\"image\":{\"@id\":\"https:\\\/\\\/www.camping-les-genets.fr\\\/fr\\\/#\\\/schema\\\/logo\\\/image\\\/\"}}]}<\/script>\n<!-- \/ Yoast SEO plugin. -->","yoast_head_json":{"title":"Peche Aveyron : S\u00e9jour et guide de p\u00eache au lac de Pareloup","description":"Envie d'un s\u00e9jour p\u00eache en Aveyron ? Bienvenue au camping p\u00eache Les gen\u00eats au lac de Pareloup, des guides de p\u00eache vous attendent \u00e0 proximit\u00e9 !","robots":{"index":"index","follow":"follow","max-snippet":"max-snippet:-1","max-image-preview":"max-image-preview:large","max-video-preview":"max-video-preview:-1"},"canonical":"https:\/\/www.camping-les-genets.fr\/fr\/peche-en-aveyron\/","og_locale":"fr_FR","og_type":"article","og_title":"Peche Aveyron : S\u00e9jour et guide de p\u00eache au lac de Pareloup","og_description":"Envie d'un s\u00e9jour p\u00eache en Aveyron ? Bienvenue au camping p\u00eache Les gen\u00eats au lac de Pareloup, des guides de p\u00eache vous attendent \u00e0 proximit\u00e9 !","og_url":"https:\/\/www.camping-les-genets.fr\/fr\/peche-en-aveyron\/","og_site_name":"Camping les Genets","article_modified_time":"2025-04-22T12:55:06+00:00","og_image":[{"width":8256,"height":5504,"url":"https:\/\/www.camping-les-genets.fr\/wp-content\/uploads\/2023\/09\/Activite-peche-au-lac-de-pareloup-en-Aveyron.webp","type":"image\/webp"}],"twitter_card":"summary_large_image","twitter_misc":{"Dur\u00e9e de lecture estim\u00e9e":"2 minutes"},"schema":{"@context":"https:\/\/schema.org","@graph":[{"@type":"WebPage","@id":"https:\/\/www.camping-les-genets.fr\/fr\/peche-en-aveyron\/","url":"https:\/\/www.camping-les-genets.fr\/fr\/peche-en-aveyron\/","name":"Peche Aveyron : S\u00e9jour et guide de p\u00eache au lac de Pareloup","isPartOf":{"@id":"https:\/\/www.camping-les-genets.fr\/fr\/#website"},"primaryImageOfPage":{"@id":"https:\/\/www.camping-les-genets.fr\/fr\/peche-en-aveyron\/#primaryimage"},"image":{"@id":"https:\/\/www.camping-les-genets.fr\/fr\/peche-en-aveyron\/#primaryimage"},"thumbnailUrl":"https:\/\/www.camping-les-genets.fr\/wp-content\/uploads\/2023\/09\/Activite-peche-au-lac-de-pareloup-en-Aveyron.webp","datePublished":"2023-09-11T09:09:14+00:00","dateModified":"2025-04-22T12:55:06+00:00","description":"Envie d'un s\u00e9jour p\u00eache en Aveyron ? Bienvenue au camping p\u00eache Les gen\u00eats au lac de Pareloup, des guides de p\u00eache vous attendent \u00e0 proximit\u00e9 !","breadcrumb":{"@id":"https:\/\/www.camping-les-genets.fr\/fr\/peche-en-aveyron\/#breadcrumb"},"inLanguage":"fr-FR","potentialAction":[{"@type":"ReadAction","target":["https:\/\/www.camping-les-genets.fr\/fr\/peche-en-aveyron\/"]}]},{"@type":"ImageObject","inLanguage":"fr-FR","@id":"https:\/\/www.camping-les-genets.fr\/fr\/peche-en-aveyron\/#primaryimage","url":"https:\/\/www.camping-les-genets.fr\/wp-content\/uploads\/2023\/09\/Activite-peche-au-lac-de-pareloup-en-Aveyron.webp","contentUrl":"https:\/\/www.camping-les-genets.fr\/wp-content\/uploads\/2023\/09\/Activite-peche-au-lac-de-pareloup-en-Aveyron.webp","width":8256,"height":5504,"caption":"Activit\u00e9 peche au lac de pareloup en Aveyron"},{"@type":"BreadcrumbList","@id":"https:\/\/www.camping-les-genets.fr\/fr\/peche-en-aveyron\/#breadcrumb","itemListElement":[{"@type":"ListItem","position":1,"name":"Camping Aveyron","item":"https:\/\/www.camping-les-genets.fr\/fr\/"},{"@type":"ListItem","position":2,"name":"P\u00eache en Aveyron"}]},{"@type":"WebSite","@id":"https:\/\/www.camping-les-genets.fr\/fr\/#website","url":"https:\/\/www.camping-les-genets.fr\/fr\/","name":"Camping les Genets","description":"","publisher":{"@id":"https:\/\/www.camping-les-genets.fr\/fr\/#organization"},"potentialAction":[{"@type":"SearchAction","target":{"@type":"EntryPoint","urlTemplate":"https:\/\/www.camping-les-genets.fr\/fr\/?s={search_term_string}"},"query-input":{"@type":"PropertyValueSpecification","valueRequired":true,"valueName":"search_term_string"}}],"inLanguage":"fr-FR"},{"@type":"Organization","@id":"https:\/\/www.camping-les-genets.fr\/fr\/#organization","name":"Camping les Genets","url":"https:\/\/www.camping-les-genets.fr\/fr\/","logo":{"@type":"ImageObject","inLanguage":"fr-FR","@id":"https:\/\/www.camping-les-genets.fr\/fr\/#\/schema\/logo\/image\/","url":"https:\/\/www.camping-les-genets.fr\/wp-content\/uploads\/2023\/07\/cropped-logo-camping-genets-footer.png","contentUrl":"https:\/\/www.camping-les-genets.fr\/wp-content\/uploads\/2023\/07\/cropped-logo-camping-genets-footer.png","width":500,"height":295,"caption":"Camping les Genets"},"image":{"@id":"https:\/\/www.camping-les-genets.fr\/fr\/#\/schema\/logo\/image\/"}}]}},"_links":{"self":[{"href":"https:\/\/www.camping-les-genets.fr\/fr\/wp-json\/wp\/v2\/pages\/1643","targetHints":{"allow":["GET"]}}],"collection":[{"href":"https:\/\/www.camping-les-genets.fr\/fr\/wp-json\/wp\/v2\/pages"}],"about":[{"href":"https:\/\/www.camping-les-genets.fr\/fr\/wp-json\/wp\/v2\/types\/page"}],"author":[{"embeddable":true,"href":"https:\/\/www.camping-les-genets.fr\/fr\/wp-json\/wp\/v2\/users\/1"}],"replies":[{"embeddable":true,"href":"https:\/\/www.camping-les-genets.fr\/fr\/wp-json\/wp\/v2\/comments?post=1643"}],"version-history":[{"count":20,"href":"https:\/\/www.camping-les-genets.fr\/fr\/wp-json\/wp\/v2\/pages\/1643\/revisions"}],"predecessor-version":[{"id":7353,"href":"https:\/\/www.camping-les-genets.fr\/fr\/wp-json\/wp\/v2\/pages\/1643\/revisions\/7353"}],"wp:featuredmedia":[{"embeddable":true,"href":"https:\/\/www.camping-les-genets.fr\/fr\/wp-json\/wp\/v2\/media\/1658"}],"wp:attachment":[{"href":"https:\/\/www.camping-les-genets.fr\/fr\/wp-json\/wp\/v2\/media?parent=1643"}],"wp:term":[{"taxonomy":"sujet","embeddable":true,"href":"https:\/\/www.camping-les-genets.fr\/fr\/wp-json\/wp\/v2\/sujet?post=1643"}],"curies":[{"name":"wp","href":"https:\/\/api.w.org\/{rel}","templated":true}]}}