{"id":1474,"date":"2023-09-08T10:48:19","date_gmt":"2023-09-08T08:48:19","guid":{"rendered":"https:\/\/www.camping-les-genets.fr\/?page_id=1474"},"modified":"2025-01-15T10:51:34","modified_gmt":"2025-01-15T09:51:34","slug":"tourisme-rodez","status":"publish","type":"page","link":"https:\/\/www.camping-les-genets.fr\/fr\/tourisme-rodez\/","title":{"rendered":"Rodez"},"content":{"rendered":"<section id=\"ls-section-block_46eb857fd9ed26d3fba7e00b1b56c689\" class=\"ls-section  page-chapeau has-p-b p-b-0\" >\r\n        <div class=\"container \">\r\n        \n\n<h1 class=\"ls__heading wp-block-heading has-text-align-center animated fadeInLeft delay-100ms slow\"><strong>Rodez<\/strong><\/h1>\n\n\r\n    <\/div>\r\n<\/section>\n\n<section id=\"ls-section-block_05a8a6cd8d9aba665e25c18fe4b97079\" class=\"ls-section  page-one has-p-b p-b-14\" >\r\n        <div class=\"container container--full\">\r\n        \n\n<div class=\"wp-block-columns is-layout-flex wp-container-core-columns-is-layout-9d6595d7 wp-block-columns-is-layout-flex\">\n<div class=\"wp-block-column first is-layout-flow wp-block-column-is-layout-flow\" style=\"flex-basis:66.66%\">\n<figure class=\"wp-block-image size-full\"><img decoding=\"async\" width=\"2560\" height=\"1919\" src=\"https:\/\/www.camping-les-genets.fr\/wp-content\/uploads\/2023\/09\/Ville-de-rodez-proche-du-camping-les-genets.webp\" alt=\"Ville de rodez proche du camping les genets\" class=\"wp-image-2529\" srcset=\"https:\/\/www.camping-les-genets.fr\/wp-content\/uploads\/2023\/09\/Ville-de-rodez-proche-du-camping-les-genets.webp 2560w, https:\/\/www.camping-les-genets.fr\/wp-content\/uploads\/2023\/09\/Ville-de-rodez-proche-du-camping-les-genets-300x225.webp 300w, https:\/\/www.camping-les-genets.fr\/wp-content\/uploads\/2023\/09\/Ville-de-rodez-proche-du-camping-les-genets-1024x768.webp 1024w, https:\/\/www.camping-les-genets.fr\/wp-content\/uploads\/2023\/09\/Ville-de-rodez-proche-du-camping-les-genets-768x576.webp 768w, https:\/\/www.camping-les-genets.fr\/wp-content\/uploads\/2023\/09\/Ville-de-rodez-proche-du-camping-les-genets-1536x1151.webp 1536w, https:\/\/www.camping-les-genets.fr\/wp-content\/uploads\/2023\/09\/Ville-de-rodez-proche-du-camping-les-genets-2048x1535.webp 2048w\" sizes=\"(max-width: 2560px) 100vw, 2560px\" \/><\/figure>\n<\/div>\n\n\n\n<div class=\"wp-block-column is-vertically-aligned-center second has-color-white-background-color has-background is-layout-flow wp-block-column-is-layout-flow\" style=\"flex-basis:33.33%\">\n<h2 class=\"ls__heading wp-block-heading\"><strong>Vacances<\/strong> \u00e0 Rodez<\/h2>\n\n\n\n<p class=\"ls-paragraph\"><strong>Capitale de l\u2019Aveyron labellis\u00e9e Pays d\u2019art et d\u2019histoire<\/strong>, la ville de Rodez est riche d\u2019un exceptionnel patrimoine. Entre les<strong> tr\u00e9sors du centre historique<\/strong>, le monast\u00e8re, le mus\u00e9e Soulages et les berges am\u00e9nag\u00e9es de la rivi\u00e8re Aveyron, Rodez vous invite \u00e0 d\u00e9couvrir ses multiples facettes. Situ\u00e9e \u00e0 un peu plus de 40 km au nord du <a href=\"https:\/\/www.camping-les-genets.fr\/fr\/\">camping au Lac de Pareloup 5 \u00e9toiles<\/a>, <strong>Rodez<\/strong> vous attend pour une intense journ\u00e9e de d\u00e9couverte !<\/p>\n\n\n\n<p class=\"ls-paragraph\">Au programme de vos vacances en <a href=\"https:\/\/www.camping-les-genets.fr\/fr\/camping-rodez\/\">camping \u00e0 Rodez<\/a>, des visites, la d\u00e9couverte du<strong> centre historique<\/strong> est bien s\u00fbr incontournable : un circuit vous est propos\u00e9 pour d\u00e9couvrir l\u2019histoire de la ville. \u00c0 l\u2019office de tourisme, <strong>un plan vous est fourni<\/strong> que vous n\u2019avez plus qu\u2019\u00e0 suivre pour ne rater aucun monument remarquable du vieux centre. Vous pouvez aussi choisir de fl\u00e2ner librement dans les rues et ruelles de la vieille ville \u00e0 la d\u00e9couverte fortuite de ses tr\u00e9sors. Parmi les <strong>sites \u00e0 ne pas manquer<\/strong> dans le centre historique figurent en premi\u00e8re place la <strong>cath\u00e9drale<\/strong> et le <strong>palais \u00e9piscopal<\/strong>.<\/p>\n\n\n\n<p class=\"ls-paragraph addReadMore showlesscontent\"><strong>Plusieurs mus\u00e9es <\/strong>peuvent vous int\u00e9resser \u00e0 Rodez : <strong>le mus\u00e9e Denys-Puech<\/strong> consacr\u00e9 \u00e0 la sculpture, <strong>le mus\u00e9e Fenaille<\/strong> et sa collection de statues-menhirs, ou encore <strong>l\u2019incontournable mus\u00e9e Soulages<\/strong>, consacr\u00e9 \u00e0 l\u2019\u0153uvre de l\u2019artiste aveyronnais et \u00e0 l\u2019art contemporain plus g\u00e9n\u00e9ralement. Faites aussi <strong>le tour du Grand Rodez<\/strong> pour d\u00e9couvrir Sainte Radegonde et Salles la Source, et si vous souhaitez visiter un ch\u00e2teau dans le d\u00e9partement de l&rsquo;Aveyron, prenez la route des Seigneurs du Rouergue<\/p>\n<\/div>\n<\/div>\n\n\r\n    <\/div>\r\n<\/section>\n\n<section id=\"ls-section-block_b5eb4912617b9dbfe614fa5978cdea92\" class=\"ls-section \" >\r\n        <div class=\"container container--wide\">\r\n        \n\n<div class=\"wp-block-columns is-layout-flex wp-container-core-columns-is-layout-9d6595d7 wp-block-columns-is-layout-flex\">\n<div class=\"wp-block-column first is-layout-flow wp-block-column-is-layout-flow\">\n<h2 class=\"ls__heading wp-block-heading\">Itin\u00e9raire <strong>pour se rendre \u00e0 Rodez<\/strong><\/h2>\n\n\n\n<p class=\"ls-paragraph\">Pour vos <strong>vacances \u00e0 Rodez<\/strong> ou dans les environs, le <strong>camping Les Gen\u00eats <\/strong>vous propose la location de mobil-home et d&#8217;emplacements de camping pour tente et camping-car en Aveyron, \u00e0 seulement 40 km de <strong>Rodez<\/strong> !<\/p>\n\n\n\n<p class=\"ls-paragraph\">Comptez environ 45 minutes en voiture pour vous rendre \u00e0 <strong>Rodez<\/strong>. Depuis Salles-Curan, prenez la D993 vers Canet-de-Salars puis Pont-de-Salars. Une fois sur la D911, suivez la direction de Rodez.<\/p>\n\n\n\n<p class=\"ls-paragraph\">Canet-de-Salars abrite une <strong>belle \u00e9glise<\/strong> (\u00e9glise Saint-Pierre) <strong>class\u00e9e monument historique<\/strong>, surnomm\u00e9e la \u00ab cath\u00e9drale du L\u00e9v\u00e9zou \u00bb. Vous apercevrez le <strong>lac de Pareloup<\/strong> sous un autre angle et pourrez faire de <strong>belles balades du c\u00f4t\u00e9 du Caussanel<\/strong> \u00e0 l\u2019aller ou au retour.<\/p>\n<\/div>\n\n\n\n<div class=\"wp-block-column is-vertically-aligned-center second is-layout-flow wp-block-column-is-layout-flow\" style=\"flex-basis:800px\">\n<iframe src=\"https:\/\/www.google.com\/maps\/embed?pb=!1m28!1m12!1m3!1d91434.25932166897!2d2.5903448460930423!3d44.26222342364707!2m3!1f0!2f0!3f0!3m2!1i1024!2i768!4f13.1!4m13!3e0!4m5!1s0x12b2683ba8eaa029%3A0x9e3dc1bbe65d1b4b!2sCamping%20les%20Gen%C3%AAts%20%7C%20Camping%20Aveyron%2C%20Lac%20de%20Pareloup%2C%20Salles-Curan!3m2!1d44.1894481!2d2.7667329!4m5!1s0x12b27d9845b9e425%3A0xaf5750dcd0f72c39!2sRodez!3m2!1d44.349388999999995!2d2.575986!5e0!3m2!1sfr!2sfr!4v1694681792875!5m2!1sfr!2sfr\" width=\"800\" height=\"600\" style=\"border:0;\" allowfullscreen=\"\" loading=\"lazy\" referrerpolicy=\"no-referrer-when-downgrade\"><\/iframe>\n<\/div>\n<\/div>\n\n\r\n    <\/div>\r\n<\/section>\n\n<section id=\"ls-section-block_8b6c7338b609d2f850afd4db5ae7e18f\" class=\"ls-section  page-maillage has-p-t p-t-14 has-p-b p-b-14\" >\r\n        <div class=\"container container--wide\">\r\n        \n\n<div id=\"ls-heading ls-titre-div-block_f8d4fde0ed5baa5bf24fc83473c72828\" class=\"ls-titre-div aligncenter h2-like has-m-b m-b-8\" >\n    D\u00e9couvrez Brousse le Ch\u00e2teau, la cit\u00e9 des insectes Micropolis et le Mus\u00e9e Soulages ! <\/div>\n\n\n<div id=\"ls-maillage-block_4bda46d1f7868c20da6a7d8759676532\" class=\"ls-maillage slow animated fadeInUp delay-100ms cta-style-normal\" data-rows=\"3\">\r\n    <div class=\"wp-block-columns\"><div class=\"wp-block-column\">\n\n<a href=\"https:\/\/www.camping-les-genets.fr\/fr\/micropolis\/\" target=\"\" rel=\"noopener\" class=\"ls-cta__link\">\n\n\t<div class=\"ls-cta__image\"><img decoding=\"async\" src=\"https:\/\/www.camping-les-genets.fr\/wp-content\/uploads\/2023\/09\/Balade-dans-la-cite-des-insectes-Micropolis-768x1152.webp\" alt=\"Balade dans la cit\u00e9 des insectes Micropolis\"><\/div>\n\t<div class=\"ls-cta__title\">\n\t\tMicropolis\t<\/div>\n\n\t\t\n<\/a><\/div><div class=\"wp-block-column\">\n\n<a href=\"https:\/\/www.camping-les-genets.fr\/fr\/musee-soulages\/\" target=\"\" rel=\"noopener\" class=\"ls-cta__link\">\n\n\t<div class=\"ls-cta__image\"><img decoding=\"async\" src=\"https:\/\/www.camping-les-genets.fr\/wp-content\/uploads\/2023\/09\/Musee-dart-contemporain-en-Aveyron-768x1150.webp\" alt=\"Mus\u00e9e d'art contemporain en Aveyron\"><\/div>\n\t<div class=\"ls-cta__title\">\n\t\tMus\u00e9e Soulages\t<\/div>\n\n\t\t\n<\/a><\/div><div class=\"wp-block-column\">\n\n<a href=\"https:\/\/www.camping-les-genets.fr\/fr\/musee-fenaille\/\" target=\"\" rel=\"noopener\" class=\"ls-cta__link\">\n\n\t<div class=\"ls-cta__image\"><img decoding=\"async\" src=\"https:\/\/www.camping-les-genets.fr\/wp-content\/uploads\/2025\/01\/musee-fenaille-768x510.jpg\" alt=\"Le mus\u00e9e Fenaille\"><\/div>\n\t<div class=\"ls-cta__title\">\n\t\tMus\u00e9e fenaille\t<\/div>\n\n\t\t\n<\/a><\/div><\/div><\/div>\n\r\n    <\/div>\r\n<\/section>","protected":false},"excerpt":{"rendered":"","protected":false},"author":1,"featured_media":2471,"parent":0,"menu_order":0,"comment_status":"closed","ping_status":"closed","template":"","meta":{"_acf_changed":false,"inline_featured_image":false,"footnotes":""},"sujet":[],"class_list":["post-1474","page","type-page","status-publish","has-post-thumbnail","hentry"],"acf":[],"yoast_head":"<!-- This site is optimized with the Yoast SEO plugin v27.3 - https:\/\/yoast.com\/product\/yoast-seo-wordpress\/ -->\n<title>Rodez : d\u00e9couvrez la capitale de l&#039;Aveyron et les activit\u00e9s \u00e0 faire \u00e0 Rodez<\/title>\n<meta name=\"description\" content=\"Vous souhaitez d\u00e9couvrir Rodez le temps de votre s\u00e9jour en Aveyron ? Tout savoir sur Rodez, la capitale de l&#039;Aveyron labellis\u00e9e Pays d&#039;art et d&#039;histoire.\" \/>\n<meta name=\"robots\" content=\"index, follow, max-snippet:-1, max-image-preview:large, max-video-preview:-1\" \/>\n<link rel=\"canonical\" href=\"https:\/\/www.camping-les-genets.fr\/fr\/tourisme-rodez\/\" \/>\n<meta property=\"og:locale\" content=\"fr_FR\" \/>\n<meta property=\"og:type\" content=\"article\" \/>\n<meta property=\"og:title\" content=\"Rodez : d\u00e9couvrez la capitale de l&#039;Aveyron et les activit\u00e9s \u00e0 faire \u00e0 Rodez\" \/>\n<meta property=\"og:description\" content=\"Vous souhaitez d\u00e9couvrir Rodez le temps de votre s\u00e9jour en Aveyron ? Tout savoir sur Rodez, la capitale de l&#039;Aveyron labellis\u00e9e Pays d&#039;art et d&#039;histoire.\" \/>\n<meta property=\"og:url\" content=\"https:\/\/www.camping-les-genets.fr\/fr\/tourisme-rodez\/\" \/>\n<meta property=\"og:site_name\" content=\"Camping les Genets\" \/>\n<meta property=\"article:modified_time\" content=\"2025-01-15T09:51:34+00:00\" \/>\n<meta property=\"og:image\" content=\"https:\/\/www.camping-les-genets.fr\/wp-content\/uploads\/2023\/09\/Rodez-proche-du-camping-les-genets-scaled.webp\" \/>\n\t<meta property=\"og:image:width\" content=\"2560\" \/>\n\t<meta property=\"og:image:height\" content=\"1709\" \/>\n\t<meta property=\"og:image:type\" content=\"image\/webp\" \/>\n<meta name=\"twitter:card\" content=\"summary_large_image\" \/>\n<meta name=\"twitter:label1\" content=\"Dur\u00e9e de lecture estim\u00e9e\" \/>\n\t<meta name=\"twitter:data1\" content=\"3 minutes\" \/>\n<script type=\"application\/ld+json\" class=\"yoast-schema-graph\">{\"@context\":\"https:\\\/\\\/schema.org\",\"@graph\":[{\"@type\":\"WebPage\",\"@id\":\"https:\\\/\\\/www.camping-les-genets.fr\\\/fr\\\/tourisme-rodez\\\/\",\"url\":\"https:\\\/\\\/www.camping-les-genets.fr\\\/fr\\\/tourisme-rodez\\\/\",\"name\":\"Rodez : d\u00e9couvrez la capitale de l'Aveyron et les activit\u00e9s \u00e0 faire \u00e0 Rodez\",\"isPartOf\":{\"@id\":\"https:\\\/\\\/www.camping-les-genets.fr\\\/fr\\\/#website\"},\"primaryImageOfPage\":{\"@id\":\"https:\\\/\\\/www.camping-les-genets.fr\\\/fr\\\/tourisme-rodez\\\/#primaryimage\"},\"image\":{\"@id\":\"https:\\\/\\\/www.camping-les-genets.fr\\\/fr\\\/tourisme-rodez\\\/#primaryimage\"},\"thumbnailUrl\":\"https:\\\/\\\/www.camping-les-genets.fr\\\/wp-content\\\/uploads\\\/2023\\\/09\\\/Rodez-proche-du-camping-les-genets-scaled.webp\",\"datePublished\":\"2023-09-08T08:48:19+00:00\",\"dateModified\":\"2025-01-15T09:51:34+00:00\",\"description\":\"Vous souhaitez d\u00e9couvrir Rodez le temps de votre s\u00e9jour en Aveyron ? Tout savoir sur Rodez, la capitale de l'Aveyron labellis\u00e9e Pays d'art et d'histoire.\",\"breadcrumb\":{\"@id\":\"https:\\\/\\\/www.camping-les-genets.fr\\\/fr\\\/tourisme-rodez\\\/#breadcrumb\"},\"inLanguage\":\"fr-FR\",\"potentialAction\":[{\"@type\":\"ReadAction\",\"target\":[\"https:\\\/\\\/www.camping-les-genets.fr\\\/fr\\\/tourisme-rodez\\\/\"]}]},{\"@type\":\"ImageObject\",\"inLanguage\":\"fr-FR\",\"@id\":\"https:\\\/\\\/www.camping-les-genets.fr\\\/fr\\\/tourisme-rodez\\\/#primaryimage\",\"url\":\"https:\\\/\\\/www.camping-les-genets.fr\\\/wp-content\\\/uploads\\\/2023\\\/09\\\/Rodez-proche-du-camping-les-genets-scaled.webp\",\"contentUrl\":\"https:\\\/\\\/www.camping-les-genets.fr\\\/wp-content\\\/uploads\\\/2023\\\/09\\\/Rodez-proche-du-camping-les-genets-scaled.webp\",\"width\":2560,\"height\":1709,\"caption\":\"Rodez proche du camping les gen\u00eats\"},{\"@type\":\"BreadcrumbList\",\"@id\":\"https:\\\/\\\/www.camping-les-genets.fr\\\/fr\\\/tourisme-rodez\\\/#breadcrumb\",\"itemListElement\":[{\"@type\":\"ListItem\",\"position\":1,\"name\":\"Camping Aveyron\",\"item\":\"https:\\\/\\\/www.camping-les-genets.fr\\\/fr\\\/\"},{\"@type\":\"ListItem\",\"position\":2,\"name\":\"Visiter Rodez\"}]},{\"@type\":\"WebSite\",\"@id\":\"https:\\\/\\\/www.camping-les-genets.fr\\\/fr\\\/#website\",\"url\":\"https:\\\/\\\/www.camping-les-genets.fr\\\/fr\\\/\",\"name\":\"Camping les Genets\",\"description\":\"\",\"publisher\":{\"@id\":\"https:\\\/\\\/www.camping-les-genets.fr\\\/fr\\\/#organization\"},\"potentialAction\":[{\"@type\":\"SearchAction\",\"target\":{\"@type\":\"EntryPoint\",\"urlTemplate\":\"https:\\\/\\\/www.camping-les-genets.fr\\\/fr\\\/?s={search_term_string}\"},\"query-input\":{\"@type\":\"PropertyValueSpecification\",\"valueRequired\":true,\"valueName\":\"search_term_string\"}}],\"inLanguage\":\"fr-FR\"},{\"@type\":\"Organization\",\"@id\":\"https:\\\/\\\/www.camping-les-genets.fr\\\/fr\\\/#organization\",\"name\":\"Camping les Genets\",\"url\":\"https:\\\/\\\/www.camping-les-genets.fr\\\/fr\\\/\",\"logo\":{\"@type\":\"ImageObject\",\"inLanguage\":\"fr-FR\",\"@id\":\"https:\\\/\\\/www.camping-les-genets.fr\\\/fr\\\/#\\\/schema\\\/logo\\\/image\\\/\",\"url\":\"https:\\\/\\\/www.camping-les-genets.fr\\\/wp-content\\\/uploads\\\/2023\\\/07\\\/cropped-logo-camping-genets-footer.png\",\"contentUrl\":\"https:\\\/\\\/www.camping-les-genets.fr\\\/wp-content\\\/uploads\\\/2023\\\/07\\\/cropped-logo-camping-genets-footer.png\",\"width\":500,\"height\":295,\"caption\":\"Camping les Genets\"},\"image\":{\"@id\":\"https:\\\/\\\/www.camping-les-genets.fr\\\/fr\\\/#\\\/schema\\\/logo\\\/image\\\/\"}}]}<\/script>\n<!-- \/ Yoast SEO plugin. -->","yoast_head_json":{"title":"Rodez : d\u00e9couvrez la capitale de l'Aveyron et les activit\u00e9s \u00e0 faire \u00e0 Rodez","description":"Vous souhaitez d\u00e9couvrir Rodez le temps de votre s\u00e9jour en Aveyron ? Tout savoir sur Rodez, la capitale de l'Aveyron labellis\u00e9e Pays d'art et d'histoire.","robots":{"index":"index","follow":"follow","max-snippet":"max-snippet:-1","max-image-preview":"max-image-preview:large","max-video-preview":"max-video-preview:-1"},"canonical":"https:\/\/www.camping-les-genets.fr\/fr\/tourisme-rodez\/","og_locale":"fr_FR","og_type":"article","og_title":"Rodez : d\u00e9couvrez la capitale de l'Aveyron et les activit\u00e9s \u00e0 faire \u00e0 Rodez","og_description":"Vous souhaitez d\u00e9couvrir Rodez le temps de votre s\u00e9jour en Aveyron ? Tout savoir sur Rodez, la capitale de l'Aveyron labellis\u00e9e Pays d'art et d'histoire.","og_url":"https:\/\/www.camping-les-genets.fr\/fr\/tourisme-rodez\/","og_site_name":"Camping les Genets","article_modified_time":"2025-01-15T09:51:34+00:00","og_image":[{"width":2560,"height":1709,"url":"https:\/\/www.camping-les-genets.fr\/wp-content\/uploads\/2023\/09\/Rodez-proche-du-camping-les-genets-scaled.webp","type":"image\/webp"}],"twitter_card":"summary_large_image","twitter_misc":{"Dur\u00e9e de lecture estim\u00e9e":"3 minutes"},"schema":{"@context":"https:\/\/schema.org","@graph":[{"@type":"WebPage","@id":"https:\/\/www.camping-les-genets.fr\/fr\/tourisme-rodez\/","url":"https:\/\/www.camping-les-genets.fr\/fr\/tourisme-rodez\/","name":"Rodez : d\u00e9couvrez la capitale de l'Aveyron et les activit\u00e9s \u00e0 faire \u00e0 Rodez","isPartOf":{"@id":"https:\/\/www.camping-les-genets.fr\/fr\/#website"},"primaryImageOfPage":{"@id":"https:\/\/www.camping-les-genets.fr\/fr\/tourisme-rodez\/#primaryimage"},"image":{"@id":"https:\/\/www.camping-les-genets.fr\/fr\/tourisme-rodez\/#primaryimage"},"thumbnailUrl":"https:\/\/www.camping-les-genets.fr\/wp-content\/uploads\/2023\/09\/Rodez-proche-du-camping-les-genets-scaled.webp","datePublished":"2023-09-08T08:48:19+00:00","dateModified":"2025-01-15T09:51:34+00:00","description":"Vous souhaitez d\u00e9couvrir Rodez le temps de votre s\u00e9jour en Aveyron ? Tout savoir sur Rodez, la capitale de l'Aveyron labellis\u00e9e Pays d'art et d'histoire.","breadcrumb":{"@id":"https:\/\/www.camping-les-genets.fr\/fr\/tourisme-rodez\/#breadcrumb"},"inLanguage":"fr-FR","potentialAction":[{"@type":"ReadAction","target":["https:\/\/www.camping-les-genets.fr\/fr\/tourisme-rodez\/"]}]},{"@type":"ImageObject","inLanguage":"fr-FR","@id":"https:\/\/www.camping-les-genets.fr\/fr\/tourisme-rodez\/#primaryimage","url":"https:\/\/www.camping-les-genets.fr\/wp-content\/uploads\/2023\/09\/Rodez-proche-du-camping-les-genets-scaled.webp","contentUrl":"https:\/\/www.camping-les-genets.fr\/wp-content\/uploads\/2023\/09\/Rodez-proche-du-camping-les-genets-scaled.webp","width":2560,"height":1709,"caption":"Rodez proche du camping les gen\u00eats"},{"@type":"BreadcrumbList","@id":"https:\/\/www.camping-les-genets.fr\/fr\/tourisme-rodez\/#breadcrumb","itemListElement":[{"@type":"ListItem","position":1,"name":"Camping Aveyron","item":"https:\/\/www.camping-les-genets.fr\/fr\/"},{"@type":"ListItem","position":2,"name":"Visiter Rodez"}]},{"@type":"WebSite","@id":"https:\/\/www.camping-les-genets.fr\/fr\/#website","url":"https:\/\/www.camping-les-genets.fr\/fr\/","name":"Camping les Genets","description":"","publisher":{"@id":"https:\/\/www.camping-les-genets.fr\/fr\/#organization"},"potentialAction":[{"@type":"SearchAction","target":{"@type":"EntryPoint","urlTemplate":"https:\/\/www.camping-les-genets.fr\/fr\/?s={search_term_string}"},"query-input":{"@type":"PropertyValueSpecification","valueRequired":true,"valueName":"search_term_string"}}],"inLanguage":"fr-FR"},{"@type":"Organization","@id":"https:\/\/www.camping-les-genets.fr\/fr\/#organization","name":"Camping les Genets","url":"https:\/\/www.camping-les-genets.fr\/fr\/","logo":{"@type":"ImageObject","inLanguage":"fr-FR","@id":"https:\/\/www.camping-les-genets.fr\/fr\/#\/schema\/logo\/image\/","url":"https:\/\/www.camping-les-genets.fr\/wp-content\/uploads\/2023\/07\/cropped-logo-camping-genets-footer.png","contentUrl":"https:\/\/www.camping-les-genets.fr\/wp-content\/uploads\/2023\/07\/cropped-logo-camping-genets-footer.png","width":500,"height":295,"caption":"Camping les Genets"},"image":{"@id":"https:\/\/www.camping-les-genets.fr\/fr\/#\/schema\/logo\/image\/"}}]}},"_links":{"self":[{"href":"https:\/\/www.camping-les-genets.fr\/fr\/wp-json\/wp\/v2\/pages\/1474","targetHints":{"allow":["GET"]}}],"collection":[{"href":"https:\/\/www.camping-les-genets.fr\/fr\/wp-json\/wp\/v2\/pages"}],"about":[{"href":"https:\/\/www.camping-les-genets.fr\/fr\/wp-json\/wp\/v2\/types\/page"}],"author":[{"embeddable":true,"href":"https:\/\/www.camping-les-genets.fr\/fr\/wp-json\/wp\/v2\/users\/1"}],"replies":[{"embeddable":true,"href":"https:\/\/www.camping-les-genets.fr\/fr\/wp-json\/wp\/v2\/comments?post=1474"}],"version-history":[{"count":40,"href":"https:\/\/www.camping-les-genets.fr\/fr\/wp-json\/wp\/v2\/pages\/1474\/revisions"}],"predecessor-version":[{"id":7099,"href":"https:\/\/www.camping-les-genets.fr\/fr\/wp-json\/wp\/v2\/pages\/1474\/revisions\/7099"}],"wp:featuredmedia":[{"embeddable":true,"href":"https:\/\/www.camping-les-genets.fr\/fr\/wp-json\/wp\/v2\/media\/2471"}],"wp:attachment":[{"href":"https:\/\/www.camping-les-genets.fr\/fr\/wp-json\/wp\/v2\/media?parent=1474"}],"wp:term":[{"taxonomy":"sujet","embeddable":true,"href":"https:\/\/www.camping-les-genets.fr\/fr\/wp-json\/wp\/v2\/sujet?post=1474"}],"curies":[{"name":"wp","href":"https:\/\/api.w.org\/{rel}","templated":true}]}}