{"id":1445,"date":"2023-09-08T10:03:41","date_gmt":"2023-09-08T08:03:41","guid":{"rendered":"https:\/\/www.camping-les-genets.fr\/?page_id=1445"},"modified":"2025-08-20T16:00:11","modified_gmt":"2025-08-20T14:00:11","slug":"tourisme-millau","status":"publish","type":"page","link":"https:\/\/www.camping-les-genets.fr\/fr\/tourisme-millau\/","title":{"rendered":"Viaduc de Millau"},"content":{"rendered":"<section id=\"ls-section-block_6453b434508ec5d44af28bc55caf0f7a\" class=\"ls-section  page-chapeau has-p-b p-b-0\" >\r\n        <div class=\"container \">\r\n        \n\n<h1 class=\"ls__heading wp-block-heading has-text-align-center animated fadeInLeft delay-100ms slow\">Viaduc de <strong>Millau<\/strong><\/h1>\n\n\r\n    <\/div>\r\n<\/section>\n\n<section id=\"ls-section-block_cd1003247ba0af4ceccd1fc2fc4787a0\" class=\"ls-section  page-one has-p-b p-b-14\" >\r\n        <div class=\"container container--full\">\r\n        \n\n<div class=\"wp-block-columns is-layout-flex wp-container-core-columns-is-layout-9d6595d7 wp-block-columns-is-layout-flex\">\n<div class=\"wp-block-column first is-layout-flow wp-block-column-is-layout-flow\" style=\"flex-basis:66.66%\">\n<figure class=\"wp-block-image size-full\"><img decoding=\"async\" width=\"1440\" height=\"1920\" src=\"https:\/\/www.camping-les-genets.fr\/wp-content\/uploads\/2023\/09\/Viaduc-de-millau-proche-du-camping-les-genets.webp\" alt=\"Viaduc de millau proche du camping les genets\" class=\"wp-image-2499\" style=\"aspect-ratio:4\/3;object-fit:cover\" srcset=\"https:\/\/www.camping-les-genets.fr\/wp-content\/uploads\/2023\/09\/Viaduc-de-millau-proche-du-camping-les-genets.webp 1440w, https:\/\/www.camping-les-genets.fr\/wp-content\/uploads\/2023\/09\/Viaduc-de-millau-proche-du-camping-les-genets-225x300.webp 225w, https:\/\/www.camping-les-genets.fr\/wp-content\/uploads\/2023\/09\/Viaduc-de-millau-proche-du-camping-les-genets-768x1024.webp 768w, https:\/\/www.camping-les-genets.fr\/wp-content\/uploads\/2023\/09\/Viaduc-de-millau-proche-du-camping-les-genets-1152x1536.webp 1152w\" sizes=\"(max-width: 1440px) 100vw, 1440px\" \/><\/figure>\n<\/div>\n\n\n\n<div class=\"wp-block-column is-vertically-aligned-center second has-color-white-background-color has-background is-layout-flow wp-block-column-is-layout-flow\" style=\"flex-basis:33.33%\">\n<h2 class=\"ls__heading wp-block-heading\"><strong>Vacances<\/strong> \u00e0 Millau<\/h2>\n\n\n\n<p class=\"ls-paragraph\">\u00c0 40 minutes au sud-est de notre <a href=\"\/\">camping 5 \u00e9toiles en Aveyron<\/a>, le <a href=\"https:\/\/www.leviaducdemillau.com\/home.html\" target=\"_blank\" rel=\"noreferrer noopener\">viaduc de Millau<\/a><strong> d\u00e9tient plusieurs records<\/strong> : tablier hauban\u00e9 le plus long du monde, pile la plus haute du monde, ou encore pyl\u00f4ne de pont autoroutier le plus haut du monde.<\/p>\n\n\n\n<p class=\"ls-paragraph\">Ce pont \u00e0 haubans aux<strong> dimensions hors-normes<\/strong> b\u00e9n\u00e9ficie d\u2019une <strong>notori\u00e9t\u00e9 internationale<\/strong>. La construction de cet ouvrage d&rsquo;art m\u00e9tallique a permis de d\u00e9sengorger les routes de d\u00e9part en vacances en Midi-Pyr\u00e9n\u00e9es gr\u00e2ce \u00e0 une nouvelle autoroute.<\/p>\n\n\n\n<p class=\"ls-paragraph addReadMore showlesscontent\">S&rsquo;il existait bien des sceptiques lorsque la premi\u00e8re pierre fut pos\u00e9e, notamment concernant sa hauteur et les quantit\u00e9s gigantesques de b\u00e9ton et d&rsquo;acier n\u00e9cessaires, ce viaduc a non seulement permis la cr\u00e9ation d&rsquo;un nouvel axe routier mais s&rsquo;est \u00e9galement offert le luxe d&rsquo;entrer dans le cercle ferm\u00e9 des <strong>monuments pr\u00e9f\u00e9r\u00e9s des fran\u00e7ais<\/strong> avec la tour Eiffel ou l&rsquo;abbaye du Mont Saint Michel, entre autres.<br><br>Pour le d\u00e9couvrir, n\u2019h\u00e9sitez pas \u00e0 faire un arr\u00eat sur l\u2019aire autorouti\u00e8re du viaduc de Millau : un <strong>belv\u00e9d\u00e8re<\/strong> vous offre une <strong>vue<\/strong> <strong>panoramique<\/strong> <strong>imprenable<\/strong> sur le pont et les paysages vallonn\u00e9s qu\u2019il surplombe.<br><br>Un <strong>espace Expo de 220 m2<\/strong> vous permet d\u2019en apprendre davantage sur les \u00e9tapes de l\u2019\u00e9dification du pont. Il est aussi possible de profiter d\u2019une <strong>visite individuelle<\/strong> de 40 minutes sur le \u00ab sentier des explorateurs \u00bb, comment\u00e9e par un guide Eiffage. Vous b\u00e9n\u00e9ficierez notamment d\u2019un <strong>point de vue privil\u00e9gi\u00e9 sur le tablier du viaduc<\/strong>.<\/p>\n<\/div>\n<\/div>\n\n\r\n    <\/div>\r\n<\/section>\n\n<section id=\"ls-section-block_c871504bd18673e93c992f2279ce1188\" class=\"ls-section \" >\r\n        <div class=\"container container--wide\">\r\n        \n\n<div class=\"wp-block-columns is-layout-flex wp-container-core-columns-is-layout-9d6595d7 wp-block-columns-is-layout-flex\">\n<div class=\"wp-block-column first is-layout-flow wp-block-column-is-layout-flow\">\n<h2 class=\"ls__heading wp-block-heading\">Itin\u00e9raire <strong>camping Viaduc de Millau<\/strong><\/h2>\n\n\n\n<p class=\"ls-paragraph\">Pour passer des vacances en <a href=\"https:\/\/www.camping-les-genets.fr\/fr\/camping-millau\/\">camping \u00e0 Millau<\/a> dans l&rsquo;aveyron \u00e0 proximit\u00e9 du viaduc de Millau, le <strong>camping Les Gen\u00eats<\/strong> vous propose la location de mobil home et d&#8217;emplacements camping pour tente et camping-car !<\/p>\n\n\n\n<p class=\"ls-paragraph\">Depuis le Camping club Les Gen\u00eats, comptez environ 1 heure pour vous rendre au <strong>viaduc de Millau<\/strong> (59 km), un des <strong>plus beaux ponts \u00e0 haubans au monde<\/strong>. \u00c0 Salles-Curan, prenez la D993 vers Montjaux. Prenez le temps de visiter son ch\u00e2teau et son \u00e9glise Saint-Quirinus avant de poursuivre en direction de Saint-Rome-en-Tarn. Cette commune est c\u00e9l\u00e8bre pour son <strong>magnifique centre-ville m\u00e9di\u00e9val<\/strong>, et nous vous conseillons de vous y arr\u00eater \u00e0 l\u2019aller ou au retour. Prenez ensuite la D41 qui borde le Tarn. Vous traverserez un autre charmant village, Compr\u00e9gnac, avant d\u2019arriver au <strong>viaduc de Millau<\/strong>.<\/p>\n<\/div>\n\n\n\n<div class=\"wp-block-column is-vertically-aligned-center second is-layout-flow wp-block-column-is-layout-flow\" style=\"flex-basis:800px\">\n<iframe src=\"https:\/\/www.google.com\/maps\/embed?pb=!1m28!1m12!1m3!1d183293.0370775136!2d2.7505914345270783!3d44.12557705188555!2m3!1f0!2f0!3f0!3m2!1i1024!2i768!4f13.1!4m13!3e0!4m5!1s0x12b2683ba8eaa029%3A0x9e3dc1bbe65d1b4b!2sCamping%20les%20Gen%C3%AAts%20%7C%20Camping%20Aveyron%2C%20Lac%20de%20Pareloup%2C%20Salles-Curan!3m2!1d44.1894481!2d2.7667329!4m5!1s0x12b24a26901e27d1%3A0xd68c6a0fa2bec6e4!2sViaduc%20de%20Millau%2C%20Viaduc%20de%20Millau%2C%20Millau!3m2!1d44.0774541!2d3.0228387999999997!5e0!3m2!1sfr!2sfr!4v1694680270806!5m2!1sfr!2sfr\" width=\"800\" height=\"600\" style=\"border:0;\" allowfullscreen=\"\" loading=\"lazy\" referrerpolicy=\"no-referrer-when-downgrade\"><\/iframe>\n<\/div>\n<\/div>\n\n\r\n    <\/div>\r\n<\/section>\n\n<section id=\"ls-section-block_a182a492a329155ae29934915053bc6d\" class=\"ls-section  page-maillage has-p-t p-t-14 has-p-b p-b-14\" >\r\n        <div class=\"container container--wide\">\r\n        \n\n<div id=\"ls-heading ls-titre-div-block_cca5448d126eee661011470b3fb561a5\" class=\"ls-titre-div aligncenter h2-like has-m-b m-b-8\" >\n    D\u00e9couvrez le village de Castelnau-P\u00e9gaytols, la Tour de Peyrebrune et le Mus\u00e9e Soulages !<\/div>\n\n\n<div id=\"ls-maillage-block_ef0adb48393e126fe1aa3a79717748bb\" class=\"ls-maillage slow animated fadeInUp delay-100ms cta-style-normal\" data-rows=\"3\">\r\n    <div class=\"wp-block-columns\"><div class=\"wp-block-column\">\n\n<a href=\"https:\/\/www.camping-les-genets.fr\/fr\/castelnau-pegayrols\/\" target=\"\" rel=\"noopener\" class=\"ls-cta__link\">\n\n\t<div class=\"ls-cta__image\"><img decoding=\"async\" src=\"https:\/\/www.camping-les-genets.fr\/wp-content\/uploads\/2023\/09\/Jolie-village-Castelnau-Pegayrols-768x1024.webp\" alt=\"Jolie village Castelnau-P\u00e9gayrols\"><\/div>\n\t<div class=\"ls-cta__title\">\n\t\tCastelnau-P\u00e9gayrols\t<\/div>\n\n\t\t\n<\/a><\/div><div class=\"wp-block-column\">\n\n<a href=\"https:\/\/www.camping-les-genets.fr\/fr\/musee-soulages\/\" target=\"\" rel=\"noopener\" class=\"ls-cta__link\">\n\n\t<div class=\"ls-cta__image\"><img decoding=\"async\" src=\"https:\/\/www.camping-les-genets.fr\/wp-content\/uploads\/2023\/09\/Musee-dart-contemporain-en-Aveyron-768x1150.webp\" alt=\"Mus\u00e9e d'art contemporain en Aveyron\"><\/div>\n\t<div class=\"ls-cta__title\">\n\t\tMus\u00e9e Soulages\t<\/div>\n\n\t\t\n<\/a><\/div><div class=\"wp-block-column\">\n\n<a href=\"https:\/\/www.camping-les-genets.fr\/fr\/visiter-severac-le-chateau\/\" target=\"\" rel=\"noopener\" class=\"ls-cta__link\">\n\n\t<div class=\"ls-cta__image\"><img decoding=\"async\" src=\"https:\/\/www.camping-les-genets.fr\/wp-content\/uploads\/2025\/03\/musee-denys-puech-a-rodez.jpg\" alt=\"Mus\u00e9e Denys Puech \u00e0 Rodez\"><\/div>\n\t<div class=\"ls-cta__title\">\n\t\tVisiter S\u00e9v\u00e9rac-le-Ch\u00e2teau\t<\/div>\n\n\t\t\n<\/a><\/div><\/div><\/div>\n\r\n    <\/div>\r\n<\/section>","protected":false},"excerpt":{"rendered":"","protected":false},"author":1,"featured_media":2495,"parent":0,"menu_order":0,"comment_status":"closed","ping_status":"closed","template":"","meta":{"_acf_changed":false,"inline_featured_image":false,"footnotes":""},"sujet":[],"class_list":["post-1445","page","type-page","status-publish","has-post-thumbnail","hentry"],"acf":[],"yoast_head":"<!-- This site is optimized with the Yoast SEO plugin v27.3 - https:\/\/yoast.com\/product\/yoast-seo-wordpress\/ -->\n<title>Viaduc de Millau : Activit\u00e9s et d\u00e9couverte du Viaduc de Millau<\/title>\n<meta name=\"description\" content=\"\u00c0 la recherche d&#039;un camping \u00e0 Millau ? Le Camping Les Gen\u00eats **** vous accueille dans l&#039;Aveyron et vous pr\u00e9sente les activit\u00e9s \u00e0 faire \u00e0 Millau !\" \/>\n<meta name=\"robots\" content=\"index, follow, max-snippet:-1, max-image-preview:large, max-video-preview:-1\" \/>\n<link rel=\"canonical\" href=\"https:\/\/www.camping-les-genets.fr\/fr\/tourisme-millau\/\" \/>\n<meta property=\"og:locale\" content=\"fr_FR\" \/>\n<meta property=\"og:type\" content=\"article\" \/>\n<meta property=\"og:title\" content=\"Viaduc de Millau : Activit\u00e9s et d\u00e9couverte du Viaduc de Millau\" \/>\n<meta property=\"og:description\" content=\"\u00c0 la recherche d&#039;un camping \u00e0 Millau ? Le Camping Les Gen\u00eats **** vous accueille dans l&#039;Aveyron et vous pr\u00e9sente les activit\u00e9s \u00e0 faire \u00e0 Millau !\" \/>\n<meta property=\"og:url\" content=\"https:\/\/www.camping-les-genets.fr\/fr\/tourisme-millau\/\" \/>\n<meta property=\"og:site_name\" content=\"Camping les Genets\" \/>\n<meta property=\"article:modified_time\" content=\"2025-08-20T14:00:11+00:00\" \/>\n<meta property=\"og:image\" content=\"https:\/\/www.camping-les-genets.fr\/wp-content\/uploads\/2023\/09\/Viaduc-de-Millau-en-Aveyron.webp\" \/>\n\t<meta property=\"og:image:width\" content=\"1920\" \/>\n\t<meta property=\"og:image:height\" content=\"1277\" \/>\n\t<meta property=\"og:image:type\" content=\"image\/webp\" \/>\n<meta name=\"twitter:card\" content=\"summary_large_image\" \/>\n<meta name=\"twitter:label1\" content=\"Dur\u00e9e de lecture estim\u00e9e\" \/>\n\t<meta name=\"twitter:data1\" content=\"3 minutes\" \/>\n<script type=\"application\/ld+json\" class=\"yoast-schema-graph\">{\"@context\":\"https:\\\/\\\/schema.org\",\"@graph\":[{\"@type\":\"WebPage\",\"@id\":\"https:\\\/\\\/www.camping-les-genets.fr\\\/fr\\\/tourisme-millau\\\/\",\"url\":\"https:\\\/\\\/www.camping-les-genets.fr\\\/fr\\\/tourisme-millau\\\/\",\"name\":\"Viaduc de Millau : Activit\u00e9s et d\u00e9couverte du Viaduc de Millau\",\"isPartOf\":{\"@id\":\"https:\\\/\\\/www.camping-les-genets.fr\\\/fr\\\/#website\"},\"primaryImageOfPage\":{\"@id\":\"https:\\\/\\\/www.camping-les-genets.fr\\\/fr\\\/tourisme-millau\\\/#primaryimage\"},\"image\":{\"@id\":\"https:\\\/\\\/www.camping-les-genets.fr\\\/fr\\\/tourisme-millau\\\/#primaryimage\"},\"thumbnailUrl\":\"https:\\\/\\\/www.camping-les-genets.fr\\\/wp-content\\\/uploads\\\/2023\\\/09\\\/Viaduc-de-Millau-en-Aveyron.webp\",\"datePublished\":\"2023-09-08T08:03:41+00:00\",\"dateModified\":\"2025-08-20T14:00:11+00:00\",\"description\":\"\u00c0 la recherche d'un camping \u00e0 Millau ? Le Camping Les Gen\u00eats **** vous accueille dans l'Aveyron et vous pr\u00e9sente les activit\u00e9s \u00e0 faire \u00e0 Millau !\",\"breadcrumb\":{\"@id\":\"https:\\\/\\\/www.camping-les-genets.fr\\\/fr\\\/tourisme-millau\\\/#breadcrumb\"},\"inLanguage\":\"fr-FR\",\"potentialAction\":[{\"@type\":\"ReadAction\",\"target\":[\"https:\\\/\\\/www.camping-les-genets.fr\\\/fr\\\/tourisme-millau\\\/\"]}]},{\"@type\":\"ImageObject\",\"inLanguage\":\"fr-FR\",\"@id\":\"https:\\\/\\\/www.camping-les-genets.fr\\\/fr\\\/tourisme-millau\\\/#primaryimage\",\"url\":\"https:\\\/\\\/www.camping-les-genets.fr\\\/wp-content\\\/uploads\\\/2023\\\/09\\\/Viaduc-de-Millau-en-Aveyron.webp\",\"contentUrl\":\"https:\\\/\\\/www.camping-les-genets.fr\\\/wp-content\\\/uploads\\\/2023\\\/09\\\/Viaduc-de-Millau-en-Aveyron.webp\",\"width\":1920,\"height\":1277,\"caption\":\"Viaduc de Millau en Aveyron\"},{\"@type\":\"BreadcrumbList\",\"@id\":\"https:\\\/\\\/www.camping-les-genets.fr\\\/fr\\\/tourisme-millau\\\/#breadcrumb\",\"itemListElement\":[{\"@type\":\"ListItem\",\"position\":1,\"name\":\"Camping Aveyron\",\"item\":\"https:\\\/\\\/www.camping-les-genets.fr\\\/fr\\\/\"},{\"@type\":\"ListItem\",\"position\":2,\"name\":\"Le viaduc de Millau\"}]},{\"@type\":\"WebSite\",\"@id\":\"https:\\\/\\\/www.camping-les-genets.fr\\\/fr\\\/#website\",\"url\":\"https:\\\/\\\/www.camping-les-genets.fr\\\/fr\\\/\",\"name\":\"Camping les Genets\",\"description\":\"\",\"publisher\":{\"@id\":\"https:\\\/\\\/www.camping-les-genets.fr\\\/fr\\\/#organization\"},\"potentialAction\":[{\"@type\":\"SearchAction\",\"target\":{\"@type\":\"EntryPoint\",\"urlTemplate\":\"https:\\\/\\\/www.camping-les-genets.fr\\\/fr\\\/?s={search_term_string}\"},\"query-input\":{\"@type\":\"PropertyValueSpecification\",\"valueRequired\":true,\"valueName\":\"search_term_string\"}}],\"inLanguage\":\"fr-FR\"},{\"@type\":\"Organization\",\"@id\":\"https:\\\/\\\/www.camping-les-genets.fr\\\/fr\\\/#organization\",\"name\":\"Camping les Genets\",\"url\":\"https:\\\/\\\/www.camping-les-genets.fr\\\/fr\\\/\",\"logo\":{\"@type\":\"ImageObject\",\"inLanguage\":\"fr-FR\",\"@id\":\"https:\\\/\\\/www.camping-les-genets.fr\\\/fr\\\/#\\\/schema\\\/logo\\\/image\\\/\",\"url\":\"https:\\\/\\\/www.camping-les-genets.fr\\\/wp-content\\\/uploads\\\/2023\\\/07\\\/cropped-logo-camping-genets-footer.png\",\"contentUrl\":\"https:\\\/\\\/www.camping-les-genets.fr\\\/wp-content\\\/uploads\\\/2023\\\/07\\\/cropped-logo-camping-genets-footer.png\",\"width\":500,\"height\":295,\"caption\":\"Camping les Genets\"},\"image\":{\"@id\":\"https:\\\/\\\/www.camping-les-genets.fr\\\/fr\\\/#\\\/schema\\\/logo\\\/image\\\/\"}}]}<\/script>\n<!-- \/ Yoast SEO plugin. -->","yoast_head_json":{"title":"Viaduc de Millau : Activit\u00e9s et d\u00e9couverte du Viaduc de Millau","description":"\u00c0 la recherche d'un camping \u00e0 Millau ? Le Camping Les Gen\u00eats **** vous accueille dans l'Aveyron et vous pr\u00e9sente les activit\u00e9s \u00e0 faire \u00e0 Millau !","robots":{"index":"index","follow":"follow","max-snippet":"max-snippet:-1","max-image-preview":"max-image-preview:large","max-video-preview":"max-video-preview:-1"},"canonical":"https:\/\/www.camping-les-genets.fr\/fr\/tourisme-millau\/","og_locale":"fr_FR","og_type":"article","og_title":"Viaduc de Millau : Activit\u00e9s et d\u00e9couverte du Viaduc de Millau","og_description":"\u00c0 la recherche d'un camping \u00e0 Millau ? Le Camping Les Gen\u00eats **** vous accueille dans l'Aveyron et vous pr\u00e9sente les activit\u00e9s \u00e0 faire \u00e0 Millau !","og_url":"https:\/\/www.camping-les-genets.fr\/fr\/tourisme-millau\/","og_site_name":"Camping les Genets","article_modified_time":"2025-08-20T14:00:11+00:00","og_image":[{"width":1920,"height":1277,"url":"https:\/\/www.camping-les-genets.fr\/wp-content\/uploads\/2023\/09\/Viaduc-de-Millau-en-Aveyron.webp","type":"image\/webp"}],"twitter_card":"summary_large_image","twitter_misc":{"Dur\u00e9e de lecture estim\u00e9e":"3 minutes"},"schema":{"@context":"https:\/\/schema.org","@graph":[{"@type":"WebPage","@id":"https:\/\/www.camping-les-genets.fr\/fr\/tourisme-millau\/","url":"https:\/\/www.camping-les-genets.fr\/fr\/tourisme-millau\/","name":"Viaduc de Millau : Activit\u00e9s et d\u00e9couverte du Viaduc de Millau","isPartOf":{"@id":"https:\/\/www.camping-les-genets.fr\/fr\/#website"},"primaryImageOfPage":{"@id":"https:\/\/www.camping-les-genets.fr\/fr\/tourisme-millau\/#primaryimage"},"image":{"@id":"https:\/\/www.camping-les-genets.fr\/fr\/tourisme-millau\/#primaryimage"},"thumbnailUrl":"https:\/\/www.camping-les-genets.fr\/wp-content\/uploads\/2023\/09\/Viaduc-de-Millau-en-Aveyron.webp","datePublished":"2023-09-08T08:03:41+00:00","dateModified":"2025-08-20T14:00:11+00:00","description":"\u00c0 la recherche d'un camping \u00e0 Millau ? Le Camping Les Gen\u00eats **** vous accueille dans l'Aveyron et vous pr\u00e9sente les activit\u00e9s \u00e0 faire \u00e0 Millau !","breadcrumb":{"@id":"https:\/\/www.camping-les-genets.fr\/fr\/tourisme-millau\/#breadcrumb"},"inLanguage":"fr-FR","potentialAction":[{"@type":"ReadAction","target":["https:\/\/www.camping-les-genets.fr\/fr\/tourisme-millau\/"]}]},{"@type":"ImageObject","inLanguage":"fr-FR","@id":"https:\/\/www.camping-les-genets.fr\/fr\/tourisme-millau\/#primaryimage","url":"https:\/\/www.camping-les-genets.fr\/wp-content\/uploads\/2023\/09\/Viaduc-de-Millau-en-Aveyron.webp","contentUrl":"https:\/\/www.camping-les-genets.fr\/wp-content\/uploads\/2023\/09\/Viaduc-de-Millau-en-Aveyron.webp","width":1920,"height":1277,"caption":"Viaduc de Millau en Aveyron"},{"@type":"BreadcrumbList","@id":"https:\/\/www.camping-les-genets.fr\/fr\/tourisme-millau\/#breadcrumb","itemListElement":[{"@type":"ListItem","position":1,"name":"Camping Aveyron","item":"https:\/\/www.camping-les-genets.fr\/fr\/"},{"@type":"ListItem","position":2,"name":"Le viaduc de Millau"}]},{"@type":"WebSite","@id":"https:\/\/www.camping-les-genets.fr\/fr\/#website","url":"https:\/\/www.camping-les-genets.fr\/fr\/","name":"Camping les Genets","description":"","publisher":{"@id":"https:\/\/www.camping-les-genets.fr\/fr\/#organization"},"potentialAction":[{"@type":"SearchAction","target":{"@type":"EntryPoint","urlTemplate":"https:\/\/www.camping-les-genets.fr\/fr\/?s={search_term_string}"},"query-input":{"@type":"PropertyValueSpecification","valueRequired":true,"valueName":"search_term_string"}}],"inLanguage":"fr-FR"},{"@type":"Organization","@id":"https:\/\/www.camping-les-genets.fr\/fr\/#organization","name":"Camping les Genets","url":"https:\/\/www.camping-les-genets.fr\/fr\/","logo":{"@type":"ImageObject","inLanguage":"fr-FR","@id":"https:\/\/www.camping-les-genets.fr\/fr\/#\/schema\/logo\/image\/","url":"https:\/\/www.camping-les-genets.fr\/wp-content\/uploads\/2023\/07\/cropped-logo-camping-genets-footer.png","contentUrl":"https:\/\/www.camping-les-genets.fr\/wp-content\/uploads\/2023\/07\/cropped-logo-camping-genets-footer.png","width":500,"height":295,"caption":"Camping les Genets"},"image":{"@id":"https:\/\/www.camping-les-genets.fr\/fr\/#\/schema\/logo\/image\/"}}]}},"_links":{"self":[{"href":"https:\/\/www.camping-les-genets.fr\/fr\/wp-json\/wp\/v2\/pages\/1445","targetHints":{"allow":["GET"]}}],"collection":[{"href":"https:\/\/www.camping-les-genets.fr\/fr\/wp-json\/wp\/v2\/pages"}],"about":[{"href":"https:\/\/www.camping-les-genets.fr\/fr\/wp-json\/wp\/v2\/types\/page"}],"author":[{"embeddable":true,"href":"https:\/\/www.camping-les-genets.fr\/fr\/wp-json\/wp\/v2\/users\/1"}],"replies":[{"embeddable":true,"href":"https:\/\/www.camping-les-genets.fr\/fr\/wp-json\/wp\/v2\/comments?post=1445"}],"version-history":[{"count":22,"href":"https:\/\/www.camping-les-genets.fr\/fr\/wp-json\/wp\/v2\/pages\/1445\/revisions"}],"predecessor-version":[{"id":7952,"href":"https:\/\/www.camping-les-genets.fr\/fr\/wp-json\/wp\/v2\/pages\/1445\/revisions\/7952"}],"wp:featuredmedia":[{"embeddable":true,"href":"https:\/\/www.camping-les-genets.fr\/fr\/wp-json\/wp\/v2\/media\/2495"}],"wp:attachment":[{"href":"https:\/\/www.camping-les-genets.fr\/fr\/wp-json\/wp\/v2\/media?parent=1445"}],"wp:term":[{"taxonomy":"sujet","embeddable":true,"href":"https:\/\/www.camping-les-genets.fr\/fr\/wp-json\/wp\/v2\/sujet?post=1445"}],"curies":[{"name":"wp","href":"https:\/\/api.w.org\/{rel}","templated":true}]}}