{"id":1071,"date":"2023-07-27T13:18:41","date_gmt":"2023-07-27T11:18:41","guid":{"rendered":"https:\/\/www.camping-les-genets.fr\/?page_id=1071"},"modified":"2025-02-26T13:43:16","modified_gmt":"2025-02-26T12:43:16","slug":"services","status":"publish","type":"page","link":"https:\/\/www.camping-les-genets.fr\/fr\/services\/","title":{"rendered":"Services"},"content":{"rendered":"<section id=\"ls-section-block_0e4aa97161cc60de0b9d4f9bc1e4dbb4\" class=\"ls-section  page-chapeau has-p-b p-b-0\" >\r\n        <div class=\"container \">\r\n        \n\n<h1 class=\"ls__heading wp-block-heading has-text-align-center animated fadeInLeft delay-100ms slow\">Les services du <strong>camping 5 \u00e9toiles<\/strong> en Aveyron<\/h1>\n\n\r\n    <\/div>\r\n<\/section>\n\n<section id=\"ls-section-block_8b1c9d2feae6d6db42965187821ea390\" class=\"ls-section  page-one has-p-b p-b-14\" >\r\n        <div class=\"container container--full\">\r\n        \n\n<div class=\"wp-block-columns is-layout-flex wp-container-core-columns-is-layout-9d6595d7 wp-block-columns-is-layout-flex\">\n<div class=\"wp-block-column first is-layout-flow wp-block-column-is-layout-flow\" style=\"flex-basis:66.66%\">\n<figure class=\"wp-block-image size-full\"><img decoding=\"async\" width=\"2560\" height=\"1707\" src=\"https:\/\/www.camping-les-genets.fr\/wp-content\/uploads\/2023\/09\/Restaurant-camping-Les-Genets-scaled.webp\" alt=\"Restaurant camping Les Gen\u00eats\" class=\"wp-image-1393\" srcset=\"https:\/\/www.camping-les-genets.fr\/wp-content\/uploads\/2023\/09\/Restaurant-camping-Les-Genets-scaled.webp 2560w, https:\/\/www.camping-les-genets.fr\/wp-content\/uploads\/2023\/09\/Restaurant-camping-Les-Genets-300x200.webp 300w, https:\/\/www.camping-les-genets.fr\/wp-content\/uploads\/2023\/09\/Restaurant-camping-Les-Genets-1024x683.webp 1024w, https:\/\/www.camping-les-genets.fr\/wp-content\/uploads\/2023\/09\/Restaurant-camping-Les-Genets-768x512.webp 768w, https:\/\/www.camping-les-genets.fr\/wp-content\/uploads\/2023\/09\/Restaurant-camping-Les-Genets-1536x1024.webp 1536w, https:\/\/www.camping-les-genets.fr\/wp-content\/uploads\/2023\/09\/Restaurant-camping-Les-Genets-2048x1365.webp 2048w\" sizes=\"(max-width: 2560px) 100vw, 2560px\" \/><\/figure>\n<\/div>\n\n\n\n<div class=\"wp-block-column is-vertically-aligned-center second has-color-white-background-color has-background is-layout-flow wp-block-column-is-layout-flow\" style=\"flex-basis:33.33%\">\n<h2 class=\"ls__heading wp-block-heading\">Camping avec <strong>bar restaurant<\/strong> en Aveyron<\/h2>\n\n\n\n<p class=\"ls-paragraph\">Le<strong> bar et le grill &#8211; pizzeria<\/strong> du <a href=\"\/\">camping 5 \u00e9toiles au c\u0153ur de l&rsquo;Aveyron<\/a> est un lieu de<strong> rendez-vous convivial <\/strong>o\u00f9 vous prendrez plaisir \u00e0 boire un verre entre deux plongeons dans le lac, comme \u00e0 vous rafra\u00eechir en savourant une bonne coupe glac\u00e9e dans l\u2019apr\u00e8s-midi.<\/p>\n\n\n\n<p class=\"ls-paragraph\">Pour vous restaurer, notre <a href=\"\/fr\/restaurant-aveyron\/\">restaurant au bord du lac de Pareloup<\/a> vous proposons une <strong>cuisine traditionnelle et savoureuse<\/strong>, des pizzas, et du snacking, sur place ou \u00e0 emporter, ainsi qu\u2019un<strong> menu sp\u00e9cial pour les enfants <\/strong>! Pizzas, burgers, nuggets, frites, fricadelles, les gourmands seront servis.<br><\/p>\n\n\n\n<p class=\"ls-paragraph addReadMore showlesscontent\">Situ\u00e9 en bord de piscine, le bar et le grill &#8211; pizzeria des Gen\u00eats offrent un cadre agr\u00e9able et reposant pour se d\u00e9tendre \u00e0 n\u2019importe quel moment de la journ\u00e9e. <br><br>Du <strong>petit caf\u00e9 matinal<\/strong> \u00e0 l\u2019<strong>ap\u00e9ritif du soir<\/strong>, en int\u00e9rieur ou sur la <strong>terrasse<\/strong> <strong>couverte<\/strong>, notre \u00e9quipe vous accueille de mai \u00e0 septembre avec la sympathie qui fait sa renomm\u00e9e. <strong>En soir\u00e9e<\/strong>, des <strong>jeux ap\u00e9ros<\/strong>, parfois suivis d\u2019un <strong>repas concert<\/strong> animent le lieu.<\/p>\n\n\n\n<a href=\"https:\/\/youtu.be\/CZwQJVes9U0\" id=\"\" target=\"_blank\" rel=\"noopener\" class=\"ls-button\" data-fancybox><span>En vid\u00e9o<\/span> <i class=\"icon-arrow-right\"><\/i><\/a>\n<\/div>\n<\/div>\n\n\r\n    <\/div>\r\n<\/section>\n\n<section id=\"ls-section-block_4950ec0058040f678f2eeb6276fbbaad\" class=\"ls-section  page-two background-blu-right has-p-t p-t-14\" >\r\n        <div class=\"container container--wide\">\r\n        \n\n<div class=\"wp-block-columns is-layout-flex wp-container-core-columns-is-layout-9d6595d7 wp-block-columns-is-layout-flex\">\n<div class=\"wp-block-column is-vertically-aligned-top first is-layout-flow wp-block-column-is-layout-flow\" style=\"flex-basis:33.33%\">\n<h2 class=\"ls__heading wp-block-heading\">Camping avec <strong>espace bien \u00eatre au lac de Pareloup<\/strong><\/h2>\n\n\n\n<p class=\"ls-paragraph\">Notre chalet bien-\u00eatre vous propose diverses prestations pour vous faire passer des vacances ressour\u00e7antes et revitalisantes. Il est possible, sur r\u00e9servation, de <strong>privatiser l\u2019acc\u00e8s au spa<\/strong> et de profiter de ses bienfaits durant 1 heure. <br><br>Vous pouvez alors vous d\u00e9tendre dans le jacuzzi et savourer la chaleur du sauna. <strong>Jusqu\u2019\u00e0<\/strong> <strong>4 personnes<\/strong> peuvent profiter de l\u2019acc\u00e8s au spa en m\u00eame temps.<\/p>\n\n\n\n<p class=\"ls-paragraph addReadMore showlesscontent\">Notre \u00e9quipe se fera un plaisir de vous mettre en relation avec des professionnels qui se d\u00e9placent au camping pour <strong>proposer<\/strong> <strong>des<\/strong> <strong>modelages<\/strong> : n\u2019oubliez pas de r\u00e9server votre moment bien-\u00eatre ! <br><br>La pr\u00e9sence du spa dans le camping est un agr\u00e9ment de taille pour prolonger les plaisirs de l\u2019eau et en go\u00fbter les bienfaits multiples : apr\u00e8s une s\u00e9ance d\u2019aquagym dans la piscine chauff\u00e9e, des jeux dans le lac ou des activit\u00e9s nautiques sportives, le sauna et le bain bouillonnant d\u00e9tendent vos muscles et vous apaisent.<\/p>\n\n\n\n<a href=\"https:\/\/youtu.be\/Gik-1MCXrVc\" id=\"ls-button-block_e3f51080f40f65afc66b87f0f52f8332\" target=\"_blank\" rel=\"noopener\" class=\"ls-button\" ><span>En vid\u00e9o<\/span> <i class='icon-arrow-right'><\/i><\/a>\n\n<\/div>\n\n\n\n<div class=\"wp-block-column second is-layout-flow wp-block-column-is-layout-flow\" style=\"flex-basis:66.66%\">\n<figure class=\"wp-block-image size-full image\"><img decoding=\"async\" width=\"1920\" height=\"1440\" src=\"https:\/\/www.camping-les-genets.fr\/wp-content\/uploads\/2024\/02\/massage.webp\" alt=\"\" class=\"wp-image-6865\" srcset=\"https:\/\/www.camping-les-genets.fr\/wp-content\/uploads\/2024\/02\/massage.webp 1920w, https:\/\/www.camping-les-genets.fr\/wp-content\/uploads\/2024\/02\/massage-300x225.webp 300w, https:\/\/www.camping-les-genets.fr\/wp-content\/uploads\/2024\/02\/massage-1024x768.webp 1024w, https:\/\/www.camping-les-genets.fr\/wp-content\/uploads\/2024\/02\/massage-768x576.webp 768w, https:\/\/www.camping-les-genets.fr\/wp-content\/uploads\/2024\/02\/massage-1536x1152.webp 1536w\" sizes=\"(max-width: 1920px) 100vw, 1920px\" \/><\/figure>\n<\/div>\n<\/div>\n\n\r\n    <\/div>\r\n<\/section>\n\n<section id=\"ls-section-block_3c6d207e999fdbcaf8b6bd28a5ad1296\" class=\"ls-section  home-piscine has-background-image has-m-t m-t-5 has-p-t p-t-20 has-p-b p-b-20\" >\r\n    <div class=\"ls-section__background-image opacity-100\"><img decoding=\"async\" src=\"https:\/\/www.camping-les-genets.fr\/wp-content\/uploads\/2023\/10\/services-de-qualites-camping-aveyro.jpg\" alt=\"services de qualite camping aveyron\"><\/div>    <div class=\"container container--full\">\r\n        \n\n<div class=\"wp-block-columns is-layout-flex wp-container-core-columns-is-layout-9d6595d7 wp-block-columns-is-layout-flex\">\n<div class=\"wp-block-column is-vertically-aligned-center first is-layout-flow wp-block-column-is-layout-flow\" style=\"flex-basis:60%\"><\/div>\n\n\n\n<div class=\"wp-block-column second has-color-white-background-color has-background is-layout-flow wp-block-column-is-layout-flow\" style=\"flex-basis:40%\">\n<h2 class=\"ls__heading wp-block-heading\">Camping avec<strong> services 5 \u00e9toiles divers<\/strong><\/h2>\n\n\n\n<p class=\"ls-paragraph\">Pour que vous ne manquiez de rien durant votre s\u00e9jour, le Camping club Les Gen\u00eats vous r\u00e9serve bien d\u2019autres <strong>services<\/strong> <strong>pratiques<\/strong> : le wifi est par exemple disponible gratuitement. <br><br>Vous disposez \u00e9galement d\u2019une <strong>\u00e9picerie<\/strong>, ouverte toute la saison, qui distribue des produits frais, des saveurs locales, du <strong>pain<\/strong> <strong>frais<\/strong> <strong>tous<\/strong> <strong>les<\/strong> <strong>jours<\/strong>, des boissons, des produits m\u00e9nagers et du quotidien, ainsi que des cartes postales, des jouets et des jeux de plage.<\/p>\n\n\n\n<p class=\"ls-paragraph addReadMore showlesscontent\">Vous trouverez aussi aux Gen\u00eats une <strong>laverie<\/strong>, tr\u00e8s pratique pour les longs s\u00e9jours. Pour les camping-caristes nous avons une aire de vidange disponible. <br><br>Pour vous accorder des moments de d\u00e9tente privil\u00e9gi\u00e9s, vous pouvez compter sur notre <strong>\u00e9quipe<\/strong> <strong>d\u2019animateurs<\/strong> du <strong>club<\/strong> <strong>enfant<\/strong> pour<strong> <\/strong>amuser vos enfants.<br><br>Nous mettons enfin \u00e0 disposition des vacanciers de nombreux <strong>\u00e9quipements<\/strong> <strong>de<\/strong> <strong>loisirs<\/strong>, parmi lesquels une piscine, des terrains de sports, des jeux gonflables, ou encore un mini-golf.<\/p>\n<\/div>\n<\/div>\n\n\r\n    <\/div>\r\n<\/section>\n\n<section id=\"ls-section-block_415bde37c975bc8ee28d55fc7c7464b1\" class=\"ls-section  page-maillage has-p-t p-t-14 has-p-b p-b-14\" >\r\n        <div class=\"container container--wide\">\r\n        \n\n<div id=\"ls-heading ls-titre-div-block_8b07f6a5ef02b139223b1f86d958ca65\" class=\"ls-titre-div aligncenter h2-like has-m-b m-b-8\" >\n    D\u00e9couvrez nos locations, ainsi que les activit\u00e9s et animations organis\u00e9es <strong> en groupe ou en famille !<\/div>\n\n\n<div id=\"ls-maillage-block_587c61f3b39e114a3826e5ed770edc08\" class=\"ls-maillage slow animated fadeInUp delay-100ms cta-style-normal\" data-rows=\"3\">\r\n    <div class=\"wp-block-columns\"><div class=\"wp-block-column\">\n\n<a href=\"https:\/\/www.camping-les-genets.fr\/fr\/location\/\" target=\"\" rel=\"noopener\" class=\"ls-cta__link\">\n\n\t<div class=\"ls-cta__image\"><img decoding=\"async\" src=\"https:\/\/www.camping-les-genets.fr\/wp-content\/uploads\/2023\/09\/Mobil-home-Premium-grand-camping-Les-Genets-768x512.webp\" alt=\"Mobil home Premium grand camping Les Gen\u00eats\"><\/div>\n\t<div class=\"ls-cta__title\">\n\t\tLocations\t<\/div>\n\n\t\t\n<\/a><\/div><div class=\"wp-block-column\">\n\n<a href=\"https:\/\/www.camping-les-genets.fr\/fr\/groupe\/\" target=\"\" rel=\"noopener\" class=\"ls-cta__link\">\n\n\t<div class=\"ls-cta__image\"><img decoding=\"async\" src=\"https:\/\/www.camping-les-genets.fr\/wp-content\/uploads\/2023\/10\/camping-les-genets-en-aveyron2-768x432.jpg\" alt=\"camping les genets en aveyron\"><\/div>\n\t<div class=\"ls-cta__title\">\n\t\tGroupes\t<\/div>\n\n\t\t\n<\/a><\/div><div class=\"wp-block-column\">\n\n<a href=\"https:\/\/www.camping-les-genets.fr\/fr\/activites\/\" target=\"\" rel=\"noopener\" class=\"ls-cta__link\">\n\n\t<div class=\"ls-cta__image\"><img decoding=\"async\" src=\"https:\/\/www.camping-les-genets.fr\/wp-content\/uploads\/2024\/02\/activites_nautiques_pedalo_toboggan-768x576.webp\" alt=\"\"><\/div>\n\t<div class=\"ls-cta__title\">\n\t\tActivit\u00e9s et animations\t<\/div>\n\n\t\t\n<\/a><\/div><\/div><\/div>\n\r\n    <\/div>\r\n<\/section>","protected":false},"excerpt":{"rendered":"","protected":false},"author":1,"featured_media":4067,"parent":0,"menu_order":0,"comment_status":"closed","ping_status":"closed","template":"","meta":{"_acf_changed":false,"inline_featured_image":false,"footnotes":""},"sujet":[],"class_list":["post-1071","page","type-page","status-publish","has-post-thumbnail","hentry"],"acf":[],"yoast_head":"<!-- This site is optimized with the Yoast SEO plugin v27.3 - https:\/\/yoast.com\/product\/yoast-seo-wordpress\/ -->\n<title>Camping 5 \u00e9toiles en Aveyron au lac de Pareloup : Camping Les Gen\u00eats<\/title>\n<meta name=\"description\" content=\"D\u00e9couvrez les services du camping 5 \u00e9toiles en Aveyron Les Gen\u00eats au lac de Pareloup - Bar et restaurant, espace bien-\u00eatre, \u00e9picerie, piscine\" \/>\n<meta name=\"robots\" content=\"index, follow, max-snippet:-1, max-image-preview:large, max-video-preview:-1\" \/>\n<link rel=\"canonical\" href=\"https:\/\/www.camping-les-genets.fr\/fr\/services\/\" \/>\n<meta property=\"og:locale\" content=\"fr_FR\" \/>\n<meta property=\"og:type\" content=\"article\" \/>\n<meta property=\"og:title\" content=\"Camping 5 \u00e9toiles en Aveyron au lac de Pareloup : Camping Les Gen\u00eats\" \/>\n<meta property=\"og:description\" content=\"D\u00e9couvrez les services du camping 5 \u00e9toiles en Aveyron Les Gen\u00eats au lac de Pareloup - Bar et restaurant, espace bien-\u00eatre, \u00e9picerie, piscine\" \/>\n<meta property=\"og:url\" content=\"https:\/\/www.camping-les-genets.fr\/fr\/services\/\" \/>\n<meta property=\"og:site_name\" content=\"Camping les Genets\" \/>\n<meta property=\"article:modified_time\" content=\"2025-02-26T12:43:16+00:00\" \/>\n<meta property=\"og:image\" content=\"https:\/\/www.camping-les-genets.fr\/wp-content\/uploads\/2023\/10\/les-services-camping-genets-aveyron.jpg\" \/>\n\t<meta property=\"og:image:width\" content=\"2000\" \/>\n\t<meta property=\"og:image:height\" content=\"600\" \/>\n\t<meta property=\"og:image:type\" content=\"image\/jpeg\" \/>\n<meta name=\"twitter:card\" content=\"summary_large_image\" \/>\n<meta name=\"twitter:label1\" content=\"Dur\u00e9e de lecture estim\u00e9e\" \/>\n\t<meta name=\"twitter:data1\" content=\"4 minutes\" \/>\n<script type=\"application\/ld+json\" class=\"yoast-schema-graph\">{\"@context\":\"https:\\\/\\\/schema.org\",\"@graph\":[{\"@type\":\"WebPage\",\"@id\":\"https:\\\/\\\/www.camping-les-genets.fr\\\/fr\\\/services\\\/\",\"url\":\"https:\\\/\\\/www.camping-les-genets.fr\\\/fr\\\/services\\\/\",\"name\":\"Camping 5 \u00e9toiles en Aveyron au lac de Pareloup : Camping Les Gen\u00eats\",\"isPartOf\":{\"@id\":\"https:\\\/\\\/www.camping-les-genets.fr\\\/fr\\\/#website\"},\"primaryImageOfPage\":{\"@id\":\"https:\\\/\\\/www.camping-les-genets.fr\\\/fr\\\/services\\\/#primaryimage\"},\"image\":{\"@id\":\"https:\\\/\\\/www.camping-les-genets.fr\\\/fr\\\/services\\\/#primaryimage\"},\"thumbnailUrl\":\"https:\\\/\\\/www.camping-les-genets.fr\\\/wp-content\\\/uploads\\\/2023\\\/10\\\/les-services-camping-genets-aveyron.jpg\",\"datePublished\":\"2023-07-27T11:18:41+00:00\",\"dateModified\":\"2025-02-26T12:43:16+00:00\",\"description\":\"D\u00e9couvrez les services du camping 5 \u00e9toiles en Aveyron Les Gen\u00eats au lac de Pareloup - Bar et restaurant, espace bien-\u00eatre, \u00e9picerie, piscine\",\"breadcrumb\":{\"@id\":\"https:\\\/\\\/www.camping-les-genets.fr\\\/fr\\\/services\\\/#breadcrumb\"},\"inLanguage\":\"fr-FR\",\"potentialAction\":[{\"@type\":\"ReadAction\",\"target\":[\"https:\\\/\\\/www.camping-les-genets.fr\\\/fr\\\/services\\\/\"]}]},{\"@type\":\"ImageObject\",\"inLanguage\":\"fr-FR\",\"@id\":\"https:\\\/\\\/www.camping-les-genets.fr\\\/fr\\\/services\\\/#primaryimage\",\"url\":\"https:\\\/\\\/www.camping-les-genets.fr\\\/wp-content\\\/uploads\\\/2023\\\/10\\\/les-services-camping-genets-aveyron.jpg\",\"contentUrl\":\"https:\\\/\\\/www.camping-les-genets.fr\\\/wp-content\\\/uploads\\\/2023\\\/10\\\/les-services-camping-genets-aveyron.jpg\",\"width\":2000,\"height\":600,\"caption\":\"les services camping genets aveyron\"},{\"@type\":\"BreadcrumbList\",\"@id\":\"https:\\\/\\\/www.camping-les-genets.fr\\\/fr\\\/services\\\/#breadcrumb\",\"itemListElement\":[{\"@type\":\"ListItem\",\"position\":1,\"name\":\"Camping Aveyron\",\"item\":\"https:\\\/\\\/www.camping-les-genets.fr\\\/fr\\\/\"},{\"@type\":\"ListItem\",\"position\":2,\"name\":\"Les services du camping\"}]},{\"@type\":\"WebSite\",\"@id\":\"https:\\\/\\\/www.camping-les-genets.fr\\\/fr\\\/#website\",\"url\":\"https:\\\/\\\/www.camping-les-genets.fr\\\/fr\\\/\",\"name\":\"Camping les Genets\",\"description\":\"\",\"publisher\":{\"@id\":\"https:\\\/\\\/www.camping-les-genets.fr\\\/fr\\\/#organization\"},\"potentialAction\":[{\"@type\":\"SearchAction\",\"target\":{\"@type\":\"EntryPoint\",\"urlTemplate\":\"https:\\\/\\\/www.camping-les-genets.fr\\\/fr\\\/?s={search_term_string}\"},\"query-input\":{\"@type\":\"PropertyValueSpecification\",\"valueRequired\":true,\"valueName\":\"search_term_string\"}}],\"inLanguage\":\"fr-FR\"},{\"@type\":\"Organization\",\"@id\":\"https:\\\/\\\/www.camping-les-genets.fr\\\/fr\\\/#organization\",\"name\":\"Camping les Genets\",\"url\":\"https:\\\/\\\/www.camping-les-genets.fr\\\/fr\\\/\",\"logo\":{\"@type\":\"ImageObject\",\"inLanguage\":\"fr-FR\",\"@id\":\"https:\\\/\\\/www.camping-les-genets.fr\\\/fr\\\/#\\\/schema\\\/logo\\\/image\\\/\",\"url\":\"https:\\\/\\\/www.camping-les-genets.fr\\\/wp-content\\\/uploads\\\/2023\\\/07\\\/cropped-logo-camping-genets-footer.png\",\"contentUrl\":\"https:\\\/\\\/www.camping-les-genets.fr\\\/wp-content\\\/uploads\\\/2023\\\/07\\\/cropped-logo-camping-genets-footer.png\",\"width\":500,\"height\":295,\"caption\":\"Camping les Genets\"},\"image\":{\"@id\":\"https:\\\/\\\/www.camping-les-genets.fr\\\/fr\\\/#\\\/schema\\\/logo\\\/image\\\/\"}}]}<\/script>\n<!-- \/ Yoast SEO plugin. -->","yoast_head_json":{"title":"Camping 5 \u00e9toiles en Aveyron au lac de Pareloup : Camping Les Gen\u00eats","description":"D\u00e9couvrez les services du camping 5 \u00e9toiles en Aveyron Les Gen\u00eats au lac de Pareloup - Bar et restaurant, espace bien-\u00eatre, \u00e9picerie, piscine","robots":{"index":"index","follow":"follow","max-snippet":"max-snippet:-1","max-image-preview":"max-image-preview:large","max-video-preview":"max-video-preview:-1"},"canonical":"https:\/\/www.camping-les-genets.fr\/fr\/services\/","og_locale":"fr_FR","og_type":"article","og_title":"Camping 5 \u00e9toiles en Aveyron au lac de Pareloup : Camping Les Gen\u00eats","og_description":"D\u00e9couvrez les services du camping 5 \u00e9toiles en Aveyron Les Gen\u00eats au lac de Pareloup - Bar et restaurant, espace bien-\u00eatre, \u00e9picerie, piscine","og_url":"https:\/\/www.camping-les-genets.fr\/fr\/services\/","og_site_name":"Camping les Genets","article_modified_time":"2025-02-26T12:43:16+00:00","og_image":[{"width":2000,"height":600,"url":"https:\/\/www.camping-les-genets.fr\/wp-content\/uploads\/2023\/10\/les-services-camping-genets-aveyron.jpg","type":"image\/jpeg"}],"twitter_card":"summary_large_image","twitter_misc":{"Dur\u00e9e de lecture estim\u00e9e":"4 minutes"},"schema":{"@context":"https:\/\/schema.org","@graph":[{"@type":"WebPage","@id":"https:\/\/www.camping-les-genets.fr\/fr\/services\/","url":"https:\/\/www.camping-les-genets.fr\/fr\/services\/","name":"Camping 5 \u00e9toiles en Aveyron au lac de Pareloup : Camping Les Gen\u00eats","isPartOf":{"@id":"https:\/\/www.camping-les-genets.fr\/fr\/#website"},"primaryImageOfPage":{"@id":"https:\/\/www.camping-les-genets.fr\/fr\/services\/#primaryimage"},"image":{"@id":"https:\/\/www.camping-les-genets.fr\/fr\/services\/#primaryimage"},"thumbnailUrl":"https:\/\/www.camping-les-genets.fr\/wp-content\/uploads\/2023\/10\/les-services-camping-genets-aveyron.jpg","datePublished":"2023-07-27T11:18:41+00:00","dateModified":"2025-02-26T12:43:16+00:00","description":"D\u00e9couvrez les services du camping 5 \u00e9toiles en Aveyron Les Gen\u00eats au lac de Pareloup - Bar et restaurant, espace bien-\u00eatre, \u00e9picerie, piscine","breadcrumb":{"@id":"https:\/\/www.camping-les-genets.fr\/fr\/services\/#breadcrumb"},"inLanguage":"fr-FR","potentialAction":[{"@type":"ReadAction","target":["https:\/\/www.camping-les-genets.fr\/fr\/services\/"]}]},{"@type":"ImageObject","inLanguage":"fr-FR","@id":"https:\/\/www.camping-les-genets.fr\/fr\/services\/#primaryimage","url":"https:\/\/www.camping-les-genets.fr\/wp-content\/uploads\/2023\/10\/les-services-camping-genets-aveyron.jpg","contentUrl":"https:\/\/www.camping-les-genets.fr\/wp-content\/uploads\/2023\/10\/les-services-camping-genets-aveyron.jpg","width":2000,"height":600,"caption":"les services camping genets aveyron"},{"@type":"BreadcrumbList","@id":"https:\/\/www.camping-les-genets.fr\/fr\/services\/#breadcrumb","itemListElement":[{"@type":"ListItem","position":1,"name":"Camping Aveyron","item":"https:\/\/www.camping-les-genets.fr\/fr\/"},{"@type":"ListItem","position":2,"name":"Les services du camping"}]},{"@type":"WebSite","@id":"https:\/\/www.camping-les-genets.fr\/fr\/#website","url":"https:\/\/www.camping-les-genets.fr\/fr\/","name":"Camping les Genets","description":"","publisher":{"@id":"https:\/\/www.camping-les-genets.fr\/fr\/#organization"},"potentialAction":[{"@type":"SearchAction","target":{"@type":"EntryPoint","urlTemplate":"https:\/\/www.camping-les-genets.fr\/fr\/?s={search_term_string}"},"query-input":{"@type":"PropertyValueSpecification","valueRequired":true,"valueName":"search_term_string"}}],"inLanguage":"fr-FR"},{"@type":"Organization","@id":"https:\/\/www.camping-les-genets.fr\/fr\/#organization","name":"Camping les Genets","url":"https:\/\/www.camping-les-genets.fr\/fr\/","logo":{"@type":"ImageObject","inLanguage":"fr-FR","@id":"https:\/\/www.camping-les-genets.fr\/fr\/#\/schema\/logo\/image\/","url":"https:\/\/www.camping-les-genets.fr\/wp-content\/uploads\/2023\/07\/cropped-logo-camping-genets-footer.png","contentUrl":"https:\/\/www.camping-les-genets.fr\/wp-content\/uploads\/2023\/07\/cropped-logo-camping-genets-footer.png","width":500,"height":295,"caption":"Camping les Genets"},"image":{"@id":"https:\/\/www.camping-les-genets.fr\/fr\/#\/schema\/logo\/image\/"}}]}},"_links":{"self":[{"href":"https:\/\/www.camping-les-genets.fr\/fr\/wp-json\/wp\/v2\/pages\/1071","targetHints":{"allow":["GET"]}}],"collection":[{"href":"https:\/\/www.camping-les-genets.fr\/fr\/wp-json\/wp\/v2\/pages"}],"about":[{"href":"https:\/\/www.camping-les-genets.fr\/fr\/wp-json\/wp\/v2\/types\/page"}],"author":[{"embeddable":true,"href":"https:\/\/www.camping-les-genets.fr\/fr\/wp-json\/wp\/v2\/users\/1"}],"replies":[{"embeddable":true,"href":"https:\/\/www.camping-les-genets.fr\/fr\/wp-json\/wp\/v2\/comments?post=1071"}],"version-history":[{"count":123,"href":"https:\/\/www.camping-les-genets.fr\/fr\/wp-json\/wp\/v2\/pages\/1071\/revisions"}],"predecessor-version":[{"id":7107,"href":"https:\/\/www.camping-les-genets.fr\/fr\/wp-json\/wp\/v2\/pages\/1071\/revisions\/7107"}],"wp:featuredmedia":[{"embeddable":true,"href":"https:\/\/www.camping-les-genets.fr\/fr\/wp-json\/wp\/v2\/media\/4067"}],"wp:attachment":[{"href":"https:\/\/www.camping-les-genets.fr\/fr\/wp-json\/wp\/v2\/media?parent=1071"}],"wp:term":[{"taxonomy":"sujet","embeddable":true,"href":"https:\/\/www.camping-les-genets.fr\/fr\/wp-json\/wp\/v2\/sujet?post=1071"}],"curies":[{"name":"wp","href":"https:\/\/api.w.org\/{rel}","templated":true}]}}