{"id":5085,"date":"2023-07-27T13:20:46","date_gmt":"2023-07-27T11:20:46","guid":{"rendered":"https:\/\/www.camping-les-genets.fr\/pareloup-lake\/"},"modified":"2025-07-08T11:47:25","modified_gmt":"2025-07-08T09:47:25","slug":"pareloup-lake","status":"publish","type":"page","link":"https:\/\/www.camping-les-genets.fr\/en\/pareloup-lake\/","title":{"rendered":"Lake pareloup"},"content":{"rendered":"<section id=\"ls-section-block_0d0b19ad2a2b8ff4a22b241ed20a05f0\" class=\"ls-section  page-chapeau has-p-b p-b-0\" >\r\n        <div class=\"container \">\r\n        \n\n<h1 class=\"ls__heading wp-block-heading has-text-align-center animated fadeInLeft delay-100ms slow\"><strong>Lac de Pareloup<\/strong> and the <strong>most beautiful lakes in Aveyron<\/strong><\/h1>\n\n\r\n    <\/div>\r\n<\/section><section id=\"ls-section-block_0d0b19ad2a2b8ff4a22b241ed20a05f0\" class=\"ls-section  page-chapeau has-p-b p-b-0\" >\r\n        <div class=\"container \">\r\n        \n\n<h2 class=\"ls__heading wp-block-heading has-text-align-center\"><strong>Vacations on the shores of Lake<\/strong> Pareloup at Salles Curan<\/h2>\n\n\n\n<p class=\"ls-paragraph has-text-align-center\">Les Gen\u00eats camping club is ideally located on the shores of<strong> Lake Pareloup<\/strong> in a privileged setting.<\/p>\n\n\n\n<p class=\"ls-paragraph has-text-align-center\">For vacations with your feet in the water, our <a href=\"https:\/\/www.camping-les-genets.fr\/en\/\">campsite at Lac de Pareloup<\/a> offers beachfront accommodation, with permanent direct access to the lake and its leisure facilities: water games, fishing pontoons, boating clubs. Some of our pitches benefit from an incredible location just a few meters from the water.<\/p>\n\n\r\n    <\/div>\r\n<\/section><section id=\"ls-section-block_23bf536b68e72ccd1f44df5e5276e956\" class=\"ls-section  page-one has-p-b p-b-14\" >\r\n        <div class=\"container container--full\">\r\n        \n\n<div class=\"wp-block-columns is-layout-flex wp-container-core-columns-is-layout-9d6595d7 wp-block-columns-is-layout-flex\">\n<div class=\"wp-block-column first is-layout-flow wp-block-column-is-layout-flow\" style=\"flex-basis:66.66%\">\n<figure class=\"wp-block-image size-full\"><img decoding=\"async\" width=\"2560\" height=\"1707\" src=\"https:\/\/www.camping-les-genets.fr\/wp-content\/uploads\/2023\/09\/Jet-ski-sur-le-Lac-de-Paraloup-scaled.webp\" alt=\"Jet skiing on Lake Paraloup\" class=\"wp-image-1986\" srcset=\"https:\/\/www.camping-les-genets.fr\/wp-content\/uploads\/2023\/09\/Jet-ski-sur-le-Lac-de-Paraloup-scaled.webp 2560w, https:\/\/www.camping-les-genets.fr\/wp-content\/uploads\/2023\/09\/Jet-ski-sur-le-Lac-de-Paraloup-300x200.webp 300w, https:\/\/www.camping-les-genets.fr\/wp-content\/uploads\/2023\/09\/Jet-ski-sur-le-Lac-de-Paraloup-1024x683.webp 1024w, https:\/\/www.camping-les-genets.fr\/wp-content\/uploads\/2023\/09\/Jet-ski-sur-le-Lac-de-Paraloup-768x512.webp 768w, https:\/\/www.camping-les-genets.fr\/wp-content\/uploads\/2023\/09\/Jet-ski-sur-le-Lac-de-Paraloup-1536x1024.webp 1536w, https:\/\/www.camping-les-genets.fr\/wp-content\/uploads\/2023\/09\/Jet-ski-sur-le-Lac-de-Paraloup-2048x1365.webp 2048w\" sizes=\"(max-width: 2560px) 100vw, 2560px\" \/><\/figure>\n<\/div>\n\n\n\n<div class=\"wp-block-column is-vertically-aligned-center second has-color-white-background-color has-background is-layout-flow wp-block-column-is-layout-flow\" style=\"flex-basis:33.33%\">\n<h2 class=\"ls__heading wp-block-heading\">A wide range of <strong>activities<\/strong> for <strong>the whole family<\/strong><\/h2>\n\n\n\n<p class=\"ls-paragraph\"><strong>Pareloup Wakecamp<\/strong><\/p>\n\n\n\n<p class=\"ls-paragraph\">For the enjoyment of young and old alike, discover water sports such as wakeboarding, water skiing and towed buoys at <strong>Lac de Pareloup<\/strong>.<a href=\"https:\/\/youtu.be\/8P1EghtY6GE\" target=\"_blank\" rel=\"noreferrer noopener\">(https:\/\/youtu.be\/8P1EghtY6GE<\/a>)  <\/p>\n\n\n\n<p class=\"ls-paragraph\">The <a href=\"https:\/\/pareloupwakecamp.fr\/\" target=\"_blank\" rel=\"noreferrer noopener\">Pareloup Wakecamp<\/a> base is just a few steps from the campsite, and on some days they&#8217;ll even pick you up from the campsite pontoon!<\/p>\n\n\n\n<p class=\"ls-paragraph\"><strong>Ok Plong\u00e9e Nature<\/strong><\/p>\n\n\n\n<p class=\"ls-paragraph addReadMore showlesscontent\">An unusual activity is offered by <a href=\"https:\/\/www.facebook.com\/people\/OK-Plong%C3%A9e-Nature\/100063473495596\/\" target=\"_blank\" rel=\"noreferrer noopener\">Ok Plong\u00e9e Nature<\/a>. With David, you dive underwater to discover the beauty of the aquatic life of Lac de Pareloup. He offers you a baptism every week (high season) in our swimming pool.<br\/><br\/>By appointment, he can pick you up at the campsite for a dive in the lake or the Gorges du Tarn.<br\/><br\/><strong>Grimpe et Cimes<\/strong><br\/><br\/><a href=\"https:\/\/grimpe-et-cimes.com\/\" target=\"_blank\" rel=\"noreferrer noopener\">Grimpe et Cimes<\/a> is about 10 minutes from the campsite. This site offers canyoning, tree climbing (several levels) and paintball. An outing for the whole family, where teenagers in particular will be delighted to accompany you!<br\/><br\/><strong><a href=\"https:\/\/cyvp.com\/?option=com_content&amp;view=category&amp;layout=blog&amp;id=19&amp;Itemid=119\" target=\"_blank\" rel=\"noreferrer noopener\">CYVP<\/a><\/strong><br\/><br\/>A sailing school just across the lake from the campsite! If you already know how to handle a sailboat, you can rent one from them. Your children could take a summer internship.<br\/><br\/><strong><a href=\"https:\/\/ecuriedebannes.ffe.com\/\" target=\"_blank\" rel=\"noreferrer noopener\">The Bannes stables<\/a><\/strong><br\/><br\/>During the summer, accompanied by a state-qualified instructor, you can take off on horseback for one-, two- or half-day rides (beginner or advanced). What could be more magical than a pony or horse ride in the magnificent natural environment of L\u00e9v\u00e9zou?<br\/><br\/><a href=\"https:\/\/www.tourisme-aveyron.com\/fr\/decouvrir\/les-territoires-aveyron\/pareloup-levezou\/plages\" target=\"_blank\" rel=\"noreferrer noopener\">More information on Pareloup and L\u00e9v\u00e9zou lakes<\/a><\/p>\n<\/div>\n<\/div>\n\n\r\n    <\/div>\r\n<\/section><section id=\"ls-section-block_b823a0246b0989cc934b856ccca3caa0\" class=\"ls-section  page-two background-blu-right has-p-t p-t-14\" >\r\n        <div class=\"container container--wide\">\r\n        \n\n<div class=\"wp-block-columns is-layout-flex wp-container-core-columns-is-layout-9d6595d7 wp-block-columns-is-layout-flex\">\n<div class=\"wp-block-column is-vertically-aligned-top first is-layout-flow wp-block-column-is-layout-flow\" style=\"flex-basis:33.33%\">\n<h2 class=\"ls__heading wp-block-heading\">Aveyron&#8217;s<strong> largest lake<\/strong> <\/h2>\n\n\n\n<p class=\"ls-paragraph\">Sometimes overshadowed by the famous Gorges du Tarn, Aveyron&#8217;s lakes have all the ingredients to delight nature lovers.<\/p>\n\n\n\n<p class=\"ls-paragraph\">From the campsite, it&#8217;s a short drive to Lac de Villefranche-de-Panat to the south, Lac de la Gourde, Lac de Bage and Lac de Pont-de-Salars to the north. All these lakes are within a radius of less than 10 km from the campsite.  <\/p>\n\n\n\n<p class=\"ls-paragraph addReadMore showlesscontent\">Although they all have their own charm, you&#8217;ll come to the same conclusion at the end of your exploration: Lac de Pareloup is the most beautiful lake in Aveyron. You&#8217;ll be seduced by the lake&#8217;s contours and shores, impressed by its size (12 km\u00b2) and delighted to discover all the activities you can do there: fishing, walks and equipment rentals offered by the water sports centers&#8230; Seen from the sky, the Pareloup reservoir looks like one of those Canadian or New Zealand lakes that invite you to escape.<br\/>Book your vacation in Aveyron at <strong>Lac de Pareloup<\/strong>, and let the magic happen: a complete change of scenery at the best price. The Lac de Pareloup offers over a thousand hectares of fresh water. The lake&#8217;s meandering configuration makes it particularly suitable for aquatic and water sports activities.<\/p>\n<\/div>\n\n\n\n<div class=\"wp-block-column second is-layout-flow wp-block-column-is-layout-flow\" style=\"flex-basis:66.66%\">\n<figure class=\"wp-block-image size-full image\"><img decoding=\"async\" width=\"1920\" height=\"1167\" src=\"https:\/\/www.camping-les-genets.fr\/wp-content\/uploads\/2023\/09\/Lac-Aubrac-en-Aveyron.webp\" alt=\"Aubrac lake in Aveyron\" class=\"wp-image-2582\" srcset=\"https:\/\/www.camping-les-genets.fr\/wp-content\/uploads\/2023\/09\/Lac-Aubrac-en-Aveyron.webp 1920w, https:\/\/www.camping-les-genets.fr\/wp-content\/uploads\/2023\/09\/Lac-Aubrac-en-Aveyron-300x182.webp 300w, https:\/\/www.camping-les-genets.fr\/wp-content\/uploads\/2023\/09\/Lac-Aubrac-en-Aveyron-1024x622.webp 1024w, https:\/\/www.camping-les-genets.fr\/wp-content\/uploads\/2023\/09\/Lac-Aubrac-en-Aveyron-768x467.webp 768w, https:\/\/www.camping-les-genets.fr\/wp-content\/uploads\/2023\/09\/Lac-Aubrac-en-Aveyron-1536x934.webp 1536w\" sizes=\"(max-width: 1920px) 100vw, 1920px\" \/><\/figure>\n<\/div>\n<\/div>\n\n\r\n    <\/div>\r\n<\/section><section id=\"ls-section-block_69dabc47faa76f3d63fe965eb3bbc3e7\" class=\"ls-section \" >\r\n        <div class=\"container \">\r\n        \n\n<p class=\"ls-paragraph has-text-align-center\">Fishing at Lac de Pareloup<\/p>\n\n\n\n<p class=\"ls-paragraph has-text-align-center\">Covering <strong>almost 1,300 hectares<\/strong>, the <a href=\"https:\/\/www.pecheaveyron.fr\/fr\/fiche\/lac-de-pareloup_TFOpar221\/\" target=\"_blank\" rel=\"noreferrer noopener\">Lac de Pareloup in Aveyron<\/a> is well known to fishing enthusiasts. This <strong>man-made reservoir<\/strong>, one of the largest in France, is very rich in fish. These include carp, pike, perch, zander, bream, roach and American crayfish, with some specimens weighing over 25 kg.<\/p>\n\n\n\n<p class=\"ls-paragraph has-text-align-center addReadMore showlesscontent\">The lake&#8217;s configuration and large size make <strong>fishing at<\/strong> <strong>Lac de Pareloup<\/strong> accessible to beginners and advanced anglers alike, using a variety of techniques. The deeply indented shores, covering almost 130 km in total, offer a vast choice of spots. The boat <strong>launches<\/strong> are suitable for all types of craft, and are located near <strong>family-friendly areas<\/strong>. You&#8217;ll find picnic areas, restaurants, sanitary facilities, children&#8217;s playgrounds, beaches and water sports centers.<br\/><br\/>Lac de Pareloup is a<strong> 2nd category lake<\/strong>. You must have your fishing licence and be familiar with the private areas and regulations before taking part in this activity.<br\/><br\/>Are you a licensed fisherman? Come and enjoy it at our fishing campsite in Aveyron!<\/p>\n\n\r\n    <\/div>\r\n<\/section><section id=\"ls-section-block_0d0e5ddf9ad6c2ddd5a95d4a6e6d8857\" class=\"ls-section  home-piscine has-background-image has-p-t p-t-20 has-p-b p-b-20\" >\r\n    <div class=\"ls-section__background-image opacity-100\"><img decoding=\"async\" src=\"https:\/\/www.camping-les-genets.fr\/wp-content\/uploads\/2023\/09\/Lac-daubrac-proche-du-camping-les-genets-2.webp\" alt=\"Lake Aubrac near Les Gen\u00eats campsite\"><\/div>    <div class=\"container container--full\">\r\n        \n\n<div class=\"wp-block-columns is-layout-flex wp-container-core-columns-is-layout-9d6595d7 wp-block-columns-is-layout-flex\">\n<div class=\"wp-block-column is-vertically-aligned-center first is-layout-flow wp-block-column-is-layout-flow\" style=\"flex-basis:60%\"><\/div>\n\n\n\n<div class=\"wp-block-column second has-color-white-background-color has-background is-layout-flow wp-block-column-is-layout-flow\" style=\"flex-basis:40%\">\n<h2 class=\"ls__heading wp-block-heading\"><strong>Cycling<\/strong> around the lake<\/h2>\n\n\n\n<p class=\"ls-paragraph\"><a href=\"https:\/\/www.camping-les-genets.fr\/fr\/la-randonnee-dans-l-aveyron\/\">Hiking<\/a>, fishing, kayaking, swimming, horse-riding&#8230; Are you looking for an active vacation during your stay at camping Les Gen\u00eats in Aveyron? This is the ideal destination for a family vacation.<\/p>\n\n\n\n<p class=\"ls-paragraph\">Now get on your bike and <strong>pedal around Lac de Pareloup<\/strong>! This superb <strong>27 km circuit<\/strong><strong> circles the most beautiful lake in Aveyron<\/strong>, the main attraction of the L\u00e9v\u00e9zou plateau. The difference in altitude is relatively slight (400 m) and it takes around <strong>3 hours<\/strong> to complete this beautiful <strong>walk, which is suitable for children and beginners<\/strong>.<\/p>\n\n\n\n<p class=\"ls-paragraph addReadMore showlesscontent\">You can shorten the circuit by aiming for the Notre-Dame d&#8217;Aur\u00e8s church and the Arvieu beach if you go around the lake from the west, or the Pareloup tourist office if you head east.<br\/><br\/>On your way, between lake, forest and mountains, you&#8217;ll discover the famous Pareloup dam and the beautiful Gothic church of Canet-de-Salars.<\/p>\n<\/div>\n<\/div>\n\n\r\n    <\/div>\r\n<\/section><section id=\"ls-section-block_cacf3ab781d2e515abccc72ea8b2bcef\" class=\"ls-section  page-maillage has-p-t p-t-14 has-p-b p-b-14\" >\r\n        <div class=\"container container--wide\">\r\n        \n\n<div id=\"ls-heading ls-titre-div-block_2c95f2ab401d252b9d6bdf0be7352d5b\" class=\"ls-titre-div aligncenter h2-like has-m-b m-b-8\" >\n    Discover fishing, canoeing and hiking in Aveyron!<\/div>\n\n\n<div id=\"ls-maillage-block_4591317c9dca2b615925d7f8ba2f0993\" class=\"ls-maillage slow animated fadeInUp delay-100ms cta-style-normal\" data-rows=\"3\">\r\n    <div class=\"wp-block-columns\"><div class=\"wp-block-column\">\n\n<a href=\"https:\/\/www.camping-les-genets.fr\/en\/canoe-in-aveyron\/\" target=\"\" rel=\"noopener\" class=\"ls-cta__link\">\n\n\t<div class=\"ls-cta__image\"><img decoding=\"async\" src=\"https:\/\/www.camping-les-genets.fr\/wp-content\/uploads\/2024\/02\/Canoe-Aveyron-scaled-1-768x512.webp\" alt=\"\"><\/div>\n\t<div class=\"ls-cta__title\">\n\t\tCanoeing in Aveyron\t<\/div>\n\n\t\t\n<\/a><\/div><div class=\"wp-block-column\">\n\n<a href=\"https:\/\/www.camping-les-genets.fr\/en\/hiking-in-aveyron\/\" target=\"\" rel=\"noopener\" class=\"ls-cta__link\">\n\n\t<div class=\"ls-cta__image\"><img decoding=\"async\" src=\"https:\/\/www.camping-les-genets.fr\/wp-content\/uploads\/2023\/09\/Randonnee-pedestre-dans-lAveyron-768x1152.webp\" alt=\"Hiking in Aveyron\"><\/div>\n\t<div class=\"ls-cta__title\">\n\t\tHiking in Aveyron\t<\/div>\n\n\t\t\n<\/a><\/div><div class=\"wp-block-column\">\n\n<a href=\"https:\/\/www.camping-les-genets.fr\/en\/?page_id=7811\" target=\"\" rel=\"noopener\" class=\"ls-cta__link\">\n\n\t<div class=\"ls-cta__image\"><img decoding=\"async\" src=\"https:\/\/www.camping-les-genets.fr\/wp-content\/uploads\/2025\/07\/week-end-en-amoureux-en-Aveyron-768x510.webp\" alt=\"romantic weekend in Aveyron\"><\/div>\n\t<div class=\"ls-cta__title\">\n\t\tRomantic weekend in Aveyron\t<\/div>\n\n\t\t\n<\/a><\/div><\/div><\/div>\n\r\n    <\/div>\r\n<\/section>","protected":false},"excerpt":{"rendered":"","protected":false},"author":1,"featured_media":2606,"parent":0,"menu_order":0,"comment_status":"closed","ping_status":"closed","template":"","meta":{"_acf_changed":false,"inline_featured_image":false,"footnotes":""},"sujet":[],"class_list":["post-5085","page","type-page","status-publish","has-post-thumbnail","hentry"],"acf":[],"yoast_head":"<!-- This site is optimized with the Yoast SEO plugin v27.3 - https:\/\/yoast.com\/product\/yoast-seo-wordpress\/ -->\n<title>Lac de Pareloup and the L\u00e9v\u00e9zou lakes in Aveyron<\/title>\n<meta name=\"description\" content=\"What to do at Lac de Pareloup and Lac du L\u00e9v\u00e9zou in Aveyron? Fishing, water sports, swimming, hiking, rentals... Discover the most beautiful lakes in L\u00e9vezou and Aveyron!\" \/>\n<meta name=\"robots\" content=\"index, follow, max-snippet:-1, max-image-preview:large, max-video-preview:-1\" \/>\n<link rel=\"canonical\" href=\"https:\/\/www.camping-les-genets.fr\/en\/pareloup-lake\/\" \/>\n<meta property=\"og:locale\" content=\"en_US\" \/>\n<meta property=\"og:type\" content=\"article\" \/>\n<meta property=\"og:title\" content=\"Lac de Pareloup and the L\u00e9v\u00e9zou lakes in Aveyron\" \/>\n<meta property=\"og:description\" content=\"What to do at Lac de Pareloup and Lac du L\u00e9v\u00e9zou in Aveyron? Fishing, water sports, swimming, hiking, rentals... Discover the most beautiful lakes in L\u00e9vezou and Aveyron!\" \/>\n<meta property=\"og:url\" content=\"https:\/\/www.camping-les-genets.fr\/en\/pareloup-lake\/\" \/>\n<meta property=\"og:site_name\" content=\"Camping les Genets\" \/>\n<meta property=\"article:modified_time\" content=\"2025-07-08T09:47:25+00:00\" \/>\n<meta property=\"og:image\" content=\"https:\/\/www.camping-les-genets.fr\/wp-content\/uploads\/2023\/09\/Lac-proche-du-camping-les-genets.webp\" \/>\n\t<meta property=\"og:image:width\" content=\"2560\" \/>\n\t<meta property=\"og:image:height\" content=\"1707\" \/>\n\t<meta property=\"og:image:type\" content=\"image\/webp\" \/>\n<meta name=\"twitter:card\" content=\"summary_large_image\" \/>\n<meta name=\"twitter:label1\" content=\"Est. reading time\" \/>\n\t<meta name=\"twitter:data1\" content=\"4 minutes\" \/>\n<script type=\"application\/ld+json\" class=\"yoast-schema-graph\">{\"@context\":\"https:\\\/\\\/schema.org\",\"@graph\":[{\"@type\":\"WebPage\",\"@id\":\"https:\\\/\\\/www.camping-les-genets.fr\\\/en\\\/pareloup-lake\\\/\",\"url\":\"https:\\\/\\\/www.camping-les-genets.fr\\\/en\\\/pareloup-lake\\\/\",\"name\":\"Lac de Pareloup and the L\u00e9v\u00e9zou lakes in Aveyron\",\"isPartOf\":{\"@id\":\"https:\\\/\\\/www.camping-les-genets.fr\\\/en\\\/#website\"},\"primaryImageOfPage\":{\"@id\":\"https:\\\/\\\/www.camping-les-genets.fr\\\/en\\\/pareloup-lake\\\/#primaryimage\"},\"image\":{\"@id\":\"https:\\\/\\\/www.camping-les-genets.fr\\\/en\\\/pareloup-lake\\\/#primaryimage\"},\"thumbnailUrl\":\"https:\\\/\\\/www.camping-les-genets.fr\\\/wp-content\\\/uploads\\\/2023\\\/09\\\/Lac-proche-du-camping-les-genets.webp\",\"datePublished\":\"2023-07-27T11:20:46+00:00\",\"dateModified\":\"2025-07-08T09:47:25+00:00\",\"description\":\"What to do at Lac de Pareloup and Lac du L\u00e9v\u00e9zou in Aveyron? Fishing, water sports, swimming, hiking, rentals... Discover the most beautiful lakes in L\u00e9vezou and Aveyron!\",\"breadcrumb\":{\"@id\":\"https:\\\/\\\/www.camping-les-genets.fr\\\/en\\\/pareloup-lake\\\/#breadcrumb\"},\"inLanguage\":\"en-US\",\"potentialAction\":[{\"@type\":\"ReadAction\",\"target\":[\"https:\\\/\\\/www.camping-les-genets.fr\\\/en\\\/pareloup-lake\\\/\"]}]},{\"@type\":\"ImageObject\",\"inLanguage\":\"en-US\",\"@id\":\"https:\\\/\\\/www.camping-les-genets.fr\\\/en\\\/pareloup-lake\\\/#primaryimage\",\"url\":\"https:\\\/\\\/www.camping-les-genets.fr\\\/wp-content\\\/uploads\\\/2023\\\/09\\\/Lac-proche-du-camping-les-genets.webp\",\"contentUrl\":\"https:\\\/\\\/www.camping-les-genets.fr\\\/wp-content\\\/uploads\\\/2023\\\/09\\\/Lac-proche-du-camping-les-genets.webp\",\"width\":2560,\"height\":1707,\"caption\":\"Lake near camping les genets\"},{\"@type\":\"BreadcrumbList\",\"@id\":\"https:\\\/\\\/www.camping-les-genets.fr\\\/en\\\/pareloup-lake\\\/#breadcrumb\",\"itemListElement\":[{\"@type\":\"ListItem\",\"position\":1,\"name\":\"Camping Aveyron\",\"item\":\"https:\\\/\\\/www.camping-les-genets.fr\\\/en\\\/\"},{\"@type\":\"ListItem\",\"position\":2,\"name\":\"Lake Pareloup\"}]},{\"@type\":\"WebSite\",\"@id\":\"https:\\\/\\\/www.camping-les-genets.fr\\\/en\\\/#website\",\"url\":\"https:\\\/\\\/www.camping-les-genets.fr\\\/en\\\/\",\"name\":\"Camping les Genets\",\"description\":\"\",\"publisher\":{\"@id\":\"https:\\\/\\\/www.camping-les-genets.fr\\\/en\\\/#organization\"},\"potentialAction\":[{\"@type\":\"SearchAction\",\"target\":{\"@type\":\"EntryPoint\",\"urlTemplate\":\"https:\\\/\\\/www.camping-les-genets.fr\\\/en\\\/?s={search_term_string}\"},\"query-input\":{\"@type\":\"PropertyValueSpecification\",\"valueRequired\":true,\"valueName\":\"search_term_string\"}}],\"inLanguage\":\"en-US\"},{\"@type\":\"Organization\",\"@id\":\"https:\\\/\\\/www.camping-les-genets.fr\\\/en\\\/#organization\",\"name\":\"Camping les Genets\",\"url\":\"https:\\\/\\\/www.camping-les-genets.fr\\\/en\\\/\",\"logo\":{\"@type\":\"ImageObject\",\"inLanguage\":\"en-US\",\"@id\":\"https:\\\/\\\/www.camping-les-genets.fr\\\/en\\\/#\\\/schema\\\/logo\\\/image\\\/\",\"url\":\"https:\\\/\\\/www.camping-les-genets.fr\\\/wp-content\\\/uploads\\\/2023\\\/07\\\/cropped-logo-camping-genets-footer.png\",\"contentUrl\":\"https:\\\/\\\/www.camping-les-genets.fr\\\/wp-content\\\/uploads\\\/2023\\\/07\\\/cropped-logo-camping-genets-footer.png\",\"width\":500,\"height\":295,\"caption\":\"Camping les Genets\"},\"image\":{\"@id\":\"https:\\\/\\\/www.camping-les-genets.fr\\\/en\\\/#\\\/schema\\\/logo\\\/image\\\/\"}}]}<\/script>\n<!-- \/ Yoast SEO plugin. -->","yoast_head_json":{"title":"Lac de Pareloup and the L\u00e9v\u00e9zou lakes in Aveyron","description":"What to do at Lac de Pareloup and Lac du L\u00e9v\u00e9zou in Aveyron? Fishing, water sports, swimming, hiking, rentals... Discover the most beautiful lakes in L\u00e9vezou and Aveyron!","robots":{"index":"index","follow":"follow","max-snippet":"max-snippet:-1","max-image-preview":"max-image-preview:large","max-video-preview":"max-video-preview:-1"},"canonical":"https:\/\/www.camping-les-genets.fr\/en\/pareloup-lake\/","og_locale":"en_US","og_type":"article","og_title":"Lac de Pareloup and the L\u00e9v\u00e9zou lakes in Aveyron","og_description":"What to do at Lac de Pareloup and Lac du L\u00e9v\u00e9zou in Aveyron? Fishing, water sports, swimming, hiking, rentals... Discover the most beautiful lakes in L\u00e9vezou and Aveyron!","og_url":"https:\/\/www.camping-les-genets.fr\/en\/pareloup-lake\/","og_site_name":"Camping les Genets","article_modified_time":"2025-07-08T09:47:25+00:00","og_image":[{"width":2560,"height":1707,"url":"https:\/\/www.camping-les-genets.fr\/wp-content\/uploads\/2023\/09\/Lac-proche-du-camping-les-genets.webp","type":"image\/webp"}],"twitter_card":"summary_large_image","twitter_misc":{"Est. reading time":"4 minutes"},"schema":{"@context":"https:\/\/schema.org","@graph":[{"@type":"WebPage","@id":"https:\/\/www.camping-les-genets.fr\/en\/pareloup-lake\/","url":"https:\/\/www.camping-les-genets.fr\/en\/pareloup-lake\/","name":"Lac de Pareloup and the L\u00e9v\u00e9zou lakes in Aveyron","isPartOf":{"@id":"https:\/\/www.camping-les-genets.fr\/en\/#website"},"primaryImageOfPage":{"@id":"https:\/\/www.camping-les-genets.fr\/en\/pareloup-lake\/#primaryimage"},"image":{"@id":"https:\/\/www.camping-les-genets.fr\/en\/pareloup-lake\/#primaryimage"},"thumbnailUrl":"https:\/\/www.camping-les-genets.fr\/wp-content\/uploads\/2023\/09\/Lac-proche-du-camping-les-genets.webp","datePublished":"2023-07-27T11:20:46+00:00","dateModified":"2025-07-08T09:47:25+00:00","description":"What to do at Lac de Pareloup and Lac du L\u00e9v\u00e9zou in Aveyron? Fishing, water sports, swimming, hiking, rentals... Discover the most beautiful lakes in L\u00e9vezou and Aveyron!","breadcrumb":{"@id":"https:\/\/www.camping-les-genets.fr\/en\/pareloup-lake\/#breadcrumb"},"inLanguage":"en-US","potentialAction":[{"@type":"ReadAction","target":["https:\/\/www.camping-les-genets.fr\/en\/pareloup-lake\/"]}]},{"@type":"ImageObject","inLanguage":"en-US","@id":"https:\/\/www.camping-les-genets.fr\/en\/pareloup-lake\/#primaryimage","url":"https:\/\/www.camping-les-genets.fr\/wp-content\/uploads\/2023\/09\/Lac-proche-du-camping-les-genets.webp","contentUrl":"https:\/\/www.camping-les-genets.fr\/wp-content\/uploads\/2023\/09\/Lac-proche-du-camping-les-genets.webp","width":2560,"height":1707,"caption":"Lake near camping les genets"},{"@type":"BreadcrumbList","@id":"https:\/\/www.camping-les-genets.fr\/en\/pareloup-lake\/#breadcrumb","itemListElement":[{"@type":"ListItem","position":1,"name":"Camping Aveyron","item":"https:\/\/www.camping-les-genets.fr\/en\/"},{"@type":"ListItem","position":2,"name":"Lake Pareloup"}]},{"@type":"WebSite","@id":"https:\/\/www.camping-les-genets.fr\/en\/#website","url":"https:\/\/www.camping-les-genets.fr\/en\/","name":"Camping les Genets","description":"","publisher":{"@id":"https:\/\/www.camping-les-genets.fr\/en\/#organization"},"potentialAction":[{"@type":"SearchAction","target":{"@type":"EntryPoint","urlTemplate":"https:\/\/www.camping-les-genets.fr\/en\/?s={search_term_string}"},"query-input":{"@type":"PropertyValueSpecification","valueRequired":true,"valueName":"search_term_string"}}],"inLanguage":"en-US"},{"@type":"Organization","@id":"https:\/\/www.camping-les-genets.fr\/en\/#organization","name":"Camping les Genets","url":"https:\/\/www.camping-les-genets.fr\/en\/","logo":{"@type":"ImageObject","inLanguage":"en-US","@id":"https:\/\/www.camping-les-genets.fr\/en\/#\/schema\/logo\/image\/","url":"https:\/\/www.camping-les-genets.fr\/wp-content\/uploads\/2023\/07\/cropped-logo-camping-genets-footer.png","contentUrl":"https:\/\/www.camping-les-genets.fr\/wp-content\/uploads\/2023\/07\/cropped-logo-camping-genets-footer.png","width":500,"height":295,"caption":"Camping les Genets"},"image":{"@id":"https:\/\/www.camping-les-genets.fr\/en\/#\/schema\/logo\/image\/"}}]}},"_links":{"self":[{"href":"https:\/\/www.camping-les-genets.fr\/en\/wp-json\/wp\/v2\/pages\/5085","targetHints":{"allow":["GET"]}}],"collection":[{"href":"https:\/\/www.camping-les-genets.fr\/en\/wp-json\/wp\/v2\/pages"}],"about":[{"href":"https:\/\/www.camping-les-genets.fr\/en\/wp-json\/wp\/v2\/types\/page"}],"author":[{"embeddable":true,"href":"https:\/\/www.camping-les-genets.fr\/en\/wp-json\/wp\/v2\/users\/1"}],"replies":[{"embeddable":true,"href":"https:\/\/www.camping-les-genets.fr\/en\/wp-json\/wp\/v2\/comments?post=5085"}],"version-history":[{"count":3,"href":"https:\/\/www.camping-les-genets.fr\/en\/wp-json\/wp\/v2\/pages\/5085\/revisions"}],"predecessor-version":[{"id":7851,"href":"https:\/\/www.camping-les-genets.fr\/en\/wp-json\/wp\/v2\/pages\/5085\/revisions\/7851"}],"wp:featuredmedia":[{"embeddable":true,"href":"https:\/\/www.camping-les-genets.fr\/en\/wp-json\/wp\/v2\/media\/2606"}],"wp:attachment":[{"href":"https:\/\/www.camping-les-genets.fr\/en\/wp-json\/wp\/v2\/media?parent=5085"}],"wp:term":[{"taxonomy":"sujet","embeddable":true,"href":"https:\/\/www.camping-les-genets.fr\/en\/wp-json\/wp\/v2\/sujet?post=5085"}],"curies":[{"name":"wp","href":"https:\/\/api.w.org\/{rel}","templated":true}]}}