{"id":4997,"date":"2023-09-13T16:55:17","date_gmt":"2023-09-13T14:55:17","guid":{"rendered":"https:\/\/www.camping-les-genets.fr\/castelnau-pegayrols\/"},"modified":"2024-01-18T09:29:35","modified_gmt":"2024-01-18T08:29:35","slug":"castelnau-pegayrols","status":"publish","type":"page","link":"https:\/\/www.camping-les-genets.fr\/en\/castelnau-pegayrols\/","title":{"rendered":"Castelnau-P\u00e9gayrols"},"content":{"rendered":"<section id=\"ls-section-block_fdc7d63f180f8f816aa390b74eebbfd8\" class=\"ls-section  page-chapeau has-p-b p-b-0\" >\r\n        <div class=\"container \">\r\n        \n\n<h1 class=\"ls__heading wp-block-heading has-text-align-center animated fadeInLeft delay-100ms slow\"><strong>Castelnau-P\u00e9gayrols<\/strong><\/h1>\n\n\r\n    <\/div>\r\n<\/section>\n\n<section id=\"ls-section-block_cc7698ae3b806cdd27795fc3ef92df67\" class=\"ls-section  page-one has-p-b p-b-14\" >\r\n        <div class=\"container container--full\">\r\n        \n\n<div class=\"wp-block-columns is-layout-flex wp-container-core-columns-is-layout-9d6595d7 wp-block-columns-is-layout-flex\">\n<div class=\"wp-block-column first is-layout-flow wp-block-column-is-layout-flow\" style=\"flex-basis:66.66%\">\n<figure class=\"wp-block-image size-full\"><img decoding=\"async\" width=\"1707\" height=\"2560\" src=\"https:\/\/www.camping-les-genets.fr\/wp-content\/uploads\/2023\/09\/Village-de-Castelnau-Pegayrols-scaled.webp\" alt=\"Village of Castelnau-P\u00e9gayrols\" class=\"wp-image-2448\" style=\"aspect-ratio:4\/3;object-fit:cover\" srcset=\"https:\/\/www.camping-les-genets.fr\/wp-content\/uploads\/2023\/09\/Village-de-Castelnau-Pegayrols-scaled.webp 1707w, https:\/\/www.camping-les-genets.fr\/wp-content\/uploads\/2023\/09\/Village-de-Castelnau-Pegayrols-200x300.webp 200w, https:\/\/www.camping-les-genets.fr\/wp-content\/uploads\/2023\/09\/Village-de-Castelnau-Pegayrols-683x1024.webp 683w, https:\/\/www.camping-les-genets.fr\/wp-content\/uploads\/2023\/09\/Village-de-Castelnau-Pegayrols-768x1152.webp 768w, https:\/\/www.camping-les-genets.fr\/wp-content\/uploads\/2023\/09\/Village-de-Castelnau-Pegayrols-1024x1536.webp 1024w, https:\/\/www.camping-les-genets.fr\/wp-content\/uploads\/2023\/09\/Village-de-Castelnau-Pegayrols-1365x2048.webp 1365w\" sizes=\"(max-width: 1707px) 100vw, 1707px\" \/><\/figure>\n<\/div>\n\n\n\n<div class=\"wp-block-column is-vertically-aligned-center second has-color-white-background-color has-background is-layout-flow wp-block-column-is-layout-flow\" style=\"flex-basis:33.33%\">\n<h2 class=\"ls__heading wp-block-heading\"><strong>Vacations<\/strong> in Castelnau P\u00e9gayrols<\/h2>\n\n\n\n<p class=\"ls-paragraph\">Castelnau-P\u00e9gayrols is a<strong> beautiful medieval village<\/strong> overlooking the Muse valley. The village is a treasure trove of architecture, including <strong>five listed buildings<\/strong>. The village is less than half an hour&#8217;s drive from Salles-Curan.<\/p>\n\n\n\n<p class=\"ls-paragraph\">While the <a href=\"https:\/\/www.castelnau-pegayrols.fr\/\" target=\"_blank\" rel=\"noreferrer noopener\">medieval village of Castelnau-P\u00e9gayrols<\/a> is open to the public, guided tours are also available: they&#8217;re a great way to appreciate the<strong> historical value of certain<\/strong> <strong>listed<\/strong><strong> buildings<\/strong> and <strong>sites<\/strong>. The village is home to an<strong> ancient hydraulic system<\/strong> dating back to the 12th century.<\/p>\n\n\n\n<p class=\"ls-paragraph\">In addition to traditional guided tours, the village of Castelnau-P\u00e9gayrols offers themed tours and semi-nightly hikes.<\/p>\n<\/div>\n<\/div>\n\n\r\n    <\/div>\r\n<\/section>\n\n<section id=\"ls-section-block_307777c4769b8c9a38f6ff8f65b37bb5\" class=\"ls-section \" >\r\n        <div class=\"container container--wide\">\r\n        \n\n<div class=\"wp-block-columns is-layout-flex wp-container-core-columns-is-layout-9d6595d7 wp-block-columns-is-layout-flex\">\n<div class=\"wp-block-column first is-layout-flow wp-block-column-is-layout-flow\">\n<h2 class=\"ls__heading wp-block-heading\">Itinerary <strong>campsite Castelnau P\u00e9gayrols<\/strong><\/h2>\n\n\n\n<p class=\"ls-paragraph\">The commune of <strong>Castelnau-P\u00e9gayrols<\/strong> lies 23 km south-east of <a href=\"https:\/\/www.camping-les-genets.fr\/en\/camping-millau\/\">Les Gen\u00eats towards Millau<\/a>. It takes about <strong>half an hour<\/strong> to get there by car from our <a href=\"https:\/\/www.camping-les-genets.fr\/en\/\">Aveyron campsite<\/a>.<\/p>\n\n\n\n<p class=\"ls-paragraph\">From the campsite, take the D577 to Salles-Curan, then the route de Montjaux (D993). Before you reach Montjaux, you&#8217;ll see a sign for Castelnau-P\u00e9gayrols on your left. You&#8217;ll be seduced by <strong>its castle<\/strong>,<strong> Saint-Michel priory<\/strong>, <strong>Notre-Dame church<\/strong> and medieval hydraulic system, all of which are listed historic monuments.<\/p>\n\n\n\n<p class=\"ls-paragraph\">On your return, take the time to visit Montjaux, another <strong>magnificent Aveyron town of character<\/strong>, distinguished by its beautiful monuments and stone houses.<\/p>\n<\/div>\n\n\n\n<div class=\"wp-block-column is-vertically-aligned-center second is-layout-flow wp-block-column-is-layout-flow\" style=\"flex-basis:800px\">\n<iframe src=\"https:\/\/www.google.com\/maps\/embed?pb=!1m28!1m12!1m3!1d45796.92004022842!2d2.8063427936267287!3d44.15952122312443!2m3!1f0!2f0!3f0!3m2!1i1024!2i768!4f13.1!4m13!3e6!4m5!1s0x12b2683ba8eaa029%3A0x9e3dc1bbe65d1b4b!2sCamping%20les%20Gen%C3%AAts%20%7C%20Camping%20Aveyron%2C%20Lac%20de%20Pareloup%2C%20Salles-Curan!3m2!1d44.1894481!2d2.7667329!4m5!1s0x12b245f0f16daddd%3A0x406f69c2f4314b0!2sCastelnau-P%C3%A9gayrols!3m2!1d44.129486!2d2.9313949999999998!5e0!3m2!1sfr!2sfr!4v1694617285921!5m2!1sfr!2sfr\" width=\"800\" height=\"600\" style=\"border:0;\" allowfullscreen=\"\" loading=\"lazy\" referrerpolicy=\"no-referrer-when-downgrade\"><\/iframe>\n<\/div>\n<\/div>\n\n\r\n    <\/div>\r\n<\/section>\n\n<section id=\"ls-section-block_494249bae98fd912905d04bbcbbb4aac\" class=\"ls-section  page-maillage has-p-t p-t-14 has-p-b p-b-14\" >\r\n        <div class=\"container container--wide\">\r\n        \n\n<div id=\"ls-heading ls-titre-div-block_613039baddbc70f1af52f2fd4c25f543\" class=\"ls-titre-div aligncenter h2-like has-m-b m-b-8\" >\n    Discover the villages of Saint C\u00f4me d&#8217;Olt, Peyre and the Caves de Roquefort!<\/div>\n\n\n<div id=\"ls-maillage-block_4a5797a3c2ea273ee4f0e9e540f81be3\" class=\"ls-maillage slow animated fadeInUp delay-100ms cta-style-normal\" data-rows=\"3\">\r\n    <div class=\"wp-block-columns\"><div class=\"wp-block-column\">\n\n<a href=\"https:\/\/www.camping-les-genets.fr\/en\/tourisme-roquefort\/\" target=\"\" rel=\"noopener\" class=\"ls-cta__link\">\n\n\t<div class=\"ls-cta__image\"><img decoding=\"async\" src=\"https:\/\/www.camping-les-genets.fr\/wp-content\/uploads\/2023\/09\/Fromage-roquefort-768x960.webp\" alt=\"Roquefort cheese\"><\/div>\n\t<div class=\"ls-cta__title\">\n\t\tRoquefort cellars\t<\/div>\n\n\t\t\n<\/a><\/div><div class=\"wp-block-column\">\n\n<a href=\"https:\/\/www.camping-les-genets.fr\/en\/peyre\/\" target=\"\" rel=\"noopener\" class=\"ls-cta__link\">\n\n\t<div class=\"ls-cta__image\"><img decoding=\"async\" src=\"https:\/\/www.camping-les-genets.fr\/wp-content\/uploads\/2023\/09\/Vacances-a-Peyre-768x510.webp\" alt=\"Vacations in Peyre\"><\/div>\n\t<div class=\"ls-cta__title\">\n\t\tPeyre\t<\/div>\n\n\t\t\n<\/a><\/div><div class=\"wp-block-column\">\n\n<a href=\"https:\/\/www.camping-les-genets.fr\/en\/tourisme-saint-come-d-olt\/\" target=\"\" rel=\"noopener\" class=\"ls-cta__link\">\n\n\t<div class=\"ls-cta__image\"><img decoding=\"async\" src=\"https:\/\/www.camping-les-genets.fr\/wp-content\/uploads\/2023\/09\/eglise-de-Saint-Come-dOlt-768x1152.webp\" alt=\"church of Saint C\u00f4me d'Olt\"><\/div>\n\t<div class=\"ls-cta__title\">\n\t\tSaint-C\u00f4me-d&#8217;Olt\t<\/div>\n\n\t\t\n<\/a><\/div><\/div><\/div>\n\r\n    <\/div>\r\n<\/section>","protected":false},"excerpt":{"rendered":"","protected":false},"author":1,"featured_media":2445,"parent":0,"menu_order":0,"comment_status":"closed","ping_status":"closed","template":"","meta":{"_acf_changed":false,"inline_featured_image":false,"footnotes":""},"sujet":[],"class_list":["post-4997","page","type-page","status-publish","has-post-thumbnail","hentry"],"acf":[],"yoast_head":"<!-- This site is optimized with the Yoast SEO plugin v23.4 - https:\/\/yoast.com\/wordpress\/plugins\/seo\/ -->\n<title>Castelnau P\u00e9gayrols | Camping and tourism rentals in Castelnau<\/title>\n<meta name=\"description\" content=\"Would you like to visit Castelnau P\u00e9gayrols during your vacation in Aveyron? Camping Les Gen\u00eats presents the town and its various accommodation options!\" \/>\n<meta name=\"robots\" content=\"index, follow, max-snippet:-1, max-image-preview:large, max-video-preview:-1\" \/>\n<link rel=\"canonical\" href=\"https:\/\/www.camping-les-genets.fr\/en\/castelnau-pegayrols\/\" \/>\n<meta property=\"og:locale\" content=\"en_US\" \/>\n<meta property=\"og:type\" content=\"article\" \/>\n<meta property=\"og:title\" content=\"Castelnau P\u00e9gayrols | Camping and tourism rentals in Castelnau\" \/>\n<meta property=\"og:description\" content=\"Would you like to visit Castelnau P\u00e9gayrols during your vacation in Aveyron? Camping Les Gen\u00eats presents the town and its various accommodation options!\" \/>\n<meta property=\"og:url\" content=\"https:\/\/www.camping-les-genets.fr\/en\/castelnau-pegayrols\/\" \/>\n<meta property=\"og:site_name\" content=\"Camping les Genets\" \/>\n<meta property=\"article:modified_time\" content=\"2024-01-18T08:29:35+00:00\" \/>\n<meta property=\"og:image\" content=\"https:\/\/www.camping-les-genets.fr\/wp-content\/uploads\/2023\/09\/Castelnau-Pegayrols-chateau-scaled.webp\" \/>\n\t<meta property=\"og:image:width\" content=\"2560\" \/>\n\t<meta property=\"og:image:height\" content=\"1707\" \/>\n\t<meta property=\"og:image:type\" content=\"image\/webp\" \/>\n<meta name=\"twitter:card\" content=\"summary_large_image\" \/>\n<meta name=\"twitter:label1\" content=\"Est. reading time\" \/>\n\t<meta name=\"twitter:data1\" content=\"2 minutes\" \/>\n<script type=\"application\/ld+json\" class=\"yoast-schema-graph\">{\"@context\":\"https:\/\/schema.org\",\"@graph\":[{\"@type\":\"WebPage\",\"@id\":\"https:\/\/www.camping-les-genets.fr\/en\/castelnau-pegayrols\/\",\"url\":\"https:\/\/www.camping-les-genets.fr\/en\/castelnau-pegayrols\/\",\"name\":\"Castelnau P\u00e9gayrols | Camping and tourism rentals in Castelnau\",\"isPartOf\":{\"@id\":\"https:\/\/www.camping-les-genets.fr\/en\/#website\"},\"primaryImageOfPage\":{\"@id\":\"https:\/\/www.camping-les-genets.fr\/en\/castelnau-pegayrols\/#primaryimage\"},\"image\":{\"@id\":\"https:\/\/www.camping-les-genets.fr\/en\/castelnau-pegayrols\/#primaryimage\"},\"thumbnailUrl\":\"https:\/\/www.camping-les-genets.fr\/wp-content\/uploads\/2023\/09\/Castelnau-Pegayrols-chateau-scaled.webp\",\"datePublished\":\"2023-09-13T14:55:17+00:00\",\"dateModified\":\"2024-01-18T08:29:35+00:00\",\"description\":\"Would you like to visit Castelnau P\u00e9gayrols during your vacation in Aveyron? Camping Les Gen\u00eats presents the town and its various accommodation options!\",\"breadcrumb\":{\"@id\":\"https:\/\/www.camping-les-genets.fr\/en\/castelnau-pegayrols\/#breadcrumb\"},\"inLanguage\":\"en-US\",\"potentialAction\":[{\"@type\":\"ReadAction\",\"target\":[\"https:\/\/www.camping-les-genets.fr\/en\/castelnau-pegayrols\/\"]}]},{\"@type\":\"ImageObject\",\"inLanguage\":\"en-US\",\"@id\":\"https:\/\/www.camping-les-genets.fr\/en\/castelnau-pegayrols\/#primaryimage\",\"url\":\"https:\/\/www.camping-les-genets.fr\/wp-content\/uploads\/2023\/09\/Castelnau-Pegayrols-chateau-scaled.webp\",\"contentUrl\":\"https:\/\/www.camping-les-genets.fr\/wp-content\/uploads\/2023\/09\/Castelnau-Pegayrols-chateau-scaled.webp\",\"width\":2560,\"height\":1707,\"caption\":\"Castelnau-P\u00e9gayrols castle\"},{\"@type\":\"BreadcrumbList\",\"@id\":\"https:\/\/www.camping-les-genets.fr\/en\/castelnau-pegayrols\/#breadcrumb\",\"itemListElement\":[{\"@type\":\"ListItem\",\"position\":1,\"name\":\"Camping Aveyron\",\"item\":\"https:\/\/www.camping-les-genets.fr\/en\/\"},{\"@type\":\"ListItem\",\"position\":2,\"name\":\"Castelnau-P\u00e9gayrols\"}]},{\"@type\":\"WebSite\",\"@id\":\"https:\/\/www.camping-les-genets.fr\/en\/#website\",\"url\":\"https:\/\/www.camping-les-genets.fr\/en\/\",\"name\":\"Camping les Genets\",\"description\":\"\",\"publisher\":{\"@id\":\"https:\/\/www.camping-les-genets.fr\/en\/#organization\"},\"potentialAction\":[{\"@type\":\"SearchAction\",\"target\":{\"@type\":\"EntryPoint\",\"urlTemplate\":\"https:\/\/www.camping-les-genets.fr\/en\/?s={search_term_string}\"},\"query-input\":{\"@type\":\"PropertyValueSpecification\",\"valueRequired\":true,\"valueName\":\"search_term_string\"}}],\"inLanguage\":\"en-US\"},{\"@type\":\"Organization\",\"@id\":\"https:\/\/www.camping-les-genets.fr\/en\/#organization\",\"name\":\"Camping les Genets\",\"url\":\"https:\/\/www.camping-les-genets.fr\/en\/\",\"logo\":{\"@type\":\"ImageObject\",\"inLanguage\":\"en-US\",\"@id\":\"https:\/\/www.camping-les-genets.fr\/en\/#\/schema\/logo\/image\/\",\"url\":\"https:\/\/www.camping-les-genets.fr\/wp-content\/uploads\/2023\/07\/cropped-logo-camping-genets-footer.png\",\"contentUrl\":\"https:\/\/www.camping-les-genets.fr\/wp-content\/uploads\/2023\/07\/cropped-logo-camping-genets-footer.png\",\"width\":500,\"height\":295,\"caption\":\"Camping les Genets\"},\"image\":{\"@id\":\"https:\/\/www.camping-les-genets.fr\/en\/#\/schema\/logo\/image\/\"}}]}<\/script>\n<!-- \/ Yoast SEO plugin. -->","yoast_head_json":{"title":"Castelnau P\u00e9gayrols | Camping and tourism rentals in Castelnau","description":"Would you like to visit Castelnau P\u00e9gayrols during your vacation in Aveyron? Camping Les Gen\u00eats presents the town and its various accommodation options!","robots":{"index":"index","follow":"follow","max-snippet":"max-snippet:-1","max-image-preview":"max-image-preview:large","max-video-preview":"max-video-preview:-1"},"canonical":"https:\/\/www.camping-les-genets.fr\/en\/castelnau-pegayrols\/","og_locale":"en_US","og_type":"article","og_title":"Castelnau P\u00e9gayrols | Camping and tourism rentals in Castelnau","og_description":"Would you like to visit Castelnau P\u00e9gayrols during your vacation in Aveyron? Camping Les Gen\u00eats presents the town and its various accommodation options!","og_url":"https:\/\/www.camping-les-genets.fr\/en\/castelnau-pegayrols\/","og_site_name":"Camping les Genets","article_modified_time":"2024-01-18T08:29:35+00:00","og_image":[{"width":2560,"height":1707,"url":"https:\/\/www.camping-les-genets.fr\/wp-content\/uploads\/2023\/09\/Castelnau-Pegayrols-chateau-scaled.webp","type":"image\/webp"}],"twitter_card":"summary_large_image","twitter_misc":{"Est. reading time":"2 minutes"},"schema":{"@context":"https:\/\/schema.org","@graph":[{"@type":"WebPage","@id":"https:\/\/www.camping-les-genets.fr\/en\/castelnau-pegayrols\/","url":"https:\/\/www.camping-les-genets.fr\/en\/castelnau-pegayrols\/","name":"Castelnau P\u00e9gayrols | Camping and tourism rentals in Castelnau","isPartOf":{"@id":"https:\/\/www.camping-les-genets.fr\/en\/#website"},"primaryImageOfPage":{"@id":"https:\/\/www.camping-les-genets.fr\/en\/castelnau-pegayrols\/#primaryimage"},"image":{"@id":"https:\/\/www.camping-les-genets.fr\/en\/castelnau-pegayrols\/#primaryimage"},"thumbnailUrl":"https:\/\/www.camping-les-genets.fr\/wp-content\/uploads\/2023\/09\/Castelnau-Pegayrols-chateau-scaled.webp","datePublished":"2023-09-13T14:55:17+00:00","dateModified":"2024-01-18T08:29:35+00:00","description":"Would you like to visit Castelnau P\u00e9gayrols during your vacation in Aveyron? Camping Les Gen\u00eats presents the town and its various accommodation options!","breadcrumb":{"@id":"https:\/\/www.camping-les-genets.fr\/en\/castelnau-pegayrols\/#breadcrumb"},"inLanguage":"en-US","potentialAction":[{"@type":"ReadAction","target":["https:\/\/www.camping-les-genets.fr\/en\/castelnau-pegayrols\/"]}]},{"@type":"ImageObject","inLanguage":"en-US","@id":"https:\/\/www.camping-les-genets.fr\/en\/castelnau-pegayrols\/#primaryimage","url":"https:\/\/www.camping-les-genets.fr\/wp-content\/uploads\/2023\/09\/Castelnau-Pegayrols-chateau-scaled.webp","contentUrl":"https:\/\/www.camping-les-genets.fr\/wp-content\/uploads\/2023\/09\/Castelnau-Pegayrols-chateau-scaled.webp","width":2560,"height":1707,"caption":"Castelnau-P\u00e9gayrols castle"},{"@type":"BreadcrumbList","@id":"https:\/\/www.camping-les-genets.fr\/en\/castelnau-pegayrols\/#breadcrumb","itemListElement":[{"@type":"ListItem","position":1,"name":"Camping Aveyron","item":"https:\/\/www.camping-les-genets.fr\/en\/"},{"@type":"ListItem","position":2,"name":"Castelnau-P\u00e9gayrols"}]},{"@type":"WebSite","@id":"https:\/\/www.camping-les-genets.fr\/en\/#website","url":"https:\/\/www.camping-les-genets.fr\/en\/","name":"Camping les Genets","description":"","publisher":{"@id":"https:\/\/www.camping-les-genets.fr\/en\/#organization"},"potentialAction":[{"@type":"SearchAction","target":{"@type":"EntryPoint","urlTemplate":"https:\/\/www.camping-les-genets.fr\/en\/?s={search_term_string}"},"query-input":{"@type":"PropertyValueSpecification","valueRequired":true,"valueName":"search_term_string"}}],"inLanguage":"en-US"},{"@type":"Organization","@id":"https:\/\/www.camping-les-genets.fr\/en\/#organization","name":"Camping les Genets","url":"https:\/\/www.camping-les-genets.fr\/en\/","logo":{"@type":"ImageObject","inLanguage":"en-US","@id":"https:\/\/www.camping-les-genets.fr\/en\/#\/schema\/logo\/image\/","url":"https:\/\/www.camping-les-genets.fr\/wp-content\/uploads\/2023\/07\/cropped-logo-camping-genets-footer.png","contentUrl":"https:\/\/www.camping-les-genets.fr\/wp-content\/uploads\/2023\/07\/cropped-logo-camping-genets-footer.png","width":500,"height":295,"caption":"Camping les Genets"},"image":{"@id":"https:\/\/www.camping-les-genets.fr\/en\/#\/schema\/logo\/image\/"}}]}},"_links":{"self":[{"href":"https:\/\/www.camping-les-genets.fr\/en\/wp-json\/wp\/v2\/pages\/4997","targetHints":{"allow":["GET"]}}],"collection":[{"href":"https:\/\/www.camping-les-genets.fr\/en\/wp-json\/wp\/v2\/pages"}],"about":[{"href":"https:\/\/www.camping-les-genets.fr\/en\/wp-json\/wp\/v2\/types\/page"}],"author":[{"embeddable":true,"href":"https:\/\/www.camping-les-genets.fr\/en\/wp-json\/wp\/v2\/users\/1"}],"replies":[{"embeddable":true,"href":"https:\/\/www.camping-les-genets.fr\/en\/wp-json\/wp\/v2\/comments?post=4997"}],"version-history":[{"count":3,"href":"https:\/\/www.camping-les-genets.fr\/en\/wp-json\/wp\/v2\/pages\/4997\/revisions"}],"predecessor-version":[{"id":6129,"href":"https:\/\/www.camping-les-genets.fr\/en\/wp-json\/wp\/v2\/pages\/4997\/revisions\/6129"}],"wp:featuredmedia":[{"embeddable":true,"href":"https:\/\/www.camping-les-genets.fr\/en\/wp-json\/wp\/v2\/media\/2445"}],"wp:attachment":[{"href":"https:\/\/www.camping-les-genets.fr\/en\/wp-json\/wp\/v2\/media?parent=4997"}],"wp:term":[{"taxonomy":"sujet","embeddable":true,"href":"https:\/\/www.camping-les-genets.fr\/en\/wp-json\/wp\/v2\/sujet?post=4997"}],"curies":[{"name":"wp","href":"https:\/\/api.w.org\/{rel}","templated":true}]}}