{"id":4924,"date":"2023-09-11T16:46:02","date_gmt":"2023-09-11T14:46:02","guid":{"rendered":"https:\/\/www.camping-les-genets.fr\/brousse-le-chateau\/"},"modified":"2024-01-10T10:12:49","modified_gmt":"2024-01-10T09:12:49","slug":"brousse-le-chateau","status":"publish","type":"page","link":"https:\/\/www.camping-les-genets.fr\/en\/brousse-le-chateau\/","title":{"rendered":"Brousse le Ch\u00e2teau"},"content":{"rendered":"<section id=\"ls-section-block_093ef0e6070c488781126b919609e0b7\" class=\"ls-section  page-chapeau has-p-b p-b-0\" >\r\n        <div class=\"container \">\r\n        \n\n<h1 class=\"ls__heading wp-block-heading has-text-align-center animated fadeInLeft delay-100ms slow\"><strong>Brousse le Ch\u00e2teau<\/strong><\/h1>\n\n\r\n    <\/div>\r\n<\/section><section id=\"ls-section-block_6cb7fe8581ced7ea2d5393f4188b69cf\" class=\"ls-section  page-one has-p-b p-b-14\" >\r\n        <div class=\"container container--full\">\r\n        \n\n<div class=\"wp-block-columns is-layout-flex wp-container-core-columns-is-layout-9d6595d7 wp-block-columns-is-layout-flex\">\n<div class=\"wp-block-column first is-layout-flow wp-block-column-is-layout-flow\" style=\"flex-basis:66.66%\">\n<figure class=\"wp-block-image size-full\"><img decoding=\"async\" width=\"2560\" height=\"1696\" src=\"https:\/\/www.camping-les-genets.fr\/wp-content\/uploads\/2023\/09\/Village-a-visiter-Brousse-le-Chateau-dans-Aveyron-scaled.webp\" alt=\"Village to visit, Brousse le Chateau in Aveyron\" class=\"wp-image-1835\" srcset=\"https:\/\/www.camping-les-genets.fr\/wp-content\/uploads\/2023\/09\/Village-a-visiter-Brousse-le-Chateau-dans-Aveyron-scaled.webp 2560w, https:\/\/www.camping-les-genets.fr\/wp-content\/uploads\/2023\/09\/Village-a-visiter-Brousse-le-Chateau-dans-Aveyron-300x199.webp 300w, https:\/\/www.camping-les-genets.fr\/wp-content\/uploads\/2023\/09\/Village-a-visiter-Brousse-le-Chateau-dans-Aveyron-1024x678.webp 1024w, https:\/\/www.camping-les-genets.fr\/wp-content\/uploads\/2023\/09\/Village-a-visiter-Brousse-le-Chateau-dans-Aveyron-768x509.webp 768w, https:\/\/www.camping-les-genets.fr\/wp-content\/uploads\/2023\/09\/Village-a-visiter-Brousse-le-Chateau-dans-Aveyron-1536x1017.webp 1536w, https:\/\/www.camping-les-genets.fr\/wp-content\/uploads\/2023\/09\/Village-a-visiter-Brousse-le-Chateau-dans-Aveyron-2048x1356.webp 2048w\" sizes=\"(max-width: 2560px) 100vw, 2560px\" \/><\/figure>\n<\/div>\n\n\n\n<div class=\"wp-block-column is-vertically-aligned-center second has-color-white-background-color has-background is-layout-flow wp-block-column-is-layout-flow\" style=\"flex-basis:33.33%\">\n<h2 class=\"ls__heading wp-block-heading\"><strong>Vacations<\/strong> in Brousse Le Ch\u00e2teau<\/h2>\n\n\n\n<p class=\"ls-paragraph\">36 kilometres south-west of Les Gen\u00eats <a href=\"https:\/\/www.camping-les-genets.fr\/en\/\" target=\"_blank\" rel=\"noreferrer noopener\">campsite in Aveyron<\/a>, <a href=\"https:\/\/www.brousselechateau.net\/\" target=\"_blank\" rel=\"noreferrer noopener\">Brousse-le-Ch\u00e2teau<\/a> offers a picturesque landscape dominated by the silhouette of its 9th-century fortified castle. Listed as one of the <strong>&#8220;Most Beautiful Villages in France&#8221;<\/strong>, it&#8217;s well worth a visit!<\/p>\n\n\n\n<p class=\"ls-paragraph\">The<strong> medieval fortress dominates the village<\/strong> on its rocky outcrop. Well-preserved, the building still has a large part of its parapet walk, defensive towers, seigniorial dwelling, officers&#8217; quarters and fortified enclosure.<br\/><br\/>During your visit, you&#8217;ll discover temporary art exhibitions, as well as a permanent museography on the history of the castle, the science of strategy and medieval weapons. Medieval scenes and games are particularly popular with children.<\/p>\n<\/div>\n<\/div>\n\n\r\n    <\/div>\r\n<\/section><section id=\"ls-section-block_aa2dd766180268dde66ed48bbe69611c\" class=\"ls-section \" >\r\n        <div class=\"container container--wide\">\r\n        \n\n<div class=\"wp-block-columns is-layout-flex wp-container-core-columns-is-layout-9d6595d7 wp-block-columns-is-layout-flex\">\n<div class=\"wp-block-column first is-layout-flow wp-block-column-is-layout-flow\">\n<h2 class=\"ls__heading wp-block-heading\"><strong>Itinerary camping<\/strong> Brousse le Ch\u00e2teau<\/h2>\n\n\n\n<p class=\"ls-paragraph\">The <strong>commune of Brousse-le-Ch\u00e2teau<\/strong> is about 45 minutes&#8217; drive from Les Gen\u00eats campsite (38 km). To get there, go to Salles-Curan and drive south on the D44 towards Villefranche-de-Panat. You can stop off to <strong>visit the church of La Besse-Vors<\/strong> and <strong>stroll around the lake<\/strong>, which feeds a hydroelectric plant.<\/p>\n\n\n\n<p class=\"ls-paragraph addReadMore showlesscontent\">If you love <strong>local heritage<\/strong>, make a detour to Durenque, home to <strong>the Fran\u00e7ois Fabi\u00e9 Museum<\/strong>, dedicated to the local poet and housed in the house where he was born (Moulin de Roupeyrac).<br\/><br\/>Then retrace your steps and continue on the D44 to Lestrade-et-Thouels and Brousse-le-Ch\u00e2teau.<\/p>\n<\/div>\n\n\n\n<div class=\"wp-block-column is-vertically-aligned-center second is-layout-flow wp-block-column-is-layout-flow\" style=\"flex-basis:800px\">\n<iframe src=\"https:\/\/www.google.com\/maps\/embed?pb=!1m28!1m12!1m3!1d91703.88074223608!2d2.6215926888994416!3d44.08859124134581!2m3!1f0!2f0!3f0!3m2!1i1024!2i768!4f13.1!4m13!3e0!4m5!1s0x12b2683ba8eaa029%3A0x9e3dc1bbe65d1b4b!2sCamping%20les%20Gen%C3%AAts%20%7C%20Camping%20Aveyron%2C%20Lac%20de%20Pareloup%2C%20Salles-Curan!3m2!1d44.1894481!2d2.7667329!4m5!1s0x12b21204a70a8b59%3A0xd7a92a2a47240a13!2sBrousse%20le%20Ch%C3%A2teau%2C%20Brousse-le-Ch%C3%A2teau!3m2!1d43.9972567!2d2.6245852!5e0!3m2!1sfr!2sfr!4v1694528012652!5m2!1sfr!2sfr\" width=\"800\" height=\"600\" style=\"border:0;\" allowfullscreen=\"\" loading=\"lazy\" referrerpolicy=\"no-referrer-when-downgrade\"><\/iframe>\n<\/div>\n<\/div>\n\n\r\n    <\/div>\r\n<\/section><section id=\"ls-section-block_064b01e459012fe693989abcd94e3c2c\" class=\"ls-section  page-maillage has-p-t p-t-14 has-p-b p-b-14\" >\r\n        <div class=\"container container--wide\">\r\n        \n\n<div id=\"ls-heading ls-titre-div-block_dfc83472115994dfbaa97f075c8a83b0\" class=\"ls-titre-div aligncenter h2-like has-m-b m-b-8\" >\n    Discover hiking in Aveyron, La Couvertoirade and the Millau Viaduct!  <\/div>\n\n\n<div id=\"ls-maillage-block_9bac54f6acbd5b88ed4ebae847658b8a\" class=\"ls-maillage slow animated fadeInUp delay-100ms cta-style-normal\" data-rows=\"3\">\r\n    <div class=\"wp-block-columns\"><div class=\"wp-block-column\">\n\n<a href=\"https:\/\/www.camping-les-genets.fr\/en\/la-couvertoirade\/\" target=\"\" rel=\"noopener\" class=\"ls-cta__link\">\n\n\t<div class=\"ls-cta__image\"><img decoding=\"async\" src=\"https:\/\/www.camping-les-genets.fr\/wp-content\/uploads\/2024\/02\/Village-francais-768x960.webp\" alt=\"village la couvertoirade\"><\/div>\n\t<div class=\"ls-cta__title\">\n\t\tLa couvertoirade\t<\/div>\n\n\t\t\n<\/a><\/div><div class=\"wp-block-column\">\n\n<a href=\"https:\/\/www.camping-les-genets.fr\/en\/hiking-in-aveyron\/\" target=\"\" rel=\"noopener\" class=\"ls-cta__link\">\n\n\t<div class=\"ls-cta__image\"><img decoding=\"async\" src=\"https:\/\/www.camping-les-genets.fr\/wp-content\/uploads\/2023\/09\/Randonnee-pedestre-dans-lAveyron-768x1152.webp\" alt=\"Hiking in Aveyron\"><\/div>\n\t<div class=\"ls-cta__title\">\n\t\tHiking in Aveyron\t<\/div>\n\n\t\t\n<\/a><\/div><div class=\"wp-block-column\">\n\n<a href=\"https:\/\/www.camping-les-genets.fr\/en\/tourisme-millau\/\" target=\"\" rel=\"noopener\" class=\"ls-cta__link\">\n\n\t<div class=\"ls-cta__image\"><img decoding=\"async\" src=\"https:\/\/www.camping-les-genets.fr\/wp-content\/uploads\/2023\/09\/Passage-sur-le-viaduc-de-millau-proche-du-camping-les-genets-768x918.webp\" alt=\"Passage over the Millau viaduct near Les Gen\u00eats campsite\"><\/div>\n\t<div class=\"ls-cta__title\">\n\t\tMillau Viaduct\t<\/div>\n\n\t\t\n<\/a><\/div><\/div><\/div>\n\r\n    <\/div>\r\n<\/section>","protected":false},"excerpt":{"rendered":"","protected":false},"author":1,"featured_media":1841,"parent":0,"menu_order":0,"comment_status":"closed","ping_status":"closed","template":"","meta":{"_acf_changed":false,"inline_featured_image":false,"footnotes":""},"sujet":[],"class_list":["post-4924","page","type-page","status-publish","has-post-thumbnail","hentry"],"acf":[],"yoast_head":"<!-- This site is optimized with the Yoast SEO plugin v27.3 - https:\/\/yoast.com\/product\/yoast-seo-wordpress\/ -->\n<title>Chateau de Brousse : holidays and activities at Brousse le Ch\u00e2teau<\/title>\n<meta name=\"description\" content=\"Looking for a campsite in Brousse le Ch\u00e2teau? Camping Les Gen\u00eats welcomes you to Aveyron and presents the activities at Brousse le Ch\u00e2teau!\" \/>\n<meta name=\"robots\" content=\"index, follow, max-snippet:-1, max-image-preview:large, max-video-preview:-1\" \/>\n<link rel=\"canonical\" href=\"https:\/\/www.camping-les-genets.fr\/en\/brousse-le-chateau\/\" \/>\n<meta property=\"og:locale\" content=\"en_US\" \/>\n<meta property=\"og:type\" content=\"article\" \/>\n<meta property=\"og:title\" content=\"Chateau de Brousse : holidays and activities at Brousse le Ch\u00e2teau\" \/>\n<meta property=\"og:description\" content=\"Looking for a campsite in Brousse le Ch\u00e2teau? Camping Les Gen\u00eats welcomes you to Aveyron and presents the activities at Brousse le Ch\u00e2teau!\" \/>\n<meta property=\"og:url\" content=\"https:\/\/www.camping-les-genets.fr\/en\/brousse-le-chateau\/\" \/>\n<meta property=\"og:site_name\" content=\"Camping les Genets\" \/>\n<meta property=\"article:modified_time\" content=\"2024-01-10T09:12:49+00:00\" \/>\n<meta property=\"og:image\" content=\"https:\/\/www.camping-les-genets.fr\/wp-content\/uploads\/2023\/09\/Vue-des-montagnes-dans-lAveyron-scaled.webp\" \/>\n\t<meta property=\"og:image:width\" content=\"2560\" \/>\n\t<meta property=\"og:image:height\" content=\"1520\" \/>\n\t<meta property=\"og:image:type\" content=\"image\/webp\" \/>\n<meta name=\"twitter:card\" content=\"summary_large_image\" \/>\n<meta name=\"twitter:label1\" content=\"Est. reading time\" \/>\n\t<meta name=\"twitter:data1\" content=\"1 minute\" \/>\n<script type=\"application\/ld+json\" class=\"yoast-schema-graph\">{\"@context\":\"https:\\\/\\\/schema.org\",\"@graph\":[{\"@type\":\"WebPage\",\"@id\":\"https:\\\/\\\/www.camping-les-genets.fr\\\/en\\\/brousse-le-chateau\\\/\",\"url\":\"https:\\\/\\\/www.camping-les-genets.fr\\\/en\\\/brousse-le-chateau\\\/\",\"name\":\"Chateau de Brousse : holidays and activities at Brousse le Ch\u00e2teau\",\"isPartOf\":{\"@id\":\"https:\\\/\\\/www.camping-les-genets.fr\\\/en\\\/#website\"},\"primaryImageOfPage\":{\"@id\":\"https:\\\/\\\/www.camping-les-genets.fr\\\/en\\\/brousse-le-chateau\\\/#primaryimage\"},\"image\":{\"@id\":\"https:\\\/\\\/www.camping-les-genets.fr\\\/en\\\/brousse-le-chateau\\\/#primaryimage\"},\"thumbnailUrl\":\"https:\\\/\\\/www.camping-les-genets.fr\\\/wp-content\\\/uploads\\\/2023\\\/09\\\/Vue-des-montagnes-dans-lAveyron-scaled.webp\",\"datePublished\":\"2023-09-11T14:46:02+00:00\",\"dateModified\":\"2024-01-10T09:12:49+00:00\",\"description\":\"Looking for a campsite in Brousse le Ch\u00e2teau? Camping Les Gen\u00eats welcomes you to Aveyron and presents the activities at Brousse le Ch\u00e2teau!\",\"breadcrumb\":{\"@id\":\"https:\\\/\\\/www.camping-les-genets.fr\\\/en\\\/brousse-le-chateau\\\/#breadcrumb\"},\"inLanguage\":\"en-US\",\"potentialAction\":[{\"@type\":\"ReadAction\",\"target\":[\"https:\\\/\\\/www.camping-les-genets.fr\\\/en\\\/brousse-le-chateau\\\/\"]}]},{\"@type\":\"ImageObject\",\"inLanguage\":\"en-US\",\"@id\":\"https:\\\/\\\/www.camping-les-genets.fr\\\/en\\\/brousse-le-chateau\\\/#primaryimage\",\"url\":\"https:\\\/\\\/www.camping-les-genets.fr\\\/wp-content\\\/uploads\\\/2023\\\/09\\\/Vue-des-montagnes-dans-lAveyron-scaled.webp\",\"contentUrl\":\"https:\\\/\\\/www.camping-les-genets.fr\\\/wp-content\\\/uploads\\\/2023\\\/09\\\/Vue-des-montagnes-dans-lAveyron-scaled.webp\",\"width\":2560,\"height\":1520,\"caption\":\"Mountain views in Aveyron\"},{\"@type\":\"BreadcrumbList\",\"@id\":\"https:\\\/\\\/www.camping-les-genets.fr\\\/en\\\/brousse-le-chateau\\\/#breadcrumb\",\"itemListElement\":[{\"@type\":\"ListItem\",\"position\":1,\"name\":\"Camping Aveyron\",\"item\":\"https:\\\/\\\/www.camping-les-genets.fr\\\/en\\\/\"},{\"@type\":\"ListItem\",\"position\":2,\"name\":\"Brousse le Ch\u00e2teau\"}]},{\"@type\":\"WebSite\",\"@id\":\"https:\\\/\\\/www.camping-les-genets.fr\\\/en\\\/#website\",\"url\":\"https:\\\/\\\/www.camping-les-genets.fr\\\/en\\\/\",\"name\":\"Camping les Genets\",\"description\":\"\",\"publisher\":{\"@id\":\"https:\\\/\\\/www.camping-les-genets.fr\\\/en\\\/#organization\"},\"potentialAction\":[{\"@type\":\"SearchAction\",\"target\":{\"@type\":\"EntryPoint\",\"urlTemplate\":\"https:\\\/\\\/www.camping-les-genets.fr\\\/en\\\/?s={search_term_string}\"},\"query-input\":{\"@type\":\"PropertyValueSpecification\",\"valueRequired\":true,\"valueName\":\"search_term_string\"}}],\"inLanguage\":\"en-US\"},{\"@type\":\"Organization\",\"@id\":\"https:\\\/\\\/www.camping-les-genets.fr\\\/en\\\/#organization\",\"name\":\"Camping les Genets\",\"url\":\"https:\\\/\\\/www.camping-les-genets.fr\\\/en\\\/\",\"logo\":{\"@type\":\"ImageObject\",\"inLanguage\":\"en-US\",\"@id\":\"https:\\\/\\\/www.camping-les-genets.fr\\\/en\\\/#\\\/schema\\\/logo\\\/image\\\/\",\"url\":\"https:\\\/\\\/www.camping-les-genets.fr\\\/wp-content\\\/uploads\\\/2023\\\/07\\\/cropped-logo-camping-genets-footer.png\",\"contentUrl\":\"https:\\\/\\\/www.camping-les-genets.fr\\\/wp-content\\\/uploads\\\/2023\\\/07\\\/cropped-logo-camping-genets-footer.png\",\"width\":500,\"height\":295,\"caption\":\"Camping les Genets\"},\"image\":{\"@id\":\"https:\\\/\\\/www.camping-les-genets.fr\\\/en\\\/#\\\/schema\\\/logo\\\/image\\\/\"}}]}<\/script>\n<!-- \/ Yoast SEO plugin. -->","yoast_head_json":{"title":"Chateau de Brousse : holidays and activities at Brousse le Ch\u00e2teau","description":"Looking for a campsite in Brousse le Ch\u00e2teau? Camping Les Gen\u00eats welcomes you to Aveyron and presents the activities at Brousse le Ch\u00e2teau!","robots":{"index":"index","follow":"follow","max-snippet":"max-snippet:-1","max-image-preview":"max-image-preview:large","max-video-preview":"max-video-preview:-1"},"canonical":"https:\/\/www.camping-les-genets.fr\/en\/brousse-le-chateau\/","og_locale":"en_US","og_type":"article","og_title":"Chateau de Brousse : holidays and activities at Brousse le Ch\u00e2teau","og_description":"Looking for a campsite in Brousse le Ch\u00e2teau? Camping Les Gen\u00eats welcomes you to Aveyron and presents the activities at Brousse le Ch\u00e2teau!","og_url":"https:\/\/www.camping-les-genets.fr\/en\/brousse-le-chateau\/","og_site_name":"Camping les Genets","article_modified_time":"2024-01-10T09:12:49+00:00","og_image":[{"width":2560,"height":1520,"url":"https:\/\/www.camping-les-genets.fr\/wp-content\/uploads\/2023\/09\/Vue-des-montagnes-dans-lAveyron-scaled.webp","type":"image\/webp"}],"twitter_card":"summary_large_image","twitter_misc":{"Est. reading time":"1 minute"},"schema":{"@context":"https:\/\/schema.org","@graph":[{"@type":"WebPage","@id":"https:\/\/www.camping-les-genets.fr\/en\/brousse-le-chateau\/","url":"https:\/\/www.camping-les-genets.fr\/en\/brousse-le-chateau\/","name":"Chateau de Brousse : holidays and activities at Brousse le Ch\u00e2teau","isPartOf":{"@id":"https:\/\/www.camping-les-genets.fr\/en\/#website"},"primaryImageOfPage":{"@id":"https:\/\/www.camping-les-genets.fr\/en\/brousse-le-chateau\/#primaryimage"},"image":{"@id":"https:\/\/www.camping-les-genets.fr\/en\/brousse-le-chateau\/#primaryimage"},"thumbnailUrl":"https:\/\/www.camping-les-genets.fr\/wp-content\/uploads\/2023\/09\/Vue-des-montagnes-dans-lAveyron-scaled.webp","datePublished":"2023-09-11T14:46:02+00:00","dateModified":"2024-01-10T09:12:49+00:00","description":"Looking for a campsite in Brousse le Ch\u00e2teau? Camping Les Gen\u00eats welcomes you to Aveyron and presents the activities at Brousse le Ch\u00e2teau!","breadcrumb":{"@id":"https:\/\/www.camping-les-genets.fr\/en\/brousse-le-chateau\/#breadcrumb"},"inLanguage":"en-US","potentialAction":[{"@type":"ReadAction","target":["https:\/\/www.camping-les-genets.fr\/en\/brousse-le-chateau\/"]}]},{"@type":"ImageObject","inLanguage":"en-US","@id":"https:\/\/www.camping-les-genets.fr\/en\/brousse-le-chateau\/#primaryimage","url":"https:\/\/www.camping-les-genets.fr\/wp-content\/uploads\/2023\/09\/Vue-des-montagnes-dans-lAveyron-scaled.webp","contentUrl":"https:\/\/www.camping-les-genets.fr\/wp-content\/uploads\/2023\/09\/Vue-des-montagnes-dans-lAveyron-scaled.webp","width":2560,"height":1520,"caption":"Mountain views in Aveyron"},{"@type":"BreadcrumbList","@id":"https:\/\/www.camping-les-genets.fr\/en\/brousse-le-chateau\/#breadcrumb","itemListElement":[{"@type":"ListItem","position":1,"name":"Camping Aveyron","item":"https:\/\/www.camping-les-genets.fr\/en\/"},{"@type":"ListItem","position":2,"name":"Brousse le Ch\u00e2teau"}]},{"@type":"WebSite","@id":"https:\/\/www.camping-les-genets.fr\/en\/#website","url":"https:\/\/www.camping-les-genets.fr\/en\/","name":"Camping les Genets","description":"","publisher":{"@id":"https:\/\/www.camping-les-genets.fr\/en\/#organization"},"potentialAction":[{"@type":"SearchAction","target":{"@type":"EntryPoint","urlTemplate":"https:\/\/www.camping-les-genets.fr\/en\/?s={search_term_string}"},"query-input":{"@type":"PropertyValueSpecification","valueRequired":true,"valueName":"search_term_string"}}],"inLanguage":"en-US"},{"@type":"Organization","@id":"https:\/\/www.camping-les-genets.fr\/en\/#organization","name":"Camping les Genets","url":"https:\/\/www.camping-les-genets.fr\/en\/","logo":{"@type":"ImageObject","inLanguage":"en-US","@id":"https:\/\/www.camping-les-genets.fr\/en\/#\/schema\/logo\/image\/","url":"https:\/\/www.camping-les-genets.fr\/wp-content\/uploads\/2023\/07\/cropped-logo-camping-genets-footer.png","contentUrl":"https:\/\/www.camping-les-genets.fr\/wp-content\/uploads\/2023\/07\/cropped-logo-camping-genets-footer.png","width":500,"height":295,"caption":"Camping les Genets"},"image":{"@id":"https:\/\/www.camping-les-genets.fr\/en\/#\/schema\/logo\/image\/"}}]}},"_links":{"self":[{"href":"https:\/\/www.camping-les-genets.fr\/en\/wp-json\/wp\/v2\/pages\/4924","targetHints":{"allow":["GET"]}}],"collection":[{"href":"https:\/\/www.camping-les-genets.fr\/en\/wp-json\/wp\/v2\/pages"}],"about":[{"href":"https:\/\/www.camping-les-genets.fr\/en\/wp-json\/wp\/v2\/types\/page"}],"author":[{"embeddable":true,"href":"https:\/\/www.camping-les-genets.fr\/en\/wp-json\/wp\/v2\/users\/1"}],"replies":[{"embeddable":true,"href":"https:\/\/www.camping-les-genets.fr\/en\/wp-json\/wp\/v2\/comments?post=4924"}],"version-history":[{"count":5,"href":"https:\/\/www.camping-les-genets.fr\/en\/wp-json\/wp\/v2\/pages\/4924\/revisions"}],"predecessor-version":[{"id":5789,"href":"https:\/\/www.camping-les-genets.fr\/en\/wp-json\/wp\/v2\/pages\/4924\/revisions\/5789"}],"wp:featuredmedia":[{"embeddable":true,"href":"https:\/\/www.camping-les-genets.fr\/en\/wp-json\/wp\/v2\/media\/1841"}],"wp:attachment":[{"href":"https:\/\/www.camping-les-genets.fr\/en\/wp-json\/wp\/v2\/media?parent=4924"}],"wp:term":[{"taxonomy":"sujet","embeddable":true,"href":"https:\/\/www.camping-les-genets.fr\/en\/wp-json\/wp\/v2\/sujet?post=4924"}],"curies":[{"name":"wp","href":"https:\/\/api.w.org\/{rel}","templated":true}]}}