{"id":5195,"date":"2023-09-08T10:03:41","date_gmt":"2023-09-08T08:03:41","guid":{"rendered":"https:\/\/www.camping-les-genets.fr\/millau-viadukt\/"},"modified":"2023-12-04T10:51:48","modified_gmt":"2023-12-04T09:51:48","slug":"millau-viadukt","status":"publish","type":"page","link":"https:\/\/www.camping-les-genets.fr\/de\/millau-viadukt\/","title":{"rendered":"Millau-Viadukt"},"content":{"rendered":"<section id=\"ls-section-block_4ab57bfa34a32295fec9f23457b57577\" class=\"ls-section  page-chapeau has-p-b p-b-0\" >\r\n        <div class=\"container \">\r\n        \n\n<h1 class=\"ls__heading wp-block-heading has-text-align-center animated fadeInLeft delay-100ms slow\"><strong>Millau<\/strong> Viadukt<\/h1>\n\n\r\n    <\/div>\r\n<\/section>\n\n<section id=\"ls-section-block_2e993d09025386aecdc5daf5a609c061\" class=\"ls-section  page-one has-p-b p-b-14\" >\r\n        <div class=\"container container--full\">\r\n        \n\n<div class=\"wp-block-columns is-layout-flex wp-container-core-columns-is-layout-9d6595d7 wp-block-columns-is-layout-flex\">\n<div class=\"wp-block-column first is-layout-flow wp-block-column-is-layout-flow\" style=\"flex-basis:66.66%\">\n<figure class=\"wp-block-image size-full\"><img decoding=\"async\" width=\"1440\" height=\"1920\" src=\"https:\/\/www.camping-les-genets.fr\/wp-content\/uploads\/2023\/09\/Viaduc-de-millau-proche-du-camping-les-genets.webp\" alt=\"Viadukt von millau in der N\u00e4he des Campingplatzes les genets\" class=\"wp-image-2499\" style=\"aspect-ratio:4\/3;object-fit:cover\" srcset=\"https:\/\/www.camping-les-genets.fr\/wp-content\/uploads\/2023\/09\/Viaduc-de-millau-proche-du-camping-les-genets.webp 1440w, https:\/\/www.camping-les-genets.fr\/wp-content\/uploads\/2023\/09\/Viaduc-de-millau-proche-du-camping-les-genets-225x300.webp 225w, https:\/\/www.camping-les-genets.fr\/wp-content\/uploads\/2023\/09\/Viaduc-de-millau-proche-du-camping-les-genets-768x1024.webp 768w, https:\/\/www.camping-les-genets.fr\/wp-content\/uploads\/2023\/09\/Viaduc-de-millau-proche-du-camping-les-genets-1152x1536.webp 1152w\" sizes=\"(max-width: 1440px) 100vw, 1440px\" \/><\/figure>\n<\/div>\n\n\n\n<div class=\"wp-block-column is-vertically-aligned-center second has-color-white-background-color has-background is-layout-flow wp-block-column-is-layout-flow\" style=\"flex-basis:33.33%\">\n<h2 class=\"ls__heading wp-block-heading\"><strong>Urlaub<\/strong> in Millau<\/h2>\n\n\n\n<p class=\"ls-paragraph\">40 Minuten s\u00fcd\u00f6stlich des <a href=\"https:\/\/www.camping-les-genets.fr\/de\/\">Campingplatzes Les Gen\u00eats im D\u00e9partement Aveyron<\/a> liegt das <a href=\"https:\/\/www.leviaducdemillau.com\/home.html\" target=\"_blank\" rel=\"noreferrer noopener\">Millau-Viadukt<\/a>, das<strong> mehrere Rekorde h\u00e4lt<\/strong>: die l\u00e4ngste Schr\u00e4gseilbr\u00fccke der Welt, den h\u00f6chsten Pfeiler der Welt oder den h\u00f6chsten Pylon einer Autobahnbr\u00fccke der Welt.<\/p>\n\n\n\n<p class=\"ls-paragraph\">Diese Schr\u00e4gseilbr\u00fccke mit ihren<strong> au\u00dfergew\u00f6hnlichen Abmessungen<\/strong> genie\u00dft <strong>internationale Bekanntheit<\/strong>. Durch den Bau dieses Stahlbauwerks wurden die Urlaubsrouten in der Region Midi-Pyr\u00e9n\u00e9es durch eine neue Autobahn entlastet.<\/p>\n\n\n\n<p class=\"ls-paragraph addReadMore showlesscontent\">Obwohl es bei der Grundsteinlegung viele Skeptiker gab, vor allem wegen der H\u00f6he und der gigantischen Mengen an Beton und Stahl, die ben\u00f6tigt wurden, hat dieses Viadukt nicht nur eine neue Stra\u00dfe geschaffen, sondern auch den Luxus, in den exklusiven Kreis von  <strong>beliebteste Sehensw\u00fcrdigkeiten der Franzosen<\/strong>  unter anderem mit dem Eiffelturm oder der Abtei Mont Saint Michel.<br><br>Um sie zu entdecken, sollten Sie unbedingt einen Stopp auf der Autobahnrastst\u00e4tte Millau-Viadukt einlegen: Ein <strong>Aussichtspunkt<\/strong> bietet Ihnen einen <strong>atemberaubenden<\/strong> <strong>Panoramablick<\/strong> auf die Br\u00fccke und die h\u00fcgelige Landschaft, die sie \u00fcberspannt.<br><br>In einem <strong>220 m2 gro\u00dfen Expo-Bereich<\/strong> k\u00f6nnen Sie mehr \u00fcber die Bauphasen der Br\u00fccke erfahren. Es ist auch m\u00f6glich, einen 40-min\u00fctigen <strong>individuellen Besuch<\/strong> auf dem &#8222;Pfad der Entdecker&#8220; zu genie\u00dfen, der von einem Eiffage-F\u00fchrer kommentiert wird. Sie werden insbesondere von einem <strong>privilegierten Aussichtspunkt auf die Sch\u00fcrze des Viadukts<\/strong> profitieren.<\/p>\n<\/div>\n<\/div>\n\n\r\n    <\/div>\r\n<\/section>\n\n<section id=\"ls-section-block_d2ac750baeefb9c01d77794f1dc059d5\" class=\"ls-section \" >\r\n        <div class=\"container container--wide\">\r\n        \n\n<div class=\"wp-block-columns is-layout-flex wp-container-core-columns-is-layout-9d6595d7 wp-block-columns-is-layout-flex\">\n<div class=\"wp-block-column first is-layout-flow wp-block-column-is-layout-flow\">\n<h2 class=\"ls__heading wp-block-heading\">Route <strong>Camping Viadukt von Millau<\/strong><\/h2>\n\n\n\n<p class=\"ls-paragraph\">F\u00fcr einen <a href=\"https:\/\/www.camping-les-genets.fr\/de\/camping-millau\/\">Campingurlaub in Millau<\/a> im Departement Aveyron in der N\u00e4he des Viadukts von Millau bietet der <strong>Campingplatz Les Gen\u00eats<\/strong> die Vermietung von Mobilheimen und Campingpl\u00e4tzen f\u00fcr Zelte und Wohnmobile an!<\/p>\n\n\n\n<p class=\"ls-paragraph\">Vom Campingclub Les Gen\u00eats aus ben\u00f6tigen Sie etwa eine Stunde bis zum <strong>Millau-Viadukt<\/strong> (59 km), einer der <strong>sch\u00f6nsten Schr\u00e4gseilbr\u00fccken der Welt<\/strong>. In Salles-Curan nehmen Sie die D993 nach Montjaux. Nehmen Sie sich die Zeit, sein Schloss und seine Kirche Saint-Quirinus zu besichtigen, bevor Sie weiter nach Saint-Rome-en-Tarn fahren. Diese Gemeinde ist ber\u00fchmt f\u00fcr ihren <strong>wundersch\u00f6nen mittelalterlichen Stadtkern<\/strong> und wir empfehlen Ihnen, auf dem Hin- oder R\u00fcckweg einen Stopp dort einzulegen. Nehmen Sie dann die D41, die an den Tarn grenzt. Sie durchqueren ein weiteres charmantes Dorf, Compr\u00e9gnac, bevor Sie das <strong>Viadukt von Millau<\/strong> erreichen.<\/p>\n<\/div>\n\n\n\n<div class=\"wp-block-column is-vertically-aligned-center second is-layout-flow wp-block-column-is-layout-flow\" style=\"flex-basis:800px\">\n<iframe src=\"https:\/\/www.google.com\/maps\/embed?pb=!1m28!1m12!1m3!1d183293.0370775136!2d2.7505914345270783!3d44.12557705188555!2m3!1f0!2f0!3f0!3m2!1i1024!2i768!4f13.1!4m13!3e0!4m5!1s0x12b2683ba8eaa029%3A0x9e3dc1bbe65d1b4b!2sCamping%20les%20Gen%C3%AAts%20%7C%20Camping%20Aveyron%2C%20Lac%20de%20Pareloup%2C%20Salles-Curan!3m2!1d44.1894481!2d2.7667329!4m5!1s0x12b24a26901e27d1%3A0xd68c6a0fa2bec6e4!2sViaduc%20de%20Millau%2C%20Viaduc%20de%20Millau%2C%20Millau!3m2!1d44.0774541!2d3.0228387999999997!5e0!3m2!1sfr!2sfr!4v1694680270806!5m2!1sfr!2sfr\" width=\"800\" height=\"600\" style=\"border:0;\" allowfullscreen=\"\" loading=\"lazy\" referrerpolicy=\"no-referrer-when-downgrade\"><\/iframe>\n<\/div>\n<\/div>\n\n\r\n    <\/div>\r\n<\/section>\n\n<section id=\"ls-section-block_fedac667bda020a2d46efffce3d999f9\" class=\"ls-section  page-maillage has-p-t p-t-14 has-p-b p-b-14\" >\r\n        <div class=\"container container--wide\">\r\n        \n\n<div id=\"ls-heading ls-titre-div-block_6b8688dbb8da03bbf66ee70c0a22c151\" class=\"ls-titre-div aligncenter h2-like has-m-b m-b-8\" >\n    Entdecken Sie das Dorf Castelnau-P\u00e9gaytols, den Turm von Peyrebrune und das Soulages-Museum!<\/div>\n\n\n<div id=\"ls-maillage-block_52d5097a87473f8cc3ab07de64c34619\" class=\"ls-maillage slow animated fadeInUp delay-100ms cta-style-normal\" data-rows=\"3\">\r\n    <div class=\"wp-block-columns\"><div class=\"wp-block-column\">\n\n<a href=\"https:\/\/www.camping-les-genets.fr\/de\/castelnau-pegayrols\/\" target=\"\" rel=\"noopener\" class=\"ls-cta__link\">\n\n\t<div class=\"ls-cta__image\"><img decoding=\"async\" src=\"https:\/\/www.camping-les-genets.fr\/wp-content\/uploads\/2023\/09\/Jolie-village-Castelnau-Pegayrols-768x1024.webp\" alt=\"H\u00fcbsches Dorf Castelnau-P\u00e9gayrols\"><\/div>\n\t<div class=\"ls-cta__title\">\n\t\tCastelnau-P\u00e9gayrols\t<\/div>\n\n\t\t\n<\/a><\/div><div class=\"wp-block-column\">\n\n<a href=\"https:\/\/www.camping-les-genets.fr\/de\/der-turm-von-peyrebrune\/\" target=\"\" rel=\"noopener\" class=\"ls-cta__link\">\n\n\t<div class=\"ls-cta__image\"><img decoding=\"async\" src=\"https:\/\/www.camping-les-genets.fr\/wp-content\/uploads\/2023\/09\/Paysage-en-Aveyron-768x1152.webp\" alt=\"Landschaft in Aveyron\"><\/div>\n\t<div class=\"ls-cta__title\">\n\t\tDer Turm von Peyrebrune\t<\/div>\n\n\t\t\n<\/a><\/div><div class=\"wp-block-column\">\n\n<a href=\"https:\/\/www.camping-les-genets.fr\/de\/soulages-museum\/\" target=\"\" rel=\"noopener\" class=\"ls-cta__link\">\n\n\t<div class=\"ls-cta__image\"><img decoding=\"async\" src=\"https:\/\/www.camping-les-genets.fr\/wp-content\/uploads\/2023\/09\/Musee-dart-contemporain-en-Aveyron-768x1150.webp\" alt=\"Museum f\u00fcr zeitgen\u00f6ssische Kunst im Aveyron\"><\/div>\n\t<div class=\"ls-cta__title\">\n\t\tSoulages-Museum\t<\/div>\n\n\t\t\n<\/a><\/div><\/div><\/div>\n\r\n    <\/div>\r\n<\/section>","protected":false},"excerpt":{"rendered":"","protected":false},"author":1,"featured_media":2498,"parent":0,"menu_order":0,"comment_status":"closed","ping_status":"closed","template":"","meta":{"_acf_changed":false,"inline_featured_image":false,"footnotes":""},"sujet":[],"class_list":["post-5195","page","type-page","status-publish","has-post-thumbnail","hentry"],"acf":[],"yoast_head":"<!-- This site is optimized with the Yoast SEO plugin v23.4 - https:\/\/yoast.com\/wordpress\/plugins\/seo\/ -->\n<title>Camping Millau | Ferienunterk\u00fcnfte und Aktivit\u00e4ten in Millau<\/title>\n<meta name=\"description\" content=\"Auf der Suche nach einem Campingplatz in Millau? Der Campingplatz Les Gen\u00eats **** empf\u00e4ngt Sie im D\u00e9partement Aveyron und stellt Ihnen die Aktivit\u00e4ten vor, die Sie in Millau unternehmen k\u00f6nnen!\" \/>\n<meta name=\"robots\" content=\"index, follow, max-snippet:-1, max-image-preview:large, max-video-preview:-1\" \/>\n<link rel=\"canonical\" href=\"https:\/\/www.camping-les-genets.fr\/de\/millau-viadukt\/\" \/>\n<meta property=\"og:locale\" content=\"de_DE\" \/>\n<meta property=\"og:type\" content=\"article\" \/>\n<meta property=\"og:title\" content=\"Camping Millau | Ferienunterk\u00fcnfte und Aktivit\u00e4ten in Millau\" \/>\n<meta property=\"og:description\" content=\"Auf der Suche nach einem Campingplatz in Millau? Der Campingplatz Les Gen\u00eats **** empf\u00e4ngt Sie im D\u00e9partement Aveyron und stellt Ihnen die Aktivit\u00e4ten vor, die Sie in Millau unternehmen k\u00f6nnen!\" \/>\n<meta property=\"og:url\" content=\"https:\/\/www.camping-les-genets.fr\/de\/millau-viadukt\/\" \/>\n<meta property=\"og:site_name\" content=\"Camping les Genets\" \/>\n<meta property=\"article:modified_time\" content=\"2023-12-04T09:51:48+00:00\" \/>\n<meta property=\"og:image\" content=\"https:\/\/www.camping-les-genets.fr\/wp-content\/uploads\/2023\/09\/Viaduc-de-Millau-en-Aveyron.webp\" \/>\n\t<meta property=\"og:image:width\" content=\"1920\" \/>\n\t<meta property=\"og:image:height\" content=\"1277\" \/>\n\t<meta property=\"og:image:type\" content=\"image\/webp\" \/>\n<meta name=\"twitter:card\" content=\"summary_large_image\" \/>\n<meta name=\"twitter:label1\" content=\"Gesch\u00e4tzte Lesezeit\" \/>\n\t<meta name=\"twitter:data1\" content=\"2\u00a0Minuten\" \/>\n<script type=\"application\/ld+json\" class=\"yoast-schema-graph\">{\"@context\":\"https:\/\/schema.org\",\"@graph\":[{\"@type\":\"WebPage\",\"@id\":\"https:\/\/www.camping-les-genets.fr\/de\/millau-viadukt\/\",\"url\":\"https:\/\/www.camping-les-genets.fr\/de\/millau-viadukt\/\",\"name\":\"Camping Millau | Ferienunterk\u00fcnfte und Aktivit\u00e4ten in Millau\",\"isPartOf\":{\"@id\":\"https:\/\/www.camping-les-genets.fr\/de\/#website\"},\"primaryImageOfPage\":{\"@id\":\"https:\/\/www.camping-les-genets.fr\/de\/millau-viadukt\/#primaryimage\"},\"image\":{\"@id\":\"https:\/\/www.camping-les-genets.fr\/de\/millau-viadukt\/#primaryimage\"},\"thumbnailUrl\":\"https:\/\/www.camping-les-genets.fr\/wp-content\/uploads\/2023\/09\/Viaduc-de-Millau-en-Aveyron.webp\",\"datePublished\":\"2023-09-08T08:03:41+00:00\",\"dateModified\":\"2023-12-04T09:51:48+00:00\",\"description\":\"Auf der Suche nach einem Campingplatz in Millau? Der Campingplatz Les Gen\u00eats **** empf\u00e4ngt Sie im D\u00e9partement Aveyron und stellt Ihnen die Aktivit\u00e4ten vor, die Sie in Millau unternehmen k\u00f6nnen!\",\"breadcrumb\":{\"@id\":\"https:\/\/www.camping-les-genets.fr\/de\/millau-viadukt\/#breadcrumb\"},\"inLanguage\":\"de\",\"potentialAction\":[{\"@type\":\"ReadAction\",\"target\":[\"https:\/\/www.camping-les-genets.fr\/de\/millau-viadukt\/\"]}]},{\"@type\":\"ImageObject\",\"inLanguage\":\"de\",\"@id\":\"https:\/\/www.camping-les-genets.fr\/de\/millau-viadukt\/#primaryimage\",\"url\":\"https:\/\/www.camping-les-genets.fr\/wp-content\/uploads\/2023\/09\/Viaduc-de-Millau-en-Aveyron.webp\",\"contentUrl\":\"https:\/\/www.camping-les-genets.fr\/wp-content\/uploads\/2023\/09\/Viaduc-de-Millau-en-Aveyron.webp\",\"width\":1920,\"height\":1277,\"caption\":\"Millau-Viadukt in Aveyron\"},{\"@type\":\"BreadcrumbList\",\"@id\":\"https:\/\/www.camping-les-genets.fr\/de\/millau-viadukt\/#breadcrumb\",\"itemListElement\":[{\"@type\":\"ListItem\",\"position\":1,\"name\":\"Camping Aveyron\",\"item\":\"https:\/\/www.camping-les-genets.fr\/de\/\"},{\"@type\":\"ListItem\",\"position\":2,\"name\":\"Millau-Viadukt\"}]},{\"@type\":\"WebSite\",\"@id\":\"https:\/\/www.camping-les-genets.fr\/de\/#website\",\"url\":\"https:\/\/www.camping-les-genets.fr\/de\/\",\"name\":\"Camping les Genets\",\"description\":\"\",\"publisher\":{\"@id\":\"https:\/\/www.camping-les-genets.fr\/de\/#organization\"},\"potentialAction\":[{\"@type\":\"SearchAction\",\"target\":{\"@type\":\"EntryPoint\",\"urlTemplate\":\"https:\/\/www.camping-les-genets.fr\/de\/?s={search_term_string}\"},\"query-input\":{\"@type\":\"PropertyValueSpecification\",\"valueRequired\":true,\"valueName\":\"search_term_string\"}}],\"inLanguage\":\"de\"},{\"@type\":\"Organization\",\"@id\":\"https:\/\/www.camping-les-genets.fr\/de\/#organization\",\"name\":\"Camping les Genets\",\"url\":\"https:\/\/www.camping-les-genets.fr\/de\/\",\"logo\":{\"@type\":\"ImageObject\",\"inLanguage\":\"de\",\"@id\":\"https:\/\/www.camping-les-genets.fr\/de\/#\/schema\/logo\/image\/\",\"url\":\"https:\/\/www.camping-les-genets.fr\/wp-content\/uploads\/2023\/07\/cropped-logo-camping-genets-footer.png\",\"contentUrl\":\"https:\/\/www.camping-les-genets.fr\/wp-content\/uploads\/2023\/07\/cropped-logo-camping-genets-footer.png\",\"width\":500,\"height\":295,\"caption\":\"Camping les Genets\"},\"image\":{\"@id\":\"https:\/\/www.camping-les-genets.fr\/de\/#\/schema\/logo\/image\/\"}}]}<\/script>\n<!-- \/ Yoast SEO plugin. -->","yoast_head_json":{"title":"Camping Millau | Ferienunterk\u00fcnfte und Aktivit\u00e4ten in Millau","description":"Auf der Suche nach einem Campingplatz in Millau? Der Campingplatz Les Gen\u00eats **** empf\u00e4ngt Sie im D\u00e9partement Aveyron und stellt Ihnen die Aktivit\u00e4ten vor, die Sie in Millau unternehmen k\u00f6nnen!","robots":{"index":"index","follow":"follow","max-snippet":"max-snippet:-1","max-image-preview":"max-image-preview:large","max-video-preview":"max-video-preview:-1"},"canonical":"https:\/\/www.camping-les-genets.fr\/de\/millau-viadukt\/","og_locale":"de_DE","og_type":"article","og_title":"Camping Millau | Ferienunterk\u00fcnfte und Aktivit\u00e4ten in Millau","og_description":"Auf der Suche nach einem Campingplatz in Millau? Der Campingplatz Les Gen\u00eats **** empf\u00e4ngt Sie im D\u00e9partement Aveyron und stellt Ihnen die Aktivit\u00e4ten vor, die Sie in Millau unternehmen k\u00f6nnen!","og_url":"https:\/\/www.camping-les-genets.fr\/de\/millau-viadukt\/","og_site_name":"Camping les Genets","article_modified_time":"2023-12-04T09:51:48+00:00","og_image":[{"width":1920,"height":1277,"url":"https:\/\/www.camping-les-genets.fr\/wp-content\/uploads\/2023\/09\/Viaduc-de-Millau-en-Aveyron.webp","type":"image\/webp"}],"twitter_card":"summary_large_image","twitter_misc":{"Gesch\u00e4tzte Lesezeit":"2\u00a0Minuten"},"schema":{"@context":"https:\/\/schema.org","@graph":[{"@type":"WebPage","@id":"https:\/\/www.camping-les-genets.fr\/de\/millau-viadukt\/","url":"https:\/\/www.camping-les-genets.fr\/de\/millau-viadukt\/","name":"Camping Millau | Ferienunterk\u00fcnfte und Aktivit\u00e4ten in Millau","isPartOf":{"@id":"https:\/\/www.camping-les-genets.fr\/de\/#website"},"primaryImageOfPage":{"@id":"https:\/\/www.camping-les-genets.fr\/de\/millau-viadukt\/#primaryimage"},"image":{"@id":"https:\/\/www.camping-les-genets.fr\/de\/millau-viadukt\/#primaryimage"},"thumbnailUrl":"https:\/\/www.camping-les-genets.fr\/wp-content\/uploads\/2023\/09\/Viaduc-de-Millau-en-Aveyron.webp","datePublished":"2023-09-08T08:03:41+00:00","dateModified":"2023-12-04T09:51:48+00:00","description":"Auf der Suche nach einem Campingplatz in Millau? Der Campingplatz Les Gen\u00eats **** empf\u00e4ngt Sie im D\u00e9partement Aveyron und stellt Ihnen die Aktivit\u00e4ten vor, die Sie in Millau unternehmen k\u00f6nnen!","breadcrumb":{"@id":"https:\/\/www.camping-les-genets.fr\/de\/millau-viadukt\/#breadcrumb"},"inLanguage":"de","potentialAction":[{"@type":"ReadAction","target":["https:\/\/www.camping-les-genets.fr\/de\/millau-viadukt\/"]}]},{"@type":"ImageObject","inLanguage":"de","@id":"https:\/\/www.camping-les-genets.fr\/de\/millau-viadukt\/#primaryimage","url":"https:\/\/www.camping-les-genets.fr\/wp-content\/uploads\/2023\/09\/Viaduc-de-Millau-en-Aveyron.webp","contentUrl":"https:\/\/www.camping-les-genets.fr\/wp-content\/uploads\/2023\/09\/Viaduc-de-Millau-en-Aveyron.webp","width":1920,"height":1277,"caption":"Millau-Viadukt in Aveyron"},{"@type":"BreadcrumbList","@id":"https:\/\/www.camping-les-genets.fr\/de\/millau-viadukt\/#breadcrumb","itemListElement":[{"@type":"ListItem","position":1,"name":"Camping Aveyron","item":"https:\/\/www.camping-les-genets.fr\/de\/"},{"@type":"ListItem","position":2,"name":"Millau-Viadukt"}]},{"@type":"WebSite","@id":"https:\/\/www.camping-les-genets.fr\/de\/#website","url":"https:\/\/www.camping-les-genets.fr\/de\/","name":"Camping les Genets","description":"","publisher":{"@id":"https:\/\/www.camping-les-genets.fr\/de\/#organization"},"potentialAction":[{"@type":"SearchAction","target":{"@type":"EntryPoint","urlTemplate":"https:\/\/www.camping-les-genets.fr\/de\/?s={search_term_string}"},"query-input":{"@type":"PropertyValueSpecification","valueRequired":true,"valueName":"search_term_string"}}],"inLanguage":"de"},{"@type":"Organization","@id":"https:\/\/www.camping-les-genets.fr\/de\/#organization","name":"Camping les Genets","url":"https:\/\/www.camping-les-genets.fr\/de\/","logo":{"@type":"ImageObject","inLanguage":"de","@id":"https:\/\/www.camping-les-genets.fr\/de\/#\/schema\/logo\/image\/","url":"https:\/\/www.camping-les-genets.fr\/wp-content\/uploads\/2023\/07\/cropped-logo-camping-genets-footer.png","contentUrl":"https:\/\/www.camping-les-genets.fr\/wp-content\/uploads\/2023\/07\/cropped-logo-camping-genets-footer.png","width":500,"height":295,"caption":"Camping les Genets"},"image":{"@id":"https:\/\/www.camping-les-genets.fr\/de\/#\/schema\/logo\/image\/"}}]}},"_links":{"self":[{"href":"https:\/\/www.camping-les-genets.fr\/de\/wp-json\/wp\/v2\/pages\/5195","targetHints":{"allow":["GET"]}}],"collection":[{"href":"https:\/\/www.camping-les-genets.fr\/de\/wp-json\/wp\/v2\/pages"}],"about":[{"href":"https:\/\/www.camping-les-genets.fr\/de\/wp-json\/wp\/v2\/types\/page"}],"author":[{"embeddable":true,"href":"https:\/\/www.camping-les-genets.fr\/de\/wp-json\/wp\/v2\/users\/1"}],"replies":[{"embeddable":true,"href":"https:\/\/www.camping-les-genets.fr\/de\/wp-json\/wp\/v2\/comments?post=5195"}],"version-history":[{"count":3,"href":"https:\/\/www.camping-les-genets.fr\/de\/wp-json\/wp\/v2\/pages\/5195\/revisions"}],"predecessor-version":[{"id":5708,"href":"https:\/\/www.camping-les-genets.fr\/de\/wp-json\/wp\/v2\/pages\/5195\/revisions\/5708"}],"wp:featuredmedia":[{"embeddable":true,"href":"https:\/\/www.camping-les-genets.fr\/de\/wp-json\/wp\/v2\/media\/2498"}],"wp:attachment":[{"href":"https:\/\/www.camping-les-genets.fr\/de\/wp-json\/wp\/v2\/media?parent=5195"}],"wp:term":[{"taxonomy":"sujet","embeddable":true,"href":"https:\/\/www.camping-les-genets.fr\/de\/wp-json\/wp\/v2\/sujet?post=5195"}],"curies":[{"name":"wp","href":"https:\/\/api.w.org\/{rel}","templated":true}]}}