{"id":5189,"date":"2023-09-12T09:36:03","date_gmt":"2023-09-12T07:36:03","guid":{"rendered":"https:\/\/www.camping-les-genets.fr\/velorail\/"},"modified":"2023-11-28T12:24:43","modified_gmt":"2023-11-28T11:24:43","slug":"velorail","status":"publish","type":"page","link":"https:\/\/www.camping-les-genets.fr\/de\/velorail\/","title":{"rendered":"Velorail"},"content":{"rendered":"<section id=\"ls-section-block_72d1865d597e2d2014aafec69fb52fc5\" class=\"ls-section  page-chapeau has-p-b p-b-0\" >\r\n        <div class=\"container \">\r\n        \n\n<h1 class=\"ls__heading wp-block-heading has-text-align-center animated fadeInLeft delay-100ms slow\"><strong>Velorail<\/strong><\/h1>\n\n\n\n<p class=\"ls-paragraph has-text-align-center\">M\u00f6chten Sie das Aveyron mit dem Fahrrad und dem Zug erkunden? Entscheiden Sie sich f\u00fcr die <a href=\"https:\/\/www.surlesrailsdularzac.com\/\" target=\"_blank\" rel=\"noreferrer noopener\">V\u00e9lorail<\/a>! Dieses <strong>originelle Konzept<\/strong> erm\u00f6glicht es Ihnen, mit der ganzen <strong>Familie auf einer Eisenbahnstrecke zu radeln<\/strong>, die durch wundersch\u00f6ne Landschaften, \u00fcber Viadukte, Br\u00fccken und durch Tunnel f\u00fchrt.<br\/>Unterhalb von Millau, weniger als 60 km vom <a href=\"https:\/\/www.camping-les-genets.fr\/de\/\">Campingplatz Les Gen\u00eats<\/a> entfernt, ist die V\u00e9lorail du Larzac eine originelle und familienfreundliche Aktivit\u00e4t, die es erm\u00f6glicht, <strong>au\u00dfergew\u00f6hnliche Landschaften<\/strong> durch eine ungew\u00f6hnliche Reise und eine unterhaltsame Art der Fortbewegung zu <strong>entdecken<\/strong>. Das sehr unterhaltsame <strong>Velorail ist f\u00fcr alle geeignet<\/strong>: Es begeistert Erwachsene und Kinder gleicherma\u00dfen. Die Wanderung ist sehr zug\u00e4nglich, erfordert keine gro\u00dfe Anstrengung beim Treten und es sind mehrere Strecken m\u00f6glich.<\/p>\n\n\r\n    <\/div>\r\n<\/section><section id=\"ls-section-block_9784bf6dfd34334ba7273ed6d8ec1669\" class=\"ls-section  page-one has-p-b p-b-14\" >\r\n        <div class=\"container container--full\">\r\n        \n\n<div class=\"wp-block-columns is-layout-flex wp-container-core-columns-is-layout-9d6595d7 wp-block-columns-is-layout-flex\">\n<div class=\"wp-block-column first is-layout-flow wp-block-column-is-layout-flow\" style=\"flex-basis:66.66%\">\n<figure class=\"wp-block-image size-full\"><img decoding=\"async\" width=\"2560\" height=\"1707\" src=\"https:\/\/www.camping-les-genets.fr\/wp-content\/uploads\/2023\/09\/Velorail-en-Aveyron-scaled.webp\" alt=\"Velorail in Aveyron\" class=\"wp-image-1860\" srcset=\"https:\/\/www.camping-les-genets.fr\/wp-content\/uploads\/2023\/09\/Velorail-en-Aveyron-scaled.webp 2560w, https:\/\/www.camping-les-genets.fr\/wp-content\/uploads\/2023\/09\/Velorail-en-Aveyron-300x200.webp 300w, https:\/\/www.camping-les-genets.fr\/wp-content\/uploads\/2023\/09\/Velorail-en-Aveyron-1024x683.webp 1024w, https:\/\/www.camping-les-genets.fr\/wp-content\/uploads\/2023\/09\/Velorail-en-Aveyron-768x512.webp 768w, https:\/\/www.camping-les-genets.fr\/wp-content\/uploads\/2023\/09\/Velorail-en-Aveyron-1536x1024.webp 1536w, https:\/\/www.camping-les-genets.fr\/wp-content\/uploads\/2023\/09\/Velorail-en-Aveyron-2048x1365.webp 2048w\" sizes=\"(max-width: 2560px) 100vw, 2560px\" \/><\/figure>\n<\/div>\n\n\n\n<div class=\"wp-block-column is-vertically-aligned-center second has-color-white-background-color has-background is-layout-flow wp-block-column-is-layout-flow\" style=\"flex-basis:33.33%\">\n<h2 class=\"ls__heading wp-block-heading\"><strong>Entdecker-Rundreise<\/strong><\/h2>\n\n\n\n<p class=\"ls-paragraph\">Von Sainte-Eulalie aus fahren Sie mit einem Touristenzug <strong>8 km<\/strong> bis nach La Bastide-Pradines. Sie beenden Ihre Fahrt mit der Velorail (2,3 km) bis zur Endstation. Sie durchqueren einen wundersch\u00f6nen Tunnel und bewaffnen sich mit Helm und Stirnlampe, um ein architektonisches Juwel zu erkunden.<\/p>\n\n\n\n<ul class=\"ls-list wp-block-list\">\n<li><strong>Start: Sainte-Eulalie<\/strong><\/li>\n\n\n\n<li><strong>Ankunft: La Bastide-Pradines<\/strong><\/li>\n\n\n\n<li>Eintrittspreise: <strong>22 \u20ac <\/strong>(Erwachsene) und <strong>8 \u20ac<\/strong> (10-18 Jahre)<\/li>\n\n\n\n<li>\u00d6ffnungszeiten: <strong>10:30 &#8211; 13:00 &#8211; 15:30<\/strong> (t\u00e4glich auf Reservierung im Juli und August)<\/li>\n\n\n\n<li>Mindestalter: 10 Jahre<\/li>\n<\/ul>\n<\/div>\n<\/div>\n\n\r\n    <\/div>\r\n<\/section><section id=\"ls-section-block_b7d4ce265e93538cca854c62a3a6eddb\" class=\"ls-section  page-two background-blu-right has-p-t p-t-14\" >\r\n        <div class=\"container container--wide\">\r\n        \n\n<div class=\"wp-block-columns is-layout-flex wp-container-core-columns-is-layout-9d6595d7 wp-block-columns-is-layout-flex\">\n<div class=\"wp-block-column is-vertically-aligned-top first is-layout-flow wp-block-column-is-layout-flow\" style=\"flex-basis:33.33%\">\n<h2 class=\"ls__heading wp-block-heading\"><strong>Orchideen-Rundweg<\/strong><\/h2>\n\n\n\n<p class=\"ls-paragraph\">Sie steigen in Sainte-Eulalie auf Ihren Velorail und radeln <strong>8 km<\/strong> bis nach La Bastide-Pradines. Sie durchqueren 4 Tunnel und 3 Viadukte und genie\u00dfen wundersch\u00f6ne Ausblicke auf die Schluchten des Cernon und die umliegenden D\u00f6rfer. Die R\u00fcckfahrt erfolgt mit dem Touristenzug<strong> (Gesamtdauer: 2,5 Stunden)<\/strong>.<\/p>\n\n\n\n<ul class=\"ls-list wp-block-list\">\n<li><strong>Start: Sainte-Eulalie<\/strong><\/li>\n\n\n\n<li><strong>Ankunft: La Bastide-Pradines<\/strong><\/li>\n\n\n\n<li>Eintrittspreise: <strong>18 \u20ac<\/strong> (Erwachsene) und <strong>6 \u20ac <\/strong>(6-18 Jahre)<\/li>\n\n\n\n<li>\u00d6ffnungszeiten: Unterschiedliche \u00d6ffnungszeiten je nach Monat der Ausreise (April bis Oktober)<\/li>\n\n\n\n<li><strong>Mindestalter: 6 Jahre<\/strong><\/li>\n<\/ul>\n<\/div>\n\n\n\n<div class=\"wp-block-column second is-layout-flow wp-block-column-is-layout-flow\" style=\"flex-basis:66.66%\">\n<figure class=\"wp-block-image size-full image\"><img decoding=\"async\" width=\"2560\" height=\"1707\" src=\"https:\/\/www.camping-les-genets.fr\/wp-content\/uploads\/2023\/09\/Eglise-dans-un-village-en-Aveyron-scaled.webp\" alt=\"Kirche in einem Dorf in Aveyron\" class=\"wp-image-1868\" srcset=\"https:\/\/www.camping-les-genets.fr\/wp-content\/uploads\/2023\/09\/Eglise-dans-un-village-en-Aveyron-scaled.webp 2560w, https:\/\/www.camping-les-genets.fr\/wp-content\/uploads\/2023\/09\/Eglise-dans-un-village-en-Aveyron-300x200.webp 300w, https:\/\/www.camping-les-genets.fr\/wp-content\/uploads\/2023\/09\/Eglise-dans-un-village-en-Aveyron-1024x683.webp 1024w, https:\/\/www.camping-les-genets.fr\/wp-content\/uploads\/2023\/09\/Eglise-dans-un-village-en-Aveyron-768x512.webp 768w, https:\/\/www.camping-les-genets.fr\/wp-content\/uploads\/2023\/09\/Eglise-dans-un-village-en-Aveyron-1536x1024.webp 1536w, https:\/\/www.camping-les-genets.fr\/wp-content\/uploads\/2023\/09\/Eglise-dans-un-village-en-Aveyron-2048x1365.webp 2048w\" sizes=\"(max-width: 2560px) 100vw, 2560px\" \/><\/figure>\n<\/div>\n<\/div>\n\n\r\n    <\/div>\r\n<\/section><section id=\"ls-section-block_436372c4ae7173bdd4fb8a789c90ac65\" class=\"ls-section  home-piscine has-background-image has-p-t p-t-20 has-p-b p-b-20\" >\r\n    <div class=\"ls-section__background-image opacity-100\"><img decoding=\"async\" src=\"https:\/\/www.camping-les-genets.fr\/wp-content\/uploads\/2023\/09\/Paysage-plateau-a-Lavogne-dans-Larzac.webp\" alt=\"Landschaft Hochebene bei Lavogne in Larzac\"><\/div>    <div class=\"container container--full\">\r\n        \n\n<div class=\"wp-block-columns is-layout-flex wp-container-core-columns-is-layout-9d6595d7 wp-block-columns-is-layout-flex\">\n<div class=\"wp-block-column is-vertically-aligned-center first is-layout-flow wp-block-column-is-layout-flow\" style=\"flex-basis:60%\"><\/div>\n\n\n\n<div class=\"wp-block-column second has-color-white-background-color has-background is-layout-flow wp-block-column-is-layout-flow\" style=\"flex-basis:40%\">\n<h2 class=\"ls__heading wp-block-heading\"><strong>Schmetterlings-Rundgang<\/strong><\/h2>\n\n\n\n<p class=\"ls-paragraph\">Der Hin- und R\u00fcckweg dieser Tour erfolgt mit der Fahrradbahn (8 km Hin- und R\u00fcckweg). Sie werden auf dem Hinweg die gr\u00f6\u00dften Anstrengungen unternehmen und auf dem R\u00fcckweg den Abstieg genie\u00dfen, um die Landschaft des Larzac zu bewundern.<\/p>\n\n\n\n<ul class=\"ls-list wp-block-list\">\n<li><strong>Start: Sainte-Eulalie<\/strong><\/li>\n\n\n\n<li><strong>Ankunft: Le Rouquet<\/strong><\/li>\n\n\n\n<li>Eintrittspreise: <strong>16 \u20ac<\/strong> (Erwachsene) und <strong>6 \u20ac<\/strong> (6-18 Jahre)<\/li>\n\n\n\n<li>\u00d6ffnungszeiten: Unterschiedliche \u00d6ffnungszeiten je nach Monat der Ausreise (April bis Oktober)<\/li>\n\n\n\n<li>Mindestalter:<strong> 6 Jahre<\/strong><\/li>\n<\/ul>\n\n\n\n<p class=\"ls-paragraph\">Es werden noch zwei weitere Rundreisen angeboten: Le Grand Voyage, die die Orchideen- und Schmetterlingstouren kombiniert (insgesamt 24 km, 8 km mit dem Velorail und 16 km mit dem Touristenzug) und der Larzac Express (nur Touristenzug, 16 km).<\/p>\n<\/div>\n<\/div>\n\n\r\n    <\/div>\r\n<\/section><section id=\"ls-section-block_a1618df3933c4da6eda8dfc9d8956381\" class=\"ls-section  page-maillage has-p-t p-t-14 has-p-b p-b-14\" >\r\n        <div class=\"container container--wide\">\r\n        \n\n<div id=\"ls-heading ls-titre-div-block_4d20b45f22e55d3ec470a96e3128a0a4\" class=\"ls-titre-div aligncenter h2-like has-m-b m-b-8\" >\n    Entdecken Sie das Angeln im Aveyron, das Dorf Saint C\u00f4me d&#8217;Olt und das Soulages-Museum!<\/div>\n\n\n<div id=\"ls-maillage-block_a91596655228d6d074808169088f0198\" class=\"ls-maillage slow animated fadeInUp delay-100ms cta-style-normal\" data-rows=\"3\">\r\n    <div class=\"wp-block-columns\"><div class=\"wp-block-column\">\n\n<a href=\"https:\/\/www.camping-les-genets.fr\/de\/soulages-museum\/\" target=\"\" rel=\"noopener\" class=\"ls-cta__link\">\n\n\t<div class=\"ls-cta__image\"><img decoding=\"async\" src=\"https:\/\/www.camping-les-genets.fr\/wp-content\/uploads\/2023\/09\/Musee-dart-contemporain-en-Aveyron-768x1150.webp\" alt=\"Museum f\u00fcr zeitgen\u00f6ssische Kunst im Aveyron\"><\/div>\n\t<div class=\"ls-cta__title\">\n\t\tSoulages-Museum\t<\/div>\n\n\t\t\n<\/a><\/div><div class=\"wp-block-column\">\n\n<a href=\"https:\/\/www.camping-les-genets.fr\/de\/fischen-in-aveyron\/\" target=\"\" rel=\"noopener\" class=\"ls-cta__link\">\n\n\t<div class=\"ls-cta__image\"><img decoding=\"async\" src=\"https:\/\/www.camping-les-genets.fr\/wp-content\/uploads\/2023\/09\/Activite-peche-au-camping-Les-Genets-768x535.webp\" alt=\"Angeln auf dem Campingplatz Les Genets\"><\/div>\n\t<div class=\"ls-cta__title\">\n\t\tAngeln in Aveyron\t<\/div>\n\n\t\t\n<\/a><\/div><div class=\"wp-block-column\">\n\n<a href=\"https:\/\/www.camping-les-genets.fr\/de\/tourisme-saint-come-d-olt\/\" target=\"\" rel=\"noopener\" class=\"ls-cta__link\">\n\n\t<div class=\"ls-cta__image\"><img decoding=\"async\" src=\"https:\/\/www.camping-les-genets.fr\/wp-content\/uploads\/2023\/09\/eglise-de-Saint-Come-dOlt-768x1152.webp\" alt=\"Kirche von Saint C\u00f4me d'Olt\"><\/div>\n\t<div class=\"ls-cta__title\">\n\t\tSaint-C\u00f4me-d&#8217;Olt\t<\/div>\n\n\t\t\n<\/a><\/div><\/div><\/div>\n\r\n    <\/div>\r\n<\/section>","protected":false},"excerpt":{"rendered":"","protected":false},"author":1,"featured_media":1867,"parent":0,"menu_order":0,"comment_status":"closed","ping_status":"closed","template":"","meta":{"_acf_changed":false,"inline_featured_image":false,"footnotes":""},"sujet":[],"class_list":["post-5189","page","type-page","status-publish","has-post-thumbnail","hentry"],"acf":[],"yoast_head":"<!-- This site is optimized with the Yoast SEO plugin v27.3 - https:\/\/yoast.com\/product\/yoast-seo-wordpress\/ -->\n<title>V\u00e9lorail Aveyron : Tarife und Strecken des Velorail du Larzac<\/title>\n<meta name=\"description\" content=\"Sie kennen die V\u00e9lorail du Larzac in Aveyron nicht? Entdecken Sie die sch\u00f6nste ungew\u00f6hnliche Wanderung des Departements auf den Eisenbahnen des Larzac!\" \/>\n<meta name=\"robots\" content=\"index, follow, max-snippet:-1, max-image-preview:large, max-video-preview:-1\" \/>\n<link rel=\"canonical\" href=\"https:\/\/www.camping-les-genets.fr\/de\/velorail\/\" \/>\n<meta property=\"og:locale\" content=\"de_DE\" \/>\n<meta property=\"og:type\" content=\"article\" \/>\n<meta property=\"og:title\" content=\"V\u00e9lorail Aveyron : Tarife und Strecken des Velorail du Larzac\" \/>\n<meta property=\"og:description\" content=\"Sie kennen die V\u00e9lorail du Larzac in Aveyron nicht? Entdecken Sie die sch\u00f6nste ungew\u00f6hnliche Wanderung des Departements auf den Eisenbahnen des Larzac!\" \/>\n<meta property=\"og:url\" content=\"https:\/\/www.camping-les-genets.fr\/de\/velorail\/\" \/>\n<meta property=\"og:site_name\" content=\"Camping les Genets\" \/>\n<meta property=\"article:modified_time\" content=\"2023-11-28T11:24:43+00:00\" \/>\n<meta property=\"og:image\" content=\"https:\/\/www.camping-les-genets.fr\/wp-content\/uploads\/2023\/09\/Montagne-en-Occitanie-scaled.webp\" \/>\n\t<meta property=\"og:image:width\" content=\"2560\" \/>\n\t<meta property=\"og:image:height\" content=\"1707\" \/>\n\t<meta property=\"og:image:type\" content=\"image\/webp\" \/>\n<meta name=\"twitter:card\" content=\"summary_large_image\" \/>\n<meta name=\"twitter:label1\" content=\"Gesch\u00e4tzte Lesezeit\" \/>\n\t<meta name=\"twitter:data1\" content=\"2\u00a0Minuten\" \/>\n<script type=\"application\/ld+json\" class=\"yoast-schema-graph\">{\"@context\":\"https:\\\/\\\/schema.org\",\"@graph\":[{\"@type\":\"WebPage\",\"@id\":\"https:\\\/\\\/www.camping-les-genets.fr\\\/de\\\/velorail\\\/\",\"url\":\"https:\\\/\\\/www.camping-les-genets.fr\\\/de\\\/velorail\\\/\",\"name\":\"V\u00e9lorail Aveyron : Tarife und Strecken des Velorail du Larzac\",\"isPartOf\":{\"@id\":\"https:\\\/\\\/www.camping-les-genets.fr\\\/de\\\/#website\"},\"primaryImageOfPage\":{\"@id\":\"https:\\\/\\\/www.camping-les-genets.fr\\\/de\\\/velorail\\\/#primaryimage\"},\"image\":{\"@id\":\"https:\\\/\\\/www.camping-les-genets.fr\\\/de\\\/velorail\\\/#primaryimage\"},\"thumbnailUrl\":\"https:\\\/\\\/www.camping-les-genets.fr\\\/wp-content\\\/uploads\\\/2023\\\/09\\\/Montagne-en-Occitanie-scaled.webp\",\"datePublished\":\"2023-09-12T07:36:03+00:00\",\"dateModified\":\"2023-11-28T11:24:43+00:00\",\"description\":\"Sie kennen die V\u00e9lorail du Larzac in Aveyron nicht? Entdecken Sie die sch\u00f6nste ungew\u00f6hnliche Wanderung des Departements auf den Eisenbahnen des Larzac!\",\"breadcrumb\":{\"@id\":\"https:\\\/\\\/www.camping-les-genets.fr\\\/de\\\/velorail\\\/#breadcrumb\"},\"inLanguage\":\"de\",\"potentialAction\":[{\"@type\":\"ReadAction\",\"target\":[\"https:\\\/\\\/www.camping-les-genets.fr\\\/de\\\/velorail\\\/\"]}]},{\"@type\":\"ImageObject\",\"inLanguage\":\"de\",\"@id\":\"https:\\\/\\\/www.camping-les-genets.fr\\\/de\\\/velorail\\\/#primaryimage\",\"url\":\"https:\\\/\\\/www.camping-les-genets.fr\\\/wp-content\\\/uploads\\\/2023\\\/09\\\/Montagne-en-Occitanie-scaled.webp\",\"contentUrl\":\"https:\\\/\\\/www.camping-les-genets.fr\\\/wp-content\\\/uploads\\\/2023\\\/09\\\/Montagne-en-Occitanie-scaled.webp\",\"width\":2560,\"height\":1707,\"caption\":\"Berge in Okzitanien\"},{\"@type\":\"BreadcrumbList\",\"@id\":\"https:\\\/\\\/www.camping-les-genets.fr\\\/de\\\/velorail\\\/#breadcrumb\",\"itemListElement\":[{\"@type\":\"ListItem\",\"position\":1,\"name\":\"Camping Aveyron\",\"item\":\"https:\\\/\\\/www.camping-les-genets.fr\\\/de\\\/\"},{\"@type\":\"ListItem\",\"position\":2,\"name\":\"Velorail\"}]},{\"@type\":\"WebSite\",\"@id\":\"https:\\\/\\\/www.camping-les-genets.fr\\\/de\\\/#website\",\"url\":\"https:\\\/\\\/www.camping-les-genets.fr\\\/de\\\/\",\"name\":\"Camping les Genets\",\"description\":\"\",\"publisher\":{\"@id\":\"https:\\\/\\\/www.camping-les-genets.fr\\\/de\\\/#organization\"},\"potentialAction\":[{\"@type\":\"SearchAction\",\"target\":{\"@type\":\"EntryPoint\",\"urlTemplate\":\"https:\\\/\\\/www.camping-les-genets.fr\\\/de\\\/?s={search_term_string}\"},\"query-input\":{\"@type\":\"PropertyValueSpecification\",\"valueRequired\":true,\"valueName\":\"search_term_string\"}}],\"inLanguage\":\"de\"},{\"@type\":\"Organization\",\"@id\":\"https:\\\/\\\/www.camping-les-genets.fr\\\/de\\\/#organization\",\"name\":\"Camping les Genets\",\"url\":\"https:\\\/\\\/www.camping-les-genets.fr\\\/de\\\/\",\"logo\":{\"@type\":\"ImageObject\",\"inLanguage\":\"de\",\"@id\":\"https:\\\/\\\/www.camping-les-genets.fr\\\/de\\\/#\\\/schema\\\/logo\\\/image\\\/\",\"url\":\"https:\\\/\\\/www.camping-les-genets.fr\\\/wp-content\\\/uploads\\\/2023\\\/07\\\/cropped-logo-camping-genets-footer.png\",\"contentUrl\":\"https:\\\/\\\/www.camping-les-genets.fr\\\/wp-content\\\/uploads\\\/2023\\\/07\\\/cropped-logo-camping-genets-footer.png\",\"width\":500,\"height\":295,\"caption\":\"Camping les Genets\"},\"image\":{\"@id\":\"https:\\\/\\\/www.camping-les-genets.fr\\\/de\\\/#\\\/schema\\\/logo\\\/image\\\/\"}}]}<\/script>\n<!-- \/ Yoast SEO plugin. -->","yoast_head_json":{"title":"V\u00e9lorail Aveyron : Tarife und Strecken des Velorail du Larzac","description":"Sie kennen die V\u00e9lorail du Larzac in Aveyron nicht? Entdecken Sie die sch\u00f6nste ungew\u00f6hnliche Wanderung des Departements auf den Eisenbahnen des Larzac!","robots":{"index":"index","follow":"follow","max-snippet":"max-snippet:-1","max-image-preview":"max-image-preview:large","max-video-preview":"max-video-preview:-1"},"canonical":"https:\/\/www.camping-les-genets.fr\/de\/velorail\/","og_locale":"de_DE","og_type":"article","og_title":"V\u00e9lorail Aveyron : Tarife und Strecken des Velorail du Larzac","og_description":"Sie kennen die V\u00e9lorail du Larzac in Aveyron nicht? Entdecken Sie die sch\u00f6nste ungew\u00f6hnliche Wanderung des Departements auf den Eisenbahnen des Larzac!","og_url":"https:\/\/www.camping-les-genets.fr\/de\/velorail\/","og_site_name":"Camping les Genets","article_modified_time":"2023-11-28T11:24:43+00:00","og_image":[{"width":2560,"height":1707,"url":"https:\/\/www.camping-les-genets.fr\/wp-content\/uploads\/2023\/09\/Montagne-en-Occitanie-scaled.webp","type":"image\/webp"}],"twitter_card":"summary_large_image","twitter_misc":{"Gesch\u00e4tzte Lesezeit":"2\u00a0Minuten"},"schema":{"@context":"https:\/\/schema.org","@graph":[{"@type":"WebPage","@id":"https:\/\/www.camping-les-genets.fr\/de\/velorail\/","url":"https:\/\/www.camping-les-genets.fr\/de\/velorail\/","name":"V\u00e9lorail Aveyron : Tarife und Strecken des Velorail du Larzac","isPartOf":{"@id":"https:\/\/www.camping-les-genets.fr\/de\/#website"},"primaryImageOfPage":{"@id":"https:\/\/www.camping-les-genets.fr\/de\/velorail\/#primaryimage"},"image":{"@id":"https:\/\/www.camping-les-genets.fr\/de\/velorail\/#primaryimage"},"thumbnailUrl":"https:\/\/www.camping-les-genets.fr\/wp-content\/uploads\/2023\/09\/Montagne-en-Occitanie-scaled.webp","datePublished":"2023-09-12T07:36:03+00:00","dateModified":"2023-11-28T11:24:43+00:00","description":"Sie kennen die V\u00e9lorail du Larzac in Aveyron nicht? Entdecken Sie die sch\u00f6nste ungew\u00f6hnliche Wanderung des Departements auf den Eisenbahnen des Larzac!","breadcrumb":{"@id":"https:\/\/www.camping-les-genets.fr\/de\/velorail\/#breadcrumb"},"inLanguage":"de","potentialAction":[{"@type":"ReadAction","target":["https:\/\/www.camping-les-genets.fr\/de\/velorail\/"]}]},{"@type":"ImageObject","inLanguage":"de","@id":"https:\/\/www.camping-les-genets.fr\/de\/velorail\/#primaryimage","url":"https:\/\/www.camping-les-genets.fr\/wp-content\/uploads\/2023\/09\/Montagne-en-Occitanie-scaled.webp","contentUrl":"https:\/\/www.camping-les-genets.fr\/wp-content\/uploads\/2023\/09\/Montagne-en-Occitanie-scaled.webp","width":2560,"height":1707,"caption":"Berge in Okzitanien"},{"@type":"BreadcrumbList","@id":"https:\/\/www.camping-les-genets.fr\/de\/velorail\/#breadcrumb","itemListElement":[{"@type":"ListItem","position":1,"name":"Camping Aveyron","item":"https:\/\/www.camping-les-genets.fr\/de\/"},{"@type":"ListItem","position":2,"name":"Velorail"}]},{"@type":"WebSite","@id":"https:\/\/www.camping-les-genets.fr\/de\/#website","url":"https:\/\/www.camping-les-genets.fr\/de\/","name":"Camping les Genets","description":"","publisher":{"@id":"https:\/\/www.camping-les-genets.fr\/de\/#organization"},"potentialAction":[{"@type":"SearchAction","target":{"@type":"EntryPoint","urlTemplate":"https:\/\/www.camping-les-genets.fr\/de\/?s={search_term_string}"},"query-input":{"@type":"PropertyValueSpecification","valueRequired":true,"valueName":"search_term_string"}}],"inLanguage":"de"},{"@type":"Organization","@id":"https:\/\/www.camping-les-genets.fr\/de\/#organization","name":"Camping les Genets","url":"https:\/\/www.camping-les-genets.fr\/de\/","logo":{"@type":"ImageObject","inLanguage":"de","@id":"https:\/\/www.camping-les-genets.fr\/de\/#\/schema\/logo\/image\/","url":"https:\/\/www.camping-les-genets.fr\/wp-content\/uploads\/2023\/07\/cropped-logo-camping-genets-footer.png","contentUrl":"https:\/\/www.camping-les-genets.fr\/wp-content\/uploads\/2023\/07\/cropped-logo-camping-genets-footer.png","width":500,"height":295,"caption":"Camping les Genets"},"image":{"@id":"https:\/\/www.camping-les-genets.fr\/de\/#\/schema\/logo\/image\/"}}]}},"_links":{"self":[{"href":"https:\/\/www.camping-les-genets.fr\/de\/wp-json\/wp\/v2\/pages\/5189","targetHints":{"allow":["GET"]}}],"collection":[{"href":"https:\/\/www.camping-les-genets.fr\/de\/wp-json\/wp\/v2\/pages"}],"about":[{"href":"https:\/\/www.camping-les-genets.fr\/de\/wp-json\/wp\/v2\/types\/page"}],"author":[{"embeddable":true,"href":"https:\/\/www.camping-les-genets.fr\/de\/wp-json\/wp\/v2\/users\/1"}],"replies":[{"embeddable":true,"href":"https:\/\/www.camping-les-genets.fr\/de\/wp-json\/wp\/v2\/comments?post=5189"}],"version-history":[{"count":1,"href":"https:\/\/www.camping-les-genets.fr\/de\/wp-json\/wp\/v2\/pages\/5189\/revisions"}],"predecessor-version":[{"id":5190,"href":"https:\/\/www.camping-les-genets.fr\/de\/wp-json\/wp\/v2\/pages\/5189\/revisions\/5190"}],"wp:featuredmedia":[{"embeddable":true,"href":"https:\/\/www.camping-les-genets.fr\/de\/wp-json\/wp\/v2\/media\/1867"}],"wp:attachment":[{"href":"https:\/\/www.camping-les-genets.fr\/de\/wp-json\/wp\/v2\/media?parent=5189"}],"wp:term":[{"taxonomy":"sujet","embeddable":true,"href":"https:\/\/www.camping-les-genets.fr\/de\/wp-json\/wp\/v2\/sujet?post=5189"}],"curies":[{"name":"wp","href":"https:\/\/api.w.org\/{rel}","templated":true}]}}