{"id":5165,"date":"2023-07-27T13:18:41","date_gmt":"2023-07-27T11:18:41","guid":{"rendered":"https:\/\/www.camping-les-genets.fr\/dienste\/"},"modified":"2025-02-26T13:43:27","modified_gmt":"2025-02-26T12:43:27","slug":"dienste","status":"publish","type":"page","link":"https:\/\/www.camping-les-genets.fr\/de\/dienste\/","title":{"rendered":"Dienste"},"content":{"rendered":"<section id=\"ls-section-block_7a6cde82c7426a9481f2fee81677416b\" class=\"ls-section  page-chapeau has-p-b p-b-0\" >\r\n        <div class=\"container \">\r\n        \n\n<h1 class=\"ls__heading wp-block-heading has-text-align-center animated fadeInLeft delay-100ms slow\">Die Dienstleistungen des <strong>5-Sterne-Campingplatzes<\/strong> im Aveyron<\/h1>\n\n\r\n    <\/div>\r\n<\/section><section id=\"ls-section-block_7598ec1530f4b081a2559837e91366a2\" class=\"ls-section  page-one has-p-b p-b-14\" >\r\n        <div class=\"container container--full\">\r\n        \n\n<div class=\"wp-block-columns is-layout-flex wp-container-core-columns-is-layout-9d6595d7 wp-block-columns-is-layout-flex\">\n<div class=\"wp-block-column first is-layout-flow wp-block-column-is-layout-flow\" style=\"flex-basis:66.66%\">\n<figure class=\"wp-block-image size-full\"><img decoding=\"async\" width=\"2560\" height=\"1707\" src=\"https:\/\/www.camping-les-genets.fr\/wp-content\/uploads\/2023\/09\/Restaurant-camping-Les-Genets-scaled.webp\" alt=\"Restaurant Campingplatz Les Gen&#xEA;ts\" class=\"wp-image-1393\" srcset=\"https:\/\/www.camping-les-genets.fr\/wp-content\/uploads\/2023\/09\/Restaurant-camping-Les-Genets-scaled.webp 2560w, https:\/\/www.camping-les-genets.fr\/wp-content\/uploads\/2023\/09\/Restaurant-camping-Les-Genets-300x200.webp 300w, https:\/\/www.camping-les-genets.fr\/wp-content\/uploads\/2023\/09\/Restaurant-camping-Les-Genets-1024x683.webp 1024w, https:\/\/www.camping-les-genets.fr\/wp-content\/uploads\/2023\/09\/Restaurant-camping-Les-Genets-768x512.webp 768w, https:\/\/www.camping-les-genets.fr\/wp-content\/uploads\/2023\/09\/Restaurant-camping-Les-Genets-1536x1024.webp 1536w, https:\/\/www.camping-les-genets.fr\/wp-content\/uploads\/2023\/09\/Restaurant-camping-Les-Genets-2048x1365.webp 2048w\" sizes=\"(max-width: 2560px) 100vw, 2560px\" \/><\/figure>\n<\/div>\n\n\n\n<div class=\"wp-block-column is-vertically-aligned-center second has-color-white-background-color has-background is-layout-flow wp-block-column-is-layout-flow\" style=\"flex-basis:33.33%\">\n<h2 class=\"ls__heading wp-block-heading\">Campingplatz mit <strong>Bar und Restaurant<\/strong> in Aveyron<\/h2>\n\n\n\n<p class=\"ls-paragraph\">Die<strong> Bar und die Grill-Pizzeria<\/strong> des <a href=\"\/\">5-Sterne-Campingplatzes im Herzen des Aveyron<\/a> ist ein<strong> geselliger Treffpunkt <\/strong>, wo Sie zwischen zwei Spr\u00fcngen in den See ein Getr\u00e4nk genie\u00dfen k\u00f6nnen oder sich am Nachmittag mit einem Eisbecher erfrischen k\u00f6nnen.<\/p>\n\n\n\n<p class=\"ls-paragraph\">Unser <a href=\"https:\/\/www.camping-les-genets.fr\/de\/restaurant-aveyron\/\">Restaurant am Ufer des Pareloup-Sees<\/a> <strong>bietet traditionelle<\/strong>, schmackhafte K\u00fcche, Pizzen und Snacks zum Verzehr oder Mitnehmen sowie eine spezielle <strong>Speisekarte f\u00fcr Kinder<\/strong>! Pizzen, Burger, Nuggets, Pommes frites, Frikadellen &#8211; f\u00fcr jeden Geschmack ist etwas dabei.<br\/><\/p>\n\n\n\n<p class=\"ls-paragraph addReadMore showlesscontent\">Die Bar und die Grill-Pizzeria des Gen\u00eats liegen direkt am Pool und bieten einen angenehmen und erholsamen Rahmen, um sich zu jeder Tageszeit zu entspannen. <br\/><br\/>Vom <strong>kleinen Kaffee am Morgen<\/strong> bis zum<strong>Aperitif am Abend<\/strong>, drinnen oder auf der <strong>\u00fcberdachten<\/strong> <strong>Terrasse<\/strong>, unser Team empf\u00e4ngt Sie von Mai bis September mit der Sympathie, f\u00fcr die es bekannt ist. <strong>Am Abend<\/strong> werden <strong>Aperitif-Spiele<\/strong> veranstaltet, manchmal gefolgt von einem <strong>Essenskonzert<\/strong>.<\/p>\n\n\n\n<a href=\"https:\/\/youtu.be\/CZwQJVes9U0\" id=\"\" target=\"_blank\" rel=\"noopener\" class=\"ls-button\" data-fancybox=\"\"><span>Auf Video<\/span> <i class=\"icon-arrow-right\"><\/i><\/a>\n<\/div>\n<\/div>\n\n\r\n    <\/div>\r\n<\/section><section id=\"ls-section-block_1ce1310e59a81be3eb35b2920abe0477\" class=\"ls-section  page-two background-blu-right has-p-t p-t-14\" >\r\n        <div class=\"container container--wide\">\r\n        \n\n<div class=\"wp-block-columns is-layout-flex wp-container-core-columns-is-layout-9d6595d7 wp-block-columns-is-layout-flex\">\n<div class=\"wp-block-column is-vertically-aligned-top first is-layout-flow wp-block-column-is-layout-flow\" style=\"flex-basis:33.33%\">\n<h2 class=\"ls__heading wp-block-heading\">Campingplatz mit <strong>Wellnessbereich am See von Pareloup<\/strong><\/h2>\n\n\n\n<p class=\"ls-paragraph\">Unser Wellness-Chalet bietet Ihnen verschiedene Leistungen, damit Sie einen erholsamen und revitalisierenden Urlaub verbringen k\u00f6nnen. Nach vorheriger Reservierung ist es m\u00f6glich, den <strong>Zugang zum Spa<\/strong> zu privatisieren und eine Stunde lang die wohltuende Wirkung des Spas zu genie\u00dfen. <br\/><br\/>Dann k\u00f6nnen Sie sich im Whirlpool entspannen und die W\u00e4rme der Sauna genie\u00dfen. <strong>Bis zu<\/strong> <strong>4 Personen<\/strong> k\u00f6nnen gleichzeitig den Zugang zum Spa genie\u00dfen.<\/p>\n\n\n\n<p class=\"ls-paragraph addReadMore showlesscontent\">Unser Team vermittelt Ihnen gerne den Kontakt zu Fachleuten, die auf den Campingplatz kommen, um <strong>Modellagen<\/strong> <strong>anzubieten<\/strong>: Vergessen Sie nicht, Ihren Wellness-Moment <strong>zu<\/strong> buchen! <br\/><br\/>Nach einer Runde Wassergymnastik im beheizten Pool, Spielen im See oder sportlichen Wassersportaktivit\u00e4ten entspannen Sauna und Whirlpool Ihre Muskeln und beruhigen Sie.<\/p>\n\n\n\n<a href=\"https:\/\/youtu.be\/Gik-1MCXrVc\" id=\"ls-button-block_acc12291a9990d29f6c1f8b3f9e4f64d\" target=\"blank\" rel=\"\" class=\"ls-button\" ><span>Auf Video<\/span> <i class='icon-arrow-right'><\/i><\/a>\n\n<\/div>\n\n\n\n<div class=\"wp-block-column second is-layout-flow wp-block-column-is-layout-flow\" style=\"flex-basis:66.66%\">\n<figure class=\"wp-block-image size-full image\"><img decoding=\"async\" width=\"1920\" height=\"1440\" src=\"https:\/\/www.camping-les-genets.fr\/wp-content\/uploads\/2024\/02\/massage.webp\" alt=\"\" class=\"wp-image-6865\" srcset=\"https:\/\/www.camping-les-genets.fr\/wp-content\/uploads\/2024\/02\/massage.webp 1920w, https:\/\/www.camping-les-genets.fr\/wp-content\/uploads\/2024\/02\/massage-300x225.webp 300w, https:\/\/www.camping-les-genets.fr\/wp-content\/uploads\/2024\/02\/massage-1024x768.webp 1024w, https:\/\/www.camping-les-genets.fr\/wp-content\/uploads\/2024\/02\/massage-768x576.webp 768w, https:\/\/www.camping-les-genets.fr\/wp-content\/uploads\/2024\/02\/massage-1536x1152.webp 1536w\" sizes=\"(max-width: 1920px) 100vw, 1920px\" \/><\/figure>\n<\/div>\n<\/div>\n\n\r\n    <\/div>\r\n<\/section><section id=\"ls-section-block_8261c78a880d85e4e4e06493229f0bb5\" class=\"ls-section  home-piscine has-background-image has-m-t m-t-5 has-p-t p-t-20 has-p-b p-b-20\" >\r\n    <div class=\"ls-section__background-image opacity-100\"><img decoding=\"async\" src=\"https:\/\/www.camping-les-genets.fr\/wp-content\/uploads\/2023\/10\/services-de-qualites-camping-aveyro.jpg\" alt=\"qualitativ hochwertige dienstleistungen camping aveyron\"><\/div>    <div class=\"container container--full\">\r\n        \n\n<div class=\"wp-block-columns is-layout-flex wp-container-core-columns-is-layout-9d6595d7 wp-block-columns-is-layout-flex\">\n<div class=\"wp-block-column is-vertically-aligned-center first is-layout-flow wp-block-column-is-layout-flow\" style=\"flex-basis:60%\"><\/div>\n\n\n\n<div class=\"wp-block-column second has-color-white-background-color has-background is-layout-flow wp-block-column-is-layout-flow\" style=\"flex-basis:40%\">\n<h2 class=\"ls__heading wp-block-heading\">Campingplatz mit<strong> Dienstleistungen 5 Sterne verschiedene<\/strong><\/h2>\n\n\n\n<p class=\"ls-paragraph\">Damit es Ihnen w\u00e4hrend Ihres Aufenthalts an nichts fehlt, bietet Ihnen der Camping Club Les Gen\u00eats viele weitere <strong>praktische<\/strong> <strong>Dienstleistungen<\/strong>: Wifi steht Ihnen kostenlos zur Verf\u00fcgung. <br\/><br\/>Es gibt auch einen <strong>Lebensmittelladen<\/strong>, der die ganze Saison \u00fcber ge\u00f6ffnet ist und frische Produkte, lokale Aromen, <strong>t\u00e4glich<\/strong> <strong>frisches<\/strong> <strong>Brot<\/strong>, Getr\u00e4nke, Haushalts- und Alltagsprodukte, Postkarten, Spielzeug und Strandspiele anbietet.<\/p>\n\n\n\n<p class=\"ls-paragraph addReadMore showlesscontent\">In Les Gen\u00eats finden Sie auch einen <strong>Waschsalon<\/strong>, der bei l\u00e4ngeren Aufenthalten sehr praktisch ist. F\u00fcr Wohnmobilisten haben wir einen Entsorgungsplatz zur Verf\u00fcgung.  <br\/><br\/>Um Ihnen besondere Momente der Entspannung zu g\u00f6nnen, k\u00f6nnen Sie auf unser <strong>Team<\/strong> von <strong>Animateuren<\/strong> des <strong>Kinderclubs<\/strong> <strong>z\u00e4hlen<\/strong>, um<strong> <\/strong>Ihre Kinder unterhalten.<br\/><br\/>Wir stellen den Urlaubern zahlreiche Freizeiteinrichtungen zur <strong>Verf\u00fcgung<\/strong>, <strong>darunter<\/strong> ein <strong>Schwimmbad<\/strong>, Sportpl\u00e4tze, H\u00fcpfburgen und Minigolf.<\/p>\n<\/div>\n<\/div>\n\n\r\n    <\/div>\r\n<\/section><section id=\"ls-section-block_a0e95c7034160ebefd25059d18a0882c\" class=\"ls-section  page-maillage has-p-t p-t-14 has-p-b p-b-14\" >\r\n        <div class=\"container container--wide\">\r\n        \n\n<div id=\"ls-heading ls-titre-div-block_2816763f8d1cf049d08f1a50c78afd67\" class=\"ls-titre-div aligncenter h2-like has-m-b m-b-8\" >\n    Entdecken Sie unsere Mietunterk\u00fcnfte sowie die organisierten Aktivit\u00e4ten und Animationen <strong> in der Gruppe oder mit der Familie!<\/div>\n\n\n<div id=\"ls-maillage-block_938837ee43a72a77042d01e4a2fc7114\" class=\"ls-maillage slow animated fadeInUp delay-100ms cta-style-normal\" data-rows=\"3\">\r\n    <div class=\"wp-block-columns\"><div class=\"wp-block-column\">\n\n<a href=\"https:\/\/www.camping-les-genets.fr\/de\/aktivitaeten\/\" target=\"\" rel=\"noopener\" class=\"ls-cta__link\">\n\n\t<div class=\"ls-cta__image\"><img decoding=\"async\" src=\"https:\/\/www.camping-les-genets.fr\/wp-content\/uploads\/2024\/02\/activites_nautiques_pedalo_toboggan-768x576.webp\" alt=\"\"><\/div>\n\t<div class=\"ls-cta__title\">\n\t\tAktivit\u00e4ten und Animationen\t<\/div>\n\n\t\t\n<\/a><\/div><div class=\"wp-block-column\">\n\n<a href=\"https:\/\/www.camping-les-genets.fr\/de\/gruppe\/\" target=\"\" rel=\"noopener\" class=\"ls-cta__link\">\n\n\t<div class=\"ls-cta__image\"><img decoding=\"async\" src=\"https:\/\/www.camping-les-genets.fr\/wp-content\/uploads\/2023\/10\/camping-les-genets-en-aveyron2-768x432.jpg\" alt=\"camping les genets en aveyron\"><\/div>\n\t<div class=\"ls-cta__title\">\n\t\tGruppen\t<\/div>\n\n\t\t\n<\/a><\/div><div class=\"wp-block-column\">\n\n<a href=\"https:\/\/www.camping-les-genets.fr\/de\/vermietung\/\" target=\"\" rel=\"noopener\" class=\"ls-cta__link\">\n\n\t<div class=\"ls-cta__image\"><img decoding=\"async\" src=\"https:\/\/www.camping-les-genets.fr\/wp-content\/uploads\/2023\/09\/Mobil-home-Premium-grand-camping-Les-Genets-768x512.webp\" alt=\"Mobilheim Premium gro\u00dfer Campingplatz Les Gen\u00eats\"><\/div>\n\t<div class=\"ls-cta__title\">\n\t\tVermietungen\t<\/div>\n\n\t\t\n<\/a><\/div><\/div><\/div>\n\r\n    <\/div>\r\n<\/section>","protected":false},"excerpt":{"rendered":"","protected":false},"author":1,"featured_media":4070,"parent":0,"menu_order":0,"comment_status":"closed","ping_status":"closed","template":"","meta":{"_acf_changed":false,"inline_featured_image":false,"footnotes":""},"sujet":[],"class_list":["post-5165","page","type-page","status-publish","has-post-thumbnail","hentry"],"acf":[],"yoast_head":"<!-- This site is optimized with the Yoast SEO plugin v27.3 - https:\/\/yoast.com\/product\/yoast-seo-wordpress\/ -->\n<title>5-Sterne-Campingplatz in Aveyron am See von Pareloup: Camping Les Gen\u00eats<\/title>\n<meta name=\"description\" content=\"Entdecken Sie die Dienstleistungen des 5-Sterne-Campingplatzes im Aveyron Les Gen\u00eats am Lac de Pareloup - Bar und Restaurant, Wellnessbereich, Lebensmittelgesch\u00e4ft, Schwimmbad\" \/>\n<meta name=\"robots\" content=\"index, follow, max-snippet:-1, max-image-preview:large, max-video-preview:-1\" \/>\n<link rel=\"canonical\" href=\"https:\/\/www.camping-les-genets.fr\/de\/dienste\/\" \/>\n<meta property=\"og:locale\" content=\"de_DE\" \/>\n<meta property=\"og:type\" content=\"article\" \/>\n<meta property=\"og:title\" content=\"5-Sterne-Campingplatz in Aveyron am See von Pareloup: Camping Les Gen\u00eats\" \/>\n<meta property=\"og:description\" content=\"Entdecken Sie die Dienstleistungen des 5-Sterne-Campingplatzes im Aveyron Les Gen\u00eats am Lac de Pareloup - Bar und Restaurant, Wellnessbereich, Lebensmittelgesch\u00e4ft, Schwimmbad\" \/>\n<meta property=\"og:url\" content=\"https:\/\/www.camping-les-genets.fr\/de\/dienste\/\" \/>\n<meta property=\"og:site_name\" content=\"Camping les Genets\" \/>\n<meta property=\"article:modified_time\" content=\"2025-02-26T12:43:27+00:00\" \/>\n<meta property=\"og:image\" content=\"https:\/\/www.camping-les-genets.fr\/wp-content\/uploads\/2023\/10\/les-services-camping-genets-aveyron.jpg\" \/>\n\t<meta property=\"og:image:width\" content=\"2000\" \/>\n\t<meta property=\"og:image:height\" content=\"600\" \/>\n\t<meta property=\"og:image:type\" content=\"image\/jpeg\" \/>\n<meta name=\"twitter:card\" content=\"summary_large_image\" \/>\n<meta name=\"twitter:label1\" content=\"Gesch\u00e4tzte Lesezeit\" \/>\n\t<meta name=\"twitter:data1\" content=\"2\u00a0Minuten\" \/>\n<script type=\"application\/ld+json\" class=\"yoast-schema-graph\">{\"@context\":\"https:\\\/\\\/schema.org\",\"@graph\":[{\"@type\":\"WebPage\",\"@id\":\"https:\\\/\\\/www.camping-les-genets.fr\\\/de\\\/dienste\\\/\",\"url\":\"https:\\\/\\\/www.camping-les-genets.fr\\\/de\\\/dienste\\\/\",\"name\":\"5-Sterne-Campingplatz in Aveyron am See von Pareloup: Camping Les Gen\u00eats\",\"isPartOf\":{\"@id\":\"https:\\\/\\\/www.camping-les-genets.fr\\\/de\\\/#website\"},\"primaryImageOfPage\":{\"@id\":\"https:\\\/\\\/www.camping-les-genets.fr\\\/de\\\/dienste\\\/#primaryimage\"},\"image\":{\"@id\":\"https:\\\/\\\/www.camping-les-genets.fr\\\/de\\\/dienste\\\/#primaryimage\"},\"thumbnailUrl\":\"https:\\\/\\\/www.camping-les-genets.fr\\\/wp-content\\\/uploads\\\/2023\\\/10\\\/les-services-camping-genets-aveyron.jpg\",\"datePublished\":\"2023-07-27T11:18:41+00:00\",\"dateModified\":\"2025-02-26T12:43:27+00:00\",\"description\":\"Entdecken Sie die Dienstleistungen des 5-Sterne-Campingplatzes im Aveyron Les Gen\u00eats am Lac de Pareloup - Bar und Restaurant, Wellnessbereich, Lebensmittelgesch\u00e4ft, Schwimmbad\",\"breadcrumb\":{\"@id\":\"https:\\\/\\\/www.camping-les-genets.fr\\\/de\\\/dienste\\\/#breadcrumb\"},\"inLanguage\":\"de\",\"potentialAction\":[{\"@type\":\"ReadAction\",\"target\":[\"https:\\\/\\\/www.camping-les-genets.fr\\\/de\\\/dienste\\\/\"]}]},{\"@type\":\"ImageObject\",\"inLanguage\":\"de\",\"@id\":\"https:\\\/\\\/www.camping-les-genets.fr\\\/de\\\/dienste\\\/#primaryimage\",\"url\":\"https:\\\/\\\/www.camping-les-genets.fr\\\/wp-content\\\/uploads\\\/2023\\\/10\\\/les-services-camping-genets-aveyron.jpg\",\"contentUrl\":\"https:\\\/\\\/www.camping-les-genets.fr\\\/wp-content\\\/uploads\\\/2023\\\/10\\\/les-services-camping-genets-aveyron.jpg\",\"width\":2000,\"height\":600,\"caption\":\"die dienstleistungen camping genets aveyron\"},{\"@type\":\"BreadcrumbList\",\"@id\":\"https:\\\/\\\/www.camping-les-genets.fr\\\/de\\\/dienste\\\/#breadcrumb\",\"itemListElement\":[{\"@type\":\"ListItem\",\"position\":1,\"name\":\"Camping Aveyron\",\"item\":\"https:\\\/\\\/www.camping-les-genets.fr\\\/de\\\/\"},{\"@type\":\"ListItem\",\"position\":2,\"name\":\"Die Dienstleistungen des Campingplatzes\"}]},{\"@type\":\"WebSite\",\"@id\":\"https:\\\/\\\/www.camping-les-genets.fr\\\/de\\\/#website\",\"url\":\"https:\\\/\\\/www.camping-les-genets.fr\\\/de\\\/\",\"name\":\"Camping les Genets\",\"description\":\"\",\"publisher\":{\"@id\":\"https:\\\/\\\/www.camping-les-genets.fr\\\/de\\\/#organization\"},\"potentialAction\":[{\"@type\":\"SearchAction\",\"target\":{\"@type\":\"EntryPoint\",\"urlTemplate\":\"https:\\\/\\\/www.camping-les-genets.fr\\\/de\\\/?s={search_term_string}\"},\"query-input\":{\"@type\":\"PropertyValueSpecification\",\"valueRequired\":true,\"valueName\":\"search_term_string\"}}],\"inLanguage\":\"de\"},{\"@type\":\"Organization\",\"@id\":\"https:\\\/\\\/www.camping-les-genets.fr\\\/de\\\/#organization\",\"name\":\"Camping les Genets\",\"url\":\"https:\\\/\\\/www.camping-les-genets.fr\\\/de\\\/\",\"logo\":{\"@type\":\"ImageObject\",\"inLanguage\":\"de\",\"@id\":\"https:\\\/\\\/www.camping-les-genets.fr\\\/de\\\/#\\\/schema\\\/logo\\\/image\\\/\",\"url\":\"https:\\\/\\\/www.camping-les-genets.fr\\\/wp-content\\\/uploads\\\/2023\\\/07\\\/cropped-logo-camping-genets-footer.png\",\"contentUrl\":\"https:\\\/\\\/www.camping-les-genets.fr\\\/wp-content\\\/uploads\\\/2023\\\/07\\\/cropped-logo-camping-genets-footer.png\",\"width\":500,\"height\":295,\"caption\":\"Camping les Genets\"},\"image\":{\"@id\":\"https:\\\/\\\/www.camping-les-genets.fr\\\/de\\\/#\\\/schema\\\/logo\\\/image\\\/\"}}]}<\/script>\n<!-- \/ Yoast SEO plugin. -->","yoast_head_json":{"title":"5-Sterne-Campingplatz in Aveyron am See von Pareloup: Camping Les Gen\u00eats","description":"Entdecken Sie die Dienstleistungen des 5-Sterne-Campingplatzes im Aveyron Les Gen\u00eats am Lac de Pareloup - Bar und Restaurant, Wellnessbereich, Lebensmittelgesch\u00e4ft, Schwimmbad","robots":{"index":"index","follow":"follow","max-snippet":"max-snippet:-1","max-image-preview":"max-image-preview:large","max-video-preview":"max-video-preview:-1"},"canonical":"https:\/\/www.camping-les-genets.fr\/de\/dienste\/","og_locale":"de_DE","og_type":"article","og_title":"5-Sterne-Campingplatz in Aveyron am See von Pareloup: Camping Les Gen\u00eats","og_description":"Entdecken Sie die Dienstleistungen des 5-Sterne-Campingplatzes im Aveyron Les Gen\u00eats am Lac de Pareloup - Bar und Restaurant, Wellnessbereich, Lebensmittelgesch\u00e4ft, Schwimmbad","og_url":"https:\/\/www.camping-les-genets.fr\/de\/dienste\/","og_site_name":"Camping les Genets","article_modified_time":"2025-02-26T12:43:27+00:00","og_image":[{"width":2000,"height":600,"url":"https:\/\/www.camping-les-genets.fr\/wp-content\/uploads\/2023\/10\/les-services-camping-genets-aveyron.jpg","type":"image\/jpeg"}],"twitter_card":"summary_large_image","twitter_misc":{"Gesch\u00e4tzte Lesezeit":"2\u00a0Minuten"},"schema":{"@context":"https:\/\/schema.org","@graph":[{"@type":"WebPage","@id":"https:\/\/www.camping-les-genets.fr\/de\/dienste\/","url":"https:\/\/www.camping-les-genets.fr\/de\/dienste\/","name":"5-Sterne-Campingplatz in Aveyron am See von Pareloup: Camping Les Gen\u00eats","isPartOf":{"@id":"https:\/\/www.camping-les-genets.fr\/de\/#website"},"primaryImageOfPage":{"@id":"https:\/\/www.camping-les-genets.fr\/de\/dienste\/#primaryimage"},"image":{"@id":"https:\/\/www.camping-les-genets.fr\/de\/dienste\/#primaryimage"},"thumbnailUrl":"https:\/\/www.camping-les-genets.fr\/wp-content\/uploads\/2023\/10\/les-services-camping-genets-aveyron.jpg","datePublished":"2023-07-27T11:18:41+00:00","dateModified":"2025-02-26T12:43:27+00:00","description":"Entdecken Sie die Dienstleistungen des 5-Sterne-Campingplatzes im Aveyron Les Gen\u00eats am Lac de Pareloup - Bar und Restaurant, Wellnessbereich, Lebensmittelgesch\u00e4ft, Schwimmbad","breadcrumb":{"@id":"https:\/\/www.camping-les-genets.fr\/de\/dienste\/#breadcrumb"},"inLanguage":"de","potentialAction":[{"@type":"ReadAction","target":["https:\/\/www.camping-les-genets.fr\/de\/dienste\/"]}]},{"@type":"ImageObject","inLanguage":"de","@id":"https:\/\/www.camping-les-genets.fr\/de\/dienste\/#primaryimage","url":"https:\/\/www.camping-les-genets.fr\/wp-content\/uploads\/2023\/10\/les-services-camping-genets-aveyron.jpg","contentUrl":"https:\/\/www.camping-les-genets.fr\/wp-content\/uploads\/2023\/10\/les-services-camping-genets-aveyron.jpg","width":2000,"height":600,"caption":"die dienstleistungen camping genets aveyron"},{"@type":"BreadcrumbList","@id":"https:\/\/www.camping-les-genets.fr\/de\/dienste\/#breadcrumb","itemListElement":[{"@type":"ListItem","position":1,"name":"Camping Aveyron","item":"https:\/\/www.camping-les-genets.fr\/de\/"},{"@type":"ListItem","position":2,"name":"Die Dienstleistungen des Campingplatzes"}]},{"@type":"WebSite","@id":"https:\/\/www.camping-les-genets.fr\/de\/#website","url":"https:\/\/www.camping-les-genets.fr\/de\/","name":"Camping les Genets","description":"","publisher":{"@id":"https:\/\/www.camping-les-genets.fr\/de\/#organization"},"potentialAction":[{"@type":"SearchAction","target":{"@type":"EntryPoint","urlTemplate":"https:\/\/www.camping-les-genets.fr\/de\/?s={search_term_string}"},"query-input":{"@type":"PropertyValueSpecification","valueRequired":true,"valueName":"search_term_string"}}],"inLanguage":"de"},{"@type":"Organization","@id":"https:\/\/www.camping-les-genets.fr\/de\/#organization","name":"Camping les Genets","url":"https:\/\/www.camping-les-genets.fr\/de\/","logo":{"@type":"ImageObject","inLanguage":"de","@id":"https:\/\/www.camping-les-genets.fr\/de\/#\/schema\/logo\/image\/","url":"https:\/\/www.camping-les-genets.fr\/wp-content\/uploads\/2023\/07\/cropped-logo-camping-genets-footer.png","contentUrl":"https:\/\/www.camping-les-genets.fr\/wp-content\/uploads\/2023\/07\/cropped-logo-camping-genets-footer.png","width":500,"height":295,"caption":"Camping les Genets"},"image":{"@id":"https:\/\/www.camping-les-genets.fr\/de\/#\/schema\/logo\/image\/"}}]}},"_links":{"self":[{"href":"https:\/\/www.camping-les-genets.fr\/de\/wp-json\/wp\/v2\/pages\/5165","targetHints":{"allow":["GET"]}}],"collection":[{"href":"https:\/\/www.camping-les-genets.fr\/de\/wp-json\/wp\/v2\/pages"}],"about":[{"href":"https:\/\/www.camping-les-genets.fr\/de\/wp-json\/wp\/v2\/types\/page"}],"author":[{"embeddable":true,"href":"https:\/\/www.camping-les-genets.fr\/de\/wp-json\/wp\/v2\/users\/1"}],"replies":[{"embeddable":true,"href":"https:\/\/www.camping-les-genets.fr\/de\/wp-json\/wp\/v2\/comments?post=5165"}],"version-history":[{"count":3,"href":"https:\/\/www.camping-les-genets.fr\/de\/wp-json\/wp\/v2\/pages\/5165\/revisions"}],"predecessor-version":[{"id":7110,"href":"https:\/\/www.camping-les-genets.fr\/de\/wp-json\/wp\/v2\/pages\/5165\/revisions\/7110"}],"wp:featuredmedia":[{"embeddable":true,"href":"https:\/\/www.camping-les-genets.fr\/de\/wp-json\/wp\/v2\/media\/4070"}],"wp:attachment":[{"href":"https:\/\/www.camping-les-genets.fr\/de\/wp-json\/wp\/v2\/media?parent=5165"}],"wp:term":[{"taxonomy":"sujet","embeddable":true,"href":"https:\/\/www.camping-les-genets.fr\/de\/wp-json\/wp\/v2\/sujet?post=5165"}],"curies":[{"name":"wp","href":"https:\/\/api.w.org\/{rel}","templated":true}]}}