{"id":5159,"date":"2023-09-11T10:19:06","date_gmt":"2023-09-11T08:19:06","guid":{"rendered":"https:\/\/www.camping-les-genets.fr\/saint-come-d-olt\/"},"modified":"2024-01-11T10:58:47","modified_gmt":"2024-01-11T09:58:47","slug":"tourisme-saint-come-d-olt","status":"publish","type":"page","link":"https:\/\/www.camping-les-genets.fr\/de\/tourisme-saint-come-d-olt\/","title":{"rendered":"Saint-C\u00f4me-d&#8217;Olt"},"content":{"rendered":"<section id=\"ls-section-block_d039e7eb397301a31f77e3f1483acffb\" class=\"ls-section  page-chapeau has-p-b p-b-0\" >\r\n        <div class=\"container \">\r\n        \n\n<h1 class=\"ls__heading wp-block-heading has-text-align-center animated fadeInLeft delay-100ms slow\"><strong>Saint-C\u00f4me-d&#8217;Olt<\/strong><\/h1>\n\n\r\n    <\/div>\r\n<\/section><section id=\"ls-section-block_7a934e8fc8515802e3bb9a900f0992ad\" class=\"ls-section  page-one has-p-b p-b-14\" >\r\n        <div class=\"container container--full\">\r\n        \n\n<div class=\"wp-block-columns is-layout-flex wp-container-core-columns-is-layout-9d6595d7 wp-block-columns-is-layout-flex\">\n<div class=\"wp-block-column first is-layout-flow wp-block-column-is-layout-flow\" style=\"flex-basis:66.66%\">\n<figure class=\"wp-block-image size-full\"><img decoding=\"async\" width=\"2560\" height=\"1707\" src=\"https:\/\/www.camping-les-genets.fr\/wp-content\/uploads\/2023\/09\/Village-de-Saint-Come-d-Olt-en-Aveyron-au-bord-de-la-riviere-Lot-en-France-scaled.webp\" alt=\"Dorf Saint C&#xF4;me d' Olt in Aveyron am Ufer des Flusses Lot in Frankreich\" class=\"wp-image-1620\" style=\"aspect-ratio:4\/3;object-fit:cover\" srcset=\"https:\/\/www.camping-les-genets.fr\/wp-content\/uploads\/2023\/09\/Village-de-Saint-Come-d-Olt-en-Aveyron-au-bord-de-la-riviere-Lot-en-France-scaled.webp 2560w, https:\/\/www.camping-les-genets.fr\/wp-content\/uploads\/2023\/09\/Village-de-Saint-Come-d-Olt-en-Aveyron-au-bord-de-la-riviere-Lot-en-France-300x200.webp 300w, https:\/\/www.camping-les-genets.fr\/wp-content\/uploads\/2023\/09\/Village-de-Saint-Come-d-Olt-en-Aveyron-au-bord-de-la-riviere-Lot-en-France-1024x683.webp 1024w, https:\/\/www.camping-les-genets.fr\/wp-content\/uploads\/2023\/09\/Village-de-Saint-Come-d-Olt-en-Aveyron-au-bord-de-la-riviere-Lot-en-France-768x512.webp 768w, https:\/\/www.camping-les-genets.fr\/wp-content\/uploads\/2023\/09\/Village-de-Saint-Come-d-Olt-en-Aveyron-au-bord-de-la-riviere-Lot-en-France-1536x1024.webp 1536w, https:\/\/www.camping-les-genets.fr\/wp-content\/uploads\/2023\/09\/Village-de-Saint-Come-d-Olt-en-Aveyron-au-bord-de-la-riviere-Lot-en-France-2048x1365.webp 2048w\" sizes=\"(max-width: 2560px) 100vw, 2560px\" \/><\/figure>\n<\/div>\n\n\n\n<div class=\"wp-block-column is-vertically-aligned-center second has-color-white-background-color has-background is-layout-flow wp-block-column-is-layout-flow\" style=\"flex-basis:33.33%\">\n<h2 class=\"ls__heading wp-block-heading\"><strong>Urlaub<\/strong> in Saint C\u00f4me d&#8217;Olt<\/h2>\n\n\n\n<p class=\"ls-paragraph\">60 km n\u00f6rdlich des <a href=\"https:\/\/www.camping-les-genets.fr\/de\/\">Campingplatzes Aveyron<\/a> liegt <a href=\"https:\/\/www.saint-come-olt.com\/\" target=\"_blank\" rel=\"noreferrer noopener\">Saint-C\u00f4me-d&#8217;Olt<\/a>, eines der 10 D\u00f6rfer im Aveyron, die zu den <strong>&#8222;Sch\u00f6nsten D\u00f6rfern Frankreichs&#8220;<\/strong> geh\u00f6ren.<\/p>\n\n\n\n<p class=\"ls-paragraph\">Eingebettet im Herzen des Lot-Tals liegt dieses <strong>mittelalterliche Dorf<\/strong>, das sich durch seine kreisf\u00f6rmige Anordnung um das Schloss aus dem 12. Jahrhundert und die Kirche aus dem 16. Saint-C\u00f4me-d&#8217;Olt liegt auf dem Jakobsweg, birgt <strong>zahlreiche denk<\/strong> malgesch\u00fctzte Geb\u00e4ude, die es zu entdecken gilt, und bezieht seinen Charme vor allem aus seiner privilegierten Lage am Ufer des Lot. Vom Campingplatz aus erreichen Sie Saint-C\u00f4me in einer Stunde mit dem Auto.<\/p>\n\n\n\n<p class=\"ls-paragraph\">Das Dorf Saint-C\u00f4me entwickelte sich im 12. Jahrhundert rund um das <strong>Schloss der Herren von Calmont d&#8217;Olt<\/strong>. Die<strong>Herrschaftskirche<\/strong> <strong>weist<\/strong> eine typische Architektur im Stil der Flamboyant-Gotik auf. Sie zeichnet sich durch ihren verdrehten Glockenturm aus, den man auch als &#8222;geflammt&#8220; bezeichnet.<\/p>\n\n\n\n<p class=\"ls-paragraph\">Am Ortsausgang bietet das <strong>Kloster Malet<\/strong> Pilgern auf dem Jakobsweg einen au\u00dfergew\u00f6hnlichen Rahmen, um die Etappe zu genie\u00dfen.<\/p>\n<\/div>\n<\/div>\n\n\r\n    <\/div>\r\n<\/section><section id=\"ls-section-block_69beb14d8305ce5235cb9487a5d51c5e\" class=\"ls-section \" >\r\n        <div class=\"container container--wide\">\r\n        \n\n<div class=\"wp-block-columns is-layout-flex wp-container-core-columns-is-layout-9d6595d7 wp-block-columns-is-layout-flex\">\n<div class=\"wp-block-column first is-layout-flow wp-block-column-is-layout-flow\">\n<h2 class=\"ls__heading wp-block-heading\">Route zum <strong>Campingplatz Saint C\u00f4me d&#8217;Olt<\/strong><\/h2>\n\n\n\n<p class=\"ls-paragraph\">Rechnen Sie etwa eine Stunde mit dem Auto, um den <a href=\"https:\/\/www.camping-les-genets.fr\/de\/camping-saint-comes-d-olt\/\">Campingplatz in der N\u00e4he von Saint-C\u00f4me-d&#8217;Olt<\/a> zu erreichen.<\/p>\n\n\n\n<p class=\"ls-paragraph\">Vom Campingplatz Les Gen\u00eats aus fahren Sie in Richtung Salles-Curan, Canet-de-Salars mit seiner sch\u00f6nen Kirche Saint-Pierre, S\u00e9gur und dann Laissac. Fahren Sie weiter auf der D28 nach Palmas und Gabriac bis nach Espalion. <strong>Die Gemeinde birgt ein interessantes Kulturerbe<\/strong> (Kirche Saint-Jean-Baptiste, Kirche Saint-Michel de Calmont d&#8217;Olt, Chapelle des P\u00e9nitents, Chapelle de Perse), f\u00fcr das Sie sich auf dem Hin- oder R\u00fcckweg Zeit nehmen k\u00f6nnen, um es zu entdecken. Die Stra\u00dfe zwischen Espalion und Saint-C\u00f4me-d&#8217;Olt f\u00fchrt am Lot entlang und <strong>bietet wundersch\u00f6ne Landschaften<\/strong>.<\/p>\n<\/div>\n\n\n\n<div class=\"wp-block-column is-vertically-aligned-center second is-layout-flow wp-block-column-is-layout-flow\" style=\"flex-basis:800px\">\n<iframe src=\"https:\/\/www.google.com\/maps\/embed?pb=!1m28!1m12!1m3!1d182596.6972323332!2d2.562231423025819!3d44.349543440916676!2m3!1f0!2f0!3f0!3m2!1i1024!2i768!4f13.1!4m13!3e0!4m5!1s0x12b2683ba8eaa029%3A0x9e3dc1bbe65d1b4b!2sCamping%20les%20Gen%C3%AAts%20%7C%20Camping%20Aveyron%2C%20Lac%20de%20Pareloup%2C%20Salles-Curan!3m2!1d44.1894481!2d2.7667329!4m5!1s0x12b2ed9fbaca3861%3A0x406f69c2f430b20!2sSaint-C%C3%B4me-d'Olt!3m2!1d44.515336!2d2.81481!5e0!3m2!1sfr!2sfr!4v1694601082738!5m2!1sfr!2sfr\" width=\"800\" height=\"600\" style=\"border:0;\" allowfullscreen=\"\" loading=\"lazy\" referrerpolicy=\"no-referrer-when-downgrade\"><\/iframe>\n<\/div>\n<\/div>\n\n\r\n    <\/div>\r\n<\/section><section id=\"ls-section-block_33b2b538bdc240aa6dd4e9a09d4bad3a\" class=\"ls-section  page-maillage has-p-t p-t-14 has-p-b p-b-14\" >\r\n        <div class=\"container container--wide\">\r\n        \n\n<div id=\"ls-heading ls-titre-div-block_08579805afaa8acc857fd15ed2b1f6ab\" class=\"ls-titre-div aligncenter h2-like has-m-b m-b-8\" >\n    Entdecken Sie Roquefort, die Aubrac-K\u00fche und Brousse le Ch\u00e2teau!<\/div>\n\n\n<div id=\"ls-maillage-block_dc5649e0ff0e39ce17182f7334a986a0\" class=\"ls-maillage slow animated fadeInUp delay-100ms cta-style-normal\" data-rows=\"3\">\r\n    <div class=\"wp-block-columns\"><div class=\"wp-block-column\">\n\n<a href=\"https:\/\/www.camping-les-genets.fr\/de\/brousse-le-chateau\/\" target=\"\" rel=\"noopener\" class=\"ls-cta__link\">\n\n\t<div class=\"ls-cta__image\"><img decoding=\"async\" src=\"https:\/\/www.camping-les-genets.fr\/wp-content\/uploads\/2023\/09\/Chateau-en-Aveyron-768x511.webp\" alt=\"Schloss in Aveyron\"><\/div>\n\t<div class=\"ls-cta__title\">\n\t\tBrousse le Ch\u00e2teau\t<\/div>\n\n\t\t\n<\/a><\/div><div class=\"wp-block-column\">\n\n<a href=\"https:\/\/www.camping-les-genets.fr\/de\/tourisme-roquefort\/\" target=\"\" rel=\"noopener\" class=\"ls-cta__link\">\n\n\t<div class=\"ls-cta__image\"><img decoding=\"async\" src=\"https:\/\/www.camping-les-genets.fr\/wp-content\/uploads\/2023\/09\/Fromage-roquefort-768x960.webp\" alt=\"Roquefort-K\u00e4se\"><\/div>\n\t<div class=\"ls-cta__title\">\n\t\tWeinkeller von Roquefort\t<\/div>\n\n\t\t\n<\/a><\/div><div class=\"wp-block-column\">\n\n<a href=\"https:\/\/www.camping-les-genets.fr\/de\/tourisme-aubrac\/\" target=\"\" rel=\"noopener\" class=\"ls-cta__link\">\n\n\t<div class=\"ls-cta__image\"><img decoding=\"async\" src=\"https:\/\/www.camping-les-genets.fr\/wp-content\/uploads\/2023\/09\/Vaches-a-Aubrac-768x1036.webp\" alt=\"K\u00fche in Aubrac\"><\/div>\n\t<div class=\"ls-cta__title\">\n\t\tAubrac-K\u00fche\t<\/div>\n\n\t\t\n<\/a><\/div><\/div><\/div>\n\r\n    <\/div>\r\n<\/section>","protected":false},"excerpt":{"rendered":"","protected":false},"author":1,"featured_media":1633,"parent":0,"menu_order":0,"comment_status":"closed","ping_status":"closed","template":"","meta":{"_acf_changed":false,"inline_featured_image":false,"footnotes":""},"sujet":[],"class_list":["post-5159","page","type-page","status-publish","has-post-thumbnail","hentry"],"acf":[],"yoast_head":"<!-- This site is optimized with the Yoast SEO plugin v27.3 - https:\/\/yoast.com\/product\/yoast-seo-wordpress\/ -->\n<title>Saint Come d&#039;Olt: Sehensw\u00fcrdigkeiten und Aktivit\u00e4ten in Saint Come d&#039;Olt im Aveyron<\/title>\n<meta name=\"description\" content=\"Auf der Suche nach einem Campingplatz in Saint C\u00f4me d&#039;Olt? Der Campingplatz Les Gen\u00eats **** hei\u00dft Sie im Departement Aveyron willkommen und stellt Ihnen die Aktivit\u00e4ten in Saint C\u00f4me d&#039;Olt vor.\" \/>\n<meta name=\"robots\" content=\"index, follow, max-snippet:-1, max-image-preview:large, max-video-preview:-1\" \/>\n<link rel=\"canonical\" href=\"https:\/\/www.camping-les-genets.fr\/de\/tourisme-saint-come-d-olt\/\" \/>\n<meta property=\"og:locale\" content=\"de_DE\" \/>\n<meta property=\"og:type\" content=\"article\" \/>\n<meta property=\"og:title\" content=\"Saint Come d&#039;Olt: Sehensw\u00fcrdigkeiten und Aktivit\u00e4ten in Saint Come d&#039;Olt im Aveyron\" \/>\n<meta property=\"og:description\" content=\"Auf der Suche nach einem Campingplatz in Saint C\u00f4me d&#039;Olt? Der Campingplatz Les Gen\u00eats **** hei\u00dft Sie im Departement Aveyron willkommen und stellt Ihnen die Aktivit\u00e4ten in Saint C\u00f4me d&#039;Olt vor.\" \/>\n<meta property=\"og:url\" content=\"https:\/\/www.camping-les-genets.fr\/de\/tourisme-saint-come-d-olt\/\" \/>\n<meta property=\"og:site_name\" content=\"Camping les Genets\" \/>\n<meta property=\"article:modified_time\" content=\"2024-01-11T09:58:47+00:00\" \/>\n<meta property=\"og:image\" content=\"https:\/\/www.camping-les-genets.fr\/wp-content\/uploads\/2023\/09\/Village-de-Saint-Come-d-Olt-en-Aveyron-scaled.webp\" \/>\n\t<meta property=\"og:image:width\" content=\"2560\" \/>\n\t<meta property=\"og:image:height\" content=\"1707\" \/>\n\t<meta property=\"og:image:type\" content=\"image\/webp\" \/>\n<meta name=\"twitter:card\" content=\"summary_large_image\" \/>\n<meta name=\"twitter:label1\" content=\"Gesch\u00e4tzte Lesezeit\" \/>\n\t<meta name=\"twitter:data1\" content=\"1\u00a0Minute\" \/>\n<script type=\"application\/ld+json\" class=\"yoast-schema-graph\">{\"@context\":\"https:\\\/\\\/schema.org\",\"@graph\":[{\"@type\":\"WebPage\",\"@id\":\"https:\\\/\\\/www.camping-les-genets.fr\\\/de\\\/tourisme-saint-come-d-olt\\\/\",\"url\":\"https:\\\/\\\/www.camping-les-genets.fr\\\/de\\\/tourisme-saint-come-d-olt\\\/\",\"name\":\"Saint Come d'Olt: Sehensw\u00fcrdigkeiten und Aktivit\u00e4ten in Saint Come d'Olt im Aveyron\",\"isPartOf\":{\"@id\":\"https:\\\/\\\/www.camping-les-genets.fr\\\/de\\\/#website\"},\"primaryImageOfPage\":{\"@id\":\"https:\\\/\\\/www.camping-les-genets.fr\\\/de\\\/tourisme-saint-come-d-olt\\\/#primaryimage\"},\"image\":{\"@id\":\"https:\\\/\\\/www.camping-les-genets.fr\\\/de\\\/tourisme-saint-come-d-olt\\\/#primaryimage\"},\"thumbnailUrl\":\"https:\\\/\\\/www.camping-les-genets.fr\\\/wp-content\\\/uploads\\\/2023\\\/09\\\/Village-de-Saint-Come-d-Olt-en-Aveyron-scaled.webp\",\"datePublished\":\"2023-09-11T08:19:06+00:00\",\"dateModified\":\"2024-01-11T09:58:47+00:00\",\"description\":\"Auf der Suche nach einem Campingplatz in Saint C\u00f4me d'Olt? Der Campingplatz Les Gen\u00eats **** hei\u00dft Sie im Departement Aveyron willkommen und stellt Ihnen die Aktivit\u00e4ten in Saint C\u00f4me d'Olt vor.\",\"breadcrumb\":{\"@id\":\"https:\\\/\\\/www.camping-les-genets.fr\\\/de\\\/tourisme-saint-come-d-olt\\\/#breadcrumb\"},\"inLanguage\":\"de\",\"potentialAction\":[{\"@type\":\"ReadAction\",\"target\":[\"https:\\\/\\\/www.camping-les-genets.fr\\\/de\\\/tourisme-saint-come-d-olt\\\/\"]}]},{\"@type\":\"ImageObject\",\"inLanguage\":\"de\",\"@id\":\"https:\\\/\\\/www.camping-les-genets.fr\\\/de\\\/tourisme-saint-come-d-olt\\\/#primaryimage\",\"url\":\"https:\\\/\\\/www.camping-les-genets.fr\\\/wp-content\\\/uploads\\\/2023\\\/09\\\/Village-de-Saint-Come-d-Olt-en-Aveyron-scaled.webp\",\"contentUrl\":\"https:\\\/\\\/www.camping-les-genets.fr\\\/wp-content\\\/uploads\\\/2023\\\/09\\\/Village-de-Saint-Come-d-Olt-en-Aveyron-scaled.webp\",\"width\":2560,\"height\":1707,\"caption\":\"Dorf Saint C\u00f4me d' Olt in Aveyron\"},{\"@type\":\"BreadcrumbList\",\"@id\":\"https:\\\/\\\/www.camping-les-genets.fr\\\/de\\\/tourisme-saint-come-d-olt\\\/#breadcrumb\",\"itemListElement\":[{\"@type\":\"ListItem\",\"position\":1,\"name\":\"Camping Aveyron\",\"item\":\"https:\\\/\\\/www.camping-les-genets.fr\\\/de\\\/\"},{\"@type\":\"ListItem\",\"position\":2,\"name\":\"Saint-C\u00f4me-d&#8217;Olt\"}]},{\"@type\":\"WebSite\",\"@id\":\"https:\\\/\\\/www.camping-les-genets.fr\\\/de\\\/#website\",\"url\":\"https:\\\/\\\/www.camping-les-genets.fr\\\/de\\\/\",\"name\":\"Camping les Genets\",\"description\":\"\",\"publisher\":{\"@id\":\"https:\\\/\\\/www.camping-les-genets.fr\\\/de\\\/#organization\"},\"potentialAction\":[{\"@type\":\"SearchAction\",\"target\":{\"@type\":\"EntryPoint\",\"urlTemplate\":\"https:\\\/\\\/www.camping-les-genets.fr\\\/de\\\/?s={search_term_string}\"},\"query-input\":{\"@type\":\"PropertyValueSpecification\",\"valueRequired\":true,\"valueName\":\"search_term_string\"}}],\"inLanguage\":\"de\"},{\"@type\":\"Organization\",\"@id\":\"https:\\\/\\\/www.camping-les-genets.fr\\\/de\\\/#organization\",\"name\":\"Camping les Genets\",\"url\":\"https:\\\/\\\/www.camping-les-genets.fr\\\/de\\\/\",\"logo\":{\"@type\":\"ImageObject\",\"inLanguage\":\"de\",\"@id\":\"https:\\\/\\\/www.camping-les-genets.fr\\\/de\\\/#\\\/schema\\\/logo\\\/image\\\/\",\"url\":\"https:\\\/\\\/www.camping-les-genets.fr\\\/wp-content\\\/uploads\\\/2023\\\/07\\\/cropped-logo-camping-genets-footer.png\",\"contentUrl\":\"https:\\\/\\\/www.camping-les-genets.fr\\\/wp-content\\\/uploads\\\/2023\\\/07\\\/cropped-logo-camping-genets-footer.png\",\"width\":500,\"height\":295,\"caption\":\"Camping les Genets\"},\"image\":{\"@id\":\"https:\\\/\\\/www.camping-les-genets.fr\\\/de\\\/#\\\/schema\\\/logo\\\/image\\\/\"}}]}<\/script>\n<!-- \/ Yoast SEO plugin. -->","yoast_head_json":{"title":"Saint Come d'Olt: Sehensw\u00fcrdigkeiten und Aktivit\u00e4ten in Saint Come d'Olt im Aveyron","description":"Auf der Suche nach einem Campingplatz in Saint C\u00f4me d'Olt? Der Campingplatz Les Gen\u00eats **** hei\u00dft Sie im Departement Aveyron willkommen und stellt Ihnen die Aktivit\u00e4ten in Saint C\u00f4me d'Olt vor.","robots":{"index":"index","follow":"follow","max-snippet":"max-snippet:-1","max-image-preview":"max-image-preview:large","max-video-preview":"max-video-preview:-1"},"canonical":"https:\/\/www.camping-les-genets.fr\/de\/tourisme-saint-come-d-olt\/","og_locale":"de_DE","og_type":"article","og_title":"Saint Come d'Olt: Sehensw\u00fcrdigkeiten und Aktivit\u00e4ten in Saint Come d'Olt im Aveyron","og_description":"Auf der Suche nach einem Campingplatz in Saint C\u00f4me d'Olt? Der Campingplatz Les Gen\u00eats **** hei\u00dft Sie im Departement Aveyron willkommen und stellt Ihnen die Aktivit\u00e4ten in Saint C\u00f4me d'Olt vor.","og_url":"https:\/\/www.camping-les-genets.fr\/de\/tourisme-saint-come-d-olt\/","og_site_name":"Camping les Genets","article_modified_time":"2024-01-11T09:58:47+00:00","og_image":[{"width":2560,"height":1707,"url":"https:\/\/www.camping-les-genets.fr\/wp-content\/uploads\/2023\/09\/Village-de-Saint-Come-d-Olt-en-Aveyron-scaled.webp","type":"image\/webp"}],"twitter_card":"summary_large_image","twitter_misc":{"Gesch\u00e4tzte Lesezeit":"1\u00a0Minute"},"schema":{"@context":"https:\/\/schema.org","@graph":[{"@type":"WebPage","@id":"https:\/\/www.camping-les-genets.fr\/de\/tourisme-saint-come-d-olt\/","url":"https:\/\/www.camping-les-genets.fr\/de\/tourisme-saint-come-d-olt\/","name":"Saint Come d'Olt: Sehensw\u00fcrdigkeiten und Aktivit\u00e4ten in Saint Come d'Olt im Aveyron","isPartOf":{"@id":"https:\/\/www.camping-les-genets.fr\/de\/#website"},"primaryImageOfPage":{"@id":"https:\/\/www.camping-les-genets.fr\/de\/tourisme-saint-come-d-olt\/#primaryimage"},"image":{"@id":"https:\/\/www.camping-les-genets.fr\/de\/tourisme-saint-come-d-olt\/#primaryimage"},"thumbnailUrl":"https:\/\/www.camping-les-genets.fr\/wp-content\/uploads\/2023\/09\/Village-de-Saint-Come-d-Olt-en-Aveyron-scaled.webp","datePublished":"2023-09-11T08:19:06+00:00","dateModified":"2024-01-11T09:58:47+00:00","description":"Auf der Suche nach einem Campingplatz in Saint C\u00f4me d'Olt? Der Campingplatz Les Gen\u00eats **** hei\u00dft Sie im Departement Aveyron willkommen und stellt Ihnen die Aktivit\u00e4ten in Saint C\u00f4me d'Olt vor.","breadcrumb":{"@id":"https:\/\/www.camping-les-genets.fr\/de\/tourisme-saint-come-d-olt\/#breadcrumb"},"inLanguage":"de","potentialAction":[{"@type":"ReadAction","target":["https:\/\/www.camping-les-genets.fr\/de\/tourisme-saint-come-d-olt\/"]}]},{"@type":"ImageObject","inLanguage":"de","@id":"https:\/\/www.camping-les-genets.fr\/de\/tourisme-saint-come-d-olt\/#primaryimage","url":"https:\/\/www.camping-les-genets.fr\/wp-content\/uploads\/2023\/09\/Village-de-Saint-Come-d-Olt-en-Aveyron-scaled.webp","contentUrl":"https:\/\/www.camping-les-genets.fr\/wp-content\/uploads\/2023\/09\/Village-de-Saint-Come-d-Olt-en-Aveyron-scaled.webp","width":2560,"height":1707,"caption":"Dorf Saint C\u00f4me d' Olt in Aveyron"},{"@type":"BreadcrumbList","@id":"https:\/\/www.camping-les-genets.fr\/de\/tourisme-saint-come-d-olt\/#breadcrumb","itemListElement":[{"@type":"ListItem","position":1,"name":"Camping Aveyron","item":"https:\/\/www.camping-les-genets.fr\/de\/"},{"@type":"ListItem","position":2,"name":"Saint-C\u00f4me-d&#8217;Olt"}]},{"@type":"WebSite","@id":"https:\/\/www.camping-les-genets.fr\/de\/#website","url":"https:\/\/www.camping-les-genets.fr\/de\/","name":"Camping les Genets","description":"","publisher":{"@id":"https:\/\/www.camping-les-genets.fr\/de\/#organization"},"potentialAction":[{"@type":"SearchAction","target":{"@type":"EntryPoint","urlTemplate":"https:\/\/www.camping-les-genets.fr\/de\/?s={search_term_string}"},"query-input":{"@type":"PropertyValueSpecification","valueRequired":true,"valueName":"search_term_string"}}],"inLanguage":"de"},{"@type":"Organization","@id":"https:\/\/www.camping-les-genets.fr\/de\/#organization","name":"Camping les Genets","url":"https:\/\/www.camping-les-genets.fr\/de\/","logo":{"@type":"ImageObject","inLanguage":"de","@id":"https:\/\/www.camping-les-genets.fr\/de\/#\/schema\/logo\/image\/","url":"https:\/\/www.camping-les-genets.fr\/wp-content\/uploads\/2023\/07\/cropped-logo-camping-genets-footer.png","contentUrl":"https:\/\/www.camping-les-genets.fr\/wp-content\/uploads\/2023\/07\/cropped-logo-camping-genets-footer.png","width":500,"height":295,"caption":"Camping les Genets"},"image":{"@id":"https:\/\/www.camping-les-genets.fr\/de\/#\/schema\/logo\/image\/"}}]}},"_links":{"self":[{"href":"https:\/\/www.camping-les-genets.fr\/de\/wp-json\/wp\/v2\/pages\/5159","targetHints":{"allow":["GET"]}}],"collection":[{"href":"https:\/\/www.camping-les-genets.fr\/de\/wp-json\/wp\/v2\/pages"}],"about":[{"href":"https:\/\/www.camping-les-genets.fr\/de\/wp-json\/wp\/v2\/types\/page"}],"author":[{"embeddable":true,"href":"https:\/\/www.camping-les-genets.fr\/de\/wp-json\/wp\/v2\/users\/1"}],"replies":[{"embeddable":true,"href":"https:\/\/www.camping-les-genets.fr\/de\/wp-json\/wp\/v2\/comments?post=5159"}],"version-history":[{"count":1,"href":"https:\/\/www.camping-les-genets.fr\/de\/wp-json\/wp\/v2\/pages\/5159\/revisions"}],"predecessor-version":[{"id":5160,"href":"https:\/\/www.camping-les-genets.fr\/de\/wp-json\/wp\/v2\/pages\/5159\/revisions\/5160"}],"wp:featuredmedia":[{"embeddable":true,"href":"https:\/\/www.camping-les-genets.fr\/de\/wp-json\/wp\/v2\/media\/1633"}],"wp:attachment":[{"href":"https:\/\/www.camping-les-genets.fr\/de\/wp-json\/wp\/v2\/media?parent=5159"}],"wp:term":[{"taxonomy":"sujet","embeddable":true,"href":"https:\/\/www.camping-les-genets.fr\/de\/wp-json\/wp\/v2\/sujet?post=5159"}],"curies":[{"name":"wp","href":"https:\/\/api.w.org\/{rel}","templated":true}]}}