{"id":5123,"date":"2023-09-11T11:09:14","date_gmt":"2023-09-11T09:09:14","guid":{"rendered":"https:\/\/www.camping-les-genets.fr\/fischen-in-aveyron\/"},"modified":"2023-12-01T16:57:24","modified_gmt":"2023-12-01T15:57:24","slug":"fischen-in-aveyron","status":"publish","type":"page","link":"https:\/\/www.camping-les-genets.fr\/de\/fischen-in-aveyron\/","title":{"rendered":"Angeln in Aveyron"},"content":{"rendered":"<section id=\"ls-section-block_0691560850ad5b17dfdc4598e0a3977e\" class=\"ls-section  page-chapeau has-p-b p-b-0\" >\r\n        <div class=\"container \">\r\n        \n\n<h1 class=\"ls__heading wp-block-heading has-text-align-center animated fadeInLeft delay-100ms slow\"><strong>Angeln<\/strong> in Aveyron<\/h1>\n\n\n\n<p class=\"ls-paragraph has-text-align-center\">Auf dem <a href=\"https:\/\/www.camping-les-genets.fr\/de\/\">Campingplatz Les Gen\u00eats am Ufer des Lac de Pareloup<\/a> haben Sie besonders gute Voraussetzungen f\u00fcr das Angeln in<strong> ruhigen Gew\u00e4ssern<\/strong>: Der <a href=\"https:\/\/www.camping-les-genets.fr\/de\/pareloup-see\/\">Lac de Pareloup<\/a> hat in dieser Hinsicht einen hervorragenden Ruf!<\/p>\n\n\r\n    <\/div>\r\n<\/section>\n\n<section id=\"ls-section-block_050ed9d0aeb5ba0456d93032501e5de5\" class=\"ls-section  page-one has-p-b p-b-14\" >\r\n        <div class=\"container container--full\">\r\n        \n\n<div class=\"wp-block-columns is-layout-flex wp-container-core-columns-is-layout-9d6595d7 wp-block-columns-is-layout-flex\">\n<div class=\"wp-block-column first is-layout-flow wp-block-column-is-layout-flow\" style=\"flex-basis:66.66%\">\n<figure class=\"wp-block-image size-full\"><img decoding=\"async\" width=\"8256\" height=\"5504\" src=\"https:\/\/www.camping-les-genets.fr\/wp-content\/uploads\/2023\/09\/Peche-au-lac-de-pareloup-en-Aveyron.webp\" alt=\"Angeln am See von Pareloup in Aveyron\" class=\"wp-image-1645\" srcset=\"https:\/\/www.camping-les-genets.fr\/wp-content\/uploads\/2023\/09\/Peche-au-lac-de-pareloup-en-Aveyron.webp 8256w, https:\/\/www.camping-les-genets.fr\/wp-content\/uploads\/2023\/09\/Peche-au-lac-de-pareloup-en-Aveyron-300x200.webp 300w, https:\/\/www.camping-les-genets.fr\/wp-content\/uploads\/2023\/09\/Peche-au-lac-de-pareloup-en-Aveyron-1024x683.webp 1024w, https:\/\/www.camping-les-genets.fr\/wp-content\/uploads\/2023\/09\/Peche-au-lac-de-pareloup-en-Aveyron-768x512.webp 768w, https:\/\/www.camping-les-genets.fr\/wp-content\/uploads\/2023\/09\/Peche-au-lac-de-pareloup-en-Aveyron-1536x1024.webp 1536w\" sizes=\"(max-width: 8256px) 100vw, 8256px\" \/><\/figure>\n<\/div>\n\n\n\n<div class=\"wp-block-column is-vertically-aligned-center second has-color-white-background-color has-background is-layout-flow wp-block-column-is-layout-flow\" style=\"flex-basis:33.33%\">\n<h2 class=\"ls__heading wp-block-heading\">Der <strong>Pareloup-See<\/strong> und seine Fangrekorde<\/h2>\n\n\n\n<p class=\"ls-paragraph\">Seine fischreichen Gew\u00e4sser sind daf\u00fcr bekannt, dass sie mehrere <strong>Fangrekorde<\/strong> halten, darunter den <strong>Rekord<\/strong> f\u00fcr den gr\u00f6\u00dften Hecht, der von den Seglern des <strong>Angelcamps<\/strong> unerreicht bleibt.<\/p>\n\n\n\n<p class=\"ls-paragraph\">Von den Stegen aus oder vom Boot aus, um nach Tiefe zu suchen, kann <strong>Aveyron-Angeln<\/strong> auf dem gesamten See ausge\u00fcbt werden. <strong> Karpfenangler<\/strong> sch\u00e4tzen den Lac de Pareloup wegen seiner Karpfenschw\u00e4rme, die man nachts angeln kann. Das Durchschnittsgewicht der gefangenen Karpfen liegt bei 7 kg, aber Exemplare von 25 kg werden regelm\u00e4\u00dfig gekreuzt.<br>Der See ist au\u00dferdem reich an Brassen und Rotaugen. Es sind jedoch die Raubfische, die die Angler am h\u00e4ufigsten nach Pareloup locken. Mit seinen <strong>Rekordf\u00e4ngen an Hechten und Zandern<\/strong> weckt er bei passionierten Anglern gro\u00dfe Erwartungen. Auch Signalkrebse sind in den Gew\u00e4ssern des Sees reichlich vorhanden.<\/p>\n<\/div>\n<\/div>\n\n\r\n    <\/div>\r\n<\/section>\n\n<section id=\"ls-section-block_05ca8bd575f14d584b6cb8797da181e3\" class=\"ls-section  page-two background-blu-right has-p-t p-t-14\" >\r\n        <div class=\"container container--wide\">\r\n        \n\n<div class=\"wp-block-columns is-layout-flex wp-container-core-columns-is-layout-9d6595d7 wp-block-columns-is-layout-flex\">\n<div class=\"wp-block-column is-vertically-aligned-top first is-layout-flow wp-block-column-is-layout-flow\" style=\"flex-basis:33.33%\">\n<h2 class=\"ls__heading wp-block-heading\">Verbinden Sie <strong>Camping und Angeln<\/strong> im Aveyron!<\/h2>\n\n\n\n<p class=\"ls-paragraph\">Lust auf einen <strong>Camping- und Angelurlaub<\/strong> im Aveyron? Ganz in der N\u00e4he des Campingplatzes Les Gen\u00eats bietet ein \u00f6rtlicher F\u00fchrer Anf\u00e4ngern und Kindern Kurse und Einf\u00fchrungsveranstaltungen zu den verschiedenen Angeltechniken an, die auf dem See praktiziert werden k\u00f6nnen.<\/p>\n\n\n\n<p class=\"ls-paragraph\">Wenn Sie die Disziplin kennenlernen m\u00f6chten und keinen Jahresfischereischein besitzen, k\u00f6nnen Sie einfach eine Angelkarte f\u00fcr einen Tag oder eine Woche erwerben. Ein Gesch\u00e4ft f\u00fcr Angelzubeh\u00f6r gibt es in Salles-Curan, in der Stadt des Campingplatzes.<\/p>\n<\/div>\n\n\n\n<div class=\"wp-block-column second is-layout-flow wp-block-column-is-layout-flow\" style=\"flex-basis:66.66%\">\n<figure class=\"wp-block-image size-full image\"><img decoding=\"async\" width=\"2560\" height=\"1707\" src=\"https:\/\/www.camping-les-genets.fr\/wp-content\/uploads\/2023\/09\/Peche-au-camping-les-Genets-scaled.webp\" alt=\"Angeln auf dem Campingplatz Les Genets\" class=\"wp-image-1654\" srcset=\"https:\/\/www.camping-les-genets.fr\/wp-content\/uploads\/2023\/09\/Peche-au-camping-les-Genets-scaled.webp 2560w, https:\/\/www.camping-les-genets.fr\/wp-content\/uploads\/2023\/09\/Peche-au-camping-les-Genets-300x200.webp 300w, https:\/\/www.camping-les-genets.fr\/wp-content\/uploads\/2023\/09\/Peche-au-camping-les-Genets-1024x683.webp 1024w, https:\/\/www.camping-les-genets.fr\/wp-content\/uploads\/2023\/09\/Peche-au-camping-les-Genets-768x512.webp 768w, https:\/\/www.camping-les-genets.fr\/wp-content\/uploads\/2023\/09\/Peche-au-camping-les-Genets-1536x1024.webp 1536w, https:\/\/www.camping-les-genets.fr\/wp-content\/uploads\/2023\/09\/Peche-au-camping-les-Genets-2048x1365.webp 2048w\" sizes=\"(max-width: 2560px) 100vw, 2560px\" \/><\/figure>\n<\/div>\n<\/div>\n\n\r\n    <\/div>\r\n<\/section>\n\n<section id=\"ls-section-block_ad6d7abe9aa78374b82c76e7a51cf455\" class=\"ls-section  page-maillage has-p-t p-t-14 has-p-b p-b-14\" >\r\n        <div class=\"container container--wide\">\r\n        \n\n<div id=\"ls-heading ls-titre-div-block_2cb1aed84fdac3f98a4b398e42a2deb6\" class=\"ls-titre-div aligncenter h2-like has-m-b m-b-8\" >\n    Entdecken Sie den See von Pareloup, Kanufahrten im Aveyron und das Dorf Saint C\u00f4me d&#8217;Olt!<\/div>\n\n\n<div id=\"ls-maillage-block_8ddc9c5afb9f902c9bb2037a5afb012b\" class=\"ls-maillage slow animated fadeInUp delay-100ms cta-style-normal\" data-rows=\"3\">\r\n    <div class=\"wp-block-columns\"><div class=\"wp-block-column\">\n\n<a href=\"https:\/\/www.camping-les-genets.fr\/de\/canoe-aveyron\/\" target=\"\" rel=\"noopener\" class=\"ls-cta__link\">\n\n\t<div class=\"ls-cta__image\"><img decoding=\"async\" src=\"https:\/\/www.camping-les-genets.fr\/wp-content\/uploads\/2024\/02\/Canoe-Aveyron-scaled-1-768x512.webp\" alt=\"\"><\/div>\n\t<div class=\"ls-cta__title\">\n\t\tKanu in Aveyron\t<\/div>\n\n\t\t\n<\/a><\/div><div class=\"wp-block-column\">\n\n<a href=\"https:\/\/www.camping-les-genets.fr\/de\/pareloup-see\/\" target=\"\" rel=\"noopener\" class=\"ls-cta__link\">\n\n\t<div class=\"ls-cta__image\"><img decoding=\"async\" src=\"https:\/\/www.camping-les-genets.fr\/wp-content\/uploads\/2023\/09\/Lac-de-Pareloup-proche-du-camping-les-genets-768x1011.webp\" alt=\"Aubrac-See in der N\u00e4he des Campingplatzes les gen\u00eats\"><\/div>\n\t<div class=\"ls-cta__title\">\n\t\tPareloup-See\t<\/div>\n\n\t\t\n<\/a><\/div><div class=\"wp-block-column\">\n\n<a href=\"https:\/\/www.camping-les-genets.fr\/de\/tourisme-saint-come-d-olt\/\" target=\"\" rel=\"noopener\" class=\"ls-cta__link\">\n\n\t<div class=\"ls-cta__image\"><img decoding=\"async\" src=\"https:\/\/www.camping-les-genets.fr\/wp-content\/uploads\/2023\/09\/eglise-de-Saint-Come-dOlt-768x1152.webp\" alt=\"Kirche von Saint C\u00f4me d'Olt\"><\/div>\n\t<div class=\"ls-cta__title\">\n\t\tSaint-C\u00f4me-d&#8217;Olt\t<\/div>\n\n\t\t\n<\/a><\/div><\/div><\/div>\n\r\n    <\/div>\r\n<\/section>","protected":false},"excerpt":{"rendered":"","protected":false},"author":1,"featured_media":1661,"parent":0,"menu_order":0,"comment_status":"closed","ping_status":"closed","template":"","meta":{"_acf_changed":false,"inline_featured_image":false,"footnotes":""},"sujet":[],"class_list":["post-5123","page","type-page","status-publish","has-post-thumbnail","hentry"],"acf":[],"yoast_head":"<!-- This site is optimized with the Yoast SEO plugin v27.3 - https:\/\/yoast.com\/product\/yoast-seo-wordpress\/ -->\n<title>Angelcampingplatz Aveyron : Aufenthalt und Angelf\u00fchrer am See von Pareloup<\/title>\n<meta name=\"description\" content=\"Lust auf einen Angelurlaub im Aveyron? Willkommen auf dem Angelcampingplatz Les gen\u00eats am See von Pareloup, Angelf\u00fchrer warten in der N\u00e4he auf Sie!\" \/>\n<meta name=\"robots\" content=\"index, follow, max-snippet:-1, max-image-preview:large, max-video-preview:-1\" \/>\n<link rel=\"canonical\" href=\"https:\/\/www.camping-les-genets.fr\/de\/fischen-in-aveyron\/\" \/>\n<meta property=\"og:locale\" content=\"de_DE\" \/>\n<meta property=\"og:type\" content=\"article\" \/>\n<meta property=\"og:title\" content=\"Angelcampingplatz Aveyron : Aufenthalt und Angelf\u00fchrer am See von Pareloup\" \/>\n<meta property=\"og:description\" content=\"Lust auf einen Angelurlaub im Aveyron? Willkommen auf dem Angelcampingplatz Les gen\u00eats am See von Pareloup, Angelf\u00fchrer warten in der N\u00e4he auf Sie!\" \/>\n<meta property=\"og:url\" content=\"https:\/\/www.camping-les-genets.fr\/de\/fischen-in-aveyron\/\" \/>\n<meta property=\"og:site_name\" content=\"Camping les Genets\" \/>\n<meta property=\"article:modified_time\" content=\"2023-12-01T15:57:24+00:00\" \/>\n<meta property=\"og:image\" content=\"https:\/\/www.camping-les-genets.fr\/wp-content\/uploads\/2023\/09\/Activite-peche-au-lac-de-pareloup-en-Aveyron.webp\" \/>\n\t<meta property=\"og:image:width\" content=\"8256\" \/>\n\t<meta property=\"og:image:height\" content=\"5504\" \/>\n\t<meta property=\"og:image:type\" content=\"image\/webp\" \/>\n<meta name=\"twitter:card\" content=\"summary_large_image\" \/>\n<meta name=\"twitter:label1\" content=\"Gesch\u00e4tzte Lesezeit\" \/>\n\t<meta name=\"twitter:data1\" content=\"2\u00a0Minuten\" \/>\n<script type=\"application\/ld+json\" class=\"yoast-schema-graph\">{\"@context\":\"https:\\\/\\\/schema.org\",\"@graph\":[{\"@type\":\"WebPage\",\"@id\":\"https:\\\/\\\/www.camping-les-genets.fr\\\/de\\\/fischen-in-aveyron\\\/\",\"url\":\"https:\\\/\\\/www.camping-les-genets.fr\\\/de\\\/fischen-in-aveyron\\\/\",\"name\":\"Angelcampingplatz Aveyron : Aufenthalt und Angelf\u00fchrer am See von Pareloup\",\"isPartOf\":{\"@id\":\"https:\\\/\\\/www.camping-les-genets.fr\\\/de\\\/#website\"},\"primaryImageOfPage\":{\"@id\":\"https:\\\/\\\/www.camping-les-genets.fr\\\/de\\\/fischen-in-aveyron\\\/#primaryimage\"},\"image\":{\"@id\":\"https:\\\/\\\/www.camping-les-genets.fr\\\/de\\\/fischen-in-aveyron\\\/#primaryimage\"},\"thumbnailUrl\":\"https:\\\/\\\/www.camping-les-genets.fr\\\/wp-content\\\/uploads\\\/2023\\\/09\\\/Activite-peche-au-lac-de-pareloup-en-Aveyron.webp\",\"datePublished\":\"2023-09-11T09:09:14+00:00\",\"dateModified\":\"2023-12-01T15:57:24+00:00\",\"description\":\"Lust auf einen Angelurlaub im Aveyron? Willkommen auf dem Angelcampingplatz Les gen\u00eats am See von Pareloup, Angelf\u00fchrer warten in der N\u00e4he auf Sie!\",\"breadcrumb\":{\"@id\":\"https:\\\/\\\/www.camping-les-genets.fr\\\/de\\\/fischen-in-aveyron\\\/#breadcrumb\"},\"inLanguage\":\"de\",\"potentialAction\":[{\"@type\":\"ReadAction\",\"target\":[\"https:\\\/\\\/www.camping-les-genets.fr\\\/de\\\/fischen-in-aveyron\\\/\"]}]},{\"@type\":\"ImageObject\",\"inLanguage\":\"de\",\"@id\":\"https:\\\/\\\/www.camping-les-genets.fr\\\/de\\\/fischen-in-aveyron\\\/#primaryimage\",\"url\":\"https:\\\/\\\/www.camping-les-genets.fr\\\/wp-content\\\/uploads\\\/2023\\\/09\\\/Activite-peche-au-lac-de-pareloup-en-Aveyron.webp\",\"contentUrl\":\"https:\\\/\\\/www.camping-les-genets.fr\\\/wp-content\\\/uploads\\\/2023\\\/09\\\/Activite-peche-au-lac-de-pareloup-en-Aveyron.webp\",\"width\":8256,\"height\":5504,\"caption\":\"Angeln am See von Pareloup in Aveyron\"},{\"@type\":\"BreadcrumbList\",\"@id\":\"https:\\\/\\\/www.camping-les-genets.fr\\\/de\\\/fischen-in-aveyron\\\/#breadcrumb\",\"itemListElement\":[{\"@type\":\"ListItem\",\"position\":1,\"name\":\"Camping Aveyron\",\"item\":\"https:\\\/\\\/www.camping-les-genets.fr\\\/de\\\/\"},{\"@type\":\"ListItem\",\"position\":2,\"name\":\"Angeln in Aveyron\"}]},{\"@type\":\"WebSite\",\"@id\":\"https:\\\/\\\/www.camping-les-genets.fr\\\/de\\\/#website\",\"url\":\"https:\\\/\\\/www.camping-les-genets.fr\\\/de\\\/\",\"name\":\"Camping les Genets\",\"description\":\"\",\"publisher\":{\"@id\":\"https:\\\/\\\/www.camping-les-genets.fr\\\/de\\\/#organization\"},\"potentialAction\":[{\"@type\":\"SearchAction\",\"target\":{\"@type\":\"EntryPoint\",\"urlTemplate\":\"https:\\\/\\\/www.camping-les-genets.fr\\\/de\\\/?s={search_term_string}\"},\"query-input\":{\"@type\":\"PropertyValueSpecification\",\"valueRequired\":true,\"valueName\":\"search_term_string\"}}],\"inLanguage\":\"de\"},{\"@type\":\"Organization\",\"@id\":\"https:\\\/\\\/www.camping-les-genets.fr\\\/de\\\/#organization\",\"name\":\"Camping les Genets\",\"url\":\"https:\\\/\\\/www.camping-les-genets.fr\\\/de\\\/\",\"logo\":{\"@type\":\"ImageObject\",\"inLanguage\":\"de\",\"@id\":\"https:\\\/\\\/www.camping-les-genets.fr\\\/de\\\/#\\\/schema\\\/logo\\\/image\\\/\",\"url\":\"https:\\\/\\\/www.camping-les-genets.fr\\\/wp-content\\\/uploads\\\/2023\\\/07\\\/cropped-logo-camping-genets-footer.png\",\"contentUrl\":\"https:\\\/\\\/www.camping-les-genets.fr\\\/wp-content\\\/uploads\\\/2023\\\/07\\\/cropped-logo-camping-genets-footer.png\",\"width\":500,\"height\":295,\"caption\":\"Camping les Genets\"},\"image\":{\"@id\":\"https:\\\/\\\/www.camping-les-genets.fr\\\/de\\\/#\\\/schema\\\/logo\\\/image\\\/\"}}]}<\/script>\n<!-- \/ Yoast SEO plugin. -->","yoast_head_json":{"title":"Angelcampingplatz Aveyron : Aufenthalt und Angelf\u00fchrer am See von Pareloup","description":"Lust auf einen Angelurlaub im Aveyron? Willkommen auf dem Angelcampingplatz Les gen\u00eats am See von Pareloup, Angelf\u00fchrer warten in der N\u00e4he auf Sie!","robots":{"index":"index","follow":"follow","max-snippet":"max-snippet:-1","max-image-preview":"max-image-preview:large","max-video-preview":"max-video-preview:-1"},"canonical":"https:\/\/www.camping-les-genets.fr\/de\/fischen-in-aveyron\/","og_locale":"de_DE","og_type":"article","og_title":"Angelcampingplatz Aveyron : Aufenthalt und Angelf\u00fchrer am See von Pareloup","og_description":"Lust auf einen Angelurlaub im Aveyron? Willkommen auf dem Angelcampingplatz Les gen\u00eats am See von Pareloup, Angelf\u00fchrer warten in der N\u00e4he auf Sie!","og_url":"https:\/\/www.camping-les-genets.fr\/de\/fischen-in-aveyron\/","og_site_name":"Camping les Genets","article_modified_time":"2023-12-01T15:57:24+00:00","og_image":[{"width":8256,"height":5504,"url":"https:\/\/www.camping-les-genets.fr\/wp-content\/uploads\/2023\/09\/Activite-peche-au-lac-de-pareloup-en-Aveyron.webp","type":"image\/webp"}],"twitter_card":"summary_large_image","twitter_misc":{"Gesch\u00e4tzte Lesezeit":"2\u00a0Minuten"},"schema":{"@context":"https:\/\/schema.org","@graph":[{"@type":"WebPage","@id":"https:\/\/www.camping-les-genets.fr\/de\/fischen-in-aveyron\/","url":"https:\/\/www.camping-les-genets.fr\/de\/fischen-in-aveyron\/","name":"Angelcampingplatz Aveyron : Aufenthalt und Angelf\u00fchrer am See von Pareloup","isPartOf":{"@id":"https:\/\/www.camping-les-genets.fr\/de\/#website"},"primaryImageOfPage":{"@id":"https:\/\/www.camping-les-genets.fr\/de\/fischen-in-aveyron\/#primaryimage"},"image":{"@id":"https:\/\/www.camping-les-genets.fr\/de\/fischen-in-aveyron\/#primaryimage"},"thumbnailUrl":"https:\/\/www.camping-les-genets.fr\/wp-content\/uploads\/2023\/09\/Activite-peche-au-lac-de-pareloup-en-Aveyron.webp","datePublished":"2023-09-11T09:09:14+00:00","dateModified":"2023-12-01T15:57:24+00:00","description":"Lust auf einen Angelurlaub im Aveyron? Willkommen auf dem Angelcampingplatz Les gen\u00eats am See von Pareloup, Angelf\u00fchrer warten in der N\u00e4he auf Sie!","breadcrumb":{"@id":"https:\/\/www.camping-les-genets.fr\/de\/fischen-in-aveyron\/#breadcrumb"},"inLanguage":"de","potentialAction":[{"@type":"ReadAction","target":["https:\/\/www.camping-les-genets.fr\/de\/fischen-in-aveyron\/"]}]},{"@type":"ImageObject","inLanguage":"de","@id":"https:\/\/www.camping-les-genets.fr\/de\/fischen-in-aveyron\/#primaryimage","url":"https:\/\/www.camping-les-genets.fr\/wp-content\/uploads\/2023\/09\/Activite-peche-au-lac-de-pareloup-en-Aveyron.webp","contentUrl":"https:\/\/www.camping-les-genets.fr\/wp-content\/uploads\/2023\/09\/Activite-peche-au-lac-de-pareloup-en-Aveyron.webp","width":8256,"height":5504,"caption":"Angeln am See von Pareloup in Aveyron"},{"@type":"BreadcrumbList","@id":"https:\/\/www.camping-les-genets.fr\/de\/fischen-in-aveyron\/#breadcrumb","itemListElement":[{"@type":"ListItem","position":1,"name":"Camping Aveyron","item":"https:\/\/www.camping-les-genets.fr\/de\/"},{"@type":"ListItem","position":2,"name":"Angeln in Aveyron"}]},{"@type":"WebSite","@id":"https:\/\/www.camping-les-genets.fr\/de\/#website","url":"https:\/\/www.camping-les-genets.fr\/de\/","name":"Camping les Genets","description":"","publisher":{"@id":"https:\/\/www.camping-les-genets.fr\/de\/#organization"},"potentialAction":[{"@type":"SearchAction","target":{"@type":"EntryPoint","urlTemplate":"https:\/\/www.camping-les-genets.fr\/de\/?s={search_term_string}"},"query-input":{"@type":"PropertyValueSpecification","valueRequired":true,"valueName":"search_term_string"}}],"inLanguage":"de"},{"@type":"Organization","@id":"https:\/\/www.camping-les-genets.fr\/de\/#organization","name":"Camping les Genets","url":"https:\/\/www.camping-les-genets.fr\/de\/","logo":{"@type":"ImageObject","inLanguage":"de","@id":"https:\/\/www.camping-les-genets.fr\/de\/#\/schema\/logo\/image\/","url":"https:\/\/www.camping-les-genets.fr\/wp-content\/uploads\/2023\/07\/cropped-logo-camping-genets-footer.png","contentUrl":"https:\/\/www.camping-les-genets.fr\/wp-content\/uploads\/2023\/07\/cropped-logo-camping-genets-footer.png","width":500,"height":295,"caption":"Camping les Genets"},"image":{"@id":"https:\/\/www.camping-les-genets.fr\/de\/#\/schema\/logo\/image\/"}}]}},"_links":{"self":[{"href":"https:\/\/www.camping-les-genets.fr\/de\/wp-json\/wp\/v2\/pages\/5123","targetHints":{"allow":["GET"]}}],"collection":[{"href":"https:\/\/www.camping-les-genets.fr\/de\/wp-json\/wp\/v2\/pages"}],"about":[{"href":"https:\/\/www.camping-les-genets.fr\/de\/wp-json\/wp\/v2\/types\/page"}],"author":[{"embeddable":true,"href":"https:\/\/www.camping-les-genets.fr\/de\/wp-json\/wp\/v2\/users\/1"}],"replies":[{"embeddable":true,"href":"https:\/\/www.camping-les-genets.fr\/de\/wp-json\/wp\/v2\/comments?post=5123"}],"version-history":[{"count":6,"href":"https:\/\/www.camping-les-genets.fr\/de\/wp-json\/wp\/v2\/pages\/5123\/revisions"}],"predecessor-version":[{"id":5704,"href":"https:\/\/www.camping-les-genets.fr\/de\/wp-json\/wp\/v2\/pages\/5123\/revisions\/5704"}],"wp:featuredmedia":[{"embeddable":true,"href":"https:\/\/www.camping-les-genets.fr\/de\/wp-json\/wp\/v2\/media\/1661"}],"wp:attachment":[{"href":"https:\/\/www.camping-les-genets.fr\/de\/wp-json\/wp\/v2\/media?parent=5123"}],"wp:term":[{"taxonomy":"sujet","embeddable":true,"href":"https:\/\/www.camping-les-genets.fr\/de\/wp-json\/wp\/v2\/sujet?post=5123"}],"curies":[{"name":"wp","href":"https:\/\/api.w.org\/{rel}","templated":true}]}}