{"id":5063,"date":"2023-09-11T16:11:09","date_gmt":"2023-09-11T14:11:09","guid":{"rendered":"https:\/\/www.camping-les-genets.fr\/la-couvertoirade\/"},"modified":"2025-10-17T11:21:57","modified_gmt":"2025-10-17T09:21:57","slug":"la-couvertoirade","status":"publish","type":"page","link":"https:\/\/www.camping-les-genets.fr\/de\/la-couvertoirade\/","title":{"rendered":"Das Gedeckoirade"},"content":{"rendered":"<section id=\"ls-section-block_b4c9f9fedbbca252ad14479a3c4cc9db\" class=\"ls-section  page-chapeau has-p-b p-b-0\" >\r\n        <div class=\"container \">\r\n        \n\n<h1 class=\"ls__heading wp-block-heading has-text-align-center animated fadeInLeft delay-100ms slow\"><strong>Das Gedeckoirade<\/strong><\/h1>\n\n\r\n    <\/div>\r\n<\/section><section id=\"ls-section-block_5578d0d97e4dd31644a3f2832b0e9f2d\" class=\"ls-section  page-one has-p-b p-b-14\" >\r\n        <div class=\"container container--full\">\r\n        \n\n<div class=\"wp-block-columns is-layout-flex wp-container-core-columns-is-layout-9d6595d7 wp-block-columns-is-layout-flex\">\n<div class=\"wp-block-column first is-layout-flow wp-block-column-is-layout-flow\" style=\"flex-basis:66.66%\">\n<figure class=\"wp-block-image size-full\"><img decoding=\"async\" width=\"2560\" height=\"1920\" src=\"https:\/\/www.camping-les-genets.fr\/wp-content\/uploads\/2023\/09\/Le-village-de-La-Couvertoirade-en-Frnace.webp\" alt=\"La Couvertoirade in Frankreich\" class=\"wp-image-1818\" srcset=\"https:\/\/www.camping-les-genets.fr\/wp-content\/uploads\/2023\/09\/Le-village-de-La-Couvertoirade-en-Frnace.webp 2560w, https:\/\/www.camping-les-genets.fr\/wp-content\/uploads\/2023\/09\/Le-village-de-La-Couvertoirade-en-Frnace-300x225.webp 300w, https:\/\/www.camping-les-genets.fr\/wp-content\/uploads\/2023\/09\/Le-village-de-La-Couvertoirade-en-Frnace-1024x768.webp 1024w, https:\/\/www.camping-les-genets.fr\/wp-content\/uploads\/2023\/09\/Le-village-de-La-Couvertoirade-en-Frnace-768x576.webp 768w, https:\/\/www.camping-les-genets.fr\/wp-content\/uploads\/2023\/09\/Le-village-de-La-Couvertoirade-en-Frnace-1536x1152.webp 1536w, https:\/\/www.camping-les-genets.fr\/wp-content\/uploads\/2023\/09\/Le-village-de-La-Couvertoirade-en-Frnace-2048x1536.webp 2048w\" sizes=\"(max-width: 2560px) 100vw, 2560px\" \/><\/figure>\n<\/div>\n\n\n\n<div class=\"wp-block-column is-vertically-aligned-center second has-color-white-background-color has-background is-layout-flow wp-block-column-is-layout-flow\" style=\"flex-basis:33.33%\">\n<h2 class=\"ls__heading wp-block-heading\"><strong>Urlaub<\/strong> in La Couvertoirade<\/h2>\n\n\n\n<p class=\"ls-paragraph\"><a href=\"https:\/\/lacouvertoirade.com\/\" target=\"_blank\" rel=\"noreferrer noopener\">La Couvertoirade<\/a> ist eine <strong>mittelalterliche Insel<\/strong> mit vielen Gesch\u00e4ften, Kunsthandwerksl\u00e4den und Restaurants, die Sie w\u00e4hrend Ihres Aufenthalts auf unserem <a href=\"\/\">5-Sterne-Campingplatz im Aveyron<\/a> entdecken k\u00f6nnen. <br\/><br\/>Die <strong>befestigte Stadt<\/strong> kann frei besichtigt werden, indem Sie durch die gepflasterten Gassen schlendern, oder Sie k\u00f6nnen an einer <strong>spannenden<\/strong> <strong>F\u00fchrung<\/strong> teilnehmen.<\/p>\n\n\n\n<p class=\"ls-paragraph addReadMore showlesscontent\">Dort k\u00f6nnen Sie die Geschichte dieses Dorfes kennenlernen, das nacheinander von den Orden der Templer und der Hospitaliers erbaut wurde.<br\/><br\/>La Couvertoirade ist ein <strong>sehr<\/strong> <strong>lebendiges<\/strong> <strong>St\u00e4dtchen<\/strong>, vor allem im Sommer: Wenn Sie sich in dieser Zeit dort aufhalten, k\u00f6nnen Sie Nachtm\u00e4rkte besuchen, Fou\u00e9es aus dem Banal-Ofen probieren und mittelalterliche Feste genie\u00dfen.<br\/><br\/>Im Juli finden hier jeden Tag <strong>Falknereivorf\u00fchrungen<\/strong> statt. Der Bannofen wird zum Leben erweckt und in den Stra\u00dfen der Stadt finden verschiedene <strong>Workshops<\/strong> statt: Bogenschie\u00dfen, Schmiedevorf\u00fchrungen, Riesenspiele, Schatzsuchen oder auch n\u00e4chtliche F\u00fchrungen werden angeboten.<\/p>\n<\/div>\n<\/div>\n\n\r\n    <\/div>\r\n<\/section><section id=\"ls-section-block_af32c5075ab493958082235a3f9d556b\" class=\"ls-section \" >\r\n        <div class=\"container container--wide\">\r\n        \n\n<div class=\"wp-block-columns are-vertically-aligned-top is-layout-flex wp-container-core-columns-is-layout-9d6595d7 wp-block-columns-is-layout-flex\">\n<div class=\"wp-block-column is-vertically-aligned-top first is-layout-flow wp-block-column-is-layout-flow\">\n<h2 class=\"ls__heading wp-block-heading\">Route <strong>Campingplatz La Couvertoirade<\/strong><\/h2>\n\n\n\n<p class=\"ls-paragraph\">Vom <a href=\"https:\/\/www.camping-les-genets.fr\/de\/\">Campingplatz Les Gen\u00eats am Lac de Pareloup<\/a> aus gibt es zwei Wege nach La Couvertoirade.<\/p>\n\n\n\n<p class=\"ls-paragraph\">In beiden F\u00e4llen ben\u00f6tigen Sie mit dem Auto etwa 1 Stunde und 15 Minuten, um Ihr Ziel zu erreichen.  <\/p>\n\n\n\n<p class=\"ls-paragraph\">Wenn Sie die Hauptverkehrsstra\u00dfen bevorzugen, nehmen Sie die D993 in Salles-Curan und fahren \u00fcber Saint-Beauz\u00e9ly auf die Autobahn A75. Fahren Sie in Richtung Montpellier und fahren Sie bis zur Ausfahrt 48. Fahren Sie weiter auf der D7 Richtung Saucli\u00e8res, dann auf der D55 bis La Couvertoirade.<br\/><br\/>Auf dem R\u00fcckweg k\u00f6nnen Sie durch das Landesinnere zur\u00fcckfahren und in mehreren malerischen D\u00f6rfern Halt machen, um das lokale Kulturerbe zu entdecken, bevor Sie den Campingplatz erreichen: Saint-Rome-de-Cernon, Saint-Rome-de-Tarn, Montjaux&#8230;<\/p>\n<\/div>\n\n\n\n<div class=\"wp-block-column is-vertically-aligned-top second is-layout-flow wp-block-column-is-layout-flow\" style=\"flex-basis:800px\">\n<iframe src=\"https:\/\/www.google.com\/maps\/embed?pb=!1m28!1m12!1m3!1d183465.55254285675!2d2.877250574990945!3d44.06995074109976!2m3!1f0!2f0!3f0!3m2!1i1024!2i768!4f13.1!4m13!3e0!4m5!1s0x12b2683ba8eaa029%3A0x9e3dc1bbe65d1b4b!2sCamping%20les%20Gen%C3%AAts%20%7C%20Camping%20Aveyron%2C%20Lac%20de%20Pareloup%2C%20Salles-Curan!3m2!1d44.1894481!2d2.7667329!4m5!1s0x12b3c4eafa51ca03%3A0xc5021b4cd2b2fa1a!2sLa%20Couvertoirade!3m2!1d43.912943!2d3.31661!5e0!3m2!1sfr!2sfr!4v1694530087712!5m2!1sfr!2sfr\" width=\"800\" height=\"600\" style=\"border:0;\" allowfullscreen=\"\" loading=\"lazy\" referrerpolicy=\"no-referrer-when-downgrade\"><\/iframe>\n<\/div>\n<\/div>\n\n\r\n    <\/div>\r\n<\/section><section id=\"ls-section-block_a32e8f49047462f1e91c49191a84b4e1\" class=\"ls-section  page-maillage has-p-t p-t-14 has-p-b p-b-14\" >\r\n        <div class=\"container container--wide\">\r\n        \n\n<div id=\"ls-heading ls-titre-div-block_0a4e300fa85b4a75945b25ca350fb5b1\" class=\"ls-titre-div aligncenter h2-like has-m-b m-b-8\" >\n    Entdecken Sie das Angeln im Aveyron, den See von Pareloup und Brousse le Ch\u00e2teau!<\/div>\n\n\n<div id=\"ls-maillage-block_d4de8d6eb5e9a31157663bd24b927268\" class=\"ls-maillage slow animated fadeInUp delay-100ms cta-style-normal\" data-rows=\"3\">\r\n    <div class=\"wp-block-columns\"><div class=\"wp-block-column\">\n\n<a href=\"https:\/\/www.camping-les-genets.fr\/de\/brousse-le-chateau\/\" target=\"\" rel=\"noopener\" class=\"ls-cta__link\">\n\n\t<div class=\"ls-cta__image\"><img decoding=\"async\" src=\"https:\/\/www.camping-les-genets.fr\/wp-content\/uploads\/2023\/09\/Chateau-en-Aveyron-768x511.webp\" alt=\"Schloss in Aveyron\"><\/div>\n\t<div class=\"ls-cta__title\">\n\t\tBrousse le Ch\u00e2teau\t<\/div>\n\n\t\t\n<\/a><\/div><div class=\"wp-block-column\">\n\n<a href=\"https:\/\/www.camping-les-genets.fr\/de\/pareloup-see\/\" target=\"\" rel=\"noopener\" class=\"ls-cta__link\">\n\n\t<div class=\"ls-cta__image\"><img decoding=\"async\" src=\"https:\/\/www.camping-les-genets.fr\/wp-content\/uploads\/2023\/09\/Lac-de-Pareloup-proche-du-camping-les-genets-768x1011.webp\" alt=\"Aubrac-See in der N\u00e4he des Campingplatzes les gen\u00eats\"><\/div>\n\t<div class=\"ls-cta__title\">\n\t\tPareloup-See\t<\/div>\n\n\t\t\n<\/a><\/div><div class=\"wp-block-column\">\n\n<a href=\"https:\/\/www.camping-les-genets.fr\/de\/fischen-in-aveyron\/\" target=\"\" rel=\"noopener\" class=\"ls-cta__link\">\n\n\t<div class=\"ls-cta__image\"><img decoding=\"async\" src=\"https:\/\/www.camping-les-genets.fr\/wp-content\/uploads\/2023\/09\/Activite-peche-au-camping-Les-Genets-768x535.webp\" alt=\"Angeln auf dem Campingplatz Les Genets\"><\/div>\n\t<div class=\"ls-cta__title\">\n\t\tAngeln in Aveyron\t<\/div>\n\n\t\t\n<\/a><\/div><\/div><div class=\"wp-block-columns\"><div class=\"wp-block-column\">\n\n<a href=\"https:\/\/www.camping-les-genets.fr\/de\/?page_id=8288\" target=\"\" rel=\"noopener\" class=\"ls-cta__link\">\n\n\t<div class=\"ls-cta__image\"><img decoding=\"async\" src=\"https:\/\/www.camping-les-genets.fr\/wp-content\/uploads\/2025\/03\/musee-denys-puech-a-rodez.jpg\" alt=\"Museum Denys Puech in Rodez\"><\/div>\n\t<div class=\"ls-cta__title\">\n\t\tDas Denys Puech Museum\t<\/div>\n\n\t\t\n<\/a><\/div><\/div>\n\r\n    <\/div>\r\n<\/section>","protected":false},"excerpt":{"rendered":"","protected":false},"author":1,"featured_media":6189,"parent":0,"menu_order":0,"comment_status":"closed","ping_status":"closed","template":"","meta":{"_acf_changed":false,"inline_featured_image":false,"footnotes":""},"sujet":[],"class_list":["post-5063","page","type-page","status-publish","has-post-thumbnail","hentry"],"acf":[],"yoast_head":"<!-- This site is optimized with the Yoast SEO plugin v23.4 - https:\/\/yoast.com\/wordpress\/plugins\/seo\/ -->\n<title>La Couvertoirade : Entdecken Sie La Couvertoirade<\/title>\n<meta name=\"description\" content=\"M\u00f6chten Sie La Couvertoirade w\u00e4hrend Ihres n\u00e4chsten Aufenthalts besuchen? Alles \u00fcber diese befestigte Stadt im Herzen des Aveyron.\" \/>\n<meta name=\"robots\" content=\"index, follow, max-snippet:-1, max-image-preview:large, max-video-preview:-1\" \/>\n<link rel=\"canonical\" href=\"https:\/\/www.camping-les-genets.fr\/de\/la-couvertoirade\/\" \/>\n<meta property=\"og:locale\" content=\"de_DE\" \/>\n<meta property=\"og:type\" content=\"article\" \/>\n<meta property=\"og:title\" content=\"La Couvertoirade : Entdecken Sie La Couvertoirade\" \/>\n<meta property=\"og:description\" content=\"M\u00f6chten Sie La Couvertoirade w\u00e4hrend Ihres n\u00e4chsten Aufenthalts besuchen? Alles \u00fcber diese befestigte Stadt im Herzen des Aveyron.\" \/>\n<meta property=\"og:url\" content=\"https:\/\/www.camping-les-genets.fr\/de\/la-couvertoirade\/\" \/>\n<meta property=\"og:site_name\" content=\"Camping les Genets\" \/>\n<meta property=\"article:modified_time\" content=\"2025-10-17T09:21:57+00:00\" \/>\n<meta property=\"og:image\" content=\"https:\/\/www.camping-les-genets.fr\/wp-content\/uploads\/2024\/02\/villagecouvertoirade.webp\" \/>\n\t<meta property=\"og:image:width\" content=\"1920\" \/>\n\t<meta property=\"og:image:height\" content=\"1132\" \/>\n\t<meta property=\"og:image:type\" content=\"image\/webp\" \/>\n<meta name=\"twitter:card\" content=\"summary_large_image\" \/>\n<meta name=\"twitter:label1\" content=\"Gesch\u00e4tzte Lesezeit\" \/>\n\t<meta name=\"twitter:data1\" content=\"1\u00a0Minute\" \/>\n<script type=\"application\/ld+json\" class=\"yoast-schema-graph\">{\"@context\":\"https:\/\/schema.org\",\"@graph\":[{\"@type\":\"WebPage\",\"@id\":\"https:\/\/www.camping-les-genets.fr\/de\/la-couvertoirade\/\",\"url\":\"https:\/\/www.camping-les-genets.fr\/de\/la-couvertoirade\/\",\"name\":\"La Couvertoirade : Entdecken Sie La Couvertoirade\",\"isPartOf\":{\"@id\":\"https:\/\/www.camping-les-genets.fr\/de\/#website\"},\"primaryImageOfPage\":{\"@id\":\"https:\/\/www.camping-les-genets.fr\/de\/la-couvertoirade\/#primaryimage\"},\"image\":{\"@id\":\"https:\/\/www.camping-les-genets.fr\/de\/la-couvertoirade\/#primaryimage\"},\"thumbnailUrl\":\"https:\/\/www.camping-les-genets.fr\/wp-content\/uploads\/2024\/02\/villagecouvertoirade.webp\",\"datePublished\":\"2023-09-11T14:11:09+00:00\",\"dateModified\":\"2025-10-17T09:21:57+00:00\",\"description\":\"M\u00f6chten Sie La Couvertoirade w\u00e4hrend Ihres n\u00e4chsten Aufenthalts besuchen? Alles \u00fcber diese befestigte Stadt im Herzen des Aveyron.\",\"breadcrumb\":{\"@id\":\"https:\/\/www.camping-les-genets.fr\/de\/la-couvertoirade\/#breadcrumb\"},\"inLanguage\":\"de\",\"potentialAction\":[{\"@type\":\"ReadAction\",\"target\":[\"https:\/\/www.camping-les-genets.fr\/de\/la-couvertoirade\/\"]}]},{\"@type\":\"ImageObject\",\"inLanguage\":\"de\",\"@id\":\"https:\/\/www.camping-les-genets.fr\/de\/la-couvertoirade\/#primaryimage\",\"url\":\"https:\/\/www.camping-les-genets.fr\/wp-content\/uploads\/2024\/02\/villagecouvertoirade.webp\",\"contentUrl\":\"https:\/\/www.camping-les-genets.fr\/wp-content\/uploads\/2024\/02\/villagecouvertoirade.webp\",\"width\":1920,\"height\":1132},{\"@type\":\"BreadcrumbList\",\"@id\":\"https:\/\/www.camping-les-genets.fr\/de\/la-couvertoirade\/#breadcrumb\",\"itemListElement\":[{\"@type\":\"ListItem\",\"position\":1,\"name\":\"Camping Aveyron\",\"item\":\"https:\/\/www.camping-les-genets.fr\/de\/\"},{\"@type\":\"ListItem\",\"position\":2,\"name\":\"Besuchen Sie La Couvertoirade\"}]},{\"@type\":\"WebSite\",\"@id\":\"https:\/\/www.camping-les-genets.fr\/de\/#website\",\"url\":\"https:\/\/www.camping-les-genets.fr\/de\/\",\"name\":\"Camping les Genets\",\"description\":\"\",\"publisher\":{\"@id\":\"https:\/\/www.camping-les-genets.fr\/de\/#organization\"},\"potentialAction\":[{\"@type\":\"SearchAction\",\"target\":{\"@type\":\"EntryPoint\",\"urlTemplate\":\"https:\/\/www.camping-les-genets.fr\/de\/?s={search_term_string}\"},\"query-input\":{\"@type\":\"PropertyValueSpecification\",\"valueRequired\":true,\"valueName\":\"search_term_string\"}}],\"inLanguage\":\"de\"},{\"@type\":\"Organization\",\"@id\":\"https:\/\/www.camping-les-genets.fr\/de\/#organization\",\"name\":\"Camping les Genets\",\"url\":\"https:\/\/www.camping-les-genets.fr\/de\/\",\"logo\":{\"@type\":\"ImageObject\",\"inLanguage\":\"de\",\"@id\":\"https:\/\/www.camping-les-genets.fr\/de\/#\/schema\/logo\/image\/\",\"url\":\"https:\/\/www.camping-les-genets.fr\/wp-content\/uploads\/2023\/07\/cropped-logo-camping-genets-footer.png\",\"contentUrl\":\"https:\/\/www.camping-les-genets.fr\/wp-content\/uploads\/2023\/07\/cropped-logo-camping-genets-footer.png\",\"width\":500,\"height\":295,\"caption\":\"Camping les Genets\"},\"image\":{\"@id\":\"https:\/\/www.camping-les-genets.fr\/de\/#\/schema\/logo\/image\/\"}}]}<\/script>\n<!-- \/ Yoast SEO plugin. -->","yoast_head_json":{"title":"La Couvertoirade : Entdecken Sie La Couvertoirade","description":"M\u00f6chten Sie La Couvertoirade w\u00e4hrend Ihres n\u00e4chsten Aufenthalts besuchen? Alles \u00fcber diese befestigte Stadt im Herzen des Aveyron.","robots":{"index":"index","follow":"follow","max-snippet":"max-snippet:-1","max-image-preview":"max-image-preview:large","max-video-preview":"max-video-preview:-1"},"canonical":"https:\/\/www.camping-les-genets.fr\/de\/la-couvertoirade\/","og_locale":"de_DE","og_type":"article","og_title":"La Couvertoirade : Entdecken Sie La Couvertoirade","og_description":"M\u00f6chten Sie La Couvertoirade w\u00e4hrend Ihres n\u00e4chsten Aufenthalts besuchen? Alles \u00fcber diese befestigte Stadt im Herzen des Aveyron.","og_url":"https:\/\/www.camping-les-genets.fr\/de\/la-couvertoirade\/","og_site_name":"Camping les Genets","article_modified_time":"2025-10-17T09:21:57+00:00","og_image":[{"width":1920,"height":1132,"url":"https:\/\/www.camping-les-genets.fr\/wp-content\/uploads\/2024\/02\/villagecouvertoirade.webp","type":"image\/webp"}],"twitter_card":"summary_large_image","twitter_misc":{"Gesch\u00e4tzte Lesezeit":"1\u00a0Minute"},"schema":{"@context":"https:\/\/schema.org","@graph":[{"@type":"WebPage","@id":"https:\/\/www.camping-les-genets.fr\/de\/la-couvertoirade\/","url":"https:\/\/www.camping-les-genets.fr\/de\/la-couvertoirade\/","name":"La Couvertoirade : Entdecken Sie La Couvertoirade","isPartOf":{"@id":"https:\/\/www.camping-les-genets.fr\/de\/#website"},"primaryImageOfPage":{"@id":"https:\/\/www.camping-les-genets.fr\/de\/la-couvertoirade\/#primaryimage"},"image":{"@id":"https:\/\/www.camping-les-genets.fr\/de\/la-couvertoirade\/#primaryimage"},"thumbnailUrl":"https:\/\/www.camping-les-genets.fr\/wp-content\/uploads\/2024\/02\/villagecouvertoirade.webp","datePublished":"2023-09-11T14:11:09+00:00","dateModified":"2025-10-17T09:21:57+00:00","description":"M\u00f6chten Sie La Couvertoirade w\u00e4hrend Ihres n\u00e4chsten Aufenthalts besuchen? Alles \u00fcber diese befestigte Stadt im Herzen des Aveyron.","breadcrumb":{"@id":"https:\/\/www.camping-les-genets.fr\/de\/la-couvertoirade\/#breadcrumb"},"inLanguage":"de","potentialAction":[{"@type":"ReadAction","target":["https:\/\/www.camping-les-genets.fr\/de\/la-couvertoirade\/"]}]},{"@type":"ImageObject","inLanguage":"de","@id":"https:\/\/www.camping-les-genets.fr\/de\/la-couvertoirade\/#primaryimage","url":"https:\/\/www.camping-les-genets.fr\/wp-content\/uploads\/2024\/02\/villagecouvertoirade.webp","contentUrl":"https:\/\/www.camping-les-genets.fr\/wp-content\/uploads\/2024\/02\/villagecouvertoirade.webp","width":1920,"height":1132},{"@type":"BreadcrumbList","@id":"https:\/\/www.camping-les-genets.fr\/de\/la-couvertoirade\/#breadcrumb","itemListElement":[{"@type":"ListItem","position":1,"name":"Camping Aveyron","item":"https:\/\/www.camping-les-genets.fr\/de\/"},{"@type":"ListItem","position":2,"name":"Besuchen Sie La Couvertoirade"}]},{"@type":"WebSite","@id":"https:\/\/www.camping-les-genets.fr\/de\/#website","url":"https:\/\/www.camping-les-genets.fr\/de\/","name":"Camping les Genets","description":"","publisher":{"@id":"https:\/\/www.camping-les-genets.fr\/de\/#organization"},"potentialAction":[{"@type":"SearchAction","target":{"@type":"EntryPoint","urlTemplate":"https:\/\/www.camping-les-genets.fr\/de\/?s={search_term_string}"},"query-input":{"@type":"PropertyValueSpecification","valueRequired":true,"valueName":"search_term_string"}}],"inLanguage":"de"},{"@type":"Organization","@id":"https:\/\/www.camping-les-genets.fr\/de\/#organization","name":"Camping les Genets","url":"https:\/\/www.camping-les-genets.fr\/de\/","logo":{"@type":"ImageObject","inLanguage":"de","@id":"https:\/\/www.camping-les-genets.fr\/de\/#\/schema\/logo\/image\/","url":"https:\/\/www.camping-les-genets.fr\/wp-content\/uploads\/2023\/07\/cropped-logo-camping-genets-footer.png","contentUrl":"https:\/\/www.camping-les-genets.fr\/wp-content\/uploads\/2023\/07\/cropped-logo-camping-genets-footer.png","width":500,"height":295,"caption":"Camping les Genets"},"image":{"@id":"https:\/\/www.camping-les-genets.fr\/de\/#\/schema\/logo\/image\/"}}]}},"_links":{"self":[{"href":"https:\/\/www.camping-les-genets.fr\/de\/wp-json\/wp\/v2\/pages\/5063","targetHints":{"allow":["GET"]}}],"collection":[{"href":"https:\/\/www.camping-les-genets.fr\/de\/wp-json\/wp\/v2\/pages"}],"about":[{"href":"https:\/\/www.camping-les-genets.fr\/de\/wp-json\/wp\/v2\/types\/page"}],"author":[{"embeddable":true,"href":"https:\/\/www.camping-les-genets.fr\/de\/wp-json\/wp\/v2\/users\/1"}],"replies":[{"embeddable":true,"href":"https:\/\/www.camping-les-genets.fr\/de\/wp-json\/wp\/v2\/comments?post=5063"}],"version-history":[{"count":4,"href":"https:\/\/www.camping-les-genets.fr\/de\/wp-json\/wp\/v2\/pages\/5063\/revisions"}],"predecessor-version":[{"id":8297,"href":"https:\/\/www.camping-les-genets.fr\/de\/wp-json\/wp\/v2\/pages\/5063\/revisions\/8297"}],"wp:featuredmedia":[{"embeddable":true,"href":"https:\/\/www.camping-les-genets.fr\/de\/wp-json\/wp\/v2\/media\/6189"}],"wp:attachment":[{"href":"https:\/\/www.camping-les-genets.fr\/de\/wp-json\/wp\/v2\/media?parent=5063"}],"wp:term":[{"taxonomy":"sujet","embeddable":true,"href":"https:\/\/www.camping-les-genets.fr\/de\/wp-json\/wp\/v2\/sujet?post=5063"}],"curies":[{"name":"wp","href":"https:\/\/api.w.org\/{rel}","templated":true}]}}