{"id":5006,"date":"2023-09-08T10:02:43","date_gmt":"2023-09-08T08:02:43","guid":{"rendered":"https:\/\/www.camping-les-genets.fr\/weinkeller-von-roquefort\/"},"modified":"2025-10-17T11:21:38","modified_gmt":"2025-10-17T09:21:38","slug":"tourisme-roquefort","status":"publish","type":"page","link":"https:\/\/www.camping-les-genets.fr\/de\/tourisme-roquefort\/","title":{"rendered":"Weinkeller von Roquefort"},"content":{"rendered":"<section id=\"ls-section-block_7172cdef90658a8d2220bd9703bf705f\" class=\"ls-section  page-chapeau has-p-b p-b-0\" >\r\n        <div class=\"container \">\r\n        \n\n<h1 class=\"ls__heading wp-block-heading has-text-align-center animated fadeInLeft delay-100ms slow\">Weinkeller von <strong>Roquefort<\/strong><\/h1>\n\n\r\n    <\/div>\r\n<\/section><section id=\"ls-section-block_31c966a6c275868502a2d7c2d6055f95\" class=\"ls-section  page-one has-p-b p-b-14\" >\r\n        <div class=\"container container--full\">\r\n        \n\n<div class=\"wp-block-columns is-layout-flex wp-container-core-columns-is-layout-9d6595d7 wp-block-columns-is-layout-flex\">\n<div class=\"wp-block-column first is-layout-flow wp-block-column-is-layout-flow\" style=\"flex-basis:66.66%\">\n<figure class=\"wp-block-image size-full\"><img decoding=\"async\" width=\"1707\" height=\"2560\" src=\"https:\/\/www.camping-les-genets.fr\/wp-content\/uploads\/2023\/09\/Provenance-du-fromage-Roquefort-scaled.webp\" alt=\"Herkunft des Roquefort-K&#xE4;ses\" class=\"wp-image-2412\" style=\"aspect-ratio:4\/3;object-fit:cover\" srcset=\"https:\/\/www.camping-les-genets.fr\/wp-content\/uploads\/2023\/09\/Provenance-du-fromage-Roquefort-scaled.webp 1707w, https:\/\/www.camping-les-genets.fr\/wp-content\/uploads\/2023\/09\/Provenance-du-fromage-Roquefort-200x300.webp 200w, https:\/\/www.camping-les-genets.fr\/wp-content\/uploads\/2023\/09\/Provenance-du-fromage-Roquefort-683x1024.webp 683w, https:\/\/www.camping-les-genets.fr\/wp-content\/uploads\/2023\/09\/Provenance-du-fromage-Roquefort-768x1152.webp 768w, https:\/\/www.camping-les-genets.fr\/wp-content\/uploads\/2023\/09\/Provenance-du-fromage-Roquefort-1024x1536.webp 1024w, https:\/\/www.camping-les-genets.fr\/wp-content\/uploads\/2023\/09\/Provenance-du-fromage-Roquefort-1365x2048.webp 1365w\" sizes=\"(max-width: 1707px) 100vw, 1707px\" \/><\/figure>\n<\/div>\n\n\n\n<div class=\"wp-block-column is-vertically-aligned-center second has-color-white-background-color has-background is-layout-flow wp-block-column-is-layout-flow\" style=\"flex-basis:33.33%\">\n<h2 class=\"ls__heading wp-block-heading\"><strong>Urlaub<\/strong> in Roquefort sur Soulzon<\/h2>\n\n\n\n<p class=\"ls-paragraph\">weniger als 50 km s\u00fcd\u00f6stlich von <a href=\"https:\/\/www.camping-les-genets.fr\/de\/\">Camping Aveyron<\/a> Les Gen\u00eats, <strong>Roquefort-sur-Soulzon<\/strong> ist nat\u00fcrlich<strong> ber\u00fchmt f\u00fcr seinen Blauschimmelk\u00e4se<\/strong> mit kontrollierter und gesch\u00fctzter Herkunftsbezeichnung. In den Kellern der Gemeinde, nat\u00fcrlichen H\u00f6hlen, die durch Risse bel\u00fcftet werden, die durch den Erdrutsch des Berges Combalou vor 1 Million Jahren entstanden sind, reift der in der Molkerei geformte K\u00e4se.<\/p>\n\n\n\n<p class=\"ls-paragraph\">Der<strong> <\/strong><a href=\"https:\/\/www.roquefort-societe.com\/les-caves\/\" target=\"_blank\" rel=\"noreferrer noopener\">Besuch der Roquefort-Keller<\/a><strong> <\/strong>ist ein absolutes Muss in der Region. Hier erf\u00e4hrt man viel \u00fcber die <strong>Herstellungsmethoden des Roquefort-K\u00e4ses<\/strong>, die Entstehung seines ganz besonderen Geschmacks und seiner St\u00e4rke sowie \u00fcber die Fertigkeiten, die seine Herstellung umgeben.<\/p>\n\n\n\n<p class=\"ls-paragraph addReadMore showlesscontent\">Dieser K\u00e4se aus Schafsmilch wird aus Rohmilch hergestellt und reift dann in den nat\u00fcrlichen H\u00f6hlen, wo der Schimmel den K\u00e4sebruch umwandelt und ihm nach der Reifung dieses bl\u00e4uliche Aussehen verleiht. Die Reifung in Zinnfolie verhindert die Bildung von Krusten. Besuchen Sie einen K\u00e4ser in der Gegend, um den echten Roquefort <strong>(App d&#8217;origine)<\/strong> zu probieren!<br\/><br\/>Das <strong>Haus Coulet <\/strong>bietet eine <strong>kostenlose Besichtigung seiner Weinkeller<\/strong> sowie eine Ausstellung der fr\u00fcher zur K\u00e4seherstellung verwendeten Ger\u00e4te. Dieses<strong> mehrfach mit Medaillen ausgezeichnete Familienhaus<\/strong> wird von den Sternek\u00f6chen der franz\u00f6sischen Gastronomie besonders gesch\u00e4tzt.<br\/><br\/>Die gro\u00dfen Marken Soci\u00e9t\u00e9 und Papillon \u00f6ffnen ihre riesigen <strong>Roquefort-Keller<\/strong> f\u00fcr die \u00d6ffentlichkeit.<\/p>\n<\/div>\n<\/div>\n\n\r\n    <\/div>\r\n<\/section><section id=\"ls-section-block_d98d0f46dd287cbb63b1c99ae81d1439\" class=\"ls-section \" >\r\n        <div class=\"container container--wide\">\r\n        \n\n<div class=\"wp-block-columns is-layout-flex wp-container-core-columns-is-layout-9d6595d7 wp-block-columns-is-layout-flex\">\n<div class=\"wp-block-column first is-layout-flow wp-block-column-is-layout-flow\">\n<h2 class=\"ls__heading wp-block-heading\"><strong>Anreise nach Roquefort sur Soulzon<\/strong><\/h2>\n\n\n\n<p class=\"ls-paragraph\">F\u00fcr Ihren <strong>Familienurlaub<\/strong> bietet Ihnen unser <a href=\"https:\/\/www.camping-les-genets.fr\/de\/camping-roquefort\/\">Campingplatz in der N\u00e4he von Roquefort<\/a> die Vermietung von Mobilheimen und Stellpl\u00e4tzen f\u00fcr Zelte und Wohnmobile!<\/p>\n\n\n\n<p class=\"ls-paragraph\">Vom Campingplatz aus ist die Stra\u00dfe nach Roquefort-sur-Soulzon (48 km vom Campingplatz entfernt, 54 min mit dem Auto) sehr interessant, da sie durch die Landschaft des Aveyron und <strong>mehrere malerische D\u00f6rfer<\/strong> wie Montjaux, das ein <strong>h\u00fcbsches Schloss<\/strong> und eine <strong>bemerkenswerte Kirche<\/strong> (Kirche Saint-Quirinus) besitzt, und durch Saint-Rome-de-Tarn f\u00fchrt.<\/p>\n\n\n\n<p class=\"ls-paragraph\">Wenn Sie den Campingplatz verlassen, nehmen Sie die D577 bis nach Salles-Curan und die D993 nach Montjaux. In Saint-Rome-de-Tarn fahren Sie weiter bis Saint-Rome-de-Cernon und dann auf der D999 bis Roquefort-sur-Soulzon. In <strong>Saint-Rome-de-Tarn befindet sich ein wundersch\u00f6nes mittelalterliches St\u00e4dtchen<\/strong>. Nutzen Sie Ihren Besuch in dieser Gemeinde f\u00fcr einen Zwischenstopp <strong>und schlendern Sie durch die Gassen oder am Fluss Tarn entlang<\/strong>.<\/p>\n<\/div>\n\n\n\n<div class=\"wp-block-column is-vertically-aligned-center second is-layout-flow wp-block-column-is-layout-flow\" style=\"flex-basis:800px\">\n<iframe src=\"https:\/\/www.google.com\/maps\/embed?pb=!1m26!1m12!1m3!1d183346.13139368646!2d2.7284853815921086!3d44.1084631254591!2m3!1f0!2f0!3f0!3m2!1i1024!2i768!4f13.1!4m11!3e6!4m5!1s0x12b2683ba8eaa029%3A0x9e3dc1bbe65d1b4b!2sCamping%20les%20Gen%C3%AAts%20%7C%20Camping%20Aveyron%2C%20Lac%20de%20Pareloup%2C%20Salles-Curan!3m2!1d44.1894481!2d2.7667329!4m3!3m2!1d43.974599999999995!2d2.99268!5e0!3m2!1sfr!2sfr!4v1694615175406!5m2!1sfr!2sfr\" width=\"800\" height=\"600\" style=\"border:0;\" allowfullscreen=\"\" loading=\"lazy\" referrerpolicy=\"no-referrer-when-downgrade\"><\/iframe>\n<\/div>\n<\/div>\n\n\r\n    <\/div>\r\n<\/section><section id=\"ls-section-block_cbe5e829f3f8189980996f050d0225ac\" class=\"ls-section  page-maillage has-p-t p-t-14 has-p-b p-b-14\" >\r\n        <div class=\"container container--wide\">\r\n        \n\n<div id=\"ls-heading ls-titre-div-block_5a004065be97f091011caabd895b74a3\" class=\"ls-titre-div aligncenter h2-like has-m-b m-b-8\" >\n    Entdecken Sie die Velorail, die Coveroirade und die Aubrac-K\u00fche!<\/div>\n\n\n<div id=\"ls-maillage-block_bd85c6ed4d643220b65030cc716b53ab\" class=\"ls-maillage slow animated fadeInUp delay-100ms cta-style-normal\" data-rows=\"3\">\r\n    <div class=\"wp-block-columns\"><div class=\"wp-block-column\">\n\n<a href=\"https:\/\/www.camping-les-genets.fr\/de\/tourisme-aubrac\/\" target=\"\" rel=\"noopener\" class=\"ls-cta__link\">\n\n\t<div class=\"ls-cta__image\"><img decoding=\"async\" src=\"https:\/\/www.camping-les-genets.fr\/wp-content\/uploads\/2023\/09\/Vaches-a-Aubrac-768x1036.webp\" alt=\"K\u00fche in Aubrac\"><\/div>\n\t<div class=\"ls-cta__title\">\n\t\tAubrac-K\u00fche\t<\/div>\n\n\t\t\n<\/a><\/div><div class=\"wp-block-column\">\n\n<a href=\"https:\/\/www.camping-les-genets.fr\/de\/velorail\/\" target=\"\" rel=\"noopener\" class=\"ls-cta__link\">\n\n\t<div class=\"ls-cta__image\"><img decoding=\"async\" src=\"https:\/\/www.camping-les-genets.fr\/wp-content\/uploads\/2023\/09\/Activite-velo-en-Aveyron-768x1152.webp\" alt=\"Fahrradtouren in Aveyron\"><\/div>\n\t<div class=\"ls-cta__title\">\n\t\tVelorail\t<\/div>\n\n\t\t\n<\/a><\/div><div class=\"wp-block-column\">\n\n<a href=\"https:\/\/www.camping-les-genets.fr\/de\/?page_id=8288\" target=\"\" rel=\"noopener\" class=\"ls-cta__link\">\n\n\t<div class=\"ls-cta__image\"><img decoding=\"async\" src=\"https:\/\/www.camping-les-genets.fr\/wp-content\/uploads\/2025\/03\/musee-denys-puech-a-rodez.jpg\" alt=\"Museum Denys Puech in Rodez\"><\/div>\n\t<div class=\"ls-cta__title\">\n\t\tDas Denys Puech Museum\t<\/div>\n\n\t\t\n<\/a><\/div><\/div><\/div>\n\r\n    <\/div>\r\n<\/section>","protected":false},"excerpt":{"rendered":"","protected":false},"author":1,"featured_media":2419,"parent":0,"menu_order":0,"comment_status":"closed","ping_status":"closed","template":"","meta":{"_acf_changed":false,"inline_featured_image":false,"footnotes":""},"sujet":[],"class_list":["post-5006","page","type-page","status-publish","has-post-thumbnail","hentry"],"acf":[],"yoast_head":"<!-- This site is optimized with the Yoast SEO plugin v27.3 - https:\/\/yoast.com\/product\/yoast-seo-wordpress\/ -->\n<title>Roquefort sur Soulzon : Besuchen Sie die Weinkeller von Roquefort sur Soulzon<\/title>\n<meta name=\"description\" content=\"M\u00f6chten Sie Roquefort-sur-Soulzon w\u00e4hrend Ihres Aufenthalts im Aveyron besuchen? Entdecken Sie die K\u00e4sestadt Roquefort im Parc Naturel R\u00e9gional des Grands Causses.\" \/>\n<meta name=\"robots\" content=\"index, follow, max-snippet:-1, max-image-preview:large, max-video-preview:-1\" \/>\n<link rel=\"canonical\" href=\"https:\/\/www.camping-les-genets.fr\/de\/tourisme-roquefort\/\" \/>\n<meta property=\"og:locale\" content=\"de_DE\" \/>\n<meta property=\"og:type\" content=\"article\" \/>\n<meta property=\"og:title\" content=\"Roquefort sur Soulzon : Besuchen Sie die Weinkeller von Roquefort sur Soulzon\" \/>\n<meta property=\"og:description\" content=\"M\u00f6chten Sie Roquefort-sur-Soulzon w\u00e4hrend Ihres Aufenthalts im Aveyron besuchen? Entdecken Sie die K\u00e4sestadt Roquefort im Parc Naturel R\u00e9gional des Grands Causses.\" \/>\n<meta property=\"og:url\" content=\"https:\/\/www.camping-les-genets.fr\/de\/tourisme-roquefort\/\" \/>\n<meta property=\"og:site_name\" content=\"Camping les Genets\" \/>\n<meta property=\"article:modified_time\" content=\"2025-10-17T09:21:38+00:00\" \/>\n<meta property=\"og:image\" content=\"https:\/\/www.camping-les-genets.fr\/wp-content\/uploads\/2023\/09\/Roquefort-sur-Soulzon-scaled.webp\" \/>\n\t<meta property=\"og:image:width\" content=\"2560\" \/>\n\t<meta property=\"og:image:height\" content=\"1707\" \/>\n\t<meta property=\"og:image:type\" content=\"image\/webp\" \/>\n<meta name=\"twitter:card\" content=\"summary_large_image\" \/>\n<meta name=\"twitter:label1\" content=\"Gesch\u00e4tzte Lesezeit\" \/>\n\t<meta name=\"twitter:data1\" content=\"2\u00a0Minuten\" \/>\n<script type=\"application\/ld+json\" class=\"yoast-schema-graph\">{\"@context\":\"https:\\\/\\\/schema.org\",\"@graph\":[{\"@type\":\"WebPage\",\"@id\":\"https:\\\/\\\/www.camping-les-genets.fr\\\/de\\\/tourisme-roquefort\\\/\",\"url\":\"https:\\\/\\\/www.camping-les-genets.fr\\\/de\\\/tourisme-roquefort\\\/\",\"name\":\"Roquefort sur Soulzon : Besuchen Sie die Weinkeller von Roquefort sur Soulzon\",\"isPartOf\":{\"@id\":\"https:\\\/\\\/www.camping-les-genets.fr\\\/de\\\/#website\"},\"primaryImageOfPage\":{\"@id\":\"https:\\\/\\\/www.camping-les-genets.fr\\\/de\\\/tourisme-roquefort\\\/#primaryimage\"},\"image\":{\"@id\":\"https:\\\/\\\/www.camping-les-genets.fr\\\/de\\\/tourisme-roquefort\\\/#primaryimage\"},\"thumbnailUrl\":\"https:\\\/\\\/www.camping-les-genets.fr\\\/wp-content\\\/uploads\\\/2023\\\/09\\\/Roquefort-sur-Soulzon-scaled.webp\",\"datePublished\":\"2023-09-08T08:02:43+00:00\",\"dateModified\":\"2025-10-17T09:21:38+00:00\",\"description\":\"M\u00f6chten Sie Roquefort-sur-Soulzon w\u00e4hrend Ihres Aufenthalts im Aveyron besuchen? Entdecken Sie die K\u00e4sestadt Roquefort im Parc Naturel R\u00e9gional des Grands Causses.\",\"breadcrumb\":{\"@id\":\"https:\\\/\\\/www.camping-les-genets.fr\\\/de\\\/tourisme-roquefort\\\/#breadcrumb\"},\"inLanguage\":\"de\",\"potentialAction\":[{\"@type\":\"ReadAction\",\"target\":[\"https:\\\/\\\/www.camping-les-genets.fr\\\/de\\\/tourisme-roquefort\\\/\"]}]},{\"@type\":\"ImageObject\",\"inLanguage\":\"de\",\"@id\":\"https:\\\/\\\/www.camping-les-genets.fr\\\/de\\\/tourisme-roquefort\\\/#primaryimage\",\"url\":\"https:\\\/\\\/www.camping-les-genets.fr\\\/wp-content\\\/uploads\\\/2023\\\/09\\\/Roquefort-sur-Soulzon-scaled.webp\",\"contentUrl\":\"https:\\\/\\\/www.camping-les-genets.fr\\\/wp-content\\\/uploads\\\/2023\\\/09\\\/Roquefort-sur-Soulzon-scaled.webp\",\"width\":2560,\"height\":1707,\"caption\":\"Roquefort sur Soulzon\"},{\"@type\":\"BreadcrumbList\",\"@id\":\"https:\\\/\\\/www.camping-les-genets.fr\\\/de\\\/tourisme-roquefort\\\/#breadcrumb\",\"itemListElement\":[{\"@type\":\"ListItem\",\"position\":1,\"name\":\"Camping Aveyron\",\"item\":\"https:\\\/\\\/www.camping-les-genets.fr\\\/de\\\/\"},{\"@type\":\"ListItem\",\"position\":2,\"name\":\"Entdecken Sie Roquefort-sur-Soulzon\"}]},{\"@type\":\"WebSite\",\"@id\":\"https:\\\/\\\/www.camping-les-genets.fr\\\/de\\\/#website\",\"url\":\"https:\\\/\\\/www.camping-les-genets.fr\\\/de\\\/\",\"name\":\"Camping les Genets\",\"description\":\"\",\"publisher\":{\"@id\":\"https:\\\/\\\/www.camping-les-genets.fr\\\/de\\\/#organization\"},\"potentialAction\":[{\"@type\":\"SearchAction\",\"target\":{\"@type\":\"EntryPoint\",\"urlTemplate\":\"https:\\\/\\\/www.camping-les-genets.fr\\\/de\\\/?s={search_term_string}\"},\"query-input\":{\"@type\":\"PropertyValueSpecification\",\"valueRequired\":true,\"valueName\":\"search_term_string\"}}],\"inLanguage\":\"de\"},{\"@type\":\"Organization\",\"@id\":\"https:\\\/\\\/www.camping-les-genets.fr\\\/de\\\/#organization\",\"name\":\"Camping les Genets\",\"url\":\"https:\\\/\\\/www.camping-les-genets.fr\\\/de\\\/\",\"logo\":{\"@type\":\"ImageObject\",\"inLanguage\":\"de\",\"@id\":\"https:\\\/\\\/www.camping-les-genets.fr\\\/de\\\/#\\\/schema\\\/logo\\\/image\\\/\",\"url\":\"https:\\\/\\\/www.camping-les-genets.fr\\\/wp-content\\\/uploads\\\/2023\\\/07\\\/cropped-logo-camping-genets-footer.png\",\"contentUrl\":\"https:\\\/\\\/www.camping-les-genets.fr\\\/wp-content\\\/uploads\\\/2023\\\/07\\\/cropped-logo-camping-genets-footer.png\",\"width\":500,\"height\":295,\"caption\":\"Camping les Genets\"},\"image\":{\"@id\":\"https:\\\/\\\/www.camping-les-genets.fr\\\/de\\\/#\\\/schema\\\/logo\\\/image\\\/\"}}]}<\/script>\n<!-- \/ Yoast SEO plugin. -->","yoast_head_json":{"title":"Roquefort sur Soulzon : Besuchen Sie die Weinkeller von Roquefort sur Soulzon","description":"M\u00f6chten Sie Roquefort-sur-Soulzon w\u00e4hrend Ihres Aufenthalts im Aveyron besuchen? Entdecken Sie die K\u00e4sestadt Roquefort im Parc Naturel R\u00e9gional des Grands Causses.","robots":{"index":"index","follow":"follow","max-snippet":"max-snippet:-1","max-image-preview":"max-image-preview:large","max-video-preview":"max-video-preview:-1"},"canonical":"https:\/\/www.camping-les-genets.fr\/de\/tourisme-roquefort\/","og_locale":"de_DE","og_type":"article","og_title":"Roquefort sur Soulzon : Besuchen Sie die Weinkeller von Roquefort sur Soulzon","og_description":"M\u00f6chten Sie Roquefort-sur-Soulzon w\u00e4hrend Ihres Aufenthalts im Aveyron besuchen? Entdecken Sie die K\u00e4sestadt Roquefort im Parc Naturel R\u00e9gional des Grands Causses.","og_url":"https:\/\/www.camping-les-genets.fr\/de\/tourisme-roquefort\/","og_site_name":"Camping les Genets","article_modified_time":"2025-10-17T09:21:38+00:00","og_image":[{"width":2560,"height":1707,"url":"https:\/\/www.camping-les-genets.fr\/wp-content\/uploads\/2023\/09\/Roquefort-sur-Soulzon-scaled.webp","type":"image\/webp"}],"twitter_card":"summary_large_image","twitter_misc":{"Gesch\u00e4tzte Lesezeit":"2\u00a0Minuten"},"schema":{"@context":"https:\/\/schema.org","@graph":[{"@type":"WebPage","@id":"https:\/\/www.camping-les-genets.fr\/de\/tourisme-roquefort\/","url":"https:\/\/www.camping-les-genets.fr\/de\/tourisme-roquefort\/","name":"Roquefort sur Soulzon : Besuchen Sie die Weinkeller von Roquefort sur Soulzon","isPartOf":{"@id":"https:\/\/www.camping-les-genets.fr\/de\/#website"},"primaryImageOfPage":{"@id":"https:\/\/www.camping-les-genets.fr\/de\/tourisme-roquefort\/#primaryimage"},"image":{"@id":"https:\/\/www.camping-les-genets.fr\/de\/tourisme-roquefort\/#primaryimage"},"thumbnailUrl":"https:\/\/www.camping-les-genets.fr\/wp-content\/uploads\/2023\/09\/Roquefort-sur-Soulzon-scaled.webp","datePublished":"2023-09-08T08:02:43+00:00","dateModified":"2025-10-17T09:21:38+00:00","description":"M\u00f6chten Sie Roquefort-sur-Soulzon w\u00e4hrend Ihres Aufenthalts im Aveyron besuchen? Entdecken Sie die K\u00e4sestadt Roquefort im Parc Naturel R\u00e9gional des Grands Causses.","breadcrumb":{"@id":"https:\/\/www.camping-les-genets.fr\/de\/tourisme-roquefort\/#breadcrumb"},"inLanguage":"de","potentialAction":[{"@type":"ReadAction","target":["https:\/\/www.camping-les-genets.fr\/de\/tourisme-roquefort\/"]}]},{"@type":"ImageObject","inLanguage":"de","@id":"https:\/\/www.camping-les-genets.fr\/de\/tourisme-roquefort\/#primaryimage","url":"https:\/\/www.camping-les-genets.fr\/wp-content\/uploads\/2023\/09\/Roquefort-sur-Soulzon-scaled.webp","contentUrl":"https:\/\/www.camping-les-genets.fr\/wp-content\/uploads\/2023\/09\/Roquefort-sur-Soulzon-scaled.webp","width":2560,"height":1707,"caption":"Roquefort sur Soulzon"},{"@type":"BreadcrumbList","@id":"https:\/\/www.camping-les-genets.fr\/de\/tourisme-roquefort\/#breadcrumb","itemListElement":[{"@type":"ListItem","position":1,"name":"Camping Aveyron","item":"https:\/\/www.camping-les-genets.fr\/de\/"},{"@type":"ListItem","position":2,"name":"Entdecken Sie Roquefort-sur-Soulzon"}]},{"@type":"WebSite","@id":"https:\/\/www.camping-les-genets.fr\/de\/#website","url":"https:\/\/www.camping-les-genets.fr\/de\/","name":"Camping les Genets","description":"","publisher":{"@id":"https:\/\/www.camping-les-genets.fr\/de\/#organization"},"potentialAction":[{"@type":"SearchAction","target":{"@type":"EntryPoint","urlTemplate":"https:\/\/www.camping-les-genets.fr\/de\/?s={search_term_string}"},"query-input":{"@type":"PropertyValueSpecification","valueRequired":true,"valueName":"search_term_string"}}],"inLanguage":"de"},{"@type":"Organization","@id":"https:\/\/www.camping-les-genets.fr\/de\/#organization","name":"Camping les Genets","url":"https:\/\/www.camping-les-genets.fr\/de\/","logo":{"@type":"ImageObject","inLanguage":"de","@id":"https:\/\/www.camping-les-genets.fr\/de\/#\/schema\/logo\/image\/","url":"https:\/\/www.camping-les-genets.fr\/wp-content\/uploads\/2023\/07\/cropped-logo-camping-genets-footer.png","contentUrl":"https:\/\/www.camping-les-genets.fr\/wp-content\/uploads\/2023\/07\/cropped-logo-camping-genets-footer.png","width":500,"height":295,"caption":"Camping les Genets"},"image":{"@id":"https:\/\/www.camping-les-genets.fr\/de\/#\/schema\/logo\/image\/"}}]}},"_links":{"self":[{"href":"https:\/\/www.camping-les-genets.fr\/de\/wp-json\/wp\/v2\/pages\/5006","targetHints":{"allow":["GET"]}}],"collection":[{"href":"https:\/\/www.camping-les-genets.fr\/de\/wp-json\/wp\/v2\/pages"}],"about":[{"href":"https:\/\/www.camping-les-genets.fr\/de\/wp-json\/wp\/v2\/types\/page"}],"author":[{"embeddable":true,"href":"https:\/\/www.camping-les-genets.fr\/de\/wp-json\/wp\/v2\/users\/1"}],"replies":[{"embeddable":true,"href":"https:\/\/www.camping-les-genets.fr\/de\/wp-json\/wp\/v2\/comments?post=5006"}],"version-history":[{"count":5,"href":"https:\/\/www.camping-les-genets.fr\/de\/wp-json\/wp\/v2\/pages\/5006\/revisions"}],"predecessor-version":[{"id":8294,"href":"https:\/\/www.camping-les-genets.fr\/de\/wp-json\/wp\/v2\/pages\/5006\/revisions\/8294"}],"wp:featuredmedia":[{"embeddable":true,"href":"https:\/\/www.camping-les-genets.fr\/de\/wp-json\/wp\/v2\/media\/2419"}],"wp:attachment":[{"href":"https:\/\/www.camping-les-genets.fr\/de\/wp-json\/wp\/v2\/media?parent=5006"}],"wp:term":[{"taxonomy":"sujet","embeddable":true,"href":"https:\/\/www.camping-les-genets.fr\/de\/wp-json\/wp\/v2\/sujet?post=5006"}],"curies":[{"name":"wp","href":"https:\/\/api.w.org\/{rel}","templated":true}]}}