{"id":4999,"date":"2023-09-13T16:55:17","date_gmt":"2023-09-13T14:55:17","guid":{"rendered":"https:\/\/www.camping-les-genets.fr\/castelnau-pegayrols\/"},"modified":"2023-11-27T15:57:20","modified_gmt":"2023-11-27T14:57:20","slug":"castelnau-pegayrols","status":"publish","type":"page","link":"https:\/\/www.camping-les-genets.fr\/de\/castelnau-pegayrols\/","title":{"rendered":"Castelnau-P\u00e9gayrols"},"content":{"rendered":"<section id=\"ls-section-block_89a2e1110dc92766e951c306b5004114\" class=\"ls-section  page-chapeau has-p-b p-b-0\" >\r\n        <div class=\"container \">\r\n        \n\n<h1 class=\"ls__heading wp-block-heading has-text-align-center animated fadeInLeft delay-100ms slow\"><strong>Castelnau-P\u00e9gayrols<\/strong><\/h1>\n\n\r\n    <\/div>\r\n<\/section><section id=\"ls-section-block_82c219514cfa01a60bfd2211f496dd56\" class=\"ls-section  page-one has-p-b p-b-14\" >\r\n        <div class=\"container container--full\">\r\n        \n\n<div class=\"wp-block-columns is-layout-flex wp-container-core-columns-is-layout-9d6595d7 wp-block-columns-is-layout-flex\">\n<div class=\"wp-block-column first is-layout-flow wp-block-column-is-layout-flow\" style=\"flex-basis:66.66%\">\n<figure class=\"wp-block-image size-full\"><img decoding=\"async\" width=\"1707\" height=\"2560\" src=\"https:\/\/www.camping-les-genets.fr\/wp-content\/uploads\/2023\/09\/Village-de-Castelnau-Pegayrols-scaled.webp\" alt=\"Dorf Castelnau-P&#xE9;gayrols\" class=\"wp-image-2448\" style=\"aspect-ratio:4\/3;object-fit:cover\" srcset=\"https:\/\/www.camping-les-genets.fr\/wp-content\/uploads\/2023\/09\/Village-de-Castelnau-Pegayrols-scaled.webp 1707w, https:\/\/www.camping-les-genets.fr\/wp-content\/uploads\/2023\/09\/Village-de-Castelnau-Pegayrols-200x300.webp 200w, https:\/\/www.camping-les-genets.fr\/wp-content\/uploads\/2023\/09\/Village-de-Castelnau-Pegayrols-683x1024.webp 683w, https:\/\/www.camping-les-genets.fr\/wp-content\/uploads\/2023\/09\/Village-de-Castelnau-Pegayrols-768x1152.webp 768w, https:\/\/www.camping-les-genets.fr\/wp-content\/uploads\/2023\/09\/Village-de-Castelnau-Pegayrols-1024x1536.webp 1024w, https:\/\/www.camping-les-genets.fr\/wp-content\/uploads\/2023\/09\/Village-de-Castelnau-Pegayrols-1365x2048.webp 1365w\" sizes=\"(max-width: 1707px) 100vw, 1707px\" \/><\/figure>\n<\/div>\n\n\n\n<div class=\"wp-block-column is-vertically-aligned-center second has-color-white-background-color has-background is-layout-flow wp-block-column-is-layout-flow\" style=\"flex-basis:33.33%\">\n<h2 class=\"ls__heading wp-block-heading\"><strong>Urlaub<\/strong> in Castelnau P\u00e9gayrols<\/h2>\n\n\n\n<p class=\"ls-paragraph\">Castelnau-P\u00e9gayrols ist ein<strong> sch\u00f6nes mittelalterliches Dorf<\/strong>, das das Tal der Muse \u00fcberblickt. Der Marktflecken birgt architektonische Sch\u00e4tze, darunter <strong>f\u00fcnf denkmalgesch\u00fctzte Geb\u00e4ude<\/strong>. Z\u00f6gern Sie nicht, einen Ausflug dorthin zu machen: Das Dorf liegt weniger als eine halbe Autostunde von Salles-Curan entfernt.<\/p>\n\n\n\n<p class=\"ls-paragraph\">W\u00e4hrend das <a href=\"https:\/\/www.castelnau-pegayrols.fr\/\" target=\"_blank\" rel=\"noreferrer noopener\">mittelalterliche Dorf Castelnau-P\u00e9gayrols<\/a> frei besichtigt werden kann, werden auch F\u00fchrungen angeboten: Diese sind sehr n\u00fctzlich, um den<strong> historischen Wert einiger Geb\u00e4ude<\/strong> und <strong>denkmalgesch\u00fctzter St\u00e4tten<\/strong> zu ermessen. Das Dorf beherbergt ein<strong> altes Wassersystem<\/strong>, dessen Ursprung bis ins 12.<\/p>\n\n\n\n<p class=\"ls-paragraph\">Neben den traditionellen F\u00fchrungen werden Ihnen im Dorf Castelnau-P\u00e9gayrols auch thematische F\u00fchrungen und halbn\u00e4chtliche Wanderungen angeboten.<\/p>\n<\/div>\n<\/div>\n\n\r\n    <\/div>\r\n<\/section><section id=\"ls-section-block_9c8f70407dbbfe64092336b67eeb5759\" class=\"ls-section \" >\r\n        <div class=\"container container--wide\">\r\n        \n\n<div class=\"wp-block-columns is-layout-flex wp-container-core-columns-is-layout-9d6595d7 wp-block-columns-is-layout-flex\">\n<div class=\"wp-block-column first is-layout-flow wp-block-column-is-layout-flow\">\n<h2 class=\"ls__heading wp-block-heading\">Strecke Strecke <strong>Campingplatz Castelnau P\u00e9gayrols<\/strong><\/h2>\n\n\n\n<p class=\"ls-paragraph\">Die Gemeinde <strong>Castelnau-P\u00e9gayrols<\/strong> liegt 23 km s\u00fcd\u00f6stlich des <a href=\"https:\/\/www.camping-les-genets.fr\/de\/camping-millau\/\">Campingclubs Les Gen\u00eats in Richtung Millau<\/a>. Rechnen Sie mit etwa <strong>einer halben Stunde<\/strong>, um von unserem <a href=\"https:\/\/www.camping-les-genets.fr\/de\/\">Campingplatz Aveyron<\/a> aus mit dem Auto dorthin zu gelangen.<\/p>\n\n\n\n<p class=\"ls-paragraph\">Vom Campingplatz aus nehmen Sie die D577 bis nach Salles-Curan und dann die Stra\u00dfe nach Montjaux (D993). Bevor Sie Montjaux erreichen, sehen Sie auf der linken Seite ein Schild mit der Aufschrift Castelnau-P\u00e9gayrols. Sie werden von <strong>seinem Schloss<\/strong>,<strong> seinem Priorat Saint-Michel<\/strong>, <strong>seiner Kirche Notre-Dame<\/strong> und seinem mittelalterlichen Wassernetz begeistert sein, die alle unter Denkmalschutz stehen.<\/p>\n\n\n\n<p class=\"ls-paragraph\">Nehmen Sie sich nach Ihrer R\u00fcckkehr Zeit f\u00fcr Montjaux, eine weitere <strong>wundersch\u00f6ne Stadt mit Charakter im D\u00e9partement Aveyron<\/strong>, die sich durch ihre sch\u00f6nen Denkm\u00e4ler und Steinh\u00e4user auszeichnet.<\/p>\n<\/div>\n\n\n\n<div class=\"wp-block-column is-vertically-aligned-center second is-layout-flow wp-block-column-is-layout-flow\" style=\"flex-basis:800px\">\n<iframe src=\"https:\/\/www.google.com\/maps\/embed?pb=!1m28!1m12!1m3!1d45796.92004022842!2d2.8063427936267287!3d44.15952122312443!2m3!1f0!2f0!3f0!3m2!1i1024!2i768!4f13.1!4m13!3e6!4m5!1s0x12b2683ba8eaa029%3A0x9e3dc1bbe65d1b4b!2sCamping%20les%20Gen%C3%AAts%20%7C%20Camping%20Aveyron%2C%20Lac%20de%20Pareloup%2C%20Salles-Curan!3m2!1d44.1894481!2d2.7667329!4m5!1s0x12b245f0f16daddd%3A0x406f69c2f4314b0!2sCastelnau-P%C3%A9gayrols!3m2!1d44.129486!2d2.9313949999999998!5e0!3m2!1sfr!2sfr!4v1694617285921!5m2!1sfr!2sfr\" width=\"800\" height=\"600\" style=\"border:0;\" allowfullscreen=\"\" loading=\"lazy\" referrerpolicy=\"no-referrer-when-downgrade\"><\/iframe>\n<\/div>\n<\/div>\n\n\r\n    <\/div>\r\n<\/section><section id=\"ls-section-block_2f0d89ca634dae4bfd9bc7280aa1778b\" class=\"ls-section  page-maillage has-p-t p-t-14 has-p-b p-b-14\" >\r\n        <div class=\"container container--wide\">\r\n        \n\n<div id=\"ls-heading ls-titre-div-block_3a02e6a913e7b5f3a3d60eab2b8001ed\" class=\"ls-titre-div aligncenter h2-like has-m-b m-b-8\" >\n    Entdecken Sie die D\u00f6rfer Saint C\u00f4me d&#8217;Olt, Peyre und die H\u00f6hlen von Roquefort!<\/div>\n\n\n<div id=\"ls-maillage-block_09cee7c992201a460986f136c44ea700\" class=\"ls-maillage slow animated fadeInUp delay-100ms cta-style-normal\" data-rows=\"3\">\r\n    <div class=\"wp-block-columns\"><div class=\"wp-block-column\">\n\n<a href=\"https:\/\/www.camping-les-genets.fr\/de\/tourisme-roquefort\/\" target=\"\" rel=\"noopener\" class=\"ls-cta__link\">\n\n\t<div class=\"ls-cta__image\"><img decoding=\"async\" src=\"https:\/\/www.camping-les-genets.fr\/wp-content\/uploads\/2023\/09\/Fromage-roquefort-768x960.webp\" alt=\"Roquefort-K\u00e4se\"><\/div>\n\t<div class=\"ls-cta__title\">\n\t\tWeinkeller von Roquefort\t<\/div>\n\n\t\t\n<\/a><\/div><div class=\"wp-block-column\">\n\n<a href=\"https:\/\/www.camping-les-genets.fr\/de\/peyre\/\" target=\"\" rel=\"noopener\" class=\"ls-cta__link\">\n\n\t<div class=\"ls-cta__image\"><img decoding=\"async\" src=\"https:\/\/www.camping-les-genets.fr\/wp-content\/uploads\/2023\/09\/Vacances-a-Peyre-768x510.webp\" alt=\"Urlaub in Peyre\"><\/div>\n\t<div class=\"ls-cta__title\">\n\t\tPeyre\t<\/div>\n\n\t\t\n<\/a><\/div><div class=\"wp-block-column\">\n\n<a href=\"https:\/\/www.camping-les-genets.fr\/de\/tourisme-saint-come-d-olt\/\" target=\"\" rel=\"noopener\" class=\"ls-cta__link\">\n\n\t<div class=\"ls-cta__image\"><img decoding=\"async\" src=\"https:\/\/www.camping-les-genets.fr\/wp-content\/uploads\/2023\/09\/eglise-de-Saint-Come-dOlt-768x1152.webp\" alt=\"Kirche von Saint C\u00f4me d'Olt\"><\/div>\n\t<div class=\"ls-cta__title\">\n\t\tSaint-C\u00f4me-d&#8217;Olt\t<\/div>\n\n\t\t\n<\/a><\/div><\/div><\/div>\n\r\n    <\/div>\r\n<\/section>","protected":false},"excerpt":{"rendered":"","protected":false},"author":1,"featured_media":2446,"parent":0,"menu_order":0,"comment_status":"closed","ping_status":"closed","template":"","meta":{"_acf_changed":false,"inline_featured_image":false,"footnotes":""},"sujet":[],"class_list":["post-4999","page","type-page","status-publish","has-post-thumbnail","hentry"],"acf":[],"yoast_head":"<!-- This site is optimized with the Yoast SEO plugin v27.3 - https:\/\/yoast.com\/product\/yoast-seo-wordpress\/ -->\n<title>Castelnau P\u00e9gayrols | Vermietung Camping und Tourismus in Castelnau<\/title>\n<meta name=\"description\" content=\"Haben Sie Lust, Castelnau P\u00e9gayrols w\u00e4hrend Ihres Urlaubs im Aveyron zu besuchen? Der Campingplatz Les Gen\u00eats stellt Ihnen die Stadt und ihre verschiedenen Unterk\u00fcnfte vor!\" \/>\n<meta name=\"robots\" content=\"index, follow, max-snippet:-1, max-image-preview:large, max-video-preview:-1\" \/>\n<link rel=\"canonical\" href=\"https:\/\/www.camping-les-genets.fr\/de\/castelnau-pegayrols\/\" \/>\n<meta property=\"og:locale\" content=\"de_DE\" \/>\n<meta property=\"og:type\" content=\"article\" \/>\n<meta property=\"og:title\" content=\"Castelnau P\u00e9gayrols | Vermietung Camping und Tourismus in Castelnau\" \/>\n<meta property=\"og:description\" content=\"Haben Sie Lust, Castelnau P\u00e9gayrols w\u00e4hrend Ihres Urlaubs im Aveyron zu besuchen? Der Campingplatz Les Gen\u00eats stellt Ihnen die Stadt und ihre verschiedenen Unterk\u00fcnfte vor!\" \/>\n<meta property=\"og:url\" content=\"https:\/\/www.camping-les-genets.fr\/de\/castelnau-pegayrols\/\" \/>\n<meta property=\"og:site_name\" content=\"Camping les Genets\" \/>\n<meta property=\"article:modified_time\" content=\"2023-11-27T14:57:20+00:00\" \/>\n<meta property=\"og:image\" content=\"https:\/\/www.camping-les-genets.fr\/wp-content\/uploads\/2023\/09\/Castelnau-Pegayrols-chateau-scaled.webp\" \/>\n\t<meta property=\"og:image:width\" content=\"2560\" \/>\n\t<meta property=\"og:image:height\" content=\"1707\" \/>\n\t<meta property=\"og:image:type\" content=\"image\/webp\" \/>\n<meta name=\"twitter:card\" content=\"summary_large_image\" \/>\n<meta name=\"twitter:label1\" content=\"Gesch\u00e4tzte Lesezeit\" \/>\n\t<meta name=\"twitter:data1\" content=\"1\u00a0Minute\" \/>\n<script type=\"application\/ld+json\" class=\"yoast-schema-graph\">{\"@context\":\"https:\\\/\\\/schema.org\",\"@graph\":[{\"@type\":\"WebPage\",\"@id\":\"https:\\\/\\\/www.camping-les-genets.fr\\\/de\\\/castelnau-pegayrols\\\/\",\"url\":\"https:\\\/\\\/www.camping-les-genets.fr\\\/de\\\/castelnau-pegayrols\\\/\",\"name\":\"Castelnau P\u00e9gayrols | Vermietung Camping und Tourismus in Castelnau\",\"isPartOf\":{\"@id\":\"https:\\\/\\\/www.camping-les-genets.fr\\\/de\\\/#website\"},\"primaryImageOfPage\":{\"@id\":\"https:\\\/\\\/www.camping-les-genets.fr\\\/de\\\/castelnau-pegayrols\\\/#primaryimage\"},\"image\":{\"@id\":\"https:\\\/\\\/www.camping-les-genets.fr\\\/de\\\/castelnau-pegayrols\\\/#primaryimage\"},\"thumbnailUrl\":\"https:\\\/\\\/www.camping-les-genets.fr\\\/wp-content\\\/uploads\\\/2023\\\/09\\\/Castelnau-Pegayrols-chateau-scaled.webp\",\"datePublished\":\"2023-09-13T14:55:17+00:00\",\"dateModified\":\"2023-11-27T14:57:20+00:00\",\"description\":\"Haben Sie Lust, Castelnau P\u00e9gayrols w\u00e4hrend Ihres Urlaubs im Aveyron zu besuchen? Der Campingplatz Les Gen\u00eats stellt Ihnen die Stadt und ihre verschiedenen Unterk\u00fcnfte vor!\",\"breadcrumb\":{\"@id\":\"https:\\\/\\\/www.camping-les-genets.fr\\\/de\\\/castelnau-pegayrols\\\/#breadcrumb\"},\"inLanguage\":\"de\",\"potentialAction\":[{\"@type\":\"ReadAction\",\"target\":[\"https:\\\/\\\/www.camping-les-genets.fr\\\/de\\\/castelnau-pegayrols\\\/\"]}]},{\"@type\":\"ImageObject\",\"inLanguage\":\"de\",\"@id\":\"https:\\\/\\\/www.camping-les-genets.fr\\\/de\\\/castelnau-pegayrols\\\/#primaryimage\",\"url\":\"https:\\\/\\\/www.camping-les-genets.fr\\\/wp-content\\\/uploads\\\/2023\\\/09\\\/Castelnau-Pegayrols-chateau-scaled.webp\",\"contentUrl\":\"https:\\\/\\\/www.camping-les-genets.fr\\\/wp-content\\\/uploads\\\/2023\\\/09\\\/Castelnau-Pegayrols-chateau-scaled.webp\",\"width\":2560,\"height\":1707,\"caption\":\"Castelnau-P\u00e9gayrols chateau\"},{\"@type\":\"BreadcrumbList\",\"@id\":\"https:\\\/\\\/www.camping-les-genets.fr\\\/de\\\/castelnau-pegayrols\\\/#breadcrumb\",\"itemListElement\":[{\"@type\":\"ListItem\",\"position\":1,\"name\":\"Camping Aveyron\",\"item\":\"https:\\\/\\\/www.camping-les-genets.fr\\\/de\\\/\"},{\"@type\":\"ListItem\",\"position\":2,\"name\":\"Castelnau-P\u00e9gayrols\"}]},{\"@type\":\"WebSite\",\"@id\":\"https:\\\/\\\/www.camping-les-genets.fr\\\/de\\\/#website\",\"url\":\"https:\\\/\\\/www.camping-les-genets.fr\\\/de\\\/\",\"name\":\"Camping les Genets\",\"description\":\"\",\"publisher\":{\"@id\":\"https:\\\/\\\/www.camping-les-genets.fr\\\/de\\\/#organization\"},\"potentialAction\":[{\"@type\":\"SearchAction\",\"target\":{\"@type\":\"EntryPoint\",\"urlTemplate\":\"https:\\\/\\\/www.camping-les-genets.fr\\\/de\\\/?s={search_term_string}\"},\"query-input\":{\"@type\":\"PropertyValueSpecification\",\"valueRequired\":true,\"valueName\":\"search_term_string\"}}],\"inLanguage\":\"de\"},{\"@type\":\"Organization\",\"@id\":\"https:\\\/\\\/www.camping-les-genets.fr\\\/de\\\/#organization\",\"name\":\"Camping les Genets\",\"url\":\"https:\\\/\\\/www.camping-les-genets.fr\\\/de\\\/\",\"logo\":{\"@type\":\"ImageObject\",\"inLanguage\":\"de\",\"@id\":\"https:\\\/\\\/www.camping-les-genets.fr\\\/de\\\/#\\\/schema\\\/logo\\\/image\\\/\",\"url\":\"https:\\\/\\\/www.camping-les-genets.fr\\\/wp-content\\\/uploads\\\/2023\\\/07\\\/cropped-logo-camping-genets-footer.png\",\"contentUrl\":\"https:\\\/\\\/www.camping-les-genets.fr\\\/wp-content\\\/uploads\\\/2023\\\/07\\\/cropped-logo-camping-genets-footer.png\",\"width\":500,\"height\":295,\"caption\":\"Camping les Genets\"},\"image\":{\"@id\":\"https:\\\/\\\/www.camping-les-genets.fr\\\/de\\\/#\\\/schema\\\/logo\\\/image\\\/\"}}]}<\/script>\n<!-- \/ Yoast SEO plugin. -->","yoast_head_json":{"title":"Castelnau P\u00e9gayrols | Vermietung Camping und Tourismus in Castelnau","description":"Haben Sie Lust, Castelnau P\u00e9gayrols w\u00e4hrend Ihres Urlaubs im Aveyron zu besuchen? Der Campingplatz Les Gen\u00eats stellt Ihnen die Stadt und ihre verschiedenen Unterk\u00fcnfte vor!","robots":{"index":"index","follow":"follow","max-snippet":"max-snippet:-1","max-image-preview":"max-image-preview:large","max-video-preview":"max-video-preview:-1"},"canonical":"https:\/\/www.camping-les-genets.fr\/de\/castelnau-pegayrols\/","og_locale":"de_DE","og_type":"article","og_title":"Castelnau P\u00e9gayrols | Vermietung Camping und Tourismus in Castelnau","og_description":"Haben Sie Lust, Castelnau P\u00e9gayrols w\u00e4hrend Ihres Urlaubs im Aveyron zu besuchen? Der Campingplatz Les Gen\u00eats stellt Ihnen die Stadt und ihre verschiedenen Unterk\u00fcnfte vor!","og_url":"https:\/\/www.camping-les-genets.fr\/de\/castelnau-pegayrols\/","og_site_name":"Camping les Genets","article_modified_time":"2023-11-27T14:57:20+00:00","og_image":[{"width":2560,"height":1707,"url":"https:\/\/www.camping-les-genets.fr\/wp-content\/uploads\/2023\/09\/Castelnau-Pegayrols-chateau-scaled.webp","type":"image\/webp"}],"twitter_card":"summary_large_image","twitter_misc":{"Gesch\u00e4tzte Lesezeit":"1\u00a0Minute"},"schema":{"@context":"https:\/\/schema.org","@graph":[{"@type":"WebPage","@id":"https:\/\/www.camping-les-genets.fr\/de\/castelnau-pegayrols\/","url":"https:\/\/www.camping-les-genets.fr\/de\/castelnau-pegayrols\/","name":"Castelnau P\u00e9gayrols | Vermietung Camping und Tourismus in Castelnau","isPartOf":{"@id":"https:\/\/www.camping-les-genets.fr\/de\/#website"},"primaryImageOfPage":{"@id":"https:\/\/www.camping-les-genets.fr\/de\/castelnau-pegayrols\/#primaryimage"},"image":{"@id":"https:\/\/www.camping-les-genets.fr\/de\/castelnau-pegayrols\/#primaryimage"},"thumbnailUrl":"https:\/\/www.camping-les-genets.fr\/wp-content\/uploads\/2023\/09\/Castelnau-Pegayrols-chateau-scaled.webp","datePublished":"2023-09-13T14:55:17+00:00","dateModified":"2023-11-27T14:57:20+00:00","description":"Haben Sie Lust, Castelnau P\u00e9gayrols w\u00e4hrend Ihres Urlaubs im Aveyron zu besuchen? Der Campingplatz Les Gen\u00eats stellt Ihnen die Stadt und ihre verschiedenen Unterk\u00fcnfte vor!","breadcrumb":{"@id":"https:\/\/www.camping-les-genets.fr\/de\/castelnau-pegayrols\/#breadcrumb"},"inLanguage":"de","potentialAction":[{"@type":"ReadAction","target":["https:\/\/www.camping-les-genets.fr\/de\/castelnau-pegayrols\/"]}]},{"@type":"ImageObject","inLanguage":"de","@id":"https:\/\/www.camping-les-genets.fr\/de\/castelnau-pegayrols\/#primaryimage","url":"https:\/\/www.camping-les-genets.fr\/wp-content\/uploads\/2023\/09\/Castelnau-Pegayrols-chateau-scaled.webp","contentUrl":"https:\/\/www.camping-les-genets.fr\/wp-content\/uploads\/2023\/09\/Castelnau-Pegayrols-chateau-scaled.webp","width":2560,"height":1707,"caption":"Castelnau-P\u00e9gayrols chateau"},{"@type":"BreadcrumbList","@id":"https:\/\/www.camping-les-genets.fr\/de\/castelnau-pegayrols\/#breadcrumb","itemListElement":[{"@type":"ListItem","position":1,"name":"Camping Aveyron","item":"https:\/\/www.camping-les-genets.fr\/de\/"},{"@type":"ListItem","position":2,"name":"Castelnau-P\u00e9gayrols"}]},{"@type":"WebSite","@id":"https:\/\/www.camping-les-genets.fr\/de\/#website","url":"https:\/\/www.camping-les-genets.fr\/de\/","name":"Camping les Genets","description":"","publisher":{"@id":"https:\/\/www.camping-les-genets.fr\/de\/#organization"},"potentialAction":[{"@type":"SearchAction","target":{"@type":"EntryPoint","urlTemplate":"https:\/\/www.camping-les-genets.fr\/de\/?s={search_term_string}"},"query-input":{"@type":"PropertyValueSpecification","valueRequired":true,"valueName":"search_term_string"}}],"inLanguage":"de"},{"@type":"Organization","@id":"https:\/\/www.camping-les-genets.fr\/de\/#organization","name":"Camping les Genets","url":"https:\/\/www.camping-les-genets.fr\/de\/","logo":{"@type":"ImageObject","inLanguage":"de","@id":"https:\/\/www.camping-les-genets.fr\/de\/#\/schema\/logo\/image\/","url":"https:\/\/www.camping-les-genets.fr\/wp-content\/uploads\/2023\/07\/cropped-logo-camping-genets-footer.png","contentUrl":"https:\/\/www.camping-les-genets.fr\/wp-content\/uploads\/2023\/07\/cropped-logo-camping-genets-footer.png","width":500,"height":295,"caption":"Camping les Genets"},"image":{"@id":"https:\/\/www.camping-les-genets.fr\/de\/#\/schema\/logo\/image\/"}}]}},"_links":{"self":[{"href":"https:\/\/www.camping-les-genets.fr\/de\/wp-json\/wp\/v2\/pages\/4999","targetHints":{"allow":["GET"]}}],"collection":[{"href":"https:\/\/www.camping-les-genets.fr\/de\/wp-json\/wp\/v2\/pages"}],"about":[{"href":"https:\/\/www.camping-les-genets.fr\/de\/wp-json\/wp\/v2\/types\/page"}],"author":[{"embeddable":true,"href":"https:\/\/www.camping-les-genets.fr\/de\/wp-json\/wp\/v2\/users\/1"}],"replies":[{"embeddable":true,"href":"https:\/\/www.camping-les-genets.fr\/de\/wp-json\/wp\/v2\/comments?post=4999"}],"version-history":[{"count":2,"href":"https:\/\/www.camping-les-genets.fr\/de\/wp-json\/wp\/v2\/pages\/4999\/revisions"}],"predecessor-version":[{"id":5001,"href":"https:\/\/www.camping-les-genets.fr\/de\/wp-json\/wp\/v2\/pages\/4999\/revisions\/5001"}],"wp:featuredmedia":[{"embeddable":true,"href":"https:\/\/www.camping-les-genets.fr\/de\/wp-json\/wp\/v2\/media\/2446"}],"wp:attachment":[{"href":"https:\/\/www.camping-les-genets.fr\/de\/wp-json\/wp\/v2\/media?parent=4999"}],"wp:term":[{"taxonomy":"sujet","embeddable":true,"href":"https:\/\/www.camping-les-genets.fr\/de\/wp-json\/wp\/v2\/sujet?post=4999"}],"curies":[{"name":"wp","href":"https:\/\/api.w.org\/{rel}","templated":true}]}}