{"id":4989,"date":"2023-09-11T13:30:21","date_gmt":"2023-09-11T11:30:21","guid":{"rendered":"https:\/\/www.camping-les-genets.fr\/canoe-aveyron\/"},"modified":"2023-11-30T09:46:39","modified_gmt":"2023-11-30T08:46:39","slug":"canoe-aveyron","status":"publish","type":"page","link":"https:\/\/www.camping-les-genets.fr\/de\/canoe-aveyron\/","title":{"rendered":"Kanu in Aveyron"},"content":{"rendered":"<section id=\"ls-section-block_c8a773764efd0388336100fdde8d07a0\" class=\"ls-section  page-chapeau has-p-b p-b-0\" >\r\n        <div class=\"container \">\r\n        \n\n<h1 class=\"ls__heading wp-block-heading has-text-align-center animated fadeInLeft delay-100ms slow\"><strong>Kanu<\/strong> in Aveyron<\/h1>\n\n\n\n<p class=\"ls-paragraph has-text-align-center\">Sowohl auf dem Aveyron als auch auf dem Tarn eignen sich die Wildwasser f\u00fcr eine sportliche Aus\u00fcbung des <strong>Kanusports Aveyron <\/strong>: Begleitete Abfahrten geben Ihnen die Gelegenheit, Stromschnellen in aller Sicherheit zu passieren. Entdecken Sie sie in der N\u00e4he des <a href=\"https:\/\/www.camping-les-genets.fr\/de\/\">Campingplatzes Aveyron<\/a> Les Gen\u00eats!<\/p>\n\n\r\n    <\/div>\r\n<\/section>\n\n<section id=\"ls-section-block_8bf6e7144fad680b11d7085f68b261ef\" class=\"ls-section  page-one has-p-b p-b-14\" >\r\n        <div class=\"container container--full\">\r\n        \n\n<div class=\"wp-block-columns is-layout-flex wp-container-core-columns-is-layout-9d6595d7 wp-block-columns-is-layout-flex\">\n<div class=\"wp-block-column first is-layout-flow wp-block-column-is-layout-flow\" style=\"flex-basis:66.66%\">\n<figure class=\"wp-block-image size-full\"><img decoding=\"async\" width=\"1155\" height=\"656\" src=\"https:\/\/www.camping-les-genets.fr\/wp-content\/uploads\/2023\/09\/Activite-au-camping-Les-Genets.jpg\" alt=\"Aktivit\u00e4t auf dem Campingplatz Les Gen\u00eats\" class=\"wp-image-1716\" srcset=\"https:\/\/www.camping-les-genets.fr\/wp-content\/uploads\/2023\/09\/Activite-au-camping-Les-Genets.jpg 1155w, https:\/\/www.camping-les-genets.fr\/wp-content\/uploads\/2023\/09\/Activite-au-camping-Les-Genets-300x170.jpg 300w, https:\/\/www.camping-les-genets.fr\/wp-content\/uploads\/2023\/09\/Activite-au-camping-Les-Genets-1024x582.jpg 1024w, https:\/\/www.camping-les-genets.fr\/wp-content\/uploads\/2023\/09\/Activite-au-camping-Les-Genets-768x436.jpg 768w\" sizes=\"(max-width: 1155px) 100vw, 1155px\" \/><\/figure>\n<\/div>\n\n\n\n<div class=\"wp-block-column is-vertically-aligned-center second has-color-white-background-color has-background is-layout-flow wp-block-column-is-layout-flow\" style=\"flex-basis:33.33%\">\n<h2 class=\"ls__heading wp-block-heading\">Kanufahren auf den <strong>Seen von L\u00e9v\u00e9zou und Pareloup<\/strong><\/h2>\n\n\n\n<p class=\"ls-paragraph\">Die Seen des L\u00e9v\u00e9zou sind ruhige Fl\u00e4chen, die sich ideal f\u00fcr<strong>Anf\u00e4nger im Kanusport<\/strong> oder f\u00fcr <strong>Familienausfl\u00fcge<\/strong> eignen.<\/p>\n\n\n\n<p class=\"ls-paragraph\"><a href=\"https:\/\/www.camping-les-genets.fr\/de\/pareloup-see\/\">Der See von Pareloup<\/a> ist besonders sch\u00f6n zu erkunden: Seine vielen Windungen, Inseln und zerkl\u00fcfteten Ufer bieten ein gro\u00dfes und abwechslungsreiches Segelrevier. Hier kann man recht lange Exkursionen unternehmen oder einfach nur in die Disziplin hineinschnuppern. Auf dem See wird auch die ungew\u00f6hnliche Freizeitbesch\u00e4ftigung des <strong>Kanu-Segelns<\/strong> ausge\u00fcbt.<\/p>\n<\/div>\n<\/div>\n\n\r\n    <\/div>\r\n<\/section>\n\n<section id=\"ls-section-block_01a3e26168fc8038f2ed90229426d7d2\" class=\"ls-section  page-two background-blu-right has-p-t p-t-14\" >\r\n        <div class=\"container container--wide\">\r\n        \n\n<div class=\"wp-block-columns is-layout-flex wp-container-core-columns-is-layout-9d6595d7 wp-block-columns-is-layout-flex\">\n<div class=\"wp-block-column is-vertically-aligned-top first is-layout-flow wp-block-column-is-layout-flow\" style=\"flex-basis:33.33%\">\n<h2 class=\"ls__heading wp-block-heading\">Kanufahren in den <strong>Schluchten des Aveyron<\/strong><\/h2>\n\n\n\n<p class=\"ls-paragraph\">Von Saint-Antonin aus werden mehrere <strong>Strecken<\/strong> angeboten, die <strong>f\u00fcr<\/strong> <strong>jedes <\/strong>Alter (Erwachsene, Kinder) und <strong>jedes<\/strong> <strong>Niveau<\/strong> (eingeweihte Sportler oder Gelegenheitssportler) <strong>geeignet<\/strong> sind, um mit der Familie oder mit Freunden den Freuden <a href=\"https:\/\/www.tourisme-aveyron.com\/fr\/voir-faire\/sport-nature\/eaux-vive-et-canoe-en-aveyron\" target=\"_blank\" rel=\"noreferrer noopener\">des Kanufahrens in den Schluchten des Aveyron<\/a> zu fr\u00f6nen.<\/p>\n\n\n\n<p class=\"ls-paragraph addReadMore showlesscontent\">Wenn Sie sich f\u00fcr die 10 km lange Strecke entscheiden, werden Sie w\u00e4hrend Ihrer Fahrt die Br\u00fccke von B\u00f4ne, die Kapuzinerklippe, den Felsen von Manjocarn, den Saut du Loup und die M\u00fchle von Cazals entdecken.<br><br>Lust auf mehr Paddeln? W\u00e4hlen Sie die 17 km lange Abfahrt und fahren Sie weiter bis nach Penne-sur Tarn. Sie k\u00f6nnen auch eine 7 km lange <strong>Aveyron-Kanutour <\/strong>von Cazals aus unternehmen (Ausschiffung in Penne-sur-Tarn).<\/p>\n<\/div>\n\n\n\n<div class=\"wp-block-column second is-layout-flow wp-block-column-is-layout-flow\" style=\"flex-basis:66.66%\">\n<figure class=\"wp-block-image size-full image\"><img decoding=\"async\" width=\"2560\" height=\"1706\" src=\"https:\/\/www.camping-les-genets.fr\/wp-content\/uploads\/2023\/09\/Canoe-dans-les-gorges-de-lAveyron-scaled.webp\" alt=\"Kanufahren in den Schluchten des Aveyron\" class=\"wp-image-1701\" srcset=\"https:\/\/www.camping-les-genets.fr\/wp-content\/uploads\/2023\/09\/Canoe-dans-les-gorges-de-lAveyron-scaled.webp 2560w, https:\/\/www.camping-les-genets.fr\/wp-content\/uploads\/2023\/09\/Canoe-dans-les-gorges-de-lAveyron-300x200.webp 300w, https:\/\/www.camping-les-genets.fr\/wp-content\/uploads\/2023\/09\/Canoe-dans-les-gorges-de-lAveyron-1024x683.webp 1024w, https:\/\/www.camping-les-genets.fr\/wp-content\/uploads\/2023\/09\/Canoe-dans-les-gorges-de-lAveyron-768x512.webp 768w, https:\/\/www.camping-les-genets.fr\/wp-content\/uploads\/2023\/09\/Canoe-dans-les-gorges-de-lAveyron-1536x1024.webp 1536w, https:\/\/www.camping-les-genets.fr\/wp-content\/uploads\/2023\/09\/Canoe-dans-les-gorges-de-lAveyron-2048x1365.webp 2048w\" sizes=\"(max-width: 2560px) 100vw, 2560px\" \/><\/figure>\n<\/div>\n<\/div>\n\n\r\n    <\/div>\r\n<\/section>\n\n<section id=\"ls-section-block_8d8cf4943bf5e4d6e6c3f7601286d3ed\" class=\"ls-section  home-piscine has-background-image has-p-t p-t-20 has-p-b p-b-20\" >\r\n    <div class=\"ls-section__background-image opacity-100\"><img decoding=\"async\" src=\"https:\/\/www.camping-les-genets.fr\/wp-content\/uploads\/2023\/09\/Canoe-dans-les-gorges-du-Tarn.webp\" alt=\"Kanufahren in den Schluchten des Tarn\"><\/div>    <div class=\"container container--full\">\r\n        \n\n<div class=\"wp-block-columns is-layout-flex wp-container-core-columns-is-layout-9d6595d7 wp-block-columns-is-layout-flex\">\n<div class=\"wp-block-column is-vertically-aligned-center first is-layout-flow wp-block-column-is-layout-flow\" style=\"flex-basis:60%\"><\/div>\n\n\n\n<div class=\"wp-block-column second has-color-white-background-color has-background is-layout-flow wp-block-column-is-layout-flow\" style=\"flex-basis:40%\">\n<h2 class=\"ls__heading wp-block-heading\">Kanufahren in den <strong>Schluchten des Tarn<\/strong><\/h2>\n\n\n\n<p class=\"ls-paragraph\">Die Schluchten des Tarn sind ein <strong>wahres Paradies f\u00fcr Wildwassersportarten<\/strong> wie das <strong>Kanufahren Aveyron<\/strong>, eine Outdoor-Aktivit\u00e4t, bei der die ganze Familie w\u00e4hrend eines Aufenthalts im Aveyron Sport und die Entdeckung grandioser Landschaften miteinander verbinden kann.<\/p>\n\n\n\n<p class=\"ls-paragraph\">Mehrere Unternehmen bieten Kanu- und Kajakfahrten f\u00fcr <strong>Anf\u00e4nger und Fortgeschrittene<\/strong> von 8, 11, 13, 17 und bis zu 32 km (ein halber Tag bis zwei Tage) an. Je nach gew\u00e4hlter Strecke kann der Start von der Br\u00fccke von La Mal\u00e8ne, Saint-Ch\u00e9ly-du-Tarn, Sainte-Enimie oder in der N\u00e4he von Montbrun erfolgen.<br><br>Sie fahren mit dem Boot durch das Wasser und bewundern die Klippen und geologischen Formationen, die von der Erosion geformt wurden. Am Ende Ihrer Reise werden Sie durch den Canyon des D\u00e9troits und den Cirque de Baumes gef\u00fchrt, die Sie in Staunen versetzen werden.<\/p>\n<\/div>\n<\/div>\n\n\r\n    <\/div>\r\n<\/section>\n\n<section id=\"ls-section-block_4c7a4ff7da95d1d0af51392ff11c213f\" class=\"ls-section  page-maillage has-p-t p-t-14 has-p-b p-b-14\" >\r\n        <div class=\"container container--wide\">\r\n        \n\n<div id=\"ls-heading ls-titre-div-block_e1685b37461263120e07a6245c54947e\" class=\"ls-titre-div aligncenter h2-like has-m-b m-b-8\" >\n    Entdecken Sie die Aubrac-K\u00fche, das Dorf Peyre und das Angeln im Aveyron!<\/div>\n\n\n<div id=\"ls-maillage-block_53560eec3a0d4e7ac0c485576b00299a\" class=\"ls-maillage slow animated fadeInUp delay-100ms cta-style-normal\" data-rows=\"3\">\r\n    <div class=\"wp-block-columns\"><div class=\"wp-block-column\">\n\n<a href=\"https:\/\/www.camping-les-genets.fr\/de\/fischen-in-aveyron\/\" target=\"\" rel=\"noopener\" class=\"ls-cta__link\">\n\n\t<div class=\"ls-cta__image\"><img decoding=\"async\" src=\"https:\/\/www.camping-les-genets.fr\/wp-content\/uploads\/2023\/09\/Activite-peche-au-camping-Les-Genets-768x535.webp\" alt=\"Angeln auf dem Campingplatz Les Genets\"><\/div>\n\t<div class=\"ls-cta__title\">\n\t\tAngeln in Aveyron\t<\/div>\n\n\t\t\n<\/a><\/div><div class=\"wp-block-column\">\n\n<a href=\"https:\/\/www.camping-les-genets.fr\/de\/peyre\/\" target=\"\" rel=\"noopener\" class=\"ls-cta__link\">\n\n\t<div class=\"ls-cta__image\"><img decoding=\"async\" src=\"https:\/\/www.camping-les-genets.fr\/wp-content\/uploads\/2023\/09\/Vacances-a-Peyre-768x510.webp\" alt=\"Urlaub in Peyre\"><\/div>\n\t<div class=\"ls-cta__title\">\n\t\tPeyre\t<\/div>\n\n\t\t\n<\/a><\/div><div class=\"wp-block-column\">\n\n<a href=\"https:\/\/www.camping-les-genets.fr\/de\/tourisme-aubrac\/\" target=\"\" rel=\"noopener\" class=\"ls-cta__link\">\n\n\t<div class=\"ls-cta__image\"><img decoding=\"async\" src=\"https:\/\/www.camping-les-genets.fr\/wp-content\/uploads\/2023\/09\/Vaches-a-Aubrac-768x1036.webp\" alt=\"K\u00fche in Aubrac\"><\/div>\n\t<div class=\"ls-cta__title\">\n\t\tAubrac-K\u00fche\t<\/div>\n\n\t\t\n<\/a><\/div><\/div><\/div>\n\r\n    <\/div>\r\n<\/section>","protected":false},"excerpt":{"rendered":"","protected":false},"author":1,"featured_media":1708,"parent":0,"menu_order":0,"comment_status":"closed","ping_status":"closed","template":"","meta":{"_acf_changed":false,"inline_featured_image":false,"footnotes":""},"sujet":[],"class_list":["post-4989","page","type-page","status-publish","has-post-thumbnail","hentry"],"acf":[],"yoast_head":"<!-- This site is optimized with the Yoast SEO plugin v27.3 - https:\/\/yoast.com\/product\/yoast-seo-wordpress\/ -->\n<title>Cano\u00eb Aveyron: Kanutouren in den Schluchten von Aveyron und Tarn<\/title>\n<meta name=\"description\" content=\"Lust auf Kanufahren im Aveyron? Entdecken Sie die besten Spots zum Kanufahren in den Schluchten des Aveyron und der Tarnschlucht!\" \/>\n<meta name=\"robots\" content=\"index, follow, max-snippet:-1, max-image-preview:large, max-video-preview:-1\" \/>\n<link rel=\"canonical\" href=\"https:\/\/www.camping-les-genets.fr\/de\/canoe-aveyron\/\" \/>\n<meta property=\"og:locale\" content=\"de_DE\" \/>\n<meta property=\"og:type\" content=\"article\" \/>\n<meta property=\"og:title\" content=\"Cano\u00eb Aveyron: Kanutouren in den Schluchten von Aveyron und Tarn\" \/>\n<meta property=\"og:description\" content=\"Lust auf Kanufahren im Aveyron? Entdecken Sie die besten Spots zum Kanufahren in den Schluchten des Aveyron und der Tarnschlucht!\" \/>\n<meta property=\"og:url\" content=\"https:\/\/www.camping-les-genets.fr\/de\/canoe-aveyron\/\" \/>\n<meta property=\"og:site_name\" content=\"Camping les Genets\" \/>\n<meta property=\"article:modified_time\" content=\"2023-11-30T08:46:39+00:00\" \/>\n<meta property=\"og:image\" content=\"https:\/\/www.camping-les-genets.fr\/wp-content\/uploads\/2023\/09\/Canoe-sur-les-lacs-du-Levezou-et-de-Pareloup-scaled.webp\" \/>\n\t<meta property=\"og:image:width\" content=\"2560\" \/>\n\t<meta property=\"og:image:height\" content=\"1638\" \/>\n\t<meta property=\"og:image:type\" content=\"image\/webp\" \/>\n<meta name=\"twitter:card\" content=\"summary_large_image\" \/>\n<meta name=\"twitter:label1\" content=\"Gesch\u00e4tzte Lesezeit\" \/>\n\t<meta name=\"twitter:data1\" content=\"3\u00a0Minuten\" \/>\n<script type=\"application\/ld+json\" class=\"yoast-schema-graph\">{\"@context\":\"https:\\\/\\\/schema.org\",\"@graph\":[{\"@type\":\"WebPage\",\"@id\":\"https:\\\/\\\/www.camping-les-genets.fr\\\/de\\\/canoe-aveyron\\\/\",\"url\":\"https:\\\/\\\/www.camping-les-genets.fr\\\/de\\\/canoe-aveyron\\\/\",\"name\":\"Cano\u00eb Aveyron: Kanutouren in den Schluchten von Aveyron und Tarn\",\"isPartOf\":{\"@id\":\"https:\\\/\\\/www.camping-les-genets.fr\\\/de\\\/#website\"},\"primaryImageOfPage\":{\"@id\":\"https:\\\/\\\/www.camping-les-genets.fr\\\/de\\\/canoe-aveyron\\\/#primaryimage\"},\"image\":{\"@id\":\"https:\\\/\\\/www.camping-les-genets.fr\\\/de\\\/canoe-aveyron\\\/#primaryimage\"},\"thumbnailUrl\":\"https:\\\/\\\/www.camping-les-genets.fr\\\/wp-content\\\/uploads\\\/2023\\\/09\\\/Canoe-sur-les-lacs-du-Levezou-et-de-Pareloup-scaled.webp\",\"datePublished\":\"2023-09-11T11:30:21+00:00\",\"dateModified\":\"2023-11-30T08:46:39+00:00\",\"description\":\"Lust auf Kanufahren im Aveyron? Entdecken Sie die besten Spots zum Kanufahren in den Schluchten des Aveyron und der Tarnschlucht!\",\"breadcrumb\":{\"@id\":\"https:\\\/\\\/www.camping-les-genets.fr\\\/de\\\/canoe-aveyron\\\/#breadcrumb\"},\"inLanguage\":\"de\",\"potentialAction\":[{\"@type\":\"ReadAction\",\"target\":[\"https:\\\/\\\/www.camping-les-genets.fr\\\/de\\\/canoe-aveyron\\\/\"]}]},{\"@type\":\"ImageObject\",\"inLanguage\":\"de\",\"@id\":\"https:\\\/\\\/www.camping-les-genets.fr\\\/de\\\/canoe-aveyron\\\/#primaryimage\",\"url\":\"https:\\\/\\\/www.camping-les-genets.fr\\\/wp-content\\\/uploads\\\/2023\\\/09\\\/Canoe-sur-les-lacs-du-Levezou-et-de-Pareloup-scaled.webp\",\"contentUrl\":\"https:\\\/\\\/www.camping-les-genets.fr\\\/wp-content\\\/uploads\\\/2023\\\/09\\\/Canoe-sur-les-lacs-du-Levezou-et-de-Pareloup-scaled.webp\",\"width\":2560,\"height\":1638,\"caption\":\"Kanufahren auf den Seen von L\u00e9v\u00e9zou und Pareloup\"},{\"@type\":\"BreadcrumbList\",\"@id\":\"https:\\\/\\\/www.camping-les-genets.fr\\\/de\\\/canoe-aveyron\\\/#breadcrumb\",\"itemListElement\":[{\"@type\":\"ListItem\",\"position\":1,\"name\":\"Camping Aveyron\",\"item\":\"https:\\\/\\\/www.camping-les-genets.fr\\\/de\\\/\"},{\"@type\":\"ListItem\",\"position\":2,\"name\":\"Kanu in Aveyron\"}]},{\"@type\":\"WebSite\",\"@id\":\"https:\\\/\\\/www.camping-les-genets.fr\\\/de\\\/#website\",\"url\":\"https:\\\/\\\/www.camping-les-genets.fr\\\/de\\\/\",\"name\":\"Camping les Genets\",\"description\":\"\",\"publisher\":{\"@id\":\"https:\\\/\\\/www.camping-les-genets.fr\\\/de\\\/#organization\"},\"potentialAction\":[{\"@type\":\"SearchAction\",\"target\":{\"@type\":\"EntryPoint\",\"urlTemplate\":\"https:\\\/\\\/www.camping-les-genets.fr\\\/de\\\/?s={search_term_string}\"},\"query-input\":{\"@type\":\"PropertyValueSpecification\",\"valueRequired\":true,\"valueName\":\"search_term_string\"}}],\"inLanguage\":\"de\"},{\"@type\":\"Organization\",\"@id\":\"https:\\\/\\\/www.camping-les-genets.fr\\\/de\\\/#organization\",\"name\":\"Camping les Genets\",\"url\":\"https:\\\/\\\/www.camping-les-genets.fr\\\/de\\\/\",\"logo\":{\"@type\":\"ImageObject\",\"inLanguage\":\"de\",\"@id\":\"https:\\\/\\\/www.camping-les-genets.fr\\\/de\\\/#\\\/schema\\\/logo\\\/image\\\/\",\"url\":\"https:\\\/\\\/www.camping-les-genets.fr\\\/wp-content\\\/uploads\\\/2023\\\/07\\\/cropped-logo-camping-genets-footer.png\",\"contentUrl\":\"https:\\\/\\\/www.camping-les-genets.fr\\\/wp-content\\\/uploads\\\/2023\\\/07\\\/cropped-logo-camping-genets-footer.png\",\"width\":500,\"height\":295,\"caption\":\"Camping les Genets\"},\"image\":{\"@id\":\"https:\\\/\\\/www.camping-les-genets.fr\\\/de\\\/#\\\/schema\\\/logo\\\/image\\\/\"}}]}<\/script>\n<!-- \/ Yoast SEO plugin. -->","yoast_head_json":{"title":"Cano\u00eb Aveyron: Kanutouren in den Schluchten von Aveyron und Tarn","description":"Lust auf Kanufahren im Aveyron? Entdecken Sie die besten Spots zum Kanufahren in den Schluchten des Aveyron und der Tarnschlucht!","robots":{"index":"index","follow":"follow","max-snippet":"max-snippet:-1","max-image-preview":"max-image-preview:large","max-video-preview":"max-video-preview:-1"},"canonical":"https:\/\/www.camping-les-genets.fr\/de\/canoe-aveyron\/","og_locale":"de_DE","og_type":"article","og_title":"Cano\u00eb Aveyron: Kanutouren in den Schluchten von Aveyron und Tarn","og_description":"Lust auf Kanufahren im Aveyron? Entdecken Sie die besten Spots zum Kanufahren in den Schluchten des Aveyron und der Tarnschlucht!","og_url":"https:\/\/www.camping-les-genets.fr\/de\/canoe-aveyron\/","og_site_name":"Camping les Genets","article_modified_time":"2023-11-30T08:46:39+00:00","og_image":[{"width":2560,"height":1638,"url":"https:\/\/www.camping-les-genets.fr\/wp-content\/uploads\/2023\/09\/Canoe-sur-les-lacs-du-Levezou-et-de-Pareloup-scaled.webp","type":"image\/webp"}],"twitter_card":"summary_large_image","twitter_misc":{"Gesch\u00e4tzte Lesezeit":"3\u00a0Minuten"},"schema":{"@context":"https:\/\/schema.org","@graph":[{"@type":"WebPage","@id":"https:\/\/www.camping-les-genets.fr\/de\/canoe-aveyron\/","url":"https:\/\/www.camping-les-genets.fr\/de\/canoe-aveyron\/","name":"Cano\u00eb Aveyron: Kanutouren in den Schluchten von Aveyron und Tarn","isPartOf":{"@id":"https:\/\/www.camping-les-genets.fr\/de\/#website"},"primaryImageOfPage":{"@id":"https:\/\/www.camping-les-genets.fr\/de\/canoe-aveyron\/#primaryimage"},"image":{"@id":"https:\/\/www.camping-les-genets.fr\/de\/canoe-aveyron\/#primaryimage"},"thumbnailUrl":"https:\/\/www.camping-les-genets.fr\/wp-content\/uploads\/2023\/09\/Canoe-sur-les-lacs-du-Levezou-et-de-Pareloup-scaled.webp","datePublished":"2023-09-11T11:30:21+00:00","dateModified":"2023-11-30T08:46:39+00:00","description":"Lust auf Kanufahren im Aveyron? Entdecken Sie die besten Spots zum Kanufahren in den Schluchten des Aveyron und der Tarnschlucht!","breadcrumb":{"@id":"https:\/\/www.camping-les-genets.fr\/de\/canoe-aveyron\/#breadcrumb"},"inLanguage":"de","potentialAction":[{"@type":"ReadAction","target":["https:\/\/www.camping-les-genets.fr\/de\/canoe-aveyron\/"]}]},{"@type":"ImageObject","inLanguage":"de","@id":"https:\/\/www.camping-les-genets.fr\/de\/canoe-aveyron\/#primaryimage","url":"https:\/\/www.camping-les-genets.fr\/wp-content\/uploads\/2023\/09\/Canoe-sur-les-lacs-du-Levezou-et-de-Pareloup-scaled.webp","contentUrl":"https:\/\/www.camping-les-genets.fr\/wp-content\/uploads\/2023\/09\/Canoe-sur-les-lacs-du-Levezou-et-de-Pareloup-scaled.webp","width":2560,"height":1638,"caption":"Kanufahren auf den Seen von L\u00e9v\u00e9zou und Pareloup"},{"@type":"BreadcrumbList","@id":"https:\/\/www.camping-les-genets.fr\/de\/canoe-aveyron\/#breadcrumb","itemListElement":[{"@type":"ListItem","position":1,"name":"Camping Aveyron","item":"https:\/\/www.camping-les-genets.fr\/de\/"},{"@type":"ListItem","position":2,"name":"Kanu in Aveyron"}]},{"@type":"WebSite","@id":"https:\/\/www.camping-les-genets.fr\/de\/#website","url":"https:\/\/www.camping-les-genets.fr\/de\/","name":"Camping les Genets","description":"","publisher":{"@id":"https:\/\/www.camping-les-genets.fr\/de\/#organization"},"potentialAction":[{"@type":"SearchAction","target":{"@type":"EntryPoint","urlTemplate":"https:\/\/www.camping-les-genets.fr\/de\/?s={search_term_string}"},"query-input":{"@type":"PropertyValueSpecification","valueRequired":true,"valueName":"search_term_string"}}],"inLanguage":"de"},{"@type":"Organization","@id":"https:\/\/www.camping-les-genets.fr\/de\/#organization","name":"Camping les Genets","url":"https:\/\/www.camping-les-genets.fr\/de\/","logo":{"@type":"ImageObject","inLanguage":"de","@id":"https:\/\/www.camping-les-genets.fr\/de\/#\/schema\/logo\/image\/","url":"https:\/\/www.camping-les-genets.fr\/wp-content\/uploads\/2023\/07\/cropped-logo-camping-genets-footer.png","contentUrl":"https:\/\/www.camping-les-genets.fr\/wp-content\/uploads\/2023\/07\/cropped-logo-camping-genets-footer.png","width":500,"height":295,"caption":"Camping les Genets"},"image":{"@id":"https:\/\/www.camping-les-genets.fr\/de\/#\/schema\/logo\/image\/"}}]}},"_links":{"self":[{"href":"https:\/\/www.camping-les-genets.fr\/de\/wp-json\/wp\/v2\/pages\/4989","targetHints":{"allow":["GET"]}}],"collection":[{"href":"https:\/\/www.camping-les-genets.fr\/de\/wp-json\/wp\/v2\/pages"}],"about":[{"href":"https:\/\/www.camping-les-genets.fr\/de\/wp-json\/wp\/v2\/types\/page"}],"author":[{"embeddable":true,"href":"https:\/\/www.camping-les-genets.fr\/de\/wp-json\/wp\/v2\/users\/1"}],"replies":[{"embeddable":true,"href":"https:\/\/www.camping-les-genets.fr\/de\/wp-json\/wp\/v2\/comments?post=4989"}],"version-history":[{"count":5,"href":"https:\/\/www.camping-les-genets.fr\/de\/wp-json\/wp\/v2\/pages\/4989\/revisions"}],"predecessor-version":[{"id":5531,"href":"https:\/\/www.camping-les-genets.fr\/de\/wp-json\/wp\/v2\/pages\/4989\/revisions\/5531"}],"wp:featuredmedia":[{"embeddable":true,"href":"https:\/\/www.camping-les-genets.fr\/de\/wp-json\/wp\/v2\/media\/1708"}],"wp:attachment":[{"href":"https:\/\/www.camping-les-genets.fr\/de\/wp-json\/wp\/v2\/media?parent=4989"}],"wp:term":[{"taxonomy":"sujet","embeddable":true,"href":"https:\/\/www.camping-les-genets.fr\/de\/wp-json\/wp\/v2\/sujet?post=4989"}],"curies":[{"name":"wp","href":"https:\/\/api.w.org\/{rel}","templated":true}]}}