{"id":4928,"date":"2023-09-11T16:46:02","date_gmt":"2023-09-11T14:46:02","guid":{"rendered":"https:\/\/www.camping-les-genets.fr\/brousse-le-chateau\/"},"modified":"2024-01-10T10:13:10","modified_gmt":"2024-01-10T09:13:10","slug":"brousse-le-chateau","status":"publish","type":"page","link":"https:\/\/www.camping-les-genets.fr\/de\/brousse-le-chateau\/","title":{"rendered":"Brousse le Ch\u00e2teau"},"content":{"rendered":"<section id=\"ls-section-block_3b8319f1ef99b3a28ada2028c05579cf\" class=\"ls-section  page-chapeau has-p-b p-b-0\" >\r\n        <div class=\"container \">\r\n        \n\n<h1 class=\"ls__heading wp-block-heading has-text-align-center animated fadeInLeft delay-100ms slow\"><strong>Brousse le Ch\u00e2teau<\/strong><\/h1>\n\n\r\n    <\/div>\r\n<\/section><section id=\"ls-section-block_794857af516531851a01a8cb034a326d\" class=\"ls-section  page-one has-p-b p-b-14\" >\r\n        <div class=\"container container--full\">\r\n        \n\n<div class=\"wp-block-columns is-layout-flex wp-container-core-columns-is-layout-9d6595d7 wp-block-columns-is-layout-flex\">\n<div class=\"wp-block-column first is-layout-flow wp-block-column-is-layout-flow\" style=\"flex-basis:66.66%\">\n<figure class=\"wp-block-image size-full\"><img decoding=\"async\" width=\"2560\" height=\"1696\" src=\"https:\/\/www.camping-les-genets.fr\/wp-content\/uploads\/2023\/09\/Village-a-visiter-Brousse-le-Chateau-dans-Aveyron-scaled.webp\" alt=\"Dorf zu besuchen, Brousse le Chateau in Aveyron\" class=\"wp-image-1835\" srcset=\"https:\/\/www.camping-les-genets.fr\/wp-content\/uploads\/2023\/09\/Village-a-visiter-Brousse-le-Chateau-dans-Aveyron-scaled.webp 2560w, https:\/\/www.camping-les-genets.fr\/wp-content\/uploads\/2023\/09\/Village-a-visiter-Brousse-le-Chateau-dans-Aveyron-300x199.webp 300w, https:\/\/www.camping-les-genets.fr\/wp-content\/uploads\/2023\/09\/Village-a-visiter-Brousse-le-Chateau-dans-Aveyron-1024x678.webp 1024w, https:\/\/www.camping-les-genets.fr\/wp-content\/uploads\/2023\/09\/Village-a-visiter-Brousse-le-Chateau-dans-Aveyron-768x509.webp 768w, https:\/\/www.camping-les-genets.fr\/wp-content\/uploads\/2023\/09\/Village-a-visiter-Brousse-le-Chateau-dans-Aveyron-1536x1017.webp 1536w, https:\/\/www.camping-les-genets.fr\/wp-content\/uploads\/2023\/09\/Village-a-visiter-Brousse-le-Chateau-dans-Aveyron-2048x1356.webp 2048w\" sizes=\"(max-width: 2560px) 100vw, 2560px\" \/><\/figure>\n<\/div>\n\n\n\n<div class=\"wp-block-column is-vertically-aligned-center second has-color-white-background-color has-background is-layout-flow wp-block-column-is-layout-flow\" style=\"flex-basis:33.33%\">\n<h2 class=\"ls__heading wp-block-heading\"><strong>Urlaub<\/strong> in Brousse Le Ch\u00e2teau<\/h2>\n\n\n\n<p class=\"ls-paragraph\">36 Kilometer s\u00fcdwestlich des <a href=\"https:\/\/www.camping-les-genets.fr\/de\/\" target=\"_blank\" rel=\"noreferrer noopener\">Campingplatzes Aveyron<\/a> Les Gen\u00eats liegt <a href=\"https:\/\/www.brousselechateau.net\/\" target=\"_blank\" rel=\"noreferrer noopener\">Brousse-le-Ch\u00e2teau<\/a> mit seiner malerischen Landschaft, die von der Silhouette seiner Burg aus dem 9. Es wurde von der Vereinigung <strong>&#8222;Plus beaux villages de France&#8220; (Sch\u00f6nste D\u00f6rfer Frankreichs<\/strong>) klassifiziert und ist einen kleinen Ausflug wert!<\/p>\n\n\n\n<p class=\"ls-paragraph\">Die<strong> mittelalterliche Festung \u00fcberragt das Dorf<\/strong> auf ihrem Felsvorsprung. Das gut erhaltene Geb\u00e4ude besitzt noch einen Gro\u00dfteil seines Wehrgangs, Wehrt\u00fcrme, das Herrenhaus, das Offiziershaus und seine befestigte Ringmauer.<br\/><br\/>Bei Ihrem Besuch k\u00f6nnen Sie wechselnde Kunstausstellungen, aber auch eine st\u00e4ndige Museografie \u00fcber die Geschichte der Burg, die Wissenschaft der Strategie und mittelalterliche Waffen entdecken. Mittelalterliche Inszenierungen und Spiele sind bei den Kindern besonders beliebt.<\/p>\n<\/div>\n<\/div>\n\n\r\n    <\/div>\r\n<\/section><section id=\"ls-section-block_c21ef3ae89dae789839b90c663fd6481\" class=\"ls-section \" >\r\n        <div class=\"container container--wide\">\r\n        \n\n<div class=\"wp-block-columns is-layout-flex wp-container-core-columns-is-layout-9d6595d7 wp-block-columns-is-layout-flex\">\n<div class=\"wp-block-column first is-layout-flow wp-block-column-is-layout-flow\">\n<h2 class=\"ls__heading wp-block-heading\"><strong>Route Campingplatz<\/strong> Brousse le Ch\u00e2teau<\/h2>\n\n\n\n<p class=\"ls-paragraph\">Die <strong>Gemeinde Brousse-le-Ch\u00e2teau<\/strong> liegt etwa 45 Autominuten vom Campingplatz Les Gen\u00eats entfernt (38 km). Um dorthin zu gelangen, begeben Sie sich nach Salles-Curan und fahren Sie nach S\u00fcden auf der D44 in Richtung Villefranche-de-Panat. Sie k\u00f6nnen hier Halt machen, um <strong>die Kirche von La Besse-Vors zu besichtigen<\/strong> und <strong>um den See herum zu wandern<\/strong>, der ein Wasserkraftwerk antreibt.<\/p>\n\n\n\n<p class=\"ls-paragraph addReadMore showlesscontent\">Wenn Sie das <strong>lokale Kulturerbe<\/strong> m\u00f6gen, machen Sie einen kleinen Umweg nach Durenque, wo sich <strong>das Fran\u00e7ois Fabi\u00e9-Museum<\/strong> befindet, ein Museum, das dem Dichter der Region gewidmet ist und in seinem Geburtshaus (M\u00fchle von Roupeyrac) eingerichtet wurde.<br\/><br\/>Kehren Sie dann zur\u00fcck und fahren Sie auf der D44 weiter bis nach Lestrade-et-Thouels und dann nach Brousse-le-Ch\u00e2teau.<\/p>\n<\/div>\n\n\n\n<div class=\"wp-block-column is-vertically-aligned-center second is-layout-flow wp-block-column-is-layout-flow\" style=\"flex-basis:800px\">\n<iframe src=\"https:\/\/www.google.com\/maps\/embed?pb=!1m28!1m12!1m3!1d91703.88074223608!2d2.6215926888994416!3d44.08859124134581!2m3!1f0!2f0!3f0!3m2!1i1024!2i768!4f13.1!4m13!3e0!4m5!1s0x12b2683ba8eaa029%3A0x9e3dc1bbe65d1b4b!2sCamping%20les%20Gen%C3%AAts%20%7C%20Camping%20Aveyron%2C%20Lac%20de%20Pareloup%2C%20Salles-Curan!3m2!1d44.1894481!2d2.7667329!4m5!1s0x12b21204a70a8b59%3A0xd7a92a2a47240a13!2sBrousse%20le%20Ch%C3%A2teau%2C%20Brousse-le-Ch%C3%A2teau!3m2!1d43.9972567!2d2.6245852!5e0!3m2!1sfr!2sfr!4v1694528012652!5m2!1sfr!2sfr\" width=\"800\" height=\"600\" style=\"border:0;\" allowfullscreen=\"\" loading=\"lazy\" referrerpolicy=\"no-referrer-when-downgrade\"><\/iframe>\n<\/div>\n<\/div>\n\n\r\n    <\/div>\r\n<\/section><section id=\"ls-section-block_ce05acf8efde6435fe570f2a8d3d0049\" class=\"ls-section  page-maillage has-p-t p-t-14 has-p-b p-b-14\" >\r\n        <div class=\"container container--wide\">\r\n        \n\n<div id=\"ls-heading ls-titre-div-block_e6528dae66caf3fce8a68dc3d2bb0c5c\" class=\"ls-titre-div aligncenter h2-like has-m-b m-b-8\" >\n    Entdecken Sie das Wandern im Aveyron, La Couvertoirade und das Viadukt von Millau!  <\/div>\n\n\n<div id=\"ls-maillage-block_730bc8bde465e537888658aad2f243c6\" class=\"ls-maillage slow animated fadeInUp delay-100ms cta-style-normal\" data-rows=\"3\">\r\n    <div class=\"wp-block-columns\"><div class=\"wp-block-column\">\n\n<a href=\"https:\/\/www.camping-les-genets.fr\/de\/la-couvertoirade\/\" target=\"\" rel=\"noopener\" class=\"ls-cta__link\">\n\n\t<div class=\"ls-cta__image\"><img decoding=\"async\" src=\"https:\/\/www.camping-les-genets.fr\/wp-content\/uploads\/2024\/02\/Village-francais-768x960.webp\" alt=\"Dorf la couvertoirade\"><\/div>\n\t<div class=\"ls-cta__title\">\n\t\tDas Gedeckoirade\t<\/div>\n\n\t\t\n<\/a><\/div><div class=\"wp-block-column\">\n\n<a href=\"https:\/\/www.camping-les-genets.fr\/de\/wandern-im-aveyron\/\" target=\"\" rel=\"noopener\" class=\"ls-cta__link\">\n\n\t<div class=\"ls-cta__image\"><img decoding=\"async\" src=\"https:\/\/www.camping-les-genets.fr\/wp-content\/uploads\/2023\/09\/Randonnee-pedestre-dans-lAveyron-768x1152.webp\" alt=\"Wandern im Aveyron\"><\/div>\n\t<div class=\"ls-cta__title\">\n\t\tWandern im Aveyron\t<\/div>\n\n\t\t\n<\/a><\/div><div class=\"wp-block-column\">\n\n<a href=\"https:\/\/www.camping-les-genets.fr\/de\/millau-viadukt\/\" target=\"\" rel=\"noopener\" class=\"ls-cta__link\">\n\n\t<div class=\"ls-cta__image\"><img decoding=\"async\" src=\"https:\/\/www.camping-les-genets.fr\/wp-content\/uploads\/2023\/09\/Passage-sur-le-viaduc-de-millau-proche-du-camping-les-genets-768x918.webp\" alt=\"\u00dcberquerung des Viadukts von Millau in der N\u00e4he des Campingplatzes Les Gen\u00eats\"><\/div>\n\t<div class=\"ls-cta__title\">\n\t\tMillau-Viadukt\t<\/div>\n\n\t\t\n<\/a><\/div><\/div><\/div>\n\r\n    <\/div>\r\n<\/section>","protected":false},"excerpt":{"rendered":"","protected":false},"author":1,"featured_media":1842,"parent":0,"menu_order":0,"comment_status":"closed","ping_status":"closed","template":"","meta":{"_acf_changed":false,"inline_featured_image":false,"footnotes":""},"sujet":[],"class_list":["post-4928","page","type-page","status-publish","has-post-thumbnail","hentry"],"acf":[],"yoast_head":"<!-- This site is optimized with the Yoast SEO plugin v27.3 - https:\/\/yoast.com\/product\/yoast-seo-wordpress\/ -->\n<title>Chateau de Brousse: Ferien und Aktivit\u00e4ten in Brousse le Ch\u00e2teau<\/title>\n<meta name=\"description\" content=\"Auf der Suche nach einem Campingplatz in Brousse le Ch\u00e2teau? Der Campingplatz Les Gen\u00eats hei\u00dft Sie im Aveyron willkommen und stellt Ihnen die Aktivit\u00e4ten in Brousse le Ch\u00e2teau vor!\" \/>\n<meta name=\"robots\" content=\"index, follow, max-snippet:-1, max-image-preview:large, max-video-preview:-1\" \/>\n<link rel=\"canonical\" href=\"https:\/\/www.camping-les-genets.fr\/de\/brousse-le-chateau\/\" \/>\n<meta property=\"og:locale\" content=\"de_DE\" \/>\n<meta property=\"og:type\" content=\"article\" \/>\n<meta property=\"og:title\" content=\"Chateau de Brousse: Ferien und Aktivit\u00e4ten in Brousse le Ch\u00e2teau\" \/>\n<meta property=\"og:description\" content=\"Auf der Suche nach einem Campingplatz in Brousse le Ch\u00e2teau? Der Campingplatz Les Gen\u00eats hei\u00dft Sie im Aveyron willkommen und stellt Ihnen die Aktivit\u00e4ten in Brousse le Ch\u00e2teau vor!\" \/>\n<meta property=\"og:url\" content=\"https:\/\/www.camping-les-genets.fr\/de\/brousse-le-chateau\/\" \/>\n<meta property=\"og:site_name\" content=\"Camping les Genets\" \/>\n<meta property=\"article:modified_time\" content=\"2024-01-10T09:13:10+00:00\" \/>\n<meta property=\"og:image\" content=\"https:\/\/www.camping-les-genets.fr\/wp-content\/uploads\/2023\/09\/Vue-des-montagnes-dans-lAveyron-scaled.webp\" \/>\n\t<meta property=\"og:image:width\" content=\"2560\" \/>\n\t<meta property=\"og:image:height\" content=\"1520\" \/>\n\t<meta property=\"og:image:type\" content=\"image\/webp\" \/>\n<meta name=\"twitter:card\" content=\"summary_large_image\" \/>\n<meta name=\"twitter:label1\" content=\"Gesch\u00e4tzte Lesezeit\" \/>\n\t<meta name=\"twitter:data1\" content=\"1\u00a0Minute\" \/>\n<script type=\"application\/ld+json\" class=\"yoast-schema-graph\">{\"@context\":\"https:\\\/\\\/schema.org\",\"@graph\":[{\"@type\":\"WebPage\",\"@id\":\"https:\\\/\\\/www.camping-les-genets.fr\\\/de\\\/brousse-le-chateau\\\/\",\"url\":\"https:\\\/\\\/www.camping-les-genets.fr\\\/de\\\/brousse-le-chateau\\\/\",\"name\":\"Chateau de Brousse: Ferien und Aktivit\u00e4ten in Brousse le Ch\u00e2teau\",\"isPartOf\":{\"@id\":\"https:\\\/\\\/www.camping-les-genets.fr\\\/de\\\/#website\"},\"primaryImageOfPage\":{\"@id\":\"https:\\\/\\\/www.camping-les-genets.fr\\\/de\\\/brousse-le-chateau\\\/#primaryimage\"},\"image\":{\"@id\":\"https:\\\/\\\/www.camping-les-genets.fr\\\/de\\\/brousse-le-chateau\\\/#primaryimage\"},\"thumbnailUrl\":\"https:\\\/\\\/www.camping-les-genets.fr\\\/wp-content\\\/uploads\\\/2023\\\/09\\\/Vue-des-montagnes-dans-lAveyron-scaled.webp\",\"datePublished\":\"2023-09-11T14:46:02+00:00\",\"dateModified\":\"2024-01-10T09:13:10+00:00\",\"description\":\"Auf der Suche nach einem Campingplatz in Brousse le Ch\u00e2teau? Der Campingplatz Les Gen\u00eats hei\u00dft Sie im Aveyron willkommen und stellt Ihnen die Aktivit\u00e4ten in Brousse le Ch\u00e2teau vor!\",\"breadcrumb\":{\"@id\":\"https:\\\/\\\/www.camping-les-genets.fr\\\/de\\\/brousse-le-chateau\\\/#breadcrumb\"},\"inLanguage\":\"de\",\"potentialAction\":[{\"@type\":\"ReadAction\",\"target\":[\"https:\\\/\\\/www.camping-les-genets.fr\\\/de\\\/brousse-le-chateau\\\/\"]}]},{\"@type\":\"ImageObject\",\"inLanguage\":\"de\",\"@id\":\"https:\\\/\\\/www.camping-les-genets.fr\\\/de\\\/brousse-le-chateau\\\/#primaryimage\",\"url\":\"https:\\\/\\\/www.camping-les-genets.fr\\\/wp-content\\\/uploads\\\/2023\\\/09\\\/Vue-des-montagnes-dans-lAveyron-scaled.webp\",\"contentUrl\":\"https:\\\/\\\/www.camping-les-genets.fr\\\/wp-content\\\/uploads\\\/2023\\\/09\\\/Vue-des-montagnes-dans-lAveyron-scaled.webp\",\"width\":2560,\"height\":1520,\"caption\":\"Blick auf die Berge im Aveyron\"},{\"@type\":\"BreadcrumbList\",\"@id\":\"https:\\\/\\\/www.camping-les-genets.fr\\\/de\\\/brousse-le-chateau\\\/#breadcrumb\",\"itemListElement\":[{\"@type\":\"ListItem\",\"position\":1,\"name\":\"Camping Aveyron\",\"item\":\"https:\\\/\\\/www.camping-les-genets.fr\\\/de\\\/\"},{\"@type\":\"ListItem\",\"position\":2,\"name\":\"Brousse le Ch\u00e2teau\"}]},{\"@type\":\"WebSite\",\"@id\":\"https:\\\/\\\/www.camping-les-genets.fr\\\/de\\\/#website\",\"url\":\"https:\\\/\\\/www.camping-les-genets.fr\\\/de\\\/\",\"name\":\"Camping les Genets\",\"description\":\"\",\"publisher\":{\"@id\":\"https:\\\/\\\/www.camping-les-genets.fr\\\/de\\\/#organization\"},\"potentialAction\":[{\"@type\":\"SearchAction\",\"target\":{\"@type\":\"EntryPoint\",\"urlTemplate\":\"https:\\\/\\\/www.camping-les-genets.fr\\\/de\\\/?s={search_term_string}\"},\"query-input\":{\"@type\":\"PropertyValueSpecification\",\"valueRequired\":true,\"valueName\":\"search_term_string\"}}],\"inLanguage\":\"de\"},{\"@type\":\"Organization\",\"@id\":\"https:\\\/\\\/www.camping-les-genets.fr\\\/de\\\/#organization\",\"name\":\"Camping les Genets\",\"url\":\"https:\\\/\\\/www.camping-les-genets.fr\\\/de\\\/\",\"logo\":{\"@type\":\"ImageObject\",\"inLanguage\":\"de\",\"@id\":\"https:\\\/\\\/www.camping-les-genets.fr\\\/de\\\/#\\\/schema\\\/logo\\\/image\\\/\",\"url\":\"https:\\\/\\\/www.camping-les-genets.fr\\\/wp-content\\\/uploads\\\/2023\\\/07\\\/cropped-logo-camping-genets-footer.png\",\"contentUrl\":\"https:\\\/\\\/www.camping-les-genets.fr\\\/wp-content\\\/uploads\\\/2023\\\/07\\\/cropped-logo-camping-genets-footer.png\",\"width\":500,\"height\":295,\"caption\":\"Camping les Genets\"},\"image\":{\"@id\":\"https:\\\/\\\/www.camping-les-genets.fr\\\/de\\\/#\\\/schema\\\/logo\\\/image\\\/\"}}]}<\/script>\n<!-- \/ Yoast SEO plugin. -->","yoast_head_json":{"title":"Chateau de Brousse: Ferien und Aktivit\u00e4ten in Brousse le Ch\u00e2teau","description":"Auf der Suche nach einem Campingplatz in Brousse le Ch\u00e2teau? Der Campingplatz Les Gen\u00eats hei\u00dft Sie im Aveyron willkommen und stellt Ihnen die Aktivit\u00e4ten in Brousse le Ch\u00e2teau vor!","robots":{"index":"index","follow":"follow","max-snippet":"max-snippet:-1","max-image-preview":"max-image-preview:large","max-video-preview":"max-video-preview:-1"},"canonical":"https:\/\/www.camping-les-genets.fr\/de\/brousse-le-chateau\/","og_locale":"de_DE","og_type":"article","og_title":"Chateau de Brousse: Ferien und Aktivit\u00e4ten in Brousse le Ch\u00e2teau","og_description":"Auf der Suche nach einem Campingplatz in Brousse le Ch\u00e2teau? Der Campingplatz Les Gen\u00eats hei\u00dft Sie im Aveyron willkommen und stellt Ihnen die Aktivit\u00e4ten in Brousse le Ch\u00e2teau vor!","og_url":"https:\/\/www.camping-les-genets.fr\/de\/brousse-le-chateau\/","og_site_name":"Camping les Genets","article_modified_time":"2024-01-10T09:13:10+00:00","og_image":[{"width":2560,"height":1520,"url":"https:\/\/www.camping-les-genets.fr\/wp-content\/uploads\/2023\/09\/Vue-des-montagnes-dans-lAveyron-scaled.webp","type":"image\/webp"}],"twitter_card":"summary_large_image","twitter_misc":{"Gesch\u00e4tzte Lesezeit":"1\u00a0Minute"},"schema":{"@context":"https:\/\/schema.org","@graph":[{"@type":"WebPage","@id":"https:\/\/www.camping-les-genets.fr\/de\/brousse-le-chateau\/","url":"https:\/\/www.camping-les-genets.fr\/de\/brousse-le-chateau\/","name":"Chateau de Brousse: Ferien und Aktivit\u00e4ten in Brousse le Ch\u00e2teau","isPartOf":{"@id":"https:\/\/www.camping-les-genets.fr\/de\/#website"},"primaryImageOfPage":{"@id":"https:\/\/www.camping-les-genets.fr\/de\/brousse-le-chateau\/#primaryimage"},"image":{"@id":"https:\/\/www.camping-les-genets.fr\/de\/brousse-le-chateau\/#primaryimage"},"thumbnailUrl":"https:\/\/www.camping-les-genets.fr\/wp-content\/uploads\/2023\/09\/Vue-des-montagnes-dans-lAveyron-scaled.webp","datePublished":"2023-09-11T14:46:02+00:00","dateModified":"2024-01-10T09:13:10+00:00","description":"Auf der Suche nach einem Campingplatz in Brousse le Ch\u00e2teau? Der Campingplatz Les Gen\u00eats hei\u00dft Sie im Aveyron willkommen und stellt Ihnen die Aktivit\u00e4ten in Brousse le Ch\u00e2teau vor!","breadcrumb":{"@id":"https:\/\/www.camping-les-genets.fr\/de\/brousse-le-chateau\/#breadcrumb"},"inLanguage":"de","potentialAction":[{"@type":"ReadAction","target":["https:\/\/www.camping-les-genets.fr\/de\/brousse-le-chateau\/"]}]},{"@type":"ImageObject","inLanguage":"de","@id":"https:\/\/www.camping-les-genets.fr\/de\/brousse-le-chateau\/#primaryimage","url":"https:\/\/www.camping-les-genets.fr\/wp-content\/uploads\/2023\/09\/Vue-des-montagnes-dans-lAveyron-scaled.webp","contentUrl":"https:\/\/www.camping-les-genets.fr\/wp-content\/uploads\/2023\/09\/Vue-des-montagnes-dans-lAveyron-scaled.webp","width":2560,"height":1520,"caption":"Blick auf die Berge im Aveyron"},{"@type":"BreadcrumbList","@id":"https:\/\/www.camping-les-genets.fr\/de\/brousse-le-chateau\/#breadcrumb","itemListElement":[{"@type":"ListItem","position":1,"name":"Camping Aveyron","item":"https:\/\/www.camping-les-genets.fr\/de\/"},{"@type":"ListItem","position":2,"name":"Brousse le Ch\u00e2teau"}]},{"@type":"WebSite","@id":"https:\/\/www.camping-les-genets.fr\/de\/#website","url":"https:\/\/www.camping-les-genets.fr\/de\/","name":"Camping les Genets","description":"","publisher":{"@id":"https:\/\/www.camping-les-genets.fr\/de\/#organization"},"potentialAction":[{"@type":"SearchAction","target":{"@type":"EntryPoint","urlTemplate":"https:\/\/www.camping-les-genets.fr\/de\/?s={search_term_string}"},"query-input":{"@type":"PropertyValueSpecification","valueRequired":true,"valueName":"search_term_string"}}],"inLanguage":"de"},{"@type":"Organization","@id":"https:\/\/www.camping-les-genets.fr\/de\/#organization","name":"Camping les Genets","url":"https:\/\/www.camping-les-genets.fr\/de\/","logo":{"@type":"ImageObject","inLanguage":"de","@id":"https:\/\/www.camping-les-genets.fr\/de\/#\/schema\/logo\/image\/","url":"https:\/\/www.camping-les-genets.fr\/wp-content\/uploads\/2023\/07\/cropped-logo-camping-genets-footer.png","contentUrl":"https:\/\/www.camping-les-genets.fr\/wp-content\/uploads\/2023\/07\/cropped-logo-camping-genets-footer.png","width":500,"height":295,"caption":"Camping les Genets"},"image":{"@id":"https:\/\/www.camping-les-genets.fr\/de\/#\/schema\/logo\/image\/"}}]}},"_links":{"self":[{"href":"https:\/\/www.camping-les-genets.fr\/de\/wp-json\/wp\/v2\/pages\/4928","targetHints":{"allow":["GET"]}}],"collection":[{"href":"https:\/\/www.camping-les-genets.fr\/de\/wp-json\/wp\/v2\/pages"}],"about":[{"href":"https:\/\/www.camping-les-genets.fr\/de\/wp-json\/wp\/v2\/types\/page"}],"author":[{"embeddable":true,"href":"https:\/\/www.camping-les-genets.fr\/de\/wp-json\/wp\/v2\/users\/1"}],"replies":[{"embeddable":true,"href":"https:\/\/www.camping-les-genets.fr\/de\/wp-json\/wp\/v2\/comments?post=4928"}],"version-history":[{"count":3,"href":"https:\/\/www.camping-les-genets.fr\/de\/wp-json\/wp\/v2\/pages\/4928\/revisions"}],"predecessor-version":[{"id":4931,"href":"https:\/\/www.camping-les-genets.fr\/de\/wp-json\/wp\/v2\/pages\/4928\/revisions\/4931"}],"wp:featuredmedia":[{"embeddable":true,"href":"https:\/\/www.camping-les-genets.fr\/de\/wp-json\/wp\/v2\/media\/1842"}],"wp:attachment":[{"href":"https:\/\/www.camping-les-genets.fr\/de\/wp-json\/wp\/v2\/media?parent=4928"}],"wp:term":[{"taxonomy":"sujet","embeddable":true,"href":"https:\/\/www.camping-les-genets.fr\/de\/wp-json\/wp\/v2\/sujet?post=4928"}],"curies":[{"name":"wp","href":"https:\/\/api.w.org\/{rel}","templated":true}]}}